{"id":25032,"date":"2024-01-09T16:12:15","date_gmt":"2024-01-09T16:12:15","guid":{"rendered":"http:\/\/rucashk.com\/?post_type=product&#038;p=25032"},"modified":"2024-01-21T08:31:14","modified_gmt":"2024-01-21T08:31:14","slug":"mi-imi-c20-home-security-camera","status":"publish","type":"product","link":"https:\/\/www.rucashk.com\/pt\/produto\/mi-imi-c20-home-security-camera\/","title":{"rendered":"C\u00e2mera de seguran\u00e7a dom\u00e9stica Mi IMI C20"},"content":{"rendered":"<h2 style=\"text-align: center\"><b>Mi IMI C20 Seguran\u00e7a Dom\u00e9stica <\/b><b>C\u00e2mera<\/b><\/h2>\n<p><img fetchpriority=\"high\" decoding=\"async\" class=\"alignnone size-full wp-image-24703\" src=\"https:\/\/www.rucashk.com\/wp-content\/uploads\/2020\/11\/1.png\" alt=\"\" width=\"1300\" height=\"727\" \/> \u00a0 \u00a0 \u00a0 \u00a0 \u00a0 \u00a0\u00a0 \u00a0\u00a0 \u00a0\u00a0\u00a0 \u00a0<img decoding=\"async\" class=\"alignnone size-full wp-image-24708\" src=\"https:\/\/www.rucashk.com\/wp-content\/uploads\/2020\/11\/6.png\" alt=\"\" width=\"1300\" height=\"712\" \/><\/p>\n<p><img decoding=\"async\" class=\"alignnone size-full wp-image-24712\" src=\"https:\/\/www.rucashk.com\/wp-content\/uploads\/2020\/11\/11.png\" alt=\"\" width=\"1300\" height=\"732\" \/> <img loading=\"lazy\" decoding=\"async\" class=\"alignnone size-full wp-image-24711\" src=\"https:\/\/www.rucashk.com\/wp-content\/uploads\/2020\/11\/9.png\" alt=\"\" width=\"1300\" height=\"722\" \/> <img loading=\"lazy\" decoding=\"async\" class=\"alignnone size-full wp-image-24710\" src=\"https:\/\/www.rucashk.com\/wp-content\/uploads\/2020\/11\/8.png\" alt=\"\" width=\"1300\" height=\"684\" \/> <img loading=\"lazy\" decoding=\"async\" class=\"alignnone size-full wp-image-24709\" src=\"https:\/\/www.rucashk.com\/wp-content\/uploads\/2020\/11\/7.png\" alt=\"\" width=\"1300\" height=\"725\" \/> <img decoding=\"async\" class=\"alignnone size-full wp-image-24708\" src=\"https:\/\/www.rucashk.com\/wp-content\/uploads\/2020\/11\/6.png\" alt=\"\" width=\"1300\" height=\"712\" \/> <img loading=\"lazy\" decoding=\"async\" class=\"alignnone size-full wp-image-24707\" src=\"https:\/\/www.rucashk.com\/wp-content\/uploads\/2020\/11\/5.png\" alt=\"\" width=\"1300\" height=\"717\" \/> <img loading=\"lazy\" decoding=\"async\" class=\"alignnone size-full wp-image-24706\" src=\"https:\/\/www.rucashk.com\/wp-content\/uploads\/2020\/11\/4.png\" alt=\"\" width=\"1300\" height=\"725\" \/> <img loading=\"lazy\" decoding=\"async\" class=\"alignnone size-full wp-image-24705\" src=\"https:\/\/www.rucashk.com\/wp-content\/uploads\/2020\/11\/3.png\" alt=\"\" width=\"1300\" height=\"708\" \/><\/p>\n<p><img loading=\"lazy\" decoding=\"async\" class=\"alignnone size-full wp-image-24714\" src=\"https:\/\/www.rucashk.com\/wp-content\/uploads\/2020\/11\/13.png\" alt=\"\" width=\"1300\" height=\"716\" \/> <img loading=\"lazy\" decoding=\"async\" class=\"alignnone size-full wp-image-24715\" src=\"https:\/\/www.rucashk.com\/wp-content\/uploads\/2020\/11\/14.png\" alt=\"\" width=\"1300\" height=\"725\" \/><\/p>","protected":false},"excerpt":{"rendered":"<p><strong><b>Destaque<\/b><\/strong><\/p>\n<p><strong><b>Vista panor\u00e2mica de 360\u00b0<\/b><\/strong><\/p>\n<p><strong><b>Vis\u00e3o noturna aprimorada<\/b><\/strong><\/p>\n<p><strong><b>Detec\u00e7\u00e3o de som<\/b><\/strong><\/p>\n<p><strong><b>Nuvem e armazenamento local<\/b><\/strong><\/p>\n<p><strong><b>Chamada bidirecional em tempo real<\/b><\/strong><\/p>\n<p><strong><b>Detec\u00e7\u00e3o e rastreamento humano<\/b><\/strong><\/p>\n<p><strong><b>1080p HD<\/b><\/strong><\/p>\n<p><strong><b>N\u00f3s somos<\/b><\/strong><strong><b>\u00a0<\/b><\/strong><strong><b>Distribuidor<\/b><\/strong><strong><b>\u00a0Bem-vindo a entrar em contato conosco!<\/b><\/strong><strong><b>\u00a0<\/b><\/strong><\/p>","protected":false},"featured_media":25148,"template":"","meta":[],"product_brand":[],"product_cat":[1317,1305],"product_tag":[1184,1185],"class_list":{"0":"post-25032","1":"product","2":"type-product","3":"status-publish","4":"has-post-thumbnail","6":"product_cat-imilab-camera","7":"product_cat-xiaomi-eco","8":"product_tag-home-security-camera","9":"product_tag-imilab","11":"first","12":"instock","13":"shipping-taxable","14":"product-type-external"},"aioseo_notices":[],"aioseo_head":"\n\t\t<!-- All in One SEO Pro 4.5.9.2 - aioseo.com -->\n\t\t<meta name=\"description\" content=\"Highlight 360\u00b0Panorama View Enhanced Night Vision Sound Detection Cloud &amp; Local Storage Real-Time Two-Way Call Human Detection &amp; Tracking 1080p HD We are Dealer Welcome to contact with us!\" \/>\n\t\t<meta name=\"robots\" content=\"max-image-preview:large\" \/>\n\t\t<link rel=\"canonical\" href=\"https:\/\/www.rucashk.com\/pt\/produto\/mi-imi-c20-home-security-camera\/\" \/>\n\t\t<meta name=\"generator\" content=\"All in One SEO Pro (AIOSEO) 4.5.9.2\" \/>\n\t\t<meta property=\"og:locale\" content=\"pt_PT\" \/>\n\t\t<meta property=\"og:site_name\" content=\"Rucas - One-stop AIoT Distribution Worldwide\" \/>\n\t\t<meta property=\"og:type\" content=\"article\" \/>\n\t\t<meta property=\"og:title\" content=\"Mi IMI C20 Home Security Camera - Rucas - Wholesale and Distribution\" \/>\n\t\t<meta property=\"og:description\" content=\"Highlight 360\u00b0Panorama View Enhanced Night Vision Sound Detection Cloud &amp; Local Storage Real-Time Two-Way Call Human Detection &amp; Tracking 1080p HD We are Dealer Welcome to contact with us!\" \/>\n\t\t<meta property=\"og:url\" content=\"https:\/\/www.rucashk.com\/pt\/produto\/mi-imi-c20-home-security-camera\/\" \/>\n\t\t<meta property=\"og:image\" content=\"https:\/\/www.rucashk.com\/wp-content\/uploads\/replace\/503b8e645f128a97ccde2b6290747646.jpeg\" \/>\n\t\t<meta property=\"og:image:secure_url\" content=\"https:\/\/www.rucashk.com\/wp-content\/uploads\/replace\/503b8e645f128a97ccde2b6290747646.jpeg\" \/>\n\t\t<meta property=\"og:image:width\" content=\"1456\" \/>\n\t\t<meta property=\"og:image:height\" content=\"816\" \/>\n\t\t<meta property=\"article:published_time\" content=\"2024-01-09T16:12:15+00:00\" \/>\n\t\t<meta property=\"article:modified_time\" content=\"2024-01-21T08:31:14+00:00\" \/>\n\t\t<meta name=\"twitter:card\" content=\"summary_large_image\" \/>\n\t\t<meta name=\"twitter:title\" content=\"Mi IMI C20 Home Security Camera - Rucas - Wholesale and Distribution\" \/>\n\t\t<meta name=\"twitter:description\" content=\"Highlight 360\u00b0Panorama View Enhanced Night Vision Sound Detection Cloud &amp; Local Storage Real-Time Two-Way Call Human Detection &amp; Tracking 1080p HD We are Dealer Welcome to contact with us!\" \/>\n\t\t<meta name=\"twitter:image\" content=\"https:\/\/www.rucashk.com\/wp-content\/uploads\/replace\/503b8e645f128a97ccde2b6290747646.jpeg\" \/>\n\t\t<script type=\"application\/ld+json\" class=\"aioseo-schema\">\n\t\t\t{\"@context\":\"https:\\\/\\\/schema.org\",\"@graph\":[{\"@type\":\"BreadcrumbList\",\"@id\":\"https:\\\/\\\/www.rucashk.com\\\/pt\\\/produto\\\/mi-imi-c20-home-security-camera\\\/#breadcrumblist\",\"itemListElement\":[{\"@type\":\"ListItem\",\"@id\":\"https:\\\/\\\/www.rucashk.com\\\/pt\\\/#listItem\",\"position\":1,\"name\":\"Home\",\"item\":\"https:\\\/\\\/www.rucashk.com\\\/pt\\\/\",\"nextItem\":\"https:\\\/\\\/www.rucashk.com\\\/pt\\\/produto\\\/mi-imi-c20-home-security-camera\\\/#listItem\"},{\"@type\":\"ListItem\",\"@id\":\"https:\\\/\\\/www.rucashk.com\\\/pt\\\/produto\\\/mi-imi-c20-home-security-camera\\\/#listItem\",\"position\":2,\"name\":\"Mi IMI C20 Home Security Camera\",\"previousItem\":\"https:\\\/\\\/www.rucashk.com\\\/pt\\\/#listItem\"}]},{\"@type\":\"Organization\",\"@id\":\"https:\\\/\\\/www.rucashk.com\\\/pt\\\/#organization\",\"name\":\"Rucas\",\"url\":\"https:\\\/\\\/www.rucashk.com\\\/pt\\\/\",\"logo\":{\"@type\":\"ImageObject\",\"url\":\"https:\\\/\\\/www.rucashk.com\\\/wp-content\\\/uploads\\\/2023\\\/12\\\/Rucas_campany_logo.png\",\"@id\":\"https:\\\/\\\/www.rucashk.com\\\/pt\\\/produto\\\/mi-imi-c20-home-security-camera\\\/#organizationLogo\",\"width\":221,\"height\":65},\"image\":{\"@id\":\"https:\\\/\\\/www.rucashk.com\\\/pt\\\/#organizationLogo\"}},{\"@type\":\"Person\",\"@id\":\"https:\\\/\\\/www.rucashk.com\\\/pt\\\/author\\\/admin\\\/#author\",\"url\":\"https:\\\/\\\/www.rucashk.com\\\/pt\\\/author\\\/admin\\\/\",\"name\":\"admin\",\"image\":{\"@type\":\"ImageObject\",\"@id\":\"https:\\\/\\\/www.rucashk.com\\\/pt\\\/produto\\\/mi-imi-c20-home-security-camera\\\/#authorImage\",\"url\":\"https:\\\/\\\/secure.gravatar.com\\\/avatar\\\/b7c8925b09a27e72b30232f8ecaadbd5af0f70a38c78096863fe51b64f031c24?s=96&d=mm&r=g\",\"width\":96,\"height\":96,\"caption\":\"admin\"}},{\"@type\":\"WebPage\",\"@id\":\"https:\\\/\\\/www.rucashk.com\\\/pt\\\/produto\\\/mi-imi-c20-home-security-camera\\\/#webpage\",\"url\":\"https:\\\/\\\/www.rucashk.com\\\/pt\\\/produto\\\/mi-imi-c20-home-security-camera\\\/\",\"name\":\"Mi IMI C20 Home Security Camera - Rucas - Wholesale and Distribution\",\"description\":\"Highlight 360\\u00b0Panorama View Enhanced Night Vision Sound Detection Cloud & Local Storage Real-Time Two-Way Call Human Detection & Tracking 1080p HD We are Dealer Welcome to contact with us!\",\"inLanguage\":\"pt-PT\",\"isPartOf\":{\"@id\":\"https:\\\/\\\/www.rucashk.com\\\/pt\\\/#website\"},\"breadcrumb\":{\"@id\":\"https:\\\/\\\/www.rucashk.com\\\/pt\\\/produto\\\/mi-imi-c20-home-security-camera\\\/#breadcrumblist\"},\"author\":{\"@id\":\"https:\\\/\\\/www.rucashk.com\\\/pt\\\/author\\\/admin\\\/#author\"},\"creator\":{\"@id\":\"https:\\\/\\\/www.rucashk.com\\\/pt\\\/author\\\/admin\\\/#author\"},\"image\":{\"@type\":\"ImageObject\",\"url\":\"https:\\\/\\\/www.rucashk.com\\\/wp-content\\\/uploads\\\/2024\\\/01\\\/15.png\",\"@id\":\"https:\\\/\\\/www.rucashk.com\\\/pt\\\/produto\\\/mi-imi-c20-home-security-camera\\\/#mainImage\",\"width\":800,\"height\":800},\"primaryImageOfPage\":{\"@id\":\"https:\\\/\\\/www.rucashk.com\\\/pt\\\/produto\\\/mi-imi-c20-home-security-camera\\\/#mainImage\"},\"datePublished\":\"2024-01-09T16:12:15+00:00\",\"dateModified\":\"2024-01-21T08:31:14+00:00\"},{\"@type\":\"WebSite\",\"@id\":\"https:\\\/\\\/www.rucashk.com\\\/pt\\\/#website\",\"url\":\"https:\\\/\\\/www.rucashk.com\\\/pt\\\/\",\"name\":\"Rucas - Wholesale and distribution worldwide\",\"alternateName\":\"Rucas - One-stop AIoT Distribution Worldwide\",\"description\":\"One-stop AIoT Distribution Worldwide\",\"inLanguage\":\"pt-PT\",\"publisher\":{\"@id\":\"https:\\\/\\\/www.rucashk.com\\\/pt\\\/#organization\"}}]}\n\t\t<\/script>\n\t\t<!-- All in One SEO Pro -->\r\n\t\t<title>Mi IMI C20 Home Security Camera - Rucas - Wholesale and Distribution<\/title>\n\n","aioseo_head_json":{"title":"Mi IMI C20 Home Security Camera - Rucas - Wholesale and Distribution","description":"Highlight 360\u00b0Panorama View Enhanced Night Vision Sound Detection Cloud & Local Storage Real-Time Two-Way Call Human Detection & Tracking 1080p HD We are Dealer Welcome to contact with us!","canonical_url":"https:\/\/www.rucashk.com\/pt\/produto\/mi-imi-c20-home-security-camera\/","robots":"max-image-preview:large","keywords":"","webmasterTools":{"miscellaneous":""},"og:locale":"pt_PT","og:site_name":"Rucas - One-stop AIoT Distribution Worldwide","og:type":"article","og:title":"Mi IMI C20 Home Security Camera - Rucas - Wholesale and Distribution","og:description":"Highlight 360\u00b0Panorama View Enhanced Night Vision Sound Detection Cloud &amp; Local Storage Real-Time Two-Way Call Human Detection &amp; Tracking 1080p HD We are Dealer Welcome to contact with us!","og:url":"https:\/\/www.rucashk.com\/pt\/produto\/mi-imi-c20-home-security-camera\/","og:image":"https:\/\/www.rucashk.com\/wp-content\/uploads\/replace\/503b8e645f128a97ccde2b6290747646.jpeg","og:image:secure_url":"https:\/\/www.rucashk.com\/wp-content\/uploads\/replace\/503b8e645f128a97ccde2b6290747646.jpeg","og:image:width":1456,"og:image:height":816,"article:published_time":"2024-01-09T16:12:15+00:00","article:modified_time":"2024-01-21T08:31:14+00:00","twitter:card":"summary_large_image","twitter:title":"Mi IMI C20 Home Security Camera - Rucas - Wholesale and Distribution","twitter:description":"Highlight 360\u00b0Panorama View Enhanced Night Vision Sound Detection Cloud &amp; Local Storage Real-Time Two-Way Call Human Detection &amp; Tracking 1080p HD We are Dealer Welcome to contact with us!","twitter:image":"https:\/\/www.rucashk.com\/wp-content\/uploads\/replace\/503b8e645f128a97ccde2b6290747646.jpeg","schema":{"@context":"https:\/\/schema.org","@graph":[{"@type":"BreadcrumbList","@id":"https:\/\/www.rucashk.com\/pt\/produto\/mi-imi-c20-home-security-camera\/#breadcrumblist","itemListElement":[{"@type":"ListItem","@id":"https:\/\/www.rucashk.com\/pt\/#listItem","position":1,"name":"Home","item":"https:\/\/www.rucashk.com\/pt\/","nextItem":"https:\/\/www.rucashk.com\/pt\/produto\/mi-imi-c20-home-security-camera\/#listItem"},{"@type":"ListItem","@id":"https:\/\/www.rucashk.com\/pt\/produto\/mi-imi-c20-home-security-camera\/#listItem","position":2,"name":"Mi IMI C20 Home Security Camera","previousItem":"https:\/\/www.rucashk.com\/pt\/#listItem"}]},{"@type":"Organization","@id":"https:\/\/www.rucashk.com\/pt\/#organization","name":"Rucas","url":"https:\/\/www.rucashk.com\/pt\/","logo":{"@type":"ImageObject","url":"https:\/\/www.rucashk.com\/wp-content\/uploads\/2023\/12\/Rucas_campany_logo.png","@id":"https:\/\/www.rucashk.com\/pt\/produto\/mi-imi-c20-home-security-camera\/#organizationLogo","width":221,"height":65},"image":{"@id":"https:\/\/www.rucashk.com\/pt\/#organizationLogo"}},{"@type":"Person","@id":"https:\/\/www.rucashk.com\/pt\/author\/admin\/#author","url":"https:\/\/www.rucashk.com\/pt\/author\/admin\/","name":"admin","image":{"@type":"ImageObject","@id":"https:\/\/www.rucashk.com\/pt\/produto\/mi-imi-c20-home-security-camera\/#authorImage","url":"https:\/\/secure.gravatar.com\/avatar\/b7c8925b09a27e72b30232f8ecaadbd5af0f70a38c78096863fe51b64f031c24?s=96&d=mm&r=g","width":96,"height":96,"caption":"admin"}},{"@type":"WebPage","@id":"https:\/\/www.rucashk.com\/pt\/produto\/mi-imi-c20-home-security-camera\/#webpage","url":"https:\/\/www.rucashk.com\/pt\/produto\/mi-imi-c20-home-security-camera\/","name":"Mi IMI C20 Home Security Camera - Rucas - Wholesale and Distribution","description":"Highlight 360\u00b0Panorama View Enhanced Night Vision Sound Detection Cloud & Local Storage Real-Time Two-Way Call Human Detection & Tracking 1080p HD We are Dealer Welcome to contact with us!","inLanguage":"pt-PT","isPartOf":{"@id":"https:\/\/www.rucashk.com\/pt\/#website"},"breadcrumb":{"@id":"https:\/\/www.rucashk.com\/pt\/produto\/mi-imi-c20-home-security-camera\/#breadcrumblist"},"author":{"@id":"https:\/\/www.rucashk.com\/pt\/author\/admin\/#author"},"creator":{"@id":"https:\/\/www.rucashk.com\/pt\/author\/admin\/#author"},"image":{"@type":"ImageObject","url":"https:\/\/www.rucashk.com\/wp-content\/uploads\/2024\/01\/15.png","@id":"https:\/\/www.rucashk.com\/pt\/produto\/mi-imi-c20-home-security-camera\/#mainImage","width":800,"height":800},"primaryImageOfPage":{"@id":"https:\/\/www.rucashk.com\/pt\/produto\/mi-imi-c20-home-security-camera\/#mainImage"},"datePublished":"2024-01-09T16:12:15+00:00","dateModified":"2024-01-21T08:31:14+00:00"},{"@type":"WebSite","@id":"https:\/\/www.rucashk.com\/pt\/#website","url":"https:\/\/www.rucashk.com\/pt\/","name":"Rucas - Wholesale and distribution worldwide","alternateName":"Rucas - One-stop AIoT Distribution Worldwide","description":"One-stop AIoT Distribution Worldwide","inLanguage":"pt-PT","publisher":{"@id":"https:\/\/www.rucashk.com\/pt\/#organization"}}]}},"aioseo_meta_data":{"post_id":"25032","title":null,"description":null,"keywords":null,"keyphrases":null,"primary_term":null,"canonical_url":null,"og_title":null,"og_description":null,"og_object_type":"default","og_image_type":"default","og_image_url":null,"og_image_width":null,"og_image_height":null,"og_image_custom_url":null,"og_image_custom_fields":null,"og_video":null,"og_custom_url":null,"og_article_section":null,"og_article_tags":null,"twitter_use_og":false,"twitter_card":"default","twitter_image_type":"default","twitter_image_url":null,"twitter_image_custom_url":null,"twitter_image_custom_fields":null,"twitter_title":null,"twitter_description":null,"schema":{"blockGraphs":[],"customGraphs":[],"default":{"data":{"Article":[],"Course":[],"Dataset":[],"FAQPage":[],"Movie":[],"Person":[],"Product":[],"Recipe":[],"Service":[],"SoftwareApplication":[],"WebPage":[]},"graphName":"","isEnabled":true},"graphs":[]},"schema_type":"default","schema_type_options":null,"pillar_content":false,"robots_default":true,"robots_noindex":false,"robots_noarchive":false,"robots_nosnippet":false,"robots_nofollow":false,"robots_noimageindex":false,"robots_noodp":false,"robots_notranslate":false,"robots_max_snippet":null,"robots_max_videopreview":null,"robots_max_imagepreview":"large","priority":null,"frequency":null,"local_seo":null,"breadcrumb_settings":null,"limit_modified_date":false,"created":"2024-04-11 01:57:17","updated":"2025-06-22 17:45:58"},"aioseo_breadcrumb":"<div class=\"aioseo-breadcrumbs\"><span class=\"aioseo-breadcrumb\">\n\t<a href=\"https:\/\/www.rucashk.com\/pt\" title=\"Home\">Home<\/a>\n<\/span><span class=\"aioseo-breadcrumb-separator\">&raquo;<\/span><span class=\"aioseo-breadcrumb\">\n\t<a href=\"https:\/\/www.rucashk.com\/pt\/products\/\" title=\"Produtos\">Produtos<\/a>\n<\/span><span class=\"aioseo-breadcrumb-separator\">&raquo;<\/span><span class=\"aioseo-breadcrumb\">\n\t<a href=\"https:\/\/www.rucashk.com\/pt\/categoria-produto\/xiaomi-eco\/\" title=\"Xiaomi Eco\">Xiaomi Eco<\/a>\n<\/span><span class=\"aioseo-breadcrumb-separator\">&raquo;<\/span><span class=\"aioseo-breadcrumb\">\n\t<a href=\"https:\/\/www.rucashk.com\/pt\/categoria-produto\/xiaomi-eco\/imilab-camera\/\" title=\"Imilab Camera\">Imilab Camera<\/a>\n<\/span><span class=\"aioseo-breadcrumb-separator\">&raquo;<\/span><span class=\"aioseo-breadcrumb\">\n\tMi IMI C20 Home Security Camera\n<\/span><\/div>","aioseo_breadcrumb_json":[{"label":"Home","link":"https:\/\/www.rucashk.com\/pt"},{"label":"Produtos","link":"https:\/\/www.rucashk.com\/pt\/products\/"},{"label":"Xiaomi Eco","link":"https:\/\/www.rucashk.com\/pt\/categoria-produto\/xiaomi-eco\/"},{"label":"Imilab Camera","link":"https:\/\/www.rucashk.com\/pt\/categoria-produto\/xiaomi-eco\/imilab-camera\/"},{"label":"Mi IMI C20 Home Security Camera","link":"https:\/\/www.rucashk.com\/pt\/produto\/mi-imi-c20-home-security-camera\/"}],"_links":{"self":[{"href":"https:\/\/www.rucashk.com\/pt\/wp-json\/wp\/v2\/product\/25032","targetHints":{"allow":["GET"]}}],"collection":[{"href":"https:\/\/www.rucashk.com\/pt\/wp-json\/wp\/v2\/product"}],"about":[{"href":"https:\/\/www.rucashk.com\/pt\/wp-json\/wp\/v2\/types\/product"}],"wp:featuredmedia":[{"embeddable":true,"href":"https:\/\/www.rucashk.com\/pt\/wp-json\/wp\/v2\/media\/25148"}],"wp:attachment":[{"href":"https:\/\/www.rucashk.com\/pt\/wp-json\/wp\/v2\/media?parent=25032"}],"wp:term":[{"taxonomy":"product_brand","embeddable":true,"href":"https:\/\/www.rucashk.com\/pt\/wp-json\/wp\/v2\/product_brand?post=25032"},{"taxonomy":"product_cat","embeddable":true,"href":"https:\/\/www.rucashk.com\/pt\/wp-json\/wp\/v2\/product_cat?post=25032"},{"taxonomy":"product_tag","embeddable":true,"href":"https:\/\/www.rucashk.com\/pt\/wp-json\/wp\/v2\/product_tag?post=25032"}],"curies":[{"name":"wp","href":"https:\/\/api.w.org\/{rel}","templated":true}]}}