{"id":25001,"date":"2024-01-09T16:11:51","date_gmt":"2024-01-09T16:11:51","guid":{"rendered":"http:\/\/rucashk.com\/?post_type=product&#038;p=25001"},"modified":"2024-03-13T04:05:03","modified_gmt":"2024-03-13T04:05:03","slug":"new-honor-band-6","status":"publish","type":"product","link":"https:\/\/www.rucashk.com\/pt\/produto\/new-honor-band-6\/","title":{"rendered":"Banda de Honra Huawei 6"},"content":{"rendered":"<div>\n<div class=\"product-overview\">\n<div id=\"product-description\" class=\"product-description\" data-spm=\"1000023\" data-spm-anchor-id=\"a2g0o.detail.0.1000023.458d3ab1wyOiDk\">\n<div class=\"origin-part box-sizing\">\n<div class=\"detailmodule_html\">\n<div class=\"detail-desc-decorate-richtext\">\n<h3 style=\"text-align: center\">Nova Banda de Honra 6<\/h3>\n<div>Tela colorida AMOLED de 1,47\u2033<\/div>\n<p>Com um tamanho de tela 148% maior que a gera\u00e7\u00e3o anterior, o HONOR Band 6 oferece uma vis\u00e3o maior.<img decoding=\"async\" src=\"\/wp-content\/uploads\/replace\/abaf0a91f280ab99331c799b9a877ccc.jpeg\" alt=\"2\" \/>\u00a0Design de vidro de arco 2.5D adotado<\/p>\n<div><img decoding=\"async\" src=\"\/wp-content\/uploads\/replace\/cb73d64246c7fee5f8b3e5a683ee26d5.jpeg\" alt=\"3\" \/>Logotipo da personalidade, sua atitude<\/div>\n<div>Design de logotipo de personalidade, poderoso bot\u00e3o de linha vermelha<img decoding=\"async\" src=\"\/wp-content\/uploads\/replace\/1b963536eef58b32552868604c276cf5.jpeg\" alt=\"4\" \/>Ado\u00e7\u00e3o de cores de vitalidade<\/div>\n<div>Salgado, doce, livre para mudar<\/div>\n<div>Meteorito Preto | Gaivota Cinza | Rosa coral<img decoding=\"async\" src=\"\/wp-content\/uploads\/replace\/60f9e896b787ea9d37301bd1df6d7e93.jpeg\" alt=\"5\" \/><img decoding=\"async\" src=\"\/wp-content\/uploads\/replace\/8e72c20f4a53164a402ac53a716e7099.jpeg\" alt=\"6\" \/><\/div>\n<div><\/div>\n<div>Mem\u00f3ria IP Rejuvenescedora Cl\u00e1ssica<\/div>\n<div>Cada dia tem frescor de juventude<\/div>\n<div><\/div>\n<div>Voc\u00ea pode escolher entre mais de 100 mostradores, que podem ser alterados a qualquer momento de acordo com seu estilo e hobby. Mostrador personalizado mais personalizado, use uma nova personalidade no pulso.<\/div>\n<div><\/div>\n<div><img decoding=\"async\" src=\"\/wp-content\/uploads\/replace\/e36aa12a40ca1a4730b180cfe47a1bb8.jpeg\" alt=\"7\" \/><img decoding=\"async\" src=\"\/wp-content\/uploads\/replace\/4213157fc42094af4baf04ce6c82f85a.jpeg\" alt=\"8\" \/>\u00a0Carga r\u00e1pida poderosa magn\u00e9tica<\/div>\n<div><\/div>\n<div>Carregue por 5 minutos e use 2 dias<\/div>\n<div><\/div>\n<div>Embora o desempenho de carga seja atualizado, o HONOR Band 6 traz uma melhor experi\u00eancia de resist\u00eancia, permitindo que voc\u00ea se livre do inc\u00f4modo carregamento.<img decoding=\"async\" src=\"\/wp-content\/uploads\/replace\/d516deaed895abd778dd704923c093d9.jpeg\" alt=\"9\" \/><\/div>\n<div>Detec\u00e7\u00e3o de oxig\u00eanio no sangue SpO2<\/div>\n<div>Deixe o estado do corpo ao seu alcance<\/div>\n<div>A satura\u00e7\u00e3o de oxig\u00eanio no sangue \u00e9 um dos sinais vitais importantes. O baixo teor de oxig\u00eanio no sangue pode facilmente causar sintomas como fadiga, sonol\u00eancia, falta de energia e perda de mem\u00f3ria. O conte\u00fado insuficiente de oxig\u00eanio no sangue a longo prazo tamb\u00e9m pode causar danos ao c\u00e9rebro e aos \u00f3rg\u00e3os card\u00edacos. HONOR Band 6 otimiza profundamente o caminho da luz do hardware e o algoritmo para detectar com precis\u00e3o a satura\u00e7\u00e3o de oxig\u00eanio no sangue, tornando uma vida saud\u00e1vel ao seu alcance.<img decoding=\"async\" src=\"\/wp-content\/uploads\/replace\/7e979eeab98d1ba4d5d2bf63f9199151.jpeg\" alt=\"10\" \/><\/div>\n<div>Monitoramento inteligente de frequ\u00eancia card\u00edaca 24h<\/div>\n<div>Cuidando um pouco mais da sa\u00fade<\/div>\n<div>Usando o monitoramento preciso da frequ\u00eancia card\u00edaca HUAWEI TruSeen\u1d40\u1d39 4.0 durante todo o dia, quando a frequ\u00eancia card\u00edaca estiver muito alta\/baixa, o HONOR Band 6 pode enviar lembretes de alerta precoce a tempo, para que voc\u00ea possa seguir o conselho de um m\u00e9dico.<img decoding=\"async\" src=\"\/wp-content\/uploads\/replace\/31c0df0d74a7ee3b2bdd194fd1eabc58.jpeg\" alt=\"11\" \/><\/div>\n<div>Monitoramento Cient\u00edfico do Sono<\/div>\n<div>Ajuda voc\u00ea a adormecer profundamente<\/div>\n<div>Honor Band 6 usa o algoritmo de monitoramento de sono HUAWEI TruSleep\u1d40\u1d39, que pode registrar com precis\u00e3o a dura\u00e7\u00e3o do sono e identificar o status do sono, e fornecer mais de 200 sugest\u00f5es de melhoria direcionadas e servi\u00e7os personalizados de assist\u00eancia ao sono para ajud\u00e1-lo a dormir bem e proporcionar um dia melhor.<img decoding=\"async\" src=\"\/wp-content\/uploads\/replace\/22f86620a46acd125fe8838afaf6da19.jpeg\" alt=\"12\" \/>\u00a0Gest\u00e3o da Sa\u00fade Feminina<\/div>\n<div>Cada dia especial est\u00e1 no cora\u00e7\u00e3o<\/div>\n<div>De acordo com o m\u00e9todo do calend\u00e1rio para prever o per\u00edodo menstrual e apoiar o registro e lembrete do ciclo menstrual feminino, o HONOR Band 6 pode gerenciar diretamente o calend\u00e1rio do ciclo, para que voc\u00ea possa ficar tranquila e sem preocupa\u00e7\u00f5es antes que chegue cada momento especial.<img decoding=\"async\" src=\"\/wp-content\/uploads\/replace\/2632b64002eb8343ec16b2670454ef55.jpeg\" alt=\"13\" \/>\u00a010 modos de treino profissional<\/div>\n<div><\/div>\n<div>Fa\u00e7a um pequeno progresso todos os dias<\/div>\n<div><\/div>\n<div>HONOR Band 6 tem v\u00e1rios modos de treino para voc\u00ea escolher. Na corrida, caminhada, ciclismo e outros esportes de interesse pode ajud\u00e1-lo a acompanhar com precis\u00e3o o progresso, mesmo se estiver nadando na \u00e1gua.<\/div>\n<div><\/div>\n<div><img decoding=\"async\" src=\"\/wp-content\/uploads\/replace\/90b2aff3d0c70de7244a5f4378928dec.jpeg\" alt=\"14\" \/>\u00a0Tipo de treino de reconhecimento autom\u00e1tico<\/div>\n<div><\/div>\n<div>Permitir que cada movimento seja gravado<\/div>\n<div><\/div>\n<div>Reconhecer automaticamente seis modos esportivos: corrida interna e externa, caminhada interna e externa, m\u00e1quina de remo e m\u00e1quina el\u00edptica. Ao mesmo tempo, o monitoramento preciso da frequ\u00eancia card\u00edaca em tempo real pode definir diferentes zonas de frequ\u00eancia card\u00edaca, como perda de gordura e melhoria da resist\u00eancia, de acordo com metas de exerc\u00edcio.O feedback em tempo real sobre o processo de exerc\u00edcio torna o exerc\u00edcio mais f\u00e1cil e os dados do exerc\u00edcio mais abrangentes.<\/div>\n<div><\/div>\n<div><img decoding=\"async\" src=\"\/wp-content\/uploads\/replace\/36ae0bae487718bcbc424096adb58d32.jpeg\" alt=\"15\" \/>\u00a0<strong>Fun\u00e7\u00f5es convenientes que voc\u00ea deseja<\/strong><\/div>\n<div>Lembretes situacionais inteligentes, como mensagens, chamadas recebidas, voos, hot\u00e9is, previs\u00e3o do tempo e hor\u00e1rios, podem ajud\u00e1-lo a dominar melhor o ritmo de vida e voc\u00ea pode se sair bem em trabalhos complexos.<\/div>\n<div><\/div>\n<div><img decoding=\"async\" src=\"\/wp-content\/uploads\/replace\/694a1748a1fa4a47c41ceaaef739bb31.jpeg\" alt=\"16\" \/><\/div>\n<\/div>\n<\/div>\n<\/div>\n<\/div>\n<\/div>\n<\/div>\n<div data-spm=\"1000024\"><\/div>","protected":false},"excerpt":{"rendered":"<table>\n<colgroup>\n<col width=\"158\" \/>\n<col width=\"745\" \/><\/colgroup>\n<tbody>\n<tr>\n<td>Modelo de marca<\/td>\n<td>HONRA Banda 6<\/td>\n<\/tr>\n<tr>\n<td>Tela<\/td>\n<td>Tamanho da tela: 1,47 polegadas (diagonal)<\/td>\n<\/tr>\n<tr>\n<td><\/td>\n<td>Tipo de tela: AMOLED<\/td>\n<\/tr>\n<tr>\n<td><\/td>\n<td>Resolu\u00e7\u00e3o: 194*368 pixels<\/td>\n<\/tr>\n<tr>\n<td><\/td>\n<td><\/td>\n<\/tr>\n<tr>\n<td>Conectividade<\/td>\n<td>Resist\u00eancia \u00e0 \u00e1gua: 5 ATM<\/td>\n<\/tr>\n<tr>\n<td><\/td>\n<td>Bluetooth: 5.0<\/td>\n<\/tr>\n<tr>\n<td><\/td>\n<td><\/td>\n<\/tr>\n<tr>\n<td>Sensores<\/td>\n<td>Aceler\u00f4metro<\/td>\n<\/tr>\n<tr>\n<td><\/td>\n<td>Sensor girosc\u00f3pio<\/td>\n<\/tr>\n<tr>\n<td><\/td>\n<td>Sensor de frequ\u00eancia card\u00edaca (PPG)<\/td>\n<\/tr>\n<tr>\n<td><\/td>\n<td>Sensor de luz ambiente<\/td>\n<\/tr>\n<tr>\n<td><\/td>\n<td><\/td>\n<\/tr>\n<tr>\n<td>Bateria<\/td>\n<td data-spm-anchor-id=\"a2g0o.detail.1000023.i0.458d3ab1riRTD5\">180mAh (valor t\u00edpico)<\/td>\n<\/tr>\n<\/tbody>\n<\/table>","protected":false},"featured_media":25117,"template":"","meta":[],"product_brand":[],"product_cat":[1345,1322],"product_tag":[],"class_list":{"0":"post-25001","1":"product","2":"type-product","3":"status-publish","4":"has-post-thumbnail","6":"product_cat-huawei-other-a-brands","7":"product_cat-other-a-brands","9":"first","10":"instock","11":"shipping-taxable","12":"product-type-external"},"aioseo_notices":[],"aioseo_head":"\n\t\t<!-- All in One SEO Pro 4.5.9.2 - aioseo.com -->\n\t\t<meta name=\"description\" content=\"Brand Model HONOR Band 6 Screen Screen size : 1.47 inches (diagonal) Screen type : AMOLED Resolution : 194*368 pixels Connectivity Water Resistance: 5 ATM Bluetooth: 5.0 Sensors Accelerometer Gyro sensor Heart rate sensor (PPG) Ambient light sensor Battery 180mAh (Typical Value)\" \/>\n\t\t<meta name=\"robots\" content=\"max-image-preview:large\" \/>\n\t\t<link rel=\"canonical\" href=\"https:\/\/www.rucashk.com\/pt\/produto\/new-honor-band-6\/\" \/>\n\t\t<meta name=\"generator\" content=\"All in One SEO Pro (AIOSEO) 4.5.9.2\" \/>\n\t\t<meta property=\"og:locale\" content=\"pt_PT\" \/>\n\t\t<meta property=\"og:site_name\" content=\"Rucas - One-stop AIoT Distribution Worldwide\" \/>\n\t\t<meta property=\"og:type\" content=\"article\" \/>\n\t\t<meta property=\"og:title\" content=\"Huawei Honor Band 6 - Rucas - Wholesale and Distribution\" \/>\n\t\t<meta property=\"og:description\" content=\"Brand Model HONOR Band 6 Screen Screen size : 1.47 inches (diagonal) Screen type : AMOLED Resolution : 194*368 pixels Connectivity Water Resistance: 5 ATM Bluetooth: 5.0 Sensors Accelerometer Gyro sensor Heart rate sensor (PPG) Ambient light sensor Battery 180mAh (Typical Value)\" \/>\n\t\t<meta property=\"og:url\" content=\"https:\/\/www.rucashk.com\/pt\/produto\/new-honor-band-6\/\" \/>\n\t\t<meta property=\"og:image\" content=\"https:\/\/www.rucashk.com\/wp-content\/uploads\/replace\/503b8e645f128a97ccde2b6290747646.jpeg\" \/>\n\t\t<meta property=\"og:image:secure_url\" content=\"https:\/\/www.rucashk.com\/wp-content\/uploads\/replace\/503b8e645f128a97ccde2b6290747646.jpeg\" \/>\n\t\t<meta property=\"og:image:width\" content=\"1456\" \/>\n\t\t<meta property=\"og:image:height\" content=\"816\" \/>\n\t\t<meta property=\"article:published_time\" content=\"2024-01-09T16:11:51+00:00\" \/>\n\t\t<meta property=\"article:modified_time\" content=\"2024-03-13T04:05:03+00:00\" \/>\n\t\t<meta name=\"twitter:card\" content=\"summary_large_image\" \/>\n\t\t<meta name=\"twitter:title\" content=\"Huawei Honor Band 6 - Rucas - Wholesale and Distribution\" \/>\n\t\t<meta name=\"twitter:description\" content=\"Brand Model HONOR Band 6 Screen Screen size : 1.47 inches (diagonal) Screen type : AMOLED Resolution : 194*368 pixels Connectivity Water Resistance: 5 ATM Bluetooth: 5.0 Sensors Accelerometer Gyro sensor Heart rate sensor (PPG) Ambient light sensor Battery 180mAh (Typical Value)\" \/>\n\t\t<meta name=\"twitter:image\" content=\"https:\/\/www.rucashk.com\/wp-content\/uploads\/replace\/503b8e645f128a97ccde2b6290747646.jpeg\" \/>\n\t\t<script type=\"application\/ld+json\" class=\"aioseo-schema\">\n\t\t\t{\"@context\":\"https:\\\/\\\/schema.org\",\"@graph\":[{\"@type\":\"BreadcrumbList\",\"@id\":\"https:\\\/\\\/www.rucashk.com\\\/pt\\\/produto\\\/new-honor-band-6\\\/#breadcrumblist\",\"itemListElement\":[{\"@type\":\"ListItem\",\"@id\":\"https:\\\/\\\/www.rucashk.com\\\/pt\\\/#listItem\",\"position\":1,\"name\":\"Home\",\"item\":\"https:\\\/\\\/www.rucashk.com\\\/pt\\\/\",\"nextItem\":\"https:\\\/\\\/www.rucashk.com\\\/pt\\\/produto\\\/new-honor-band-6\\\/#listItem\"},{\"@type\":\"ListItem\",\"@id\":\"https:\\\/\\\/www.rucashk.com\\\/pt\\\/produto\\\/new-honor-band-6\\\/#listItem\",\"position\":2,\"name\":\"Huawei Honor Band 6\",\"previousItem\":\"https:\\\/\\\/www.rucashk.com\\\/pt\\\/#listItem\"}]},{\"@type\":\"Organization\",\"@id\":\"https:\\\/\\\/www.rucashk.com\\\/pt\\\/#organization\",\"name\":\"Rucas\",\"url\":\"https:\\\/\\\/www.rucashk.com\\\/pt\\\/\",\"logo\":{\"@type\":\"ImageObject\",\"url\":\"https:\\\/\\\/www.rucashk.com\\\/wp-content\\\/uploads\\\/2023\\\/12\\\/Rucas_campany_logo.png\",\"@id\":\"https:\\\/\\\/www.rucashk.com\\\/pt\\\/produto\\\/new-honor-band-6\\\/#organizationLogo\",\"width\":221,\"height\":65},\"image\":{\"@id\":\"https:\\\/\\\/www.rucashk.com\\\/pt\\\/#organizationLogo\"}},{\"@type\":\"Person\",\"@id\":\"https:\\\/\\\/www.rucashk.com\\\/pt\\\/author\\\/admin\\\/#author\",\"url\":\"https:\\\/\\\/www.rucashk.com\\\/pt\\\/author\\\/admin\\\/\",\"name\":\"admin\",\"image\":{\"@type\":\"ImageObject\",\"@id\":\"https:\\\/\\\/www.rucashk.com\\\/pt\\\/produto\\\/new-honor-band-6\\\/#authorImage\",\"url\":\"https:\\\/\\\/secure.gravatar.com\\\/avatar\\\/b7c8925b09a27e72b30232f8ecaadbd5af0f70a38c78096863fe51b64f031c24?s=96&d=mm&r=g\",\"width\":96,\"height\":96,\"caption\":\"admin\"}},{\"@type\":\"WebPage\",\"@id\":\"https:\\\/\\\/www.rucashk.com\\\/pt\\\/produto\\\/new-honor-band-6\\\/#webpage\",\"url\":\"https:\\\/\\\/www.rucashk.com\\\/pt\\\/produto\\\/new-honor-band-6\\\/\",\"name\":\"Huawei Honor Band 6 - Rucas - Wholesale and Distribution\",\"description\":\"Brand Model HONOR Band 6 Screen Screen size : 1.47 inches (diagonal) Screen type : AMOLED Resolution : 194*368 pixels Connectivity Water Resistance: 5 ATM Bluetooth: 5.0 Sensors Accelerometer Gyro sensor Heart rate sensor (PPG) Ambient light sensor Battery 180mAh (Typical Value)\",\"inLanguage\":\"pt-PT\",\"isPartOf\":{\"@id\":\"https:\\\/\\\/www.rucashk.com\\\/pt\\\/#website\"},\"breadcrumb\":{\"@id\":\"https:\\\/\\\/www.rucashk.com\\\/pt\\\/produto\\\/new-honor-band-6\\\/#breadcrumblist\"},\"author\":{\"@id\":\"https:\\\/\\\/www.rucashk.com\\\/pt\\\/author\\\/admin\\\/#author\"},\"creator\":{\"@id\":\"https:\\\/\\\/www.rucashk.com\\\/pt\\\/author\\\/admin\\\/#author\"},\"image\":{\"@type\":\"ImageObject\",\"url\":\"https:\\\/\\\/www.rucashk.com\\\/wp-content\\\/uploads\\\/2024\\\/01\\\/3939e716-b8ce-4a94-9ef9-1d9f9292bfe7.png\",\"@id\":\"https:\\\/\\\/www.rucashk.com\\\/pt\\\/produto\\\/new-honor-band-6\\\/#mainImage\",\"width\":800,\"height\":800},\"primaryImageOfPage\":{\"@id\":\"https:\\\/\\\/www.rucashk.com\\\/pt\\\/produto\\\/new-honor-band-6\\\/#mainImage\"},\"datePublished\":\"2024-01-09T16:11:51+00:00\",\"dateModified\":\"2024-03-13T04:05:03+00:00\"},{\"@type\":\"WebSite\",\"@id\":\"https:\\\/\\\/www.rucashk.com\\\/pt\\\/#website\",\"url\":\"https:\\\/\\\/www.rucashk.com\\\/pt\\\/\",\"name\":\"Rucas - Wholesale and distribution worldwide\",\"alternateName\":\"Rucas - One-stop AIoT Distribution Worldwide\",\"description\":\"One-stop AIoT Distribution Worldwide\",\"inLanguage\":\"pt-PT\",\"publisher\":{\"@id\":\"https:\\\/\\\/www.rucashk.com\\\/pt\\\/#organization\"}}]}\n\t\t<\/script>\n\t\t<!-- All in One SEO Pro -->\r\n\t\t<title>Huawei Honor Band 6 - Rucas - Wholesale and Distribution<\/title>\n\n","aioseo_head_json":{"title":"Huawei Honor Band 6 - Rucas - Wholesale and Distribution","description":"Brand Model HONOR Band 6 Screen Screen size : 1.47 inches (diagonal) Screen type : AMOLED Resolution : 194*368 pixels Connectivity Water Resistance: 5 ATM Bluetooth: 5.0 Sensors Accelerometer Gyro sensor Heart rate sensor (PPG) Ambient light sensor Battery 180mAh (Typical Value)","canonical_url":"https:\/\/www.rucashk.com\/pt\/produto\/new-honor-band-6\/","robots":"max-image-preview:large","keywords":"","webmasterTools":{"miscellaneous":""},"og:locale":"pt_PT","og:site_name":"Rucas - One-stop AIoT Distribution Worldwide","og:type":"article","og:title":"Huawei Honor Band 6 - Rucas - Wholesale and Distribution","og:description":"Brand Model HONOR Band 6 Screen Screen size : 1.47 inches (diagonal) Screen type : AMOLED Resolution : 194*368 pixels Connectivity Water Resistance: 5 ATM Bluetooth: 5.0 Sensors Accelerometer Gyro sensor Heart rate sensor (PPG) Ambient light sensor Battery 180mAh (Typical Value)","og:url":"https:\/\/www.rucashk.com\/pt\/produto\/new-honor-band-6\/","og:image":"https:\/\/www.rucashk.com\/wp-content\/uploads\/replace\/503b8e645f128a97ccde2b6290747646.jpeg","og:image:secure_url":"https:\/\/www.rucashk.com\/wp-content\/uploads\/replace\/503b8e645f128a97ccde2b6290747646.jpeg","og:image:width":1456,"og:image:height":816,"article:published_time":"2024-01-09T16:11:51+00:00","article:modified_time":"2024-03-13T04:05:03+00:00","twitter:card":"summary_large_image","twitter:title":"Huawei Honor Band 6 - Rucas - Wholesale and Distribution","twitter:description":"Brand Model HONOR Band 6 Screen Screen size : 1.47 inches (diagonal) Screen type : AMOLED Resolution : 194*368 pixels Connectivity Water Resistance: 5 ATM Bluetooth: 5.0 Sensors Accelerometer Gyro sensor Heart rate sensor (PPG) Ambient light sensor Battery 180mAh (Typical Value)","twitter:image":"https:\/\/www.rucashk.com\/wp-content\/uploads\/replace\/503b8e645f128a97ccde2b6290747646.jpeg","schema":{"@context":"https:\/\/schema.org","@graph":[{"@type":"BreadcrumbList","@id":"https:\/\/www.rucashk.com\/pt\/produto\/new-honor-band-6\/#breadcrumblist","itemListElement":[{"@type":"ListItem","@id":"https:\/\/www.rucashk.com\/pt\/#listItem","position":1,"name":"Home","item":"https:\/\/www.rucashk.com\/pt\/","nextItem":"https:\/\/www.rucashk.com\/pt\/produto\/new-honor-band-6\/#listItem"},{"@type":"ListItem","@id":"https:\/\/www.rucashk.com\/pt\/produto\/new-honor-band-6\/#listItem","position":2,"name":"Huawei Honor Band 6","previousItem":"https:\/\/www.rucashk.com\/pt\/#listItem"}]},{"@type":"Organization","@id":"https:\/\/www.rucashk.com\/pt\/#organization","name":"Rucas","url":"https:\/\/www.rucashk.com\/pt\/","logo":{"@type":"ImageObject","url":"https:\/\/www.rucashk.com\/wp-content\/uploads\/2023\/12\/Rucas_campany_logo.png","@id":"https:\/\/www.rucashk.com\/pt\/produto\/new-honor-band-6\/#organizationLogo","width":221,"height":65},"image":{"@id":"https:\/\/www.rucashk.com\/pt\/#organizationLogo"}},{"@type":"Person","@id":"https:\/\/www.rucashk.com\/pt\/author\/admin\/#author","url":"https:\/\/www.rucashk.com\/pt\/author\/admin\/","name":"admin","image":{"@type":"ImageObject","@id":"https:\/\/www.rucashk.com\/pt\/produto\/new-honor-band-6\/#authorImage","url":"https:\/\/secure.gravatar.com\/avatar\/b7c8925b09a27e72b30232f8ecaadbd5af0f70a38c78096863fe51b64f031c24?s=96&d=mm&r=g","width":96,"height":96,"caption":"admin"}},{"@type":"WebPage","@id":"https:\/\/www.rucashk.com\/pt\/produto\/new-honor-band-6\/#webpage","url":"https:\/\/www.rucashk.com\/pt\/produto\/new-honor-band-6\/","name":"Huawei Honor Band 6 - Rucas - Wholesale and Distribution","description":"Brand Model HONOR Band 6 Screen Screen size : 1.47 inches (diagonal) Screen type : AMOLED Resolution : 194*368 pixels Connectivity Water Resistance: 5 ATM Bluetooth: 5.0 Sensors Accelerometer Gyro sensor Heart rate sensor (PPG) Ambient light sensor Battery 180mAh (Typical Value)","inLanguage":"pt-PT","isPartOf":{"@id":"https:\/\/www.rucashk.com\/pt\/#website"},"breadcrumb":{"@id":"https:\/\/www.rucashk.com\/pt\/produto\/new-honor-band-6\/#breadcrumblist"},"author":{"@id":"https:\/\/www.rucashk.com\/pt\/author\/admin\/#author"},"creator":{"@id":"https:\/\/www.rucashk.com\/pt\/author\/admin\/#author"},"image":{"@type":"ImageObject","url":"https:\/\/www.rucashk.com\/wp-content\/uploads\/2024\/01\/3939e716-b8ce-4a94-9ef9-1d9f9292bfe7.png","@id":"https:\/\/www.rucashk.com\/pt\/produto\/new-honor-band-6\/#mainImage","width":800,"height":800},"primaryImageOfPage":{"@id":"https:\/\/www.rucashk.com\/pt\/produto\/new-honor-band-6\/#mainImage"},"datePublished":"2024-01-09T16:11:51+00:00","dateModified":"2024-03-13T04:05:03+00:00"},{"@type":"WebSite","@id":"https:\/\/www.rucashk.com\/pt\/#website","url":"https:\/\/www.rucashk.com\/pt\/","name":"Rucas - Wholesale and distribution worldwide","alternateName":"Rucas - One-stop AIoT Distribution Worldwide","description":"One-stop AIoT Distribution Worldwide","inLanguage":"pt-PT","publisher":{"@id":"https:\/\/www.rucashk.com\/pt\/#organization"}}]}},"aioseo_meta_data":{"post_id":"25001","title":null,"description":null,"keywords":null,"keyphrases":null,"primary_term":null,"canonical_url":null,"og_title":null,"og_description":null,"og_object_type":"default","og_image_type":"default","og_image_url":null,"og_image_width":null,"og_image_height":null,"og_image_custom_url":null,"og_image_custom_fields":null,"og_video":null,"og_custom_url":null,"og_article_section":null,"og_article_tags":null,"twitter_use_og":false,"twitter_card":"default","twitter_image_type":"default","twitter_image_url":null,"twitter_image_custom_url":null,"twitter_image_custom_fields":null,"twitter_title":null,"twitter_description":null,"schema":{"blockGraphs":[],"customGraphs":[],"default":{"data":{"Article":[],"Course":[],"Dataset":[],"FAQPage":[],"Movie":[],"Person":[],"Product":[],"Recipe":[],"Service":[],"SoftwareApplication":[],"WebPage":[]},"graphName":"","isEnabled":true},"graphs":[]},"schema_type":"default","schema_type_options":null,"pillar_content":false,"robots_default":true,"robots_noindex":false,"robots_noarchive":false,"robots_nosnippet":false,"robots_nofollow":false,"robots_noimageindex":false,"robots_noodp":false,"robots_notranslate":false,"robots_max_snippet":null,"robots_max_videopreview":null,"robots_max_imagepreview":"large","priority":null,"frequency":null,"local_seo":null,"breadcrumb_settings":null,"limit_modified_date":false,"created":"2024-04-11 01:57:16","updated":"2025-06-22 17:45:05"},"aioseo_breadcrumb":"<div class=\"aioseo-breadcrumbs\"><span class=\"aioseo-breadcrumb\">\n\t<a href=\"https:\/\/www.rucashk.com\/pt\" title=\"Home\">Home<\/a>\n<\/span><span class=\"aioseo-breadcrumb-separator\">&raquo;<\/span><span class=\"aioseo-breadcrumb\">\n\t<a href=\"https:\/\/www.rucashk.com\/pt\/products\/\" title=\"Produtos\">Produtos<\/a>\n<\/span><span class=\"aioseo-breadcrumb-separator\">&raquo;<\/span><span class=\"aioseo-breadcrumb\">\n\t<a href=\"https:\/\/www.rucashk.com\/pt\/categoria-produto\/other-a-brands\/\" title=\"Other A-Brands\">Other A-Brands<\/a>\n<\/span><span class=\"aioseo-breadcrumb-separator\">&raquo;<\/span><span class=\"aioseo-breadcrumb\">\n\t<a href=\"https:\/\/www.rucashk.com\/pt\/categoria-produto\/other-a-brands\/huawei-other-a-brands\/\" title=\"Huawei\">Huawei<\/a>\n<\/span><span class=\"aioseo-breadcrumb-separator\">&raquo;<\/span><span class=\"aioseo-breadcrumb\">\n\tHuawei Honor Band 6\n<\/span><\/div>","aioseo_breadcrumb_json":[{"label":"Home","link":"https:\/\/www.rucashk.com\/pt"},{"label":"Produtos","link":"https:\/\/www.rucashk.com\/pt\/products\/"},{"label":"Other A-Brands","link":"https:\/\/www.rucashk.com\/pt\/categoria-produto\/other-a-brands\/"},{"label":"Huawei","link":"https:\/\/www.rucashk.com\/pt\/categoria-produto\/other-a-brands\/huawei-other-a-brands\/"},{"label":"Huawei Honor Band 6","link":"https:\/\/www.rucashk.com\/pt\/produto\/new-honor-band-6\/"}],"_links":{"self":[{"href":"https:\/\/www.rucashk.com\/pt\/wp-json\/wp\/v2\/product\/25001","targetHints":{"allow":["GET"]}}],"collection":[{"href":"https:\/\/www.rucashk.com\/pt\/wp-json\/wp\/v2\/product"}],"about":[{"href":"https:\/\/www.rucashk.com\/pt\/wp-json\/wp\/v2\/types\/product"}],"wp:featuredmedia":[{"embeddable":true,"href":"https:\/\/www.rucashk.com\/pt\/wp-json\/wp\/v2\/media\/25117"}],"wp:attachment":[{"href":"https:\/\/www.rucashk.com\/pt\/wp-json\/wp\/v2\/media?parent=25001"}],"wp:term":[{"taxonomy":"product_brand","embeddable":true,"href":"https:\/\/www.rucashk.com\/pt\/wp-json\/wp\/v2\/product_brand?post=25001"},{"taxonomy":"product_cat","embeddable":true,"href":"https:\/\/www.rucashk.com\/pt\/wp-json\/wp\/v2\/product_cat?post=25001"},{"taxonomy":"product_tag","embeddable":true,"href":"https:\/\/www.rucashk.com\/pt\/wp-json\/wp\/v2\/product_tag?post=25001"}],"curies":[{"name":"wp","href":"https:\/\/api.w.org\/{rel}","templated":true}]}}