{"id":24996,"date":"2024-01-09T16:11:50","date_gmt":"2024-01-09T16:11:50","guid":{"rendered":"http:\/\/rucashk.com\/?post_type=product&#038;p=24996"},"modified":"2024-03-13T04:05:49","modified_gmt":"2024-03-13T04:05:49","slug":"realme-watch-s-global-supply","status":"publish","type":"product","link":"https:\/\/www.rucashk.com\/pt\/produto\/realme-watch-s-global-supply\/","title":{"rendered":"Fornecimento global do Realme Watch S"},"content":{"rendered":"<p><img fetchpriority=\"high\" decoding=\"async\" class=\"alignnone wp-image-24430 size-full\" src=\"\/wp-content\/uploads\/replace\/1e3096b2360c408755d061bc72f10bc6.png\" alt=\"Realme Watch S Globle Supply\" width=\"1920\" height=\"16772\" \/><\/p>\n<h2 class=\"sec-title opensans-semibold\">ESPECIFICA\u00c7\u00d5ES<\/h2>\n<div class=\"sec-specs-box animate-opacity animate-100\">\n<div class=\"spec-list\">\n<div class=\"item-box item-box1\">\n<h2 class=\"title opensans-semibold\">Apar\u00eancia<\/h2>\n<p class=\"desc\">Cor preta<\/p>\n<p class=\"desc no-wrap\">Tamanho: 259,5 * 47,0 * 12,0 mm (com pulseira)<\/p>\n<p class=\"desc\">Peso: 48g (com pulseira)<\/p>\n<\/div>\n<div class=\"item-box\">\n<h2 class=\"title opensans-semibold\">Munhequeira<\/h2>\n<p class=\"desc\">Tipo: pulseira remov\u00edvel<\/p>\n<p class=\"desc\">Largura: 22mm<\/p>\n<p class=\"desc\">Comprimento ajust\u00e1vel: 164-208 mm<\/p>\n<\/div>\n<div class=\"item-box item-box1\">\n<h2 class=\"title opensans-semibold\">Bateria<\/h2>\n<p class=\"desc\">Bateria:390mAh<\/p>\n<p class=\"desc\">Tempo de Trabalho Te\u00f3rico: 15 Dias*<\/p>\n<\/div>\n<div class=\"item-box\">\n<h2 class=\"title opensans-semibold\">Tela<\/h2>\n<p class=\"desc\">Tamanho da tela: 1,3\u201d<\/p>\n<p class=\"desc\">Resolu\u00e7\u00e3o: 360*360<\/p>\n<p class=\"desc\">PPI:278<\/p>\n<\/div>\n<div class=\"item-box item-box1\">\n<h2 class=\"title opensans-semibold\">Sensor<\/h2>\n<p class=\"desc\">Aceler\u00f4metro de 3 eixos: Sensores<\/p>\n<p class=\"desc\">Sensor de frequ\u00eancia card\u00edaca<\/p>\n<p class=\"desc\">Sensor fotossens\u00edvel<\/p>\n<p class=\"desc\">Usando sensores de monitoramento<\/p>\n<\/div>\n<div class=\"item-box\">\n<h2 class=\"title opensans-semibold\">Conectividade<\/h2>\n<p class=\"desc\">Bluetooth 5.0<\/p>\n<p class=\"desc\">Funciona com realme Link<\/p>\n<p class=\"desc\">Suporta Android 5.0+<\/p>\n<\/div>\n<div class=\"item-box item-box1\">\n<h2 class=\"title opensans-semibold\">Monitor de sa\u00fade<\/h2>\n<p class=\"desc\">Medi\u00e7\u00e3o automatizada de frequ\u00eancia card\u00edaca, frequ\u00eancia card\u00edaca em tempo real de 24 horas, frequ\u00eancia card\u00edaca em repouso, frequ\u00eancia card\u00edaca de exerc\u00edcio, alerta de frequ\u00eancia card\u00edaca, medi\u00e7\u00e3o de oxig\u00eanio no sangue, detec\u00e7\u00e3o de sono, passos ao longo do dia, calorias, dist\u00e2ncia, lembrete de \u00e1gua, alerta de inatividade, registros de atividades<\/p>\n<\/div>\n<div class=\"item-box\">\n<h2 class=\"title opensans-semibold\">Modo esportivo<\/h2>\n<p class=\"desc\">Corrida ao ar livre, caminhada, corrida indoor, bicicleta ao ar livre, capacidade aer\u00f3bica, treinamento de for\u00e7a, futebol, basquete, pingue-pongue, badminton, bicicleta indoor, el\u00edptica, ioga, m\u00e1quina de remo, bicicleta estacion\u00e1ria<\/p>\n<\/div>\n<\/div>\n<\/div>\n<h2 class=\"title opensans-semibold\">Outras fun\u00e7\u00f5es<\/h2>\n<p class=\"desc\">Controle de m\u00fasica, controle de c\u00e2mera, encontrar telefone, medita\u00e7\u00e3o, 12\/24 horas, cron\u00f4metro, rel\u00f3gio, previs\u00e3o do tempo, exibi\u00e7\u00e3o de data, discagem, discagem m\u00faltipla em nuvem, discagem personalizada, atualiza\u00e7\u00e3o OTA, interface de interface de usu\u00e1rio multil\u00edngue, multil\u00edngue, Armazenamento de dados, dados durante todo o dia, notifica\u00e7\u00e3o de chamada, lembrete de mensagem, lembrete de alarme, lembrete de conclus\u00e3o de meta de etapa, lembrete de confirma\u00e7\u00e3o de liga\u00e7\u00e3o, lembrete de bateria fraca, ajuste de brilho, ajuste de vibra\u00e7\u00e3o, monitoramento de desgaste, levantar o pulso para ativar a tela, modo de economia de energia, n\u00e3o Modo de perturba\u00e7\u00e3o, configura\u00e7\u00f5es r\u00e1pidas<\/p>","protected":false},"excerpt":{"rendered":"<p>Recursos do Relame Watch S:<\/p>\n<ul>\n<li>Monitor de oxig\u00eanio no sangue<\/li>\n<li>Bateria com dura\u00e7\u00e3o de 15 dias<\/li>\n<li>1.3&#8243; auto brightness touchscreen<\/li>\n<li>16 modos esportivos<\/li>\n<li>Mais de 100 mostradores elegantes<\/li>\n<li>Resist\u00eancia \u00e0 \u00e1gua IP68<\/li>\n<\/ul>","protected":false},"featured_media":25102,"template":"","meta":[],"product_brand":[],"product_cat":[1349,1305],"product_tag":[480],"class_list":{"0":"post-24996","1":"product","2":"type-product","3":"status-publish","4":"has-post-thumbnail","6":"product_cat-realme-earphone-xiaomi-eco","7":"product_cat-xiaomi-eco","8":"product_tag-realme","10":"first","11":"instock","12":"shipping-taxable","13":"product-type-external"},"aioseo_notices":[],"aioseo_head":"\n\t\t<!-- All in One SEO Pro 4.5.9.2 - aioseo.com -->\n\t\t<meta name=\"description\" content=\"Relame Watch S features: Blood oxygen monitor 15 days long battery life 1.3&quot; auto brightness touchscreen 16 sports modes 100+ stylish watch face IP68 water resistance\" \/>\n\t\t<meta name=\"robots\" content=\"max-image-preview:large\" \/>\n\t\t<link rel=\"canonical\" href=\"https:\/\/www.rucashk.com\/pt\/produto\/realme-watch-s-global-supply\/\" \/>\n\t\t<meta name=\"generator\" content=\"All in One SEO Pro (AIOSEO) 4.5.9.2\" \/>\n\t\t<meta property=\"og:locale\" content=\"pt_PT\" \/>\n\t\t<meta property=\"og:site_name\" content=\"Rucas - One-stop AIoT Distribution Worldwide\" \/>\n\t\t<meta property=\"og:type\" content=\"article\" \/>\n\t\t<meta property=\"og:title\" content=\"Realme Watch S Global Supply - Rucas - Wholesale and Distribution\" \/>\n\t\t<meta property=\"og:description\" content=\"Relame Watch S features: Blood oxygen monitor 15 days long battery life 1.3&quot; auto brightness touchscreen 16 sports modes 100+ stylish watch face IP68 water resistance\" \/>\n\t\t<meta property=\"og:url\" content=\"https:\/\/www.rucashk.com\/pt\/produto\/realme-watch-s-global-supply\/\" \/>\n\t\t<meta property=\"og:image\" content=\"https:\/\/www.rucashk.com\/wp-content\/uploads\/replace\/503b8e645f128a97ccde2b6290747646.jpeg\" \/>\n\t\t<meta property=\"og:image:secure_url\" content=\"https:\/\/www.rucashk.com\/wp-content\/uploads\/replace\/503b8e645f128a97ccde2b6290747646.jpeg\" \/>\n\t\t<meta property=\"og:image:width\" content=\"1456\" \/>\n\t\t<meta property=\"og:image:height\" content=\"816\" \/>\n\t\t<meta property=\"article:published_time\" content=\"2024-01-09T16:11:50+00:00\" \/>\n\t\t<meta property=\"article:modified_time\" content=\"2024-03-13T04:05:49+00:00\" \/>\n\t\t<meta name=\"twitter:card\" content=\"summary_large_image\" \/>\n\t\t<meta name=\"twitter:title\" content=\"Realme Watch S Global Supply - Rucas - Wholesale and Distribution\" \/>\n\t\t<meta name=\"twitter:description\" content=\"Relame Watch S features: Blood oxygen monitor 15 days long battery life 1.3&quot; auto brightness touchscreen 16 sports modes 100+ stylish watch face IP68 water resistance\" \/>\n\t\t<meta name=\"twitter:image\" content=\"https:\/\/www.rucashk.com\/wp-content\/uploads\/replace\/503b8e645f128a97ccde2b6290747646.jpeg\" \/>\n\t\t<script type=\"application\/ld+json\" class=\"aioseo-schema\">\n\t\t\t{\"@context\":\"https:\\\/\\\/schema.org\",\"@graph\":[{\"@type\":\"BreadcrumbList\",\"@id\":\"https:\\\/\\\/www.rucashk.com\\\/pt\\\/produto\\\/realme-watch-s-global-supply\\\/#breadcrumblist\",\"itemListElement\":[{\"@type\":\"ListItem\",\"@id\":\"https:\\\/\\\/www.rucashk.com\\\/pt\\\/#listItem\",\"position\":1,\"name\":\"Home\",\"item\":\"https:\\\/\\\/www.rucashk.com\\\/pt\\\/\",\"nextItem\":\"https:\\\/\\\/www.rucashk.com\\\/pt\\\/produto\\\/realme-watch-s-global-supply\\\/#listItem\"},{\"@type\":\"ListItem\",\"@id\":\"https:\\\/\\\/www.rucashk.com\\\/pt\\\/produto\\\/realme-watch-s-global-supply\\\/#listItem\",\"position\":2,\"name\":\"Realme Watch S Global Supply\",\"previousItem\":\"https:\\\/\\\/www.rucashk.com\\\/pt\\\/#listItem\"}]},{\"@type\":\"Organization\",\"@id\":\"https:\\\/\\\/www.rucashk.com\\\/pt\\\/#organization\",\"name\":\"Rucas\",\"url\":\"https:\\\/\\\/www.rucashk.com\\\/pt\\\/\",\"logo\":{\"@type\":\"ImageObject\",\"url\":\"https:\\\/\\\/www.rucashk.com\\\/wp-content\\\/uploads\\\/2023\\\/12\\\/Rucas_campany_logo.png\",\"@id\":\"https:\\\/\\\/www.rucashk.com\\\/pt\\\/produto\\\/realme-watch-s-global-supply\\\/#organizationLogo\",\"width\":221,\"height\":65},\"image\":{\"@id\":\"https:\\\/\\\/www.rucashk.com\\\/pt\\\/#organizationLogo\"}},{\"@type\":\"Person\",\"@id\":\"https:\\\/\\\/www.rucashk.com\\\/pt\\\/author\\\/admin\\\/#author\",\"url\":\"https:\\\/\\\/www.rucashk.com\\\/pt\\\/author\\\/admin\\\/\",\"name\":\"admin\",\"image\":{\"@type\":\"ImageObject\",\"@id\":\"https:\\\/\\\/www.rucashk.com\\\/pt\\\/produto\\\/realme-watch-s-global-supply\\\/#authorImage\",\"url\":\"https:\\\/\\\/secure.gravatar.com\\\/avatar\\\/b7c8925b09a27e72b30232f8ecaadbd5af0f70a38c78096863fe51b64f031c24?s=96&d=mm&r=g\",\"width\":96,\"height\":96,\"caption\":\"admin\"}},{\"@type\":\"WebPage\",\"@id\":\"https:\\\/\\\/www.rucashk.com\\\/pt\\\/produto\\\/realme-watch-s-global-supply\\\/#webpage\",\"url\":\"https:\\\/\\\/www.rucashk.com\\\/pt\\\/produto\\\/realme-watch-s-global-supply\\\/\",\"name\":\"Realme Watch S Global Supply - Rucas - Wholesale and Distribution\",\"description\":\"Relame Watch S features: Blood oxygen monitor 15 days long battery life 1.3\\\" auto brightness touchscreen 16 sports modes 100+ stylish watch face IP68 water resistance\",\"inLanguage\":\"pt-PT\",\"isPartOf\":{\"@id\":\"https:\\\/\\\/www.rucashk.com\\\/pt\\\/#website\"},\"breadcrumb\":{\"@id\":\"https:\\\/\\\/www.rucashk.com\\\/pt\\\/produto\\\/realme-watch-s-global-supply\\\/#breadcrumblist\"},\"author\":{\"@id\":\"https:\\\/\\\/www.rucashk.com\\\/pt\\\/author\\\/admin\\\/#author\"},\"creator\":{\"@id\":\"https:\\\/\\\/www.rucashk.com\\\/pt\\\/author\\\/admin\\\/#author\"},\"image\":{\"@type\":\"ImageObject\",\"url\":\"https:\\\/\\\/www.rucashk.com\\\/wp-content\\\/uploads\\\/2024\\\/01\\\/realme_watch_s_image_1604407793000.jpg\",\"@id\":\"https:\\\/\\\/www.rucashk.com\\\/pt\\\/produto\\\/realme-watch-s-global-supply\\\/#mainImage\",\"width\":800,\"height\":800},\"primaryImageOfPage\":{\"@id\":\"https:\\\/\\\/www.rucashk.com\\\/pt\\\/produto\\\/realme-watch-s-global-supply\\\/#mainImage\"},\"datePublished\":\"2024-01-09T16:11:50+00:00\",\"dateModified\":\"2024-03-13T04:05:49+00:00\"},{\"@type\":\"WebSite\",\"@id\":\"https:\\\/\\\/www.rucashk.com\\\/pt\\\/#website\",\"url\":\"https:\\\/\\\/www.rucashk.com\\\/pt\\\/\",\"name\":\"Rucas - Wholesale and distribution worldwide\",\"alternateName\":\"Rucas - One-stop AIoT Distribution Worldwide\",\"description\":\"One-stop AIoT Distribution Worldwide\",\"inLanguage\":\"pt-PT\",\"publisher\":{\"@id\":\"https:\\\/\\\/www.rucashk.com\\\/pt\\\/#organization\"}}]}\n\t\t<\/script>\n\t\t<!-- All in One SEO Pro -->\r\n\t\t<title>Realme Watch S Global Supply - Rucas - Wholesale and Distribution<\/title>\n\n","aioseo_head_json":{"title":"Realme Watch S Global Supply - Rucas - Wholesale and Distribution","description":"Relame Watch S features: Blood oxygen monitor 15 days long battery life 1.3\" auto brightness touchscreen 16 sports modes 100+ stylish watch face IP68 water resistance","canonical_url":"https:\/\/www.rucashk.com\/pt\/produto\/realme-watch-s-global-supply\/","robots":"max-image-preview:large","keywords":"","webmasterTools":{"miscellaneous":""},"og:locale":"pt_PT","og:site_name":"Rucas - One-stop AIoT Distribution Worldwide","og:type":"article","og:title":"Realme Watch S Global Supply - Rucas - Wholesale and Distribution","og:description":"Relame Watch S features: Blood oxygen monitor 15 days long battery life 1.3&quot; auto brightness touchscreen 16 sports modes 100+ stylish watch face IP68 water resistance","og:url":"https:\/\/www.rucashk.com\/pt\/produto\/realme-watch-s-global-supply\/","og:image":"https:\/\/www.rucashk.com\/wp-content\/uploads\/replace\/503b8e645f128a97ccde2b6290747646.jpeg","og:image:secure_url":"https:\/\/www.rucashk.com\/wp-content\/uploads\/replace\/503b8e645f128a97ccde2b6290747646.jpeg","og:image:width":1456,"og:image:height":816,"article:published_time":"2024-01-09T16:11:50+00:00","article:modified_time":"2024-03-13T04:05:49+00:00","twitter:card":"summary_large_image","twitter:title":"Realme Watch S Global Supply - Rucas - Wholesale and Distribution","twitter:description":"Relame Watch S features: Blood oxygen monitor 15 days long battery life 1.3&quot; auto brightness touchscreen 16 sports modes 100+ stylish watch face IP68 water resistance","twitter:image":"https:\/\/www.rucashk.com\/wp-content\/uploads\/replace\/503b8e645f128a97ccde2b6290747646.jpeg","schema":{"@context":"https:\/\/schema.org","@graph":[{"@type":"BreadcrumbList","@id":"https:\/\/www.rucashk.com\/pt\/produto\/realme-watch-s-global-supply\/#breadcrumblist","itemListElement":[{"@type":"ListItem","@id":"https:\/\/www.rucashk.com\/pt\/#listItem","position":1,"name":"Home","item":"https:\/\/www.rucashk.com\/pt\/","nextItem":"https:\/\/www.rucashk.com\/pt\/produto\/realme-watch-s-global-supply\/#listItem"},{"@type":"ListItem","@id":"https:\/\/www.rucashk.com\/pt\/produto\/realme-watch-s-global-supply\/#listItem","position":2,"name":"Realme Watch S Global Supply","previousItem":"https:\/\/www.rucashk.com\/pt\/#listItem"}]},{"@type":"Organization","@id":"https:\/\/www.rucashk.com\/pt\/#organization","name":"Rucas","url":"https:\/\/www.rucashk.com\/pt\/","logo":{"@type":"ImageObject","url":"https:\/\/www.rucashk.com\/wp-content\/uploads\/2023\/12\/Rucas_campany_logo.png","@id":"https:\/\/www.rucashk.com\/pt\/produto\/realme-watch-s-global-supply\/#organizationLogo","width":221,"height":65},"image":{"@id":"https:\/\/www.rucashk.com\/pt\/#organizationLogo"}},{"@type":"Person","@id":"https:\/\/www.rucashk.com\/pt\/author\/admin\/#author","url":"https:\/\/www.rucashk.com\/pt\/author\/admin\/","name":"admin","image":{"@type":"ImageObject","@id":"https:\/\/www.rucashk.com\/pt\/produto\/realme-watch-s-global-supply\/#authorImage","url":"https:\/\/secure.gravatar.com\/avatar\/b7c8925b09a27e72b30232f8ecaadbd5af0f70a38c78096863fe51b64f031c24?s=96&d=mm&r=g","width":96,"height":96,"caption":"admin"}},{"@type":"WebPage","@id":"https:\/\/www.rucashk.com\/pt\/produto\/realme-watch-s-global-supply\/#webpage","url":"https:\/\/www.rucashk.com\/pt\/produto\/realme-watch-s-global-supply\/","name":"Realme Watch S Global Supply - Rucas - Wholesale and Distribution","description":"Relame Watch S features: Blood oxygen monitor 15 days long battery life 1.3\" auto brightness touchscreen 16 sports modes 100+ stylish watch face IP68 water resistance","inLanguage":"pt-PT","isPartOf":{"@id":"https:\/\/www.rucashk.com\/pt\/#website"},"breadcrumb":{"@id":"https:\/\/www.rucashk.com\/pt\/produto\/realme-watch-s-global-supply\/#breadcrumblist"},"author":{"@id":"https:\/\/www.rucashk.com\/pt\/author\/admin\/#author"},"creator":{"@id":"https:\/\/www.rucashk.com\/pt\/author\/admin\/#author"},"image":{"@type":"ImageObject","url":"https:\/\/www.rucashk.com\/wp-content\/uploads\/2024\/01\/realme_watch_s_image_1604407793000.jpg","@id":"https:\/\/www.rucashk.com\/pt\/produto\/realme-watch-s-global-supply\/#mainImage","width":800,"height":800},"primaryImageOfPage":{"@id":"https:\/\/www.rucashk.com\/pt\/produto\/realme-watch-s-global-supply\/#mainImage"},"datePublished":"2024-01-09T16:11:50+00:00","dateModified":"2024-03-13T04:05:49+00:00"},{"@type":"WebSite","@id":"https:\/\/www.rucashk.com\/pt\/#website","url":"https:\/\/www.rucashk.com\/pt\/","name":"Rucas - Wholesale and distribution worldwide","alternateName":"Rucas - One-stop AIoT Distribution Worldwide","description":"One-stop AIoT Distribution Worldwide","inLanguage":"pt-PT","publisher":{"@id":"https:\/\/www.rucashk.com\/pt\/#organization"}}]}},"aioseo_meta_data":{"post_id":"24996","title":null,"description":null,"keywords":null,"keyphrases":null,"primary_term":null,"canonical_url":null,"og_title":null,"og_description":null,"og_object_type":"default","og_image_type":"default","og_image_url":null,"og_image_width":null,"og_image_height":null,"og_image_custom_url":null,"og_image_custom_fields":null,"og_video":null,"og_custom_url":null,"og_article_section":null,"og_article_tags":null,"twitter_use_og":false,"twitter_card":"default","twitter_image_type":"default","twitter_image_url":null,"twitter_image_custom_url":null,"twitter_image_custom_fields":null,"twitter_title":null,"twitter_description":null,"schema":{"blockGraphs":[],"customGraphs":[],"default":{"data":{"Article":[],"Course":[],"Dataset":[],"FAQPage":[],"Movie":[],"Person":[],"Product":[],"Recipe":[],"Service":[],"SoftwareApplication":[],"WebPage":[]},"graphName":"","isEnabled":true},"graphs":[]},"schema_type":"default","schema_type_options":null,"pillar_content":false,"robots_default":true,"robots_noindex":false,"robots_noarchive":false,"robots_nosnippet":false,"robots_nofollow":false,"robots_noimageindex":false,"robots_noodp":false,"robots_notranslate":false,"robots_max_snippet":null,"robots_max_videopreview":null,"robots_max_imagepreview":"large","priority":null,"frequency":null,"local_seo":null,"breadcrumb_settings":null,"limit_modified_date":false,"created":"2024-04-11 01:57:16","updated":"2025-06-22 17:45:04"},"aioseo_breadcrumb":"<div class=\"aioseo-breadcrumbs\"><span class=\"aioseo-breadcrumb\">\n\t<a href=\"https:\/\/www.rucashk.com\/pt\" title=\"Home\">Home<\/a>\n<\/span><span class=\"aioseo-breadcrumb-separator\">&raquo;<\/span><span class=\"aioseo-breadcrumb\">\n\t<a href=\"https:\/\/www.rucashk.com\/pt\/products\/\" title=\"Produtos\">Produtos<\/a>\n<\/span><span class=\"aioseo-breadcrumb-separator\">&raquo;<\/span><span class=\"aioseo-breadcrumb\">\n\t<a href=\"https:\/\/www.rucashk.com\/pt\/categoria-produto\/xiaomi-eco\/\" title=\"Xiaomi Eco\">Xiaomi Eco<\/a>\n<\/span><span class=\"aioseo-breadcrumb-separator\">&raquo;<\/span><span class=\"aioseo-breadcrumb\">\n\t<a href=\"https:\/\/www.rucashk.com\/pt\/categoria-produto\/xiaomi-eco\/realme-earphone-xiaomi-eco\/\" title=\"Realme Earphone\">Realme Earphone<\/a>\n<\/span><span class=\"aioseo-breadcrumb-separator\">&raquo;<\/span><span class=\"aioseo-breadcrumb\">\n\tRealme Watch S Global Supply\n<\/span><\/div>","aioseo_breadcrumb_json":[{"label":"Home","link":"https:\/\/www.rucashk.com\/pt"},{"label":"Produtos","link":"https:\/\/www.rucashk.com\/pt\/products\/"},{"label":"Xiaomi Eco","link":"https:\/\/www.rucashk.com\/pt\/categoria-produto\/xiaomi-eco\/"},{"label":"Realme Earphone","link":"https:\/\/www.rucashk.com\/pt\/categoria-produto\/xiaomi-eco\/realme-earphone-xiaomi-eco\/"},{"label":"Realme Watch S Global Supply","link":"https:\/\/www.rucashk.com\/pt\/produto\/realme-watch-s-global-supply\/"}],"_links":{"self":[{"href":"https:\/\/www.rucashk.com\/pt\/wp-json\/wp\/v2\/product\/24996","targetHints":{"allow":["GET"]}}],"collection":[{"href":"https:\/\/www.rucashk.com\/pt\/wp-json\/wp\/v2\/product"}],"about":[{"href":"https:\/\/www.rucashk.com\/pt\/wp-json\/wp\/v2\/types\/product"}],"wp:featuredmedia":[{"embeddable":true,"href":"https:\/\/www.rucashk.com\/pt\/wp-json\/wp\/v2\/media\/25102"}],"wp:attachment":[{"href":"https:\/\/www.rucashk.com\/pt\/wp-json\/wp\/v2\/media?parent=24996"}],"wp:term":[{"taxonomy":"product_brand","embeddable":true,"href":"https:\/\/www.rucashk.com\/pt\/wp-json\/wp\/v2\/product_brand?post=24996"},{"taxonomy":"product_cat","embeddable":true,"href":"https:\/\/www.rucashk.com\/pt\/wp-json\/wp\/v2\/product_cat?post=24996"},{"taxonomy":"product_tag","embeddable":true,"href":"https:\/\/www.rucashk.com\/pt\/wp-json\/wp\/v2\/product_tag?post=24996"}],"curies":[{"name":"wp","href":"https:\/\/api.w.org\/{rel}","templated":true}]}}