{"id":24994,"date":"2024-01-09T16:11:50","date_gmt":"2024-01-09T16:11:50","guid":{"rendered":"http:\/\/rucashk.com\/?post_type=product&#038;p=24994"},"modified":"2025-06-22T07:41:20","modified_gmt":"2025-06-22T07:41:20","slug":"xiaomi-mi-watch-color-sports-edition","status":"publish","type":"product","link":"https:\/\/www.rucashk.com\/pt\/produto\/xiaomi-mi-watch-color-sports-edition\/","title":{"rendered":"Xiaomi Mi Watch Color Sports Edition"},"content":{"rendered":"<h4 style=\"text-align: center\"><em><strong>Xiaomi Mi Watch Color Sports Edition<img decoding=\"async\" src=\"\/wp-content\/uploads\/replace\/041693df61c2573415082d8e87e7a50d.jpeg\" alt=\"\u56fe\u7247\" \/><\/strong><\/em><\/h4>\n<p><em><strong><img fetchpriority=\"high\" decoding=\"async\" class=\"alignnone\" src=\"\/wp-content\/uploads\/replace\/a6427417f984c8f53fd3e054c93c1240.jpeg\" alt=\"Xiaomi Mi Watch Color Sports Edition\" width=\"958\" height=\"675\" \/><img decoding=\"async\" class=\"alignnone\" src=\"\/wp-content\/uploads\/replace\/04250bee3bd063c9af4d230f8ddddd1e.jpeg\" alt=\"Xiaomi Mi Watch Color Sports Edition\" width=\"958\" height=\"738\" \/><img decoding=\"async\" class=\"alignnone\" src=\"\/wp-content\/uploads\/replace\/285f335d20d85ba67ef8bef684fcc707.jpeg\" alt=\"Xiaomi Mi Watch Color Sports Edition\" width=\"958\" height=\"449\" \/><img loading=\"lazy\" decoding=\"async\" class=\"alignnone\" src=\"\/wp-content\/uploads\/replace\/127cfac6cf952c6a02e8c1a228281de4.jpeg\" alt=\"Xiaomi Mi Watch Color Sports Edition\" width=\"958\" height=\"796\" \/><img loading=\"lazy\" decoding=\"async\" class=\"alignnone\" src=\"\/wp-content\/uploads\/replace\/1a799dba5cb75e28292b9f1c44bfa110.jpeg\" alt=\"Xiaomi Mi Watch Color Sports Edition\" width=\"958\" height=\"976\" \/><img decoding=\"async\" src=\"\/wp-content\/uploads\/replace\/8684bb4eecf4b7cf0f04213d0527bd54.jpeg\" alt=\"xq_06\" \/><img decoding=\"async\" src=\"\/wp-content\/uploads\/replace\/4b3e7e10f5fb48ede64e988700b0fc9a.jpeg\" alt=\"xq_07\" \/><img decoding=\"async\" src=\"\/wp-content\/uploads\/replace\/370ea5a2ef9658f83cdd8c519b487d1d.jpeg\" alt=\"xq_08\" \/><img decoding=\"async\" src=\"\/wp-content\/uploads\/replace\/07115aef7a9f69470c58b3c51ff73872.jpeg\" alt=\"xq_09\" \/><img decoding=\"async\" src=\"\/wp-content\/uploads\/replace\/058bcd4aef06374ff6dd1f48e94c725f.jpeg\" alt=\"xq_10\" \/><img decoding=\"async\" src=\"\/wp-content\/uploads\/replace\/429b28ab329c26902500c7a8ab621b91.jpeg\" alt=\"xq_11\" \/><img decoding=\"async\" src=\"\/wp-content\/uploads\/replace\/f5aa3c7b0f6d9bdbf894ac171ef1571a.jpeg\" alt=\"xq_12\" \/><img decoding=\"async\" src=\"\/wp-content\/uploads\/replace\/1be01abf99ab31fe31a1b619fe3ede19.jpeg\" alt=\"xq_13\" \/><img decoding=\"async\" src=\"\/wp-content\/uploads\/replace\/e2836746992290ac112c0f83813aa301.jpeg\" alt=\"xq_14\" \/><img decoding=\"async\" src=\"\/wp-content\/uploads\/replace\/d8237e3e1d01602013e07375a0af3f48.jpeg\" alt=\"xq_15\" \/><img decoding=\"async\" src=\"\/wp-content\/uploads\/replace\/6be86ece9d47c78b58dd22be758a0ed5.jpeg\" alt=\"xq_16\" \/><img decoding=\"async\" src=\"\/wp-content\/uploads\/replace\/ff6e19a7ee10e728c62622d974c550e3.jpeg\" alt=\"xq_17\" \/><img decoding=\"async\" src=\"\/wp-content\/uploads\/replace\/8db85b5a7968900b9106369dc34577dc.jpeg\" alt=\"xq_18\" \/><img decoding=\"async\" src=\"\/wp-content\/uploads\/replace\/f0398fb8dde4a745af655dd907d88de0.jpeg\" alt=\"xq_19\" \/><img decoding=\"async\" src=\"\/wp-content\/uploads\/replace\/19f1152be6d70529ed522304e0a95954.jpeg\" alt=\"xq_20\" \/><img decoding=\"async\" src=\"\/wp-content\/uploads\/replace\/db34aed943fa56db3b75fdbd9c7d47b6.jpeg\" alt=\"xq_21\" \/><img decoding=\"async\" src=\"\/wp-content\/uploads\/replace\/105f8e579de3f6b0656ad76d59ade63e.jpeg\" alt=\"xq_22\" \/><\/strong><\/em><\/p>\n<p><em><strong>Par\u00e2metro do produto<\/strong><\/em><\/p>\n<div>Modelo: XMWTCL01<\/div>\n<div>Tamanho: 45,9*53,35*11,8mm (excluindo al\u00e7a e sali\u00eancias locais),<\/div>\n<div>Estrutura: Poliamida refor\u00e7ada com fibra de vidro<\/div>\n<div>Tela: display AMOLED de 1,39 polegadas<\/div>\n<div>Resolu\u00e7\u00e3o: 454*454<\/div>\n<div>Correia: material TPU<\/div>\n<div>Comprimento ajust\u00e1vel: 130-220mm<\/div>\n<div>Conex\u00e3o sem fio: Bluetooth 5.0<\/div>\n<div>Sensores: sensor de frequ\u00eancia card\u00edaca, sensor de acelera\u00e7\u00e3o, girosc\u00f3pio, sensor geomagn\u00e9tico, sensor de press\u00e3o atmosf\u00e9rica, sensor de luz ambiente<\/div>\n<div>Posicionamento por sat\u00e9lite: GPS, GLONASS, Galileo, Beidou<\/div>\n<div>Capacidade da bateria: 420mAh<\/div>\n<div>Grau \u00e0 prova d&#039;\u00e1gua: 5ATM \u00e0 prova d&#039;\u00e1gua<\/div>\n<div>Temperatura de trabalho: -10\u2103-45\u2103<\/div>\n<div>Idioma do sistema: chin\u00eas simplificado\/ingl\u00eas<\/div>\n<div>Sistema de suporte: Android 4.4 e iOS10 e superior<\/div>\n<div>Padr\u00e3o executivo: Q\/021XWT-2019<\/div>\n<div><\/div>\n<div><em><strong>Lista de embalagem<\/strong><\/em><\/div>\n<div>Assista corpo * 1<\/div>\n<div>Base de carregamento magn\u00e9tica de contato * 1<\/div>\n<div>Manual do usu\u00e1rio*1<\/div>","protected":false},"excerpt":{"rendered":"<p><b>Principais caracter\u00edsticas:<\/b><br \/>\n\u25cf1.39 inch HD AMOLED Display<br \/>\n\u25cfFashion Colorful Straps<br \/>\n\u25cf110+ Personalized Watch Dials<br \/>\n\u25cf10 Sports Mode<br \/>\n\u25cf14 Days Long Standby Once Charge<br \/>\n\u25cfProfessional Health Monitor, Fully Show Your Physical State<br \/>\n\u25cf50m Waterproof Level<\/p>","protected":false},"featured_media":25093,"template":"","meta":[],"product_brand":[1363],"product_cat":[1307,1305],"product_tag":[427,1181,420],"class_list":{"0":"post-24994","1":"product","2":"type-product","3":"status-publish","4":"has-post-thumbnail","6":"product_brand-xiaomi","7":"product_cat-mi-band-smartwatch","8":"product_cat-xiaomi-eco","9":"product_tag-smart-watch","10":"product_tag-sport","11":"product_tag-xiaomi","13":"first","14":"instock","15":"shipping-taxable","16":"product-type-external"},"aioseo_notices":[],"aioseo_head":"\n\t\t<!-- All in One SEO Pro 4.5.9.2 - aioseo.com -->\n\t\t<meta name=\"description\" content=\"Main Features: \u25cf1.39 inch HD AMOLED Display \u25cfFashion Colorful Straps \u25cf110+ Personalized Watch Dials \u25cf10 Sports Mode \u25cf14 Days Long Standby Once Charge \u25cfProfessional Health Monitor, Fully Show Your Physical State \u25cf50m Waterproof Level\" \/>\n\t\t<meta name=\"robots\" content=\"max-image-preview:large\" \/>\n\t\t<link rel=\"canonical\" href=\"https:\/\/www.rucashk.com\/pt\/produto\/xiaomi-mi-watch-color-sports-edition\/\" \/>\n\t\t<meta name=\"generator\" content=\"All in One SEO Pro (AIOSEO) 4.5.9.2\" \/>\n\t\t<meta property=\"og:locale\" content=\"pt_PT\" \/>\n\t\t<meta property=\"og:site_name\" content=\"Rucas - One-stop AIoT Distribution Worldwide\" \/>\n\t\t<meta property=\"og:type\" content=\"article\" \/>\n\t\t<meta property=\"og:title\" content=\"Xiaomi Mi Watch Color Sports Edition - Rucas - Wholesale and Distribution\" \/>\n\t\t<meta property=\"og:description\" content=\"Main Features: \u25cf1.39 inch HD AMOLED Display \u25cfFashion Colorful Straps \u25cf110+ Personalized Watch Dials \u25cf10 Sports Mode \u25cf14 Days Long Standby Once Charge \u25cfProfessional Health Monitor, Fully Show Your Physical State \u25cf50m Waterproof Level\" \/>\n\t\t<meta property=\"og:url\" content=\"https:\/\/www.rucashk.com\/pt\/produto\/xiaomi-mi-watch-color-sports-edition\/\" \/>\n\t\t<meta property=\"og:image\" content=\"https:\/\/www.rucashk.com\/wp-content\/uploads\/replace\/503b8e645f128a97ccde2b6290747646.jpeg\" \/>\n\t\t<meta property=\"og:image:secure_url\" content=\"https:\/\/www.rucashk.com\/wp-content\/uploads\/replace\/503b8e645f128a97ccde2b6290747646.jpeg\" \/>\n\t\t<meta property=\"og:image:width\" content=\"1456\" \/>\n\t\t<meta property=\"og:image:height\" content=\"816\" \/>\n\t\t<meta property=\"article:published_time\" content=\"2024-01-09T16:11:50+00:00\" \/>\n\t\t<meta property=\"article:modified_time\" content=\"2025-06-22T07:41:20+00:00\" \/>\n\t\t<meta name=\"twitter:card\" content=\"summary_large_image\" \/>\n\t\t<meta name=\"twitter:title\" content=\"Xiaomi Mi Watch Color Sports Edition - Rucas - Wholesale and Distribution\" \/>\n\t\t<meta name=\"twitter:description\" content=\"Main Features: \u25cf1.39 inch HD AMOLED Display \u25cfFashion Colorful Straps \u25cf110+ Personalized Watch Dials \u25cf10 Sports Mode \u25cf14 Days Long Standby Once Charge \u25cfProfessional Health Monitor, Fully Show Your Physical State \u25cf50m Waterproof Level\" \/>\n\t\t<meta name=\"twitter:image\" content=\"https:\/\/www.rucashk.com\/wp-content\/uploads\/replace\/503b8e645f128a97ccde2b6290747646.jpeg\" \/>\n\t\t<script type=\"application\/ld+json\" class=\"aioseo-schema\">\n\t\t\t{\"@context\":\"https:\\\/\\\/schema.org\",\"@graph\":[{\"@type\":\"BreadcrumbList\",\"@id\":\"https:\\\/\\\/www.rucashk.com\\\/pt\\\/produto\\\/xiaomi-mi-watch-color-sports-edition\\\/#breadcrumblist\",\"itemListElement\":[{\"@type\":\"ListItem\",\"@id\":\"https:\\\/\\\/www.rucashk.com\\\/pt\\\/#listItem\",\"position\":1,\"name\":\"Home\",\"item\":\"https:\\\/\\\/www.rucashk.com\\\/pt\\\/\",\"nextItem\":\"https:\\\/\\\/www.rucashk.com\\\/pt\\\/produto\\\/xiaomi-mi-watch-color-sports-edition\\\/#listItem\"},{\"@type\":\"ListItem\",\"@id\":\"https:\\\/\\\/www.rucashk.com\\\/pt\\\/produto\\\/xiaomi-mi-watch-color-sports-edition\\\/#listItem\",\"position\":2,\"name\":\"Xiaomi Mi Watch Color Sports Edition\",\"previousItem\":\"https:\\\/\\\/www.rucashk.com\\\/pt\\\/#listItem\"}]},{\"@type\":\"Organization\",\"@id\":\"https:\\\/\\\/www.rucashk.com\\\/pt\\\/#organization\",\"name\":\"Rucas\",\"url\":\"https:\\\/\\\/www.rucashk.com\\\/pt\\\/\",\"logo\":{\"@type\":\"ImageObject\",\"url\":\"https:\\\/\\\/www.rucashk.com\\\/wp-content\\\/uploads\\\/2023\\\/12\\\/Rucas_campany_logo.png\",\"@id\":\"https:\\\/\\\/www.rucashk.com\\\/pt\\\/produto\\\/xiaomi-mi-watch-color-sports-edition\\\/#organizationLogo\",\"width\":221,\"height\":65},\"image\":{\"@id\":\"https:\\\/\\\/www.rucashk.com\\\/pt\\\/#organizationLogo\"}},{\"@type\":\"Person\",\"@id\":\"https:\\\/\\\/www.rucashk.com\\\/pt\\\/author\\\/admin\\\/#author\",\"url\":\"https:\\\/\\\/www.rucashk.com\\\/pt\\\/author\\\/admin\\\/\",\"name\":\"admin\",\"image\":{\"@type\":\"ImageObject\",\"@id\":\"https:\\\/\\\/www.rucashk.com\\\/pt\\\/produto\\\/xiaomi-mi-watch-color-sports-edition\\\/#authorImage\",\"url\":\"https:\\\/\\\/secure.gravatar.com\\\/avatar\\\/b7c8925b09a27e72b30232f8ecaadbd5af0f70a38c78096863fe51b64f031c24?s=96&d=mm&r=g\",\"width\":96,\"height\":96,\"caption\":\"admin\"}},{\"@type\":\"WebPage\",\"@id\":\"https:\\\/\\\/www.rucashk.com\\\/pt\\\/produto\\\/xiaomi-mi-watch-color-sports-edition\\\/#webpage\",\"url\":\"https:\\\/\\\/www.rucashk.com\\\/pt\\\/produto\\\/xiaomi-mi-watch-color-sports-edition\\\/\",\"name\":\"Xiaomi Mi Watch Color Sports Edition - Rucas - Wholesale and Distribution\",\"description\":\"Main Features: \\u25cf1.39 inch HD AMOLED Display \\u25cfFashion Colorful Straps \\u25cf110+ Personalized Watch Dials \\u25cf10 Sports Mode \\u25cf14 Days Long Standby Once Charge \\u25cfProfessional Health Monitor, Fully Show Your Physical State \\u25cf50m Waterproof Level\",\"inLanguage\":\"pt-PT\",\"isPartOf\":{\"@id\":\"https:\\\/\\\/www.rucashk.com\\\/pt\\\/#website\"},\"breadcrumb\":{\"@id\":\"https:\\\/\\\/www.rucashk.com\\\/pt\\\/produto\\\/xiaomi-mi-watch-color-sports-edition\\\/#breadcrumblist\"},\"author\":{\"@id\":\"https:\\\/\\\/www.rucashk.com\\\/pt\\\/author\\\/admin\\\/#author\"},\"creator\":{\"@id\":\"https:\\\/\\\/www.rucashk.com\\\/pt\\\/author\\\/admin\\\/#author\"},\"image\":{\"@type\":\"ImageObject\",\"url\":\"https:\\\/\\\/www.rucashk.com\\\/wp-content\\\/uploads\\\/2024\\\/01\\\/5-4.jpg\",\"@id\":\"https:\\\/\\\/www.rucashk.com\\\/pt\\\/produto\\\/xiaomi-mi-watch-color-sports-edition\\\/#mainImage\",\"width\":800,\"height\":800},\"primaryImageOfPage\":{\"@id\":\"https:\\\/\\\/www.rucashk.com\\\/pt\\\/produto\\\/xiaomi-mi-watch-color-sports-edition\\\/#mainImage\"},\"datePublished\":\"2024-01-09T16:11:50+00:00\",\"dateModified\":\"2025-06-22T07:41:20+00:00\"},{\"@type\":\"WebSite\",\"@id\":\"https:\\\/\\\/www.rucashk.com\\\/pt\\\/#website\",\"url\":\"https:\\\/\\\/www.rucashk.com\\\/pt\\\/\",\"name\":\"Rucas - Wholesale and distribution worldwide\",\"alternateName\":\"Rucas - One-stop AIoT Distribution Worldwide\",\"description\":\"One-stop AIoT Distribution Worldwide\",\"inLanguage\":\"pt-PT\",\"publisher\":{\"@id\":\"https:\\\/\\\/www.rucashk.com\\\/pt\\\/#organization\"}}]}\n\t\t<\/script>\n\t\t<!-- All in One SEO Pro -->\r\n\t\t<title>Xiaomi Mi Watch Color Sports Edition - Rucas - Wholesale and Distribution<\/title>\n\n","aioseo_head_json":{"title":"Xiaomi Mi Watch Color Sports Edition - Rucas - Wholesale and Distribution","description":"Main Features: \u25cf1.39 inch HD AMOLED Display \u25cfFashion Colorful Straps \u25cf110+ Personalized Watch Dials \u25cf10 Sports Mode \u25cf14 Days Long Standby Once Charge \u25cfProfessional Health Monitor, Fully Show Your Physical State \u25cf50m Waterproof Level","canonical_url":"https:\/\/www.rucashk.com\/pt\/produto\/xiaomi-mi-watch-color-sports-edition\/","robots":"max-image-preview:large","keywords":"","webmasterTools":{"miscellaneous":""},"og:locale":"pt_PT","og:site_name":"Rucas - One-stop AIoT Distribution Worldwide","og:type":"article","og:title":"Xiaomi Mi Watch Color Sports Edition - Rucas - Wholesale and Distribution","og:description":"Main Features: \u25cf1.39 inch HD AMOLED Display \u25cfFashion Colorful Straps \u25cf110+ Personalized Watch Dials \u25cf10 Sports Mode \u25cf14 Days Long Standby Once Charge \u25cfProfessional Health Monitor, Fully Show Your Physical State \u25cf50m Waterproof Level","og:url":"https:\/\/www.rucashk.com\/pt\/produto\/xiaomi-mi-watch-color-sports-edition\/","og:image":"https:\/\/www.rucashk.com\/wp-content\/uploads\/replace\/503b8e645f128a97ccde2b6290747646.jpeg","og:image:secure_url":"https:\/\/www.rucashk.com\/wp-content\/uploads\/replace\/503b8e645f128a97ccde2b6290747646.jpeg","og:image:width":1456,"og:image:height":816,"article:published_time":"2024-01-09T16:11:50+00:00","article:modified_time":"2025-06-22T07:41:20+00:00","twitter:card":"summary_large_image","twitter:title":"Xiaomi Mi Watch Color Sports Edition - Rucas - Wholesale and Distribution","twitter:description":"Main Features: \u25cf1.39 inch HD AMOLED Display \u25cfFashion Colorful Straps \u25cf110+ Personalized Watch Dials \u25cf10 Sports Mode \u25cf14 Days Long Standby Once Charge \u25cfProfessional Health Monitor, Fully Show Your Physical State \u25cf50m Waterproof Level","twitter:image":"https:\/\/www.rucashk.com\/wp-content\/uploads\/replace\/503b8e645f128a97ccde2b6290747646.jpeg","schema":{"@context":"https:\/\/schema.org","@graph":[{"@type":"BreadcrumbList","@id":"https:\/\/www.rucashk.com\/pt\/produto\/xiaomi-mi-watch-color-sports-edition\/#breadcrumblist","itemListElement":[{"@type":"ListItem","@id":"https:\/\/www.rucashk.com\/pt\/#listItem","position":1,"name":"Home","item":"https:\/\/www.rucashk.com\/pt\/","nextItem":"https:\/\/www.rucashk.com\/pt\/produto\/xiaomi-mi-watch-color-sports-edition\/#listItem"},{"@type":"ListItem","@id":"https:\/\/www.rucashk.com\/pt\/produto\/xiaomi-mi-watch-color-sports-edition\/#listItem","position":2,"name":"Xiaomi Mi Watch Color Sports Edition","previousItem":"https:\/\/www.rucashk.com\/pt\/#listItem"}]},{"@type":"Organization","@id":"https:\/\/www.rucashk.com\/pt\/#organization","name":"Rucas","url":"https:\/\/www.rucashk.com\/pt\/","logo":{"@type":"ImageObject","url":"https:\/\/www.rucashk.com\/wp-content\/uploads\/2023\/12\/Rucas_campany_logo.png","@id":"https:\/\/www.rucashk.com\/pt\/produto\/xiaomi-mi-watch-color-sports-edition\/#organizationLogo","width":221,"height":65},"image":{"@id":"https:\/\/www.rucashk.com\/pt\/#organizationLogo"}},{"@type":"Person","@id":"https:\/\/www.rucashk.com\/pt\/author\/admin\/#author","url":"https:\/\/www.rucashk.com\/pt\/author\/admin\/","name":"admin","image":{"@type":"ImageObject","@id":"https:\/\/www.rucashk.com\/pt\/produto\/xiaomi-mi-watch-color-sports-edition\/#authorImage","url":"https:\/\/secure.gravatar.com\/avatar\/b7c8925b09a27e72b30232f8ecaadbd5af0f70a38c78096863fe51b64f031c24?s=96&d=mm&r=g","width":96,"height":96,"caption":"admin"}},{"@type":"WebPage","@id":"https:\/\/www.rucashk.com\/pt\/produto\/xiaomi-mi-watch-color-sports-edition\/#webpage","url":"https:\/\/www.rucashk.com\/pt\/produto\/xiaomi-mi-watch-color-sports-edition\/","name":"Xiaomi Mi Watch Color Sports Edition - Rucas - Wholesale and Distribution","description":"Main Features: \u25cf1.39 inch HD AMOLED Display \u25cfFashion Colorful Straps \u25cf110+ Personalized Watch Dials \u25cf10 Sports Mode \u25cf14 Days Long Standby Once Charge \u25cfProfessional Health Monitor, Fully Show Your Physical State \u25cf50m Waterproof Level","inLanguage":"pt-PT","isPartOf":{"@id":"https:\/\/www.rucashk.com\/pt\/#website"},"breadcrumb":{"@id":"https:\/\/www.rucashk.com\/pt\/produto\/xiaomi-mi-watch-color-sports-edition\/#breadcrumblist"},"author":{"@id":"https:\/\/www.rucashk.com\/pt\/author\/admin\/#author"},"creator":{"@id":"https:\/\/www.rucashk.com\/pt\/author\/admin\/#author"},"image":{"@type":"ImageObject","url":"https:\/\/www.rucashk.com\/wp-content\/uploads\/2024\/01\/5-4.jpg","@id":"https:\/\/www.rucashk.com\/pt\/produto\/xiaomi-mi-watch-color-sports-edition\/#mainImage","width":800,"height":800},"primaryImageOfPage":{"@id":"https:\/\/www.rucashk.com\/pt\/produto\/xiaomi-mi-watch-color-sports-edition\/#mainImage"},"datePublished":"2024-01-09T16:11:50+00:00","dateModified":"2025-06-22T07:41:20+00:00"},{"@type":"WebSite","@id":"https:\/\/www.rucashk.com\/pt\/#website","url":"https:\/\/www.rucashk.com\/pt\/","name":"Rucas - Wholesale and distribution worldwide","alternateName":"Rucas - One-stop AIoT Distribution Worldwide","description":"One-stop AIoT Distribution Worldwide","inLanguage":"pt-PT","publisher":{"@id":"https:\/\/www.rucashk.com\/pt\/#organization"}}]}},"aioseo_meta_data":{"post_id":"24994","title":null,"description":null,"keywords":null,"keyphrases":null,"primary_term":null,"canonical_url":null,"og_title":null,"og_description":null,"og_object_type":"default","og_image_type":"default","og_image_url":null,"og_image_width":null,"og_image_height":null,"og_image_custom_url":null,"og_image_custom_fields":null,"og_video":null,"og_custom_url":null,"og_article_section":null,"og_article_tags":null,"twitter_use_og":false,"twitter_card":"default","twitter_image_type":"default","twitter_image_url":null,"twitter_image_custom_url":null,"twitter_image_custom_fields":null,"twitter_title":null,"twitter_description":null,"schema":{"blockGraphs":[],"customGraphs":[],"default":{"data":{"Article":[],"Course":[],"Dataset":[],"FAQPage":[],"Movie":[],"Person":[],"Product":[],"Recipe":[],"Service":[],"SoftwareApplication":[],"WebPage":[]},"graphName":"","isEnabled":true},"graphs":[]},"schema_type":"default","schema_type_options":null,"pillar_content":false,"robots_default":true,"robots_noindex":false,"robots_noarchive":false,"robots_nosnippet":false,"robots_nofollow":false,"robots_noimageindex":false,"robots_noodp":false,"robots_notranslate":false,"robots_max_snippet":null,"robots_max_videopreview":null,"robots_max_imagepreview":"large","priority":null,"frequency":null,"local_seo":null,"breadcrumb_settings":null,"limit_modified_date":false,"created":"2024-04-11 01:57:16","updated":"2025-06-22 17:44:06"},"aioseo_breadcrumb":"<div class=\"aioseo-breadcrumbs\"><span class=\"aioseo-breadcrumb\">\n\t<a href=\"https:\/\/www.rucashk.com\/pt\" title=\"Home\">Home<\/a>\n<\/span><span class=\"aioseo-breadcrumb-separator\">&raquo;<\/span><span class=\"aioseo-breadcrumb\">\n\t<a href=\"https:\/\/www.rucashk.com\/pt\/products\/\" title=\"Produtos\">Produtos<\/a>\n<\/span><span class=\"aioseo-breadcrumb-separator\">&raquo;<\/span><span class=\"aioseo-breadcrumb\">\n\t<a href=\"https:\/\/www.rucashk.com\/pt\/marca\/xiaomi\/\" title=\"Xiaomi\">Xiaomi<\/a>\n<\/span><span class=\"aioseo-breadcrumb-separator\">&raquo;<\/span><span class=\"aioseo-breadcrumb\">\n\tXiaomi Mi Watch Color Sports Edition\n<\/span><\/div>","aioseo_breadcrumb_json":[{"label":"Home","link":"https:\/\/www.rucashk.com\/pt"},{"label":"Produtos","link":"https:\/\/www.rucashk.com\/pt\/products\/"},{"label":"Xiaomi","link":"https:\/\/www.rucashk.com\/pt\/marca\/xiaomi\/"},{"label":"Xiaomi Mi Watch Color Sports Edition","link":"https:\/\/www.rucashk.com\/pt\/produto\/xiaomi-mi-watch-color-sports-edition\/"}],"_links":{"self":[{"href":"https:\/\/www.rucashk.com\/pt\/wp-json\/wp\/v2\/product\/24994","targetHints":{"allow":["GET"]}}],"collection":[{"href":"https:\/\/www.rucashk.com\/pt\/wp-json\/wp\/v2\/product"}],"about":[{"href":"https:\/\/www.rucashk.com\/pt\/wp-json\/wp\/v2\/types\/product"}],"wp:featuredmedia":[{"embeddable":true,"href":"https:\/\/www.rucashk.com\/pt\/wp-json\/wp\/v2\/media\/25093"}],"wp:attachment":[{"href":"https:\/\/www.rucashk.com\/pt\/wp-json\/wp\/v2\/media?parent=24994"}],"wp:term":[{"taxonomy":"product_brand","embeddable":true,"href":"https:\/\/www.rucashk.com\/pt\/wp-json\/wp\/v2\/product_brand?post=24994"},{"taxonomy":"product_cat","embeddable":true,"href":"https:\/\/www.rucashk.com\/pt\/wp-json\/wp\/v2\/product_cat?post=24994"},{"taxonomy":"product_tag","embeddable":true,"href":"https:\/\/www.rucashk.com\/pt\/wp-json\/wp\/v2\/product_tag?post=24994"}],"curies":[{"name":"wp","href":"https:\/\/api.w.org\/{rel}","templated":true}]}}