{"id":24968,"date":"2024-01-09T16:11:28","date_gmt":"2024-01-09T16:11:28","guid":{"rendered":"http:\/\/rucashk.com\/?post_type=product&#038;p=24968"},"modified":"2024-03-12T04:04:07","modified_gmt":"2024-03-12T04:04:07","slug":"amazfit-neo-smart-watch","status":"publish","type":"product","link":"https:\/\/www.rucashk.com\/pt\/produto\/amazfit-neo-smart-watch\/","title":{"rendered":"Rel\u00f3gio inteligente Amazfit Neo"},"content":{"rendered":"<div class=\"celwidget aplus-module 3p-module-b aplus-standard\" data-csa-c-id=\"y8gnsk-1j8ib6-huul4o-xwg231\" data-cel-widget=\"aplus-3p-module-b\">\n<div class=\"aplus-module-wrapper aplus-3p-fixed-width\"><img fetchpriority=\"high\" decoding=\"async\" class=\"a-spacing-base alignnone aligncenter\" src=\"\/wp-content\/uploads\/replace\/585a734fb456e92d2ae5eb5f036001a2.png\" alt=\"Amazfit Neo Smart Watch\" width=\"970\" height=\"600\" data-src=\"\/wp-content\/uploads\/replace\/585a734fb456e92d2ae5eb5f036001a2.png\" \/><\/div>\n<\/div>\n<div class=\"celwidget aplus-module module-9 aplus-standard\" style=\"text-align: center\" data-csa-c-id=\"wgxvyd-3n7k6-3s6v47-urnw3s\" data-cel-widget=\"aplus-module-9\">\n<div class=\"a-expander-collapsed-height a-row a-expander-container a-expander-partial-collapse-container\" data-a-expander-name=\"aplus-module-expander\" data-a-expander-collapsed-height=\"700\">\n<div class=\"a-expander-content a-expander-partial-collapse-content\">\n<div class=\"aplus-module-wrapper apm-fixed-width\">\n<div class=\"apm-spacing apm-fixed-width\">\n<table class=\"apm-fixed-width apm-eventhirdcol-table\">\n<tbody>\n<tr>\n<th class=\"apm-center\">\n<div class=\"apm-eventhirdcol apm-floatleft\">\n<p><img decoding=\"async\" class=\"a-spacing-mini aligncenter\" src=\"\/wp-content\/uploads\/replace\/bc5c6a3847a6a96900a66d63619776f8.png\" alt=\"Amazfit Neo Smart Watch\" width=\"208\" height=\"208\" data-src=\"\/wp-content\/uploads\/replace\/bc5c6a3847a6a96900a66d63619776f8.png\" \/><\/p>\n<\/div>\n<\/th>\n<th class=\"apm-center\">\n<div class=\"apm-eventhirdcol apm-floatleft\">\n<p><img decoding=\"async\" class=\"a-spacing-mini aligncenter\" src=\"\/wp-content\/uploads\/replace\/8d79844171ea45ec4ed7ef88c8216c05.png\" alt=\"Amazfit Neo Smart Watch\" width=\"209\" height=\"209\" data-src=\"\/wp-content\/uploads\/replace\/8d79844171ea45ec4ed7ef88c8216c05.png\" \/><\/p>\n<\/div>\n<\/th>\n<th class=\"apm-center\">\n<div class=\"apm-eventhirdcol apm-floatleft\">\n<p><img loading=\"lazy\" decoding=\"async\" class=\"a-spacing-mini aligncenter\" src=\"\/wp-content\/uploads\/replace\/4da90ff36b2fbb19fb893fb062d29ad0.png\" alt=\"Amazfit Neo Smart Watch\" width=\"249\" height=\"249\" data-src=\"\/wp-content\/uploads\/replace\/4da90ff36b2fbb19fb893fb062d29ad0.png\" \/><\/p>\n<\/div>\n<\/th>\n<\/tr>\n<tr>\n<td class=\"apm-top\">\n<div class=\"apm-eventhirdcol apm-floatleft\">\n<h4 class=\"a-spacing-mini\">Nunca perca uma batida importante<\/h4>\n<p>O Amazfit Neo pode monitorar sua frequ\u00eancia card\u00edaca 24 horas por dia, 7 dias por semana. Equipado com sensor BioTrackerTM PPG3, o smartwatch monitora sua frequ\u00eancia card\u00edaca 24 horas por dia, fornecendo monitoramento de frequ\u00eancia card\u00edaca em tempo real para ajud\u00e1-lo a entender melhor seu estado de sa\u00fade.<\/p>\n<\/div>\n<\/td>\n<td class=\"apm-top\">\n<div class=\"apm-eventhirdcol apm-floatleft\">\n<h4 class=\"a-spacing-mini\">Avan\u00e7ado. Retr\u00f4. Vers\u00e1til<\/h4>\n<p>O Amazfit Neo traz tela retr\u00f4 de quatro lados, equipada com quatro bot\u00f5es f\u00edsicos. Seu design proporciona o equil\u00edbrio perfeito entre estilo para o seu guarda-roupa di\u00e1rio e funcionalidade vers\u00e1til com o uso de bot\u00f5es f\u00edsicos. \u00c9 a combina\u00e7\u00e3o perfeita de design cl\u00e1ssico e recursos modernos.<\/p>\n<\/div>\n<\/td>\n<td class=\"apm-top\">\n<div class=\"apm-eventhirdcol apm-floatleft\">\n<h4 class=\"a-spacing-mini\">Sua sa\u00fade, num piscar de olhos<\/h4>\n<p>O Amazfit Neo integra o inovador Sistema de Avalia\u00e7\u00e3o de Sa\u00fade PAI, que elimina a necessidade de rastrear dados complicados e permite compreender intuitivamente o seu estado f\u00edsico num piscar de olhos.<\/p>\n<p>O PAITM pode ser usado a qualquer hora, em qualquer lugar e com qualquer forma de exerc\u00edcio no seu dia a dia. Obtenha uma compreens\u00e3o clara da sua sa\u00fade atrav\u00e9s da sua pontua\u00e7\u00e3o PAI sem ter que acompanhar dados complexos.<\/p>\n<\/div>\n<\/td>\n<\/tr>\n<\/tbody>\n<\/table>\n<\/div>\n<\/div>\n<div><\/div>\n<\/div>\n<\/div>\n<\/div>\n<div class=\"celwidget aplus-module module-9 aplus-standard\" style=\"text-align: center\" data-csa-c-id=\"89g5d8-bbidgb-z7v0y9-2lt6s9\" data-cel-widget=\"aplus-module-9\">\n<div class=\"a-expander-collapsed-height a-row a-expander-container a-expander-partial-collapse-container\" data-a-expander-name=\"aplus-module-expander\" data-a-expander-collapsed-height=\"700\">\n<div class=\"a-expander-content a-expander-partial-collapse-content\">\n<div class=\"aplus-module-wrapper apm-fixed-width\">\n<div class=\"apm-spacing apm-fixed-width\">\n<table class=\"apm-fixed-width apm-eventhirdcol-table\">\n<tbody>\n<tr>\n<th class=\"apm-center\">\n<div class=\"apm-eventhirdcol apm-floatleft\">\n<p><img loading=\"lazy\" decoding=\"async\" class=\"a-spacing-mini aligncenter\" src=\"\/wp-content\/uploads\/replace\/0531613c802351f19e4e0e4cdc8d85fc.png\" alt=\"Amazfit Neo Smart Watch\" width=\"193\" height=\"193\" data-src=\"\/wp-content\/uploads\/replace\/0531613c802351f19e4e0e4cdc8d85fc.png\" \/><\/p>\n<\/div>\n<\/th>\n<th class=\"apm-center\">\n<div class=\"apm-eventhirdcol apm-floatleft\">\n<p><img loading=\"lazy\" decoding=\"async\" class=\"a-spacing-mini alignnone\" src=\"\/wp-content\/uploads\/replace\/ef6fff8c2179b38d2a3f70b16da1c97e.png\" alt=\"Amazfit Neo Smart Watch\" width=\"201\" height=\"201\" data-src=\"\/wp-content\/uploads\/replace\/ef6fff8c2179b38d2a3f70b16da1c97e.png\" \/><\/p>\n<\/div>\n<\/th>\n<th class=\"apm-center\">\n<div class=\"apm-eventhirdcol apm-floatleft\">\n<p><img loading=\"lazy\" decoding=\"async\" class=\"a-spacing-mini alignnone\" src=\"\/wp-content\/uploads\/replace\/3b21c5bf8cfb4076a829c94ba292582f.png\" alt=\"Amazfit Neo Smart Watch\" width=\"244\" height=\"244\" data-src=\"\/wp-content\/uploads\/replace\/3b21c5bf8cfb4076a829c94ba292582f.png\" \/><\/p>\n<\/div>\n<\/th>\n<\/tr>\n<tr>\n<td class=\"apm-top\">\n<div class=\"apm-eventhirdcol apm-floatleft\">\n<h4 class=\"a-spacing-mini\">Seu sono, cuidado<\/h4>\n<p>O Amazfit Neo monitora seu sono sem esfor\u00e7o. Uma vez sincronizado com o aplicativo, voc\u00ea pode revisar os v\u00e1rios est\u00e1gios e a qualidade do seu sono. Ajuda voc\u00ea a obter uma compreens\u00e3o mais clara de seus padr\u00f5es de sono e quais est\u00e1gios do sono s\u00e3o necess\u00e1rios para melhorar sua qualidade de sono. Basta manter o smartwatch ligado, fechar os olhos e verificar os dados ao acordar.<\/p>\n<\/div>\n<\/td>\n<td class=\"apm-top\">\n<div class=\"apm-eventhirdcol apm-floatleft\">\n<h4 class=\"a-spacing-mini\">Seu treino, gravado.<\/h4>\n<p>Apoiado pelo sensor BioTrackerTM PPG3 e algoritmos poderosos, o Amazfit Neo ajuda a monitorar seu exerc\u00edcio, incluindo passos e calorias. Escolha entre os modos de corrida, caminhada ou ciclismo e visualize informa\u00e7\u00f5es mais detalhadas sobre seu tempo de exerc\u00edcio, frequ\u00eancia card\u00edaca e aumente sua pontua\u00e7\u00e3o de valor PAI.<\/p>\n<\/div>\n<\/td>\n<td class=\"apm-top\">\n<div class=\"apm-eventhirdcol apm-floatleft\">\n<h4 class=\"a-spacing-mini\">Tela retr\u00f4 sempre ativa<\/h4>\n<p>O Amazfit Neo apresenta uma tela sempre ativa com estilo retr\u00f4. \u00c9 eficiente em termos de energia e permite que voc\u00ea veja a tela claramente sob luz forte. O recurso Lift-to-wake5 permite ativar a tela de forma r\u00e1pida e natural ao ler a hora.<\/p>\n<\/div>\n<\/td>\n<\/tr>\n<\/tbody>\n<\/table>\n<\/div>\n<\/div>\n<div><\/div>\n<\/div>\n<\/div>\n<\/div>\n<div class=\"celwidget aplus-module module-9 aplus-standard\" style=\"text-align: center\" data-csa-c-id=\"3wt7st-sn8wtx-adm9un-4rgd60\" data-cel-widget=\"aplus-module-9\">\n<div class=\"a-expander-collapsed-height a-row a-expander-container a-expander-partial-collapse-container\" data-a-expander-name=\"aplus-module-expander\" data-a-expander-collapsed-height=\"700\">\n<div class=\"a-expander-content a-expander-partial-collapse-content\">\n<div class=\"aplus-module-wrapper apm-fixed-width\">\n<div class=\"apm-spacing apm-fixed-width\">\n<table class=\"apm-fixed-width apm-eventhirdcol-table\">\n<tbody>\n<tr>\n<th class=\"apm-center\">\n<div class=\"apm-eventhirdcol apm-floatleft\">\n<p><img loading=\"lazy\" decoding=\"async\" class=\"a-spacing-mini aligncenter\" src=\"\/wp-content\/uploads\/replace\/c432b9bf37f4f45b1099f5272ad5899f.png\" alt=\"Amazfit Neo Smart Watch\" width=\"176\" height=\"176\" data-src=\"\/wp-content\/uploads\/replace\/c432b9bf37f4f45b1099f5272ad5899f.png\" \/><\/p>\n<\/div>\n<\/th>\n<th class=\"apm-center\">\n<div class=\"apm-eventhirdcol apm-floatleft\">\n<p><img loading=\"lazy\" decoding=\"async\" class=\"a-spacing-mini aligncenter\" src=\"\/wp-content\/uploads\/replace\/9b289f7ce66f63285fe80cd1619817fc.png\" alt=\"Amazfit Neo Smart Watch\" width=\"180\" height=\"180\" data-src=\"\/wp-content\/uploads\/replace\/9b289f7ce66f63285fe80cd1619817fc.png\" \/><\/p>\n<\/div>\n<\/th>\n<th class=\"apm-center\">\n<div class=\"apm-eventhirdcol apm-floatleft\">\n<p><img loading=\"lazy\" decoding=\"async\" class=\"a-spacing-mini alignnone\" src=\"\/wp-content\/uploads\/replace\/0217af313cac4a116247999c0ba09bbb.png\" alt=\"Amazfit Neo Smart Watch\" width=\"243\" height=\"243\" data-src=\"\/wp-content\/uploads\/replace\/0217af313cac4a116247999c0ba09bbb.png\" \/><\/p>\n<\/div>\n<\/th>\n<\/tr>\n<tr>\n<td class=\"apm-top\">\n<div class=\"apm-eventhirdcol apm-floatleft\">\n<h4 class=\"a-spacing-mini\">Incr\u00edvel dura\u00e7\u00e3o da bateria de quatro semanas<\/h4>\n<p>O Amazfit Neo possui bateria impressionante e recursos de gerenciamento de energia. O Amazfit Neo pode ser usado por at\u00e9 quatro semanas com uma \u00fanica carga completa. Nunca se preocupe em ficar sem bateria.<\/p>\n<\/div>\n<\/td>\n<td class=\"apm-top\">\n<div class=\"apm-eventhirdcol apm-floatleft\">\n<h4 class=\"a-spacing-mini\">Resistente \u00e0 \u00e1gua at\u00e9 50 metros<\/h4>\n<p>O Amazfit Neo possui um case externo dur\u00e1vel e uma pulseira PUR que fornece impermeabiliza\u00e7\u00e3o eficaz at\u00e9 uma profundidade de 50 metros. Correndo, caminhando ou andando de bicicleta, o design resiliente funcionar\u00e1 em ambientes dif\u00edceis.<\/p>\n<\/div>\n<\/td>\n<td class=\"apm-top\">\n<div class=\"apm-eventhirdcol apm-floatleft\">\n<h4 class=\"a-spacing-mini\">Nunca perca uma notifica\u00e7\u00e3o<\/h4>\n<p>O Amazfit Neo pode sincronizar mensagens de texto, e-mails e notifica\u00e7\u00f5es de v\u00e1rios aplicativos populares em seu smartphone.<\/p>\n<\/div>\n<\/td>\n<\/tr>\n<\/tbody>\n<\/table>\n<\/div>\n<\/div>\n<div><\/div>\n<\/div>\n<\/div>\n<\/div>\n<div class=\"celwidget aplus-module 3p-module-b aplus-standard\" data-csa-c-id=\"8jgd46-atybhn-yhobkl-dcghtz\" data-cel-widget=\"aplus-3p-module-b\">\n<div class=\"aplus-module-wrapper aplus-3p-fixed-width\"><img loading=\"lazy\" decoding=\"async\" class=\"a-spacing-base aligncenter\" src=\"\/wp-content\/uploads\/replace\/b47b3105df921d28797d3fde9980a240.png\" alt=\"Amazfit Neo Smart Watch\" width=\"970\" height=\"600\" data-src=\"\/wp-content\/uploads\/replace\/b47b3105df921d28797d3fde9980a240.png\" \/><\/div>\n<\/div>","protected":false},"excerpt":{"rendered":"<p>Monitoramento de frequ\u00eancia card\u00edaca 24 horas equipado com sensor bio-track para ajud\u00e1-lo a entender melhor seu estado de sa\u00fade, monitoramento do sono, bateria com dura\u00e7\u00e3o de 28 dias, tela sempre ativa, resist\u00eancia \u00e0 \u00e1gua at\u00e9 50 metros.<\/p>","protected":false},"featured_media":25080,"template":"","meta":[],"product_brand":[],"product_cat":[1339,1305],"product_tag":[425,427],"class_list":{"0":"post-24968","1":"product","2":"type-product","3":"status-publish","4":"has-post-thumbnail","6":"product_cat-amazfit-smartwatch","7":"product_cat-xiaomi-eco","8":"product_tag-amazfit","9":"product_tag-smart-watch","11":"first","12":"instock","13":"shipping-taxable","14":"product-type-external"},"aioseo_notices":[],"aioseo_head":"\n\t\t<!-- All in One SEO Pro 4.5.9.2 - aioseo.com -->\n\t\t<meta name=\"description\" content=\"24 hours Heart rate monitoring equipped with bio-track sensor to help you better undertand your health statu , sleeping monitoring, 28-day battery life, always-on display, water resistance up to 50 meters.\" \/>\n\t\t<meta name=\"robots\" content=\"max-image-preview:large\" \/>\n\t\t<link rel=\"canonical\" href=\"https:\/\/www.rucashk.com\/pt\/produto\/amazfit-neo-smart-watch\/\" \/>\n\t\t<meta name=\"generator\" content=\"All in One SEO Pro (AIOSEO) 4.5.9.2\" \/>\n\t\t<meta property=\"og:locale\" content=\"pt_PT\" \/>\n\t\t<meta property=\"og:site_name\" content=\"Rucas - One-stop AIoT Distribution Worldwide\" \/>\n\t\t<meta property=\"og:type\" content=\"article\" \/>\n\t\t<meta property=\"og:title\" content=\"Amazfit Neo Smart Watch - Rucas - Wholesale and Distribution\" \/>\n\t\t<meta property=\"og:description\" content=\"24 hours Heart rate monitoring equipped with bio-track sensor to help you better undertand your health statu , sleeping monitoring, 28-day battery life, always-on display, water resistance up to 50 meters.\" \/>\n\t\t<meta property=\"og:url\" content=\"https:\/\/www.rucashk.com\/pt\/produto\/amazfit-neo-smart-watch\/\" \/>\n\t\t<meta property=\"og:image\" content=\"https:\/\/www.rucashk.com\/wp-content\/uploads\/replace\/503b8e645f128a97ccde2b6290747646.jpeg\" \/>\n\t\t<meta property=\"og:image:secure_url\" content=\"https:\/\/www.rucashk.com\/wp-content\/uploads\/replace\/503b8e645f128a97ccde2b6290747646.jpeg\" \/>\n\t\t<meta property=\"og:image:width\" content=\"1456\" \/>\n\t\t<meta property=\"og:image:height\" content=\"816\" \/>\n\t\t<meta property=\"article:published_time\" content=\"2024-01-09T16:11:28+00:00\" \/>\n\t\t<meta property=\"article:modified_time\" content=\"2024-03-12T04:04:07+00:00\" \/>\n\t\t<meta name=\"twitter:card\" content=\"summary_large_image\" \/>\n\t\t<meta name=\"twitter:title\" content=\"Amazfit Neo Smart Watch - Rucas - Wholesale and Distribution\" \/>\n\t\t<meta name=\"twitter:description\" content=\"24 hours Heart rate monitoring equipped with bio-track sensor to help you better undertand your health statu , sleeping monitoring, 28-day battery life, always-on display, water resistance up to 50 meters.\" \/>\n\t\t<meta name=\"twitter:image\" content=\"https:\/\/www.rucashk.com\/wp-content\/uploads\/replace\/503b8e645f128a97ccde2b6290747646.jpeg\" \/>\n\t\t<script type=\"application\/ld+json\" class=\"aioseo-schema\">\n\t\t\t{\"@context\":\"https:\\\/\\\/schema.org\",\"@graph\":[{\"@type\":\"BreadcrumbList\",\"@id\":\"https:\\\/\\\/www.rucashk.com\\\/pt\\\/produto\\\/amazfit-neo-smart-watch\\\/#breadcrumblist\",\"itemListElement\":[{\"@type\":\"ListItem\",\"@id\":\"https:\\\/\\\/www.rucashk.com\\\/pt\\\/#listItem\",\"position\":1,\"name\":\"Home\",\"item\":\"https:\\\/\\\/www.rucashk.com\\\/pt\\\/\",\"nextItem\":\"https:\\\/\\\/www.rucashk.com\\\/pt\\\/produto\\\/amazfit-neo-smart-watch\\\/#listItem\"},{\"@type\":\"ListItem\",\"@id\":\"https:\\\/\\\/www.rucashk.com\\\/pt\\\/produto\\\/amazfit-neo-smart-watch\\\/#listItem\",\"position\":2,\"name\":\"Amazfit Neo Smart Watch\",\"previousItem\":\"https:\\\/\\\/www.rucashk.com\\\/pt\\\/#listItem\"}]},{\"@type\":\"Organization\",\"@id\":\"https:\\\/\\\/www.rucashk.com\\\/pt\\\/#organization\",\"name\":\"Rucas\",\"url\":\"https:\\\/\\\/www.rucashk.com\\\/pt\\\/\",\"logo\":{\"@type\":\"ImageObject\",\"url\":\"https:\\\/\\\/www.rucashk.com\\\/wp-content\\\/uploads\\\/2023\\\/12\\\/Rucas_campany_logo.png\",\"@id\":\"https:\\\/\\\/www.rucashk.com\\\/pt\\\/produto\\\/amazfit-neo-smart-watch\\\/#organizationLogo\",\"width\":221,\"height\":65},\"image\":{\"@id\":\"https:\\\/\\\/www.rucashk.com\\\/pt\\\/#organizationLogo\"}},{\"@type\":\"Person\",\"@id\":\"https:\\\/\\\/www.rucashk.com\\\/pt\\\/author\\\/admin\\\/#author\",\"url\":\"https:\\\/\\\/www.rucashk.com\\\/pt\\\/author\\\/admin\\\/\",\"name\":\"admin\",\"image\":{\"@type\":\"ImageObject\",\"@id\":\"https:\\\/\\\/www.rucashk.com\\\/pt\\\/produto\\\/amazfit-neo-smart-watch\\\/#authorImage\",\"url\":\"https:\\\/\\\/secure.gravatar.com\\\/avatar\\\/b7c8925b09a27e72b30232f8ecaadbd5af0f70a38c78096863fe51b64f031c24?s=96&d=mm&r=g\",\"width\":96,\"height\":96,\"caption\":\"admin\"}},{\"@type\":\"WebPage\",\"@id\":\"https:\\\/\\\/www.rucashk.com\\\/pt\\\/produto\\\/amazfit-neo-smart-watch\\\/#webpage\",\"url\":\"https:\\\/\\\/www.rucashk.com\\\/pt\\\/produto\\\/amazfit-neo-smart-watch\\\/\",\"name\":\"Amazfit Neo Smart Watch - Rucas - Wholesale and Distribution\",\"description\":\"24 hours Heart rate monitoring equipped with bio-track sensor to help you better undertand your health statu , sleeping monitoring, 28-day battery life, always-on display, water resistance up to 50 meters.\",\"inLanguage\":\"pt-PT\",\"isPartOf\":{\"@id\":\"https:\\\/\\\/www.rucashk.com\\\/pt\\\/#website\"},\"breadcrumb\":{\"@id\":\"https:\\\/\\\/www.rucashk.com\\\/pt\\\/produto\\\/amazfit-neo-smart-watch\\\/#breadcrumblist\"},\"author\":{\"@id\":\"https:\\\/\\\/www.rucashk.com\\\/pt\\\/author\\\/admin\\\/#author\"},\"creator\":{\"@id\":\"https:\\\/\\\/www.rucashk.com\\\/pt\\\/author\\\/admin\\\/#author\"},\"image\":{\"@type\":\"ImageObject\",\"url\":\"https:\\\/\\\/www.rucashk.com\\\/wp-content\\\/uploads\\\/2024\\\/01\\\/\\u4e3b\\u56fe01.png\",\"@id\":\"https:\\\/\\\/www.rucashk.com\\\/pt\\\/produto\\\/amazfit-neo-smart-watch\\\/#mainImage\",\"width\":800,\"height\":800},\"primaryImageOfPage\":{\"@id\":\"https:\\\/\\\/www.rucashk.com\\\/pt\\\/produto\\\/amazfit-neo-smart-watch\\\/#mainImage\"},\"datePublished\":\"2024-01-09T16:11:28+00:00\",\"dateModified\":\"2024-03-12T04:04:07+00:00\"},{\"@type\":\"WebSite\",\"@id\":\"https:\\\/\\\/www.rucashk.com\\\/pt\\\/#website\",\"url\":\"https:\\\/\\\/www.rucashk.com\\\/pt\\\/\",\"name\":\"Rucas - Wholesale and distribution worldwide\",\"alternateName\":\"Rucas - One-stop AIoT Distribution Worldwide\",\"description\":\"One-stop AIoT Distribution Worldwide\",\"inLanguage\":\"pt-PT\",\"publisher\":{\"@id\":\"https:\\\/\\\/www.rucashk.com\\\/pt\\\/#organization\"}}]}\n\t\t<\/script>\n\t\t<!-- All in One SEO Pro -->\r\n\t\t<title>Amazfit Neo Smart Watch - Rucas - Wholesale and Distribution<\/title>\n\n","aioseo_head_json":{"title":"Amazfit Neo Smart Watch - Rucas - Wholesale and Distribution","description":"24 hours Heart rate monitoring equipped with bio-track sensor to help you better undertand your health statu , sleeping monitoring, 28-day battery life, always-on display, water resistance up to 50 meters.","canonical_url":"https:\/\/www.rucashk.com\/pt\/produto\/amazfit-neo-smart-watch\/","robots":"max-image-preview:large","keywords":"","webmasterTools":{"miscellaneous":""},"og:locale":"pt_PT","og:site_name":"Rucas - One-stop AIoT Distribution Worldwide","og:type":"article","og:title":"Amazfit Neo Smart Watch - Rucas - Wholesale and Distribution","og:description":"24 hours Heart rate monitoring equipped with bio-track sensor to help you better undertand your health statu , sleeping monitoring, 28-day battery life, always-on display, water resistance up to 50 meters.","og:url":"https:\/\/www.rucashk.com\/pt\/produto\/amazfit-neo-smart-watch\/","og:image":"https:\/\/www.rucashk.com\/wp-content\/uploads\/replace\/503b8e645f128a97ccde2b6290747646.jpeg","og:image:secure_url":"https:\/\/www.rucashk.com\/wp-content\/uploads\/replace\/503b8e645f128a97ccde2b6290747646.jpeg","og:image:width":1456,"og:image:height":816,"article:published_time":"2024-01-09T16:11:28+00:00","article:modified_time":"2024-03-12T04:04:07+00:00","twitter:card":"summary_large_image","twitter:title":"Amazfit Neo Smart Watch - Rucas - Wholesale and Distribution","twitter:description":"24 hours Heart rate monitoring equipped with bio-track sensor to help you better undertand your health statu , sleeping monitoring, 28-day battery life, always-on display, water resistance up to 50 meters.","twitter:image":"https:\/\/www.rucashk.com\/wp-content\/uploads\/replace\/503b8e645f128a97ccde2b6290747646.jpeg","schema":{"@context":"https:\/\/schema.org","@graph":[{"@type":"BreadcrumbList","@id":"https:\/\/www.rucashk.com\/pt\/produto\/amazfit-neo-smart-watch\/#breadcrumblist","itemListElement":[{"@type":"ListItem","@id":"https:\/\/www.rucashk.com\/pt\/#listItem","position":1,"name":"Home","item":"https:\/\/www.rucashk.com\/pt\/","nextItem":"https:\/\/www.rucashk.com\/pt\/produto\/amazfit-neo-smart-watch\/#listItem"},{"@type":"ListItem","@id":"https:\/\/www.rucashk.com\/pt\/produto\/amazfit-neo-smart-watch\/#listItem","position":2,"name":"Amazfit Neo Smart Watch","previousItem":"https:\/\/www.rucashk.com\/pt\/#listItem"}]},{"@type":"Organization","@id":"https:\/\/www.rucashk.com\/pt\/#organization","name":"Rucas","url":"https:\/\/www.rucashk.com\/pt\/","logo":{"@type":"ImageObject","url":"https:\/\/www.rucashk.com\/wp-content\/uploads\/2023\/12\/Rucas_campany_logo.png","@id":"https:\/\/www.rucashk.com\/pt\/produto\/amazfit-neo-smart-watch\/#organizationLogo","width":221,"height":65},"image":{"@id":"https:\/\/www.rucashk.com\/pt\/#organizationLogo"}},{"@type":"Person","@id":"https:\/\/www.rucashk.com\/pt\/author\/admin\/#author","url":"https:\/\/www.rucashk.com\/pt\/author\/admin\/","name":"admin","image":{"@type":"ImageObject","@id":"https:\/\/www.rucashk.com\/pt\/produto\/amazfit-neo-smart-watch\/#authorImage","url":"https:\/\/secure.gravatar.com\/avatar\/b7c8925b09a27e72b30232f8ecaadbd5af0f70a38c78096863fe51b64f031c24?s=96&d=mm&r=g","width":96,"height":96,"caption":"admin"}},{"@type":"WebPage","@id":"https:\/\/www.rucashk.com\/pt\/produto\/amazfit-neo-smart-watch\/#webpage","url":"https:\/\/www.rucashk.com\/pt\/produto\/amazfit-neo-smart-watch\/","name":"Amazfit Neo Smart Watch - Rucas - Wholesale and Distribution","description":"24 hours Heart rate monitoring equipped with bio-track sensor to help you better undertand your health statu , sleeping monitoring, 28-day battery life, always-on display, water resistance up to 50 meters.","inLanguage":"pt-PT","isPartOf":{"@id":"https:\/\/www.rucashk.com\/pt\/#website"},"breadcrumb":{"@id":"https:\/\/www.rucashk.com\/pt\/produto\/amazfit-neo-smart-watch\/#breadcrumblist"},"author":{"@id":"https:\/\/www.rucashk.com\/pt\/author\/admin\/#author"},"creator":{"@id":"https:\/\/www.rucashk.com\/pt\/author\/admin\/#author"},"image":{"@type":"ImageObject","url":"https:\/\/www.rucashk.com\/wp-content\/uploads\/2024\/01\/\u4e3b\u56fe01.png","@id":"https:\/\/www.rucashk.com\/pt\/produto\/amazfit-neo-smart-watch\/#mainImage","width":800,"height":800},"primaryImageOfPage":{"@id":"https:\/\/www.rucashk.com\/pt\/produto\/amazfit-neo-smart-watch\/#mainImage"},"datePublished":"2024-01-09T16:11:28+00:00","dateModified":"2024-03-12T04:04:07+00:00"},{"@type":"WebSite","@id":"https:\/\/www.rucashk.com\/pt\/#website","url":"https:\/\/www.rucashk.com\/pt\/","name":"Rucas - Wholesale and distribution worldwide","alternateName":"Rucas - One-stop AIoT Distribution Worldwide","description":"One-stop AIoT Distribution Worldwide","inLanguage":"pt-PT","publisher":{"@id":"https:\/\/www.rucashk.com\/pt\/#organization"}}]}},"aioseo_meta_data":{"post_id":"24968","title":null,"description":null,"keywords":null,"keyphrases":null,"primary_term":null,"canonical_url":null,"og_title":null,"og_description":null,"og_object_type":"default","og_image_type":"default","og_image_url":null,"og_image_width":null,"og_image_height":null,"og_image_custom_url":null,"og_image_custom_fields":null,"og_video":null,"og_custom_url":null,"og_article_section":null,"og_article_tags":null,"twitter_use_og":false,"twitter_card":"default","twitter_image_type":"default","twitter_image_url":null,"twitter_image_custom_url":null,"twitter_image_custom_fields":null,"twitter_title":null,"twitter_description":null,"schema":{"blockGraphs":[],"customGraphs":[],"default":{"data":{"Article":[],"Course":[],"Dataset":[],"FAQPage":[],"Movie":[],"Person":[],"Product":[],"Recipe":[],"Service":[],"SoftwareApplication":[],"WebPage":[]},"graphName":"","isEnabled":true},"graphs":[]},"schema_type":"default","schema_type_options":null,"pillar_content":false,"robots_default":true,"robots_noindex":false,"robots_noarchive":false,"robots_nosnippet":false,"robots_nofollow":false,"robots_noimageindex":false,"robots_noodp":false,"robots_notranslate":false,"robots_max_snippet":null,"robots_max_videopreview":null,"robots_max_imagepreview":"large","priority":null,"frequency":null,"local_seo":null,"breadcrumb_settings":null,"limit_modified_date":false,"created":"2024-04-11 01:57:16","updated":"2025-06-22 17:44:05"},"aioseo_breadcrumb":"<div class=\"aioseo-breadcrumbs\"><span class=\"aioseo-breadcrumb\">\n\t<a href=\"https:\/\/www.rucashk.com\/pt\" title=\"Home\">Home<\/a>\n<\/span><span class=\"aioseo-breadcrumb-separator\">&raquo;<\/span><span class=\"aioseo-breadcrumb\">\n\t<a href=\"https:\/\/www.rucashk.com\/pt\/products\/\" title=\"Produtos\">Produtos<\/a>\n<\/span><span class=\"aioseo-breadcrumb-separator\">&raquo;<\/span><span class=\"aioseo-breadcrumb\">\n\t<a href=\"https:\/\/www.rucashk.com\/pt\/categoria-produto\/xiaomi-eco\/\" title=\"Xiaomi Eco\">Xiaomi Eco<\/a>\n<\/span><span class=\"aioseo-breadcrumb-separator\">&raquo;<\/span><span class=\"aioseo-breadcrumb\">\n\t<a href=\"https:\/\/www.rucashk.com\/pt\/categoria-produto\/xiaomi-eco\/amazfit-smartwatch\/\" title=\"Amazfit Smartwatch\">Amazfit Smartwatch<\/a>\n<\/span><span class=\"aioseo-breadcrumb-separator\">&raquo;<\/span><span class=\"aioseo-breadcrumb\">\n\tAmazfit Neo Smart Watch\n<\/span><\/div>","aioseo_breadcrumb_json":[{"label":"Home","link":"https:\/\/www.rucashk.com\/pt"},{"label":"Produtos","link":"https:\/\/www.rucashk.com\/pt\/products\/"},{"label":"Xiaomi Eco","link":"https:\/\/www.rucashk.com\/pt\/categoria-produto\/xiaomi-eco\/"},{"label":"Amazfit Smartwatch","link":"https:\/\/www.rucashk.com\/pt\/categoria-produto\/xiaomi-eco\/amazfit-smartwatch\/"},{"label":"Amazfit Neo Smart Watch","link":"https:\/\/www.rucashk.com\/pt\/produto\/amazfit-neo-smart-watch\/"}],"_links":{"self":[{"href":"https:\/\/www.rucashk.com\/pt\/wp-json\/wp\/v2\/product\/24968","targetHints":{"allow":["GET"]}}],"collection":[{"href":"https:\/\/www.rucashk.com\/pt\/wp-json\/wp\/v2\/product"}],"about":[{"href":"https:\/\/www.rucashk.com\/pt\/wp-json\/wp\/v2\/types\/product"}],"wp:featuredmedia":[{"embeddable":true,"href":"https:\/\/www.rucashk.com\/pt\/wp-json\/wp\/v2\/media\/25080"}],"wp:attachment":[{"href":"https:\/\/www.rucashk.com\/pt\/wp-json\/wp\/v2\/media?parent=24968"}],"wp:term":[{"taxonomy":"product_brand","embeddable":true,"href":"https:\/\/www.rucashk.com\/pt\/wp-json\/wp\/v2\/product_brand?post=24968"},{"taxonomy":"product_cat","embeddable":true,"href":"https:\/\/www.rucashk.com\/pt\/wp-json\/wp\/v2\/product_cat?post=24968"},{"taxonomy":"product_tag","embeddable":true,"href":"https:\/\/www.rucashk.com\/pt\/wp-json\/wp\/v2\/product_tag?post=24968"}],"curies":[{"name":"wp","href":"https:\/\/api.w.org\/{rel}","templated":true}]}}