{"id":24967,"date":"2024-01-09T16:11:28","date_gmt":"2024-01-09T16:11:28","guid":{"rendered":"http:\/\/rucashk.com\/?post_type=product&#038;p=24967"},"modified":"2025-06-22T07:41:20","modified_gmt":"2025-06-22T07:41:20","slug":"xiaomi-mi-tv-box-4s","status":"publish","type":"product","link":"https:\/\/www.rucashk.com\/pt\/produto\/xiaomi-mi-tv-box-4s\/","title":{"rendered":"Caixa de TV Xiaomi MI 4S"},"content":{"rendered":"<h3 style=\"text-align: center\"><strong>Caixa de TV Xiaomi MI 4S<\/strong><\/h3>\n<p><img fetchpriority=\"high\" decoding=\"async\" class=\"size-full wp-image-24288 aligncenter\" src=\"https:\/\/www.rucashk.com\/wp-content\/uploads\/2020\/10\/yy02.jpg\" alt=\"\" width=\"1300\" height=\"598\" \/><\/p>\n<p><img decoding=\"async\" class=\"size-full wp-image-24295 aligncenter\" src=\"https:\/\/www.rucashk.com\/wp-content\/uploads\/2020\/10\/yy09.png\" alt=\"\" width=\"1300\" height=\"643\" \/> <img decoding=\"async\" class=\"size-full wp-image-24294 aligncenter\" src=\"https:\/\/www.rucashk.com\/wp-content\/uploads\/2020\/10\/yy08.png\" alt=\"\" width=\"1300\" height=\"643\" \/> <img loading=\"lazy\" decoding=\"async\" class=\"size-full wp-image-24293 aligncenter\" src=\"https:\/\/www.rucashk.com\/wp-content\/uploads\/2020\/10\/yy07.png\" alt=\"\" width=\"1300\" height=\"793\" \/> <img loading=\"lazy\" decoding=\"async\" class=\"size-full wp-image-24292 aligncenter\" src=\"https:\/\/www.rucashk.com\/wp-content\/uploads\/2020\/10\/yy06.png\" alt=\"\" width=\"1300\" height=\"900\" \/> \u00a0<img loading=\"lazy\" decoding=\"async\" class=\"size-full wp-image-24290 aligncenter\" src=\"https:\/\/www.rucashk.com\/wp-content\/uploads\/2020\/10\/yy04.png\" alt=\"\" width=\"1300\" height=\"884\" \/> <img loading=\"lazy\" decoding=\"async\" class=\"size-full wp-image-24289 aligncenter\" src=\"https:\/\/www.rucashk.com\/wp-content\/uploads\/2020\/10\/yy03.png\" alt=\"\" width=\"1300\" height=\"623\" \/><\/p>\n<p><img loading=\"lazy\" decoding=\"async\" class=\"size-full wp-image-24287 aligncenter\" src=\"https:\/\/www.rucashk.com\/wp-content\/uploads\/2020\/10\/yy01.png\" alt=\"\" width=\"1300\" height=\"626\" \/> <img loading=\"lazy\" decoding=\"async\" class=\"size-full wp-image-24296 aligncenter\" src=\"https:\/\/www.rucashk.com\/wp-content\/uploads\/2020\/10\/yy10.png\" alt=\"\" width=\"1300\" height=\"701\" \/> \u00a0 <strong><b>Principais caracter\u00edsticas<\/b><\/strong><strong><b><br \/>\n<\/b><\/strong>\u25cf O controle remoto integra-se \u00e0 tecnologia de controle de voz Patchwall, f\u00e1cil de controlar sua TV e outros dispositivos<br \/>\n\u25cf Suporta 4K HDR, desfrute de imagens em super defini\u00e7\u00e3o e efeitos de visualiza\u00e7\u00e3o de tirar o f\u00f4lego<br \/>\n\u25cf A tecnologia de decodifica\u00e7\u00e3o H.265 economiza metade da largura de banda do H.264, para que possa mostrar detalhes de imagem v\u00edvidos e ricos<br \/>\n\u25cf 2 GB de RAM e 8 GB de ROM, grande capacidade permite baixar mais aplicativos e jogos em sua caixa de TV<br \/>\n\u25cf O processador Amlogic S905L \u00e9 adotado para uma opera\u00e7\u00e3o suave e flex\u00edvel, sem preocupa\u00e7\u00f5es com problemas de funcionamento lento<br \/>\n\u25cf Suporta a vers\u00e3o HDMI 2.0, conveniente para transmitir suas fotos e v\u00eddeos para a tela da TV<br \/>\n\u25cf O controle remoto \u00e9 alimentado por 2 pilhas AAA (n\u00e3o inclu\u00eddas)<\/p>\n<p><strong><b>Especifica\u00e7\u00e3o<\/b><\/strong><\/p>\n<p>N\u00facleo: Quad Core<br \/>\nProcessador: ARM Cortex-A53<br \/>\nGPU: Mali-450<br \/>\nRAM: 2G RAM<br \/>\nROM: ROM 8G<br \/>\nSistema: Android 5.0<br \/>\nProcessador: Amlogic S905L<\/p>","protected":false},"excerpt":{"rendered":"<p>We are Dealer Welcome to contact with us!<br \/>\nSome Descriptions<br \/>\nOriginal Xiaomi Mi Box 4S is a Bluetooth voice control TV box, which runs on the advanced Patchwall system.<br \/>\nLarge 2GB RAM + 8GB ROM capacity ensures more smooth and flexible operation.<br \/>\nYou can enjoy the high-definition images and play large games in your home theater.<\/p>","protected":false},"featured_media":25074,"template":"","meta":[],"product_brand":[1363],"product_cat":[1315,1305],"product_tag":[521,420],"class_list":{"0":"post-24967","1":"product","2":"type-product","3":"status-publish","4":"has-post-thumbnail","6":"product_brand-xiaomi","7":"product_cat-tv-accessories","8":"product_cat-xiaomi-eco","9":"product_tag-tv-box","10":"product_tag-xiaomi","12":"first","13":"instock","14":"shipping-taxable","15":"product-type-external"},"aioseo_notices":[],"aioseo_head":"\n\t\t<!-- All in One SEO Pro 4.5.9.2 - aioseo.com -->\n\t\t<meta name=\"description\" content=\"We are Dealer Welcome to contact with us! Some Descriptions Original Xiaomi Mi Box 4S is a Bluetooth voice control TV box, which runs on the advanced Patchwall system. Large 2GB RAM + 8GB ROM capacity ensures more smooth and flexible operation. You can enjoy the high-definition images and play large games in your home theater.\" \/>\n\t\t<meta name=\"robots\" content=\"max-image-preview:large\" \/>\n\t\t<link rel=\"canonical\" href=\"https:\/\/www.rucashk.com\/pt\/produto\/xiaomi-mi-tv-box-4s\/\" \/>\n\t\t<meta name=\"generator\" content=\"All in One SEO Pro (AIOSEO) 4.5.9.2\" \/>\n\t\t<meta property=\"og:locale\" content=\"pt_PT\" \/>\n\t\t<meta property=\"og:site_name\" content=\"Rucas - One-stop AIoT Distribution Worldwide\" \/>\n\t\t<meta property=\"og:type\" content=\"article\" \/>\n\t\t<meta property=\"og:title\" content=\"Xiaomi MI TV Box 4S - Rucas - Wholesale and Distribution\" \/>\n\t\t<meta property=\"og:description\" content=\"We are Dealer Welcome to contact with us! Some Descriptions Original Xiaomi Mi Box 4S is a Bluetooth voice control TV box, which runs on the advanced Patchwall system. Large 2GB RAM + 8GB ROM capacity ensures more smooth and flexible operation. You can enjoy the high-definition images and play large games in your home theater.\" \/>\n\t\t<meta property=\"og:url\" content=\"https:\/\/www.rucashk.com\/pt\/produto\/xiaomi-mi-tv-box-4s\/\" \/>\n\t\t<meta property=\"og:image\" content=\"https:\/\/www.rucashk.com\/wp-content\/uploads\/replace\/503b8e645f128a97ccde2b6290747646.jpeg\" \/>\n\t\t<meta property=\"og:image:secure_url\" content=\"https:\/\/www.rucashk.com\/wp-content\/uploads\/replace\/503b8e645f128a97ccde2b6290747646.jpeg\" \/>\n\t\t<meta property=\"og:image:width\" content=\"1456\" \/>\n\t\t<meta property=\"og:image:height\" content=\"816\" \/>\n\t\t<meta property=\"article:published_time\" content=\"2024-01-09T16:11:28+00:00\" \/>\n\t\t<meta property=\"article:modified_time\" content=\"2025-06-22T07:41:20+00:00\" \/>\n\t\t<meta name=\"twitter:card\" content=\"summary_large_image\" \/>\n\t\t<meta name=\"twitter:title\" content=\"Xiaomi MI TV Box 4S - Rucas - Wholesale and Distribution\" \/>\n\t\t<meta name=\"twitter:description\" content=\"We are Dealer Welcome to contact with us! Some Descriptions Original Xiaomi Mi Box 4S is a Bluetooth voice control TV box, which runs on the advanced Patchwall system. Large 2GB RAM + 8GB ROM capacity ensures more smooth and flexible operation. You can enjoy the high-definition images and play large games in your home theater.\" \/>\n\t\t<meta name=\"twitter:image\" content=\"https:\/\/www.rucashk.com\/wp-content\/uploads\/replace\/503b8e645f128a97ccde2b6290747646.jpeg\" \/>\n\t\t<script type=\"application\/ld+json\" class=\"aioseo-schema\">\n\t\t\t{\"@context\":\"https:\\\/\\\/schema.org\",\"@graph\":[{\"@type\":\"BreadcrumbList\",\"@id\":\"https:\\\/\\\/www.rucashk.com\\\/pt\\\/produto\\\/xiaomi-mi-tv-box-4s\\\/#breadcrumblist\",\"itemListElement\":[{\"@type\":\"ListItem\",\"@id\":\"https:\\\/\\\/www.rucashk.com\\\/pt\\\/#listItem\",\"position\":1,\"name\":\"Home\",\"item\":\"https:\\\/\\\/www.rucashk.com\\\/pt\\\/\",\"nextItem\":\"https:\\\/\\\/www.rucashk.com\\\/pt\\\/produto\\\/xiaomi-mi-tv-box-4s\\\/#listItem\"},{\"@type\":\"ListItem\",\"@id\":\"https:\\\/\\\/www.rucashk.com\\\/pt\\\/produto\\\/xiaomi-mi-tv-box-4s\\\/#listItem\",\"position\":2,\"name\":\"Xiaomi MI TV Box 4S\",\"previousItem\":\"https:\\\/\\\/www.rucashk.com\\\/pt\\\/#listItem\"}]},{\"@type\":\"Organization\",\"@id\":\"https:\\\/\\\/www.rucashk.com\\\/pt\\\/#organization\",\"name\":\"Rucas\",\"url\":\"https:\\\/\\\/www.rucashk.com\\\/pt\\\/\",\"logo\":{\"@type\":\"ImageObject\",\"url\":\"https:\\\/\\\/www.rucashk.com\\\/wp-content\\\/uploads\\\/2023\\\/12\\\/Rucas_campany_logo.png\",\"@id\":\"https:\\\/\\\/www.rucashk.com\\\/pt\\\/produto\\\/xiaomi-mi-tv-box-4s\\\/#organizationLogo\",\"width\":221,\"height\":65},\"image\":{\"@id\":\"https:\\\/\\\/www.rucashk.com\\\/pt\\\/#organizationLogo\"}},{\"@type\":\"Person\",\"@id\":\"https:\\\/\\\/www.rucashk.com\\\/pt\\\/author\\\/admin\\\/#author\",\"url\":\"https:\\\/\\\/www.rucashk.com\\\/pt\\\/author\\\/admin\\\/\",\"name\":\"admin\",\"image\":{\"@type\":\"ImageObject\",\"@id\":\"https:\\\/\\\/www.rucashk.com\\\/pt\\\/produto\\\/xiaomi-mi-tv-box-4s\\\/#authorImage\",\"url\":\"https:\\\/\\\/secure.gravatar.com\\\/avatar\\\/b7c8925b09a27e72b30232f8ecaadbd5af0f70a38c78096863fe51b64f031c24?s=96&d=mm&r=g\",\"width\":96,\"height\":96,\"caption\":\"admin\"}},{\"@type\":\"WebPage\",\"@id\":\"https:\\\/\\\/www.rucashk.com\\\/pt\\\/produto\\\/xiaomi-mi-tv-box-4s\\\/#webpage\",\"url\":\"https:\\\/\\\/www.rucashk.com\\\/pt\\\/produto\\\/xiaomi-mi-tv-box-4s\\\/\",\"name\":\"Xiaomi MI TV Box 4S - Rucas - Wholesale and Distribution\",\"description\":\"We are Dealer Welcome to contact with us! Some Descriptions Original Xiaomi Mi Box 4S is a Bluetooth voice control TV box, which runs on the advanced Patchwall system. Large 2GB RAM + 8GB ROM capacity ensures more smooth and flexible operation. You can enjoy the high-definition images and play large games in your home theater.\",\"inLanguage\":\"pt-PT\",\"isPartOf\":{\"@id\":\"https:\\\/\\\/www.rucashk.com\\\/pt\\\/#website\"},\"breadcrumb\":{\"@id\":\"https:\\\/\\\/www.rucashk.com\\\/pt\\\/produto\\\/xiaomi-mi-tv-box-4s\\\/#breadcrumblist\"},\"author\":{\"@id\":\"https:\\\/\\\/www.rucashk.com\\\/pt\\\/author\\\/admin\\\/#author\"},\"creator\":{\"@id\":\"https:\\\/\\\/www.rucashk.com\\\/pt\\\/author\\\/admin\\\/#author\"},\"image\":{\"@type\":\"ImageObject\",\"url\":\"https:\\\/\\\/www.rucashk.com\\\/wp-content\\\/uploads\\\/2024\\\/01\\\/1-2.png\",\"@id\":\"https:\\\/\\\/www.rucashk.com\\\/pt\\\/produto\\\/xiaomi-mi-tv-box-4s\\\/#mainImage\",\"width\":448,\"height\":426},\"primaryImageOfPage\":{\"@id\":\"https:\\\/\\\/www.rucashk.com\\\/pt\\\/produto\\\/xiaomi-mi-tv-box-4s\\\/#mainImage\"},\"datePublished\":\"2024-01-09T16:11:28+00:00\",\"dateModified\":\"2025-06-22T07:41:20+00:00\"},{\"@type\":\"WebSite\",\"@id\":\"https:\\\/\\\/www.rucashk.com\\\/pt\\\/#website\",\"url\":\"https:\\\/\\\/www.rucashk.com\\\/pt\\\/\",\"name\":\"Rucas - Wholesale and distribution worldwide\",\"alternateName\":\"Rucas - One-stop AIoT Distribution Worldwide\",\"description\":\"One-stop AIoT Distribution Worldwide\",\"inLanguage\":\"pt-PT\",\"publisher\":{\"@id\":\"https:\\\/\\\/www.rucashk.com\\\/pt\\\/#organization\"}}]}\n\t\t<\/script>\n\t\t<!-- All in One SEO Pro -->\r\n\t\t<title>Xiaomi MI TV Box 4S - Rucas - Wholesale and Distribution<\/title>\n\n","aioseo_head_json":{"title":"Xiaomi MI TV Box 4S - Rucas - Wholesale and Distribution","description":"We are Dealer Welcome to contact with us! Some Descriptions Original Xiaomi Mi Box 4S is a Bluetooth voice control TV box, which runs on the advanced Patchwall system. Large 2GB RAM + 8GB ROM capacity ensures more smooth and flexible operation. You can enjoy the high-definition images and play large games in your home theater.","canonical_url":"https:\/\/www.rucashk.com\/pt\/produto\/xiaomi-mi-tv-box-4s\/","robots":"max-image-preview:large","keywords":"","webmasterTools":{"miscellaneous":""},"og:locale":"pt_PT","og:site_name":"Rucas - One-stop AIoT Distribution Worldwide","og:type":"article","og:title":"Xiaomi MI TV Box 4S - Rucas - Wholesale and Distribution","og:description":"We are Dealer Welcome to contact with us! Some Descriptions Original Xiaomi Mi Box 4S is a Bluetooth voice control TV box, which runs on the advanced Patchwall system. Large 2GB RAM + 8GB ROM capacity ensures more smooth and flexible operation. You can enjoy the high-definition images and play large games in your home theater.","og:url":"https:\/\/www.rucashk.com\/pt\/produto\/xiaomi-mi-tv-box-4s\/","og:image":"https:\/\/www.rucashk.com\/wp-content\/uploads\/replace\/503b8e645f128a97ccde2b6290747646.jpeg","og:image:secure_url":"https:\/\/www.rucashk.com\/wp-content\/uploads\/replace\/503b8e645f128a97ccde2b6290747646.jpeg","og:image:width":1456,"og:image:height":816,"article:published_time":"2024-01-09T16:11:28+00:00","article:modified_time":"2025-06-22T07:41:20+00:00","twitter:card":"summary_large_image","twitter:title":"Xiaomi MI TV Box 4S - Rucas - Wholesale and Distribution","twitter:description":"We are Dealer Welcome to contact with us! Some Descriptions Original Xiaomi Mi Box 4S is a Bluetooth voice control TV box, which runs on the advanced Patchwall system. Large 2GB RAM + 8GB ROM capacity ensures more smooth and flexible operation. You can enjoy the high-definition images and play large games in your home theater.","twitter:image":"https:\/\/www.rucashk.com\/wp-content\/uploads\/replace\/503b8e645f128a97ccde2b6290747646.jpeg","schema":{"@context":"https:\/\/schema.org","@graph":[{"@type":"BreadcrumbList","@id":"https:\/\/www.rucashk.com\/pt\/produto\/xiaomi-mi-tv-box-4s\/#breadcrumblist","itemListElement":[{"@type":"ListItem","@id":"https:\/\/www.rucashk.com\/pt\/#listItem","position":1,"name":"Home","item":"https:\/\/www.rucashk.com\/pt\/","nextItem":"https:\/\/www.rucashk.com\/pt\/produto\/xiaomi-mi-tv-box-4s\/#listItem"},{"@type":"ListItem","@id":"https:\/\/www.rucashk.com\/pt\/produto\/xiaomi-mi-tv-box-4s\/#listItem","position":2,"name":"Xiaomi MI TV Box 4S","previousItem":"https:\/\/www.rucashk.com\/pt\/#listItem"}]},{"@type":"Organization","@id":"https:\/\/www.rucashk.com\/pt\/#organization","name":"Rucas","url":"https:\/\/www.rucashk.com\/pt\/","logo":{"@type":"ImageObject","url":"https:\/\/www.rucashk.com\/wp-content\/uploads\/2023\/12\/Rucas_campany_logo.png","@id":"https:\/\/www.rucashk.com\/pt\/produto\/xiaomi-mi-tv-box-4s\/#organizationLogo","width":221,"height":65},"image":{"@id":"https:\/\/www.rucashk.com\/pt\/#organizationLogo"}},{"@type":"Person","@id":"https:\/\/www.rucashk.com\/pt\/author\/admin\/#author","url":"https:\/\/www.rucashk.com\/pt\/author\/admin\/","name":"admin","image":{"@type":"ImageObject","@id":"https:\/\/www.rucashk.com\/pt\/produto\/xiaomi-mi-tv-box-4s\/#authorImage","url":"https:\/\/secure.gravatar.com\/avatar\/b7c8925b09a27e72b30232f8ecaadbd5af0f70a38c78096863fe51b64f031c24?s=96&d=mm&r=g","width":96,"height":96,"caption":"admin"}},{"@type":"WebPage","@id":"https:\/\/www.rucashk.com\/pt\/produto\/xiaomi-mi-tv-box-4s\/#webpage","url":"https:\/\/www.rucashk.com\/pt\/produto\/xiaomi-mi-tv-box-4s\/","name":"Xiaomi MI TV Box 4S - Rucas - Wholesale and Distribution","description":"We are Dealer Welcome to contact with us! Some Descriptions Original Xiaomi Mi Box 4S is a Bluetooth voice control TV box, which runs on the advanced Patchwall system. Large 2GB RAM + 8GB ROM capacity ensures more smooth and flexible operation. You can enjoy the high-definition images and play large games in your home theater.","inLanguage":"pt-PT","isPartOf":{"@id":"https:\/\/www.rucashk.com\/pt\/#website"},"breadcrumb":{"@id":"https:\/\/www.rucashk.com\/pt\/produto\/xiaomi-mi-tv-box-4s\/#breadcrumblist"},"author":{"@id":"https:\/\/www.rucashk.com\/pt\/author\/admin\/#author"},"creator":{"@id":"https:\/\/www.rucashk.com\/pt\/author\/admin\/#author"},"image":{"@type":"ImageObject","url":"https:\/\/www.rucashk.com\/wp-content\/uploads\/2024\/01\/1-2.png","@id":"https:\/\/www.rucashk.com\/pt\/produto\/xiaomi-mi-tv-box-4s\/#mainImage","width":448,"height":426},"primaryImageOfPage":{"@id":"https:\/\/www.rucashk.com\/pt\/produto\/xiaomi-mi-tv-box-4s\/#mainImage"},"datePublished":"2024-01-09T16:11:28+00:00","dateModified":"2025-06-22T07:41:20+00:00"},{"@type":"WebSite","@id":"https:\/\/www.rucashk.com\/pt\/#website","url":"https:\/\/www.rucashk.com\/pt\/","name":"Rucas - Wholesale and distribution worldwide","alternateName":"Rucas - One-stop AIoT Distribution Worldwide","description":"One-stop AIoT Distribution Worldwide","inLanguage":"pt-PT","publisher":{"@id":"https:\/\/www.rucashk.com\/pt\/#organization"}}]}},"aioseo_meta_data":{"post_id":"24967","title":null,"description":null,"keywords":null,"keyphrases":null,"primary_term":null,"canonical_url":null,"og_title":null,"og_description":null,"og_object_type":"default","og_image_type":"default","og_image_url":null,"og_image_width":null,"og_image_height":null,"og_image_custom_url":null,"og_image_custom_fields":null,"og_video":null,"og_custom_url":null,"og_article_section":null,"og_article_tags":null,"twitter_use_og":false,"twitter_card":"default","twitter_image_type":"default","twitter_image_url":null,"twitter_image_custom_url":null,"twitter_image_custom_fields":null,"twitter_title":null,"twitter_description":null,"schema":{"blockGraphs":[],"customGraphs":[],"default":{"data":{"Article":[],"Course":[],"Dataset":[],"FAQPage":[],"Movie":[],"Person":[],"Product":[],"Recipe":[],"Service":[],"SoftwareApplication":[],"WebPage":[]},"graphName":"","isEnabled":true},"graphs":[]},"schema_type":"default","schema_type_options":null,"pillar_content":false,"robots_default":true,"robots_noindex":false,"robots_noarchive":false,"robots_nosnippet":false,"robots_nofollow":false,"robots_noimageindex":false,"robots_noodp":false,"robots_notranslate":false,"robots_max_snippet":null,"robots_max_videopreview":null,"robots_max_imagepreview":"large","priority":null,"frequency":null,"local_seo":null,"breadcrumb_settings":null,"limit_modified_date":false,"created":"2024-04-11 01:57:16","updated":"2025-06-22 17:44:05"},"aioseo_breadcrumb":"<div class=\"aioseo-breadcrumbs\"><span class=\"aioseo-breadcrumb\">\n\t<a href=\"https:\/\/www.rucashk.com\/pt\" title=\"Home\">Home<\/a>\n<\/span><span class=\"aioseo-breadcrumb-separator\">&raquo;<\/span><span class=\"aioseo-breadcrumb\">\n\t<a href=\"https:\/\/www.rucashk.com\/pt\/products\/\" title=\"Produtos\">Produtos<\/a>\n<\/span><span class=\"aioseo-breadcrumb-separator\">&raquo;<\/span><span class=\"aioseo-breadcrumb\">\n\t<a href=\"https:\/\/www.rucashk.com\/pt\/marca\/xiaomi\/\" title=\"Xiaomi\">Xiaomi<\/a>\n<\/span><span class=\"aioseo-breadcrumb-separator\">&raquo;<\/span><span class=\"aioseo-breadcrumb\">\n\tXiaomi MI TV Box 4S\n<\/span><\/div>","aioseo_breadcrumb_json":[{"label":"Home","link":"https:\/\/www.rucashk.com\/pt"},{"label":"Produtos","link":"https:\/\/www.rucashk.com\/pt\/products\/"},{"label":"Xiaomi","link":"https:\/\/www.rucashk.com\/pt\/marca\/xiaomi\/"},{"label":"Xiaomi MI TV Box 4S","link":"https:\/\/www.rucashk.com\/pt\/produto\/xiaomi-mi-tv-box-4s\/"}],"_links":{"self":[{"href":"https:\/\/www.rucashk.com\/pt\/wp-json\/wp\/v2\/product\/24967","targetHints":{"allow":["GET"]}}],"collection":[{"href":"https:\/\/www.rucashk.com\/pt\/wp-json\/wp\/v2\/product"}],"about":[{"href":"https:\/\/www.rucashk.com\/pt\/wp-json\/wp\/v2\/types\/product"}],"wp:featuredmedia":[{"embeddable":true,"href":"https:\/\/www.rucashk.com\/pt\/wp-json\/wp\/v2\/media\/25074"}],"wp:attachment":[{"href":"https:\/\/www.rucashk.com\/pt\/wp-json\/wp\/v2\/media?parent=24967"}],"wp:term":[{"taxonomy":"product_brand","embeddable":true,"href":"https:\/\/www.rucashk.com\/pt\/wp-json\/wp\/v2\/product_brand?post=24967"},{"taxonomy":"product_cat","embeddable":true,"href":"https:\/\/www.rucashk.com\/pt\/wp-json\/wp\/v2\/product_cat?post=24967"},{"taxonomy":"product_tag","embeddable":true,"href":"https:\/\/www.rucashk.com\/pt\/wp-json\/wp\/v2\/product_tag?post=24967"}],"curies":[{"name":"wp","href":"https:\/\/api.w.org\/{rel}","templated":true}]}}