{"id":24966,"date":"2024-01-09T16:11:27","date_gmt":"2024-01-09T16:11:27","guid":{"rendered":"http:\/\/rucashk.com\/?post_type=product&#038;p=24966"},"modified":"2024-03-13T04:07:14","modified_gmt":"2024-03-13T04:07:14","slug":"new-70mai-a800-dual-vision-4k-dash-cam-global","status":"publish","type":"product","link":"https:\/\/www.rucashk.com\/pt\/produto\/new-70mai-a800-dual-vision-4k-dash-cam-global\/","title":{"rendered":"Nova 70mai A800 Dual Vision 4K Dash Cam Global"},"content":{"rendered":"<p><img fetchpriority=\"high\" decoding=\"async\" class=\"js-descLazyload lazy-loaded alignnone\" src=\"\/wp-content\/uploads\/replace\/85be43904f9535abaefbc6c82d1eb5d5.jpeg\" alt=\"New 70mai A800 Dual-vision 4K Dash Cam Global\" width=\"960\" height=\"1376\" data-lazy=\"\/wp-content\/uploads\/replace\/85be43904f9535abaefbc6c82d1eb5d5.jpeg\" data-was-processed=\"true\" \/><\/p>\n<p><img decoding=\"async\" class=\"js-descLazyload lazy-loaded alignnone\" src=\"\/wp-content\/uploads\/replace\/1240583adfb542f6567412608c688d2e.jpeg\" alt=\"New 70mai A800 Dual-vision 4K Dash Cam Global\" width=\"960\" height=\"975\" data-lazy=\"\/wp-content\/uploads\/replace\/1240583adfb542f6567412608c688d2e.jpeg\" data-was-processed=\"true\" \/><\/p>\n<p><img decoding=\"async\" class=\"js-descLazyload lazy-loaded alignnone\" src=\"\/wp-content\/uploads\/replace\/224821887beeeff44e51447252c3d1df.jpeg\" alt=\"New 70mai A800 Dual-vision 4K Dash Cam Global\" width=\"960\" height=\"986\" data-lazy=\"\/wp-content\/uploads\/replace\/224821887beeeff44e51447252c3d1df.jpeg\" data-was-processed=\"true\" \/><\/p>\n<p><img loading=\"lazy\" decoding=\"async\" class=\"js-descLazyload lazy-loaded alignnone\" src=\"\/wp-content\/uploads\/replace\/5bb10c730ee6e26bceb8f6eee18dc0bd.jpeg\" alt=\"New 70mai A800 Dual-vision 4K Dash Cam Global\" width=\"960\" height=\"750\" data-lazy=\"\/wp-content\/uploads\/replace\/5bb10c730ee6e26bceb8f6eee18dc0bd.jpeg\" data-was-processed=\"true\" \/><\/p>\n<p><img loading=\"lazy\" decoding=\"async\" class=\"js-descLazyload lazy-loaded alignnone\" src=\"\/wp-content\/uploads\/replace\/abdc62d451dd0f050a947c76553d97ba.jpeg\" alt=\"New 70mai A800 Dual-vision 4K Dash Cam Global\" width=\"960\" height=\"884\" data-lazy=\"\/wp-content\/uploads\/replace\/abdc62d451dd0f050a947c76553d97ba.jpeg\" data-was-processed=\"true\" \/><\/p>\n<p><img loading=\"lazy\" decoding=\"async\" class=\"js-descLazyload lazy-loaded alignnone\" src=\"\/wp-content\/uploads\/replace\/c863c4bca1ae322b473d5b8c05431e6d.jpeg\" alt=\"New 70mai A800 Dual-vision 4K Dash Cam Global\" width=\"960\" height=\"750\" data-lazy=\"\/wp-content\/uploads\/replace\/c863c4bca1ae322b473d5b8c05431e6d.jpeg\" data-was-processed=\"true\" \/><\/p>\n<p><img loading=\"lazy\" decoding=\"async\" class=\"js-descLazyload lazy-loaded alignnone\" src=\"\/wp-content\/uploads\/replace\/fea1fa9ab7f70b6d6239ddbbe0e383b6.jpeg\" alt=\"New 70mai A800 Dual-vision 4K Dash Cam Global\" width=\"960\" height=\"966\" data-lazy=\"\/wp-content\/uploads\/replace\/fea1fa9ab7f70b6d6239ddbbe0e383b6.jpeg\" data-was-processed=\"true\" \/><\/p>\n<p><img loading=\"lazy\" decoding=\"async\" class=\"js-descLazyload lazy-loaded alignnone\" src=\"\/wp-content\/uploads\/replace\/f92b04c5e30fcbec200e45cb5319c0f1.jpeg\" alt=\"New 70mai A800 Dual-vision 4K Dash Cam Global\" width=\"960\" height=\"929\" data-lazy=\"\/wp-content\/uploads\/replace\/f92b04c5e30fcbec200e45cb5319c0f1.jpeg\" data-was-processed=\"true\" \/><\/p>\n<p><img loading=\"lazy\" decoding=\"async\" class=\"js-descLazyload lazy-loaded alignnone\" src=\"\/wp-content\/uploads\/replace\/5125ef2dcdfa50b25ef29e242d3c6545.jpeg\" alt=\"New 70mai A800 Dual-vision 4K Dash Cam Global\" width=\"960\" height=\"787\" data-lazy=\"\/wp-content\/uploads\/replace\/5125ef2dcdfa50b25ef29e242d3c6545.jpeg\" data-was-processed=\"true\" \/><\/p>\n<p><img loading=\"lazy\" decoding=\"async\" class=\"js-descLazyload lazy-loaded alignnone\" src=\"\/wp-content\/uploads\/replace\/5c7baad1c022e61dc541cf3f70ddc497.jpeg\" alt=\"New 70mai A800 Dual-vision 4K Dash Cam Global\" width=\"960\" height=\"1472\" data-lazy=\"\/wp-content\/uploads\/replace\/5c7baad1c022e61dc541cf3f70ddc497.jpeg\" data-was-processed=\"true\" \/><\/p>\n<p><img loading=\"lazy\" decoding=\"async\" class=\"js-descLazyload lazy-loaded alignnone\" src=\"\/wp-content\/uploads\/replace\/f64802a5b28b08bc0bb72570c7e5e983.jpeg\" alt=\"New 70mai A800 Dual-vision 4K Dash Cam Global\" width=\"960\" height=\"785\" data-lazy=\"\/wp-content\/uploads\/replace\/f64802a5b28b08bc0bb72570c7e5e983.jpeg\" data-was-processed=\"true\" \/><\/p>\n<p><img loading=\"lazy\" decoding=\"async\" class=\"js-descLazyload lazy-loaded alignnone\" src=\"\/wp-content\/uploads\/replace\/22911b3c5b8e1c13528becb59cd4a226.jpeg\" alt=\"New 70mai A800 Dual-vision 4K Dash Cam Global\" width=\"960\" height=\"945\" data-lazy=\"\/wp-content\/uploads\/replace\/22911b3c5b8e1c13528becb59cd4a226.jpeg\" data-was-processed=\"true\" \/><\/p>\n<h3>Especifica\u00e7\u00e3o<\/h3>\n<p>Modelo: 70mai Dash Cam A800 4K<br \/>\nSensor de imagem: Sensor de imagem de alta sensibilidade SO-NY IMX415<br \/>\nResolu\u00e7\u00e3o: 3840*2160P<br \/>\nTaxa de quadros: 30FPS<br \/>\nCPU:HI3556V200<br \/>\nCapacidade da bateria: 500mAh<br \/>\nTela: Tela HD de 3 polegadas<br \/>\nResolu\u00e7\u00e3o de at\u00e9 4K com FOV de 140\u00b0 e Super Vis\u00e3o Noturna<br \/>\nSensores G integrados para grava\u00e7\u00e3o autom\u00e1tica de emerg\u00eancia<br \/>\nGPS incorporado<br \/>\nConex\u00e3o WIFI: Acesso de suporte e compartilhamento instant\u00e2neo<br \/>\nControle de APP M\u00f3vel (para iOS 9.0\/Android 4.4 acima)<br \/>\nSuporta cart\u00e3o TF m\u00ednimo de 32G e armazenamento m\u00e1ximo de cart\u00e3o de mem\u00f3ria Micro SD de 128G (n\u00e3o inclu\u00eddo)<br \/>\nMonitor de estacionamento 24 horas<\/p>","protected":false},"excerpt":{"rendered":"<p><strong>Pr\u00e9-venda agora:<\/strong><\/p>\n<p>70mai A800 \u00e9 um DVR automotivo que oferece imagens com qualidade de cinema dia e noite (resolu\u00e7\u00e3o de at\u00e9 4k) em vis\u00e3o dupla.<br \/>\nEst\u00e1 equipado com a tecnologia l\u00edder ADAS (Advanced Driving Assistant System) que aumenta a sua seguran\u00e7a ao dirigir.<br \/>\nQuando o ve\u00edculo estiver estacionado, o modo de estacionamento monitorar\u00e1 os arredores do carro e iniciar\u00e1 automaticamente a grava\u00e7\u00e3o se alguma colis\u00e3o for detectada.<br \/>\nAs grava\u00e7\u00f5es s\u00e3o armazenadas localmente e podem ser visualizadas no aplicativo para download no local e compartilhamento instant\u00e2neo.<\/p>","protected":false},"featured_media":25073,"template":"","meta":[],"product_brand":[],"product_cat":[1289,1288],"product_tag":[],"class_list":{"0":"post-24966","1":"product","2":"type-product","3":"status-publish","4":"has-post-thumbnail","6":"product_cat-dash-camera","7":"product_cat-e-vehicle-accessories","9":"first","10":"instock","11":"shipping-taxable","12":"product-type-external"},"aioseo_notices":[],"aioseo_head":"\n\t\t<!-- All in One SEO Pro 4.5.9.2 - aioseo.com -->\n\t\t<meta name=\"description\" content=\"Pre-sale Now: 70mai A800 is an in-car DVR that delivers day-and-night cinema-quality (up to 4k resolution) images in dual vision. It\u2019s equipped with the leading ADAS (Advanced Driving Assistant System) tech that boosts your driving safety. When the vehicle is parked, the parking mode will monitor the car\u2019s surroundings and automatically start recording if any collision is detected. Recordings are stored locally and can be viewed in-app for on-site download and instant sharing.\" \/>\n\t\t<meta name=\"robots\" content=\"max-image-preview:large\" \/>\n\t\t<link rel=\"canonical\" href=\"https:\/\/www.rucashk.com\/pt\/produto\/new-70mai-a800-dual-vision-4k-dash-cam-global\/\" \/>\n\t\t<meta name=\"generator\" content=\"All in One SEO Pro (AIOSEO) 4.5.9.2\" \/>\n\t\t<meta property=\"og:locale\" content=\"pt_PT\" \/>\n\t\t<meta property=\"og:site_name\" content=\"Rucas - One-stop AIoT Distribution Worldwide\" \/>\n\t\t<meta property=\"og:type\" content=\"article\" \/>\n\t\t<meta property=\"og:title\" content=\"New 70mai A800 Dual-vision 4K Dash Cam Global - Rucas - Wholesale and Distribution\" \/>\n\t\t<meta property=\"og:description\" content=\"Pre-sale Now: 70mai A800 is an in-car DVR that delivers day-and-night cinema-quality (up to 4k resolution) images in dual vision. It\u2019s equipped with the leading ADAS (Advanced Driving Assistant System) tech that boosts your driving safety. When the vehicle is parked, the parking mode will monitor the car\u2019s surroundings and automatically start recording if any collision is detected. Recordings are stored locally and can be viewed in-app for on-site download and instant sharing.\" \/>\n\t\t<meta property=\"og:url\" content=\"https:\/\/www.rucashk.com\/pt\/produto\/new-70mai-a800-dual-vision-4k-dash-cam-global\/\" \/>\n\t\t<meta property=\"og:image\" content=\"https:\/\/www.rucashk.com\/wp-content\/uploads\/replace\/503b8e645f128a97ccde2b6290747646.jpeg\" \/>\n\t\t<meta property=\"og:image:secure_url\" content=\"https:\/\/www.rucashk.com\/wp-content\/uploads\/replace\/503b8e645f128a97ccde2b6290747646.jpeg\" \/>\n\t\t<meta property=\"og:image:width\" content=\"1456\" \/>\n\t\t<meta property=\"og:image:height\" content=\"816\" \/>\n\t\t<meta property=\"article:published_time\" content=\"2024-01-09T16:11:27+00:00\" \/>\n\t\t<meta property=\"article:modified_time\" content=\"2024-03-13T04:07:14+00:00\" \/>\n\t\t<meta name=\"twitter:card\" content=\"summary_large_image\" \/>\n\t\t<meta name=\"twitter:title\" content=\"New 70mai A800 Dual-vision 4K Dash Cam Global - Rucas - Wholesale and Distribution\" \/>\n\t\t<meta name=\"twitter:description\" content=\"Pre-sale Now: 70mai A800 is an in-car DVR that delivers day-and-night cinema-quality (up to 4k resolution) images in dual vision. It\u2019s equipped with the leading ADAS (Advanced Driving Assistant System) tech that boosts your driving safety. When the vehicle is parked, the parking mode will monitor the car\u2019s surroundings and automatically start recording if any collision is detected. Recordings are stored locally and can be viewed in-app for on-site download and instant sharing.\" \/>\n\t\t<meta name=\"twitter:image\" content=\"https:\/\/www.rucashk.com\/wp-content\/uploads\/replace\/503b8e645f128a97ccde2b6290747646.jpeg\" \/>\n\t\t<script type=\"application\/ld+json\" class=\"aioseo-schema\">\n\t\t\t{\"@context\":\"https:\\\/\\\/schema.org\",\"@graph\":[{\"@type\":\"BreadcrumbList\",\"@id\":\"https:\\\/\\\/www.rucashk.com\\\/pt\\\/produto\\\/new-70mai-a800-dual-vision-4k-dash-cam-global\\\/#breadcrumblist\",\"itemListElement\":[{\"@type\":\"ListItem\",\"@id\":\"https:\\\/\\\/www.rucashk.com\\\/pt\\\/#listItem\",\"position\":1,\"name\":\"Home\",\"item\":\"https:\\\/\\\/www.rucashk.com\\\/pt\\\/\",\"nextItem\":\"https:\\\/\\\/www.rucashk.com\\\/pt\\\/produto\\\/new-70mai-a800-dual-vision-4k-dash-cam-global\\\/#listItem\"},{\"@type\":\"ListItem\",\"@id\":\"https:\\\/\\\/www.rucashk.com\\\/pt\\\/produto\\\/new-70mai-a800-dual-vision-4k-dash-cam-global\\\/#listItem\",\"position\":2,\"name\":\"New 70mai A800  Dual-vision 4K Dash Cam Global\",\"previousItem\":\"https:\\\/\\\/www.rucashk.com\\\/pt\\\/#listItem\"}]},{\"@type\":\"Organization\",\"@id\":\"https:\\\/\\\/www.rucashk.com\\\/pt\\\/#organization\",\"name\":\"Rucas\",\"url\":\"https:\\\/\\\/www.rucashk.com\\\/pt\\\/\",\"logo\":{\"@type\":\"ImageObject\",\"url\":\"https:\\\/\\\/www.rucashk.com\\\/wp-content\\\/uploads\\\/2023\\\/12\\\/Rucas_campany_logo.png\",\"@id\":\"https:\\\/\\\/www.rucashk.com\\\/pt\\\/produto\\\/new-70mai-a800-dual-vision-4k-dash-cam-global\\\/#organizationLogo\",\"width\":221,\"height\":65},\"image\":{\"@id\":\"https:\\\/\\\/www.rucashk.com\\\/pt\\\/#organizationLogo\"}},{\"@type\":\"Person\",\"@id\":\"https:\\\/\\\/www.rucashk.com\\\/pt\\\/author\\\/admin\\\/#author\",\"url\":\"https:\\\/\\\/www.rucashk.com\\\/pt\\\/author\\\/admin\\\/\",\"name\":\"admin\",\"image\":{\"@type\":\"ImageObject\",\"@id\":\"https:\\\/\\\/www.rucashk.com\\\/pt\\\/produto\\\/new-70mai-a800-dual-vision-4k-dash-cam-global\\\/#authorImage\",\"url\":\"https:\\\/\\\/secure.gravatar.com\\\/avatar\\\/b7c8925b09a27e72b30232f8ecaadbd5af0f70a38c78096863fe51b64f031c24?s=96&d=mm&r=g\",\"width\":96,\"height\":96,\"caption\":\"admin\"}},{\"@type\":\"WebPage\",\"@id\":\"https:\\\/\\\/www.rucashk.com\\\/pt\\\/produto\\\/new-70mai-a800-dual-vision-4k-dash-cam-global\\\/#webpage\",\"url\":\"https:\\\/\\\/www.rucashk.com\\\/pt\\\/produto\\\/new-70mai-a800-dual-vision-4k-dash-cam-global\\\/\",\"name\":\"New 70mai A800 Dual-vision 4K Dash Cam Global - Rucas - Wholesale and Distribution\",\"description\":\"Pre-sale Now: 70mai A800 is an in-car DVR that delivers day-and-night cinema-quality (up to 4k resolution) images in dual vision. It\\u2019s equipped with the leading ADAS (Advanced Driving Assistant System) tech that boosts your driving safety. When the vehicle is parked, the parking mode will monitor the car\\u2019s surroundings and automatically start recording if any collision is detected. Recordings are stored locally and can be viewed in-app for on-site download and instant sharing.\",\"inLanguage\":\"pt-PT\",\"isPartOf\":{\"@id\":\"https:\\\/\\\/www.rucashk.com\\\/pt\\\/#website\"},\"breadcrumb\":{\"@id\":\"https:\\\/\\\/www.rucashk.com\\\/pt\\\/produto\\\/new-70mai-a800-dual-vision-4k-dash-cam-global\\\/#breadcrumblist\"},\"author\":{\"@id\":\"https:\\\/\\\/www.rucashk.com\\\/pt\\\/author\\\/admin\\\/#author\"},\"creator\":{\"@id\":\"https:\\\/\\\/www.rucashk.com\\\/pt\\\/author\\\/admin\\\/#author\"},\"image\":{\"@type\":\"ImageObject\",\"url\":\"https:\\\/\\\/www.rucashk.com\\\/wp-content\\\/uploads\\\/2024\\\/01\\\/b35d96a3-e5c3-4181-9622-d97df29a893a.png\",\"@id\":\"https:\\\/\\\/www.rucashk.com\\\/pt\\\/produto\\\/new-70mai-a800-dual-vision-4k-dash-cam-global\\\/#mainImage\",\"width\":800,\"height\":800},\"primaryImageOfPage\":{\"@id\":\"https:\\\/\\\/www.rucashk.com\\\/pt\\\/produto\\\/new-70mai-a800-dual-vision-4k-dash-cam-global\\\/#mainImage\"},\"datePublished\":\"2024-01-09T16:11:27+00:00\",\"dateModified\":\"2024-03-13T04:07:14+00:00\"},{\"@type\":\"WebSite\",\"@id\":\"https:\\\/\\\/www.rucashk.com\\\/pt\\\/#website\",\"url\":\"https:\\\/\\\/www.rucashk.com\\\/pt\\\/\",\"name\":\"Rucas - Wholesale and distribution worldwide\",\"alternateName\":\"Rucas - One-stop AIoT Distribution Worldwide\",\"description\":\"One-stop AIoT Distribution Worldwide\",\"inLanguage\":\"pt-PT\",\"publisher\":{\"@id\":\"https:\\\/\\\/www.rucashk.com\\\/pt\\\/#organization\"}}]}\n\t\t<\/script>\n\t\t<!-- All in One SEO Pro -->\r\n\t\t<title>New 70mai A800 Dual-vision 4K Dash Cam Global - Rucas - Wholesale and Distribution<\/title>\n\n","aioseo_head_json":{"title":"New 70mai A800 Dual-vision 4K Dash Cam Global - Rucas - Wholesale and Distribution","description":"Pre-sale Now: 70mai A800 is an in-car DVR that delivers day-and-night cinema-quality (up to 4k resolution) images in dual vision. It\u2019s equipped with the leading ADAS (Advanced Driving Assistant System) tech that boosts your driving safety. When the vehicle is parked, the parking mode will monitor the car\u2019s surroundings and automatically start recording if any collision is detected. Recordings are stored locally and can be viewed in-app for on-site download and instant sharing.","canonical_url":"https:\/\/www.rucashk.com\/pt\/produto\/new-70mai-a800-dual-vision-4k-dash-cam-global\/","robots":"max-image-preview:large","keywords":"","webmasterTools":{"miscellaneous":""},"og:locale":"pt_PT","og:site_name":"Rucas - One-stop AIoT Distribution Worldwide","og:type":"article","og:title":"New 70mai A800 Dual-vision 4K Dash Cam Global - Rucas - Wholesale and Distribution","og:description":"Pre-sale Now: 70mai A800 is an in-car DVR that delivers day-and-night cinema-quality (up to 4k resolution) images in dual vision. It\u2019s equipped with the leading ADAS (Advanced Driving Assistant System) tech that boosts your driving safety. When the vehicle is parked, the parking mode will monitor the car\u2019s surroundings and automatically start recording if any collision is detected. Recordings are stored locally and can be viewed in-app for on-site download and instant sharing.","og:url":"https:\/\/www.rucashk.com\/pt\/produto\/new-70mai-a800-dual-vision-4k-dash-cam-global\/","og:image":"https:\/\/www.rucashk.com\/wp-content\/uploads\/replace\/503b8e645f128a97ccde2b6290747646.jpeg","og:image:secure_url":"https:\/\/www.rucashk.com\/wp-content\/uploads\/replace\/503b8e645f128a97ccde2b6290747646.jpeg","og:image:width":1456,"og:image:height":816,"article:published_time":"2024-01-09T16:11:27+00:00","article:modified_time":"2024-03-13T04:07:14+00:00","twitter:card":"summary_large_image","twitter:title":"New 70mai A800 Dual-vision 4K Dash Cam Global - Rucas - Wholesale and Distribution","twitter:description":"Pre-sale Now: 70mai A800 is an in-car DVR that delivers day-and-night cinema-quality (up to 4k resolution) images in dual vision. It\u2019s equipped with the leading ADAS (Advanced Driving Assistant System) tech that boosts your driving safety. When the vehicle is parked, the parking mode will monitor the car\u2019s surroundings and automatically start recording if any collision is detected. Recordings are stored locally and can be viewed in-app for on-site download and instant sharing.","twitter:image":"https:\/\/www.rucashk.com\/wp-content\/uploads\/replace\/503b8e645f128a97ccde2b6290747646.jpeg","schema":{"@context":"https:\/\/schema.org","@graph":[{"@type":"BreadcrumbList","@id":"https:\/\/www.rucashk.com\/pt\/produto\/new-70mai-a800-dual-vision-4k-dash-cam-global\/#breadcrumblist","itemListElement":[{"@type":"ListItem","@id":"https:\/\/www.rucashk.com\/pt\/#listItem","position":1,"name":"Home","item":"https:\/\/www.rucashk.com\/pt\/","nextItem":"https:\/\/www.rucashk.com\/pt\/produto\/new-70mai-a800-dual-vision-4k-dash-cam-global\/#listItem"},{"@type":"ListItem","@id":"https:\/\/www.rucashk.com\/pt\/produto\/new-70mai-a800-dual-vision-4k-dash-cam-global\/#listItem","position":2,"name":"New 70mai A800  Dual-vision 4K Dash Cam Global","previousItem":"https:\/\/www.rucashk.com\/pt\/#listItem"}]},{"@type":"Organization","@id":"https:\/\/www.rucashk.com\/pt\/#organization","name":"Rucas","url":"https:\/\/www.rucashk.com\/pt\/","logo":{"@type":"ImageObject","url":"https:\/\/www.rucashk.com\/wp-content\/uploads\/2023\/12\/Rucas_campany_logo.png","@id":"https:\/\/www.rucashk.com\/pt\/produto\/new-70mai-a800-dual-vision-4k-dash-cam-global\/#organizationLogo","width":221,"height":65},"image":{"@id":"https:\/\/www.rucashk.com\/pt\/#organizationLogo"}},{"@type":"Person","@id":"https:\/\/www.rucashk.com\/pt\/author\/admin\/#author","url":"https:\/\/www.rucashk.com\/pt\/author\/admin\/","name":"admin","image":{"@type":"ImageObject","@id":"https:\/\/www.rucashk.com\/pt\/produto\/new-70mai-a800-dual-vision-4k-dash-cam-global\/#authorImage","url":"https:\/\/secure.gravatar.com\/avatar\/b7c8925b09a27e72b30232f8ecaadbd5af0f70a38c78096863fe51b64f031c24?s=96&d=mm&r=g","width":96,"height":96,"caption":"admin"}},{"@type":"WebPage","@id":"https:\/\/www.rucashk.com\/pt\/produto\/new-70mai-a800-dual-vision-4k-dash-cam-global\/#webpage","url":"https:\/\/www.rucashk.com\/pt\/produto\/new-70mai-a800-dual-vision-4k-dash-cam-global\/","name":"New 70mai A800 Dual-vision 4K Dash Cam Global - Rucas - Wholesale and Distribution","description":"Pre-sale Now: 70mai A800 is an in-car DVR that delivers day-and-night cinema-quality (up to 4k resolution) images in dual vision. It\u2019s equipped with the leading ADAS (Advanced Driving Assistant System) tech that boosts your driving safety. When the vehicle is parked, the parking mode will monitor the car\u2019s surroundings and automatically start recording if any collision is detected. Recordings are stored locally and can be viewed in-app for on-site download and instant sharing.","inLanguage":"pt-PT","isPartOf":{"@id":"https:\/\/www.rucashk.com\/pt\/#website"},"breadcrumb":{"@id":"https:\/\/www.rucashk.com\/pt\/produto\/new-70mai-a800-dual-vision-4k-dash-cam-global\/#breadcrumblist"},"author":{"@id":"https:\/\/www.rucashk.com\/pt\/author\/admin\/#author"},"creator":{"@id":"https:\/\/www.rucashk.com\/pt\/author\/admin\/#author"},"image":{"@type":"ImageObject","url":"https:\/\/www.rucashk.com\/wp-content\/uploads\/2024\/01\/b35d96a3-e5c3-4181-9622-d97df29a893a.png","@id":"https:\/\/www.rucashk.com\/pt\/produto\/new-70mai-a800-dual-vision-4k-dash-cam-global\/#mainImage","width":800,"height":800},"primaryImageOfPage":{"@id":"https:\/\/www.rucashk.com\/pt\/produto\/new-70mai-a800-dual-vision-4k-dash-cam-global\/#mainImage"},"datePublished":"2024-01-09T16:11:27+00:00","dateModified":"2024-03-13T04:07:14+00:00"},{"@type":"WebSite","@id":"https:\/\/www.rucashk.com\/pt\/#website","url":"https:\/\/www.rucashk.com\/pt\/","name":"Rucas - Wholesale and distribution worldwide","alternateName":"Rucas - One-stop AIoT Distribution Worldwide","description":"One-stop AIoT Distribution Worldwide","inLanguage":"pt-PT","publisher":{"@id":"https:\/\/www.rucashk.com\/pt\/#organization"}}]}},"aioseo_meta_data":{"post_id":"24966","title":null,"description":null,"keywords":null,"keyphrases":null,"primary_term":null,"canonical_url":null,"og_title":null,"og_description":null,"og_object_type":"default","og_image_type":"default","og_image_url":null,"og_image_width":null,"og_image_height":null,"og_image_custom_url":null,"og_image_custom_fields":null,"og_video":null,"og_custom_url":null,"og_article_section":null,"og_article_tags":null,"twitter_use_og":false,"twitter_card":"default","twitter_image_type":"default","twitter_image_url":null,"twitter_image_custom_url":null,"twitter_image_custom_fields":null,"twitter_title":null,"twitter_description":null,"schema":{"blockGraphs":[],"customGraphs":[],"default":{"data":{"Article":[],"Course":[],"Dataset":[],"FAQPage":[],"Movie":[],"Person":[],"Product":[],"Recipe":[],"Service":[],"SoftwareApplication":[],"WebPage":[]},"graphName":"","isEnabled":true},"graphs":[]},"schema_type":"default","schema_type_options":null,"pillar_content":false,"robots_default":true,"robots_noindex":false,"robots_noarchive":false,"robots_nosnippet":false,"robots_nofollow":false,"robots_noimageindex":false,"robots_noodp":false,"robots_notranslate":false,"robots_max_snippet":null,"robots_max_videopreview":null,"robots_max_imagepreview":"large","priority":null,"frequency":null,"local_seo":null,"breadcrumb_settings":null,"limit_modified_date":false,"created":"2024-04-11 01:57:16","updated":"2025-06-22 17:44:05"},"aioseo_breadcrumb":"<div class=\"aioseo-breadcrumbs\"><span class=\"aioseo-breadcrumb\">\n\t<a href=\"https:\/\/www.rucashk.com\/pt\" title=\"Home\">Home<\/a>\n<\/span><span class=\"aioseo-breadcrumb-separator\">&raquo;<\/span><span class=\"aioseo-breadcrumb\">\n\t<a href=\"https:\/\/www.rucashk.com\/pt\/products\/\" title=\"Produtos\">Produtos<\/a>\n<\/span><span class=\"aioseo-breadcrumb-separator\">&raquo;<\/span><span class=\"aioseo-breadcrumb\">\n\t<a href=\"https:\/\/www.rucashk.com\/pt\/categoria-produto\/e-vehicle-accessories\/\" title=\"E-Vehicle Accessories\">E-Vehicle Accessories<\/a>\n<\/span><span class=\"aioseo-breadcrumb-separator\">&raquo;<\/span><span class=\"aioseo-breadcrumb\">\n\t<a href=\"https:\/\/www.rucashk.com\/pt\/categoria-produto\/e-vehicle-accessories\/dash-camera\/\" title=\"Dash Camera\">Dash Camera<\/a>\n<\/span><span class=\"aioseo-breadcrumb-separator\">&raquo;<\/span><span class=\"aioseo-breadcrumb\">\n\tNew 70mai A800  Dual-vision 4K Dash Cam Global\n<\/span><\/div>","aioseo_breadcrumb_json":[{"label":"Home","link":"https:\/\/www.rucashk.com\/pt"},{"label":"Produtos","link":"https:\/\/www.rucashk.com\/pt\/products\/"},{"label":"E-Vehicle Accessories","link":"https:\/\/www.rucashk.com\/pt\/categoria-produto\/e-vehicle-accessories\/"},{"label":"Dash Camera","link":"https:\/\/www.rucashk.com\/pt\/categoria-produto\/e-vehicle-accessories\/dash-camera\/"},{"label":"New 70mai A800  Dual-vision 4K Dash Cam Global","link":"https:\/\/www.rucashk.com\/pt\/produto\/new-70mai-a800-dual-vision-4k-dash-cam-global\/"}],"_links":{"self":[{"href":"https:\/\/www.rucashk.com\/pt\/wp-json\/wp\/v2\/product\/24966","targetHints":{"allow":["GET"]}}],"collection":[{"href":"https:\/\/www.rucashk.com\/pt\/wp-json\/wp\/v2\/product"}],"about":[{"href":"https:\/\/www.rucashk.com\/pt\/wp-json\/wp\/v2\/types\/product"}],"wp:featuredmedia":[{"embeddable":true,"href":"https:\/\/www.rucashk.com\/pt\/wp-json\/wp\/v2\/media\/25073"}],"wp:attachment":[{"href":"https:\/\/www.rucashk.com\/pt\/wp-json\/wp\/v2\/media?parent=24966"}],"wp:term":[{"taxonomy":"product_brand","embeddable":true,"href":"https:\/\/www.rucashk.com\/pt\/wp-json\/wp\/v2\/product_brand?post=24966"},{"taxonomy":"product_cat","embeddable":true,"href":"https:\/\/www.rucashk.com\/pt\/wp-json\/wp\/v2\/product_cat?post=24966"},{"taxonomy":"product_tag","embeddable":true,"href":"https:\/\/www.rucashk.com\/pt\/wp-json\/wp\/v2\/product_tag?post=24966"}],"curies":[{"name":"wp","href":"https:\/\/api.w.org\/{rel}","templated":true}]}}