{"id":24963,"date":"2024-01-09T16:11:27","date_gmt":"2024-01-09T16:11:27","guid":{"rendered":"http:\/\/rucashk.com\/?post_type=product&#038;p=24963"},"modified":"2025-06-22T07:41:20","modified_gmt":"2025-06-22T07:41:20","slug":"xiaomi-watch-se-global-supply","status":"publish","type":"product","link":"https:\/\/www.rucashk.com\/pt\/produto\/xiaomi-watch-se-global-supply\/","title":{"rendered":"Fornecimento Global Xiaomi Watch SE"},"content":{"rendered":"<h3 style=\"text-align: center\">Mi Watch SE<\/h3>\n<p>O\u00a0<strong>Xiaomi Mi Rel\u00f3gio Inteligente SE\u00a0<\/strong>ser\u00e1 o \u00fanico rel\u00f3gio Xiaomi de gama m\u00e9dia-baixa lan\u00e7ado na segunda metade de 2020!<\/p>\n<p>Pode vir com um pre\u00e7o surpreendente que chega at\u00e9 perto do Mi Band 5, o que significa que voc\u00ea pode comprar um rel\u00f3gio inteligente com pre\u00e7o de banda inteligente!<img fetchpriority=\"high\" decoding=\"async\" class=\"size-full wp-image-24187 aligncenter\" src=\"\/wp-content\/uploads\/replace\/531274a504075303d2501f7d9c6126cc.jpeg\" alt=\"Xiaomi Watch SE Global Supply\" width=\"640\" height=\"355\" \/><\/p>\n<p>&nbsp;<\/p>","protected":false},"excerpt":{"rendered":"<p>Mi Watch SE, com design de mostrador redondo, \u00e9 equipado com display AMOLED de 1,39 polegadas com resolu\u00e7\u00e3o de 454\u00d7454, monitor de frequ\u00eancia card\u00edaca integrado, rastreador de sono, suporta GPS, Bluetooth 5.0, NFC e 5 ATM \u00e0 prova d\u2019\u00e1gua, usa Bateria de 420mAh. O tempo de voo de acompanhamento pode ser de at\u00e9 14 dias com uma carga.<\/p>","protected":false},"featured_media":25069,"template":"","meta":[],"product_brand":[1363],"product_cat":[1307,1305],"product_tag":[1180],"class_list":{"0":"post-24963","1":"product","2":"type-product","3":"status-publish","4":"has-post-thumbnail","6":"product_brand-xiaomi","7":"product_cat-mi-band-smartwatch","8":"product_cat-xiaomi-eco","9":"product_tag-mi-watch","11":"first","12":"instock","13":"shipping-taxable","14":"product-type-external"},"aioseo_notices":[],"aioseo_head":"\n\t\t<!-- All in One SEO Pro 4.5.9.2 - aioseo.com -->\n\t\t<meta name=\"description\" content=\"Mi Watch SE, with a round dial design, is equipped with a 1.39-inch AMOLED display with a resolution of 454\u00d7454, built-in heart rate monitor, sleep tracker, supports GPS, Bluetooth 5.0, NFC and 5 ATM waterproof, uses 420mAh battery , The follow-up flight time can be up to 14 days on one charge.\" \/>\n\t\t<meta name=\"robots\" content=\"max-image-preview:large\" \/>\n\t\t<link rel=\"canonical\" href=\"https:\/\/www.rucashk.com\/pt\/produto\/xiaomi-watch-se-global-supply\/\" \/>\n\t\t<meta name=\"generator\" content=\"All in One SEO Pro (AIOSEO) 4.5.9.2\" \/>\n\t\t<meta property=\"og:locale\" content=\"pt_PT\" \/>\n\t\t<meta property=\"og:site_name\" content=\"Rucas - One-stop AIoT Distribution Worldwide\" \/>\n\t\t<meta property=\"og:type\" content=\"article\" \/>\n\t\t<meta property=\"og:title\" content=\"Xiaomi Watch SE Global Supply - Rucas - Wholesale and Distribution\" \/>\n\t\t<meta property=\"og:description\" content=\"Mi Watch SE, with a round dial design, is equipped with a 1.39-inch AMOLED display with a resolution of 454\u00d7454, built-in heart rate monitor, sleep tracker, supports GPS, Bluetooth 5.0, NFC and 5 ATM waterproof, uses 420mAh battery , The follow-up flight time can be up to 14 days on one charge.\" \/>\n\t\t<meta property=\"og:url\" content=\"https:\/\/www.rucashk.com\/pt\/produto\/xiaomi-watch-se-global-supply\/\" \/>\n\t\t<meta property=\"og:image\" content=\"https:\/\/www.rucashk.com\/wp-content\/uploads\/replace\/503b8e645f128a97ccde2b6290747646.jpeg\" \/>\n\t\t<meta property=\"og:image:secure_url\" content=\"https:\/\/www.rucashk.com\/wp-content\/uploads\/replace\/503b8e645f128a97ccde2b6290747646.jpeg\" \/>\n\t\t<meta property=\"og:image:width\" content=\"1456\" \/>\n\t\t<meta property=\"og:image:height\" content=\"816\" \/>\n\t\t<meta property=\"article:published_time\" content=\"2024-01-09T16:11:27+00:00\" \/>\n\t\t<meta property=\"article:modified_time\" content=\"2025-06-22T07:41:20+00:00\" \/>\n\t\t<meta name=\"twitter:card\" content=\"summary_large_image\" \/>\n\t\t<meta name=\"twitter:title\" content=\"Xiaomi Watch SE Global Supply - Rucas - Wholesale and Distribution\" \/>\n\t\t<meta name=\"twitter:description\" content=\"Mi Watch SE, with a round dial design, is equipped with a 1.39-inch AMOLED display with a resolution of 454\u00d7454, built-in heart rate monitor, sleep tracker, supports GPS, Bluetooth 5.0, NFC and 5 ATM waterproof, uses 420mAh battery , The follow-up flight time can be up to 14 days on one charge.\" \/>\n\t\t<meta name=\"twitter:image\" content=\"https:\/\/www.rucashk.com\/wp-content\/uploads\/replace\/503b8e645f128a97ccde2b6290747646.jpeg\" \/>\n\t\t<script type=\"application\/ld+json\" class=\"aioseo-schema\">\n\t\t\t{\"@context\":\"https:\\\/\\\/schema.org\",\"@graph\":[{\"@type\":\"BreadcrumbList\",\"@id\":\"https:\\\/\\\/www.rucashk.com\\\/pt\\\/produto\\\/xiaomi-watch-se-global-supply\\\/#breadcrumblist\",\"itemListElement\":[{\"@type\":\"ListItem\",\"@id\":\"https:\\\/\\\/www.rucashk.com\\\/pt\\\/#listItem\",\"position\":1,\"name\":\"Home\",\"item\":\"https:\\\/\\\/www.rucashk.com\\\/pt\\\/\",\"nextItem\":\"https:\\\/\\\/www.rucashk.com\\\/pt\\\/produto\\\/xiaomi-watch-se-global-supply\\\/#listItem\"},{\"@type\":\"ListItem\",\"@id\":\"https:\\\/\\\/www.rucashk.com\\\/pt\\\/produto\\\/xiaomi-watch-se-global-supply\\\/#listItem\",\"position\":2,\"name\":\"Xiaomi Watch SE Global Supply\",\"previousItem\":\"https:\\\/\\\/www.rucashk.com\\\/pt\\\/#listItem\"}]},{\"@type\":\"Organization\",\"@id\":\"https:\\\/\\\/www.rucashk.com\\\/pt\\\/#organization\",\"name\":\"Rucas\",\"url\":\"https:\\\/\\\/www.rucashk.com\\\/pt\\\/\",\"logo\":{\"@type\":\"ImageObject\",\"url\":\"https:\\\/\\\/www.rucashk.com\\\/wp-content\\\/uploads\\\/2023\\\/12\\\/Rucas_campany_logo.png\",\"@id\":\"https:\\\/\\\/www.rucashk.com\\\/pt\\\/produto\\\/xiaomi-watch-se-global-supply\\\/#organizationLogo\",\"width\":221,\"height\":65},\"image\":{\"@id\":\"https:\\\/\\\/www.rucashk.com\\\/pt\\\/#organizationLogo\"}},{\"@type\":\"Person\",\"@id\":\"https:\\\/\\\/www.rucashk.com\\\/pt\\\/author\\\/admin\\\/#author\",\"url\":\"https:\\\/\\\/www.rucashk.com\\\/pt\\\/author\\\/admin\\\/\",\"name\":\"admin\",\"image\":{\"@type\":\"ImageObject\",\"@id\":\"https:\\\/\\\/www.rucashk.com\\\/pt\\\/produto\\\/xiaomi-watch-se-global-supply\\\/#authorImage\",\"url\":\"https:\\\/\\\/secure.gravatar.com\\\/avatar\\\/b7c8925b09a27e72b30232f8ecaadbd5af0f70a38c78096863fe51b64f031c24?s=96&d=mm&r=g\",\"width\":96,\"height\":96,\"caption\":\"admin\"}},{\"@type\":\"WebPage\",\"@id\":\"https:\\\/\\\/www.rucashk.com\\\/pt\\\/produto\\\/xiaomi-watch-se-global-supply\\\/#webpage\",\"url\":\"https:\\\/\\\/www.rucashk.com\\\/pt\\\/produto\\\/xiaomi-watch-se-global-supply\\\/\",\"name\":\"Xiaomi Watch SE Global Supply - Rucas - Wholesale and Distribution\",\"description\":\"Mi Watch SE, with a round dial design, is equipped with a 1.39-inch AMOLED display with a resolution of 454\\u00d7454, built-in heart rate monitor, sleep tracker, supports GPS, Bluetooth 5.0, NFC and 5 ATM waterproof, uses 420mAh battery , The follow-up flight time can be up to 14 days on one charge.\",\"inLanguage\":\"pt-PT\",\"isPartOf\":{\"@id\":\"https:\\\/\\\/www.rucashk.com\\\/pt\\\/#website\"},\"breadcrumb\":{\"@id\":\"https:\\\/\\\/www.rucashk.com\\\/pt\\\/produto\\\/xiaomi-watch-se-global-supply\\\/#breadcrumblist\"},\"author\":{\"@id\":\"https:\\\/\\\/www.rucashk.com\\\/pt\\\/author\\\/admin\\\/#author\"},\"creator\":{\"@id\":\"https:\\\/\\\/www.rucashk.com\\\/pt\\\/author\\\/admin\\\/#author\"},\"image\":{\"@type\":\"ImageObject\",\"url\":\"https:\\\/\\\/www.rucashk.com\\\/wp-content\\\/uploads\\\/2024\\\/01\\\/Mi-Watch-SE_\\u526f\\u672c.jpg\",\"@id\":\"https:\\\/\\\/www.rucashk.com\\\/pt\\\/produto\\\/xiaomi-watch-se-global-supply\\\/#mainImage\",\"width\":800,\"height\":800},\"primaryImageOfPage\":{\"@id\":\"https:\\\/\\\/www.rucashk.com\\\/pt\\\/produto\\\/xiaomi-watch-se-global-supply\\\/#mainImage\"},\"datePublished\":\"2024-01-09T16:11:27+00:00\",\"dateModified\":\"2025-06-22T07:41:20+00:00\"},{\"@type\":\"WebSite\",\"@id\":\"https:\\\/\\\/www.rucashk.com\\\/pt\\\/#website\",\"url\":\"https:\\\/\\\/www.rucashk.com\\\/pt\\\/\",\"name\":\"Rucas - Wholesale and distribution worldwide\",\"alternateName\":\"Rucas - One-stop AIoT Distribution Worldwide\",\"description\":\"One-stop AIoT Distribution Worldwide\",\"inLanguage\":\"pt-PT\",\"publisher\":{\"@id\":\"https:\\\/\\\/www.rucashk.com\\\/pt\\\/#organization\"}}]}\n\t\t<\/script>\n\t\t<!-- All in One SEO Pro -->\r\n\t\t<title>Xiaomi Watch SE Global Supply - Rucas - Wholesale and Distribution<\/title>\n\n","aioseo_head_json":{"title":"Xiaomi Watch SE Global Supply - Rucas - Wholesale and Distribution","description":"Mi Watch SE, with a round dial design, is equipped with a 1.39-inch AMOLED display with a resolution of 454\u00d7454, built-in heart rate monitor, sleep tracker, supports GPS, Bluetooth 5.0, NFC and 5 ATM waterproof, uses 420mAh battery , The follow-up flight time can be up to 14 days on one charge.","canonical_url":"https:\/\/www.rucashk.com\/pt\/produto\/xiaomi-watch-se-global-supply\/","robots":"max-image-preview:large","keywords":"","webmasterTools":{"miscellaneous":""},"og:locale":"pt_PT","og:site_name":"Rucas - One-stop AIoT Distribution Worldwide","og:type":"article","og:title":"Xiaomi Watch SE Global Supply - Rucas - Wholesale and Distribution","og:description":"Mi Watch SE, with a round dial design, is equipped with a 1.39-inch AMOLED display with a resolution of 454\u00d7454, built-in heart rate monitor, sleep tracker, supports GPS, Bluetooth 5.0, NFC and 5 ATM waterproof, uses 420mAh battery , The follow-up flight time can be up to 14 days on one charge.","og:url":"https:\/\/www.rucashk.com\/pt\/produto\/xiaomi-watch-se-global-supply\/","og:image":"https:\/\/www.rucashk.com\/wp-content\/uploads\/replace\/503b8e645f128a97ccde2b6290747646.jpeg","og:image:secure_url":"https:\/\/www.rucashk.com\/wp-content\/uploads\/replace\/503b8e645f128a97ccde2b6290747646.jpeg","og:image:width":1456,"og:image:height":816,"article:published_time":"2024-01-09T16:11:27+00:00","article:modified_time":"2025-06-22T07:41:20+00:00","twitter:card":"summary_large_image","twitter:title":"Xiaomi Watch SE Global Supply - Rucas - Wholesale and Distribution","twitter:description":"Mi Watch SE, with a round dial design, is equipped with a 1.39-inch AMOLED display with a resolution of 454\u00d7454, built-in heart rate monitor, sleep tracker, supports GPS, Bluetooth 5.0, NFC and 5 ATM waterproof, uses 420mAh battery , The follow-up flight time can be up to 14 days on one charge.","twitter:image":"https:\/\/www.rucashk.com\/wp-content\/uploads\/replace\/503b8e645f128a97ccde2b6290747646.jpeg","schema":{"@context":"https:\/\/schema.org","@graph":[{"@type":"BreadcrumbList","@id":"https:\/\/www.rucashk.com\/pt\/produto\/xiaomi-watch-se-global-supply\/#breadcrumblist","itemListElement":[{"@type":"ListItem","@id":"https:\/\/www.rucashk.com\/pt\/#listItem","position":1,"name":"Home","item":"https:\/\/www.rucashk.com\/pt\/","nextItem":"https:\/\/www.rucashk.com\/pt\/produto\/xiaomi-watch-se-global-supply\/#listItem"},{"@type":"ListItem","@id":"https:\/\/www.rucashk.com\/pt\/produto\/xiaomi-watch-se-global-supply\/#listItem","position":2,"name":"Xiaomi Watch SE Global Supply","previousItem":"https:\/\/www.rucashk.com\/pt\/#listItem"}]},{"@type":"Organization","@id":"https:\/\/www.rucashk.com\/pt\/#organization","name":"Rucas","url":"https:\/\/www.rucashk.com\/pt\/","logo":{"@type":"ImageObject","url":"https:\/\/www.rucashk.com\/wp-content\/uploads\/2023\/12\/Rucas_campany_logo.png","@id":"https:\/\/www.rucashk.com\/pt\/produto\/xiaomi-watch-se-global-supply\/#organizationLogo","width":221,"height":65},"image":{"@id":"https:\/\/www.rucashk.com\/pt\/#organizationLogo"}},{"@type":"Person","@id":"https:\/\/www.rucashk.com\/pt\/author\/admin\/#author","url":"https:\/\/www.rucashk.com\/pt\/author\/admin\/","name":"admin","image":{"@type":"ImageObject","@id":"https:\/\/www.rucashk.com\/pt\/produto\/xiaomi-watch-se-global-supply\/#authorImage","url":"https:\/\/secure.gravatar.com\/avatar\/b7c8925b09a27e72b30232f8ecaadbd5af0f70a38c78096863fe51b64f031c24?s=96&d=mm&r=g","width":96,"height":96,"caption":"admin"}},{"@type":"WebPage","@id":"https:\/\/www.rucashk.com\/pt\/produto\/xiaomi-watch-se-global-supply\/#webpage","url":"https:\/\/www.rucashk.com\/pt\/produto\/xiaomi-watch-se-global-supply\/","name":"Xiaomi Watch SE Global Supply - Rucas - Wholesale and Distribution","description":"Mi Watch SE, with a round dial design, is equipped with a 1.39-inch AMOLED display with a resolution of 454\u00d7454, built-in heart rate monitor, sleep tracker, supports GPS, Bluetooth 5.0, NFC and 5 ATM waterproof, uses 420mAh battery , The follow-up flight time can be up to 14 days on one charge.","inLanguage":"pt-PT","isPartOf":{"@id":"https:\/\/www.rucashk.com\/pt\/#website"},"breadcrumb":{"@id":"https:\/\/www.rucashk.com\/pt\/produto\/xiaomi-watch-se-global-supply\/#breadcrumblist"},"author":{"@id":"https:\/\/www.rucashk.com\/pt\/author\/admin\/#author"},"creator":{"@id":"https:\/\/www.rucashk.com\/pt\/author\/admin\/#author"},"image":{"@type":"ImageObject","url":"https:\/\/www.rucashk.com\/wp-content\/uploads\/2024\/01\/Mi-Watch-SE_\u526f\u672c.jpg","@id":"https:\/\/www.rucashk.com\/pt\/produto\/xiaomi-watch-se-global-supply\/#mainImage","width":800,"height":800},"primaryImageOfPage":{"@id":"https:\/\/www.rucashk.com\/pt\/produto\/xiaomi-watch-se-global-supply\/#mainImage"},"datePublished":"2024-01-09T16:11:27+00:00","dateModified":"2025-06-22T07:41:20+00:00"},{"@type":"WebSite","@id":"https:\/\/www.rucashk.com\/pt\/#website","url":"https:\/\/www.rucashk.com\/pt\/","name":"Rucas - Wholesale and distribution worldwide","alternateName":"Rucas - One-stop AIoT Distribution Worldwide","description":"One-stop AIoT Distribution Worldwide","inLanguage":"pt-PT","publisher":{"@id":"https:\/\/www.rucashk.com\/pt\/#organization"}}]}},"aioseo_meta_data":{"post_id":"24963","title":null,"description":null,"keywords":null,"keyphrases":null,"primary_term":null,"canonical_url":null,"og_title":null,"og_description":null,"og_object_type":"default","og_image_type":"default","og_image_url":null,"og_image_width":null,"og_image_height":null,"og_image_custom_url":null,"og_image_custom_fields":null,"og_video":null,"og_custom_url":null,"og_article_section":null,"og_article_tags":null,"twitter_use_og":false,"twitter_card":"default","twitter_image_type":"default","twitter_image_url":null,"twitter_image_custom_url":null,"twitter_image_custom_fields":null,"twitter_title":null,"twitter_description":null,"schema":{"blockGraphs":[],"customGraphs":[],"default":{"data":{"Article":[],"Course":[],"Dataset":[],"FAQPage":[],"Movie":[],"Person":[],"Product":[],"Recipe":[],"Service":[],"SoftwareApplication":[],"WebPage":[]},"graphName":"","isEnabled":true},"graphs":[]},"schema_type":"default","schema_type_options":null,"pillar_content":false,"robots_default":true,"robots_noindex":false,"robots_noarchive":false,"robots_nosnippet":false,"robots_nofollow":false,"robots_noimageindex":false,"robots_noodp":false,"robots_notranslate":false,"robots_max_snippet":null,"robots_max_videopreview":null,"robots_max_imagepreview":"large","priority":null,"frequency":null,"local_seo":null,"breadcrumb_settings":null,"limit_modified_date":false,"created":"2024-04-11 01:57:16","updated":"2025-06-22 17:44:04"},"aioseo_breadcrumb":"<div class=\"aioseo-breadcrumbs\"><span class=\"aioseo-breadcrumb\">\n\t<a href=\"https:\/\/www.rucashk.com\/pt\" title=\"Home\">Home<\/a>\n<\/span><span class=\"aioseo-breadcrumb-separator\">&raquo;<\/span><span class=\"aioseo-breadcrumb\">\n\t<a href=\"https:\/\/www.rucashk.com\/pt\/products\/\" title=\"Produtos\">Produtos<\/a>\n<\/span><span class=\"aioseo-breadcrumb-separator\">&raquo;<\/span><span class=\"aioseo-breadcrumb\">\n\t<a href=\"https:\/\/www.rucashk.com\/pt\/marca\/xiaomi\/\" title=\"Xiaomi\">Xiaomi<\/a>\n<\/span><span class=\"aioseo-breadcrumb-separator\">&raquo;<\/span><span class=\"aioseo-breadcrumb\">\n\tXiaomi Watch SE Global Supply\n<\/span><\/div>","aioseo_breadcrumb_json":[{"label":"Home","link":"https:\/\/www.rucashk.com\/pt"},{"label":"Produtos","link":"https:\/\/www.rucashk.com\/pt\/products\/"},{"label":"Xiaomi","link":"https:\/\/www.rucashk.com\/pt\/marca\/xiaomi\/"},{"label":"Xiaomi Watch SE Global Supply","link":"https:\/\/www.rucashk.com\/pt\/produto\/xiaomi-watch-se-global-supply\/"}],"_links":{"self":[{"href":"https:\/\/www.rucashk.com\/pt\/wp-json\/wp\/v2\/product\/24963","targetHints":{"allow":["GET"]}}],"collection":[{"href":"https:\/\/www.rucashk.com\/pt\/wp-json\/wp\/v2\/product"}],"about":[{"href":"https:\/\/www.rucashk.com\/pt\/wp-json\/wp\/v2\/types\/product"}],"wp:featuredmedia":[{"embeddable":true,"href":"https:\/\/www.rucashk.com\/pt\/wp-json\/wp\/v2\/media\/25069"}],"wp:attachment":[{"href":"https:\/\/www.rucashk.com\/pt\/wp-json\/wp\/v2\/media?parent=24963"}],"wp:term":[{"taxonomy":"product_brand","embeddable":true,"href":"https:\/\/www.rucashk.com\/pt\/wp-json\/wp\/v2\/product_brand?post=24963"},{"taxonomy":"product_cat","embeddable":true,"href":"https:\/\/www.rucashk.com\/pt\/wp-json\/wp\/v2\/product_cat?post=24963"},{"taxonomy":"product_tag","embeddable":true,"href":"https:\/\/www.rucashk.com\/pt\/wp-json\/wp\/v2\/product_tag?post=24963"}],"curies":[{"name":"wp","href":"https:\/\/api.w.org\/{rel}","templated":true}]}}