{"id":24960,"date":"2024-01-09T16:11:27","date_gmt":"2024-01-09T16:11:27","guid":{"rendered":"http:\/\/rucashk.com\/?post_type=product&#038;p=24960"},"modified":"2024-03-13T04:07:31","modified_gmt":"2024-03-13T04:07:31","slug":"amazfit-gtr-2-smart-watch","status":"publish","type":"product","link":"https:\/\/www.rucashk.com\/pt\/produto\/amazfit-gtr-2-smart-watch\/","title":{"rendered":"Rel\u00f3gio inteligente Amazfit GTR 2"},"content":{"rendered":"<p><img fetchpriority=\"high\" decoding=\"async\" class=\"alignnone wp-image-24041 size-full\" src=\"\/wp-content\/uploads\/replace\/909b5d64dbf8bfea251ab9cbb4bdf583.png\" alt=\"Amazfit GTR 2 Smart Watch\" width=\"1350\" height=\"685\" \/><img decoding=\"async\" class=\"alignnone wp-image-24042 size-full\" src=\"\/wp-content\/uploads\/replace\/8cd46cce69e001277fe5d208b1824e2c.png\" alt=\"Amazfit GTR 2 Smart Watch\" width=\"1350\" height=\"596\" \/><img decoding=\"async\" class=\"alignnone wp-image-24043 size-full\" src=\"\/wp-content\/uploads\/replace\/1729520fcf72dd0e6cf320040a3d14ce.png\" alt=\"Amazfit GTR 2 Smart Watch\" width=\"1350\" height=\"345\" \/><img loading=\"lazy\" decoding=\"async\" class=\"alignnone wp-image-24044 size-full\" src=\"\/wp-content\/uploads\/replace\/a8165ed890529df47bdfe5ea4633fab4.png\" alt=\"Amazfit GTR 2 Smart Watch\" width=\"1350\" height=\"517\" \/><img loading=\"lazy\" decoding=\"async\" class=\"alignnone wp-image-24045 size-full\" src=\"\/wp-content\/uploads\/replace\/7853aecd5f45fe4749aaae88b8a81e26.png\" alt=\"Amazfit GTR 2 Smart Watch\" width=\"1350\" height=\"451\" \/><img loading=\"lazy\" decoding=\"async\" class=\"alignnone wp-image-24046 size-full\" src=\"\/wp-content\/uploads\/replace\/a94b3c08d08e8f9e8c077fe5de9d526e.png\" alt=\"Amazfit GTR 2 Smart Watch\" width=\"1350\" height=\"559\" \/><img loading=\"lazy\" decoding=\"async\" class=\"alignnone wp-image-24047 size-full\" src=\"\/wp-content\/uploads\/replace\/421462bd73995624abe638283cea3435.png\" alt=\"Amazfit GTR 2 Smart Watch\" width=\"1350\" height=\"471\" \/><\/p>\n<p><strong>Exterior<\/strong><\/p>\n<p>cor<br \/>\nObsidiana Negra<\/p>\n<p>tamanho<br \/>\n46,4*46,4*10,7mm<\/p>\n<p>peso<br \/>\nModelo esportivo-31,5g (sem al\u00e7a)<br \/>\nModelo cl\u00e1ssico-39g (sem al\u00e7a)<\/p>\n<p>corpo<br \/>\nEsporte-Alum\u00ednio<br \/>\nA\u00e7o inoxid\u00e1vel cl\u00e1ssico<\/p>\n<p>bot\u00e3o<br \/>\n2 pe\u00e7as<\/p>\n<p>n\u00edvel imperme\u00e1vel<br \/>\n5 ATM<\/p>\n<p>&nbsp;<\/p>\n<p><strong>Tela<\/strong><\/p>\n<p>material<br \/>\nAMOLED<\/p>\n<p>Resolu\u00e7\u00e3o<br \/>\n454*454<\/p>\n<p>PPI326<br \/>\nResist\u00eancia<\/p>\n<p>Capacidade de carga<br \/>\n471mAh (valor t\u00edpico)<\/p>\n<p>m\u00e9todo de carregamento<br \/>\nSuporte de carregamento magn\u00e9tico<\/p>\n<p>O tempo de carga<br \/>\nCerca de 2,5 horas<\/p>\n<p>Vida \u00fatil da bateria no modo de uso di\u00e1rio<br \/>\n14 dias<\/p>\n<p>Dura\u00e7\u00e3o da bateria no modo de rel\u00f3gio b\u00e1sico<br \/>\n38 dias<\/p>\n<p><strong>Sensor<\/strong><\/p>\n<p>sa\u00fade<br \/>\nA Huami desenvolveu BioTracker\u2122 2 PPG (suporta oxig\u00eanio no sangue)<br \/>\nSensor de dados biol\u00f3gicos<\/p>\n<p>movimento<br \/>\nSensor de acelera\u00e7\u00e3o, sensor girosc\u00f3pio, sensor geomagn\u00e9tico de 3 eixos<br \/>\nSensor de luz ambiente, sensor de press\u00e3o de ar<\/p>\n<p><strong>Conex\u00e3o<\/strong><\/p>\n<p>NFC, WLAN 2,4 GHz, Bluetooth 5.0<\/p>\n<p>material da pulseira<br \/>\nSilicone de libera\u00e7\u00e3o r\u00e1pida, pulseira de couro<\/p>\n<p>largura<br \/>\n22mm<\/p>\n<p>Fecho<br \/>\nFivela de pino cl\u00e1ssica<\/p>\n<p><strong>Outro<\/strong><br \/>\nSuporte: alto-falante, microfone, motor linear<\/p>","protected":false},"excerpt":{"rendered":"<p><strong>Principais caracter\u00edsticas:<\/strong><\/p>\n<p>3D\u00a0 curved HD edgeless AMOLED screen<\/p>\n<p>Supports speaker, microphone and linear motor<\/p>\n<p>12 sports modes, <strong>Exibi\u00e7\u00e3o fora da tela.<\/strong><\/p>\n<p>Blood oxygen and heart rate monitor<\/p>\n<p>PAI information system<\/p>\n<p>Beautiful appearance and customizable watch face<\/p>","protected":false},"featured_media":25060,"template":"","meta":[],"product_brand":[],"product_cat":[1339,1305],"product_tag":[],"class_list":{"0":"post-24960","1":"product","2":"type-product","3":"status-publish","4":"has-post-thumbnail","6":"product_cat-amazfit-smartwatch","7":"product_cat-xiaomi-eco","9":"first","10":"instock","11":"shipping-taxable","12":"product-type-external"},"aioseo_notices":[],"aioseo_head":"\n\t\t<!-- All in One SEO Pro 4.5.9.2 - aioseo.com -->\n\t\t<meta name=\"description\" content=\"Main Features: 3D curved HD edgeless AMOLED screen Supports speaker, microphone and linear motor 12 sports modes, Off screen display. Blood oxygen and heart rate monitor PAI information system Beautiful appearance and customizable watch face\" \/>\n\t\t<meta name=\"robots\" content=\"max-image-preview:large\" \/>\n\t\t<link rel=\"canonical\" href=\"https:\/\/www.rucashk.com\/pt\/produto\/amazfit-gtr-2-smart-watch\/\" \/>\n\t\t<meta name=\"generator\" content=\"All in One SEO Pro (AIOSEO) 4.5.9.2\" \/>\n\t\t<meta property=\"og:locale\" content=\"pt_PT\" \/>\n\t\t<meta property=\"og:site_name\" content=\"Rucas - One-stop AIoT Distribution Worldwide\" \/>\n\t\t<meta property=\"og:type\" content=\"article\" \/>\n\t\t<meta property=\"og:title\" content=\"Amazfit GTR 2 Smart Watch - Rucas - Wholesale and Distribution\" \/>\n\t\t<meta property=\"og:description\" content=\"Main Features: 3D curved HD edgeless AMOLED screen Supports speaker, microphone and linear motor 12 sports modes, Off screen display. Blood oxygen and heart rate monitor PAI information system Beautiful appearance and customizable watch face\" \/>\n\t\t<meta property=\"og:url\" content=\"https:\/\/www.rucashk.com\/pt\/produto\/amazfit-gtr-2-smart-watch\/\" \/>\n\t\t<meta property=\"og:image\" content=\"https:\/\/www.rucashk.com\/wp-content\/uploads\/replace\/503b8e645f128a97ccde2b6290747646.jpeg\" \/>\n\t\t<meta property=\"og:image:secure_url\" content=\"https:\/\/www.rucashk.com\/wp-content\/uploads\/replace\/503b8e645f128a97ccde2b6290747646.jpeg\" \/>\n\t\t<meta property=\"og:image:width\" content=\"1456\" \/>\n\t\t<meta property=\"og:image:height\" content=\"816\" \/>\n\t\t<meta property=\"article:published_time\" content=\"2024-01-09T16:11:27+00:00\" \/>\n\t\t<meta property=\"article:modified_time\" content=\"2024-03-13T04:07:31+00:00\" \/>\n\t\t<meta name=\"twitter:card\" content=\"summary_large_image\" \/>\n\t\t<meta name=\"twitter:title\" content=\"Amazfit GTR 2 Smart Watch - Rucas - Wholesale and Distribution\" \/>\n\t\t<meta name=\"twitter:description\" content=\"Main Features: 3D curved HD edgeless AMOLED screen Supports speaker, microphone and linear motor 12 sports modes, Off screen display. Blood oxygen and heart rate monitor PAI information system Beautiful appearance and customizable watch face\" \/>\n\t\t<meta name=\"twitter:image\" content=\"https:\/\/www.rucashk.com\/wp-content\/uploads\/replace\/503b8e645f128a97ccde2b6290747646.jpeg\" \/>\n\t\t<script type=\"application\/ld+json\" class=\"aioseo-schema\">\n\t\t\t{\"@context\":\"https:\\\/\\\/schema.org\",\"@graph\":[{\"@type\":\"BreadcrumbList\",\"@id\":\"https:\\\/\\\/www.rucashk.com\\\/pt\\\/produto\\\/amazfit-gtr-2-smart-watch\\\/#breadcrumblist\",\"itemListElement\":[{\"@type\":\"ListItem\",\"@id\":\"https:\\\/\\\/www.rucashk.com\\\/pt\\\/#listItem\",\"position\":1,\"name\":\"Home\",\"item\":\"https:\\\/\\\/www.rucashk.com\\\/pt\\\/\",\"nextItem\":\"https:\\\/\\\/www.rucashk.com\\\/pt\\\/produto\\\/amazfit-gtr-2-smart-watch\\\/#listItem\"},{\"@type\":\"ListItem\",\"@id\":\"https:\\\/\\\/www.rucashk.com\\\/pt\\\/produto\\\/amazfit-gtr-2-smart-watch\\\/#listItem\",\"position\":2,\"name\":\"Amazfit GTR 2 Smart Watch\",\"previousItem\":\"https:\\\/\\\/www.rucashk.com\\\/pt\\\/#listItem\"}]},{\"@type\":\"Organization\",\"@id\":\"https:\\\/\\\/www.rucashk.com\\\/pt\\\/#organization\",\"name\":\"Rucas\",\"url\":\"https:\\\/\\\/www.rucashk.com\\\/pt\\\/\",\"logo\":{\"@type\":\"ImageObject\",\"url\":\"https:\\\/\\\/www.rucashk.com\\\/wp-content\\\/uploads\\\/2023\\\/12\\\/Rucas_campany_logo.png\",\"@id\":\"https:\\\/\\\/www.rucashk.com\\\/pt\\\/produto\\\/amazfit-gtr-2-smart-watch\\\/#organizationLogo\",\"width\":221,\"height\":65},\"image\":{\"@id\":\"https:\\\/\\\/www.rucashk.com\\\/pt\\\/#organizationLogo\"}},{\"@type\":\"Person\",\"@id\":\"https:\\\/\\\/www.rucashk.com\\\/pt\\\/author\\\/admin\\\/#author\",\"url\":\"https:\\\/\\\/www.rucashk.com\\\/pt\\\/author\\\/admin\\\/\",\"name\":\"admin\",\"image\":{\"@type\":\"ImageObject\",\"@id\":\"https:\\\/\\\/www.rucashk.com\\\/pt\\\/produto\\\/amazfit-gtr-2-smart-watch\\\/#authorImage\",\"url\":\"https:\\\/\\\/secure.gravatar.com\\\/avatar\\\/b7c8925b09a27e72b30232f8ecaadbd5af0f70a38c78096863fe51b64f031c24?s=96&d=mm&r=g\",\"width\":96,\"height\":96,\"caption\":\"admin\"}},{\"@type\":\"WebPage\",\"@id\":\"https:\\\/\\\/www.rucashk.com\\\/pt\\\/produto\\\/amazfit-gtr-2-smart-watch\\\/#webpage\",\"url\":\"https:\\\/\\\/www.rucashk.com\\\/pt\\\/produto\\\/amazfit-gtr-2-smart-watch\\\/\",\"name\":\"Amazfit GTR 2 Smart Watch - Rucas - Wholesale and Distribution\",\"description\":\"Main Features: 3D curved HD edgeless AMOLED screen Supports speaker, microphone and linear motor 12 sports modes, Off screen display. Blood oxygen and heart rate monitor PAI information system Beautiful appearance and customizable watch face\",\"inLanguage\":\"pt-PT\",\"isPartOf\":{\"@id\":\"https:\\\/\\\/www.rucashk.com\\\/pt\\\/#website\"},\"breadcrumb\":{\"@id\":\"https:\\\/\\\/www.rucashk.com\\\/pt\\\/produto\\\/amazfit-gtr-2-smart-watch\\\/#breadcrumblist\"},\"author\":{\"@id\":\"https:\\\/\\\/www.rucashk.com\\\/pt\\\/author\\\/admin\\\/#author\"},\"creator\":{\"@id\":\"https:\\\/\\\/www.rucashk.com\\\/pt\\\/author\\\/admin\\\/#author\"},\"image\":{\"@type\":\"ImageObject\",\"url\":\"https:\\\/\\\/www.rucashk.com\\\/wp-content\\\/uploads\\\/2024\\\/01\\\/a1f3aea1-6b30-4191-a0a9-91ebbc0e096f.png\",\"@id\":\"https:\\\/\\\/www.rucashk.com\\\/pt\\\/produto\\\/amazfit-gtr-2-smart-watch\\\/#mainImage\",\"width\":800,\"height\":800},\"primaryImageOfPage\":{\"@id\":\"https:\\\/\\\/www.rucashk.com\\\/pt\\\/produto\\\/amazfit-gtr-2-smart-watch\\\/#mainImage\"},\"datePublished\":\"2024-01-09T16:11:27+00:00\",\"dateModified\":\"2024-03-13T04:07:31+00:00\"},{\"@type\":\"WebSite\",\"@id\":\"https:\\\/\\\/www.rucashk.com\\\/pt\\\/#website\",\"url\":\"https:\\\/\\\/www.rucashk.com\\\/pt\\\/\",\"name\":\"Rucas - Wholesale and distribution worldwide\",\"alternateName\":\"Rucas - One-stop AIoT Distribution Worldwide\",\"description\":\"One-stop AIoT Distribution Worldwide\",\"inLanguage\":\"pt-PT\",\"publisher\":{\"@id\":\"https:\\\/\\\/www.rucashk.com\\\/pt\\\/#organization\"}}]}\n\t\t<\/script>\n\t\t<!-- All in One SEO Pro -->\r\n\t\t<title>Amazfit GTR 2 Smart Watch - Rucas - Wholesale and Distribution<\/title>\n\n","aioseo_head_json":{"title":"Amazfit GTR 2 Smart Watch - Rucas - Wholesale and Distribution","description":"Main Features: 3D curved HD edgeless AMOLED screen Supports speaker, microphone and linear motor 12 sports modes, Off screen display. Blood oxygen and heart rate monitor PAI information system Beautiful appearance and customizable watch face","canonical_url":"https:\/\/www.rucashk.com\/pt\/produto\/amazfit-gtr-2-smart-watch\/","robots":"max-image-preview:large","keywords":"","webmasterTools":{"miscellaneous":""},"og:locale":"pt_PT","og:site_name":"Rucas - One-stop AIoT Distribution Worldwide","og:type":"article","og:title":"Amazfit GTR 2 Smart Watch - Rucas - Wholesale and Distribution","og:description":"Main Features: 3D curved HD edgeless AMOLED screen Supports speaker, microphone and linear motor 12 sports modes, Off screen display. Blood oxygen and heart rate monitor PAI information system Beautiful appearance and customizable watch face","og:url":"https:\/\/www.rucashk.com\/pt\/produto\/amazfit-gtr-2-smart-watch\/","og:image":"https:\/\/www.rucashk.com\/wp-content\/uploads\/replace\/503b8e645f128a97ccde2b6290747646.jpeg","og:image:secure_url":"https:\/\/www.rucashk.com\/wp-content\/uploads\/replace\/503b8e645f128a97ccde2b6290747646.jpeg","og:image:width":1456,"og:image:height":816,"article:published_time":"2024-01-09T16:11:27+00:00","article:modified_time":"2024-03-13T04:07:31+00:00","twitter:card":"summary_large_image","twitter:title":"Amazfit GTR 2 Smart Watch - Rucas - Wholesale and Distribution","twitter:description":"Main Features: 3D curved HD edgeless AMOLED screen Supports speaker, microphone and linear motor 12 sports modes, Off screen display. Blood oxygen and heart rate monitor PAI information system Beautiful appearance and customizable watch face","twitter:image":"https:\/\/www.rucashk.com\/wp-content\/uploads\/replace\/503b8e645f128a97ccde2b6290747646.jpeg","schema":{"@context":"https:\/\/schema.org","@graph":[{"@type":"BreadcrumbList","@id":"https:\/\/www.rucashk.com\/pt\/produto\/amazfit-gtr-2-smart-watch\/#breadcrumblist","itemListElement":[{"@type":"ListItem","@id":"https:\/\/www.rucashk.com\/pt\/#listItem","position":1,"name":"Home","item":"https:\/\/www.rucashk.com\/pt\/","nextItem":"https:\/\/www.rucashk.com\/pt\/produto\/amazfit-gtr-2-smart-watch\/#listItem"},{"@type":"ListItem","@id":"https:\/\/www.rucashk.com\/pt\/produto\/amazfit-gtr-2-smart-watch\/#listItem","position":2,"name":"Amazfit GTR 2 Smart Watch","previousItem":"https:\/\/www.rucashk.com\/pt\/#listItem"}]},{"@type":"Organization","@id":"https:\/\/www.rucashk.com\/pt\/#organization","name":"Rucas","url":"https:\/\/www.rucashk.com\/pt\/","logo":{"@type":"ImageObject","url":"https:\/\/www.rucashk.com\/wp-content\/uploads\/2023\/12\/Rucas_campany_logo.png","@id":"https:\/\/www.rucashk.com\/pt\/produto\/amazfit-gtr-2-smart-watch\/#organizationLogo","width":221,"height":65},"image":{"@id":"https:\/\/www.rucashk.com\/pt\/#organizationLogo"}},{"@type":"Person","@id":"https:\/\/www.rucashk.com\/pt\/author\/admin\/#author","url":"https:\/\/www.rucashk.com\/pt\/author\/admin\/","name":"admin","image":{"@type":"ImageObject","@id":"https:\/\/www.rucashk.com\/pt\/produto\/amazfit-gtr-2-smart-watch\/#authorImage","url":"https:\/\/secure.gravatar.com\/avatar\/b7c8925b09a27e72b30232f8ecaadbd5af0f70a38c78096863fe51b64f031c24?s=96&d=mm&r=g","width":96,"height":96,"caption":"admin"}},{"@type":"WebPage","@id":"https:\/\/www.rucashk.com\/pt\/produto\/amazfit-gtr-2-smart-watch\/#webpage","url":"https:\/\/www.rucashk.com\/pt\/produto\/amazfit-gtr-2-smart-watch\/","name":"Amazfit GTR 2 Smart Watch - Rucas - Wholesale and Distribution","description":"Main Features: 3D curved HD edgeless AMOLED screen Supports speaker, microphone and linear motor 12 sports modes, Off screen display. Blood oxygen and heart rate monitor PAI information system Beautiful appearance and customizable watch face","inLanguage":"pt-PT","isPartOf":{"@id":"https:\/\/www.rucashk.com\/pt\/#website"},"breadcrumb":{"@id":"https:\/\/www.rucashk.com\/pt\/produto\/amazfit-gtr-2-smart-watch\/#breadcrumblist"},"author":{"@id":"https:\/\/www.rucashk.com\/pt\/author\/admin\/#author"},"creator":{"@id":"https:\/\/www.rucashk.com\/pt\/author\/admin\/#author"},"image":{"@type":"ImageObject","url":"https:\/\/www.rucashk.com\/wp-content\/uploads\/2024\/01\/a1f3aea1-6b30-4191-a0a9-91ebbc0e096f.png","@id":"https:\/\/www.rucashk.com\/pt\/produto\/amazfit-gtr-2-smart-watch\/#mainImage","width":800,"height":800},"primaryImageOfPage":{"@id":"https:\/\/www.rucashk.com\/pt\/produto\/amazfit-gtr-2-smart-watch\/#mainImage"},"datePublished":"2024-01-09T16:11:27+00:00","dateModified":"2024-03-13T04:07:31+00:00"},{"@type":"WebSite","@id":"https:\/\/www.rucashk.com\/pt\/#website","url":"https:\/\/www.rucashk.com\/pt\/","name":"Rucas - Wholesale and distribution worldwide","alternateName":"Rucas - One-stop AIoT Distribution Worldwide","description":"One-stop AIoT Distribution Worldwide","inLanguage":"pt-PT","publisher":{"@id":"https:\/\/www.rucashk.com\/pt\/#organization"}}]}},"aioseo_meta_data":{"post_id":"24960","title":null,"description":null,"keywords":null,"keyphrases":null,"primary_term":null,"canonical_url":null,"og_title":null,"og_description":null,"og_object_type":"default","og_image_type":"default","og_image_url":null,"og_image_width":null,"og_image_height":null,"og_image_custom_url":null,"og_image_custom_fields":null,"og_video":null,"og_custom_url":null,"og_article_section":null,"og_article_tags":null,"twitter_use_og":false,"twitter_card":"default","twitter_image_type":"default","twitter_image_url":null,"twitter_image_custom_url":null,"twitter_image_custom_fields":null,"twitter_title":null,"twitter_description":null,"schema":{"blockGraphs":[],"customGraphs":[],"default":{"data":{"Article":[],"Course":[],"Dataset":[],"FAQPage":[],"Movie":[],"Person":[],"Product":[],"Recipe":[],"Service":[],"SoftwareApplication":[],"WebPage":[]},"graphName":"","isEnabled":true},"graphs":[]},"schema_type":"default","schema_type_options":null,"pillar_content":false,"robots_default":true,"robots_noindex":false,"robots_noarchive":false,"robots_nosnippet":false,"robots_nofollow":false,"robots_noimageindex":false,"robots_noodp":false,"robots_notranslate":false,"robots_max_snippet":null,"robots_max_videopreview":null,"robots_max_imagepreview":"large","priority":null,"frequency":null,"local_seo":null,"breadcrumb_settings":null,"limit_modified_date":false,"created":"2024-04-11 01:57:16","updated":"2025-06-22 17:44:04"},"aioseo_breadcrumb":"<div class=\"aioseo-breadcrumbs\"><span class=\"aioseo-breadcrumb\">\n\t<a href=\"https:\/\/www.rucashk.com\/pt\" title=\"Home\">Home<\/a>\n<\/span><span class=\"aioseo-breadcrumb-separator\">&raquo;<\/span><span class=\"aioseo-breadcrumb\">\n\t<a href=\"https:\/\/www.rucashk.com\/pt\/products\/\" title=\"Produtos\">Produtos<\/a>\n<\/span><span class=\"aioseo-breadcrumb-separator\">&raquo;<\/span><span class=\"aioseo-breadcrumb\">\n\t<a href=\"https:\/\/www.rucashk.com\/pt\/categoria-produto\/xiaomi-eco\/\" title=\"Xiaomi Eco\">Xiaomi Eco<\/a>\n<\/span><span class=\"aioseo-breadcrumb-separator\">&raquo;<\/span><span class=\"aioseo-breadcrumb\">\n\t<a href=\"https:\/\/www.rucashk.com\/pt\/categoria-produto\/xiaomi-eco\/amazfit-smartwatch\/\" title=\"Amazfit Smartwatch\">Amazfit Smartwatch<\/a>\n<\/span><span class=\"aioseo-breadcrumb-separator\">&raquo;<\/span><span class=\"aioseo-breadcrumb\">\n\tAmazfit GTR 2 Smart Watch\n<\/span><\/div>","aioseo_breadcrumb_json":[{"label":"Home","link":"https:\/\/www.rucashk.com\/pt"},{"label":"Produtos","link":"https:\/\/www.rucashk.com\/pt\/products\/"},{"label":"Xiaomi Eco","link":"https:\/\/www.rucashk.com\/pt\/categoria-produto\/xiaomi-eco\/"},{"label":"Amazfit Smartwatch","link":"https:\/\/www.rucashk.com\/pt\/categoria-produto\/xiaomi-eco\/amazfit-smartwatch\/"},{"label":"Amazfit GTR 2 Smart Watch","link":"https:\/\/www.rucashk.com\/pt\/produto\/amazfit-gtr-2-smart-watch\/"}],"_links":{"self":[{"href":"https:\/\/www.rucashk.com\/pt\/wp-json\/wp\/v2\/product\/24960","targetHints":{"allow":["GET"]}}],"collection":[{"href":"https:\/\/www.rucashk.com\/pt\/wp-json\/wp\/v2\/product"}],"about":[{"href":"https:\/\/www.rucashk.com\/pt\/wp-json\/wp\/v2\/types\/product"}],"wp:featuredmedia":[{"embeddable":true,"href":"https:\/\/www.rucashk.com\/pt\/wp-json\/wp\/v2\/media\/25060"}],"wp:attachment":[{"href":"https:\/\/www.rucashk.com\/pt\/wp-json\/wp\/v2\/media?parent=24960"}],"wp:term":[{"taxonomy":"product_brand","embeddable":true,"href":"https:\/\/www.rucashk.com\/pt\/wp-json\/wp\/v2\/product_brand?post=24960"},{"taxonomy":"product_cat","embeddable":true,"href":"https:\/\/www.rucashk.com\/pt\/wp-json\/wp\/v2\/product_cat?post=24960"},{"taxonomy":"product_tag","embeddable":true,"href":"https:\/\/www.rucashk.com\/pt\/wp-json\/wp\/v2\/product_tag?post=24960"}],"curies":[{"name":"wp","href":"https:\/\/api.w.org\/{rel}","templated":true}]}}