{"id":24933,"date":"2024-01-09T16:11:04","date_gmt":"2024-01-09T16:11:04","guid":{"rendered":"http:\/\/rucashk.com\/?post_type=product&#038;p=24933"},"modified":"2024-03-13T04:09:57","modified_gmt":"2024-03-13T04:09:57","slug":"amazfit-gts2-smart-watch","status":"publish","type":"product","link":"https:\/\/www.rucashk.com\/pt\/produto\/amazfit-gts2-smart-watch\/","title":{"rendered":"Rel\u00f3gio inteligente Amazfit GTS2"},"content":{"rendered":"<h2 style=\"text-align: center\"><strong>Rel\u00f3gio inteligente Amazfit GTS2<\/strong><img fetchpriority=\"high\" decoding=\"async\" class=\"alignnone wp-image-24025 size-full\" src=\"\/wp-content\/uploads\/replace\/0b86575770236e02f2b6fb6856d39d5d.png\" alt=\"Amazfit GTS2 Smart Watch\" width=\"1104\" height=\"556\" \/><img decoding=\"async\" class=\"alignnone wp-image-24026 size-full\" src=\"\/wp-content\/uploads\/replace\/20618a928039caf8fe5efd42ffe29090.png\" alt=\"Amazfit GTS2 Smart Watch\" width=\"1104\" height=\"521\" \/><img decoding=\"async\" class=\"alignnone wp-image-24027 size-full\" src=\"\/wp-content\/uploads\/replace\/a49ca138a8c8e6c7797f44c2e5e5fb85.png\" alt=\"Amazfit GTS2 Smart Watch\" width=\"1104\" height=\"521\" \/><img loading=\"lazy\" decoding=\"async\" class=\"alignnone wp-image-24028 size-full\" src=\"\/wp-content\/uploads\/replace\/ceefebb28420eb6c1ac6fea56f6344a8.png\" alt=\"Amazfit GTS2 Smart Watch\" width=\"1104\" height=\"620\" \/><img loading=\"lazy\" decoding=\"async\" class=\"alignnone wp-image-24029 size-full\" src=\"\/wp-content\/uploads\/replace\/8f195d94f7d03d6344b609ea33694f16.png\" alt=\"Amazfit GTS2 Smart Watch\" width=\"1104\" height=\"632\" \/><img loading=\"lazy\" decoding=\"async\" class=\"alignnone wp-image-24030 size-full\" src=\"\/wp-content\/uploads\/replace\/e3ecd73ca8ebdfe92e360b2135f0ed1b.png\" alt=\"Amazfit GTS2 Smart Watch\" width=\"1104\" height=\"598\" \/><img loading=\"lazy\" decoding=\"async\" class=\"alignnone wp-image-24031 size-full\" src=\"\/wp-content\/uploads\/replace\/1f8e70971dc277af46128435923514a1.png\" alt=\"Amazfit GTS2 Smart Watch\" width=\"1104\" height=\"611\" \/><img loading=\"lazy\" decoding=\"async\" class=\"alignnone wp-image-24032 size-full\" src=\"\/wp-content\/uploads\/replace\/92cbf0f2940a9818b214c8bd46301705.png\" alt=\"Amazfit GTS2 Smart Watch\" width=\"1104\" height=\"559\" \/><img loading=\"lazy\" decoding=\"async\" class=\"alignnone wp-image-24033 size-full\" src=\"\/wp-content\/uploads\/replace\/5201493c5e4c1eb7509eafcd8a646a85.png\" alt=\"Amazfit GTS2 Smart Watch\" width=\"1104\" height=\"379\" \/><\/h2>\n<div class=\"Gn13-params\">\n<div class=\"Gn13-params-title\"><strong>Exterior<\/strong><\/div>\n<div><\/div>\n<div class=\"Gn13-params-title\">cor<br \/>\nObsidiana preta, cinza golfinho, serpentina dourada<\/div>\n<div><\/div>\n<div class=\"Gn13-params-title\">Tamanho (quadrado)<br \/>\n42,8*35,6*9,7mm<\/div>\n<div><\/div>\n<div class=\"Gn13-params-title\">peso<br \/>\n24,7g (sem al\u00e7a)<\/div>\n<div><\/div>\n<div class=\"Gn13-params-title\">corpo<br \/>\nLiga de alum\u00ednio<\/div>\n<div><\/div>\n<div class=\"Gn13-params-title\">Concha inferior<br \/>\npl\u00e1stico<\/div>\n<div><\/div>\n<div class=\"Gn13-params-title\">bot\u00e3o<br \/>\n1 peda\u00e7o<\/div>\n<div><\/div>\n<div class=\"Gn13-params-title\">n\u00edvel imperme\u00e1vel<br \/>\n5 ATM<\/div>\n<div><\/div>\n<div class=\"Gn13-params-title\">tela<br \/>\nAMOLED<\/div>\n<div><\/div>\n<div class=\"Gn13-params-title\">tamanho<br \/>\n1,65 polegadas<\/div>\n<div><\/div>\n<div class=\"Gn13-params-title\">Resolu\u00e7\u00e3o<br \/>\n348\u00d7442<\/div>\n<div><\/div>\n<div class=\"Gn13-params-title\">PPI<br \/>\n341<\/div>\n<div><\/div>\n<div class=\"Gn13-params-title\">Capacidade de carga<br \/>\n246 mAh (valor t\u00edpico)<\/div>\n<div><\/div>\n<div class=\"Gn13-params-title\">m\u00e9todo de carregamento<br \/>\nSuporte de carregamento magn\u00e9tico<\/div>\n<div><\/div>\n<div class=\"Gn13-params-title\">O tempo de carga<br \/>\nCerca de 2 horas<\/div>\n<div><\/div>\n<div class=\"Gn13-params-title\">Vida \u00fatil da bateria no modo de uso di\u00e1rio<br \/>\n7 dias<\/div>\n<div><\/div>\n<div class=\"Gn13-params-title\">Modo de longa dura\u00e7\u00e3o da bateria<br \/>\n20 dias<\/div>\n<div><\/div>\n<div class=\"Gn13-params-title\"><strong>Sensor<\/strong><br \/>\nsa\u00fade<br \/>\nSensor de dados biol\u00f3gicos BioTrackerTM2 PPG (suporte de oxig\u00eanio no sangue) desenvolvido pela Huami<br \/>\nmovimento<br \/>\nSensor de press\u00e3o de ar, sensor de acelera\u00e7\u00e3o, sensor girosc\u00f3pio, sensor geomagn\u00e9tico, sensor de luz ambiente<\/div>\n<div><\/div>\n<div class=\"Gn13-params-title\"><strong>Conex\u00e3o<\/strong><\/div>\n<div class=\"Gn13-params-title\">NFC<\/div>\n<div class=\"Gn13-params-title\">Bluetooth 5.0<br \/>\nWLAN 2,4 GHz<\/div>\n<div><\/div>\n<div class=\"Gn13-params-title\"><strong>Al\u00e7a <\/strong><\/div>\n<div class=\"Gn13-params-title\">material<br \/>\nGel de s\u00edlica<\/div>\n<div><\/div>\n<div class=\"Gn13-params-title\">largura<br \/>\n20mm<\/div>\n<div><\/div>\n<div class=\"Gn13-params-title\">Fecho<br \/>\nFivela de pino cl\u00e1ssica<\/div>\n<div><\/div>\n<div class=\"Gn13-params-title\"><strong>Outro<\/strong><br \/>\npalestrante: suporte<br \/>\nmicrofone: suporte<br \/>\nMotor linear: suporte<\/div>\n<\/div>","protected":false},"excerpt":{"rendered":"<p><strong>Caracter\u00edstica principal:<\/strong><\/p>\n<p>3D\u00a0 curved AMOLED screen<\/p>\n<p>Supports speaker, microphone and linear motor<\/p>\n<p>Up to 12 sports modes<\/p>\n<p>Blood oxygen and heart rate monitor<\/p>\n<p>PAI information system<\/p>\n<p>Beautiful appearance and customizable watch face<\/p>","protected":false},"featured_media":25049,"template":"","meta":[],"product_brand":[],"product_cat":[1339,1305],"product_tag":[],"class_list":{"0":"post-24933","1":"product","2":"type-product","3":"status-publish","4":"has-post-thumbnail","6":"product_cat-amazfit-smartwatch","7":"product_cat-xiaomi-eco","9":"first","10":"instock","11":"shipping-taxable","12":"product-type-external"},"aioseo_notices":[],"aioseo_head":"\n\t\t<!-- All in One SEO Pro 4.5.9.2 - aioseo.com -->\n\t\t<meta name=\"description\" content=\"Main Feature: 3D curved AMOLED screen Supports speaker, microphone and linear motor Up to 12 sports modes Blood oxygen and heart rate monitor PAI information system Beautiful appearance and customizable watch face\" \/>\n\t\t<meta name=\"robots\" content=\"max-image-preview:large\" \/>\n\t\t<link rel=\"canonical\" href=\"https:\/\/www.rucashk.com\/pt\/produto\/amazfit-gts2-smart-watch\/\" \/>\n\t\t<meta name=\"generator\" content=\"All in One SEO Pro (AIOSEO) 4.5.9.2\" \/>\n\t\t<meta property=\"og:locale\" content=\"pt_PT\" \/>\n\t\t<meta property=\"og:site_name\" content=\"Rucas - One-stop AIoT Distribution Worldwide\" \/>\n\t\t<meta property=\"og:type\" content=\"article\" \/>\n\t\t<meta property=\"og:title\" content=\"Amazfit GTS2 Smart Watch - Rucas - Wholesale and Distribution\" \/>\n\t\t<meta property=\"og:description\" content=\"Main Feature: 3D curved AMOLED screen Supports speaker, microphone and linear motor Up to 12 sports modes Blood oxygen and heart rate monitor PAI information system Beautiful appearance and customizable watch face\" \/>\n\t\t<meta property=\"og:url\" content=\"https:\/\/www.rucashk.com\/pt\/produto\/amazfit-gts2-smart-watch\/\" \/>\n\t\t<meta property=\"og:image\" content=\"https:\/\/www.rucashk.com\/wp-content\/uploads\/replace\/503b8e645f128a97ccde2b6290747646.jpeg\" \/>\n\t\t<meta property=\"og:image:secure_url\" content=\"https:\/\/www.rucashk.com\/wp-content\/uploads\/replace\/503b8e645f128a97ccde2b6290747646.jpeg\" \/>\n\t\t<meta property=\"og:image:width\" content=\"1456\" \/>\n\t\t<meta property=\"og:image:height\" content=\"816\" \/>\n\t\t<meta property=\"article:published_time\" content=\"2024-01-09T16:11:04+00:00\" \/>\n\t\t<meta property=\"article:modified_time\" content=\"2024-03-13T04:09:57+00:00\" \/>\n\t\t<meta name=\"twitter:card\" content=\"summary_large_image\" \/>\n\t\t<meta name=\"twitter:title\" content=\"Amazfit GTS2 Smart Watch - Rucas - Wholesale and Distribution\" \/>\n\t\t<meta name=\"twitter:description\" content=\"Main Feature: 3D curved AMOLED screen Supports speaker, microphone and linear motor Up to 12 sports modes Blood oxygen and heart rate monitor PAI information system Beautiful appearance and customizable watch face\" \/>\n\t\t<meta name=\"twitter:image\" content=\"https:\/\/www.rucashk.com\/wp-content\/uploads\/replace\/503b8e645f128a97ccde2b6290747646.jpeg\" \/>\n\t\t<script type=\"application\/ld+json\" class=\"aioseo-schema\">\n\t\t\t{\"@context\":\"https:\\\/\\\/schema.org\",\"@graph\":[{\"@type\":\"BreadcrumbList\",\"@id\":\"https:\\\/\\\/www.rucashk.com\\\/pt\\\/produto\\\/amazfit-gts2-smart-watch\\\/#breadcrumblist\",\"itemListElement\":[{\"@type\":\"ListItem\",\"@id\":\"https:\\\/\\\/www.rucashk.com\\\/pt\\\/#listItem\",\"position\":1,\"name\":\"Home\",\"item\":\"https:\\\/\\\/www.rucashk.com\\\/pt\\\/\",\"nextItem\":\"https:\\\/\\\/www.rucashk.com\\\/pt\\\/produto\\\/amazfit-gts2-smart-watch\\\/#listItem\"},{\"@type\":\"ListItem\",\"@id\":\"https:\\\/\\\/www.rucashk.com\\\/pt\\\/produto\\\/amazfit-gts2-smart-watch\\\/#listItem\",\"position\":2,\"name\":\"Amazfit GTS2 Smart Watch\",\"previousItem\":\"https:\\\/\\\/www.rucashk.com\\\/pt\\\/#listItem\"}]},{\"@type\":\"Organization\",\"@id\":\"https:\\\/\\\/www.rucashk.com\\\/pt\\\/#organization\",\"name\":\"Rucas\",\"url\":\"https:\\\/\\\/www.rucashk.com\\\/pt\\\/\",\"logo\":{\"@type\":\"ImageObject\",\"url\":\"https:\\\/\\\/www.rucashk.com\\\/wp-content\\\/uploads\\\/2023\\\/12\\\/Rucas_campany_logo.png\",\"@id\":\"https:\\\/\\\/www.rucashk.com\\\/pt\\\/produto\\\/amazfit-gts2-smart-watch\\\/#organizationLogo\",\"width\":221,\"height\":65},\"image\":{\"@id\":\"https:\\\/\\\/www.rucashk.com\\\/pt\\\/#organizationLogo\"}},{\"@type\":\"Person\",\"@id\":\"https:\\\/\\\/www.rucashk.com\\\/pt\\\/author\\\/admin\\\/#author\",\"url\":\"https:\\\/\\\/www.rucashk.com\\\/pt\\\/author\\\/admin\\\/\",\"name\":\"admin\",\"image\":{\"@type\":\"ImageObject\",\"@id\":\"https:\\\/\\\/www.rucashk.com\\\/pt\\\/produto\\\/amazfit-gts2-smart-watch\\\/#authorImage\",\"url\":\"https:\\\/\\\/secure.gravatar.com\\\/avatar\\\/b7c8925b09a27e72b30232f8ecaadbd5af0f70a38c78096863fe51b64f031c24?s=96&d=mm&r=g\",\"width\":96,\"height\":96,\"caption\":\"admin\"}},{\"@type\":\"WebPage\",\"@id\":\"https:\\\/\\\/www.rucashk.com\\\/pt\\\/produto\\\/amazfit-gts2-smart-watch\\\/#webpage\",\"url\":\"https:\\\/\\\/www.rucashk.com\\\/pt\\\/produto\\\/amazfit-gts2-smart-watch\\\/\",\"name\":\"Amazfit GTS2 Smart Watch - Rucas - Wholesale and Distribution\",\"description\":\"Main Feature: 3D curved AMOLED screen Supports speaker, microphone and linear motor Up to 12 sports modes Blood oxygen and heart rate monitor PAI information system Beautiful appearance and customizable watch face\",\"inLanguage\":\"pt-PT\",\"isPartOf\":{\"@id\":\"https:\\\/\\\/www.rucashk.com\\\/pt\\\/#website\"},\"breadcrumb\":{\"@id\":\"https:\\\/\\\/www.rucashk.com\\\/pt\\\/produto\\\/amazfit-gts2-smart-watch\\\/#breadcrumblist\"},\"author\":{\"@id\":\"https:\\\/\\\/www.rucashk.com\\\/pt\\\/author\\\/admin\\\/#author\"},\"creator\":{\"@id\":\"https:\\\/\\\/www.rucashk.com\\\/pt\\\/author\\\/admin\\\/#author\"},\"image\":{\"@type\":\"ImageObject\",\"url\":\"https:\\\/\\\/www.rucashk.com\\\/wp-content\\\/uploads\\\/2024\\\/01\\\/\\u5fae\\u4fe1\\u622a\\u56fe_20200923160924.png\",\"@id\":\"https:\\\/\\\/www.rucashk.com\\\/pt\\\/produto\\\/amazfit-gts2-smart-watch\\\/#mainImage\",\"width\":800,\"height\":800},\"primaryImageOfPage\":{\"@id\":\"https:\\\/\\\/www.rucashk.com\\\/pt\\\/produto\\\/amazfit-gts2-smart-watch\\\/#mainImage\"},\"datePublished\":\"2024-01-09T16:11:04+00:00\",\"dateModified\":\"2024-03-13T04:09:57+00:00\"},{\"@type\":\"WebSite\",\"@id\":\"https:\\\/\\\/www.rucashk.com\\\/pt\\\/#website\",\"url\":\"https:\\\/\\\/www.rucashk.com\\\/pt\\\/\",\"name\":\"Rucas - Wholesale and distribution worldwide\",\"alternateName\":\"Rucas - One-stop AIoT Distribution Worldwide\",\"description\":\"One-stop AIoT Distribution Worldwide\",\"inLanguage\":\"pt-PT\",\"publisher\":{\"@id\":\"https:\\\/\\\/www.rucashk.com\\\/pt\\\/#organization\"}}]}\n\t\t<\/script>\n\t\t<!-- All in One SEO Pro -->\r\n\t\t<title>Amazfit GTS2 Smart Watch - Rucas - Wholesale and Distribution<\/title>\n\n","aioseo_head_json":{"title":"Amazfit GTS2 Smart Watch - Rucas - Wholesale and Distribution","description":"Main Feature: 3D curved AMOLED screen Supports speaker, microphone and linear motor Up to 12 sports modes Blood oxygen and heart rate monitor PAI information system Beautiful appearance and customizable watch face","canonical_url":"https:\/\/www.rucashk.com\/pt\/produto\/amazfit-gts2-smart-watch\/","robots":"max-image-preview:large","keywords":"","webmasterTools":{"miscellaneous":""},"og:locale":"pt_PT","og:site_name":"Rucas - One-stop AIoT Distribution Worldwide","og:type":"article","og:title":"Amazfit GTS2 Smart Watch - Rucas - Wholesale and Distribution","og:description":"Main Feature: 3D curved AMOLED screen Supports speaker, microphone and linear motor Up to 12 sports modes Blood oxygen and heart rate monitor PAI information system Beautiful appearance and customizable watch face","og:url":"https:\/\/www.rucashk.com\/pt\/produto\/amazfit-gts2-smart-watch\/","og:image":"https:\/\/www.rucashk.com\/wp-content\/uploads\/replace\/503b8e645f128a97ccde2b6290747646.jpeg","og:image:secure_url":"https:\/\/www.rucashk.com\/wp-content\/uploads\/replace\/503b8e645f128a97ccde2b6290747646.jpeg","og:image:width":1456,"og:image:height":816,"article:published_time":"2024-01-09T16:11:04+00:00","article:modified_time":"2024-03-13T04:09:57+00:00","twitter:card":"summary_large_image","twitter:title":"Amazfit GTS2 Smart Watch - Rucas - Wholesale and Distribution","twitter:description":"Main Feature: 3D curved AMOLED screen Supports speaker, microphone and linear motor Up to 12 sports modes Blood oxygen and heart rate monitor PAI information system Beautiful appearance and customizable watch face","twitter:image":"https:\/\/www.rucashk.com\/wp-content\/uploads\/replace\/503b8e645f128a97ccde2b6290747646.jpeg","schema":{"@context":"https:\/\/schema.org","@graph":[{"@type":"BreadcrumbList","@id":"https:\/\/www.rucashk.com\/pt\/produto\/amazfit-gts2-smart-watch\/#breadcrumblist","itemListElement":[{"@type":"ListItem","@id":"https:\/\/www.rucashk.com\/pt\/#listItem","position":1,"name":"Home","item":"https:\/\/www.rucashk.com\/pt\/","nextItem":"https:\/\/www.rucashk.com\/pt\/produto\/amazfit-gts2-smart-watch\/#listItem"},{"@type":"ListItem","@id":"https:\/\/www.rucashk.com\/pt\/produto\/amazfit-gts2-smart-watch\/#listItem","position":2,"name":"Amazfit GTS2 Smart Watch","previousItem":"https:\/\/www.rucashk.com\/pt\/#listItem"}]},{"@type":"Organization","@id":"https:\/\/www.rucashk.com\/pt\/#organization","name":"Rucas","url":"https:\/\/www.rucashk.com\/pt\/","logo":{"@type":"ImageObject","url":"https:\/\/www.rucashk.com\/wp-content\/uploads\/2023\/12\/Rucas_campany_logo.png","@id":"https:\/\/www.rucashk.com\/pt\/produto\/amazfit-gts2-smart-watch\/#organizationLogo","width":221,"height":65},"image":{"@id":"https:\/\/www.rucashk.com\/pt\/#organizationLogo"}},{"@type":"Person","@id":"https:\/\/www.rucashk.com\/pt\/author\/admin\/#author","url":"https:\/\/www.rucashk.com\/pt\/author\/admin\/","name":"admin","image":{"@type":"ImageObject","@id":"https:\/\/www.rucashk.com\/pt\/produto\/amazfit-gts2-smart-watch\/#authorImage","url":"https:\/\/secure.gravatar.com\/avatar\/b7c8925b09a27e72b30232f8ecaadbd5af0f70a38c78096863fe51b64f031c24?s=96&d=mm&r=g","width":96,"height":96,"caption":"admin"}},{"@type":"WebPage","@id":"https:\/\/www.rucashk.com\/pt\/produto\/amazfit-gts2-smart-watch\/#webpage","url":"https:\/\/www.rucashk.com\/pt\/produto\/amazfit-gts2-smart-watch\/","name":"Amazfit GTS2 Smart Watch - Rucas - Wholesale and Distribution","description":"Main Feature: 3D curved AMOLED screen Supports speaker, microphone and linear motor Up to 12 sports modes Blood oxygen and heart rate monitor PAI information system Beautiful appearance and customizable watch face","inLanguage":"pt-PT","isPartOf":{"@id":"https:\/\/www.rucashk.com\/pt\/#website"},"breadcrumb":{"@id":"https:\/\/www.rucashk.com\/pt\/produto\/amazfit-gts2-smart-watch\/#breadcrumblist"},"author":{"@id":"https:\/\/www.rucashk.com\/pt\/author\/admin\/#author"},"creator":{"@id":"https:\/\/www.rucashk.com\/pt\/author\/admin\/#author"},"image":{"@type":"ImageObject","url":"https:\/\/www.rucashk.com\/wp-content\/uploads\/2024\/01\/\u5fae\u4fe1\u622a\u56fe_20200923160924.png","@id":"https:\/\/www.rucashk.com\/pt\/produto\/amazfit-gts2-smart-watch\/#mainImage","width":800,"height":800},"primaryImageOfPage":{"@id":"https:\/\/www.rucashk.com\/pt\/produto\/amazfit-gts2-smart-watch\/#mainImage"},"datePublished":"2024-01-09T16:11:04+00:00","dateModified":"2024-03-13T04:09:57+00:00"},{"@type":"WebSite","@id":"https:\/\/www.rucashk.com\/pt\/#website","url":"https:\/\/www.rucashk.com\/pt\/","name":"Rucas - Wholesale and distribution worldwide","alternateName":"Rucas - One-stop AIoT Distribution Worldwide","description":"One-stop AIoT Distribution Worldwide","inLanguage":"pt-PT","publisher":{"@id":"https:\/\/www.rucashk.com\/pt\/#organization"}}]}},"aioseo_meta_data":{"post_id":"24933","title":null,"description":null,"keywords":null,"keyphrases":null,"primary_term":null,"canonical_url":null,"og_title":null,"og_description":null,"og_object_type":"default","og_image_type":"default","og_image_url":null,"og_image_width":null,"og_image_height":null,"og_image_custom_url":null,"og_image_custom_fields":null,"og_video":null,"og_custom_url":null,"og_article_section":null,"og_article_tags":null,"twitter_use_og":false,"twitter_card":"default","twitter_image_type":"default","twitter_image_url":null,"twitter_image_custom_url":null,"twitter_image_custom_fields":null,"twitter_title":null,"twitter_description":null,"schema":{"blockGraphs":[],"customGraphs":[],"default":{"data":{"Article":[],"Course":[],"Dataset":[],"FAQPage":[],"Movie":[],"Person":[],"Product":[],"Recipe":[],"Service":[],"SoftwareApplication":[],"WebPage":[]},"graphName":"","isEnabled":true},"graphs":[]},"schema_type":"default","schema_type_options":null,"pillar_content":false,"robots_default":true,"robots_noindex":false,"robots_noarchive":false,"robots_nosnippet":false,"robots_nofollow":false,"robots_noimageindex":false,"robots_noodp":false,"robots_notranslate":false,"robots_max_snippet":null,"robots_max_videopreview":null,"robots_max_imagepreview":"large","priority":null,"frequency":null,"local_seo":null,"breadcrumb_settings":null,"limit_modified_date":false,"created":"2024-04-11 01:57:16","updated":"2025-06-22 17:43:22"},"aioseo_breadcrumb":"<div class=\"aioseo-breadcrumbs\"><span class=\"aioseo-breadcrumb\">\n\t<a href=\"https:\/\/www.rucashk.com\/pt\" title=\"Home\">Home<\/a>\n<\/span><span class=\"aioseo-breadcrumb-separator\">&raquo;<\/span><span class=\"aioseo-breadcrumb\">\n\t<a href=\"https:\/\/www.rucashk.com\/pt\/products\/\" title=\"Produtos\">Produtos<\/a>\n<\/span><span class=\"aioseo-breadcrumb-separator\">&raquo;<\/span><span class=\"aioseo-breadcrumb\">\n\t<a href=\"https:\/\/www.rucashk.com\/pt\/categoria-produto\/xiaomi-eco\/\" title=\"Xiaomi Eco\">Xiaomi Eco<\/a>\n<\/span><span class=\"aioseo-breadcrumb-separator\">&raquo;<\/span><span class=\"aioseo-breadcrumb\">\n\t<a href=\"https:\/\/www.rucashk.com\/pt\/categoria-produto\/xiaomi-eco\/amazfit-smartwatch\/\" title=\"Amazfit Smartwatch\">Amazfit Smartwatch<\/a>\n<\/span><span class=\"aioseo-breadcrumb-separator\">&raquo;<\/span><span class=\"aioseo-breadcrumb\">\n\tAmazfit GTS2 Smart Watch\n<\/span><\/div>","aioseo_breadcrumb_json":[{"label":"Home","link":"https:\/\/www.rucashk.com\/pt"},{"label":"Produtos","link":"https:\/\/www.rucashk.com\/pt\/products\/"},{"label":"Xiaomi Eco","link":"https:\/\/www.rucashk.com\/pt\/categoria-produto\/xiaomi-eco\/"},{"label":"Amazfit Smartwatch","link":"https:\/\/www.rucashk.com\/pt\/categoria-produto\/xiaomi-eco\/amazfit-smartwatch\/"},{"label":"Amazfit GTS2 Smart Watch","link":"https:\/\/www.rucashk.com\/pt\/produto\/amazfit-gts2-smart-watch\/"}],"_links":{"self":[{"href":"https:\/\/www.rucashk.com\/pt\/wp-json\/wp\/v2\/product\/24933","targetHints":{"allow":["GET"]}}],"collection":[{"href":"https:\/\/www.rucashk.com\/pt\/wp-json\/wp\/v2\/product"}],"about":[{"href":"https:\/\/www.rucashk.com\/pt\/wp-json\/wp\/v2\/types\/product"}],"wp:featuredmedia":[{"embeddable":true,"href":"https:\/\/www.rucashk.com\/pt\/wp-json\/wp\/v2\/media\/25049"}],"wp:attachment":[{"href":"https:\/\/www.rucashk.com\/pt\/wp-json\/wp\/v2\/media?parent=24933"}],"wp:term":[{"taxonomy":"product_brand","embeddable":true,"href":"https:\/\/www.rucashk.com\/pt\/wp-json\/wp\/v2\/product_brand?post=24933"},{"taxonomy":"product_cat","embeddable":true,"href":"https:\/\/www.rucashk.com\/pt\/wp-json\/wp\/v2\/product_cat?post=24933"},{"taxonomy":"product_tag","embeddable":true,"href":"https:\/\/www.rucashk.com\/pt\/wp-json\/wp\/v2\/product_tag?post=24933"}],"curies":[{"name":"wp","href":"https:\/\/api.w.org\/{rel}","templated":true}]}}