{"id":24931,"date":"2024-01-09T16:11:04","date_gmt":"2024-01-09T16:11:04","guid":{"rendered":"http:\/\/rucashk.com\/?post_type=product&#038;p=24931"},"modified":"2024-03-13T04:09:04","modified_gmt":"2024-03-13T04:09:04","slug":"mi-smart-antibacterial-humidifier-wholesale","status":"publish","type":"product","link":"https:\/\/www.rucashk.com\/pt\/produto\/mi-smart-antibacterial-humidifier-wholesale\/","title":{"rendered":"Umidificador antibacteriano Mi Smart no atacado"},"content":{"rendered":"<h2 style=\"text-align: center\"><b>Umidificador antibacteriano Mi Smart\u00a0<\/b><\/h2>\n<p><img fetchpriority=\"high\" decoding=\"async\" class=\"alignnone wp-image-23962\" src=\"\/wp-content\/uploads\/replace\/be340bd763bdd0ba93064f7710381716.png\" alt=\"Mi Smart Antibacterial Humidifier Wholesale\" width=\"1101\" height=\"866\" \/><\/p>\n<p><b>Umidifica\u00e7\u00e3o ultrass\u00f4nica com UV- <\/b><b>Luz C <\/b><\/p>\n<ul>\n<li>O umidificador ultrass\u00f4nico difunde n\u00e9voa fria e vis\u00edvel no ar que ajuda a umedecer o ambiente.<\/li>\n<\/ul>\n<ul>\n<li>Tanque de \u00e1gua grande de 4,5L para sa\u00edda cont\u00ednua de n\u00e9voa de 12 a 15 horas.<\/li>\n<\/ul>\n<ul>\n<li>A luz UV-C constru\u00edda dentro do tanque de \u00e1gua ajuda a matar os germes na \u00e1gua para proteger a sa\u00fade da fam\u00edlia.<\/li>\n<\/ul>\n<p><b>Tanque de \u00e1gua de enchimento superior <\/b><\/p>\n<ul>\n<li>Reabaste\u00e7a a \u00e1gua simplesmente despejando \u00e1gua na parte superior do tanque de \u00e1gua, sem necessidade de carregar o grande tanque de \u00e1gua para frente e para tr\u00e1s.<\/li>\n<\/ul>\n<p><b>N\u00edvel de n\u00e9voa ajust\u00e1vel <\/b><\/p>\n<ul>\n<li>3 n\u00edveis de n\u00e9voa opcionais podem ser ajustados de acordo com sua prefer\u00eancia.<\/li>\n<\/ul>\n<ul>\n<li>Mantenha um n\u00edvel de umidade constante automaticamente com um sensor de umidade integrado<\/li>\n<\/ul>\n<p><b>Controle remoto <\/b><\/p>\n<ul>\n<li>Ligue remotamente, defina um cron\u00f4metro, ajuste o n\u00edvel de n\u00e9voa e verifique o n\u00edvel de umidade no Mi Home APP.<\/li>\n<\/ul>\n<p><b>Controle de voz <\/b><\/p>\n<ul>\n<li>Compat\u00edvel com Google Assistant e Alexa*, use a voz para ligar\/desligar o umidificador.<\/li>\n<\/ul>\n<p><b>Design elegante <\/b><\/p>\n<ul>\n<li>O elegante corpo branco adapta-se naturalmente \u00e0 sua casa.<\/li>\n<\/ul>\n<ul>\n<li>A luz atmosf\u00e9rica no tanque de \u00e1gua facilita a leitura do n\u00edvel da \u00e1gua e do n\u00edvel de n\u00e9voa.<\/li>\n<\/ul>\n<p><b>Opera\u00e7\u00e3o Super Silenciosa <\/b><\/p>\n<ul>\n<li>O umidificador opera com menos de 38dB de ru\u00eddo. Ultra-quieto que pode ser usado ao dormir<\/li>\n<\/ul>\n<p>&nbsp;<\/p>\n<p style=\"text-align: left\">*Funciona com Google Assistant e certificado Alexa em breve.<\/p>\n<p>&nbsp;<\/p>\n<p>&nbsp;<\/p>\n<p style=\"text-align: left\"><strong>Especifica\u00e7\u00f5es:<\/strong><\/p>\n<p style=\"text-align: left\">Capacidade do tanque de \u00e1gua: 4,5L<\/p>\n<p style=\"text-align: left\">N\u00edvel de n\u00e9voa: 300ml\/h<\/p>\n<p style=\"text-align: left\">Entrada de \u00e1gua: carga superior<\/p>\n<p style=\"text-align: left\">Tecnologia antibacteriana: luz UV-C<\/p>\n<p style=\"text-align: left\">Modo: Modo Autom\u00e1tico, Controle Manual (3 n\u00edveis)<\/p>\n<p style=\"text-align: left\">Ru\u00eddo: &lt;38db<\/p>\n<p style=\"text-align: left\">Pot\u00eancia: 25W<\/p>\n<p style=\"text-align: left\">Peso: 1,9Kg<\/p>\n<p style=\"text-align: left\">Dimens\u00e3o: 190*190*353mm<\/p>\n<p style=\"text-align: left\">","protected":false},"excerpt":{"rendered":"<p><strong>Principais caracter\u00edsticas<\/strong><\/p>\n<p>Ultrasonic humidification with UV-C Light<\/p>\n<p>Tanque de \u00e1gua de enchimento superior<\/p>\n<p>N\u00edvel de n\u00e9voa ajust\u00e1vel<\/p>\n<p>Controle remoto<\/p>\n<p>Controle de voz<\/p>\n<p>Design elegante<\/p>\n<p>Opera\u00e7\u00e3o Super Silenciosa<\/p>\n<p>&nbsp;<\/p>","protected":false},"featured_media":25043,"template":"","meta":[],"product_brand":[],"product_cat":[1318,1305],"product_tag":[420],"class_list":{"0":"post-24931","1":"product","2":"type-product","3":"status-publish","4":"has-post-thumbnail","6":"product_cat-gadgets","7":"product_cat-xiaomi-eco","8":"product_tag-xiaomi","10":"first","11":"instock","12":"shipping-taxable","13":"product-type-external"},"aioseo_notices":[],"aioseo_head":"\n\t\t<!-- All in One SEO Pro 4.5.9.2 - aioseo.com -->\n\t\t<meta name=\"description\" content=\"Main Features Ultrasonic humidification with UV-C Light Top Fill Water Tank Adjustable Mist Level Remote Control Voice Control Elegant Design Super Quiet Operation\" \/>\n\t\t<meta name=\"robots\" content=\"max-image-preview:large\" \/>\n\t\t<link rel=\"canonical\" href=\"https:\/\/www.rucashk.com\/pt\/produto\/mi-smart-antibacterial-humidifier-wholesale\/\" \/>\n\t\t<meta name=\"generator\" content=\"All in One SEO Pro (AIOSEO) 4.5.9.2\" \/>\n\t\t<meta property=\"og:locale\" content=\"pt_PT\" \/>\n\t\t<meta property=\"og:site_name\" content=\"Rucas - One-stop AIoT Distribution Worldwide\" \/>\n\t\t<meta property=\"og:type\" content=\"article\" \/>\n\t\t<meta property=\"og:title\" content=\"Mi Smart Antibacterial Humidifier Wholesale - Rucas - Wholesale and Distribution\" \/>\n\t\t<meta property=\"og:description\" content=\"Main Features Ultrasonic humidification with UV-C Light Top Fill Water Tank Adjustable Mist Level Remote Control Voice Control Elegant Design Super Quiet Operation\" \/>\n\t\t<meta property=\"og:url\" content=\"https:\/\/www.rucashk.com\/pt\/produto\/mi-smart-antibacterial-humidifier-wholesale\/\" \/>\n\t\t<meta property=\"og:image\" content=\"https:\/\/www.rucashk.com\/wp-content\/uploads\/replace\/503b8e645f128a97ccde2b6290747646.jpeg\" \/>\n\t\t<meta property=\"og:image:secure_url\" content=\"https:\/\/www.rucashk.com\/wp-content\/uploads\/replace\/503b8e645f128a97ccde2b6290747646.jpeg\" \/>\n\t\t<meta property=\"og:image:width\" content=\"1456\" \/>\n\t\t<meta property=\"og:image:height\" content=\"816\" \/>\n\t\t<meta property=\"article:published_time\" content=\"2024-01-09T16:11:04+00:00\" \/>\n\t\t<meta property=\"article:modified_time\" content=\"2024-03-13T04:09:04+00:00\" \/>\n\t\t<meta name=\"twitter:card\" content=\"summary_large_image\" \/>\n\t\t<meta name=\"twitter:title\" content=\"Mi Smart Antibacterial Humidifier Wholesale - Rucas - Wholesale and Distribution\" \/>\n\t\t<meta name=\"twitter:description\" content=\"Main Features Ultrasonic humidification with UV-C Light Top Fill Water Tank Adjustable Mist Level Remote Control Voice Control Elegant Design Super Quiet Operation\" \/>\n\t\t<meta name=\"twitter:image\" content=\"https:\/\/www.rucashk.com\/wp-content\/uploads\/replace\/503b8e645f128a97ccde2b6290747646.jpeg\" \/>\n\t\t<script type=\"application\/ld+json\" class=\"aioseo-schema\">\n\t\t\t{\"@context\":\"https:\\\/\\\/schema.org\",\"@graph\":[{\"@type\":\"BreadcrumbList\",\"@id\":\"https:\\\/\\\/www.rucashk.com\\\/pt\\\/produto\\\/mi-smart-antibacterial-humidifier-wholesale\\\/#breadcrumblist\",\"itemListElement\":[{\"@type\":\"ListItem\",\"@id\":\"https:\\\/\\\/www.rucashk.com\\\/pt\\\/#listItem\",\"position\":1,\"name\":\"Home\",\"item\":\"https:\\\/\\\/www.rucashk.com\\\/pt\\\/\",\"nextItem\":\"https:\\\/\\\/www.rucashk.com\\\/pt\\\/produto\\\/mi-smart-antibacterial-humidifier-wholesale\\\/#listItem\"},{\"@type\":\"ListItem\",\"@id\":\"https:\\\/\\\/www.rucashk.com\\\/pt\\\/produto\\\/mi-smart-antibacterial-humidifier-wholesale\\\/#listItem\",\"position\":2,\"name\":\"Mi Smart Antibacterial Humidifier Wholesale\",\"previousItem\":\"https:\\\/\\\/www.rucashk.com\\\/pt\\\/#listItem\"}]},{\"@type\":\"Organization\",\"@id\":\"https:\\\/\\\/www.rucashk.com\\\/pt\\\/#organization\",\"name\":\"Rucas\",\"url\":\"https:\\\/\\\/www.rucashk.com\\\/pt\\\/\",\"logo\":{\"@type\":\"ImageObject\",\"url\":\"https:\\\/\\\/www.rucashk.com\\\/wp-content\\\/uploads\\\/2023\\\/12\\\/Rucas_campany_logo.png\",\"@id\":\"https:\\\/\\\/www.rucashk.com\\\/pt\\\/produto\\\/mi-smart-antibacterial-humidifier-wholesale\\\/#organizationLogo\",\"width\":221,\"height\":65},\"image\":{\"@id\":\"https:\\\/\\\/www.rucashk.com\\\/pt\\\/#organizationLogo\"}},{\"@type\":\"Person\",\"@id\":\"https:\\\/\\\/www.rucashk.com\\\/pt\\\/author\\\/admin\\\/#author\",\"url\":\"https:\\\/\\\/www.rucashk.com\\\/pt\\\/author\\\/admin\\\/\",\"name\":\"admin\",\"image\":{\"@type\":\"ImageObject\",\"@id\":\"https:\\\/\\\/www.rucashk.com\\\/pt\\\/produto\\\/mi-smart-antibacterial-humidifier-wholesale\\\/#authorImage\",\"url\":\"https:\\\/\\\/secure.gravatar.com\\\/avatar\\\/b7c8925b09a27e72b30232f8ecaadbd5af0f70a38c78096863fe51b64f031c24?s=96&d=mm&r=g\",\"width\":96,\"height\":96,\"caption\":\"admin\"}},{\"@type\":\"WebPage\",\"@id\":\"https:\\\/\\\/www.rucashk.com\\\/pt\\\/produto\\\/mi-smart-antibacterial-humidifier-wholesale\\\/#webpage\",\"url\":\"https:\\\/\\\/www.rucashk.com\\\/pt\\\/produto\\\/mi-smart-antibacterial-humidifier-wholesale\\\/\",\"name\":\"Mi Smart Antibacterial Humidifier Wholesale - Rucas - Wholesale and Distribution\",\"description\":\"Main Features Ultrasonic humidification with UV-C Light Top Fill Water Tank Adjustable Mist Level Remote Control Voice Control Elegant Design Super Quiet Operation\",\"inLanguage\":\"pt-PT\",\"isPartOf\":{\"@id\":\"https:\\\/\\\/www.rucashk.com\\\/pt\\\/#website\"},\"breadcrumb\":{\"@id\":\"https:\\\/\\\/www.rucashk.com\\\/pt\\\/produto\\\/mi-smart-antibacterial-humidifier-wholesale\\\/#breadcrumblist\"},\"author\":{\"@id\":\"https:\\\/\\\/www.rucashk.com\\\/pt\\\/author\\\/admin\\\/#author\"},\"creator\":{\"@id\":\"https:\\\/\\\/www.rucashk.com\\\/pt\\\/author\\\/admin\\\/#author\"},\"image\":{\"@type\":\"ImageObject\",\"url\":\"https:\\\/\\\/www.rucashk.com\\\/wp-content\\\/uploads\\\/2024\\\/01\\\/\\u5fae\\u4fe1\\u622a\\u56fe_20200916173400.png\",\"@id\":\"https:\\\/\\\/www.rucashk.com\\\/pt\\\/produto\\\/mi-smart-antibacterial-humidifier-wholesale\\\/#mainImage\",\"width\":800,\"height\":800},\"primaryImageOfPage\":{\"@id\":\"https:\\\/\\\/www.rucashk.com\\\/pt\\\/produto\\\/mi-smart-antibacterial-humidifier-wholesale\\\/#mainImage\"},\"datePublished\":\"2024-01-09T16:11:04+00:00\",\"dateModified\":\"2024-03-13T04:09:04+00:00\"},{\"@type\":\"WebSite\",\"@id\":\"https:\\\/\\\/www.rucashk.com\\\/pt\\\/#website\",\"url\":\"https:\\\/\\\/www.rucashk.com\\\/pt\\\/\",\"name\":\"Rucas - Wholesale and distribution worldwide\",\"alternateName\":\"Rucas - One-stop AIoT Distribution Worldwide\",\"description\":\"One-stop AIoT Distribution Worldwide\",\"inLanguage\":\"pt-PT\",\"publisher\":{\"@id\":\"https:\\\/\\\/www.rucashk.com\\\/pt\\\/#organization\"}}]}\n\t\t<\/script>\n\t\t<!-- All in One SEO Pro -->\r\n\t\t<title>Mi Smart Antibacterial Humidifier Wholesale - Rucas - Wholesale and Distribution<\/title>\n\n","aioseo_head_json":{"title":"Mi Smart Antibacterial Humidifier Wholesale - Rucas - Wholesale and Distribution","description":"Main Features Ultrasonic humidification with UV-C Light Top Fill Water Tank Adjustable Mist Level Remote Control Voice Control Elegant Design Super Quiet Operation","canonical_url":"https:\/\/www.rucashk.com\/pt\/produto\/mi-smart-antibacterial-humidifier-wholesale\/","robots":"max-image-preview:large","keywords":"","webmasterTools":{"miscellaneous":""},"og:locale":"pt_PT","og:site_name":"Rucas - One-stop AIoT Distribution Worldwide","og:type":"article","og:title":"Mi Smart Antibacterial Humidifier Wholesale - Rucas - Wholesale and Distribution","og:description":"Main Features Ultrasonic humidification with UV-C Light Top Fill Water Tank Adjustable Mist Level Remote Control Voice Control Elegant Design Super Quiet Operation","og:url":"https:\/\/www.rucashk.com\/pt\/produto\/mi-smart-antibacterial-humidifier-wholesale\/","og:image":"https:\/\/www.rucashk.com\/wp-content\/uploads\/replace\/503b8e645f128a97ccde2b6290747646.jpeg","og:image:secure_url":"https:\/\/www.rucashk.com\/wp-content\/uploads\/replace\/503b8e645f128a97ccde2b6290747646.jpeg","og:image:width":1456,"og:image:height":816,"article:published_time":"2024-01-09T16:11:04+00:00","article:modified_time":"2024-03-13T04:09:04+00:00","twitter:card":"summary_large_image","twitter:title":"Mi Smart Antibacterial Humidifier Wholesale - Rucas - Wholesale and Distribution","twitter:description":"Main Features Ultrasonic humidification with UV-C Light Top Fill Water Tank Adjustable Mist Level Remote Control Voice Control Elegant Design Super Quiet Operation","twitter:image":"https:\/\/www.rucashk.com\/wp-content\/uploads\/replace\/503b8e645f128a97ccde2b6290747646.jpeg","schema":{"@context":"https:\/\/schema.org","@graph":[{"@type":"BreadcrumbList","@id":"https:\/\/www.rucashk.com\/pt\/produto\/mi-smart-antibacterial-humidifier-wholesale\/#breadcrumblist","itemListElement":[{"@type":"ListItem","@id":"https:\/\/www.rucashk.com\/pt\/#listItem","position":1,"name":"Home","item":"https:\/\/www.rucashk.com\/pt\/","nextItem":"https:\/\/www.rucashk.com\/pt\/produto\/mi-smart-antibacterial-humidifier-wholesale\/#listItem"},{"@type":"ListItem","@id":"https:\/\/www.rucashk.com\/pt\/produto\/mi-smart-antibacterial-humidifier-wholesale\/#listItem","position":2,"name":"Mi Smart Antibacterial Humidifier Wholesale","previousItem":"https:\/\/www.rucashk.com\/pt\/#listItem"}]},{"@type":"Organization","@id":"https:\/\/www.rucashk.com\/pt\/#organization","name":"Rucas","url":"https:\/\/www.rucashk.com\/pt\/","logo":{"@type":"ImageObject","url":"https:\/\/www.rucashk.com\/wp-content\/uploads\/2023\/12\/Rucas_campany_logo.png","@id":"https:\/\/www.rucashk.com\/pt\/produto\/mi-smart-antibacterial-humidifier-wholesale\/#organizationLogo","width":221,"height":65},"image":{"@id":"https:\/\/www.rucashk.com\/pt\/#organizationLogo"}},{"@type":"Person","@id":"https:\/\/www.rucashk.com\/pt\/author\/admin\/#author","url":"https:\/\/www.rucashk.com\/pt\/author\/admin\/","name":"admin","image":{"@type":"ImageObject","@id":"https:\/\/www.rucashk.com\/pt\/produto\/mi-smart-antibacterial-humidifier-wholesale\/#authorImage","url":"https:\/\/secure.gravatar.com\/avatar\/b7c8925b09a27e72b30232f8ecaadbd5af0f70a38c78096863fe51b64f031c24?s=96&d=mm&r=g","width":96,"height":96,"caption":"admin"}},{"@type":"WebPage","@id":"https:\/\/www.rucashk.com\/pt\/produto\/mi-smart-antibacterial-humidifier-wholesale\/#webpage","url":"https:\/\/www.rucashk.com\/pt\/produto\/mi-smart-antibacterial-humidifier-wholesale\/","name":"Mi Smart Antibacterial Humidifier Wholesale - Rucas - Wholesale and Distribution","description":"Main Features Ultrasonic humidification with UV-C Light Top Fill Water Tank Adjustable Mist Level Remote Control Voice Control Elegant Design Super Quiet Operation","inLanguage":"pt-PT","isPartOf":{"@id":"https:\/\/www.rucashk.com\/pt\/#website"},"breadcrumb":{"@id":"https:\/\/www.rucashk.com\/pt\/produto\/mi-smart-antibacterial-humidifier-wholesale\/#breadcrumblist"},"author":{"@id":"https:\/\/www.rucashk.com\/pt\/author\/admin\/#author"},"creator":{"@id":"https:\/\/www.rucashk.com\/pt\/author\/admin\/#author"},"image":{"@type":"ImageObject","url":"https:\/\/www.rucashk.com\/wp-content\/uploads\/2024\/01\/\u5fae\u4fe1\u622a\u56fe_20200916173400.png","@id":"https:\/\/www.rucashk.com\/pt\/produto\/mi-smart-antibacterial-humidifier-wholesale\/#mainImage","width":800,"height":800},"primaryImageOfPage":{"@id":"https:\/\/www.rucashk.com\/pt\/produto\/mi-smart-antibacterial-humidifier-wholesale\/#mainImage"},"datePublished":"2024-01-09T16:11:04+00:00","dateModified":"2024-03-13T04:09:04+00:00"},{"@type":"WebSite","@id":"https:\/\/www.rucashk.com\/pt\/#website","url":"https:\/\/www.rucashk.com\/pt\/","name":"Rucas - Wholesale and distribution worldwide","alternateName":"Rucas - One-stop AIoT Distribution Worldwide","description":"One-stop AIoT Distribution Worldwide","inLanguage":"pt-PT","publisher":{"@id":"https:\/\/www.rucashk.com\/pt\/#organization"}}]}},"aioseo_meta_data":{"post_id":"24931","title":null,"description":null,"keywords":null,"keyphrases":null,"primary_term":null,"canonical_url":null,"og_title":null,"og_description":null,"og_object_type":"default","og_image_type":"default","og_image_url":null,"og_image_width":null,"og_image_height":null,"og_image_custom_url":null,"og_image_custom_fields":null,"og_video":null,"og_custom_url":null,"og_article_section":null,"og_article_tags":null,"twitter_use_og":false,"twitter_card":"default","twitter_image_type":"default","twitter_image_url":null,"twitter_image_custom_url":null,"twitter_image_custom_fields":null,"twitter_title":null,"twitter_description":null,"schema":{"blockGraphs":[],"customGraphs":[],"default":{"data":{"Article":[],"Course":[],"Dataset":[],"FAQPage":[],"Movie":[],"Person":[],"Product":[],"Recipe":[],"Service":[],"SoftwareApplication":[],"WebPage":[]},"graphName":"","isEnabled":true},"graphs":[]},"schema_type":"default","schema_type_options":null,"pillar_content":false,"robots_default":true,"robots_noindex":false,"robots_noarchive":false,"robots_nosnippet":false,"robots_nofollow":false,"robots_noimageindex":false,"robots_noodp":false,"robots_notranslate":false,"robots_max_snippet":null,"robots_max_videopreview":null,"robots_max_imagepreview":"large","priority":null,"frequency":null,"local_seo":null,"breadcrumb_settings":null,"limit_modified_date":false,"created":"2024-04-11 01:57:16","updated":"2025-06-22 17:43:21"},"aioseo_breadcrumb":"<div class=\"aioseo-breadcrumbs\"><span class=\"aioseo-breadcrumb\">\n\t<a href=\"https:\/\/www.rucashk.com\/pt\" title=\"Home\">Home<\/a>\n<\/span><span class=\"aioseo-breadcrumb-separator\">&raquo;<\/span><span class=\"aioseo-breadcrumb\">\n\t<a href=\"https:\/\/www.rucashk.com\/pt\/products\/\" title=\"Produtos\">Produtos<\/a>\n<\/span><span class=\"aioseo-breadcrumb-separator\">&raquo;<\/span><span class=\"aioseo-breadcrumb\">\n\t<a href=\"https:\/\/www.rucashk.com\/pt\/categoria-produto\/xiaomi-eco\/\" title=\"Xiaomi Eco\">Xiaomi Eco<\/a>\n<\/span><span class=\"aioseo-breadcrumb-separator\">&raquo;<\/span><span class=\"aioseo-breadcrumb\">\n\t<a href=\"https:\/\/www.rucashk.com\/pt\/categoria-produto\/xiaomi-eco\/gadgets\/\" title=\"Gadgets\">Gadgets<\/a>\n<\/span><span class=\"aioseo-breadcrumb-separator\">&raquo;<\/span><span class=\"aioseo-breadcrumb\">\n\tMi Smart Antibacterial Humidifier Wholesale\n<\/span><\/div>","aioseo_breadcrumb_json":[{"label":"Home","link":"https:\/\/www.rucashk.com\/pt"},{"label":"Produtos","link":"https:\/\/www.rucashk.com\/pt\/products\/"},{"label":"Xiaomi Eco","link":"https:\/\/www.rucashk.com\/pt\/categoria-produto\/xiaomi-eco\/"},{"label":"Gadgets","link":"https:\/\/www.rucashk.com\/pt\/categoria-produto\/xiaomi-eco\/gadgets\/"},{"label":"Mi Smart Antibacterial Humidifier Wholesale","link":"https:\/\/www.rucashk.com\/pt\/produto\/mi-smart-antibacterial-humidifier-wholesale\/"}],"_links":{"self":[{"href":"https:\/\/www.rucashk.com\/pt\/wp-json\/wp\/v2\/product\/24931","targetHints":{"allow":["GET"]}}],"collection":[{"href":"https:\/\/www.rucashk.com\/pt\/wp-json\/wp\/v2\/product"}],"about":[{"href":"https:\/\/www.rucashk.com\/pt\/wp-json\/wp\/v2\/types\/product"}],"wp:featuredmedia":[{"embeddable":true,"href":"https:\/\/www.rucashk.com\/pt\/wp-json\/wp\/v2\/media\/25043"}],"wp:attachment":[{"href":"https:\/\/www.rucashk.com\/pt\/wp-json\/wp\/v2\/media?parent=24931"}],"wp:term":[{"taxonomy":"product_brand","embeddable":true,"href":"https:\/\/www.rucashk.com\/pt\/wp-json\/wp\/v2\/product_brand?post=24931"},{"taxonomy":"product_cat","embeddable":true,"href":"https:\/\/www.rucashk.com\/pt\/wp-json\/wp\/v2\/product_cat?post=24931"},{"taxonomy":"product_tag","embeddable":true,"href":"https:\/\/www.rucashk.com\/pt\/wp-json\/wp\/v2\/product_tag?post=24931"}],"curies":[{"name":"wp","href":"https:\/\/api.w.org\/{rel}","templated":true}]}}