{"id":24925,"date":"2024-01-09T16:11:03","date_gmt":"2024-01-09T16:11:03","guid":{"rendered":"http:\/\/rucashk.com\/?post_type=product&#038;p=24925"},"modified":"2025-06-22T07:41:21","modified_gmt":"2025-06-22T07:41:21","slug":"xiaomi-mi-air-purifier-3c-wholesale","status":"publish","type":"product","link":"https:\/\/www.rucashk.com\/pt\/produto\/xiaomi-mi-air-purifier-3c-wholesale\/","title":{"rendered":"Purificador de ar Xiaomi Mi 3C atacado"},"content":{"rendered":"<h1 style=\"text-align: center\">Purificador de ar Xiaomi Mi 3C<img fetchpriority=\"high\" decoding=\"async\" class=\"aligncenter wp-image-23696 size-full\" src=\"\/wp-content\/uploads\/replace\/69c4d5a077a37a8e64a0155b4d503253.png\" alt=\"Xiaomi Mi Air Purifier 3C Wholesale\" width=\"286\" height=\"599\" \/><\/h1>\n<p><img decoding=\"async\" class=\"alignnone size-full wp-image-23697\" src=\"\/wp-content\/uploads\/replace\/a420758b4e0fce893a75d021b8c4f720.png\" alt=\"Xiaomi Mi Air Purifier 3C Wholesale\" width=\"161\" height=\"61\" \/> <img decoding=\"async\" class=\"alignnone size-medium wp-image-23698\" src=\"\/wp-content\/uploads\/replace\/14e650056063b9472f6c9593f46ba549.png\" alt=\"Xiaomi Mi Air Purifier 3C Wholesale\" width=\"268\" height=\"109\" \/> <img loading=\"lazy\" decoding=\"async\" class=\"alignnone size-medium wp-image-23699\" src=\"\/wp-content\/uploads\/replace\/81502db09b995ddcd181a3704caff4df.png\" alt=\"Xiaomi Mi Air Purifier 3C Wholesale\" width=\"186\" height=\"132\" \/><\/p>\n<p>\u2014Filtro HEPA verdadeiro equipado para eliminar 99.99% de part\u00edculas t\u00e3o pequenas quanto 0,1 m\u00edcron do ar, incluindo poeira transportada pelo ar, fuma\u00e7a de cigarro, p\u00ealos de animais, esporos de mofo, p\u00f3len, germes, v\u00edrus e odores.<\/p>\n<p>\u2014Taxa de entrega de ar limpo de part\u00edculas de 320m\u00b3\/h (PCADR), para fornecer 5m\u00b3 de ar fresco a cada minuto<\/p>\n<p>\u2014Efici\u00eancia de \u00e1rea de 106\u33a1, para circular o ar em \u00e1rea de 106\u33a1 com 3 metros de altura em 1 hora<\/p>\n<p>\u2014Display LED com qualidade do ar e status de trabalho indicados em tempo real<\/p>\n<p>\u2014Vida \u00fatil do filtro de 6 a 12 meses<\/p>\n<p>\u2014Controle inteligente com aplicativo Mi Home, Google Assistant e Amazon Alexa<\/p>\n<p>&nbsp;<\/p>\n<p><img loading=\"lazy\" decoding=\"async\" class=\"size-full wp-image-23700 aligncenter\" src=\"\/wp-content\/uploads\/replace\/2c88b214e5fb756a32f79166f718f4ae.png\" alt=\"Xiaomi Mi Air Purifier 3C Wholesale\" width=\"367\" height=\"821\" \/><\/p>\n<p>&nbsp;<\/p>\n<p style=\"text-align: center\"><strong>Controle conveniente com Mi Home APP<\/strong><\/p>\n<p style=\"text-align: center\">Modo de funcionamento: Autom\u00e1tico, Noturno, Favorito Vida \u00fatil do filtro Programar ligar\/desligar Controles dos pais Luz: Brilhante, Escuro ou Desligado<\/p>\n<p><img loading=\"lazy\" decoding=\"async\" class=\"aligncenter wp-image-23701 size-full\" src=\"\/wp-content\/uploads\/replace\/2aee67fd33513ba93ec320119168060f.png\" alt=\"Xiaomi Mi Air Purifier 3C Wholesale\" width=\"367\" height=\"382\" \/><\/p>\n<p style=\"text-align: center\"><strong>Projeto da torre:<\/strong> Para circular o ar interior de forma eficaz<\/p>\n<p>&nbsp;<\/p>\n<h3 style=\"text-align: center\">Especifica\u00e7\u00f5es:<\/h3>\n<p style=\"text-align: center\">Part\u00edculas CADR: 320 m\u00b3\/h<\/p>\n<p style=\"text-align: center\">Formalde\u00eddo CADR: 60 m\u00b3\/h<\/p>\n<p style=\"text-align: center\">Efici\u00eancia de \u00e1rea: 106 m\u00b2\/h<\/p>\n<p style=\"text-align: center\">Vida \u00fatil do filtro: 6 a 12 meses<\/p>\n<p style=\"text-align: center\">Pot\u00eancia sonora: 30,5 ~ 61 dB (A)<\/p>\n<p style=\"text-align: center\">Cor branca<\/p>\n<p style=\"text-align: center\">Conectividade: Wi-Fi de 2,4 GHz<\/p>\n<p style=\"text-align: center\">Tens\u00e3o de alimenta\u00e7\u00e3o: AC100-240 V ~<\/p>\n<p style=\"text-align: center\">Frequ\u00eancia de energia: 50\/60 Hz<\/p>\n<p style=\"text-align: center\">Pot\u00eancia nominal: 29 W<\/p>\n<p style=\"text-align: center\">Comprimento do cabo de alimenta\u00e7\u00e3o: aprox. 1,5m<\/p>\n<p style=\"text-align: center\">Dimens\u00f5es: 240*240*520mm<\/p>\n<p style=\"text-align: center\">Peso l\u00edquido: aprox. 4,6kg<\/p>\n<p style=\"text-align: center\">Peso Bruto: aprox. 6,1kg<\/p>\n<p>&nbsp;<\/p>\n<h3 style=\"text-align: center\">Conte\u00fado do pacote<\/h3>\n<p style=\"text-align: center\">Tamanho da embalagem: 290 \u00d7 290 \u00d7 582 mm<\/p>\n<p><img loading=\"lazy\" decoding=\"async\" class=\"size-full wp-image-23702 aligncenter\" src=\"\/wp-content\/uploads\/replace\/1eecc0063f43ad5294cabf71ceb08c5b.png\" alt=\"Xiaomi Mi Air Purifier 3C Wholesale\" width=\"473\" height=\"159\" \/><\/p>","protected":false},"excerpt":{"rendered":"<h3 style=\"text-align: left\">Especifica\u00e7\u00f5es:<\/h3>\n<p style=\"text-align: left\">Part\u00edculas CADR: 320 m\u00b3\/h<\/p>\n<p style=\"text-align: left\">Formalde\u00eddo CADR: 60 m\u00b3\/h<\/p>\n<p style=\"text-align: left\">Efici\u00eancia de \u00e1rea: 106 m\u00b2\/h<\/p>\n<p style=\"text-align: left\">Vida \u00fatil do filtro: 6 a 12 meses<\/p>\n<p style=\"text-align: left\">Pot\u00eancia sonora: 30,5 ~ 61 dB (A)<\/p>\n<p style=\"text-align: left\">Cor branca<\/p>\n<p style=\"text-align: left\">Conectividade: Wi-Fi de 2,4 GHz<\/p>\n<p style=\"text-align: left\">Tens\u00e3o de alimenta\u00e7\u00e3o: AC100-240 V ~<\/p>\n<p style=\"text-align: left\">Frequ\u00eancia de energia: 50\/60 Hz<\/p>\n<p style=\"text-align: left\">Pot\u00eancia nominal: 29 W<\/p>\n<p style=\"text-align: left\">Comprimento do cabo de alimenta\u00e7\u00e3o: aprox. 1,5m<\/p>\n<p style=\"text-align: left\">Dimens\u00f5es: 240*240*520mm<\/p>\n<p style=\"text-align: left\">Peso l\u00edquido: aprox. 4,6kg<\/p>\n<p style=\"text-align: left\">Peso Bruto: aprox. 6,1kg<\/p>","protected":false},"featured_media":25023,"template":"","meta":[],"product_brand":[1363],"product_cat":[1319,1305],"product_tag":[420],"class_list":{"0":"post-24925","1":"product","2":"type-product","3":"status-publish","4":"has-post-thumbnail","6":"product_brand-xiaomi","7":"product_cat-purifier-xiaomi-eco","8":"product_cat-xiaomi-eco","9":"product_tag-xiaomi","11":"first","12":"instock","13":"shipping-taxable","14":"product-type-external"},"aioseo_notices":[],"aioseo_head":"\n\t\t<!-- All in One SEO Pro 4.5.9.2 - aioseo.com -->\n\t\t<meta name=\"description\" content=\"Specifications: Particles CADR: 320 m\u00b3\/h Formaldehyde CADR: 60 m\u00b3\/h Area Efficiency: 106 m\u00b2\/h Filter Lifetime: 6~12 month Sound Power: 30.5~61 dB(A) Color: White Connectivity: 2.4 GHz Wi-Fi Power Voltage: AC100-240 V~ Power Frequency: 50\/60 Hz Rated Power: 29 W Power Cord Length: approx. 1.5 m Dimensions: 240 * 240 * 520 mm Net Weight: approx. 4.6 kg Gross Weight: approx. 6.1 kg\" \/>\n\t\t<meta name=\"robots\" content=\"max-image-preview:large\" \/>\n\t\t<link rel=\"canonical\" href=\"https:\/\/www.rucashk.com\/pt\/produto\/xiaomi-mi-air-purifier-3c-wholesale\/\" \/>\n\t\t<meta name=\"generator\" content=\"All in One SEO Pro (AIOSEO) 4.5.9.2\" \/>\n\t\t<meta property=\"og:locale\" content=\"pt_PT\" \/>\n\t\t<meta property=\"og:site_name\" content=\"Rucas - One-stop AIoT Distribution Worldwide\" \/>\n\t\t<meta property=\"og:type\" content=\"article\" \/>\n\t\t<meta property=\"og:title\" content=\"Xiaomi Mi Air Purifier 3C Wholesale - Rucas - Wholesale and Distribution\" \/>\n\t\t<meta property=\"og:description\" content=\"Specifications: Particles CADR: 320 m\u00b3\/h Formaldehyde CADR: 60 m\u00b3\/h Area Efficiency: 106 m\u00b2\/h Filter Lifetime: 6~12 month Sound Power: 30.5~61 dB(A) Color: White Connectivity: 2.4 GHz Wi-Fi Power Voltage: AC100-240 V~ Power Frequency: 50\/60 Hz Rated Power: 29 W Power Cord Length: approx. 1.5 m Dimensions: 240 * 240 * 520 mm Net Weight: approx. 4.6 kg Gross Weight: approx. 6.1 kg\" \/>\n\t\t<meta property=\"og:url\" content=\"https:\/\/www.rucashk.com\/pt\/produto\/xiaomi-mi-air-purifier-3c-wholesale\/\" \/>\n\t\t<meta property=\"og:image\" content=\"https:\/\/www.rucashk.com\/wp-content\/uploads\/replace\/503b8e645f128a97ccde2b6290747646.jpeg\" \/>\n\t\t<meta property=\"og:image:secure_url\" content=\"https:\/\/www.rucashk.com\/wp-content\/uploads\/replace\/503b8e645f128a97ccde2b6290747646.jpeg\" \/>\n\t\t<meta property=\"og:image:width\" content=\"1456\" \/>\n\t\t<meta property=\"og:image:height\" content=\"816\" \/>\n\t\t<meta property=\"article:published_time\" content=\"2024-01-09T16:11:03+00:00\" \/>\n\t\t<meta property=\"article:modified_time\" content=\"2025-06-22T07:41:21+00:00\" \/>\n\t\t<meta name=\"twitter:card\" content=\"summary_large_image\" \/>\n\t\t<meta name=\"twitter:title\" content=\"Xiaomi Mi Air Purifier 3C Wholesale - Rucas - Wholesale and Distribution\" \/>\n\t\t<meta name=\"twitter:description\" content=\"Specifications: Particles CADR: 320 m\u00b3\/h Formaldehyde CADR: 60 m\u00b3\/h Area Efficiency: 106 m\u00b2\/h Filter Lifetime: 6~12 month Sound Power: 30.5~61 dB(A) Color: White Connectivity: 2.4 GHz Wi-Fi Power Voltage: AC100-240 V~ Power Frequency: 50\/60 Hz Rated Power: 29 W Power Cord Length: approx. 1.5 m Dimensions: 240 * 240 * 520 mm Net Weight: approx. 4.6 kg Gross Weight: approx. 6.1 kg\" \/>\n\t\t<meta name=\"twitter:image\" content=\"https:\/\/www.rucashk.com\/wp-content\/uploads\/replace\/503b8e645f128a97ccde2b6290747646.jpeg\" \/>\n\t\t<script type=\"application\/ld+json\" class=\"aioseo-schema\">\n\t\t\t{\"@context\":\"https:\\\/\\\/schema.org\",\"@graph\":[{\"@type\":\"BreadcrumbList\",\"@id\":\"https:\\\/\\\/www.rucashk.com\\\/pt\\\/produto\\\/xiaomi-mi-air-purifier-3c-wholesale\\\/#breadcrumblist\",\"itemListElement\":[{\"@type\":\"ListItem\",\"@id\":\"https:\\\/\\\/www.rucashk.com\\\/pt\\\/#listItem\",\"position\":1,\"name\":\"Home\",\"item\":\"https:\\\/\\\/www.rucashk.com\\\/pt\\\/\",\"nextItem\":\"https:\\\/\\\/www.rucashk.com\\\/pt\\\/produto\\\/xiaomi-mi-air-purifier-3c-wholesale\\\/#listItem\"},{\"@type\":\"ListItem\",\"@id\":\"https:\\\/\\\/www.rucashk.com\\\/pt\\\/produto\\\/xiaomi-mi-air-purifier-3c-wholesale\\\/#listItem\",\"position\":2,\"name\":\"Xiaomi Mi Air Purifier 3C Wholesale\",\"previousItem\":\"https:\\\/\\\/www.rucashk.com\\\/pt\\\/#listItem\"}]},{\"@type\":\"Organization\",\"@id\":\"https:\\\/\\\/www.rucashk.com\\\/pt\\\/#organization\",\"name\":\"Rucas\",\"url\":\"https:\\\/\\\/www.rucashk.com\\\/pt\\\/\",\"logo\":{\"@type\":\"ImageObject\",\"url\":\"https:\\\/\\\/www.rucashk.com\\\/wp-content\\\/uploads\\\/2023\\\/12\\\/Rucas_campany_logo.png\",\"@id\":\"https:\\\/\\\/www.rucashk.com\\\/pt\\\/produto\\\/xiaomi-mi-air-purifier-3c-wholesale\\\/#organizationLogo\",\"width\":221,\"height\":65},\"image\":{\"@id\":\"https:\\\/\\\/www.rucashk.com\\\/pt\\\/#organizationLogo\"}},{\"@type\":\"Person\",\"@id\":\"https:\\\/\\\/www.rucashk.com\\\/pt\\\/author\\\/admin\\\/#author\",\"url\":\"https:\\\/\\\/www.rucashk.com\\\/pt\\\/author\\\/admin\\\/\",\"name\":\"admin\",\"image\":{\"@type\":\"ImageObject\",\"@id\":\"https:\\\/\\\/www.rucashk.com\\\/pt\\\/produto\\\/xiaomi-mi-air-purifier-3c-wholesale\\\/#authorImage\",\"url\":\"https:\\\/\\\/secure.gravatar.com\\\/avatar\\\/b7c8925b09a27e72b30232f8ecaadbd5af0f70a38c78096863fe51b64f031c24?s=96&d=mm&r=g\",\"width\":96,\"height\":96,\"caption\":\"admin\"}},{\"@type\":\"WebPage\",\"@id\":\"https:\\\/\\\/www.rucashk.com\\\/pt\\\/produto\\\/xiaomi-mi-air-purifier-3c-wholesale\\\/#webpage\",\"url\":\"https:\\\/\\\/www.rucashk.com\\\/pt\\\/produto\\\/xiaomi-mi-air-purifier-3c-wholesale\\\/\",\"name\":\"Xiaomi Mi Air Purifier 3C Wholesale - Rucas - Wholesale and Distribution\",\"description\":\"Specifications: Particles CADR: 320 m\\u00b3\\\/h Formaldehyde CADR: 60 m\\u00b3\\\/h Area Efficiency: 106 m\\u00b2\\\/h Filter Lifetime: 6~12 month Sound Power: 30.5~61 dB(A) Color: White Connectivity: 2.4 GHz Wi-Fi Power Voltage: AC100-240 V~ Power Frequency: 50\\\/60 Hz Rated Power: 29 W Power Cord Length: approx. 1.5 m Dimensions: 240 * 240 * 520 mm Net Weight: approx. 4.6 kg Gross Weight: approx. 6.1 kg\",\"inLanguage\":\"pt-PT\",\"isPartOf\":{\"@id\":\"https:\\\/\\\/www.rucashk.com\\\/pt\\\/#website\"},\"breadcrumb\":{\"@id\":\"https:\\\/\\\/www.rucashk.com\\\/pt\\\/produto\\\/xiaomi-mi-air-purifier-3c-wholesale\\\/#breadcrumblist\"},\"author\":{\"@id\":\"https:\\\/\\\/www.rucashk.com\\\/pt\\\/author\\\/admin\\\/#author\"},\"creator\":{\"@id\":\"https:\\\/\\\/www.rucashk.com\\\/pt\\\/author\\\/admin\\\/#author\"},\"image\":{\"@type\":\"ImageObject\",\"url\":\"https:\\\/\\\/www.rucashk.com\\\/wp-content\\\/uploads\\\/2024\\\/01\\\/\\u5fae\\u4fe1\\u622a\\u56fe_20200902170517.png\",\"@id\":\"https:\\\/\\\/www.rucashk.com\\\/pt\\\/produto\\\/xiaomi-mi-air-purifier-3c-wholesale\\\/#mainImage\",\"width\":800,\"height\":800},\"primaryImageOfPage\":{\"@id\":\"https:\\\/\\\/www.rucashk.com\\\/pt\\\/produto\\\/xiaomi-mi-air-purifier-3c-wholesale\\\/#mainImage\"},\"datePublished\":\"2024-01-09T16:11:03+00:00\",\"dateModified\":\"2025-06-22T07:41:21+00:00\"},{\"@type\":\"WebSite\",\"@id\":\"https:\\\/\\\/www.rucashk.com\\\/pt\\\/#website\",\"url\":\"https:\\\/\\\/www.rucashk.com\\\/pt\\\/\",\"name\":\"Rucas - Wholesale and distribution worldwide\",\"alternateName\":\"Rucas - One-stop AIoT Distribution Worldwide\",\"description\":\"One-stop AIoT Distribution Worldwide\",\"inLanguage\":\"pt-PT\",\"publisher\":{\"@id\":\"https:\\\/\\\/www.rucashk.com\\\/pt\\\/#organization\"}}]}\n\t\t<\/script>\n\t\t<!-- All in One SEO Pro -->\r\n\t\t<title>Xiaomi Mi Air Purifier 3C Wholesale - Rucas - Wholesale and Distribution<\/title>\n\n","aioseo_head_json":{"title":"Xiaomi Mi Air Purifier 3C Wholesale - Rucas - Wholesale and Distribution","description":"Specifications: Particles CADR: 320 m\u00b3\/h Formaldehyde CADR: 60 m\u00b3\/h Area Efficiency: 106 m\u00b2\/h Filter Lifetime: 6~12 month Sound Power: 30.5~61 dB(A) Color: White Connectivity: 2.4 GHz Wi-Fi Power Voltage: AC100-240 V~ Power Frequency: 50\/60 Hz Rated Power: 29 W Power Cord Length: approx. 1.5 m Dimensions: 240 * 240 * 520 mm Net Weight: approx. 4.6 kg Gross Weight: approx. 6.1 kg","canonical_url":"https:\/\/www.rucashk.com\/pt\/produto\/xiaomi-mi-air-purifier-3c-wholesale\/","robots":"max-image-preview:large","keywords":"","webmasterTools":{"miscellaneous":""},"og:locale":"pt_PT","og:site_name":"Rucas - One-stop AIoT Distribution Worldwide","og:type":"article","og:title":"Xiaomi Mi Air Purifier 3C Wholesale - Rucas - Wholesale and Distribution","og:description":"Specifications: Particles CADR: 320 m\u00b3\/h Formaldehyde CADR: 60 m\u00b3\/h Area Efficiency: 106 m\u00b2\/h Filter Lifetime: 6~12 month Sound Power: 30.5~61 dB(A) Color: White Connectivity: 2.4 GHz Wi-Fi Power Voltage: AC100-240 V~ Power Frequency: 50\/60 Hz Rated Power: 29 W Power Cord Length: approx. 1.5 m Dimensions: 240 * 240 * 520 mm Net Weight: approx. 4.6 kg Gross Weight: approx. 6.1 kg","og:url":"https:\/\/www.rucashk.com\/pt\/produto\/xiaomi-mi-air-purifier-3c-wholesale\/","og:image":"https:\/\/www.rucashk.com\/wp-content\/uploads\/replace\/503b8e645f128a97ccde2b6290747646.jpeg","og:image:secure_url":"https:\/\/www.rucashk.com\/wp-content\/uploads\/replace\/503b8e645f128a97ccde2b6290747646.jpeg","og:image:width":1456,"og:image:height":816,"article:published_time":"2024-01-09T16:11:03+00:00","article:modified_time":"2025-06-22T07:41:21+00:00","twitter:card":"summary_large_image","twitter:title":"Xiaomi Mi Air Purifier 3C Wholesale - Rucas - Wholesale and Distribution","twitter:description":"Specifications: Particles CADR: 320 m\u00b3\/h Formaldehyde CADR: 60 m\u00b3\/h Area Efficiency: 106 m\u00b2\/h Filter Lifetime: 6~12 month Sound Power: 30.5~61 dB(A) Color: White Connectivity: 2.4 GHz Wi-Fi Power Voltage: AC100-240 V~ Power Frequency: 50\/60 Hz Rated Power: 29 W Power Cord Length: approx. 1.5 m Dimensions: 240 * 240 * 520 mm Net Weight: approx. 4.6 kg Gross Weight: approx. 6.1 kg","twitter:image":"https:\/\/www.rucashk.com\/wp-content\/uploads\/replace\/503b8e645f128a97ccde2b6290747646.jpeg","schema":{"@context":"https:\/\/schema.org","@graph":[{"@type":"BreadcrumbList","@id":"https:\/\/www.rucashk.com\/pt\/produto\/xiaomi-mi-air-purifier-3c-wholesale\/#breadcrumblist","itemListElement":[{"@type":"ListItem","@id":"https:\/\/www.rucashk.com\/pt\/#listItem","position":1,"name":"Home","item":"https:\/\/www.rucashk.com\/pt\/","nextItem":"https:\/\/www.rucashk.com\/pt\/produto\/xiaomi-mi-air-purifier-3c-wholesale\/#listItem"},{"@type":"ListItem","@id":"https:\/\/www.rucashk.com\/pt\/produto\/xiaomi-mi-air-purifier-3c-wholesale\/#listItem","position":2,"name":"Xiaomi Mi Air Purifier 3C Wholesale","previousItem":"https:\/\/www.rucashk.com\/pt\/#listItem"}]},{"@type":"Organization","@id":"https:\/\/www.rucashk.com\/pt\/#organization","name":"Rucas","url":"https:\/\/www.rucashk.com\/pt\/","logo":{"@type":"ImageObject","url":"https:\/\/www.rucashk.com\/wp-content\/uploads\/2023\/12\/Rucas_campany_logo.png","@id":"https:\/\/www.rucashk.com\/pt\/produto\/xiaomi-mi-air-purifier-3c-wholesale\/#organizationLogo","width":221,"height":65},"image":{"@id":"https:\/\/www.rucashk.com\/pt\/#organizationLogo"}},{"@type":"Person","@id":"https:\/\/www.rucashk.com\/pt\/author\/admin\/#author","url":"https:\/\/www.rucashk.com\/pt\/author\/admin\/","name":"admin","image":{"@type":"ImageObject","@id":"https:\/\/www.rucashk.com\/pt\/produto\/xiaomi-mi-air-purifier-3c-wholesale\/#authorImage","url":"https:\/\/secure.gravatar.com\/avatar\/b7c8925b09a27e72b30232f8ecaadbd5af0f70a38c78096863fe51b64f031c24?s=96&d=mm&r=g","width":96,"height":96,"caption":"admin"}},{"@type":"WebPage","@id":"https:\/\/www.rucashk.com\/pt\/produto\/xiaomi-mi-air-purifier-3c-wholesale\/#webpage","url":"https:\/\/www.rucashk.com\/pt\/produto\/xiaomi-mi-air-purifier-3c-wholesale\/","name":"Xiaomi Mi Air Purifier 3C Wholesale - Rucas - Wholesale and Distribution","description":"Specifications: Particles CADR: 320 m\u00b3\/h Formaldehyde CADR: 60 m\u00b3\/h Area Efficiency: 106 m\u00b2\/h Filter Lifetime: 6~12 month Sound Power: 30.5~61 dB(A) Color: White Connectivity: 2.4 GHz Wi-Fi Power Voltage: AC100-240 V~ Power Frequency: 50\/60 Hz Rated Power: 29 W Power Cord Length: approx. 1.5 m Dimensions: 240 * 240 * 520 mm Net Weight: approx. 4.6 kg Gross Weight: approx. 6.1 kg","inLanguage":"pt-PT","isPartOf":{"@id":"https:\/\/www.rucashk.com\/pt\/#website"},"breadcrumb":{"@id":"https:\/\/www.rucashk.com\/pt\/produto\/xiaomi-mi-air-purifier-3c-wholesale\/#breadcrumblist"},"author":{"@id":"https:\/\/www.rucashk.com\/pt\/author\/admin\/#author"},"creator":{"@id":"https:\/\/www.rucashk.com\/pt\/author\/admin\/#author"},"image":{"@type":"ImageObject","url":"https:\/\/www.rucashk.com\/wp-content\/uploads\/2024\/01\/\u5fae\u4fe1\u622a\u56fe_20200902170517.png","@id":"https:\/\/www.rucashk.com\/pt\/produto\/xiaomi-mi-air-purifier-3c-wholesale\/#mainImage","width":800,"height":800},"primaryImageOfPage":{"@id":"https:\/\/www.rucashk.com\/pt\/produto\/xiaomi-mi-air-purifier-3c-wholesale\/#mainImage"},"datePublished":"2024-01-09T16:11:03+00:00","dateModified":"2025-06-22T07:41:21+00:00"},{"@type":"WebSite","@id":"https:\/\/www.rucashk.com\/pt\/#website","url":"https:\/\/www.rucashk.com\/pt\/","name":"Rucas - Wholesale and distribution worldwide","alternateName":"Rucas - One-stop AIoT Distribution Worldwide","description":"One-stop AIoT Distribution Worldwide","inLanguage":"pt-PT","publisher":{"@id":"https:\/\/www.rucashk.com\/pt\/#organization"}}]}},"aioseo_meta_data":{"post_id":"24925","title":null,"description":null,"keywords":null,"keyphrases":null,"primary_term":null,"canonical_url":null,"og_title":null,"og_description":null,"og_object_type":"default","og_image_type":"default","og_image_url":null,"og_image_width":null,"og_image_height":null,"og_image_custom_url":null,"og_image_custom_fields":null,"og_video":null,"og_custom_url":null,"og_article_section":null,"og_article_tags":null,"twitter_use_og":false,"twitter_card":"default","twitter_image_type":"default","twitter_image_url":null,"twitter_image_custom_url":null,"twitter_image_custom_fields":null,"twitter_title":null,"twitter_description":null,"schema":{"blockGraphs":[],"customGraphs":[],"default":{"data":{"Article":[],"Course":[],"Dataset":[],"FAQPage":[],"Movie":[],"Person":[],"Product":[],"Recipe":[],"Service":[],"SoftwareApplication":[],"WebPage":[]},"graphName":"","isEnabled":true},"graphs":[]},"schema_type":"default","schema_type_options":null,"pillar_content":false,"robots_default":true,"robots_noindex":false,"robots_noarchive":false,"robots_nosnippet":false,"robots_nofollow":false,"robots_noimageindex":false,"robots_noodp":false,"robots_notranslate":false,"robots_max_snippet":null,"robots_max_videopreview":null,"robots_max_imagepreview":"large","priority":null,"frequency":null,"local_seo":null,"breadcrumb_settings":null,"limit_modified_date":false,"created":"2024-04-11 01:57:15","updated":"2025-06-22 17:43:20"},"aioseo_breadcrumb":"<div class=\"aioseo-breadcrumbs\"><span class=\"aioseo-breadcrumb\">\n\t<a href=\"https:\/\/www.rucashk.com\/pt\" title=\"Home\">Home<\/a>\n<\/span><span class=\"aioseo-breadcrumb-separator\">&raquo;<\/span><span class=\"aioseo-breadcrumb\">\n\t<a href=\"https:\/\/www.rucashk.com\/pt\/products\/\" title=\"Produtos\">Produtos<\/a>\n<\/span><span class=\"aioseo-breadcrumb-separator\">&raquo;<\/span><span class=\"aioseo-breadcrumb\">\n\t<a href=\"https:\/\/www.rucashk.com\/pt\/marca\/xiaomi\/\" title=\"Xiaomi\">Xiaomi<\/a>\n<\/span><span class=\"aioseo-breadcrumb-separator\">&raquo;<\/span><span class=\"aioseo-breadcrumb\">\n\tXiaomi Mi Air Purifier 3C Wholesale\n<\/span><\/div>","aioseo_breadcrumb_json":[{"label":"Home","link":"https:\/\/www.rucashk.com\/pt"},{"label":"Produtos","link":"https:\/\/www.rucashk.com\/pt\/products\/"},{"label":"Xiaomi","link":"https:\/\/www.rucashk.com\/pt\/marca\/xiaomi\/"},{"label":"Xiaomi Mi Air Purifier 3C Wholesale","link":"https:\/\/www.rucashk.com\/pt\/produto\/xiaomi-mi-air-purifier-3c-wholesale\/"}],"_links":{"self":[{"href":"https:\/\/www.rucashk.com\/pt\/wp-json\/wp\/v2\/product\/24925","targetHints":{"allow":["GET"]}}],"collection":[{"href":"https:\/\/www.rucashk.com\/pt\/wp-json\/wp\/v2\/product"}],"about":[{"href":"https:\/\/www.rucashk.com\/pt\/wp-json\/wp\/v2\/types\/product"}],"wp:featuredmedia":[{"embeddable":true,"href":"https:\/\/www.rucashk.com\/pt\/wp-json\/wp\/v2\/media\/25023"}],"wp:attachment":[{"href":"https:\/\/www.rucashk.com\/pt\/wp-json\/wp\/v2\/media?parent=24925"}],"wp:term":[{"taxonomy":"product_brand","embeddable":true,"href":"https:\/\/www.rucashk.com\/pt\/wp-json\/wp\/v2\/product_brand?post=24925"},{"taxonomy":"product_cat","embeddable":true,"href":"https:\/\/www.rucashk.com\/pt\/wp-json\/wp\/v2\/product_cat?post=24925"},{"taxonomy":"product_tag","embeddable":true,"href":"https:\/\/www.rucashk.com\/pt\/wp-json\/wp\/v2\/product_tag?post=24925"}],"curies":[{"name":"wp","href":"https:\/\/api.w.org\/{rel}","templated":true}]}}