{"id":24898,"date":"2024-01-09T16:10:40","date_gmt":"2024-01-09T16:10:40","guid":{"rendered":"http:\/\/rucashk.com\/?post_type=product&#038;p=24898"},"modified":"2024-03-13T04:15:30","modified_gmt":"2024-03-13T04:15:30","slug":"redmi-airdots-2-bluetooth-earphone-global-wholesale","status":"publish","type":"product","link":"https:\/\/www.rucashk.com\/pt\/produto\/redmi-airdots-2-bluetooth-earphone-global-wholesale\/","title":{"rendered":"Redmi Airdots 2 fone de ouvido Bluetooth atacado global"},"content":{"rendered":"<h2 style=\"text-align: center\">\u00a0Redmi Airdots 2 <img fetchpriority=\"high\" decoding=\"async\" class=\"js-descLazyload lazy-loaded aligncenter\" src=\"\/wp-content\/uploads\/replace\/95c11050af6146f000e979b993d6a9bd.jpeg\" alt=\"Redmi Airdots 2 Global Wholesale\" width=\"950\" height=\"477\" data-lazy=\"\/wp-content\/uploads\/replace\/95c11050af6146f000e979b993d6a9bd.jpeg\" data-was-processed=\"true\" \/><img decoding=\"async\" class=\"js-descLazyload lazy-loaded alignnone\" src=\"\/wp-content\/uploads\/replace\/36bd9a9c074ba07436653f5a8b43525b.jpeg\" alt=\"Redmi Airdots 2 Global Wholesale\" width=\"950\" height=\"634\" data-lazy=\"\/wp-content\/uploads\/replace\/36bd9a9c074ba07436653f5a8b43525b.jpeg\" data-was-processed=\"true\" \/><\/h2>\n<p><img decoding=\"async\" class=\"js-descLazyload lazy-loaded alignnone\" src=\"\/wp-content\/uploads\/replace\/ef13fadb4db370b3f5d3684be9832f69.jpeg\" alt=\"Redmi Airdots 2 Global Wholesale\" width=\"940\" height=\"618\" data-lazy=\"\/wp-content\/uploads\/replace\/ef13fadb4db370b3f5d3684be9832f69.jpeg\" data-was-processed=\"true\" \/><\/p>\n<p><img loading=\"lazy\" decoding=\"async\" class=\"js-descLazyload lazy-loaded alignnone\" src=\"\/wp-content\/uploads\/replace\/74dbce2c1953443346addc33c9b9463a.jpeg\" alt=\"Redmi Airdots 2 Global Wholesale\" width=\"1000\" height=\"963\" data-lazy=\"\/wp-content\/uploads\/replace\/74dbce2c1953443346addc33c9b9463a.jpeg\" data-was-processed=\"true\" \/><\/p>\n<p><img loading=\"lazy\" decoding=\"async\" class=\"js-descLazyload lazy-loaded alignnone\" src=\"\/wp-content\/uploads\/replace\/5663cf3d8f61d1a05d869654e75205ad.jpeg\" alt=\"Redmi Airdots 2 Global Wholesale\" width=\"950\" height=\"501\" data-lazy=\"\/wp-content\/uploads\/replace\/5663cf3d8f61d1a05d869654e75205ad.jpeg\" data-was-processed=\"true\" \/><\/p>\n<p><img loading=\"lazy\" decoding=\"async\" class=\"js-descLazyload lazy-loaded alignnone\" src=\"\/wp-content\/uploads\/replace\/c7860f2a77f465c018ae50b6183440c1.jpeg\" alt=\"Redmi Airdots 2 Global Wholesale\" width=\"950\" height=\"501\" data-lazy=\"\/wp-content\/uploads\/replace\/c7860f2a77f465c018ae50b6183440c1.jpeg\" data-was-processed=\"true\" \/><\/p>\n<p><img loading=\"lazy\" decoding=\"async\" class=\"js-descLazyload lazy-loaded alignnone\" src=\"\/wp-content\/uploads\/replace\/dc965db6dacb981aa77ad6a3656a44bf.jpeg\" alt=\"Redmi Airdots 2 Global Wholesale\" width=\"950\" height=\"501\" data-lazy=\"\/wp-content\/uploads\/replace\/dc965db6dacb981aa77ad6a3656a44bf.jpeg\" data-was-processed=\"true\" \/><\/p>\n<p><img loading=\"lazy\" decoding=\"async\" class=\"js-descLazyload lazy-loaded alignnone\" src=\"\/wp-content\/uploads\/replace\/4e0888120a9526105a70b8e94095abc3.jpeg\" alt=\"Redmi Airdots 2 Global Wholesale\" width=\"950\" height=\"483\" data-lazy=\"\/wp-content\/uploads\/replace\/4e0888120a9526105a70b8e94095abc3.jpeg\" data-was-processed=\"true\" \/><\/p>\n<p><img loading=\"lazy\" decoding=\"async\" class=\"js-descLazyload lazy-loaded alignnone\" src=\"\/wp-content\/uploads\/replace\/282f60fc2348a1a20c8f0674053035a5.jpeg\" alt=\"Redmi Airdots 2 Global Wholesale\" width=\"1080\" height=\"1188\" data-lazy=\"\/wp-content\/uploads\/replace\/282f60fc2348a1a20c8f0674053035a5.jpeg\" data-was-processed=\"true\" \/><\/p>\n<p><img loading=\"lazy\" decoding=\"async\" class=\"js-descLazyload lazy-loaded alignnone\" src=\"\/wp-content\/uploads\/replace\/8203c5ed7bbcf526b6082f65535d1682.jpeg\" alt=\"Redmi Airdots 2 Global Wholesale\" width=\"1080\" height=\"1188\" data-lazy=\"\/wp-content\/uploads\/replace\/8203c5ed7bbcf526b6082f65535d1682.jpeg\" data-was-processed=\"true\" \/><\/p>\n<p>&nbsp;<\/p>\n<p><strong>Especifica\u00e7\u00e3o<\/strong><br \/>\nModelo Redmi Airdots 2<br \/>\nConex\u00e3o sem fio Bluetooth 5.0<br \/>\nDist\u00e2ncia de comunica\u00e7\u00e3o 10 metros (ambiente aberto acess\u00edvel)<br \/>\nCapacidade da bateria do fone de ouvido \u00fanico 40mAh<br \/>\nCapacidade da bateria da caixa de carregamento 300mAh<br \/>\nTempo de carregamento do fone de ouvido cerca de 1,5 horas<br \/>\nTempo de carregamento da caixa de carregamento cerca de 2 horas<br \/>\nO peso l\u00edquido de um \u00fanico fone de ouvido \u00e9 de cerca de 4,1g<\/p>\n<p>Dicas: Redmi Airdots 2 projetado n\u00e3o tem carregador ou cabo na caixa<\/p>","protected":false},"excerpt":{"rendered":"<p class=\"sizeDescTitle\"><strong>Caracter\u00edstica principal<\/strong><\/p>\n<div class=\"sizeDescTable\">\n<div class=\"sizeDescCate topBorder\">\n<div class=\"sizeDescCateContent\">Conectividade: Sem fio<\/div>\n<\/div>\n<\/div>\n<div class=\"sizeDescTable\">\n<div class=\"sizeDescCate\">\n<div class=\"sizeDescCateContent\">Bluetooth: V5.0<\/div>\n<\/div>\n<\/div>\n<div class=\"sizeDescTable\">\n<div class=\"sizeDescCate\">\n<div class=\"sizeDescCateContent\">RecursosAtivo: Cancelamento de ru\u00eddo<\/div>\n<div class=\"sizeDescCateContent\">Vestindo: typeIn-Ear<\/div>\n<\/div>\n<\/div>\n<div class=\"sizeDescTable\">\n<div class=\"sizeDescCate\">\n<div class=\"sizeDescCateContent\">Com Modem: Fun\u00e7\u00e3o Cancelamento de Ru\u00eddo<\/div>\n<\/div>\n<\/div>\n<div class=\"sizeDescTable\">\n<div class=\"sizeDescCate\">\n<div class=\"sizeDescCateContent\">Produto: ModeloRedmi AirDots 2 TWS<\/div>\n<\/div>\n<\/div>\n<div class=\"sizeDescTable\">\n<div class=\"sizeDescCate\">\n<div class=\"sizeDescCateContent\">Tipo de driver: Din\u00e2mico<\/div>\n<\/div>\n<\/div>","protected":false},"featured_media":25018,"template":"","meta":[],"product_brand":[],"product_cat":[1306,1305],"product_tag":[500],"class_list":{"0":"post-24898","1":"product","2":"type-product","3":"status-publish","4":"has-post-thumbnail","6":"product_cat-mi-redmi-earphone","7":"product_cat-xiaomi-eco","8":"product_tag-redmi","10":"first","11":"instock","12":"shipping-taxable","13":"product-type-external"},"aioseo_notices":[],"aioseo_head":"\n\t\t<!-- All in One SEO Pro 4.5.9.2 - aioseo.com -->\n\t\t<meta name=\"description\" content=\"Main Feature Connectivity: Wireless Bluetooth: V5.0 FeaturesActive: Noise-cancelling Wearing: typeIn-Ear With Modem: FunctionNoise Cancelling Product: ModelRedmi AirDots 2 TWS Driver type: Dynamic\" \/>\n\t\t<meta name=\"robots\" content=\"max-image-preview:large\" \/>\n\t\t<link rel=\"canonical\" href=\"https:\/\/www.rucashk.com\/pt\/produto\/redmi-airdots-2-bluetooth-earphone-global-wholesale\/\" \/>\n\t\t<meta name=\"generator\" content=\"All in One SEO Pro (AIOSEO) 4.5.9.2\" \/>\n\t\t<meta property=\"og:locale\" content=\"pt_PT\" \/>\n\t\t<meta property=\"og:site_name\" content=\"Rucas - One-stop AIoT Distribution Worldwide\" \/>\n\t\t<meta property=\"og:type\" content=\"article\" \/>\n\t\t<meta property=\"og:title\" content=\"Redmi Airdots 2 Bluetooth Earphone Global Wholesale - Rucas - Wholesale and Distribution\" \/>\n\t\t<meta property=\"og:description\" content=\"Main Feature Connectivity: Wireless Bluetooth: V5.0 FeaturesActive: Noise-cancelling Wearing: typeIn-Ear With Modem: FunctionNoise Cancelling Product: ModelRedmi AirDots 2 TWS Driver type: Dynamic\" \/>\n\t\t<meta property=\"og:url\" content=\"https:\/\/www.rucashk.com\/pt\/produto\/redmi-airdots-2-bluetooth-earphone-global-wholesale\/\" \/>\n\t\t<meta property=\"og:image\" content=\"https:\/\/www.rucashk.com\/wp-content\/uploads\/replace\/503b8e645f128a97ccde2b6290747646.jpeg\" \/>\n\t\t<meta property=\"og:image:secure_url\" content=\"https:\/\/www.rucashk.com\/wp-content\/uploads\/replace\/503b8e645f128a97ccde2b6290747646.jpeg\" \/>\n\t\t<meta property=\"og:image:width\" content=\"1456\" \/>\n\t\t<meta property=\"og:image:height\" content=\"816\" \/>\n\t\t<meta property=\"article:published_time\" content=\"2024-01-09T16:10:40+00:00\" \/>\n\t\t<meta property=\"article:modified_time\" content=\"2024-03-13T04:15:30+00:00\" \/>\n\t\t<meta name=\"twitter:card\" content=\"summary_large_image\" \/>\n\t\t<meta name=\"twitter:title\" content=\"Redmi Airdots 2 Bluetooth Earphone Global Wholesale - Rucas - Wholesale and Distribution\" \/>\n\t\t<meta name=\"twitter:description\" content=\"Main Feature Connectivity: Wireless Bluetooth: V5.0 FeaturesActive: Noise-cancelling Wearing: typeIn-Ear With Modem: FunctionNoise Cancelling Product: ModelRedmi AirDots 2 TWS Driver type: Dynamic\" \/>\n\t\t<meta name=\"twitter:image\" content=\"https:\/\/www.rucashk.com\/wp-content\/uploads\/replace\/503b8e645f128a97ccde2b6290747646.jpeg\" \/>\n\t\t<script type=\"application\/ld+json\" class=\"aioseo-schema\">\n\t\t\t{\"@context\":\"https:\\\/\\\/schema.org\",\"@graph\":[{\"@type\":\"BreadcrumbList\",\"@id\":\"https:\\\/\\\/www.rucashk.com\\\/pt\\\/produto\\\/redmi-airdots-2-bluetooth-earphone-global-wholesale\\\/#breadcrumblist\",\"itemListElement\":[{\"@type\":\"ListItem\",\"@id\":\"https:\\\/\\\/www.rucashk.com\\\/pt\\\/#listItem\",\"position\":1,\"name\":\"Home\",\"item\":\"https:\\\/\\\/www.rucashk.com\\\/pt\\\/\",\"nextItem\":\"https:\\\/\\\/www.rucashk.com\\\/pt\\\/produto\\\/redmi-airdots-2-bluetooth-earphone-global-wholesale\\\/#listItem\"},{\"@type\":\"ListItem\",\"@id\":\"https:\\\/\\\/www.rucashk.com\\\/pt\\\/produto\\\/redmi-airdots-2-bluetooth-earphone-global-wholesale\\\/#listItem\",\"position\":2,\"name\":\"Redmi Airdots 2 Bluetooth Earphone Global Wholesale\",\"previousItem\":\"https:\\\/\\\/www.rucashk.com\\\/pt\\\/#listItem\"}]},{\"@type\":\"Organization\",\"@id\":\"https:\\\/\\\/www.rucashk.com\\\/pt\\\/#organization\",\"name\":\"Rucas\",\"url\":\"https:\\\/\\\/www.rucashk.com\\\/pt\\\/\",\"logo\":{\"@type\":\"ImageObject\",\"url\":\"https:\\\/\\\/www.rucashk.com\\\/wp-content\\\/uploads\\\/2023\\\/12\\\/Rucas_campany_logo.png\",\"@id\":\"https:\\\/\\\/www.rucashk.com\\\/pt\\\/produto\\\/redmi-airdots-2-bluetooth-earphone-global-wholesale\\\/#organizationLogo\",\"width\":221,\"height\":65},\"image\":{\"@id\":\"https:\\\/\\\/www.rucashk.com\\\/pt\\\/#organizationLogo\"}},{\"@type\":\"Person\",\"@id\":\"https:\\\/\\\/www.rucashk.com\\\/pt\\\/author\\\/admin\\\/#author\",\"url\":\"https:\\\/\\\/www.rucashk.com\\\/pt\\\/author\\\/admin\\\/\",\"name\":\"admin\",\"image\":{\"@type\":\"ImageObject\",\"@id\":\"https:\\\/\\\/www.rucashk.com\\\/pt\\\/produto\\\/redmi-airdots-2-bluetooth-earphone-global-wholesale\\\/#authorImage\",\"url\":\"https:\\\/\\\/secure.gravatar.com\\\/avatar\\\/b7c8925b09a27e72b30232f8ecaadbd5af0f70a38c78096863fe51b64f031c24?s=96&d=mm&r=g\",\"width\":96,\"height\":96,\"caption\":\"admin\"}},{\"@type\":\"WebPage\",\"@id\":\"https:\\\/\\\/www.rucashk.com\\\/pt\\\/produto\\\/redmi-airdots-2-bluetooth-earphone-global-wholesale\\\/#webpage\",\"url\":\"https:\\\/\\\/www.rucashk.com\\\/pt\\\/produto\\\/redmi-airdots-2-bluetooth-earphone-global-wholesale\\\/\",\"name\":\"Redmi Airdots 2 Bluetooth Earphone Global Wholesale - Rucas - Wholesale and Distribution\",\"description\":\"Main Feature Connectivity: Wireless Bluetooth: V5.0 FeaturesActive: Noise-cancelling Wearing: typeIn-Ear With Modem: FunctionNoise Cancelling Product: ModelRedmi AirDots 2 TWS Driver type: Dynamic\",\"inLanguage\":\"pt-PT\",\"isPartOf\":{\"@id\":\"https:\\\/\\\/www.rucashk.com\\\/pt\\\/#website\"},\"breadcrumb\":{\"@id\":\"https:\\\/\\\/www.rucashk.com\\\/pt\\\/produto\\\/redmi-airdots-2-bluetooth-earphone-global-wholesale\\\/#breadcrumblist\"},\"author\":{\"@id\":\"https:\\\/\\\/www.rucashk.com\\\/pt\\\/author\\\/admin\\\/#author\"},\"creator\":{\"@id\":\"https:\\\/\\\/www.rucashk.com\\\/pt\\\/author\\\/admin\\\/#author\"},\"image\":{\"@type\":\"ImageObject\",\"url\":\"https:\\\/\\\/www.rucashk.com\\\/wp-content\\\/uploads\\\/2024\\\/01\\\/pms_1594807763.78483029.jpg\",\"@id\":\"https:\\\/\\\/www.rucashk.com\\\/pt\\\/produto\\\/redmi-airdots-2-bluetooth-earphone-global-wholesale\\\/#mainImage\",\"width\":800,\"height\":800},\"primaryImageOfPage\":{\"@id\":\"https:\\\/\\\/www.rucashk.com\\\/pt\\\/produto\\\/redmi-airdots-2-bluetooth-earphone-global-wholesale\\\/#mainImage\"},\"datePublished\":\"2024-01-09T16:10:40+00:00\",\"dateModified\":\"2024-03-13T04:15:30+00:00\"},{\"@type\":\"WebSite\",\"@id\":\"https:\\\/\\\/www.rucashk.com\\\/pt\\\/#website\",\"url\":\"https:\\\/\\\/www.rucashk.com\\\/pt\\\/\",\"name\":\"Rucas - Wholesale and distribution worldwide\",\"alternateName\":\"Rucas - One-stop AIoT Distribution Worldwide\",\"description\":\"One-stop AIoT Distribution Worldwide\",\"inLanguage\":\"pt-PT\",\"publisher\":{\"@id\":\"https:\\\/\\\/www.rucashk.com\\\/pt\\\/#organization\"}}]}\n\t\t<\/script>\n\t\t<!-- All in One SEO Pro -->\r\n\t\t<title>Redmi Airdots 2 Bluetooth Earphone Global Wholesale - Rucas - Wholesale and Distribution<\/title>\n\n","aioseo_head_json":{"title":"Redmi Airdots 2 Bluetooth Earphone Global Wholesale - Rucas - Wholesale and Distribution","description":"Main Feature Connectivity: Wireless Bluetooth: V5.0 FeaturesActive: Noise-cancelling Wearing: typeIn-Ear With Modem: FunctionNoise Cancelling Product: ModelRedmi AirDots 2 TWS Driver type: Dynamic","canonical_url":"https:\/\/www.rucashk.com\/pt\/produto\/redmi-airdots-2-bluetooth-earphone-global-wholesale\/","robots":"max-image-preview:large","keywords":"","webmasterTools":{"miscellaneous":""},"og:locale":"pt_PT","og:site_name":"Rucas - One-stop AIoT Distribution Worldwide","og:type":"article","og:title":"Redmi Airdots 2 Bluetooth Earphone Global Wholesale - Rucas - Wholesale and Distribution","og:description":"Main Feature Connectivity: Wireless Bluetooth: V5.0 FeaturesActive: Noise-cancelling Wearing: typeIn-Ear With Modem: FunctionNoise Cancelling Product: ModelRedmi AirDots 2 TWS Driver type: Dynamic","og:url":"https:\/\/www.rucashk.com\/pt\/produto\/redmi-airdots-2-bluetooth-earphone-global-wholesale\/","og:image":"https:\/\/www.rucashk.com\/wp-content\/uploads\/replace\/503b8e645f128a97ccde2b6290747646.jpeg","og:image:secure_url":"https:\/\/www.rucashk.com\/wp-content\/uploads\/replace\/503b8e645f128a97ccde2b6290747646.jpeg","og:image:width":1456,"og:image:height":816,"article:published_time":"2024-01-09T16:10:40+00:00","article:modified_time":"2024-03-13T04:15:30+00:00","twitter:card":"summary_large_image","twitter:title":"Redmi Airdots 2 Bluetooth Earphone Global Wholesale - Rucas - Wholesale and Distribution","twitter:description":"Main Feature Connectivity: Wireless Bluetooth: V5.0 FeaturesActive: Noise-cancelling Wearing: typeIn-Ear With Modem: FunctionNoise Cancelling Product: ModelRedmi AirDots 2 TWS Driver type: Dynamic","twitter:image":"https:\/\/www.rucashk.com\/wp-content\/uploads\/replace\/503b8e645f128a97ccde2b6290747646.jpeg","schema":{"@context":"https:\/\/schema.org","@graph":[{"@type":"BreadcrumbList","@id":"https:\/\/www.rucashk.com\/pt\/produto\/redmi-airdots-2-bluetooth-earphone-global-wholesale\/#breadcrumblist","itemListElement":[{"@type":"ListItem","@id":"https:\/\/www.rucashk.com\/pt\/#listItem","position":1,"name":"Home","item":"https:\/\/www.rucashk.com\/pt\/","nextItem":"https:\/\/www.rucashk.com\/pt\/produto\/redmi-airdots-2-bluetooth-earphone-global-wholesale\/#listItem"},{"@type":"ListItem","@id":"https:\/\/www.rucashk.com\/pt\/produto\/redmi-airdots-2-bluetooth-earphone-global-wholesale\/#listItem","position":2,"name":"Redmi Airdots 2 Bluetooth Earphone Global Wholesale","previousItem":"https:\/\/www.rucashk.com\/pt\/#listItem"}]},{"@type":"Organization","@id":"https:\/\/www.rucashk.com\/pt\/#organization","name":"Rucas","url":"https:\/\/www.rucashk.com\/pt\/","logo":{"@type":"ImageObject","url":"https:\/\/www.rucashk.com\/wp-content\/uploads\/2023\/12\/Rucas_campany_logo.png","@id":"https:\/\/www.rucashk.com\/pt\/produto\/redmi-airdots-2-bluetooth-earphone-global-wholesale\/#organizationLogo","width":221,"height":65},"image":{"@id":"https:\/\/www.rucashk.com\/pt\/#organizationLogo"}},{"@type":"Person","@id":"https:\/\/www.rucashk.com\/pt\/author\/admin\/#author","url":"https:\/\/www.rucashk.com\/pt\/author\/admin\/","name":"admin","image":{"@type":"ImageObject","@id":"https:\/\/www.rucashk.com\/pt\/produto\/redmi-airdots-2-bluetooth-earphone-global-wholesale\/#authorImage","url":"https:\/\/secure.gravatar.com\/avatar\/b7c8925b09a27e72b30232f8ecaadbd5af0f70a38c78096863fe51b64f031c24?s=96&d=mm&r=g","width":96,"height":96,"caption":"admin"}},{"@type":"WebPage","@id":"https:\/\/www.rucashk.com\/pt\/produto\/redmi-airdots-2-bluetooth-earphone-global-wholesale\/#webpage","url":"https:\/\/www.rucashk.com\/pt\/produto\/redmi-airdots-2-bluetooth-earphone-global-wholesale\/","name":"Redmi Airdots 2 Bluetooth Earphone Global Wholesale - Rucas - Wholesale and Distribution","description":"Main Feature Connectivity: Wireless Bluetooth: V5.0 FeaturesActive: Noise-cancelling Wearing: typeIn-Ear With Modem: FunctionNoise Cancelling Product: ModelRedmi AirDots 2 TWS Driver type: Dynamic","inLanguage":"pt-PT","isPartOf":{"@id":"https:\/\/www.rucashk.com\/pt\/#website"},"breadcrumb":{"@id":"https:\/\/www.rucashk.com\/pt\/produto\/redmi-airdots-2-bluetooth-earphone-global-wholesale\/#breadcrumblist"},"author":{"@id":"https:\/\/www.rucashk.com\/pt\/author\/admin\/#author"},"creator":{"@id":"https:\/\/www.rucashk.com\/pt\/author\/admin\/#author"},"image":{"@type":"ImageObject","url":"https:\/\/www.rucashk.com\/wp-content\/uploads\/2024\/01\/pms_1594807763.78483029.jpg","@id":"https:\/\/www.rucashk.com\/pt\/produto\/redmi-airdots-2-bluetooth-earphone-global-wholesale\/#mainImage","width":800,"height":800},"primaryImageOfPage":{"@id":"https:\/\/www.rucashk.com\/pt\/produto\/redmi-airdots-2-bluetooth-earphone-global-wholesale\/#mainImage"},"datePublished":"2024-01-09T16:10:40+00:00","dateModified":"2024-03-13T04:15:30+00:00"},{"@type":"WebSite","@id":"https:\/\/www.rucashk.com\/pt\/#website","url":"https:\/\/www.rucashk.com\/pt\/","name":"Rucas - Wholesale and distribution worldwide","alternateName":"Rucas - One-stop AIoT Distribution Worldwide","description":"One-stop AIoT Distribution Worldwide","inLanguage":"pt-PT","publisher":{"@id":"https:\/\/www.rucashk.com\/pt\/#organization"}}]}},"aioseo_meta_data":{"post_id":"24898","title":null,"description":null,"keywords":null,"keyphrases":null,"primary_term":null,"canonical_url":null,"og_title":null,"og_description":null,"og_object_type":"default","og_image_type":"default","og_image_url":null,"og_image_width":null,"og_image_height":null,"og_image_custom_url":null,"og_image_custom_fields":null,"og_video":null,"og_custom_url":null,"og_article_section":null,"og_article_tags":null,"twitter_use_og":false,"twitter_card":"default","twitter_image_type":"default","twitter_image_url":null,"twitter_image_custom_url":null,"twitter_image_custom_fields":null,"twitter_title":null,"twitter_description":null,"schema":{"blockGraphs":[],"customGraphs":[],"default":{"data":{"Article":[],"Course":[],"Dataset":[],"FAQPage":[],"Movie":[],"Person":[],"Product":[],"Recipe":[],"Service":[],"SoftwareApplication":[],"WebPage":[]},"graphName":"","isEnabled":true},"graphs":[]},"schema_type":"default","schema_type_options":null,"pillar_content":false,"robots_default":true,"robots_noindex":false,"robots_noarchive":false,"robots_nosnippet":false,"robots_nofollow":false,"robots_noimageindex":false,"robots_noodp":false,"robots_notranslate":false,"robots_max_snippet":null,"robots_max_videopreview":null,"robots_max_imagepreview":"large","priority":null,"frequency":null,"local_seo":null,"breadcrumb_settings":null,"limit_modified_date":false,"created":"2024-04-11 01:57:15","updated":"2025-06-22 17:43:20"},"aioseo_breadcrumb":"<div class=\"aioseo-breadcrumbs\"><span class=\"aioseo-breadcrumb\">\n\t<a href=\"https:\/\/www.rucashk.com\/pt\" title=\"Home\">Home<\/a>\n<\/span><span class=\"aioseo-breadcrumb-separator\">&raquo;<\/span><span class=\"aioseo-breadcrumb\">\n\t<a href=\"https:\/\/www.rucashk.com\/pt\/products\/\" title=\"Produtos\">Produtos<\/a>\n<\/span><span class=\"aioseo-breadcrumb-separator\">&raquo;<\/span><span class=\"aioseo-breadcrumb\">\n\t<a href=\"https:\/\/www.rucashk.com\/pt\/categoria-produto\/xiaomi-eco\/\" title=\"Xiaomi Eco\">Xiaomi Eco<\/a>\n<\/span><span class=\"aioseo-breadcrumb-separator\">&raquo;<\/span><span class=\"aioseo-breadcrumb\">\n\t<a href=\"https:\/\/www.rucashk.com\/pt\/categoria-produto\/xiaomi-eco\/mi-redmi-earphone\/\" title=\"Mi Redmi Earphone\">Mi Redmi Earphone<\/a>\n<\/span><span class=\"aioseo-breadcrumb-separator\">&raquo;<\/span><span class=\"aioseo-breadcrumb\">\n\tRedmi Airdots 2 Bluetooth Earphone Global Wholesale\n<\/span><\/div>","aioseo_breadcrumb_json":[{"label":"Home","link":"https:\/\/www.rucashk.com\/pt"},{"label":"Produtos","link":"https:\/\/www.rucashk.com\/pt\/products\/"},{"label":"Xiaomi Eco","link":"https:\/\/www.rucashk.com\/pt\/categoria-produto\/xiaomi-eco\/"},{"label":"Mi Redmi Earphone","link":"https:\/\/www.rucashk.com\/pt\/categoria-produto\/xiaomi-eco\/mi-redmi-earphone\/"},{"label":"Redmi Airdots 2 Bluetooth Earphone Global Wholesale","link":"https:\/\/www.rucashk.com\/pt\/produto\/redmi-airdots-2-bluetooth-earphone-global-wholesale\/"}],"_links":{"self":[{"href":"https:\/\/www.rucashk.com\/pt\/wp-json\/wp\/v2\/product\/24898","targetHints":{"allow":["GET"]}}],"collection":[{"href":"https:\/\/www.rucashk.com\/pt\/wp-json\/wp\/v2\/product"}],"about":[{"href":"https:\/\/www.rucashk.com\/pt\/wp-json\/wp\/v2\/types\/product"}],"wp:featuredmedia":[{"embeddable":true,"href":"https:\/\/www.rucashk.com\/pt\/wp-json\/wp\/v2\/media\/25018"}],"wp:attachment":[{"href":"https:\/\/www.rucashk.com\/pt\/wp-json\/wp\/v2\/media?parent=24898"}],"wp:term":[{"taxonomy":"product_brand","embeddable":true,"href":"https:\/\/www.rucashk.com\/pt\/wp-json\/wp\/v2\/product_brand?post=24898"},{"taxonomy":"product_cat","embeddable":true,"href":"https:\/\/www.rucashk.com\/pt\/wp-json\/wp\/v2\/product_cat?post=24898"},{"taxonomy":"product_tag","embeddable":true,"href":"https:\/\/www.rucashk.com\/pt\/wp-json\/wp\/v2\/product_tag?post=24898"}],"curies":[{"name":"wp","href":"https:\/\/api.w.org\/{rel}","templated":true}]}}