{"id":24863,"date":"2024-01-09T16:10:17","date_gmt":"2024-01-09T16:10:17","guid":{"rendered":"http:\/\/rucashk.com\/?post_type=product&#038;p=24863"},"modified":"2024-03-13T04:16:38","modified_gmt":"2024-03-13T04:16:38","slug":"70mai-a800-dash-cam-wholesale","status":"publish","type":"product","link":"https:\/\/www.rucashk.com\/pt\/produto\/70mai-a800-dash-cam-wholesale\/","title":{"rendered":"70mai A800 Dash Cam atacado"},"content":{"rendered":"<h2 style=\"text-align: center\">C\u00e2mera de tra\u00e7o 70mai A800<\/h2>\n<p>70mai A800 \u00e9 um DVR automotivo que oferece imagens com qualidade de cinema dia e noite (resolu\u00e7\u00e3o de at\u00e9 4k) em vis\u00e3o dupla.<br \/>\nEst\u00e1 equipado com a tecnologia l\u00edder ADAS (Advanced Driving Assistant System) que aumenta a sua seguran\u00e7a ao dirigir.<br \/>\nQuando o ve\u00edculo estiver estacionado, o modo de estacionamento monitorar\u00e1 os arredores do carro e iniciar\u00e1 automaticamente a grava\u00e7\u00e3o se alguma colis\u00e3o for detectada.<br \/>\nAs grava\u00e7\u00f5es s\u00e3o armazenadas localmente e podem ser visualizadas no aplicativo para download no local e compartilhamento instant\u00e2neo.<\/p>\n<p style=\"text-align: left\"><img fetchpriority=\"high\" decoding=\"async\" class=\"alignnone wp-image-23023 size-full\" src=\"\/wp-content\/uploads\/replace\/9e2e70ffbb848451d59b02214ac716c6.png\" alt=\"70mai A800 Dash Cam Wholesale\" width=\"2560\" height=\"1440\" \/> <img decoding=\"async\" class=\"alignnone wp-image-23024 size-full\" src=\"\/wp-content\/uploads\/replace\/570f46140670817e457ccc10e85f58f2.png\" alt=\"70mai A800 Dash Cam Wholesale\" width=\"2560\" height=\"1440\" \/> <img decoding=\"async\" class=\"alignnone wp-image-23025 size-full\" src=\"\/wp-content\/uploads\/replace\/dc98afac4da3d160d0e6fb8d42599376.png\" alt=\"70mai A800 Dash Cam Wholesale\" width=\"2560\" height=\"1440\" \/> <img loading=\"lazy\" decoding=\"async\" class=\"alignnone wp-image-23026 size-full\" src=\"\/wp-content\/uploads\/replace\/5ea061a5b67ece369a5b252f27acc063.png\" alt=\"70mai A800 Dash Cam Wholesale\" width=\"2560\" height=\"1440\" \/> <img loading=\"lazy\" decoding=\"async\" class=\"alignnone wp-image-23027 size-full\" src=\"\/wp-content\/uploads\/replace\/80a9a1bed95b3c8fe8f5fecc7872cfcb.png\" alt=\"70mai A800 Dash Cam Wholesale\" width=\"2560\" height=\"1440\" \/> <img loading=\"lazy\" decoding=\"async\" class=\"alignnone wp-image-23028 size-full\" src=\"\/wp-content\/uploads\/replace\/d507733090e365dc1146a98cae71e747.png\" alt=\"A70mai A800 Dash Cam Wholesale\" width=\"2560\" height=\"1440\" \/> <img loading=\"lazy\" decoding=\"async\" class=\"alignnone wp-image-23029 size-full\" src=\"\/wp-content\/uploads\/replace\/c6a09e2c5a06af6a1a9a08b77592204d.png\" alt=\"70mai A800 Dash Cam Wholesale\" width=\"2560\" height=\"1440\" \/> <img loading=\"lazy\" decoding=\"async\" class=\"alignnone size-full wp-image-23030\" src=\"\/wp-content\/uploads\/replace\/6b4407ba8990a79df15cd47e927b1a77.png\" alt=\"70mai A800 Dash Cam Wholesale\" width=\"2560\" height=\"1440\" \/> <img loading=\"lazy\" decoding=\"async\" class=\"alignnone wp-image-23031 size-full\" src=\"\/wp-content\/uploads\/replace\/2e33eddf81b607a98f7c0576261ff409.png\" alt=\"70mai A800 Dash Cam Wholesale\" width=\"2560\" height=\"1440\" \/> <img loading=\"lazy\" decoding=\"async\" class=\"alignnone wp-image-23032 size-full\" src=\"\/wp-content\/uploads\/replace\/2334c78fb4fc7e3970aad0a1bacbc538.png\" alt=\"70mai A800 Dash Cam Wholesale\" width=\"2560\" height=\"1440\" \/> <img loading=\"lazy\" decoding=\"async\" class=\"alignnone wp-image-23033 size-full\" src=\"\/wp-content\/uploads\/replace\/26587ce13d047b699c781c06fdae7dd8.png\" alt=\"70mai A800 Dash Cam Wholesale\" width=\"2560\" height=\"1440\" \/> <img loading=\"lazy\" decoding=\"async\" class=\"alignnone wp-image-23034 size-full\" src=\"\/wp-content\/uploads\/replace\/1ac2d8e9cbac1f60c287416304189768.png\" alt=\"70mai A800 Dash Cam Wholesale\" width=\"2560\" height=\"1440\" \/> Itens inclu\u00eddos:<br \/>\n70mai A800<br \/>\nKit de instala\u00e7\u00e3o<br \/>\nCabo de energia<br \/>\nManual do usu\u00e1rio<br \/>\nAdaptador de energia<br \/>\nC\u00e2mera traseira RC06<\/p>","protected":false},"excerpt":{"rendered":"<p><strong>Principais caracter\u00edsticas:<\/strong><\/p>\n<p>70mai A800 \u00e9 um DVR para carro que oferece cinema dia e noite<\/p>\n<p>Est\u00e1 equipado com a tecnologia l\u00edder ADAS (Advanced Driving Assistant System)<\/p>\n<p>O modo de estacionamento monitorar\u00e1 os arredores do carro e iniciar\u00e1 automaticamente a grava\u00e7\u00e3o se alguma colis\u00e3o for detectada.<\/p>\n<p>As grava\u00e7\u00f5es s\u00e3o armazenadas localmente e podem ser visualizadas no aplicativo para download no local e compartilhamento instant\u00e2neo.<\/p>","protected":false},"featured_media":24969,"template":"","meta":[],"product_brand":[],"product_cat":[1289,1288],"product_tag":[458,459],"class_list":{"0":"post-24863","1":"product","2":"type-product","3":"status-publish","4":"has-post-thumbnail","6":"product_cat-dash-camera","7":"product_cat-e-vehicle-accessories","8":"product_tag-70mai","9":"product_tag-dash-cam","11":"first","12":"instock","13":"shipping-taxable","14":"product-type-external"},"aioseo_notices":[],"aioseo_head":"\n\t\t<!-- All in One SEO Pro 4.5.9.2 - aioseo.com -->\n\t\t<meta name=\"description\" content=\"Main Features: 70mai A800 is an in-car DVR that delivers day-and-night cinema It\u2019s equipped with the leading ADAS (Advanced Driving Assistant System) tech The parking mode will monitor the car\u2019s surroundings and automatically start recording if any collision is detected. Recordings are stored locally and can be viewed in-app for on-site download and instant sharing.\" \/>\n\t\t<meta name=\"robots\" content=\"max-image-preview:large\" \/>\n\t\t<link rel=\"canonical\" href=\"https:\/\/www.rucashk.com\/pt\/produto\/70mai-a800-dash-cam-wholesale\/\" \/>\n\t\t<meta name=\"generator\" content=\"All in One SEO Pro (AIOSEO) 4.5.9.2\" \/>\n\t\t<meta property=\"og:locale\" content=\"pt_PT\" \/>\n\t\t<meta property=\"og:site_name\" content=\"Rucas - One-stop AIoT Distribution Worldwide\" \/>\n\t\t<meta property=\"og:type\" content=\"article\" \/>\n\t\t<meta property=\"og:title\" content=\"70mai A800 Dash Cam Wholesale - Rucas - Wholesale and Distribution\" \/>\n\t\t<meta property=\"og:description\" content=\"Main Features: 70mai A800 is an in-car DVR that delivers day-and-night cinema It\u2019s equipped with the leading ADAS (Advanced Driving Assistant System) tech The parking mode will monitor the car\u2019s surroundings and automatically start recording if any collision is detected. Recordings are stored locally and can be viewed in-app for on-site download and instant sharing.\" \/>\n\t\t<meta property=\"og:url\" content=\"https:\/\/www.rucashk.com\/pt\/produto\/70mai-a800-dash-cam-wholesale\/\" \/>\n\t\t<meta property=\"og:image\" content=\"https:\/\/www.rucashk.com\/wp-content\/uploads\/replace\/503b8e645f128a97ccde2b6290747646.jpeg\" \/>\n\t\t<meta property=\"og:image:secure_url\" content=\"https:\/\/www.rucashk.com\/wp-content\/uploads\/replace\/503b8e645f128a97ccde2b6290747646.jpeg\" \/>\n\t\t<meta property=\"og:image:width\" content=\"1456\" \/>\n\t\t<meta property=\"og:image:height\" content=\"816\" \/>\n\t\t<meta property=\"article:published_time\" content=\"2024-01-09T16:10:17+00:00\" \/>\n\t\t<meta property=\"article:modified_time\" content=\"2024-03-13T04:16:38+00:00\" \/>\n\t\t<meta name=\"twitter:card\" content=\"summary_large_image\" \/>\n\t\t<meta name=\"twitter:title\" content=\"70mai A800 Dash Cam Wholesale - Rucas - Wholesale and Distribution\" \/>\n\t\t<meta name=\"twitter:description\" content=\"Main Features: 70mai A800 is an in-car DVR that delivers day-and-night cinema It\u2019s equipped with the leading ADAS (Advanced Driving Assistant System) tech The parking mode will monitor the car\u2019s surroundings and automatically start recording if any collision is detected. Recordings are stored locally and can be viewed in-app for on-site download and instant sharing.\" \/>\n\t\t<meta name=\"twitter:image\" content=\"https:\/\/www.rucashk.com\/wp-content\/uploads\/replace\/503b8e645f128a97ccde2b6290747646.jpeg\" \/>\n\t\t<script type=\"application\/ld+json\" class=\"aioseo-schema\">\n\t\t\t{\"@context\":\"https:\\\/\\\/schema.org\",\"@graph\":[{\"@type\":\"BreadcrumbList\",\"@id\":\"https:\\\/\\\/www.rucashk.com\\\/pt\\\/produto\\\/70mai-a800-dash-cam-wholesale\\\/#breadcrumblist\",\"itemListElement\":[{\"@type\":\"ListItem\",\"@id\":\"https:\\\/\\\/www.rucashk.com\\\/pt\\\/#listItem\",\"position\":1,\"name\":\"Home\",\"item\":\"https:\\\/\\\/www.rucashk.com\\\/pt\\\/\",\"nextItem\":\"https:\\\/\\\/www.rucashk.com\\\/pt\\\/produto\\\/70mai-a800-dash-cam-wholesale\\\/#listItem\"},{\"@type\":\"ListItem\",\"@id\":\"https:\\\/\\\/www.rucashk.com\\\/pt\\\/produto\\\/70mai-a800-dash-cam-wholesale\\\/#listItem\",\"position\":2,\"name\":\"70mai A800 Dash Cam Wholesale\",\"previousItem\":\"https:\\\/\\\/www.rucashk.com\\\/pt\\\/#listItem\"}]},{\"@type\":\"Organization\",\"@id\":\"https:\\\/\\\/www.rucashk.com\\\/pt\\\/#organization\",\"name\":\"Rucas\",\"url\":\"https:\\\/\\\/www.rucashk.com\\\/pt\\\/\",\"logo\":{\"@type\":\"ImageObject\",\"url\":\"https:\\\/\\\/www.rucashk.com\\\/wp-content\\\/uploads\\\/2023\\\/12\\\/Rucas_campany_logo.png\",\"@id\":\"https:\\\/\\\/www.rucashk.com\\\/pt\\\/produto\\\/70mai-a800-dash-cam-wholesale\\\/#organizationLogo\",\"width\":221,\"height\":65},\"image\":{\"@id\":\"https:\\\/\\\/www.rucashk.com\\\/pt\\\/#organizationLogo\"}},{\"@type\":\"Person\",\"@id\":\"https:\\\/\\\/www.rucashk.com\\\/pt\\\/author\\\/admin\\\/#author\",\"url\":\"https:\\\/\\\/www.rucashk.com\\\/pt\\\/author\\\/admin\\\/\",\"name\":\"admin\",\"image\":{\"@type\":\"ImageObject\",\"@id\":\"https:\\\/\\\/www.rucashk.com\\\/pt\\\/produto\\\/70mai-a800-dash-cam-wholesale\\\/#authorImage\",\"url\":\"https:\\\/\\\/secure.gravatar.com\\\/avatar\\\/b7c8925b09a27e72b30232f8ecaadbd5af0f70a38c78096863fe51b64f031c24?s=96&d=mm&r=g\",\"width\":96,\"height\":96,\"caption\":\"admin\"}},{\"@type\":\"WebPage\",\"@id\":\"https:\\\/\\\/www.rucashk.com\\\/pt\\\/produto\\\/70mai-a800-dash-cam-wholesale\\\/#webpage\",\"url\":\"https:\\\/\\\/www.rucashk.com\\\/pt\\\/produto\\\/70mai-a800-dash-cam-wholesale\\\/\",\"name\":\"70mai A800 Dash Cam Wholesale - Rucas - Wholesale and Distribution\",\"description\":\"Main Features: 70mai A800 is an in-car DVR that delivers day-and-night cinema It\\u2019s equipped with the leading ADAS (Advanced Driving Assistant System) tech The parking mode will monitor the car\\u2019s surroundings and automatically start recording if any collision is detected. Recordings are stored locally and can be viewed in-app for on-site download and instant sharing.\",\"inLanguage\":\"pt-PT\",\"isPartOf\":{\"@id\":\"https:\\\/\\\/www.rucashk.com\\\/pt\\\/#website\"},\"breadcrumb\":{\"@id\":\"https:\\\/\\\/www.rucashk.com\\\/pt\\\/produto\\\/70mai-a800-dash-cam-wholesale\\\/#breadcrumblist\"},\"author\":{\"@id\":\"https:\\\/\\\/www.rucashk.com\\\/pt\\\/author\\\/admin\\\/#author\"},\"creator\":{\"@id\":\"https:\\\/\\\/www.rucashk.com\\\/pt\\\/author\\\/admin\\\/#author\"},\"image\":{\"@type\":\"ImageObject\",\"url\":\"https:\\\/\\\/www.rucashk.com\\\/wp-content\\\/uploads\\\/2024\\\/01\\\/0e72f8ed-20ec-4223-9720-0c0c84559a70.jpg\",\"@id\":\"https:\\\/\\\/www.rucashk.com\\\/pt\\\/produto\\\/70mai-a800-dash-cam-wholesale\\\/#mainImage\",\"width\":800,\"height\":800},\"primaryImageOfPage\":{\"@id\":\"https:\\\/\\\/www.rucashk.com\\\/pt\\\/produto\\\/70mai-a800-dash-cam-wholesale\\\/#mainImage\"},\"datePublished\":\"2024-01-09T16:10:17+00:00\",\"dateModified\":\"2024-03-13T04:16:38+00:00\"},{\"@type\":\"WebSite\",\"@id\":\"https:\\\/\\\/www.rucashk.com\\\/pt\\\/#website\",\"url\":\"https:\\\/\\\/www.rucashk.com\\\/pt\\\/\",\"name\":\"Rucas - Wholesale and distribution worldwide\",\"alternateName\":\"Rucas - One-stop AIoT Distribution Worldwide\",\"description\":\"One-stop AIoT Distribution Worldwide\",\"inLanguage\":\"pt-PT\",\"publisher\":{\"@id\":\"https:\\\/\\\/www.rucashk.com\\\/pt\\\/#organization\"}}]}\n\t\t<\/script>\n\t\t<!-- All in One SEO Pro -->\r\n\t\t<title>70mai A800 Dash Cam Wholesale - Rucas - Wholesale and Distribution<\/title>\n\n","aioseo_head_json":{"title":"70mai A800 Dash Cam Wholesale - Rucas - Wholesale and Distribution","description":"Main Features: 70mai A800 is an in-car DVR that delivers day-and-night cinema It\u2019s equipped with the leading ADAS (Advanced Driving Assistant System) tech The parking mode will monitor the car\u2019s surroundings and automatically start recording if any collision is detected. Recordings are stored locally and can be viewed in-app for on-site download and instant sharing.","canonical_url":"https:\/\/www.rucashk.com\/pt\/produto\/70mai-a800-dash-cam-wholesale\/","robots":"max-image-preview:large","keywords":"","webmasterTools":{"miscellaneous":""},"og:locale":"pt_PT","og:site_name":"Rucas - One-stop AIoT Distribution Worldwide","og:type":"article","og:title":"70mai A800 Dash Cam Wholesale - Rucas - Wholesale and Distribution","og:description":"Main Features: 70mai A800 is an in-car DVR that delivers day-and-night cinema It\u2019s equipped with the leading ADAS (Advanced Driving Assistant System) tech The parking mode will monitor the car\u2019s surroundings and automatically start recording if any collision is detected. Recordings are stored locally and can be viewed in-app for on-site download and instant sharing.","og:url":"https:\/\/www.rucashk.com\/pt\/produto\/70mai-a800-dash-cam-wholesale\/","og:image":"https:\/\/www.rucashk.com\/wp-content\/uploads\/replace\/503b8e645f128a97ccde2b6290747646.jpeg","og:image:secure_url":"https:\/\/www.rucashk.com\/wp-content\/uploads\/replace\/503b8e645f128a97ccde2b6290747646.jpeg","og:image:width":1456,"og:image:height":816,"article:published_time":"2024-01-09T16:10:17+00:00","article:modified_time":"2024-03-13T04:16:38+00:00","twitter:card":"summary_large_image","twitter:title":"70mai A800 Dash Cam Wholesale - Rucas - Wholesale and Distribution","twitter:description":"Main Features: 70mai A800 is an in-car DVR that delivers day-and-night cinema It\u2019s equipped with the leading ADAS (Advanced Driving Assistant System) tech The parking mode will monitor the car\u2019s surroundings and automatically start recording if any collision is detected. Recordings are stored locally and can be viewed in-app for on-site download and instant sharing.","twitter:image":"https:\/\/www.rucashk.com\/wp-content\/uploads\/replace\/503b8e645f128a97ccde2b6290747646.jpeg","schema":{"@context":"https:\/\/schema.org","@graph":[{"@type":"BreadcrumbList","@id":"https:\/\/www.rucashk.com\/pt\/produto\/70mai-a800-dash-cam-wholesale\/#breadcrumblist","itemListElement":[{"@type":"ListItem","@id":"https:\/\/www.rucashk.com\/pt\/#listItem","position":1,"name":"Home","item":"https:\/\/www.rucashk.com\/pt\/","nextItem":"https:\/\/www.rucashk.com\/pt\/produto\/70mai-a800-dash-cam-wholesale\/#listItem"},{"@type":"ListItem","@id":"https:\/\/www.rucashk.com\/pt\/produto\/70mai-a800-dash-cam-wholesale\/#listItem","position":2,"name":"70mai A800 Dash Cam Wholesale","previousItem":"https:\/\/www.rucashk.com\/pt\/#listItem"}]},{"@type":"Organization","@id":"https:\/\/www.rucashk.com\/pt\/#organization","name":"Rucas","url":"https:\/\/www.rucashk.com\/pt\/","logo":{"@type":"ImageObject","url":"https:\/\/www.rucashk.com\/wp-content\/uploads\/2023\/12\/Rucas_campany_logo.png","@id":"https:\/\/www.rucashk.com\/pt\/produto\/70mai-a800-dash-cam-wholesale\/#organizationLogo","width":221,"height":65},"image":{"@id":"https:\/\/www.rucashk.com\/pt\/#organizationLogo"}},{"@type":"Person","@id":"https:\/\/www.rucashk.com\/pt\/author\/admin\/#author","url":"https:\/\/www.rucashk.com\/pt\/author\/admin\/","name":"admin","image":{"@type":"ImageObject","@id":"https:\/\/www.rucashk.com\/pt\/produto\/70mai-a800-dash-cam-wholesale\/#authorImage","url":"https:\/\/secure.gravatar.com\/avatar\/b7c8925b09a27e72b30232f8ecaadbd5af0f70a38c78096863fe51b64f031c24?s=96&d=mm&r=g","width":96,"height":96,"caption":"admin"}},{"@type":"WebPage","@id":"https:\/\/www.rucashk.com\/pt\/produto\/70mai-a800-dash-cam-wholesale\/#webpage","url":"https:\/\/www.rucashk.com\/pt\/produto\/70mai-a800-dash-cam-wholesale\/","name":"70mai A800 Dash Cam Wholesale - Rucas - Wholesale and Distribution","description":"Main Features: 70mai A800 is an in-car DVR that delivers day-and-night cinema It\u2019s equipped with the leading ADAS (Advanced Driving Assistant System) tech The parking mode will monitor the car\u2019s surroundings and automatically start recording if any collision is detected. Recordings are stored locally and can be viewed in-app for on-site download and instant sharing.","inLanguage":"pt-PT","isPartOf":{"@id":"https:\/\/www.rucashk.com\/pt\/#website"},"breadcrumb":{"@id":"https:\/\/www.rucashk.com\/pt\/produto\/70mai-a800-dash-cam-wholesale\/#breadcrumblist"},"author":{"@id":"https:\/\/www.rucashk.com\/pt\/author\/admin\/#author"},"creator":{"@id":"https:\/\/www.rucashk.com\/pt\/author\/admin\/#author"},"image":{"@type":"ImageObject","url":"https:\/\/www.rucashk.com\/wp-content\/uploads\/2024\/01\/0e72f8ed-20ec-4223-9720-0c0c84559a70.jpg","@id":"https:\/\/www.rucashk.com\/pt\/produto\/70mai-a800-dash-cam-wholesale\/#mainImage","width":800,"height":800},"primaryImageOfPage":{"@id":"https:\/\/www.rucashk.com\/pt\/produto\/70mai-a800-dash-cam-wholesale\/#mainImage"},"datePublished":"2024-01-09T16:10:17+00:00","dateModified":"2024-03-13T04:16:38+00:00"},{"@type":"WebSite","@id":"https:\/\/www.rucashk.com\/pt\/#website","url":"https:\/\/www.rucashk.com\/pt\/","name":"Rucas - Wholesale and distribution worldwide","alternateName":"Rucas - One-stop AIoT Distribution Worldwide","description":"One-stop AIoT Distribution Worldwide","inLanguage":"pt-PT","publisher":{"@id":"https:\/\/www.rucashk.com\/pt\/#organization"}}]}},"aioseo_meta_data":{"post_id":"24863","title":null,"description":null,"keywords":null,"keyphrases":null,"primary_term":null,"canonical_url":null,"og_title":null,"og_description":null,"og_object_type":"default","og_image_type":"default","og_image_url":null,"og_image_width":null,"og_image_height":null,"og_image_custom_url":null,"og_image_custom_fields":null,"og_video":null,"og_custom_url":null,"og_article_section":null,"og_article_tags":null,"twitter_use_og":false,"twitter_card":"default","twitter_image_type":"default","twitter_image_url":null,"twitter_image_custom_url":null,"twitter_image_custom_fields":null,"twitter_title":null,"twitter_description":null,"schema":{"blockGraphs":[],"customGraphs":[],"default":{"data":{"Article":[],"Course":[],"Dataset":[],"FAQPage":[],"Movie":[],"Person":[],"Product":[],"Recipe":[],"Service":[],"SoftwareApplication":[],"WebPage":[]},"graphName":"","isEnabled":true},"graphs":[]},"schema_type":"default","schema_type_options":null,"pillar_content":false,"robots_default":true,"robots_noindex":false,"robots_noarchive":false,"robots_nosnippet":false,"robots_nofollow":false,"robots_noimageindex":false,"robots_noodp":false,"robots_notranslate":false,"robots_max_snippet":null,"robots_max_videopreview":null,"robots_max_imagepreview":"large","priority":null,"frequency":null,"local_seo":null,"breadcrumb_settings":null,"limit_modified_date":false,"created":"2024-04-11 01:57:15","updated":"2025-06-22 17:41:58"},"aioseo_breadcrumb":"<div class=\"aioseo-breadcrumbs\"><span class=\"aioseo-breadcrumb\">\n\t<a href=\"https:\/\/www.rucashk.com\/pt\" title=\"Home\">Home<\/a>\n<\/span><span class=\"aioseo-breadcrumb-separator\">&raquo;<\/span><span class=\"aioseo-breadcrumb\">\n\t<a href=\"https:\/\/www.rucashk.com\/pt\/products\/\" title=\"Produtos\">Produtos<\/a>\n<\/span><span class=\"aioseo-breadcrumb-separator\">&raquo;<\/span><span class=\"aioseo-breadcrumb\">\n\t<a href=\"https:\/\/www.rucashk.com\/pt\/categoria-produto\/e-vehicle-accessories\/\" title=\"E-Vehicle Accessories\">E-Vehicle Accessories<\/a>\n<\/span><span class=\"aioseo-breadcrumb-separator\">&raquo;<\/span><span class=\"aioseo-breadcrumb\">\n\t<a href=\"https:\/\/www.rucashk.com\/pt\/categoria-produto\/e-vehicle-accessories\/dash-camera\/\" title=\"Dash Camera\">Dash Camera<\/a>\n<\/span><span class=\"aioseo-breadcrumb-separator\">&raquo;<\/span><span class=\"aioseo-breadcrumb\">\n\t70mai A800 Dash Cam Wholesale\n<\/span><\/div>","aioseo_breadcrumb_json":[{"label":"Home","link":"https:\/\/www.rucashk.com\/pt"},{"label":"Produtos","link":"https:\/\/www.rucashk.com\/pt\/products\/"},{"label":"E-Vehicle Accessories","link":"https:\/\/www.rucashk.com\/pt\/categoria-produto\/e-vehicle-accessories\/"},{"label":"Dash Camera","link":"https:\/\/www.rucashk.com\/pt\/categoria-produto\/e-vehicle-accessories\/dash-camera\/"},{"label":"70mai A800 Dash Cam Wholesale","link":"https:\/\/www.rucashk.com\/pt\/produto\/70mai-a800-dash-cam-wholesale\/"}],"_links":{"self":[{"href":"https:\/\/www.rucashk.com\/pt\/wp-json\/wp\/v2\/product\/24863","targetHints":{"allow":["GET"]}}],"collection":[{"href":"https:\/\/www.rucashk.com\/pt\/wp-json\/wp\/v2\/product"}],"about":[{"href":"https:\/\/www.rucashk.com\/pt\/wp-json\/wp\/v2\/types\/product"}],"wp:featuredmedia":[{"embeddable":true,"href":"https:\/\/www.rucashk.com\/pt\/wp-json\/wp\/v2\/media\/24969"}],"wp:attachment":[{"href":"https:\/\/www.rucashk.com\/pt\/wp-json\/wp\/v2\/media?parent=24863"}],"wp:term":[{"taxonomy":"product_brand","embeddable":true,"href":"https:\/\/www.rucashk.com\/pt\/wp-json\/wp\/v2\/product_brand?post=24863"},{"taxonomy":"product_cat","embeddable":true,"href":"https:\/\/www.rucashk.com\/pt\/wp-json\/wp\/v2\/product_cat?post=24863"},{"taxonomy":"product_tag","embeddable":true,"href":"https:\/\/www.rucashk.com\/pt\/wp-json\/wp\/v2\/product_tag?post=24863"}],"curies":[{"name":"wp","href":"https:\/\/api.w.org\/{rel}","templated":true}]}}