{"id":24861,"date":"2024-01-09T16:10:16","date_gmt":"2024-01-09T16:10:16","guid":{"rendered":"http:\/\/rucashk.com\/?post_type=product&#038;p=24861"},"modified":"2024-03-13T04:20:44","modified_gmt":"2024-03-13T04:20:44","slug":"amazfit-band-6-wholesale","status":"publish","type":"product","link":"https:\/\/www.rucashk.com\/pt\/produto\/amazfit-band-6-wholesale\/","title":{"rendered":"Banda Amazfit 6 atacado"},"content":{"rendered":"<h2 style=\"text-align: center\">Banda Amazfit 6<\/h2>\n<p><a href=\"https:\/\/china-gadgets.com\/app\/uploads\/2020\/06\/Amazfit_Band_6_Fitness_Tracker.jpg\"><img fetchpriority=\"high\" decoding=\"async\" class=\"lazyloaded wp-image-16676\" src=\"\/wp-content\/uploads\/replace\/7fc9ea36c1ef0d8ec54566ceac940e84.jpeg\" alt=\"Amazfit Band 6 Wholesale\" width=\"1283\" height=\"650\" data-src=\"\/wp-content\/uploads\/replace\/7fc9ea36c1ef0d8ec54566ceac940e84.jpeg\" data-srcset=\"\/wp-content\/uploads\/replace\/7fc9ea36c1ef0d8ec54566ceac940e84.jpeg 734w, https:\/\/china-gadgets.com\/app\/uploads\/2020\/06\/Amazfit_Band_6_Fitness_Tracker-500x253.jpg 500w, https:\/\/china-gadgets.com\/app\/uploads\/2020\/06\/Amazfit_Band_6_Fitness_Tracker-736x373.jpg 736w, https:\/\/china-gadgets.com\/app\/uploads\/2020\/06\/Amazfit_Band_6_Fitness_Tracker-768x389.jpg 768w, https:\/\/china-gadgets.com\/app\/uploads\/2020\/06\/Amazfit_Band_6_Fitness_Tracker-600x304.jpg 600w, https:\/\/china-gadgets.com\/app\/uploads\/2020\/06\/Amazfit_Band_6_Fitness_Tracker-79x40.jpg 79w, https:\/\/china-gadgets.com\/app\/uploads\/2020\/06\/Amazfit_Band_6_Fitness_Tracker.jpg 1440w\" data-sizes=\"(max-width: 734px) 100vw, 734px\" \/><\/a><\/p>\n<h2>Amazfit Banda 6 vs Xiaomi Mi Banda 5<\/h2>\n<div class=\"table-responsive\">\n<table>\n<tbody>\n<tr>\n<td><\/td>\n<td><strong>Banda Amazfit 6<\/strong><\/td>\n<td><strong><a href=\"https:\/\/china-gadgets.com\/xiaomi-mi-band-5-fitness-tracker\/\">Xiaomi Mi Banda 5<\/a><\/strong><\/td>\n<\/tr>\n<tr>\n<td>Mostrar<\/td>\n<td>AMOLED colorido de 1,1 polegada de 16 bits, tela sens\u00edvel ao toque de 294 x 126 pixels (291 PPI), propor\u00e7\u00e3o de aspecto 9:21, 450 nit<\/td>\n<td>AMOLED colorido de 1,1 polegada de 16 bits, tela sens\u00edvel ao toque de 294 x 126 pixels (291 PPI), propor\u00e7\u00e3o de aspecto 9:21, 450 nit<\/td>\n<\/tr>\n<tr>\n<td>Conex\u00e3o<\/td>\n<td>Bluetooth 5.0 BLE<\/td>\n<td>Bluetooth 5.0 BLE; 2\u00aa vers\u00e3o com NFC<\/td>\n<\/tr>\n<tr>\n<td>Bateria<\/td>\n<td>125mAh,\u00a0<strong>at\u00e9 15 dias de dura\u00e7\u00e3o da bateria<\/strong>\u00a0| tempo de carregamento ~2 horas<\/td>\n<td>125 mAh, bateria com dura\u00e7\u00e3o de at\u00e9 14 dias | tempo de carregamento ~2 horas<\/td>\n<\/tr>\n<tr>\n<td>Prote\u00e7\u00e3o<\/td>\n<td>5 ATM (tomar banho, tomar banho, nadar)<\/td>\n<td>5 ATM (tomar banho, tomar banho, nadar)<\/td>\n<\/tr>\n<tr>\n<td>Caracter\u00edsticas<\/td>\n<td><strong>Alexa, satura\u00e7\u00e3o de oxig\u00eanio no sangue<\/strong>, Controle de m\u00fasica, ped\u00f4metro, monitoramento do sono, monitor de frequ\u00eancia card\u00edaca, despertador, lembrete de mensagem, rejei\u00e7\u00e3o de chamadas, rastreamento esportivo, ciclo menstrual, controle remoto da c\u00e2mera<\/td>\n<td>Controle de m\u00fasica, Xiao AI Assistant (somente vers\u00e3o NFC), ped\u00f4metro, monitoramento do sono, monitor de frequ\u00eancia card\u00edaca, despertador, lembrete de mensagem, rejei\u00e7\u00e3o de chamadas, rastreamento esportivo, ciclo menstrual, controle remoto da c\u00e2mera<\/td>\n<\/tr>\n<tr>\n<td>Peso \/ Dimens\u00f5es<\/td>\n<td>24 g com al\u00e7a \/ 47,2 x 18,5 x 12,4 mm; Ajuste da al\u00e7a de 162-235 mm<\/td>\n<td>23,3 g com al\u00e7a \/ 47,2 x 18,5 x 12,4 mm; Ajuste da al\u00e7a de 155-219 mm<\/td>\n<\/tr>\n<tr>\n<td><\/td>\n<td><\/td>\n<td><\/td>\n<\/tr>\n<\/tbody>\n<\/table>\n<p>As \u00fanicas diferen\u00e7as s\u00e3o aparentemente\u00a0<strong>al\u00e7a um pouco maior<\/strong>\u00a0(162-235 mm) e o\u00a0<strong>vida \u00fatil da bateria<\/strong>, que se afirma ser\u00a0<strong>15 dias<\/strong>\u00a0em vez de 14.<\/p>\n<\/div>\n<div><\/div>\n<p><a href=\"https:\/\/china-gadgets.com\/app\/uploads\/2020\/08\/Amazfit_Band_6_highlights.jpg\"><img decoding=\"async\" class=\"lazyloaded aligncenter wp-image-16683\" src=\"\/wp-content\/uploads\/replace\/cd09fe84324d507387145404f3ef9bf4.jpeg\" alt=\"Amazfit Band 6 Wholesale\" width=\"845\" height=\"845\" data-src=\"\/wp-content\/uploads\/replace\/cd09fe84324d507387145404f3ef9bf4.jpeg\" data-srcset=\"\/wp-content\/uploads\/replace\/cd09fe84324d507387145404f3ef9bf4.jpeg 734w, https:\/\/china-gadgets.com\/app\/uploads\/2020\/08\/Amazfit_Band_6_highlights-500x500.jpg 500w, https:\/\/china-gadgets.com\/app\/uploads\/2020\/08\/Amazfit_Band_6_highlights-600x600.jpg 600w, https:\/\/china-gadgets.com\/app\/uploads\/2020\/08\/Amazfit_Band_6_highlights-150x150.jpg 150w, https:\/\/china-gadgets.com\/app\/uploads\/2020\/08\/Amazfit_Band_6_highlights-768x768.jpg 768w, https:\/\/china-gadgets.com\/app\/uploads\/2020\/08\/Amazfit_Band_6_highlights-144x144.jpg 144w, https:\/\/china-gadgets.com\/app\/uploads\/2020\/08\/Amazfit_Band_6_highlights-300x300.jpg 300w, https:\/\/china-gadgets.com\/app\/uploads\/2020\/08\/Amazfit_Band_6_highlights-40x40.jpg 40w, https:\/\/china-gadgets.com\/app\/uploads\/2020\/08\/Amazfit_Band_6_highlights-80x80.jpg 80w, https:\/\/china-gadgets.com\/app\/uploads\/2020\/08\/Amazfit_Band_6_highlights-100x100.jpg 100w, https:\/\/china-gadgets.com\/app\/uploads\/2020\/08\/Amazfit_Band_6_highlights-225x225.jpg 225w, https:\/\/china-gadgets.com\/app\/uploads\/2020\/08\/Amazfit_Band_6_highlights-800x800.jpg 800w, https:\/\/china-gadgets.com\/app\/uploads\/2020\/08\/Amazfit_Band_6_highlights-736x736.jpg 736w, https:\/\/china-gadgets.com\/app\/uploads\/2020\/08\/Amazfit_Band_6_highlights.jpg 902w\" data-sizes=\"(max-width: 734px) 100vw, 734px\" \/><\/a><\/p>\n<p>A \u00fanica diferen\u00e7a externa \u00e9 a <strong>chave capacitiva<\/strong>, que est\u00e1 marcado com um oval aqui, no\u00a0<strong><a href=\"https:\/\/china-gadgets.com\/xiaomi-mi-band-5-fitness-tracker\/\">Mi Banda 5<\/a><\/strong> \u00e9 um c\u00edrculo ali. O <strong>sensor para medi\u00e7\u00e3o da satura\u00e7\u00e3o de oxig\u00eanio no sangue<\/strong> est\u00e1 na parte traseira e tamb\u00e9m o microfone para o <strong>Intera\u00e7\u00e3o Alexa<\/strong> n\u00e3o est\u00e1 vis\u00edvel. Mas gra\u00e7as \u00e0 Alexa, o seguinte dever\u00e1 ser poss\u00edvel: fazer perguntas, obter tradu\u00e7\u00f5es, acertar cron\u00f4metro e despertador, escrever listas de compras, verificar a previs\u00e3o do tempo,\u00a0<strong>controlar dispositivos dom\u00e9sticos inteligentes<\/strong>\u00a0e mais.<\/p>\n<p><a href=\"https:\/\/china-gadgets.com\/app\/uploads\/2020\/08\/Amazfit_Band_6_Alexa.jpg\"><img decoding=\"async\" class=\"lazyloaded aligncenter wp-image-16684\" src=\"\/wp-content\/uploads\/replace\/348e03198385b8cc2afb8b52c246cad3.jpeg\" alt=\"Amazfit Band 6 Wholesale\" width=\"810\" height=\"449\" data-src=\"\/wp-content\/uploads\/replace\/348e03198385b8cc2afb8b52c246cad3.jpeg\" data-srcset=\"\/wp-content\/uploads\/replace\/348e03198385b8cc2afb8b52c246cad3.jpeg 734w, https:\/\/china-gadgets.com\/app\/uploads\/2020\/08\/Amazfit_Band_6_Alexa-500x277.jpg 500w, https:\/\/china-gadgets.com\/app\/uploads\/2020\/08\/Amazfit_Band_6_Alexa-736x408.jpg 736w, https:\/\/china-gadgets.com\/app\/uploads\/2020\/08\/Amazfit_Band_6_Alexa-768x426.jpg 768w, https:\/\/china-gadgets.com\/app\/uploads\/2020\/08\/Amazfit_Band_6_Alexa-1536x852.jpg 1536w, https:\/\/china-gadgets.com\/app\/uploads\/2020\/08\/Amazfit_Band_6_Alexa-600x333.jpg 600w, https:\/\/china-gadgets.com\/app\/uploads\/2020\/08\/Amazfit_Band_6_Alexa-72x40.jpg 72w, https:\/\/china-gadgets.com\/app\/uploads\/2020\/08\/Amazfit_Band_6_Alexa.jpg 1626w\" data-sizes=\"(max-width: 734px) 100vw, 734px\" \/><\/a><\/p>\n<p><strong>SO Amazfit<\/strong>\u00a0\u00e9 especificado como o sistema operacional, que \u00e9 bastante semelhante ao sistema operacional no\u00a0<strong><a href=\"https:\/\/china-gadgets.com\/xiaomi-mi-band-5-fitness-tracker\/\">Mi Banda 5<\/a><\/strong>.<\/p>","protected":false},"excerpt":{"rendered":"<p><strong>Principais caracter\u00edsticas:<br \/>\n<\/strong><\/p>\n<p>Display 1.1 inch color 16 bit AMOLED, 294 x 126 pixel touch screen (291 PPI), 9:21 aspect ratio, 450 nit<\/p>\n<p>Connection Bluetooth 5.0 BLE<\/p>\n<p>Battery 125 mAh,\u00a0up to 15 days battery life\u00a0| charging time ~2 hours<\/p>\n<p>Protection 5 ATM (showering, bathing, swimming)<\/p>\n<p>Features Alexa, Blood Oxygen Saturation, Music Control, Pedometer, Sleep Monitoring, Heart Rate Monitor, Alarm Clock, Message Reminder, Call Rejection, Sports Tracking, Menstrual Cycle, Camera Remote<\/p>\n<p>Weight \/ Dimensions 24 g with strap \/ 47.2 x 18.5 x 12.4 mm; 162-235 mm strap adjustment<\/p>","protected":false},"featured_media":24954,"template":"","meta":[],"product_brand":[],"product_cat":[1339,1305],"product_tag":[425],"class_list":{"0":"post-24861","1":"product","2":"type-product","3":"status-publish","4":"has-post-thumbnail","6":"product_cat-amazfit-smartwatch","7":"product_cat-xiaomi-eco","8":"product_tag-amazfit","10":"first","11":"instock","12":"shipping-taxable","13":"product-type-external"},"aioseo_notices":[],"aioseo_head":"\n\t\t<!-- All in One SEO Pro 4.5.9.2 - aioseo.com -->\n\t\t<meta name=\"description\" content=\"Main Features: Display 1.1 inch color 16 bit AMOLED, 294 x 126 pixel touch screen (291 PPI), 9:21 aspect ratio, 450 nit Connection Bluetooth 5.0 BLE Battery 125 mAh, up to 15 days battery life | charging time ~2 hours Protection 5 ATM (showering, bathing, swimming) Features Alexa, Blood Oxygen Saturation, Music Control, Pedometer, Sleep Monitoring, Heart Rate Monitor, Alarm Clock, Message Reminder, Call Rejection, Sports Tracking, Menstrual Cycle, Camera Remote Weight \/ Dimensions 24 g with strap \/ 47.2 x 18.5 x 12.4 mm; 162-235 mm strap adjustment\" \/>\n\t\t<meta name=\"robots\" content=\"max-image-preview:large\" \/>\n\t\t<link rel=\"canonical\" href=\"https:\/\/www.rucashk.com\/pt\/produto\/amazfit-band-6-wholesale\/\" \/>\n\t\t<meta name=\"generator\" content=\"All in One SEO Pro (AIOSEO) 4.5.9.2\" \/>\n\t\t<meta property=\"og:locale\" content=\"pt_PT\" \/>\n\t\t<meta property=\"og:site_name\" content=\"Rucas - One-stop AIoT Distribution Worldwide\" \/>\n\t\t<meta property=\"og:type\" content=\"article\" \/>\n\t\t<meta property=\"og:title\" content=\"Amazfit Band 6 Wholesale - Rucas - Wholesale and Distribution\" \/>\n\t\t<meta property=\"og:description\" content=\"Main Features: Display 1.1 inch color 16 bit AMOLED, 294 x 126 pixel touch screen (291 PPI), 9:21 aspect ratio, 450 nit Connection Bluetooth 5.0 BLE Battery 125 mAh, up to 15 days battery life | charging time ~2 hours Protection 5 ATM (showering, bathing, swimming) Features Alexa, Blood Oxygen Saturation, Music Control, Pedometer, Sleep Monitoring, Heart Rate Monitor, Alarm Clock, Message Reminder, Call Rejection, Sports Tracking, Menstrual Cycle, Camera Remote Weight \/ Dimensions 24 g with strap \/ 47.2 x 18.5 x 12.4 mm; 162-235 mm strap adjustment\" \/>\n\t\t<meta property=\"og:url\" content=\"https:\/\/www.rucashk.com\/pt\/produto\/amazfit-band-6-wholesale\/\" \/>\n\t\t<meta property=\"og:image\" content=\"https:\/\/www.rucashk.com\/wp-content\/uploads\/replace\/503b8e645f128a97ccde2b6290747646.jpeg\" \/>\n\t\t<meta property=\"og:image:secure_url\" content=\"https:\/\/www.rucashk.com\/wp-content\/uploads\/replace\/503b8e645f128a97ccde2b6290747646.jpeg\" \/>\n\t\t<meta property=\"og:image:width\" content=\"1456\" \/>\n\t\t<meta property=\"og:image:height\" content=\"816\" \/>\n\t\t<meta property=\"article:published_time\" content=\"2024-01-09T16:10:16+00:00\" \/>\n\t\t<meta property=\"article:modified_time\" content=\"2024-03-13T04:20:44+00:00\" \/>\n\t\t<meta name=\"twitter:card\" content=\"summary_large_image\" \/>\n\t\t<meta name=\"twitter:title\" content=\"Amazfit Band 6 Wholesale - Rucas - Wholesale and Distribution\" \/>\n\t\t<meta name=\"twitter:description\" content=\"Main Features: Display 1.1 inch color 16 bit AMOLED, 294 x 126 pixel touch screen (291 PPI), 9:21 aspect ratio, 450 nit Connection Bluetooth 5.0 BLE Battery 125 mAh, up to 15 days battery life | charging time ~2 hours Protection 5 ATM (showering, bathing, swimming) Features Alexa, Blood Oxygen Saturation, Music Control, Pedometer, Sleep Monitoring, Heart Rate Monitor, Alarm Clock, Message Reminder, Call Rejection, Sports Tracking, Menstrual Cycle, Camera Remote Weight \/ Dimensions 24 g with strap \/ 47.2 x 18.5 x 12.4 mm; 162-235 mm strap adjustment\" \/>\n\t\t<meta name=\"twitter:image\" content=\"https:\/\/www.rucashk.com\/wp-content\/uploads\/replace\/503b8e645f128a97ccde2b6290747646.jpeg\" \/>\n\t\t<script type=\"application\/ld+json\" class=\"aioseo-schema\">\n\t\t\t{\"@context\":\"https:\\\/\\\/schema.org\",\"@graph\":[{\"@type\":\"BreadcrumbList\",\"@id\":\"https:\\\/\\\/www.rucashk.com\\\/pt\\\/produto\\\/amazfit-band-6-wholesale\\\/#breadcrumblist\",\"itemListElement\":[{\"@type\":\"ListItem\",\"@id\":\"https:\\\/\\\/www.rucashk.com\\\/pt\\\/#listItem\",\"position\":1,\"name\":\"Home\",\"item\":\"https:\\\/\\\/www.rucashk.com\\\/pt\\\/\",\"nextItem\":\"https:\\\/\\\/www.rucashk.com\\\/pt\\\/produto\\\/amazfit-band-6-wholesale\\\/#listItem\"},{\"@type\":\"ListItem\",\"@id\":\"https:\\\/\\\/www.rucashk.com\\\/pt\\\/produto\\\/amazfit-band-6-wholesale\\\/#listItem\",\"position\":2,\"name\":\"Amazfit Band 6 Wholesale\",\"previousItem\":\"https:\\\/\\\/www.rucashk.com\\\/pt\\\/#listItem\"}]},{\"@type\":\"Organization\",\"@id\":\"https:\\\/\\\/www.rucashk.com\\\/pt\\\/#organization\",\"name\":\"Rucas\",\"url\":\"https:\\\/\\\/www.rucashk.com\\\/pt\\\/\",\"logo\":{\"@type\":\"ImageObject\",\"url\":\"https:\\\/\\\/www.rucashk.com\\\/wp-content\\\/uploads\\\/2023\\\/12\\\/Rucas_campany_logo.png\",\"@id\":\"https:\\\/\\\/www.rucashk.com\\\/pt\\\/produto\\\/amazfit-band-6-wholesale\\\/#organizationLogo\",\"width\":221,\"height\":65},\"image\":{\"@id\":\"https:\\\/\\\/www.rucashk.com\\\/pt\\\/#organizationLogo\"}},{\"@type\":\"Person\",\"@id\":\"https:\\\/\\\/www.rucashk.com\\\/pt\\\/author\\\/admin\\\/#author\",\"url\":\"https:\\\/\\\/www.rucashk.com\\\/pt\\\/author\\\/admin\\\/\",\"name\":\"admin\",\"image\":{\"@type\":\"ImageObject\",\"@id\":\"https:\\\/\\\/www.rucashk.com\\\/pt\\\/produto\\\/amazfit-band-6-wholesale\\\/#authorImage\",\"url\":\"https:\\\/\\\/secure.gravatar.com\\\/avatar\\\/b7c8925b09a27e72b30232f8ecaadbd5af0f70a38c78096863fe51b64f031c24?s=96&d=mm&r=g\",\"width\":96,\"height\":96,\"caption\":\"admin\"}},{\"@type\":\"WebPage\",\"@id\":\"https:\\\/\\\/www.rucashk.com\\\/pt\\\/produto\\\/amazfit-band-6-wholesale\\\/#webpage\",\"url\":\"https:\\\/\\\/www.rucashk.com\\\/pt\\\/produto\\\/amazfit-band-6-wholesale\\\/\",\"name\":\"Amazfit Band 6 Wholesale - Rucas - Wholesale and Distribution\",\"description\":\"Main Features: Display 1.1 inch color 16 bit AMOLED, 294 x 126 pixel touch screen (291 PPI), 9:21 aspect ratio, 450 nit Connection Bluetooth 5.0 BLE Battery 125 mAh, up to 15 days battery life | charging time ~2 hours Protection 5 ATM (showering, bathing, swimming) Features Alexa, Blood Oxygen Saturation, Music Control, Pedometer, Sleep Monitoring, Heart Rate Monitor, Alarm Clock, Message Reminder, Call Rejection, Sports Tracking, Menstrual Cycle, Camera Remote Weight \\\/ Dimensions 24 g with strap \\\/ 47.2 x 18.5 x 12.4 mm; 162-235 mm strap adjustment\",\"inLanguage\":\"pt-PT\",\"isPartOf\":{\"@id\":\"https:\\\/\\\/www.rucashk.com\\\/pt\\\/#website\"},\"breadcrumb\":{\"@id\":\"https:\\\/\\\/www.rucashk.com\\\/pt\\\/produto\\\/amazfit-band-6-wholesale\\\/#breadcrumblist\"},\"author\":{\"@id\":\"https:\\\/\\\/www.rucashk.com\\\/pt\\\/author\\\/admin\\\/#author\"},\"creator\":{\"@id\":\"https:\\\/\\\/www.rucashk.com\\\/pt\\\/author\\\/admin\\\/#author\"},\"image\":{\"@type\":\"ImageObject\",\"url\":\"https:\\\/\\\/www.rucashk.com\\\/wp-content\\\/uploads\\\/2024\\\/01\\\/1-11.jpg\",\"@id\":\"https:\\\/\\\/www.rucashk.com\\\/pt\\\/produto\\\/amazfit-band-6-wholesale\\\/#mainImage\",\"width\":800,\"height\":800},\"primaryImageOfPage\":{\"@id\":\"https:\\\/\\\/www.rucashk.com\\\/pt\\\/produto\\\/amazfit-band-6-wholesale\\\/#mainImage\"},\"datePublished\":\"2024-01-09T16:10:16+00:00\",\"dateModified\":\"2024-03-13T04:20:44+00:00\"},{\"@type\":\"WebSite\",\"@id\":\"https:\\\/\\\/www.rucashk.com\\\/pt\\\/#website\",\"url\":\"https:\\\/\\\/www.rucashk.com\\\/pt\\\/\",\"name\":\"Rucas - Wholesale and distribution worldwide\",\"alternateName\":\"Rucas - One-stop AIoT Distribution Worldwide\",\"description\":\"One-stop AIoT Distribution Worldwide\",\"inLanguage\":\"pt-PT\",\"publisher\":{\"@id\":\"https:\\\/\\\/www.rucashk.com\\\/pt\\\/#organization\"}}]}\n\t\t<\/script>\n\t\t<!-- All in One SEO Pro -->\r\n\t\t<title>Amazfit Band 6 Wholesale - Rucas - Wholesale and Distribution<\/title>\n\n","aioseo_head_json":{"title":"Amazfit Band 6 Wholesale - Rucas - Wholesale and Distribution","description":"Main Features: Display 1.1 inch color 16 bit AMOLED, 294 x 126 pixel touch screen (291 PPI), 9:21 aspect ratio, 450 nit Connection Bluetooth 5.0 BLE Battery 125 mAh, up to 15 days battery life | charging time ~2 hours Protection 5 ATM (showering, bathing, swimming) Features Alexa, Blood Oxygen Saturation, Music Control, Pedometer, Sleep Monitoring, Heart Rate Monitor, Alarm Clock, Message Reminder, Call Rejection, Sports Tracking, Menstrual Cycle, Camera Remote Weight \/ Dimensions 24 g with strap \/ 47.2 x 18.5 x 12.4 mm; 162-235 mm strap adjustment","canonical_url":"https:\/\/www.rucashk.com\/pt\/produto\/amazfit-band-6-wholesale\/","robots":"max-image-preview:large","keywords":"","webmasterTools":{"miscellaneous":""},"og:locale":"pt_PT","og:site_name":"Rucas - One-stop AIoT Distribution Worldwide","og:type":"article","og:title":"Amazfit Band 6 Wholesale - Rucas - Wholesale and Distribution","og:description":"Main Features: Display 1.1 inch color 16 bit AMOLED, 294 x 126 pixel touch screen (291 PPI), 9:21 aspect ratio, 450 nit Connection Bluetooth 5.0 BLE Battery 125 mAh, up to 15 days battery life | charging time ~2 hours Protection 5 ATM (showering, bathing, swimming) Features Alexa, Blood Oxygen Saturation, Music Control, Pedometer, Sleep Monitoring, Heart Rate Monitor, Alarm Clock, Message Reminder, Call Rejection, Sports Tracking, Menstrual Cycle, Camera Remote Weight \/ Dimensions 24 g with strap \/ 47.2 x 18.5 x 12.4 mm; 162-235 mm strap adjustment","og:url":"https:\/\/www.rucashk.com\/pt\/produto\/amazfit-band-6-wholesale\/","og:image":"https:\/\/www.rucashk.com\/wp-content\/uploads\/replace\/503b8e645f128a97ccde2b6290747646.jpeg","og:image:secure_url":"https:\/\/www.rucashk.com\/wp-content\/uploads\/replace\/503b8e645f128a97ccde2b6290747646.jpeg","og:image:width":1456,"og:image:height":816,"article:published_time":"2024-01-09T16:10:16+00:00","article:modified_time":"2024-03-13T04:20:44+00:00","twitter:card":"summary_large_image","twitter:title":"Amazfit Band 6 Wholesale - Rucas - Wholesale and Distribution","twitter:description":"Main Features: Display 1.1 inch color 16 bit AMOLED, 294 x 126 pixel touch screen (291 PPI), 9:21 aspect ratio, 450 nit Connection Bluetooth 5.0 BLE Battery 125 mAh, up to 15 days battery life | charging time ~2 hours Protection 5 ATM (showering, bathing, swimming) Features Alexa, Blood Oxygen Saturation, Music Control, Pedometer, Sleep Monitoring, Heart Rate Monitor, Alarm Clock, Message Reminder, Call Rejection, Sports Tracking, Menstrual Cycle, Camera Remote Weight \/ Dimensions 24 g with strap \/ 47.2 x 18.5 x 12.4 mm; 162-235 mm strap adjustment","twitter:image":"https:\/\/www.rucashk.com\/wp-content\/uploads\/replace\/503b8e645f128a97ccde2b6290747646.jpeg","schema":{"@context":"https:\/\/schema.org","@graph":[{"@type":"BreadcrumbList","@id":"https:\/\/www.rucashk.com\/pt\/produto\/amazfit-band-6-wholesale\/#breadcrumblist","itemListElement":[{"@type":"ListItem","@id":"https:\/\/www.rucashk.com\/pt\/#listItem","position":1,"name":"Home","item":"https:\/\/www.rucashk.com\/pt\/","nextItem":"https:\/\/www.rucashk.com\/pt\/produto\/amazfit-band-6-wholesale\/#listItem"},{"@type":"ListItem","@id":"https:\/\/www.rucashk.com\/pt\/produto\/amazfit-band-6-wholesale\/#listItem","position":2,"name":"Amazfit Band 6 Wholesale","previousItem":"https:\/\/www.rucashk.com\/pt\/#listItem"}]},{"@type":"Organization","@id":"https:\/\/www.rucashk.com\/pt\/#organization","name":"Rucas","url":"https:\/\/www.rucashk.com\/pt\/","logo":{"@type":"ImageObject","url":"https:\/\/www.rucashk.com\/wp-content\/uploads\/2023\/12\/Rucas_campany_logo.png","@id":"https:\/\/www.rucashk.com\/pt\/produto\/amazfit-band-6-wholesale\/#organizationLogo","width":221,"height":65},"image":{"@id":"https:\/\/www.rucashk.com\/pt\/#organizationLogo"}},{"@type":"Person","@id":"https:\/\/www.rucashk.com\/pt\/author\/admin\/#author","url":"https:\/\/www.rucashk.com\/pt\/author\/admin\/","name":"admin","image":{"@type":"ImageObject","@id":"https:\/\/www.rucashk.com\/pt\/produto\/amazfit-band-6-wholesale\/#authorImage","url":"https:\/\/secure.gravatar.com\/avatar\/b7c8925b09a27e72b30232f8ecaadbd5af0f70a38c78096863fe51b64f031c24?s=96&d=mm&r=g","width":96,"height":96,"caption":"admin"}},{"@type":"WebPage","@id":"https:\/\/www.rucashk.com\/pt\/produto\/amazfit-band-6-wholesale\/#webpage","url":"https:\/\/www.rucashk.com\/pt\/produto\/amazfit-band-6-wholesale\/","name":"Amazfit Band 6 Wholesale - Rucas - Wholesale and Distribution","description":"Main Features: Display 1.1 inch color 16 bit AMOLED, 294 x 126 pixel touch screen (291 PPI), 9:21 aspect ratio, 450 nit Connection Bluetooth 5.0 BLE Battery 125 mAh, up to 15 days battery life | charging time ~2 hours Protection 5 ATM (showering, bathing, swimming) Features Alexa, Blood Oxygen Saturation, Music Control, Pedometer, Sleep Monitoring, Heart Rate Monitor, Alarm Clock, Message Reminder, Call Rejection, Sports Tracking, Menstrual Cycle, Camera Remote Weight \/ Dimensions 24 g with strap \/ 47.2 x 18.5 x 12.4 mm; 162-235 mm strap adjustment","inLanguage":"pt-PT","isPartOf":{"@id":"https:\/\/www.rucashk.com\/pt\/#website"},"breadcrumb":{"@id":"https:\/\/www.rucashk.com\/pt\/produto\/amazfit-band-6-wholesale\/#breadcrumblist"},"author":{"@id":"https:\/\/www.rucashk.com\/pt\/author\/admin\/#author"},"creator":{"@id":"https:\/\/www.rucashk.com\/pt\/author\/admin\/#author"},"image":{"@type":"ImageObject","url":"https:\/\/www.rucashk.com\/wp-content\/uploads\/2024\/01\/1-11.jpg","@id":"https:\/\/www.rucashk.com\/pt\/produto\/amazfit-band-6-wholesale\/#mainImage","width":800,"height":800},"primaryImageOfPage":{"@id":"https:\/\/www.rucashk.com\/pt\/produto\/amazfit-band-6-wholesale\/#mainImage"},"datePublished":"2024-01-09T16:10:16+00:00","dateModified":"2024-03-13T04:20:44+00:00"},{"@type":"WebSite","@id":"https:\/\/www.rucashk.com\/pt\/#website","url":"https:\/\/www.rucashk.com\/pt\/","name":"Rucas - Wholesale and distribution worldwide","alternateName":"Rucas - One-stop AIoT Distribution Worldwide","description":"One-stop AIoT Distribution Worldwide","inLanguage":"pt-PT","publisher":{"@id":"https:\/\/www.rucashk.com\/pt\/#organization"}}]}},"aioseo_meta_data":{"post_id":"24861","title":null,"description":null,"keywords":null,"keyphrases":null,"primary_term":null,"canonical_url":null,"og_title":null,"og_description":null,"og_object_type":"default","og_image_type":"default","og_image_url":null,"og_image_width":null,"og_image_height":null,"og_image_custom_url":null,"og_image_custom_fields":null,"og_video":null,"og_custom_url":null,"og_article_section":null,"og_article_tags":null,"twitter_use_og":false,"twitter_card":"default","twitter_image_type":"default","twitter_image_url":null,"twitter_image_custom_url":null,"twitter_image_custom_fields":null,"twitter_title":null,"twitter_description":null,"schema":{"blockGraphs":[],"customGraphs":[],"default":{"data":{"Article":[],"Course":[],"Dataset":[],"FAQPage":[],"Movie":[],"Person":[],"Product":[],"Recipe":[],"Service":[],"SoftwareApplication":[],"WebPage":[]},"graphName":"","isEnabled":true},"graphs":[]},"schema_type":"default","schema_type_options":null,"pillar_content":false,"robots_default":true,"robots_noindex":false,"robots_noarchive":false,"robots_nosnippet":false,"robots_nofollow":false,"robots_noimageindex":false,"robots_noodp":false,"robots_notranslate":false,"robots_max_snippet":null,"robots_max_videopreview":null,"robots_max_imagepreview":"large","priority":null,"frequency":null,"local_seo":null,"breadcrumb_settings":null,"limit_modified_date":false,"created":"2024-04-11 01:57:15","updated":"2025-06-22 17:41:05"},"aioseo_breadcrumb":"<div class=\"aioseo-breadcrumbs\"><span class=\"aioseo-breadcrumb\">\n\t<a href=\"https:\/\/www.rucashk.com\/pt\" title=\"Home\">Home<\/a>\n<\/span><span class=\"aioseo-breadcrumb-separator\">&raquo;<\/span><span class=\"aioseo-breadcrumb\">\n\t<a href=\"https:\/\/www.rucashk.com\/pt\/products\/\" title=\"Produtos\">Produtos<\/a>\n<\/span><span class=\"aioseo-breadcrumb-separator\">&raquo;<\/span><span class=\"aioseo-breadcrumb\">\n\t<a href=\"https:\/\/www.rucashk.com\/pt\/categoria-produto\/xiaomi-eco\/\" title=\"Xiaomi Eco\">Xiaomi Eco<\/a>\n<\/span><span class=\"aioseo-breadcrumb-separator\">&raquo;<\/span><span class=\"aioseo-breadcrumb\">\n\t<a href=\"https:\/\/www.rucashk.com\/pt\/categoria-produto\/xiaomi-eco\/amazfit-smartwatch\/\" title=\"Amazfit Smartwatch\">Amazfit Smartwatch<\/a>\n<\/span><span class=\"aioseo-breadcrumb-separator\">&raquo;<\/span><span class=\"aioseo-breadcrumb\">\n\tAmazfit Band 6 Wholesale\n<\/span><\/div>","aioseo_breadcrumb_json":[{"label":"Home","link":"https:\/\/www.rucashk.com\/pt"},{"label":"Produtos","link":"https:\/\/www.rucashk.com\/pt\/products\/"},{"label":"Xiaomi Eco","link":"https:\/\/www.rucashk.com\/pt\/categoria-produto\/xiaomi-eco\/"},{"label":"Amazfit Smartwatch","link":"https:\/\/www.rucashk.com\/pt\/categoria-produto\/xiaomi-eco\/amazfit-smartwatch\/"},{"label":"Amazfit Band 6 Wholesale","link":"https:\/\/www.rucashk.com\/pt\/produto\/amazfit-band-6-wholesale\/"}],"_links":{"self":[{"href":"https:\/\/www.rucashk.com\/pt\/wp-json\/wp\/v2\/product\/24861","targetHints":{"allow":["GET"]}}],"collection":[{"href":"https:\/\/www.rucashk.com\/pt\/wp-json\/wp\/v2\/product"}],"about":[{"href":"https:\/\/www.rucashk.com\/pt\/wp-json\/wp\/v2\/types\/product"}],"wp:featuredmedia":[{"embeddable":true,"href":"https:\/\/www.rucashk.com\/pt\/wp-json\/wp\/v2\/media\/24954"}],"wp:attachment":[{"href":"https:\/\/www.rucashk.com\/pt\/wp-json\/wp\/v2\/media?parent=24861"}],"wp:term":[{"taxonomy":"product_brand","embeddable":true,"href":"https:\/\/www.rucashk.com\/pt\/wp-json\/wp\/v2\/product_brand?post=24861"},{"taxonomy":"product_cat","embeddable":true,"href":"https:\/\/www.rucashk.com\/pt\/wp-json\/wp\/v2\/product_cat?post=24861"},{"taxonomy":"product_tag","embeddable":true,"href":"https:\/\/www.rucashk.com\/pt\/wp-json\/wp\/v2\/product_tag?post=24861"}],"curies":[{"name":"wp","href":"https:\/\/api.w.org\/{rel}","templated":true}]}}