{"id":24808,"date":"2024-01-09T16:09:30","date_gmt":"2024-01-09T16:09:30","guid":{"rendered":"http:\/\/rucashk.com\/?post_type=product&#038;p=24808"},"modified":"2024-03-13T04:24:18","modified_gmt":"2024-03-13T04:24:18","slug":"realme-buds-air-neo-tws-bluetooth-5-0-earphone-wholesale","status":"publish","type":"product","link":"https:\/\/www.rucashk.com\/pt\/produto\/realme-buds-air-neo-tws-bluetooth-5-0-earphone-wholesale\/","title":{"rendered":"Realme Buds Air Neo TWS Fone de ouvido Bluetooth 5.0 atacado"},"content":{"rendered":"<h2 style=\"text-align: center\">Fone de ouvido Realme Buds Air Neo TWS Bluetooth 5.0<\/h2>\n<p><img fetchpriority=\"high\" decoding=\"async\" class=\"js-descLazyload lazy-loaded alignnone\" src=\"\/wp-content\/uploads\/replace\/9e860e24daad37defbcf1e3bced5d7b3.jpeg\" alt=\"Realme Buds Air Neo TWS Bluetooth 5.0 Earphone Wholesale\" width=\"1440\" height=\"860\" data-lazy=\"\/wp-content\/uploads\/replace\/9e860e24daad37defbcf1e3bced5d7b3.jpeg\" data-was-processed=\"true\" \/><\/p>\n<p><img decoding=\"async\" alt=\"Realme Buds Air Neo TWS Bluetooth 5.0 Earphone Wholesale\" class=\"js-descLazyload lazy-loaded\" src=\"\/wp-content\/uploads\/replace\/6b67c1049863a7564e98bcd64e4e9973.jpeg\" data-lazy=\"\/wp-content\/uploads\/replace\/6b67c1049863a7564e98bcd64e4e9973.jpeg\" data-was-processed=\"true\" \/><\/p>\n<p><img decoding=\"async\" class=\"alignnone wp-image-22687 size-full\" src=\"\/wp-content\/uploads\/replace\/9a33627c1a5eb4720940eb94bc924c7f.jpeg\" alt=\"Realme Buds Air Neo TWS Bluetooth 5.0 Earphone Wholesale\" width=\"1440\" height=\"1660\" \/><\/p>\n<p>&nbsp;<\/p>\n<p><img decoding=\"async\" class=\"js-descLazyload lazy-loaded alignnone\" src=\"\/wp-content\/uploads\/replace\/62f436af8975e4bc521eea52ba011868.jpeg\" alt=\"Realme Buds Air Neo TWS Bluetooth 5.0 Earphone Wholesale\" width=\"1440\" height=\"761\" data-lazy=\"\/wp-content\/uploads\/replace\/62f436af8975e4bc521eea52ba011868.jpeg\" data-was-processed=\"true\" \/><\/p>\n<p><img loading=\"lazy\" decoding=\"async\" class=\"js-descLazyload lazy-loaded alignnone\" src=\"\/wp-content\/uploads\/replace\/a244a4eae2abbab71451d0b67dde5641.jpeg\" alt=\"Realme Buds Air Neo TWS Bluetooth 5.0 Earphone Wholesale\" width=\"1438\" height=\"1079\" data-lazy=\"\/wp-content\/uploads\/replace\/a244a4eae2abbab71451d0b67dde5641.jpeg\" data-was-processed=\"true\" \/><\/p>\n<p><img loading=\"lazy\" decoding=\"async\" class=\"js-descLazyload lazy-loaded alignnone\" src=\"\/wp-content\/uploads\/replace\/7b67378dc1f552f2388dd8a3eef4ba28.jpeg\" alt=\"Realme Buds Air Neo TWS Bluetooth 5.0 Earphone Wholesale\" width=\"1440\" height=\"861\" data-lazy=\"\/wp-content\/uploads\/replace\/7b67378dc1f552f2388dd8a3eef4ba28.jpeg\" data-was-processed=\"true\" \/><\/p>\n<p><img loading=\"lazy\" decoding=\"async\" class=\"js-descLazyload lazy-loaded alignnone\" src=\"\/wp-content\/uploads\/replace\/491a6cf3dc1b44a7d9e96900adededb7.jpeg\" alt=\"Realme Buds Air Neo TWS Bluetooth 5.0 Earphone Wholesale\" width=\"1438\" height=\"758\" data-lazy=\"\/wp-content\/uploads\/replace\/491a6cf3dc1b44a7d9e96900adededb7.jpeg\" data-was-processed=\"true\" \/><\/p>\n<p><img loading=\"lazy\" decoding=\"async\" class=\"js-descLazyload lazy-loaded alignnone\" src=\"\/wp-content\/uploads\/replace\/dca553e49f1dcd1fe92a078a840119cc.jpeg\" alt=\"Realme Buds Air Neo TWS Bluetooth 5.0 Earphone Wholesale\" width=\"1440\" height=\"936\" data-lazy=\"\/wp-content\/uploads\/replace\/dca553e49f1dcd1fe92a078a840119cc.jpeg\" data-was-processed=\"true\" \/><\/p>\n<p><img loading=\"lazy\" decoding=\"async\" class=\"js-descLazyload lazy-loaded alignnone\" src=\"\/wp-content\/uploads\/replace\/017cd9629a869d07aa210459b775887c.jpeg\" alt=\"Realme Buds Air Neo TWS Bluetooth 5.0 Earphone Wholesale\" width=\"1440\" height=\"703\" data-lazy=\"\/wp-content\/uploads\/replace\/017cd9629a869d07aa210459b775887c.jpeg\" data-was-processed=\"true\" \/><\/p>\n<div class=\"textDesc\">\n<p class=\"textDescTitle\"><strong>Principais caracter\u00edsticas<\/strong><\/p>\n<p class=\"textDescContent\">\u2022 Com microfone: Sim<br \/>\n\u2022 Vers\u00e3o Bluetooth: 5.0<br \/>\n\u2022 Alcance sem fio: 10 m<br \/>\n\u2022 Dura\u00e7\u00e3o da bateria: 17 horas, Tempo de carregamento: 2 horas<br \/>\n\u2022 Driver de refor\u00e7o din\u00e2mico de graves de 13 mm<br \/>\n\u2022 Controles de toque inteligentes, reprodu\u00e7\u00e3o total de 17 horas<br \/>\n\u2022 Modo de jogo com lat\u00eancia superbaixa<br \/>\n\u2022 Design de fone de ouvido leve de 4,1 g<br \/>\n\u2022 Conectividade do aplicativo Realme Link<\/p>\n<p>\ufe63Chip: chip de fone de ouvido R1<br \/>\n\ufe63Sensibilidade:-88bB(-80\u201392)<br \/>\n\ufe63Codec de \u00e1udio: SBC AAC<br \/>\n\ufe63Conectividade: Bluetooth 5.0; Alcance efetivo de 10 metros<br \/>\n\ufe63Bateria: at\u00e9 17 horas de reprodu\u00e7\u00e3o; fone de ouvido cerca de 3 horas<br \/>\n\ufe63N\u00edvel \u00e0 prova d&#039;\u00e1gua: IPX4<br \/>\n\ufe63Tamanho e altura do peso: 51,3 mm * 45,3 mm * 25,3 mm;<br \/>\n\ufe63Fone de ouvido: 4,1g (fone de ouvido \u00fanico); Caixa de carregamento: 30,5g<br \/>\n\ufe63Controles: Suporte ao controle de toque<br \/>\nToque duplo: atender uma chamada; reproduzir\/pausar a reprodu\u00e7\u00e3o de m\u00fasica.<br \/>\nToque tr\u00eas vezes: pule para a pr\u00f3xima m\u00fasica.<br \/>\nPressione e segure um lado: inicie o assistente de voz; encerrar\/recusar uma chamada;<br \/>\nPressione e segure ambos os lados: Entrar\/sair do Modo de Jogo.<\/p>\n<\/div>\n<div class=\"sizeDesc js-sizeDescription\">\n<p class=\"sizeDescTitle\"><strong>Especifica\u00e7\u00e3o<\/strong><\/p>\n<div class=\"sizeDescTable\">\n<div class=\"sizeDescCate  topBorder\">\n<div class=\"sizeDescCateContent\">Escopo de aplica\u00e7\u00e3o<\/div>\n<\/div>\n<div class=\"sizeDescDetail  topBorder\">\n<div class=\"sizeDescContent\">Jogos, esportes, corrida<\/div>\n<\/div>\n<\/div>\n<div class=\"sizeDescTable\">\n<div class=\"sizeDescCate\">\n<div class=\"sizeDescCateContent\">Conectividade<\/div>\n<\/div>\n<div class=\"sizeDescDetail\">\n<div class=\"sizeDescContent\">Sem fio<\/div>\n<\/div>\n<\/div>\n<div class=\"sizeDescTable\">\n<div class=\"sizeDescCate\">\n<div class=\"sizeDescCateContent\">Compat\u00edvel com<\/div>\n<\/div>\n<div class=\"sizeDescDetail\">\n<div class=\"sizeDescContent\">iPhone,Telem\u00f3vel<\/div>\n<\/div>\n<\/div>\n<div class=\"sizeDescTable\">\n<div class=\"sizeDescCate\">\n<div class=\"sizeDescCateContent\">conte\u00fado do pacote<\/div>\n<\/div>\n<div class=\"sizeDescDetail\">\n<div class=\"sizeDescContent\">Realme Buds Air Neo *1; Estojo de carregamento sem fio * 1; Cabo de carregamento tipo C * 1<\/div>\n<\/div>\n<\/div>\n<div class=\"sizeDescTable\">\n<div class=\"sizeDescCate\">\n<div class=\"sizeDescCateContent\">Caracter\u00edsticas<\/div>\n<\/div>\n<div class=\"sizeDescDetail\">\n<div class=\"sizeDescContent\">PORT\u00c1TIL<\/div>\n<\/div>\n<\/div>\n<div class=\"sizeDescTable\">\n<div class=\"sizeDescCate\">\n<div class=\"sizeDescCateContent\">Tipo de uso<\/div>\n<\/div>\n<div class=\"sizeDescDetail\">\n<div class=\"sizeDescContent\">No ouvido<\/div>\n<\/div>\n<\/div>\n<div class=\"sizeDescTable\">\n<div class=\"sizeDescCate\">\n<div class=\"sizeDescCateContent\">Marcas<\/div>\n<\/div>\n<div class=\"sizeDescDetail\">\n<div class=\"sizeDescContent\">Eu de verdade<\/div>\n<\/div>\n<\/div>\n<div class=\"sizeDescTable\">\n<div class=\"sizeDescCate\">\n<div class=\"sizeDescCateContent\">Com fun\u00e7\u00e3o de modem<\/div>\n<\/div>\n<div class=\"sizeDescDetail\">\n<div class=\"sizeDescContent\">\u00c0 prova d&#039;\u00e1gua, Bluetooth, microfone, atendedor de telefone<\/div>\n<\/div>\n<\/div>\n<div class=\"sizeDescTable\">\n<div class=\"sizeDescCate\">\n<div class=\"sizeDescCateContent\">Modelo de produto<\/div>\n<\/div>\n<div class=\"sizeDescDetail\">\n<div class=\"sizeDescContent\">Realme Buds Air Neo<\/div>\n<\/div>\n<\/div>\n<\/div>","protected":false},"excerpt":{"rendered":"<p class=\"textDescTitle\"><strong>Principais caracter\u00edsticas<\/strong><\/p>\n<p class=\"textDescContent\">\u2022 Com microfone: Sim<br \/>\n\u2022 Vers\u00e3o Bluetooth: 5.0<br \/>\n\u2022 Alcance sem fio: 10 m<br \/>\n\u2022 Dura\u00e7\u00e3o da bateria: 17 horas, Tempo de carregamento: 2 horas<br \/>\n\u2022 Driver de refor\u00e7o din\u00e2mico de graves de 13 mm<br \/>\n\u2022 Controles de toque inteligentes, reprodu\u00e7\u00e3o total de 17 horas<br \/>\n\u2022 Modo de jogo com lat\u00eancia superbaixa<br \/>\n\u2022 Design de fone de ouvido leve de 4,1 g<br \/>\n\u2022 Conectividade do aplicativo Realme Link<\/p>","protected":false},"featured_media":24918,"template":"","meta":[],"product_brand":[],"product_cat":[1349,1305],"product_tag":[1160],"class_list":{"0":"post-24808","1":"product","2":"type-product","3":"status-publish","4":"has-post-thumbnail","6":"product_cat-realme-earphone-xiaomi-eco","7":"product_cat-xiaomi-eco","8":"product_tag-realme-buds","10":"first","11":"instock","12":"shipping-taxable","13":"product-type-external"},"aioseo_notices":[],"aioseo_head":"\n\t\t<!-- All in One SEO Pro 4.5.9.2 - aioseo.com -->\n\t\t<meta name=\"description\" content=\"Main Features \u2022 With Mic:Yes \u2022 Bluetooth version: 5.0 \u2022 Wireless range: 10 m \u2022 Battery life: 17 Hours , Charging time: 2 hours \u2022 13mm Dynamic Bass Boost Driver \u2022 Intelligent Touch Controls, 17 hour total playback \u2022 Super Low latency gaming mode \u2022 4.1g lightweight earbud design \u2022 Realme Link app connectivity\" \/>\n\t\t<meta name=\"robots\" content=\"max-image-preview:large\" \/>\n\t\t<link rel=\"canonical\" href=\"https:\/\/www.rucashk.com\/pt\/produto\/realme-buds-air-neo-tws-bluetooth-5-0-earphone-wholesale\/\" \/>\n\t\t<meta name=\"generator\" content=\"All in One SEO Pro (AIOSEO) 4.5.9.2\" \/>\n\t\t<meta property=\"og:locale\" content=\"pt_PT\" \/>\n\t\t<meta property=\"og:site_name\" content=\"Rucas - One-stop AIoT Distribution Worldwide\" \/>\n\t\t<meta property=\"og:type\" content=\"article\" \/>\n\t\t<meta property=\"og:title\" content=\"Realme Buds Air Neo TWS Bluetooth 5.0 Earphone Wholesale - Rucas - Wholesale and Distribution\" \/>\n\t\t<meta property=\"og:description\" content=\"Main Features \u2022 With Mic:Yes \u2022 Bluetooth version: 5.0 \u2022 Wireless range: 10 m \u2022 Battery life: 17 Hours , Charging time: 2 hours \u2022 13mm Dynamic Bass Boost Driver \u2022 Intelligent Touch Controls, 17 hour total playback \u2022 Super Low latency gaming mode \u2022 4.1g lightweight earbud design \u2022 Realme Link app connectivity\" \/>\n\t\t<meta property=\"og:url\" content=\"https:\/\/www.rucashk.com\/pt\/produto\/realme-buds-air-neo-tws-bluetooth-5-0-earphone-wholesale\/\" \/>\n\t\t<meta property=\"og:image\" content=\"https:\/\/www.rucashk.com\/wp-content\/uploads\/replace\/503b8e645f128a97ccde2b6290747646.jpeg\" \/>\n\t\t<meta property=\"og:image:secure_url\" content=\"https:\/\/www.rucashk.com\/wp-content\/uploads\/replace\/503b8e645f128a97ccde2b6290747646.jpeg\" \/>\n\t\t<meta property=\"og:image:width\" content=\"1456\" \/>\n\t\t<meta property=\"og:image:height\" content=\"816\" \/>\n\t\t<meta property=\"article:published_time\" content=\"2024-01-09T16:09:30+00:00\" \/>\n\t\t<meta property=\"article:modified_time\" content=\"2024-03-13T04:24:18+00:00\" \/>\n\t\t<meta name=\"twitter:card\" content=\"summary_large_image\" \/>\n\t\t<meta name=\"twitter:title\" content=\"Realme Buds Air Neo TWS Bluetooth 5.0 Earphone Wholesale - Rucas - Wholesale and Distribution\" \/>\n\t\t<meta name=\"twitter:description\" content=\"Main Features \u2022 With Mic:Yes \u2022 Bluetooth version: 5.0 \u2022 Wireless range: 10 m \u2022 Battery life: 17 Hours , Charging time: 2 hours \u2022 13mm Dynamic Bass Boost Driver \u2022 Intelligent Touch Controls, 17 hour total playback \u2022 Super Low latency gaming mode \u2022 4.1g lightweight earbud design \u2022 Realme Link app connectivity\" \/>\n\t\t<meta name=\"twitter:image\" content=\"https:\/\/www.rucashk.com\/wp-content\/uploads\/replace\/503b8e645f128a97ccde2b6290747646.jpeg\" \/>\n\t\t<script type=\"application\/ld+json\" class=\"aioseo-schema\">\n\t\t\t{\"@context\":\"https:\\\/\\\/schema.org\",\"@graph\":[{\"@type\":\"BreadcrumbList\",\"@id\":\"https:\\\/\\\/www.rucashk.com\\\/pt\\\/produto\\\/realme-buds-air-neo-tws-bluetooth-5-0-earphone-wholesale\\\/#breadcrumblist\",\"itemListElement\":[{\"@type\":\"ListItem\",\"@id\":\"https:\\\/\\\/www.rucashk.com\\\/pt\\\/#listItem\",\"position\":1,\"name\":\"Home\",\"item\":\"https:\\\/\\\/www.rucashk.com\\\/pt\\\/\",\"nextItem\":\"https:\\\/\\\/www.rucashk.com\\\/pt\\\/produto\\\/realme-buds-air-neo-tws-bluetooth-5-0-earphone-wholesale\\\/#listItem\"},{\"@type\":\"ListItem\",\"@id\":\"https:\\\/\\\/www.rucashk.com\\\/pt\\\/produto\\\/realme-buds-air-neo-tws-bluetooth-5-0-earphone-wholesale\\\/#listItem\",\"position\":2,\"name\":\"Realme Buds Air Neo TWS Bluetooth 5.0 Earphone Wholesale\",\"previousItem\":\"https:\\\/\\\/www.rucashk.com\\\/pt\\\/#listItem\"}]},{\"@type\":\"Organization\",\"@id\":\"https:\\\/\\\/www.rucashk.com\\\/pt\\\/#organization\",\"name\":\"Rucas\",\"url\":\"https:\\\/\\\/www.rucashk.com\\\/pt\\\/\",\"logo\":{\"@type\":\"ImageObject\",\"url\":\"https:\\\/\\\/www.rucashk.com\\\/wp-content\\\/uploads\\\/2023\\\/12\\\/Rucas_campany_logo.png\",\"@id\":\"https:\\\/\\\/www.rucashk.com\\\/pt\\\/produto\\\/realme-buds-air-neo-tws-bluetooth-5-0-earphone-wholesale\\\/#organizationLogo\",\"width\":221,\"height\":65},\"image\":{\"@id\":\"https:\\\/\\\/www.rucashk.com\\\/pt\\\/#organizationLogo\"}},{\"@type\":\"Person\",\"@id\":\"https:\\\/\\\/www.rucashk.com\\\/pt\\\/author\\\/admin\\\/#author\",\"url\":\"https:\\\/\\\/www.rucashk.com\\\/pt\\\/author\\\/admin\\\/\",\"name\":\"admin\",\"image\":{\"@type\":\"ImageObject\",\"@id\":\"https:\\\/\\\/www.rucashk.com\\\/pt\\\/produto\\\/realme-buds-air-neo-tws-bluetooth-5-0-earphone-wholesale\\\/#authorImage\",\"url\":\"https:\\\/\\\/secure.gravatar.com\\\/avatar\\\/b7c8925b09a27e72b30232f8ecaadbd5af0f70a38c78096863fe51b64f031c24?s=96&d=mm&r=g\",\"width\":96,\"height\":96,\"caption\":\"admin\"}},{\"@type\":\"WebPage\",\"@id\":\"https:\\\/\\\/www.rucashk.com\\\/pt\\\/produto\\\/realme-buds-air-neo-tws-bluetooth-5-0-earphone-wholesale\\\/#webpage\",\"url\":\"https:\\\/\\\/www.rucashk.com\\\/pt\\\/produto\\\/realme-buds-air-neo-tws-bluetooth-5-0-earphone-wholesale\\\/\",\"name\":\"Realme Buds Air Neo TWS Bluetooth 5.0 Earphone Wholesale - Rucas - Wholesale and Distribution\",\"description\":\"Main Features \\u2022 With Mic:Yes \\u2022 Bluetooth version: 5.0 \\u2022 Wireless range: 10 m \\u2022 Battery life: 17 Hours , Charging time: 2 hours \\u2022 13mm Dynamic Bass Boost Driver \\u2022 Intelligent Touch Controls, 17 hour total playback \\u2022 Super Low latency gaming mode \\u2022 4.1g lightweight earbud design \\u2022 Realme Link app connectivity\",\"inLanguage\":\"pt-PT\",\"isPartOf\":{\"@id\":\"https:\\\/\\\/www.rucashk.com\\\/pt\\\/#website\"},\"breadcrumb\":{\"@id\":\"https:\\\/\\\/www.rucashk.com\\\/pt\\\/produto\\\/realme-buds-air-neo-tws-bluetooth-5-0-earphone-wholesale\\\/#breadcrumblist\"},\"author\":{\"@id\":\"https:\\\/\\\/www.rucashk.com\\\/pt\\\/author\\\/admin\\\/#author\"},\"creator\":{\"@id\":\"https:\\\/\\\/www.rucashk.com\\\/pt\\\/author\\\/admin\\\/#author\"},\"image\":{\"@type\":\"ImageObject\",\"url\":\"https:\\\/\\\/www.rucashk.com\\\/wp-content\\\/uploads\\\/2024\\\/01\\\/de9ee8b6-bcd0-455e-9554-ede696218d0d.png\",\"@id\":\"https:\\\/\\\/www.rucashk.com\\\/pt\\\/produto\\\/realme-buds-air-neo-tws-bluetooth-5-0-earphone-wholesale\\\/#mainImage\",\"width\":800,\"height\":800},\"primaryImageOfPage\":{\"@id\":\"https:\\\/\\\/www.rucashk.com\\\/pt\\\/produto\\\/realme-buds-air-neo-tws-bluetooth-5-0-earphone-wholesale\\\/#mainImage\"},\"datePublished\":\"2024-01-09T16:09:30+00:00\",\"dateModified\":\"2024-03-13T04:24:18+00:00\"},{\"@type\":\"WebSite\",\"@id\":\"https:\\\/\\\/www.rucashk.com\\\/pt\\\/#website\",\"url\":\"https:\\\/\\\/www.rucashk.com\\\/pt\\\/\",\"name\":\"Rucas - Wholesale and distribution worldwide\",\"alternateName\":\"Rucas - One-stop AIoT Distribution Worldwide\",\"description\":\"One-stop AIoT Distribution Worldwide\",\"inLanguage\":\"pt-PT\",\"publisher\":{\"@id\":\"https:\\\/\\\/www.rucashk.com\\\/pt\\\/#organization\"}}]}\n\t\t<\/script>\n\t\t<!-- All in One SEO Pro -->\r\n\t\t<title>Realme Buds Air Neo TWS Bluetooth 5.0 Earphone Wholesale - Rucas - Wholesale and Distribution<\/title>\n\n","aioseo_head_json":{"title":"Realme Buds Air Neo TWS Bluetooth 5.0 Earphone Wholesale - Rucas - Wholesale and Distribution","description":"Main Features \u2022 With Mic:Yes \u2022 Bluetooth version: 5.0 \u2022 Wireless range: 10 m \u2022 Battery life: 17 Hours , Charging time: 2 hours \u2022 13mm Dynamic Bass Boost Driver \u2022 Intelligent Touch Controls, 17 hour total playback \u2022 Super Low latency gaming mode \u2022 4.1g lightweight earbud design \u2022 Realme Link app connectivity","canonical_url":"https:\/\/www.rucashk.com\/pt\/produto\/realme-buds-air-neo-tws-bluetooth-5-0-earphone-wholesale\/","robots":"max-image-preview:large","keywords":"","webmasterTools":{"miscellaneous":""},"og:locale":"pt_PT","og:site_name":"Rucas - One-stop AIoT Distribution Worldwide","og:type":"article","og:title":"Realme Buds Air Neo TWS Bluetooth 5.0 Earphone Wholesale - Rucas - Wholesale and Distribution","og:description":"Main Features \u2022 With Mic:Yes \u2022 Bluetooth version: 5.0 \u2022 Wireless range: 10 m \u2022 Battery life: 17 Hours , Charging time: 2 hours \u2022 13mm Dynamic Bass Boost Driver \u2022 Intelligent Touch Controls, 17 hour total playback \u2022 Super Low latency gaming mode \u2022 4.1g lightweight earbud design \u2022 Realme Link app connectivity","og:url":"https:\/\/www.rucashk.com\/pt\/produto\/realme-buds-air-neo-tws-bluetooth-5-0-earphone-wholesale\/","og:image":"https:\/\/www.rucashk.com\/wp-content\/uploads\/replace\/503b8e645f128a97ccde2b6290747646.jpeg","og:image:secure_url":"https:\/\/www.rucashk.com\/wp-content\/uploads\/replace\/503b8e645f128a97ccde2b6290747646.jpeg","og:image:width":1456,"og:image:height":816,"article:published_time":"2024-01-09T16:09:30+00:00","article:modified_time":"2024-03-13T04:24:18+00:00","twitter:card":"summary_large_image","twitter:title":"Realme Buds Air Neo TWS Bluetooth 5.0 Earphone Wholesale - Rucas - Wholesale and Distribution","twitter:description":"Main Features \u2022 With Mic:Yes \u2022 Bluetooth version: 5.0 \u2022 Wireless range: 10 m \u2022 Battery life: 17 Hours , Charging time: 2 hours \u2022 13mm Dynamic Bass Boost Driver \u2022 Intelligent Touch Controls, 17 hour total playback \u2022 Super Low latency gaming mode \u2022 4.1g lightweight earbud design \u2022 Realme Link app connectivity","twitter:image":"https:\/\/www.rucashk.com\/wp-content\/uploads\/replace\/503b8e645f128a97ccde2b6290747646.jpeg","schema":{"@context":"https:\/\/schema.org","@graph":[{"@type":"BreadcrumbList","@id":"https:\/\/www.rucashk.com\/pt\/produto\/realme-buds-air-neo-tws-bluetooth-5-0-earphone-wholesale\/#breadcrumblist","itemListElement":[{"@type":"ListItem","@id":"https:\/\/www.rucashk.com\/pt\/#listItem","position":1,"name":"Home","item":"https:\/\/www.rucashk.com\/pt\/","nextItem":"https:\/\/www.rucashk.com\/pt\/produto\/realme-buds-air-neo-tws-bluetooth-5-0-earphone-wholesale\/#listItem"},{"@type":"ListItem","@id":"https:\/\/www.rucashk.com\/pt\/produto\/realme-buds-air-neo-tws-bluetooth-5-0-earphone-wholesale\/#listItem","position":2,"name":"Realme Buds Air Neo TWS Bluetooth 5.0 Earphone Wholesale","previousItem":"https:\/\/www.rucashk.com\/pt\/#listItem"}]},{"@type":"Organization","@id":"https:\/\/www.rucashk.com\/pt\/#organization","name":"Rucas","url":"https:\/\/www.rucashk.com\/pt\/","logo":{"@type":"ImageObject","url":"https:\/\/www.rucashk.com\/wp-content\/uploads\/2023\/12\/Rucas_campany_logo.png","@id":"https:\/\/www.rucashk.com\/pt\/produto\/realme-buds-air-neo-tws-bluetooth-5-0-earphone-wholesale\/#organizationLogo","width":221,"height":65},"image":{"@id":"https:\/\/www.rucashk.com\/pt\/#organizationLogo"}},{"@type":"Person","@id":"https:\/\/www.rucashk.com\/pt\/author\/admin\/#author","url":"https:\/\/www.rucashk.com\/pt\/author\/admin\/","name":"admin","image":{"@type":"ImageObject","@id":"https:\/\/www.rucashk.com\/pt\/produto\/realme-buds-air-neo-tws-bluetooth-5-0-earphone-wholesale\/#authorImage","url":"https:\/\/secure.gravatar.com\/avatar\/b7c8925b09a27e72b30232f8ecaadbd5af0f70a38c78096863fe51b64f031c24?s=96&d=mm&r=g","width":96,"height":96,"caption":"admin"}},{"@type":"WebPage","@id":"https:\/\/www.rucashk.com\/pt\/produto\/realme-buds-air-neo-tws-bluetooth-5-0-earphone-wholesale\/#webpage","url":"https:\/\/www.rucashk.com\/pt\/produto\/realme-buds-air-neo-tws-bluetooth-5-0-earphone-wholesale\/","name":"Realme Buds Air Neo TWS Bluetooth 5.0 Earphone Wholesale - Rucas - Wholesale and Distribution","description":"Main Features \u2022 With Mic:Yes \u2022 Bluetooth version: 5.0 \u2022 Wireless range: 10 m \u2022 Battery life: 17 Hours , Charging time: 2 hours \u2022 13mm Dynamic Bass Boost Driver \u2022 Intelligent Touch Controls, 17 hour total playback \u2022 Super Low latency gaming mode \u2022 4.1g lightweight earbud design \u2022 Realme Link app connectivity","inLanguage":"pt-PT","isPartOf":{"@id":"https:\/\/www.rucashk.com\/pt\/#website"},"breadcrumb":{"@id":"https:\/\/www.rucashk.com\/pt\/produto\/realme-buds-air-neo-tws-bluetooth-5-0-earphone-wholesale\/#breadcrumblist"},"author":{"@id":"https:\/\/www.rucashk.com\/pt\/author\/admin\/#author"},"creator":{"@id":"https:\/\/www.rucashk.com\/pt\/author\/admin\/#author"},"image":{"@type":"ImageObject","url":"https:\/\/www.rucashk.com\/wp-content\/uploads\/2024\/01\/de9ee8b6-bcd0-455e-9554-ede696218d0d.png","@id":"https:\/\/www.rucashk.com\/pt\/produto\/realme-buds-air-neo-tws-bluetooth-5-0-earphone-wholesale\/#mainImage","width":800,"height":800},"primaryImageOfPage":{"@id":"https:\/\/www.rucashk.com\/pt\/produto\/realme-buds-air-neo-tws-bluetooth-5-0-earphone-wholesale\/#mainImage"},"datePublished":"2024-01-09T16:09:30+00:00","dateModified":"2024-03-13T04:24:18+00:00"},{"@type":"WebSite","@id":"https:\/\/www.rucashk.com\/pt\/#website","url":"https:\/\/www.rucashk.com\/pt\/","name":"Rucas - Wholesale and distribution worldwide","alternateName":"Rucas - One-stop AIoT Distribution Worldwide","description":"One-stop AIoT Distribution Worldwide","inLanguage":"pt-PT","publisher":{"@id":"https:\/\/www.rucashk.com\/pt\/#organization"}}]}},"aioseo_meta_data":{"post_id":"24808","title":null,"description":null,"keywords":null,"keyphrases":null,"primary_term":null,"canonical_url":null,"og_title":null,"og_description":null,"og_object_type":"default","og_image_type":"default","og_image_url":null,"og_image_width":null,"og_image_height":null,"og_image_custom_url":null,"og_image_custom_fields":null,"og_video":null,"og_custom_url":null,"og_article_section":null,"og_article_tags":null,"twitter_use_og":false,"twitter_card":"default","twitter_image_type":"default","twitter_image_url":null,"twitter_image_custom_url":null,"twitter_image_custom_fields":null,"twitter_title":null,"twitter_description":null,"schema":{"blockGraphs":[],"customGraphs":[],"default":{"data":{"Article":[],"Course":[],"Dataset":[],"FAQPage":[],"Movie":[],"Person":[],"Product":[],"Recipe":[],"Service":[],"SoftwareApplication":[],"WebPage":[]},"graphName":"","isEnabled":true},"graphs":[]},"schema_type":"default","schema_type_options":null,"pillar_content":false,"robots_default":true,"robots_noindex":false,"robots_noarchive":false,"robots_nosnippet":false,"robots_nofollow":false,"robots_noimageindex":false,"robots_noodp":false,"robots_notranslate":false,"robots_max_snippet":null,"robots_max_videopreview":null,"robots_max_imagepreview":"large","priority":null,"frequency":null,"local_seo":null,"breadcrumb_settings":null,"limit_modified_date":false,"created":"2024-04-11 01:57:15","updated":"2025-06-22 17:40:07"},"aioseo_breadcrumb":"<div class=\"aioseo-breadcrumbs\"><span class=\"aioseo-breadcrumb\">\n\t<a href=\"https:\/\/www.rucashk.com\/pt\" title=\"Home\">Home<\/a>\n<\/span><span class=\"aioseo-breadcrumb-separator\">&raquo;<\/span><span class=\"aioseo-breadcrumb\">\n\t<a href=\"https:\/\/www.rucashk.com\/pt\/products\/\" title=\"Produtos\">Produtos<\/a>\n<\/span><span class=\"aioseo-breadcrumb-separator\">&raquo;<\/span><span class=\"aioseo-breadcrumb\">\n\t<a href=\"https:\/\/www.rucashk.com\/pt\/categoria-produto\/xiaomi-eco\/\" title=\"Xiaomi Eco\">Xiaomi Eco<\/a>\n<\/span><span class=\"aioseo-breadcrumb-separator\">&raquo;<\/span><span class=\"aioseo-breadcrumb\">\n\t<a href=\"https:\/\/www.rucashk.com\/pt\/categoria-produto\/xiaomi-eco\/realme-earphone-xiaomi-eco\/\" title=\"Realme Earphone\">Realme Earphone<\/a>\n<\/span><span class=\"aioseo-breadcrumb-separator\">&raquo;<\/span><span class=\"aioseo-breadcrumb\">\n\tRealme Buds Air Neo TWS Bluetooth 5.0 Earphone Wholesale\n<\/span><\/div>","aioseo_breadcrumb_json":[{"label":"Home","link":"https:\/\/www.rucashk.com\/pt"},{"label":"Produtos","link":"https:\/\/www.rucashk.com\/pt\/products\/"},{"label":"Xiaomi Eco","link":"https:\/\/www.rucashk.com\/pt\/categoria-produto\/xiaomi-eco\/"},{"label":"Realme Earphone","link":"https:\/\/www.rucashk.com\/pt\/categoria-produto\/xiaomi-eco\/realme-earphone-xiaomi-eco\/"},{"label":"Realme Buds Air Neo TWS Bluetooth 5.0 Earphone Wholesale","link":"https:\/\/www.rucashk.com\/pt\/produto\/realme-buds-air-neo-tws-bluetooth-5-0-earphone-wholesale\/"}],"_links":{"self":[{"href":"https:\/\/www.rucashk.com\/pt\/wp-json\/wp\/v2\/product\/24808","targetHints":{"allow":["GET"]}}],"collection":[{"href":"https:\/\/www.rucashk.com\/pt\/wp-json\/wp\/v2\/product"}],"about":[{"href":"https:\/\/www.rucashk.com\/pt\/wp-json\/wp\/v2\/types\/product"}],"wp:featuredmedia":[{"embeddable":true,"href":"https:\/\/www.rucashk.com\/pt\/wp-json\/wp\/v2\/media\/24918"}],"wp:attachment":[{"href":"https:\/\/www.rucashk.com\/pt\/wp-json\/wp\/v2\/media?parent=24808"}],"wp:term":[{"taxonomy":"product_brand","embeddable":true,"href":"https:\/\/www.rucashk.com\/pt\/wp-json\/wp\/v2\/product_brand?post=24808"},{"taxonomy":"product_cat","embeddable":true,"href":"https:\/\/www.rucashk.com\/pt\/wp-json\/wp\/v2\/product_cat?post=24808"},{"taxonomy":"product_tag","embeddable":true,"href":"https:\/\/www.rucashk.com\/pt\/wp-json\/wp\/v2\/product_tag?post=24808"}],"curies":[{"name":"wp","href":"https:\/\/api.w.org\/{rel}","templated":true}]}}