{"id":24806,"date":"2024-01-09T16:09:29","date_gmt":"2024-01-09T16:09:29","guid":{"rendered":"http:\/\/rucashk.com\/?post_type=product&#038;p=24806"},"modified":"2024-03-13T06:31:30","modified_gmt":"2024-03-13T06:31:30","slug":"realme-band-1-wholesale","status":"publish","type":"product","link":"https:\/\/www.rucashk.com\/pt\/produto\/realme-band-1-wholesale\/","title":{"rendered":"Banda Realme 1 atacado"},"content":{"rendered":"<div class=\"sec-remark-row\">\n<div class=\"sec-remark-col\">\n<h2 style=\"text-align: center\">Banda Realme 1<\/h2>\n<h2 style=\"text-align: center\"><img fetchpriority=\"high\" decoding=\"async\" class=\"alignnone wp-image-22598 size-full\" src=\"\/wp-content\/uploads\/replace\/f505729b520e2b4d135cdbd83d0e108a.png\" alt=\"Realme Band 1 Wholesale\" width=\"1330\" height=\"668\" \/><img decoding=\"async\" class=\"alignnone wp-image-22599 size-full\" src=\"\/wp-content\/uploads\/replace\/d928c1c2e7b6d0863a643bf6ae9d203d.png\" alt=\"Realme Band 1 Wholesale\" width=\"1330\" height=\"620\" \/><img decoding=\"async\" class=\"alignnone wp-image-22600 size-full\" src=\"\/wp-content\/uploads\/replace\/a34a11f6504866cc848649016a1ebb23.png\" alt=\"Realme Band 1 Wholesale\" width=\"1330\" height=\"607\" \/><img loading=\"lazy\" decoding=\"async\" class=\"alignnone wp-image-22601 size-full\" src=\"\/wp-content\/uploads\/replace\/b283bdb4d25cd0ae740c0af10ee243a2.png\" alt=\"Realme Band 1 Wholesale\" width=\"1330\" height=\"597\" \/><img loading=\"lazy\" decoding=\"async\" class=\"alignnone wp-image-22602 size-full\" src=\"\/wp-content\/uploads\/replace\/707da5d8710a84610ff4f238e8ffe21e.png\" alt=\"Realme Band 1 Wholesale\" width=\"1330\" height=\"606\" \/><img loading=\"lazy\" decoding=\"async\" class=\"alignnone wp-image-22603 size-full\" src=\"\/wp-content\/uploads\/replace\/f1dc21117219155a498d39c55af88855.png\" alt=\"Realme Band 1 Wholesale\" width=\"1330\" height=\"607\" \/><img loading=\"lazy\" decoding=\"async\" class=\"alignnone wp-image-22604 size-full\" src=\"\/wp-content\/uploads\/replace\/b190c678dfddc0377572865fe464f65d.png\" alt=\"Realme Band 1 Wholesale\" width=\"1330\" height=\"567\" \/><\/h2>\n<h3 class=\"sec-spec-title opensans-semibold\">Apar\u00eancia<\/h3>\n<p>Cor: preto, verde, amarelo<\/p>\n<p>Tamanho: 19,6 * 11,9 * 240 mm (L * A * L)<\/p>\n<p>Peso: 20g<\/p>\n<\/div>\n<div class=\"sec-remark-col\">\n<h3 class=\"sec-spec-title opensans-semibold\">Munhequeira<\/h3>\n<p>Tipo: pulseira remov\u00edvel<\/p>\n<p>Largura: 16mm<\/p>\n<p>Comprimento ajust\u00e1vel: 152-227 mm<\/p>\n<\/div>\n<div class=\"sec-remark-col\">\n<h3 class=\"sec-spec-title opensans-semibold\">Bateria<\/h3>\n<p>Capacidade da bateria: carregamento de 90mAh (BIS)<\/p>\n<p>Tempo de trabalho te\u00f3rico: 10 dias<\/p>\n<p class=\"sec-spec-ext\">* 7 a 10 dias com monitor de frequ\u00eancia card\u00edaca ligado<\/p>\n<\/div>\n<div class=\"sec-remark-col\">\n<h3 class=\"sec-spec-title opensans-semibold\">Tela<\/h3>\n<p>Tamanho da tela: 2,4 cm (0,96\u201d)<\/p>\n<p>Resolu\u00e7\u00e3o: 80*160<\/p>\n<p>Bot\u00e3o virtual \u00fanico<\/p>\n<\/div>\n<div class=\"sec-remark-col\">\n<h3 class=\"sec-spec-title opensans-semibold\">Sensor<\/h3>\n<p>Aceler\u00f4metro de 3 eixos<\/p>\n<p>Sensor de frequ\u00eancia card\u00edaca<\/p>\n<p>Motor de vibra\u00e7\u00e3o do rotor<\/p>\n<p>Classifica\u00e7\u00e3o de resist\u00eancia \u00e0 \u00e1gua IP68 (1,5 m)<\/p>\n<\/div>\n<div class=\"sec-remark-col\">\n<h3 class=\"sec-spec-title opensans-semibold\">Conectividade<\/h3>\n<p>Bluetooth 4.2<\/p>\n<p>APLICATIVO realme Link<\/p>\n<p>Android 5.0+<\/p>\n<\/div>\n<div class=\"sec-remark-col\">\n<h3 class=\"sec-spec-title opensans-semibold\">Monitor de sa\u00fade<\/h3>\n<p>Medi\u00e7\u00e3o automatizada da frequ\u00eancia card\u00edaca, frequ\u00eancia card\u00edaca em tempo real de 24 horas, frequ\u00eancia card\u00edaca em repouso, frequ\u00eancia card\u00edaca de exerc\u00edcio, detec\u00e7\u00e3o de sono, passos ao longo do dia, calorias, dist\u00e2ncia, lembrete de \u00e1gua, lembrete sedent\u00e1rio<\/p>\n<\/div>\n<div class=\"sec-remark-col\">\n<h3 class=\"sec-spec-title opensans-semibold\">Modo esportivo<\/h3>\n<p>Cr\u00edquete, ioga, corrida, caminhada, caminhada, escalada, ciclismo, spinning, fitness<\/p>\n<\/div>\n<\/div>\n<div class=\"sec-remark-other\">\n<h3 class=\"sec-spec-title opensans-semibold\">Outra fun\u00e7\u00e3o<\/h3>\n<p>Rel\u00f3gio, exibi\u00e7\u00e3o de data, tela horizontal e vertical, mostrador, discagem m\u00faltipla em nuvem, atualiza\u00e7\u00e3o OTA, fonte multil\u00edngue em nuvem, armazenamento de dados, dados durante todo o dia, reconhecimento autom\u00e1tico de movimento, notifica\u00e7\u00e3o de chamada, lembrete de mensagem, lembrete de alarme, lembrete de conclus\u00e3o de meta , lembrete de confirma\u00e7\u00e3o vinculativo, lembrete de bateria fraca, ajuste de brilho, redu\u00e7\u00e3o autom\u00e1tica de brilho \u00e0 noite, desbloqueio de aproxima\u00e7\u00e3o, previs\u00e3o do tempo, monitoramento de desgaste<\/p>\n<p class=\"sec-spec-ext\">* Recursos de previs\u00e3o do tempo, multi-discagem em nuvem e fonte em v\u00e1rios idiomas ser\u00e3o lan\u00e7ados em breve pela OTA.<\/p>\n<\/div>\n<p>&nbsp;<\/p>","protected":false},"excerpt":{"rendered":"<div class=\"sec-remark-col\">\n<p><strong>Principais caracter\u00edsticas<\/strong><\/p>\n<\/div>\n<div class=\"sec-remark-col\">\n<p>Al\u00e7a de pulso remov\u00edvel<\/p>\n<\/div>\n<div class=\"sec-remark-col\">\n<p class=\"sec-spec-title opensans-semibold\">Bateria de longa dura\u00e7\u00e3o<\/p>\n<\/div>\n<div class=\"sec-remark-col\">\n<p class=\"sec-spec-title opensans-semibold\">Monitor de Sa\u00fade<\/p>\n<\/div>\n<div class=\"sec-remark-col\">\n<p class=\"sec-spec-title opensans-semibold\">9 modos esportivos<\/p>\n<p>&nbsp;<\/p>\n<\/div>","protected":false},"featured_media":24914,"template":"","meta":[],"product_brand":[],"product_cat":[1349,1305],"product_tag":[1157],"class_list":{"0":"post-24806","1":"product","2":"type-product","3":"status-publish","4":"has-post-thumbnail","6":"product_cat-realme-earphone-xiaomi-eco","7":"product_cat-xiaomi-eco","8":"product_tag-realme-band-1","10":"first","11":"instock","12":"shipping-taxable","13":"product-type-external"},"aioseo_notices":[],"aioseo_head":"\n\t\t<!-- All in One SEO Pro 4.5.9.2 - aioseo.com -->\n\t\t<meta name=\"description\" content=\"Main Features Removable wrist strap Long Battery Life Health Monitor 9 Sport modes\" \/>\n\t\t<meta name=\"robots\" content=\"max-image-preview:large\" \/>\n\t\t<link rel=\"canonical\" href=\"https:\/\/www.rucashk.com\/pt\/produto\/realme-band-1-wholesale\/\" \/>\n\t\t<meta name=\"generator\" content=\"All in One SEO Pro (AIOSEO) 4.5.9.2\" \/>\n\t\t<meta property=\"og:locale\" content=\"pt_PT\" \/>\n\t\t<meta property=\"og:site_name\" content=\"Rucas - One-stop AIoT Distribution Worldwide\" \/>\n\t\t<meta property=\"og:type\" content=\"article\" \/>\n\t\t<meta property=\"og:title\" content=\"Realme Band 1 Wholesale - Rucas - Wholesale and Distribution\" \/>\n\t\t<meta property=\"og:description\" content=\"Main Features Removable wrist strap Long Battery Life Health Monitor 9 Sport modes\" \/>\n\t\t<meta property=\"og:url\" content=\"https:\/\/www.rucashk.com\/pt\/produto\/realme-band-1-wholesale\/\" \/>\n\t\t<meta property=\"og:image\" content=\"https:\/\/www.rucashk.com\/wp-content\/uploads\/replace\/503b8e645f128a97ccde2b6290747646.jpeg\" \/>\n\t\t<meta property=\"og:image:secure_url\" content=\"https:\/\/www.rucashk.com\/wp-content\/uploads\/replace\/503b8e645f128a97ccde2b6290747646.jpeg\" \/>\n\t\t<meta property=\"og:image:width\" content=\"1456\" \/>\n\t\t<meta property=\"og:image:height\" content=\"816\" \/>\n\t\t<meta property=\"article:published_time\" content=\"2024-01-09T16:09:29+00:00\" \/>\n\t\t<meta property=\"article:modified_time\" content=\"2024-03-13T06:31:30+00:00\" \/>\n\t\t<meta name=\"twitter:card\" content=\"summary_large_image\" \/>\n\t\t<meta name=\"twitter:title\" content=\"Realme Band 1 Wholesale - Rucas - Wholesale and Distribution\" \/>\n\t\t<meta name=\"twitter:description\" content=\"Main Features Removable wrist strap Long Battery Life Health Monitor 9 Sport modes\" \/>\n\t\t<meta name=\"twitter:image\" content=\"https:\/\/www.rucashk.com\/wp-content\/uploads\/replace\/503b8e645f128a97ccde2b6290747646.jpeg\" \/>\n\t\t<script type=\"application\/ld+json\" class=\"aioseo-schema\">\n\t\t\t{\"@context\":\"https:\\\/\\\/schema.org\",\"@graph\":[{\"@type\":\"BreadcrumbList\",\"@id\":\"https:\\\/\\\/www.rucashk.com\\\/pt\\\/produto\\\/realme-band-1-wholesale\\\/#breadcrumblist\",\"itemListElement\":[{\"@type\":\"ListItem\",\"@id\":\"https:\\\/\\\/www.rucashk.com\\\/pt\\\/#listItem\",\"position\":1,\"name\":\"Home\",\"item\":\"https:\\\/\\\/www.rucashk.com\\\/pt\\\/\",\"nextItem\":\"https:\\\/\\\/www.rucashk.com\\\/pt\\\/produto\\\/realme-band-1-wholesale\\\/#listItem\"},{\"@type\":\"ListItem\",\"@id\":\"https:\\\/\\\/www.rucashk.com\\\/pt\\\/produto\\\/realme-band-1-wholesale\\\/#listItem\",\"position\":2,\"name\":\"Realme Band 1 Wholesale\",\"previousItem\":\"https:\\\/\\\/www.rucashk.com\\\/pt\\\/#listItem\"}]},{\"@type\":\"Organization\",\"@id\":\"https:\\\/\\\/www.rucashk.com\\\/pt\\\/#organization\",\"name\":\"Rucas\",\"url\":\"https:\\\/\\\/www.rucashk.com\\\/pt\\\/\",\"logo\":{\"@type\":\"ImageObject\",\"url\":\"https:\\\/\\\/www.rucashk.com\\\/wp-content\\\/uploads\\\/2023\\\/12\\\/Rucas_campany_logo.png\",\"@id\":\"https:\\\/\\\/www.rucashk.com\\\/pt\\\/produto\\\/realme-band-1-wholesale\\\/#organizationLogo\",\"width\":221,\"height\":65},\"image\":{\"@id\":\"https:\\\/\\\/www.rucashk.com\\\/pt\\\/#organizationLogo\"}},{\"@type\":\"Person\",\"@id\":\"https:\\\/\\\/www.rucashk.com\\\/pt\\\/author\\\/admin\\\/#author\",\"url\":\"https:\\\/\\\/www.rucashk.com\\\/pt\\\/author\\\/admin\\\/\",\"name\":\"admin\",\"image\":{\"@type\":\"ImageObject\",\"@id\":\"https:\\\/\\\/www.rucashk.com\\\/pt\\\/produto\\\/realme-band-1-wholesale\\\/#authorImage\",\"url\":\"https:\\\/\\\/secure.gravatar.com\\\/avatar\\\/b7c8925b09a27e72b30232f8ecaadbd5af0f70a38c78096863fe51b64f031c24?s=96&d=mm&r=g\",\"width\":96,\"height\":96,\"caption\":\"admin\"}},{\"@type\":\"WebPage\",\"@id\":\"https:\\\/\\\/www.rucashk.com\\\/pt\\\/produto\\\/realme-band-1-wholesale\\\/#webpage\",\"url\":\"https:\\\/\\\/www.rucashk.com\\\/pt\\\/produto\\\/realme-band-1-wholesale\\\/\",\"name\":\"Realme Band 1 Wholesale - Rucas - Wholesale and Distribution\",\"description\":\"Main Features Removable wrist strap Long Battery Life Health Monitor 9 Sport modes\",\"inLanguage\":\"pt-PT\",\"isPartOf\":{\"@id\":\"https:\\\/\\\/www.rucashk.com\\\/pt\\\/#website\"},\"breadcrumb\":{\"@id\":\"https:\\\/\\\/www.rucashk.com\\\/pt\\\/produto\\\/realme-band-1-wholesale\\\/#breadcrumblist\"},\"author\":{\"@id\":\"https:\\\/\\\/www.rucashk.com\\\/pt\\\/author\\\/admin\\\/#author\"},\"creator\":{\"@id\":\"https:\\\/\\\/www.rucashk.com\\\/pt\\\/author\\\/admin\\\/#author\"},\"image\":{\"@type\":\"ImageObject\",\"url\":\"https:\\\/\\\/www.rucashk.com\\\/wp-content\\\/uploads\\\/2024\\\/01\\\/\\u5fae\\u4fe1\\u622a\\u56fe_20200815114008.png\",\"@id\":\"https:\\\/\\\/www.rucashk.com\\\/pt\\\/produto\\\/realme-band-1-wholesale\\\/#mainImage\",\"width\":800,\"height\":800},\"primaryImageOfPage\":{\"@id\":\"https:\\\/\\\/www.rucashk.com\\\/pt\\\/produto\\\/realme-band-1-wholesale\\\/#mainImage\"},\"datePublished\":\"2024-01-09T16:09:29+00:00\",\"dateModified\":\"2024-03-13T06:31:30+00:00\"},{\"@type\":\"WebSite\",\"@id\":\"https:\\\/\\\/www.rucashk.com\\\/pt\\\/#website\",\"url\":\"https:\\\/\\\/www.rucashk.com\\\/pt\\\/\",\"name\":\"Rucas - Wholesale and distribution worldwide\",\"alternateName\":\"Rucas - One-stop AIoT Distribution Worldwide\",\"description\":\"One-stop AIoT Distribution Worldwide\",\"inLanguage\":\"pt-PT\",\"publisher\":{\"@id\":\"https:\\\/\\\/www.rucashk.com\\\/pt\\\/#organization\"}}]}\n\t\t<\/script>\n\t\t<!-- All in One SEO Pro -->\r\n\t\t<title>Realme Band 1 Wholesale - Rucas - Wholesale and Distribution<\/title>\n\n","aioseo_head_json":{"title":"Realme Band 1 Wholesale - Rucas - Wholesale and Distribution","description":"Main Features Removable wrist strap Long Battery Life Health Monitor 9 Sport modes","canonical_url":"https:\/\/www.rucashk.com\/pt\/produto\/realme-band-1-wholesale\/","robots":"max-image-preview:large","keywords":"","webmasterTools":{"miscellaneous":""},"og:locale":"pt_PT","og:site_name":"Rucas - One-stop AIoT Distribution Worldwide","og:type":"article","og:title":"Realme Band 1 Wholesale - Rucas - Wholesale and Distribution","og:description":"Main Features Removable wrist strap Long Battery Life Health Monitor 9 Sport modes","og:url":"https:\/\/www.rucashk.com\/pt\/produto\/realme-band-1-wholesale\/","og:image":"https:\/\/www.rucashk.com\/wp-content\/uploads\/replace\/503b8e645f128a97ccde2b6290747646.jpeg","og:image:secure_url":"https:\/\/www.rucashk.com\/wp-content\/uploads\/replace\/503b8e645f128a97ccde2b6290747646.jpeg","og:image:width":1456,"og:image:height":816,"article:published_time":"2024-01-09T16:09:29+00:00","article:modified_time":"2024-03-13T06:31:30+00:00","twitter:card":"summary_large_image","twitter:title":"Realme Band 1 Wholesale - Rucas - Wholesale and Distribution","twitter:description":"Main Features Removable wrist strap Long Battery Life Health Monitor 9 Sport modes","twitter:image":"https:\/\/www.rucashk.com\/wp-content\/uploads\/replace\/503b8e645f128a97ccde2b6290747646.jpeg","schema":{"@context":"https:\/\/schema.org","@graph":[{"@type":"BreadcrumbList","@id":"https:\/\/www.rucashk.com\/pt\/produto\/realme-band-1-wholesale\/#breadcrumblist","itemListElement":[{"@type":"ListItem","@id":"https:\/\/www.rucashk.com\/pt\/#listItem","position":1,"name":"Home","item":"https:\/\/www.rucashk.com\/pt\/","nextItem":"https:\/\/www.rucashk.com\/pt\/produto\/realme-band-1-wholesale\/#listItem"},{"@type":"ListItem","@id":"https:\/\/www.rucashk.com\/pt\/produto\/realme-band-1-wholesale\/#listItem","position":2,"name":"Realme Band 1 Wholesale","previousItem":"https:\/\/www.rucashk.com\/pt\/#listItem"}]},{"@type":"Organization","@id":"https:\/\/www.rucashk.com\/pt\/#organization","name":"Rucas","url":"https:\/\/www.rucashk.com\/pt\/","logo":{"@type":"ImageObject","url":"https:\/\/www.rucashk.com\/wp-content\/uploads\/2023\/12\/Rucas_campany_logo.png","@id":"https:\/\/www.rucashk.com\/pt\/produto\/realme-band-1-wholesale\/#organizationLogo","width":221,"height":65},"image":{"@id":"https:\/\/www.rucashk.com\/pt\/#organizationLogo"}},{"@type":"Person","@id":"https:\/\/www.rucashk.com\/pt\/author\/admin\/#author","url":"https:\/\/www.rucashk.com\/pt\/author\/admin\/","name":"admin","image":{"@type":"ImageObject","@id":"https:\/\/www.rucashk.com\/pt\/produto\/realme-band-1-wholesale\/#authorImage","url":"https:\/\/secure.gravatar.com\/avatar\/b7c8925b09a27e72b30232f8ecaadbd5af0f70a38c78096863fe51b64f031c24?s=96&d=mm&r=g","width":96,"height":96,"caption":"admin"}},{"@type":"WebPage","@id":"https:\/\/www.rucashk.com\/pt\/produto\/realme-band-1-wholesale\/#webpage","url":"https:\/\/www.rucashk.com\/pt\/produto\/realme-band-1-wholesale\/","name":"Realme Band 1 Wholesale - Rucas - Wholesale and Distribution","description":"Main Features Removable wrist strap Long Battery Life Health Monitor 9 Sport modes","inLanguage":"pt-PT","isPartOf":{"@id":"https:\/\/www.rucashk.com\/pt\/#website"},"breadcrumb":{"@id":"https:\/\/www.rucashk.com\/pt\/produto\/realme-band-1-wholesale\/#breadcrumblist"},"author":{"@id":"https:\/\/www.rucashk.com\/pt\/author\/admin\/#author"},"creator":{"@id":"https:\/\/www.rucashk.com\/pt\/author\/admin\/#author"},"image":{"@type":"ImageObject","url":"https:\/\/www.rucashk.com\/wp-content\/uploads\/2024\/01\/\u5fae\u4fe1\u622a\u56fe_20200815114008.png","@id":"https:\/\/www.rucashk.com\/pt\/produto\/realme-band-1-wholesale\/#mainImage","width":800,"height":800},"primaryImageOfPage":{"@id":"https:\/\/www.rucashk.com\/pt\/produto\/realme-band-1-wholesale\/#mainImage"},"datePublished":"2024-01-09T16:09:29+00:00","dateModified":"2024-03-13T06:31:30+00:00"},{"@type":"WebSite","@id":"https:\/\/www.rucashk.com\/pt\/#website","url":"https:\/\/www.rucashk.com\/pt\/","name":"Rucas - Wholesale and distribution worldwide","alternateName":"Rucas - One-stop AIoT Distribution Worldwide","description":"One-stop AIoT Distribution Worldwide","inLanguage":"pt-PT","publisher":{"@id":"https:\/\/www.rucashk.com\/pt\/#organization"}}]}},"aioseo_meta_data":{"post_id":"24806","title":null,"description":null,"keywords":null,"keyphrases":null,"primary_term":null,"canonical_url":null,"og_title":null,"og_description":null,"og_object_type":"default","og_image_type":"default","og_image_url":null,"og_image_width":null,"og_image_height":null,"og_image_custom_url":null,"og_image_custom_fields":null,"og_video":null,"og_custom_url":null,"og_article_section":null,"og_article_tags":null,"twitter_use_og":false,"twitter_card":"default","twitter_image_type":"default","twitter_image_url":null,"twitter_image_custom_url":null,"twitter_image_custom_fields":null,"twitter_title":null,"twitter_description":null,"schema":{"blockGraphs":[],"customGraphs":[],"default":{"data":{"Article":[],"Course":[],"Dataset":[],"FAQPage":[],"Movie":[],"Person":[],"Product":[],"Recipe":[],"Service":[],"SoftwareApplication":[],"WebPage":[]},"graphName":"","isEnabled":true},"graphs":[]},"schema_type":"default","schema_type_options":null,"pillar_content":false,"robots_default":true,"robots_noindex":false,"robots_noarchive":false,"robots_nosnippet":false,"robots_nofollow":false,"robots_noimageindex":false,"robots_noodp":false,"robots_notranslate":false,"robots_max_snippet":null,"robots_max_videopreview":null,"robots_max_imagepreview":"large","priority":null,"frequency":null,"local_seo":null,"breadcrumb_settings":null,"limit_modified_date":false,"created":"2024-04-11 01:57:14","updated":"2025-06-22 17:40:06"},"aioseo_breadcrumb":"<div class=\"aioseo-breadcrumbs\"><span class=\"aioseo-breadcrumb\">\n\t<a href=\"https:\/\/www.rucashk.com\/pt\" title=\"Home\">Home<\/a>\n<\/span><span class=\"aioseo-breadcrumb-separator\">&raquo;<\/span><span class=\"aioseo-breadcrumb\">\n\t<a href=\"https:\/\/www.rucashk.com\/pt\/products\/\" title=\"Produtos\">Produtos<\/a>\n<\/span><span class=\"aioseo-breadcrumb-separator\">&raquo;<\/span><span class=\"aioseo-breadcrumb\">\n\t<a href=\"https:\/\/www.rucashk.com\/pt\/categoria-produto\/xiaomi-eco\/\" title=\"Xiaomi Eco\">Xiaomi Eco<\/a>\n<\/span><span class=\"aioseo-breadcrumb-separator\">&raquo;<\/span><span class=\"aioseo-breadcrumb\">\n\t<a href=\"https:\/\/www.rucashk.com\/pt\/categoria-produto\/xiaomi-eco\/realme-earphone-xiaomi-eco\/\" title=\"Realme Earphone\">Realme Earphone<\/a>\n<\/span><span class=\"aioseo-breadcrumb-separator\">&raquo;<\/span><span class=\"aioseo-breadcrumb\">\n\tRealme Band 1 Wholesale\n<\/span><\/div>","aioseo_breadcrumb_json":[{"label":"Home","link":"https:\/\/www.rucashk.com\/pt"},{"label":"Produtos","link":"https:\/\/www.rucashk.com\/pt\/products\/"},{"label":"Xiaomi Eco","link":"https:\/\/www.rucashk.com\/pt\/categoria-produto\/xiaomi-eco\/"},{"label":"Realme Earphone","link":"https:\/\/www.rucashk.com\/pt\/categoria-produto\/xiaomi-eco\/realme-earphone-xiaomi-eco\/"},{"label":"Realme Band 1 Wholesale","link":"https:\/\/www.rucashk.com\/pt\/produto\/realme-band-1-wholesale\/"}],"_links":{"self":[{"href":"https:\/\/www.rucashk.com\/pt\/wp-json\/wp\/v2\/product\/24806","targetHints":{"allow":["GET"]}}],"collection":[{"href":"https:\/\/www.rucashk.com\/pt\/wp-json\/wp\/v2\/product"}],"about":[{"href":"https:\/\/www.rucashk.com\/pt\/wp-json\/wp\/v2\/types\/product"}],"wp:featuredmedia":[{"embeddable":true,"href":"https:\/\/www.rucashk.com\/pt\/wp-json\/wp\/v2\/media\/24914"}],"wp:attachment":[{"href":"https:\/\/www.rucashk.com\/pt\/wp-json\/wp\/v2\/media?parent=24806"}],"wp:term":[{"taxonomy":"product_brand","embeddable":true,"href":"https:\/\/www.rucashk.com\/pt\/wp-json\/wp\/v2\/product_brand?post=24806"},{"taxonomy":"product_cat","embeddable":true,"href":"https:\/\/www.rucashk.com\/pt\/wp-json\/wp\/v2\/product_cat?post=24806"},{"taxonomy":"product_tag","embeddable":true,"href":"https:\/\/www.rucashk.com\/pt\/wp-json\/wp\/v2\/product_tag?post=24806"}],"curies":[{"name":"wp","href":"https:\/\/api.w.org\/{rel}","templated":true}]}}