{"id":24782,"date":"2024-01-09T16:09:02","date_gmt":"2024-01-09T16:09:02","guid":{"rendered":"http:\/\/rucashk.com\/?post_type=product&#038;p=24782"},"modified":"2025-06-22T07:42:46","modified_gmt":"2025-06-22T07:42:46","slug":"xiaomi-youpin-roidmi-nex-wireless-vacuum-cleaner-wholesale","status":"publish","type":"product","link":"https:\/\/www.rucashk.com\/pt\/produto\/xiaomi-youpin-roidmi-nex-wireless-vacuum-cleaner-wholesale\/","title":{"rendered":"Aspirador sem fio Xiaomi Youpin Roidmi NEX atacado"},"content":{"rendered":"<p><img fetchpriority=\"high\" decoding=\"async\" class=\"alignnone wp-image-22478\" src=\"\/wp-content\/uploads\/replace\/41a674f6bde20b4ac41ba12fffe73498.png\" alt=\"Xiaomi Youpin Roidmi NEX wireless vacuum cleaner Wholesale\" width=\"872\" height=\"1268\" \/><\/p>\n<p><img decoding=\"async\" class=\"alignnone wp-image-22479\" src=\"\/wp-content\/uploads\/replace\/549424f0ad6b6ec698707a1b9b4a488e.png\" alt=\"Xiaomi Youpin Roidmi NEX wireless vacuum cleaner Wholesale\" width=\"831\" height=\"483\" \/>\u00a0<img decoding=\"async\" class=\"alignnone wp-image-22480\" src=\"\/wp-content\/uploads\/replace\/65585b9151694e5169b92591faf5ab97.png\" alt=\"Xiaomi Youpin Roidmi NEX wireless vacuum cleaner Wholesale\" width=\"827\" height=\"683\" \/> <img loading=\"lazy\" decoding=\"async\" class=\"alignnone wp-image-22481\" src=\"\/wp-content\/uploads\/replace\/ef0e9978f9fb01ab415912d90b8d7483.png\" alt=\"Xiaomi Youpin Roidmi NEX wireless vacuum cleaner Wholesale\" width=\"817\" height=\"637\" \/><\/p>\n<p><img alt=\"Xiaomi Youpin Roidmi NEX wireless vacuum cleaner Wholesale\" \/><img alt=\"Xiaomi Youpin Roidmi NEX wireless vacuum cleaner Wholesale\" \/><img alt=\"Xiaomi Youpin Roidmi NEX wireless vacuum cleaner Wholesale\" \/><\/p>\n<p><img alt=\"Xiaomi Youpin Roidmi NEX wireless vacuum cleaner Wholesale\" \/><\/p>\n<p>Destaques:<\/p>\n<ol>\n<li>Conectado ao aplicativo<\/li>\n<li>Carregamento magn\u00e9tico<\/li>\n<li>Suc\u00e7\u00e3o e arrasto integrados em uma m\u00e1quina<\/li>\n<li>Baixo n\u00edvel de ru\u00eddo at\u00e9 72dB<\/li>\n<li>60 horas de dura\u00e7\u00e3o da bateria<\/li>\n<\/ol>","protected":false},"excerpt":{"rendered":"<p><strong>Destaques:<\/strong><\/p>\n<ol>\n<li>Conectado ao aplicativo<\/li>\n<li>Carregamento magn\u00e9tico<\/li>\n<li>Suc\u00e7\u00e3o e arrasto integrados em uma m\u00e1quina<\/li>\n<li>Baixo n\u00edvel de ru\u00eddo at\u00e9 72dB<\/li>\n<li>60 horas de dura\u00e7\u00e3o da bateria<\/li>\n<\/ol>","protected":false},"featured_media":24886,"template":"","meta":[],"product_brand":[1363],"product_cat":[1341,1305],"product_tag":[420],"class_list":{"0":"post-24782","1":"product","2":"type-product","3":"status-publish","4":"has-post-thumbnail","6":"product_brand-xiaomi","7":"product_cat-others","8":"product_cat-xiaomi-eco","9":"product_tag-xiaomi","11":"first","12":"instock","13":"shipping-taxable","14":"product-type-external"},"aioseo_notices":[],"aioseo_head":"\n\t\t<!-- All in One SEO Pro 4.5.9.2 - aioseo.com -->\n\t\t<meta name=\"description\" content=\"Highlights: Connected to App Magnetic charging Suction and drag integrated in one machine Low noise to 72dB 60 hours long battery life\" \/>\n\t\t<meta name=\"robots\" content=\"max-image-preview:large\" \/>\n\t\t<link rel=\"canonical\" href=\"https:\/\/www.rucashk.com\/pt\/produto\/xiaomi-youpin-roidmi-nex-wireless-vacuum-cleaner-wholesale\/\" \/>\n\t\t<meta name=\"generator\" content=\"All in One SEO Pro (AIOSEO) 4.5.9.2\" \/>\n\t\t<meta property=\"og:locale\" content=\"pt_PT\" \/>\n\t\t<meta property=\"og:site_name\" content=\"Rucas - One-stop AIoT Distribution Worldwide\" \/>\n\t\t<meta property=\"og:type\" content=\"article\" \/>\n\t\t<meta property=\"og:title\" content=\"Xiaomi Youpin Roidmi NEX wireless vacuum cleaner Wholesale - Rucas - Wholesale and Distribution\" \/>\n\t\t<meta property=\"og:description\" content=\"Highlights: Connected to App Magnetic charging Suction and drag integrated in one machine Low noise to 72dB 60 hours long battery life\" \/>\n\t\t<meta property=\"og:url\" content=\"https:\/\/www.rucashk.com\/pt\/produto\/xiaomi-youpin-roidmi-nex-wireless-vacuum-cleaner-wholesale\/\" \/>\n\t\t<meta property=\"og:image\" content=\"https:\/\/www.rucashk.com\/wp-content\/uploads\/replace\/503b8e645f128a97ccde2b6290747646.jpeg\" \/>\n\t\t<meta property=\"og:image:secure_url\" content=\"https:\/\/www.rucashk.com\/wp-content\/uploads\/replace\/503b8e645f128a97ccde2b6290747646.jpeg\" \/>\n\t\t<meta property=\"og:image:width\" content=\"1456\" \/>\n\t\t<meta property=\"og:image:height\" content=\"816\" \/>\n\t\t<meta property=\"article:published_time\" content=\"2024-01-09T16:09:02+00:00\" \/>\n\t\t<meta property=\"article:modified_time\" content=\"2025-06-22T07:42:46+00:00\" \/>\n\t\t<meta name=\"twitter:card\" content=\"summary_large_image\" \/>\n\t\t<meta name=\"twitter:title\" content=\"Xiaomi Youpin Roidmi NEX wireless vacuum cleaner Wholesale - Rucas - Wholesale and Distribution\" \/>\n\t\t<meta name=\"twitter:description\" content=\"Highlights: Connected to App Magnetic charging Suction and drag integrated in one machine Low noise to 72dB 60 hours long battery life\" \/>\n\t\t<meta name=\"twitter:image\" content=\"https:\/\/www.rucashk.com\/wp-content\/uploads\/replace\/503b8e645f128a97ccde2b6290747646.jpeg\" \/>\n\t\t<script type=\"application\/ld+json\" class=\"aioseo-schema\">\n\t\t\t{\"@context\":\"https:\\\/\\\/schema.org\",\"@graph\":[{\"@type\":\"BreadcrumbList\",\"@id\":\"https:\\\/\\\/www.rucashk.com\\\/pt\\\/produto\\\/xiaomi-youpin-roidmi-nex-wireless-vacuum-cleaner-wholesale\\\/#breadcrumblist\",\"itemListElement\":[{\"@type\":\"ListItem\",\"@id\":\"https:\\\/\\\/www.rucashk.com\\\/pt\\\/#listItem\",\"position\":1,\"name\":\"Home\",\"item\":\"https:\\\/\\\/www.rucashk.com\\\/pt\\\/\",\"nextItem\":\"https:\\\/\\\/www.rucashk.com\\\/pt\\\/produto\\\/xiaomi-youpin-roidmi-nex-wireless-vacuum-cleaner-wholesale\\\/#listItem\"},{\"@type\":\"ListItem\",\"@id\":\"https:\\\/\\\/www.rucashk.com\\\/pt\\\/produto\\\/xiaomi-youpin-roidmi-nex-wireless-vacuum-cleaner-wholesale\\\/#listItem\",\"position\":2,\"name\":\"Xiaomi Youpin Roidmi NEX wireless vacuum cleaner Wholesale\",\"previousItem\":\"https:\\\/\\\/www.rucashk.com\\\/pt\\\/#listItem\"}]},{\"@type\":\"Organization\",\"@id\":\"https:\\\/\\\/www.rucashk.com\\\/pt\\\/#organization\",\"name\":\"Rucas\",\"url\":\"https:\\\/\\\/www.rucashk.com\\\/pt\\\/\",\"logo\":{\"@type\":\"ImageObject\",\"url\":\"https:\\\/\\\/www.rucashk.com\\\/wp-content\\\/uploads\\\/2023\\\/12\\\/Rucas_campany_logo.png\",\"@id\":\"https:\\\/\\\/www.rucashk.com\\\/pt\\\/produto\\\/xiaomi-youpin-roidmi-nex-wireless-vacuum-cleaner-wholesale\\\/#organizationLogo\",\"width\":221,\"height\":65},\"image\":{\"@id\":\"https:\\\/\\\/www.rucashk.com\\\/pt\\\/#organizationLogo\"}},{\"@type\":\"Person\",\"@id\":\"https:\\\/\\\/www.rucashk.com\\\/pt\\\/author\\\/admin\\\/#author\",\"url\":\"https:\\\/\\\/www.rucashk.com\\\/pt\\\/author\\\/admin\\\/\",\"name\":\"admin\",\"image\":{\"@type\":\"ImageObject\",\"@id\":\"https:\\\/\\\/www.rucashk.com\\\/pt\\\/produto\\\/xiaomi-youpin-roidmi-nex-wireless-vacuum-cleaner-wholesale\\\/#authorImage\",\"url\":\"https:\\\/\\\/secure.gravatar.com\\\/avatar\\\/b7c8925b09a27e72b30232f8ecaadbd5af0f70a38c78096863fe51b64f031c24?s=96&d=mm&r=g\",\"width\":96,\"height\":96,\"caption\":\"admin\"}},{\"@type\":\"WebPage\",\"@id\":\"https:\\\/\\\/www.rucashk.com\\\/pt\\\/produto\\\/xiaomi-youpin-roidmi-nex-wireless-vacuum-cleaner-wholesale\\\/#webpage\",\"url\":\"https:\\\/\\\/www.rucashk.com\\\/pt\\\/produto\\\/xiaomi-youpin-roidmi-nex-wireless-vacuum-cleaner-wholesale\\\/\",\"name\":\"Xiaomi Youpin Roidmi NEX wireless vacuum cleaner Wholesale - Rucas - Wholesale and Distribution\",\"description\":\"Highlights: Connected to App Magnetic charging Suction and drag integrated in one machine Low noise to 72dB 60 hours long battery life\",\"inLanguage\":\"pt-PT\",\"isPartOf\":{\"@id\":\"https:\\\/\\\/www.rucashk.com\\\/pt\\\/#website\"},\"breadcrumb\":{\"@id\":\"https:\\\/\\\/www.rucashk.com\\\/pt\\\/produto\\\/xiaomi-youpin-roidmi-nex-wireless-vacuum-cleaner-wholesale\\\/#breadcrumblist\"},\"author\":{\"@id\":\"https:\\\/\\\/www.rucashk.com\\\/pt\\\/author\\\/admin\\\/#author\"},\"creator\":{\"@id\":\"https:\\\/\\\/www.rucashk.com\\\/pt\\\/author\\\/admin\\\/#author\"},\"image\":{\"@type\":\"ImageObject\",\"url\":\"https:\\\/\\\/www.rucashk.com\\\/wp-content\\\/uploads\\\/2024\\\/01\\\/f077c4158ba0e5a9b100a1be71f32d3b.jpg\",\"@id\":\"https:\\\/\\\/www.rucashk.com\\\/pt\\\/produto\\\/xiaomi-youpin-roidmi-nex-wireless-vacuum-cleaner-wholesale\\\/#mainImage\",\"width\":800,\"height\":800},\"primaryImageOfPage\":{\"@id\":\"https:\\\/\\\/www.rucashk.com\\\/pt\\\/produto\\\/xiaomi-youpin-roidmi-nex-wireless-vacuum-cleaner-wholesale\\\/#mainImage\"},\"datePublished\":\"2024-01-09T16:09:02+00:00\",\"dateModified\":\"2025-06-22T07:42:46+00:00\"},{\"@type\":\"WebSite\",\"@id\":\"https:\\\/\\\/www.rucashk.com\\\/pt\\\/#website\",\"url\":\"https:\\\/\\\/www.rucashk.com\\\/pt\\\/\",\"name\":\"Rucas - Wholesale and distribution worldwide\",\"alternateName\":\"Rucas - One-stop AIoT Distribution Worldwide\",\"description\":\"One-stop AIoT Distribution Worldwide\",\"inLanguage\":\"pt-PT\",\"publisher\":{\"@id\":\"https:\\\/\\\/www.rucashk.com\\\/pt\\\/#organization\"}}]}\n\t\t<\/script>\n\t\t<!-- All in One SEO Pro -->\r\n\t\t<title>Xiaomi Youpin Roidmi NEX wireless vacuum cleaner Wholesale - Rucas - Wholesale and Distribution<\/title>\n\n","aioseo_head_json":{"title":"Xiaomi Youpin Roidmi NEX wireless vacuum cleaner Wholesale - Rucas - Wholesale and Distribution","description":"Highlights: Connected to App Magnetic charging Suction and drag integrated in one machine Low noise to 72dB 60 hours long battery life","canonical_url":"https:\/\/www.rucashk.com\/pt\/produto\/xiaomi-youpin-roidmi-nex-wireless-vacuum-cleaner-wholesale\/","robots":"max-image-preview:large","keywords":"","webmasterTools":{"miscellaneous":""},"og:locale":"pt_PT","og:site_name":"Rucas - One-stop AIoT Distribution Worldwide","og:type":"article","og:title":"Xiaomi Youpin Roidmi NEX wireless vacuum cleaner Wholesale - Rucas - Wholesale and Distribution","og:description":"Highlights: Connected to App Magnetic charging Suction and drag integrated in one machine Low noise to 72dB 60 hours long battery life","og:url":"https:\/\/www.rucashk.com\/pt\/produto\/xiaomi-youpin-roidmi-nex-wireless-vacuum-cleaner-wholesale\/","og:image":"https:\/\/www.rucashk.com\/wp-content\/uploads\/replace\/503b8e645f128a97ccde2b6290747646.jpeg","og:image:secure_url":"https:\/\/www.rucashk.com\/wp-content\/uploads\/replace\/503b8e645f128a97ccde2b6290747646.jpeg","og:image:width":1456,"og:image:height":816,"article:published_time":"2024-01-09T16:09:02+00:00","article:modified_time":"2025-06-22T07:42:46+00:00","twitter:card":"summary_large_image","twitter:title":"Xiaomi Youpin Roidmi NEX wireless vacuum cleaner Wholesale - Rucas - Wholesale and Distribution","twitter:description":"Highlights: Connected to App Magnetic charging Suction and drag integrated in one machine Low noise to 72dB 60 hours long battery life","twitter:image":"https:\/\/www.rucashk.com\/wp-content\/uploads\/replace\/503b8e645f128a97ccde2b6290747646.jpeg","schema":{"@context":"https:\/\/schema.org","@graph":[{"@type":"BreadcrumbList","@id":"https:\/\/www.rucashk.com\/pt\/produto\/xiaomi-youpin-roidmi-nex-wireless-vacuum-cleaner-wholesale\/#breadcrumblist","itemListElement":[{"@type":"ListItem","@id":"https:\/\/www.rucashk.com\/pt\/#listItem","position":1,"name":"Home","item":"https:\/\/www.rucashk.com\/pt\/","nextItem":"https:\/\/www.rucashk.com\/pt\/produto\/xiaomi-youpin-roidmi-nex-wireless-vacuum-cleaner-wholesale\/#listItem"},{"@type":"ListItem","@id":"https:\/\/www.rucashk.com\/pt\/produto\/xiaomi-youpin-roidmi-nex-wireless-vacuum-cleaner-wholesale\/#listItem","position":2,"name":"Xiaomi Youpin Roidmi NEX wireless vacuum cleaner Wholesale","previousItem":"https:\/\/www.rucashk.com\/pt\/#listItem"}]},{"@type":"Organization","@id":"https:\/\/www.rucashk.com\/pt\/#organization","name":"Rucas","url":"https:\/\/www.rucashk.com\/pt\/","logo":{"@type":"ImageObject","url":"https:\/\/www.rucashk.com\/wp-content\/uploads\/2023\/12\/Rucas_campany_logo.png","@id":"https:\/\/www.rucashk.com\/pt\/produto\/xiaomi-youpin-roidmi-nex-wireless-vacuum-cleaner-wholesale\/#organizationLogo","width":221,"height":65},"image":{"@id":"https:\/\/www.rucashk.com\/pt\/#organizationLogo"}},{"@type":"Person","@id":"https:\/\/www.rucashk.com\/pt\/author\/admin\/#author","url":"https:\/\/www.rucashk.com\/pt\/author\/admin\/","name":"admin","image":{"@type":"ImageObject","@id":"https:\/\/www.rucashk.com\/pt\/produto\/xiaomi-youpin-roidmi-nex-wireless-vacuum-cleaner-wholesale\/#authorImage","url":"https:\/\/secure.gravatar.com\/avatar\/b7c8925b09a27e72b30232f8ecaadbd5af0f70a38c78096863fe51b64f031c24?s=96&d=mm&r=g","width":96,"height":96,"caption":"admin"}},{"@type":"WebPage","@id":"https:\/\/www.rucashk.com\/pt\/produto\/xiaomi-youpin-roidmi-nex-wireless-vacuum-cleaner-wholesale\/#webpage","url":"https:\/\/www.rucashk.com\/pt\/produto\/xiaomi-youpin-roidmi-nex-wireless-vacuum-cleaner-wholesale\/","name":"Xiaomi Youpin Roidmi NEX wireless vacuum cleaner Wholesale - Rucas - Wholesale and Distribution","description":"Highlights: Connected to App Magnetic charging Suction and drag integrated in one machine Low noise to 72dB 60 hours long battery life","inLanguage":"pt-PT","isPartOf":{"@id":"https:\/\/www.rucashk.com\/pt\/#website"},"breadcrumb":{"@id":"https:\/\/www.rucashk.com\/pt\/produto\/xiaomi-youpin-roidmi-nex-wireless-vacuum-cleaner-wholesale\/#breadcrumblist"},"author":{"@id":"https:\/\/www.rucashk.com\/pt\/author\/admin\/#author"},"creator":{"@id":"https:\/\/www.rucashk.com\/pt\/author\/admin\/#author"},"image":{"@type":"ImageObject","url":"https:\/\/www.rucashk.com\/wp-content\/uploads\/2024\/01\/f077c4158ba0e5a9b100a1be71f32d3b.jpg","@id":"https:\/\/www.rucashk.com\/pt\/produto\/xiaomi-youpin-roidmi-nex-wireless-vacuum-cleaner-wholesale\/#mainImage","width":800,"height":800},"primaryImageOfPage":{"@id":"https:\/\/www.rucashk.com\/pt\/produto\/xiaomi-youpin-roidmi-nex-wireless-vacuum-cleaner-wholesale\/#mainImage"},"datePublished":"2024-01-09T16:09:02+00:00","dateModified":"2025-06-22T07:42:46+00:00"},{"@type":"WebSite","@id":"https:\/\/www.rucashk.com\/pt\/#website","url":"https:\/\/www.rucashk.com\/pt\/","name":"Rucas - Wholesale and distribution worldwide","alternateName":"Rucas - One-stop AIoT Distribution Worldwide","description":"One-stop AIoT Distribution Worldwide","inLanguage":"pt-PT","publisher":{"@id":"https:\/\/www.rucashk.com\/pt\/#organization"}}]}},"aioseo_meta_data":{"post_id":"24782","title":null,"description":null,"keywords":null,"keyphrases":null,"primary_term":null,"canonical_url":null,"og_title":null,"og_description":null,"og_object_type":"default","og_image_type":"default","og_image_url":null,"og_image_width":null,"og_image_height":null,"og_image_custom_url":null,"og_image_custom_fields":null,"og_video":null,"og_custom_url":null,"og_article_section":null,"og_article_tags":null,"twitter_use_og":false,"twitter_card":"default","twitter_image_type":"default","twitter_image_url":null,"twitter_image_custom_url":null,"twitter_image_custom_fields":null,"twitter_title":null,"twitter_description":null,"schema":{"blockGraphs":[],"customGraphs":[],"default":{"data":{"Article":[],"Course":[],"Dataset":[],"FAQPage":[],"Movie":[],"Person":[],"Product":[],"Recipe":[],"Service":[],"SoftwareApplication":[],"WebPage":[]},"graphName":"","isEnabled":true},"graphs":[]},"schema_type":"default","schema_type_options":null,"pillar_content":false,"robots_default":true,"robots_noindex":false,"robots_noarchive":false,"robots_nosnippet":false,"robots_nofollow":false,"robots_noimageindex":false,"robots_noodp":false,"robots_notranslate":false,"robots_max_snippet":null,"robots_max_videopreview":null,"robots_max_imagepreview":"large","priority":null,"frequency":null,"local_seo":null,"breadcrumb_settings":null,"limit_modified_date":false,"created":"2024-04-11 01:57:14","updated":"2025-06-22 17:40:04"},"aioseo_breadcrumb":"<div class=\"aioseo-breadcrumbs\"><span class=\"aioseo-breadcrumb\">\n\t<a href=\"https:\/\/www.rucashk.com\/pt\" title=\"Home\">Home<\/a>\n<\/span><span class=\"aioseo-breadcrumb-separator\">&raquo;<\/span><span class=\"aioseo-breadcrumb\">\n\t<a href=\"https:\/\/www.rucashk.com\/pt\/products\/\" title=\"Produtos\">Produtos<\/a>\n<\/span><span class=\"aioseo-breadcrumb-separator\">&raquo;<\/span><span class=\"aioseo-breadcrumb\">\n\t<a href=\"https:\/\/www.rucashk.com\/pt\/marca\/xiaomi\/\" title=\"Xiaomi\">Xiaomi<\/a>\n<\/span><span class=\"aioseo-breadcrumb-separator\">&raquo;<\/span><span class=\"aioseo-breadcrumb\">\n\tXiaomi Youpin Roidmi NEX wireless vacuum cleaner Wholesale\n<\/span><\/div>","aioseo_breadcrumb_json":[{"label":"Home","link":"https:\/\/www.rucashk.com\/pt"},{"label":"Produtos","link":"https:\/\/www.rucashk.com\/pt\/products\/"},{"label":"Xiaomi","link":"https:\/\/www.rucashk.com\/pt\/marca\/xiaomi\/"},{"label":"Xiaomi Youpin Roidmi NEX wireless vacuum cleaner Wholesale","link":"https:\/\/www.rucashk.com\/pt\/produto\/xiaomi-youpin-roidmi-nex-wireless-vacuum-cleaner-wholesale\/"}],"_links":{"self":[{"href":"https:\/\/www.rucashk.com\/pt\/wp-json\/wp\/v2\/product\/24782","targetHints":{"allow":["GET"]}}],"collection":[{"href":"https:\/\/www.rucashk.com\/pt\/wp-json\/wp\/v2\/product"}],"about":[{"href":"https:\/\/www.rucashk.com\/pt\/wp-json\/wp\/v2\/types\/product"}],"wp:featuredmedia":[{"embeddable":true,"href":"https:\/\/www.rucashk.com\/pt\/wp-json\/wp\/v2\/media\/24886"}],"wp:attachment":[{"href":"https:\/\/www.rucashk.com\/pt\/wp-json\/wp\/v2\/media?parent=24782"}],"wp:term":[{"taxonomy":"product_brand","embeddable":true,"href":"https:\/\/www.rucashk.com\/pt\/wp-json\/wp\/v2\/product_brand?post=24782"},{"taxonomy":"product_cat","embeddable":true,"href":"https:\/\/www.rucashk.com\/pt\/wp-json\/wp\/v2\/product_cat?post=24782"},{"taxonomy":"product_tag","embeddable":true,"href":"https:\/\/www.rucashk.com\/pt\/wp-json\/wp\/v2\/product_tag?post=24782"}],"curies":[{"name":"wp","href":"https:\/\/api.w.org\/{rel}","templated":true}]}}