{"id":24731,"date":"2024-01-09T16:08:15","date_gmt":"2024-01-09T16:08:15","guid":{"rendered":"http:\/\/rucashk.com\/?post_type=product&#038;p=24731"},"modified":"2024-03-12T04:06:12","modified_gmt":"2024-03-12T04:06:12","slug":"amazfit-bip-s-lite-smart-watch-wholesale","status":"publish","type":"product","link":"https:\/\/www.rucashk.com\/pt\/produto\/amazfit-bip-s-lite-smart-watch-wholesale\/","title":{"rendered":"Rel\u00f3gio inteligente Amazfit Bip S Lite no atacado"},"content":{"rendered":"<p><img fetchpriority=\"high\" decoding=\"async\" class=\"alignnone wp-image-22074 size-full\" src=\"\/wp-content\/uploads\/replace\/4711a500dd10ff0d25a7a38b36c38db8.jpeg\" alt=\"Amazfit Bip S Lite Smart Watch Wholesale\" width=\"1901\" height=\"915\" \/><\/p>\n<p><img decoding=\"async\" class=\"alignnone wp-image-22076 size-full\" src=\"\/wp-content\/uploads\/replace\/2c0a41ba38b1a3a1cb15bfffbeecfa0c.jpeg\" alt=\"Amazfit Bip S Lite Smart Watch Wholesale\" width=\"1902\" height=\"818\" \/><img decoding=\"async\" class=\"alignnone wp-image-22078 size-full\" src=\"\/wp-content\/uploads\/replace\/acd0c48794d96c61f460c73a2d3d2265.jpeg\" alt=\"Amazfit Bip S Lite Smart Watch Wholesale\" width=\"1903\" height=\"827\" \/><img loading=\"lazy\" decoding=\"async\" class=\"alignnone wp-image-22079 size-full\" src=\"\/wp-content\/uploads\/replace\/7c020dcc8692bfeecff74cfb7b0f05f6.jpeg\" alt=\"Amazfit Bip S Lite Smart Watch Wholesale\" width=\"1900\" height=\"731\" \/><img loading=\"lazy\" decoding=\"async\" class=\"alignnone wp-image-22080 size-full\" src=\"\/wp-content\/uploads\/replace\/970f60f5ef102b04efc988bcb7275691.jpeg\" alt=\"Amazfit Bip S Lite Smart Watch Wholesale\" width=\"1900\" height=\"938\" \/><img loading=\"lazy\" decoding=\"async\" class=\"alignnone wp-image-22081 size-full\" src=\"\/wp-content\/uploads\/replace\/6f32950ff14111cbb05aa233a7016583.jpeg\" alt=\"Amazfit Bip S Lite Smart Watch Wholesale\" width=\"1901\" height=\"998\" \/><img loading=\"lazy\" decoding=\"async\" class=\"alignnone wp-image-22082 size-full\" src=\"\/wp-content\/uploads\/replace\/34139ae8b21cfb5349869d7f17ca9995.jpeg\" alt=\"Amazfit Bip S Lite Smart Watch Wholesale\" width=\"1901\" height=\"949\" \/><img loading=\"lazy\" decoding=\"async\" class=\"alignnone wp-image-22083 size-full\" src=\"\/wp-content\/uploads\/replace\/127560ddd30a66bb9df4e02e913fed36.jpeg\" alt=\"Amazfit Bip S Lite Smart Watch Wholesale\" width=\"1899\" height=\"948\" \/><img loading=\"lazy\" decoding=\"async\" class=\"alignnone wp-image-22084 size-full\" src=\"\/wp-content\/uploads\/replace\/4cb6a5e2451ef1d4df37d3702f43b100.jpeg\" alt=\"Amazfit Bip S Lite Smart Watch Wholesale\" width=\"1899\" height=\"1018\" \/><img loading=\"lazy\" decoding=\"async\" class=\"alignnone wp-image-22085 size-full\" src=\"\/wp-content\/uploads\/replace\/ac2bf4ebfebe5dff073ec82cd6ddca60.jpeg\" alt=\"Amazfit Bip S Lite Smart Watch Wholesale\" width=\"1894\" height=\"762\" \/><img loading=\"lazy\" decoding=\"async\" class=\"alignnone wp-image-22086 size-full\" src=\"\/wp-content\/uploads\/replace\/e4b9310fec5a0ab4859d273130d058ce.jpeg\" alt=\"Amazfit Bip S Lite Smart Watch Wholesale\" width=\"1899\" height=\"914\" \/><img loading=\"lazy\" decoding=\"async\" class=\"alignnone wp-image-22087 size-full\" src=\"\/wp-content\/uploads\/replace\/86c4fb50f5ecb91e6b54c8f5ffe09d58.jpeg\" alt=\"Amazfit Bip S Lite Smart Watch Wholesale\" width=\"1900\" height=\"743\" \/><img loading=\"lazy\" decoding=\"async\" class=\"alignnone wp-image-22088 size-full\" src=\"\/wp-content\/uploads\/replace\/a80c9fb599364ee22c63bd3a702b58fd.jpeg\" alt=\"Amazfit Bip S Lite Smart Watch Wholesale\" width=\"1897\" height=\"726\" \/><\/p>\n<div class=\"column\">\n<p><strong>Especifica\u00e7\u00f5es do Amazfit Bip S Lite:<\/strong><\/p>\n<div class=\"column\">\n<ul class=\"clearfix\">\n<li>\n<h3>Dimens\u00f5es<\/h3>\n<p>42x35,3x11,4mm<\/li>\n<li>\n<h3>Peso<\/h3>\n<p>30g (com al\u00e7a) e 18g (sem al\u00e7a)<\/li>\n<li>\n<h3>Material do corpo<\/h3>\n<p>Policarbonato<\/li>\n<li>\n<h3>Material da pulseira<\/h3>\n<p>Silicone e TPU amig\u00e1vel \u00e0 pele<\/li>\n<li>\n<h3>Comprimento da tira<\/h3>\n<p>110 mm (longo), 85 mm (curto)<\/li>\n<li>\n<h3>Largura da al\u00e7a<\/h3>\n<p>20mm<\/li>\n<li>\n<h3>Classifica\u00e7\u00e3o \u00e0 prova d&#039;\u00e1gua<sup>1<\/sup><\/h3>\n<p>5 caixas eletr\u00f4nicos<\/li>\n<li>\n<h3>Mostrar<\/h3>\n<p>TFT colorido transfletivo de 1,28 \u2033, resolu\u00e7\u00e3o 176 x 176,<br \/>\nTela sempre ativa, gama de cores RGB de 64<\/li>\n<li>\n<h3>Tela sens\u00edvel ao toque<\/h3>\n<p>Vidro temperado Corning Gorilla 3 gera\u00e7\u00e3o 2.5D +<br \/>\nrevestimento anti-impress\u00e3o digital<\/li>\n<li>\n<h3>Sensores<\/h3>\n<p>BioTracker\u00a0<sup>MT<\/sup>Sensor \u00f3ptico de bio-rastreamento PPG<br \/>\nSensor de acelera\u00e7\u00e3o de 3 eixos<\/li>\n<\/ul>\n<\/div>\n<div class=\"column\">\n<ul class=\"clearfix\">\n<li>\n<h3>Bluetooth<\/h3>\n<p>BT5.0\/BLE<\/li>\n<li>\n<h3>Bateria<\/h3>\n<p>Bateria de pol\u00edmero de \u00edon de l\u00edtio de 200mAh (valor t\u00edpico)<\/li>\n<li>\n<h3>O tempo de carga<\/h3>\n<p>&lt;2,5 horas<\/li>\n<li>\n<h3>M\u00e9todo de carregamento<\/h3>\n<p>Pino POGO de 2 pinos<\/li>\n<li>\n<h3>Vida \u00fatil da bateria<sup>2<\/sup><\/h3>\n<p>Cen\u00e1rio de uso t\u00edpico: 30 dias<br \/>\nModo de espera: 90 dias<\/li>\n<li>\n<h3>Sistema operacional<\/h3>\n<p>SO Amazfit<\/li>\n<li>\n<h3>Dispositivos suportados<\/h3>\n<p>Android 5.0 ou iOS 10.0 e superior<\/li>\n<li>\n<h3>Acess\u00f3rios<\/h3>\n<p>Dock de clipe, manual do usu\u00e1rio<\/li>\n<li>\n<h3>M\u00e9todo de armazenamento<\/h3>\n<p>Aplicativo Amazonfit<\/li>\n<\/ul>\n<\/div>\n<\/div>","protected":false},"excerpt":{"rendered":"<p>Principais caracter\u00edsticas:<\/p>\n<p>1. Outstanding Battery Life, to Power You for 30 Days.<br \/>\n2. Ultra Lightweight. Designed for Comfort.<br \/>\n3. Always-on Transflective Display. Ideal for Outdoor Sports.<br \/>\n4. 50+ Watch Faces to Choose from, Including 2 with Custom Widgets.<br \/>\n5. 8 Sports Modes &amp; 5 ATM Water Resistance.<br \/>\n6. BioTracker\u2122 PPG Optical Sensor. High-Precision Heart Rate Monitoring.<br \/>\n7. Huami-PAI\u2122 Health Assessment System. Precisely Quantifies Your Physical State.<br \/>\n8. Sleep Monitoring.<br \/>\n9. Functional and Practical Features, Right at Your Wrist.<br \/>\n10. Free Your Hands with Music Control.<br \/>\n11. Notifications, Reminders, Weather Forecasts and more\u2026<br \/>\n12. 316L Stainless Steel Button. Excellence in Details.<\/p>","protected":false},"featured_media":24847,"template":"","meta":[],"product_brand":[],"product_cat":[1339,1305],"product_tag":[1141],"class_list":{"0":"post-24731","1":"product","2":"type-product","3":"status-publish","4":"has-post-thumbnail","6":"product_cat-amazfit-smartwatch","7":"product_cat-xiaomi-eco","8":"product_tag-amazfit-bip-s-lite","10":"first","11":"instock","12":"shipping-taxable","13":"product-type-external"},"aioseo_notices":[],"aioseo_head":"\n\t\t<!-- All in One SEO Pro 4.5.9.2 - aioseo.com -->\n\t\t<meta name=\"description\" content=\"Main Features: 1. Outstanding Battery Life, to Power You for 30 Days. 2. Ultra Lightweight. Designed for Comfort. 3. Always-on Transflective Display. Ideal for Outdoor Sports. 4. 50+ Watch Faces to Choose from, Including 2 with Custom Widgets. 5. 8 Sports Modes &amp; 5 ATM Water Resistance. 6. BioTracker\u2122 PPG Optical Sensor. High-Precision Heart Rate Monitoring. 7. Huami-PAI\u2122 Health Assessment System. Precisely Quantifies Your Physical State. 8. Sleep Monitoring. 9. Functional and Practical Features, Right at Your Wrist. 10. Free Your Hands with Music Control. 11. Notifications, Reminders, Weather Forecasts and more\u2026 12. 316L Stainless Steel Button. Excellence in Details.\" \/>\n\t\t<meta name=\"robots\" content=\"max-image-preview:large\" \/>\n\t\t<link rel=\"canonical\" href=\"https:\/\/www.rucashk.com\/pt\/produto\/amazfit-bip-s-lite-smart-watch-wholesale\/\" \/>\n\t\t<meta name=\"generator\" content=\"All in One SEO Pro (AIOSEO) 4.5.9.2\" \/>\n\t\t<meta property=\"og:locale\" content=\"pt_PT\" \/>\n\t\t<meta property=\"og:site_name\" content=\"Rucas - One-stop AIoT Distribution Worldwide\" \/>\n\t\t<meta property=\"og:type\" content=\"article\" \/>\n\t\t<meta property=\"og:title\" content=\"Amazfit Bip S Lite Smart Watch Wholesale - Rucas - Wholesale and Distribution\" \/>\n\t\t<meta property=\"og:description\" content=\"Main Features: 1. Outstanding Battery Life, to Power You for 30 Days. 2. Ultra Lightweight. Designed for Comfort. 3. Always-on Transflective Display. Ideal for Outdoor Sports. 4. 50+ Watch Faces to Choose from, Including 2 with Custom Widgets. 5. 8 Sports Modes &amp; 5 ATM Water Resistance. 6. BioTracker\u2122 PPG Optical Sensor. High-Precision Heart Rate Monitoring. 7. Huami-PAI\u2122 Health Assessment System. Precisely Quantifies Your Physical State. 8. Sleep Monitoring. 9. Functional and Practical Features, Right at Your Wrist. 10. Free Your Hands with Music Control. 11. Notifications, Reminders, Weather Forecasts and more\u2026 12. 316L Stainless Steel Button. Excellence in Details.\" \/>\n\t\t<meta property=\"og:url\" content=\"https:\/\/www.rucashk.com\/pt\/produto\/amazfit-bip-s-lite-smart-watch-wholesale\/\" \/>\n\t\t<meta property=\"og:image\" content=\"https:\/\/www.rucashk.com\/wp-content\/uploads\/replace\/503b8e645f128a97ccde2b6290747646.jpeg\" \/>\n\t\t<meta property=\"og:image:secure_url\" content=\"https:\/\/www.rucashk.com\/wp-content\/uploads\/replace\/503b8e645f128a97ccde2b6290747646.jpeg\" \/>\n\t\t<meta property=\"og:image:width\" content=\"1456\" \/>\n\t\t<meta property=\"og:image:height\" content=\"816\" \/>\n\t\t<meta property=\"article:published_time\" content=\"2024-01-09T16:08:15+00:00\" \/>\n\t\t<meta property=\"article:modified_time\" content=\"2024-03-12T04:06:12+00:00\" \/>\n\t\t<meta name=\"twitter:card\" content=\"summary_large_image\" \/>\n\t\t<meta name=\"twitter:title\" content=\"Amazfit Bip S Lite Smart Watch Wholesale - Rucas - Wholesale and Distribution\" \/>\n\t\t<meta name=\"twitter:description\" content=\"Main Features: 1. Outstanding Battery Life, to Power You for 30 Days. 2. Ultra Lightweight. Designed for Comfort. 3. Always-on Transflective Display. Ideal for Outdoor Sports. 4. 50+ Watch Faces to Choose from, Including 2 with Custom Widgets. 5. 8 Sports Modes &amp; 5 ATM Water Resistance. 6. BioTracker\u2122 PPG Optical Sensor. High-Precision Heart Rate Monitoring. 7. Huami-PAI\u2122 Health Assessment System. Precisely Quantifies Your Physical State. 8. Sleep Monitoring. 9. Functional and Practical Features, Right at Your Wrist. 10. Free Your Hands with Music Control. 11. Notifications, Reminders, Weather Forecasts and more\u2026 12. 316L Stainless Steel Button. Excellence in Details.\" \/>\n\t\t<meta name=\"twitter:image\" content=\"https:\/\/www.rucashk.com\/wp-content\/uploads\/replace\/503b8e645f128a97ccde2b6290747646.jpeg\" \/>\n\t\t<script type=\"application\/ld+json\" class=\"aioseo-schema\">\n\t\t\t{\"@context\":\"https:\\\/\\\/schema.org\",\"@graph\":[{\"@type\":\"BreadcrumbList\",\"@id\":\"https:\\\/\\\/www.rucashk.com\\\/pt\\\/produto\\\/amazfit-bip-s-lite-smart-watch-wholesale\\\/#breadcrumblist\",\"itemListElement\":[{\"@type\":\"ListItem\",\"@id\":\"https:\\\/\\\/www.rucashk.com\\\/pt\\\/#listItem\",\"position\":1,\"name\":\"Home\",\"item\":\"https:\\\/\\\/www.rucashk.com\\\/pt\\\/\",\"nextItem\":\"https:\\\/\\\/www.rucashk.com\\\/pt\\\/produto\\\/amazfit-bip-s-lite-smart-watch-wholesale\\\/#listItem\"},{\"@type\":\"ListItem\",\"@id\":\"https:\\\/\\\/www.rucashk.com\\\/pt\\\/produto\\\/amazfit-bip-s-lite-smart-watch-wholesale\\\/#listItem\",\"position\":2,\"name\":\"Amazfit Bip S Lite Smart Watch Wholesale\",\"previousItem\":\"https:\\\/\\\/www.rucashk.com\\\/pt\\\/#listItem\"}]},{\"@type\":\"Organization\",\"@id\":\"https:\\\/\\\/www.rucashk.com\\\/pt\\\/#organization\",\"name\":\"Rucas\",\"url\":\"https:\\\/\\\/www.rucashk.com\\\/pt\\\/\",\"logo\":{\"@type\":\"ImageObject\",\"url\":\"https:\\\/\\\/www.rucashk.com\\\/wp-content\\\/uploads\\\/2023\\\/12\\\/Rucas_campany_logo.png\",\"@id\":\"https:\\\/\\\/www.rucashk.com\\\/pt\\\/produto\\\/amazfit-bip-s-lite-smart-watch-wholesale\\\/#organizationLogo\",\"width\":221,\"height\":65},\"image\":{\"@id\":\"https:\\\/\\\/www.rucashk.com\\\/pt\\\/#organizationLogo\"}},{\"@type\":\"Person\",\"@id\":\"https:\\\/\\\/www.rucashk.com\\\/pt\\\/author\\\/admin\\\/#author\",\"url\":\"https:\\\/\\\/www.rucashk.com\\\/pt\\\/author\\\/admin\\\/\",\"name\":\"admin\",\"image\":{\"@type\":\"ImageObject\",\"@id\":\"https:\\\/\\\/www.rucashk.com\\\/pt\\\/produto\\\/amazfit-bip-s-lite-smart-watch-wholesale\\\/#authorImage\",\"url\":\"https:\\\/\\\/secure.gravatar.com\\\/avatar\\\/b7c8925b09a27e72b30232f8ecaadbd5af0f70a38c78096863fe51b64f031c24?s=96&d=mm&r=g\",\"width\":96,\"height\":96,\"caption\":\"admin\"}},{\"@type\":\"WebPage\",\"@id\":\"https:\\\/\\\/www.rucashk.com\\\/pt\\\/produto\\\/amazfit-bip-s-lite-smart-watch-wholesale\\\/#webpage\",\"url\":\"https:\\\/\\\/www.rucashk.com\\\/pt\\\/produto\\\/amazfit-bip-s-lite-smart-watch-wholesale\\\/\",\"name\":\"Amazfit Bip S Lite Smart Watch Wholesale - Rucas - Wholesale and Distribution\",\"description\":\"Main Features: 1. Outstanding Battery Life, to Power You for 30 Days. 2. Ultra Lightweight. Designed for Comfort. 3. Always-on Transflective Display. Ideal for Outdoor Sports. 4. 50+ Watch Faces to Choose from, Including 2 with Custom Widgets. 5. 8 Sports Modes & 5 ATM Water Resistance. 6. BioTracker\\u2122 PPG Optical Sensor. High-Precision Heart Rate Monitoring. 7. Huami-PAI\\u2122 Health Assessment System. Precisely Quantifies Your Physical State. 8. Sleep Monitoring. 9. Functional and Practical Features, Right at Your Wrist. 10. Free Your Hands with Music Control. 11. Notifications, Reminders, Weather Forecasts and more\\u2026 12. 316L Stainless Steel Button. Excellence in Details.\",\"inLanguage\":\"pt-PT\",\"isPartOf\":{\"@id\":\"https:\\\/\\\/www.rucashk.com\\\/pt\\\/#website\"},\"breadcrumb\":{\"@id\":\"https:\\\/\\\/www.rucashk.com\\\/pt\\\/produto\\\/amazfit-bip-s-lite-smart-watch-wholesale\\\/#breadcrumblist\"},\"author\":{\"@id\":\"https:\\\/\\\/www.rucashk.com\\\/pt\\\/author\\\/admin\\\/#author\"},\"creator\":{\"@id\":\"https:\\\/\\\/www.rucashk.com\\\/pt\\\/author\\\/admin\\\/#author\"},\"image\":{\"@type\":\"ImageObject\",\"url\":\"https:\\\/\\\/www.rucashk.com\\\/wp-content\\\/uploads\\\/2024\\\/01\\\/Amazfit-Bip-S-lite-2021.jpg\",\"@id\":\"https:\\\/\\\/www.rucashk.com\\\/pt\\\/produto\\\/amazfit-bip-s-lite-smart-watch-wholesale\\\/#mainImage\",\"width\":800,\"height\":800},\"primaryImageOfPage\":{\"@id\":\"https:\\\/\\\/www.rucashk.com\\\/pt\\\/produto\\\/amazfit-bip-s-lite-smart-watch-wholesale\\\/#mainImage\"},\"datePublished\":\"2024-01-09T16:08:15+00:00\",\"dateModified\":\"2024-03-12T04:06:12+00:00\"},{\"@type\":\"WebSite\",\"@id\":\"https:\\\/\\\/www.rucashk.com\\\/pt\\\/#website\",\"url\":\"https:\\\/\\\/www.rucashk.com\\\/pt\\\/\",\"name\":\"Rucas - Wholesale and distribution worldwide\",\"alternateName\":\"Rucas - One-stop AIoT Distribution Worldwide\",\"description\":\"One-stop AIoT Distribution Worldwide\",\"inLanguage\":\"pt-PT\",\"publisher\":{\"@id\":\"https:\\\/\\\/www.rucashk.com\\\/pt\\\/#organization\"}}]}\n\t\t<\/script>\n\t\t<!-- All in One SEO Pro -->\r\n\t\t<title>Amazfit Bip S Lite Smart Watch Wholesale - Rucas - Wholesale and Distribution<\/title>\n\n","aioseo_head_json":{"title":"Amazfit Bip S Lite Smart Watch Wholesale - Rucas - Wholesale and Distribution","description":"Main Features: 1. Outstanding Battery Life, to Power You for 30 Days. 2. Ultra Lightweight. Designed for Comfort. 3. Always-on Transflective Display. Ideal for Outdoor Sports. 4. 50+ Watch Faces to Choose from, Including 2 with Custom Widgets. 5. 8 Sports Modes & 5 ATM Water Resistance. 6. BioTracker\u2122 PPG Optical Sensor. High-Precision Heart Rate Monitoring. 7. Huami-PAI\u2122 Health Assessment System. Precisely Quantifies Your Physical State. 8. Sleep Monitoring. 9. Functional and Practical Features, Right at Your Wrist. 10. Free Your Hands with Music Control. 11. Notifications, Reminders, Weather Forecasts and more\u2026 12. 316L Stainless Steel Button. Excellence in Details.","canonical_url":"https:\/\/www.rucashk.com\/pt\/produto\/amazfit-bip-s-lite-smart-watch-wholesale\/","robots":"max-image-preview:large","keywords":"","webmasterTools":{"miscellaneous":""},"og:locale":"pt_PT","og:site_name":"Rucas - One-stop AIoT Distribution Worldwide","og:type":"article","og:title":"Amazfit Bip S Lite Smart Watch Wholesale - Rucas - Wholesale and Distribution","og:description":"Main Features: 1. Outstanding Battery Life, to Power You for 30 Days. 2. Ultra Lightweight. Designed for Comfort. 3. Always-on Transflective Display. Ideal for Outdoor Sports. 4. 50+ Watch Faces to Choose from, Including 2 with Custom Widgets. 5. 8 Sports Modes &amp; 5 ATM Water Resistance. 6. BioTracker\u2122 PPG Optical Sensor. High-Precision Heart Rate Monitoring. 7. Huami-PAI\u2122 Health Assessment System. Precisely Quantifies Your Physical State. 8. Sleep Monitoring. 9. Functional and Practical Features, Right at Your Wrist. 10. Free Your Hands with Music Control. 11. Notifications, Reminders, Weather Forecasts and more\u2026 12. 316L Stainless Steel Button. Excellence in Details.","og:url":"https:\/\/www.rucashk.com\/pt\/produto\/amazfit-bip-s-lite-smart-watch-wholesale\/","og:image":"https:\/\/www.rucashk.com\/wp-content\/uploads\/replace\/503b8e645f128a97ccde2b6290747646.jpeg","og:image:secure_url":"https:\/\/www.rucashk.com\/wp-content\/uploads\/replace\/503b8e645f128a97ccde2b6290747646.jpeg","og:image:width":1456,"og:image:height":816,"article:published_time":"2024-01-09T16:08:15+00:00","article:modified_time":"2024-03-12T04:06:12+00:00","twitter:card":"summary_large_image","twitter:title":"Amazfit Bip S Lite Smart Watch Wholesale - Rucas - Wholesale and Distribution","twitter:description":"Main Features: 1. Outstanding Battery Life, to Power You for 30 Days. 2. Ultra Lightweight. Designed for Comfort. 3. Always-on Transflective Display. Ideal for Outdoor Sports. 4. 50+ Watch Faces to Choose from, Including 2 with Custom Widgets. 5. 8 Sports Modes &amp; 5 ATM Water Resistance. 6. BioTracker\u2122 PPG Optical Sensor. High-Precision Heart Rate Monitoring. 7. Huami-PAI\u2122 Health Assessment System. Precisely Quantifies Your Physical State. 8. Sleep Monitoring. 9. Functional and Practical Features, Right at Your Wrist. 10. Free Your Hands with Music Control. 11. Notifications, Reminders, Weather Forecasts and more\u2026 12. 316L Stainless Steel Button. Excellence in Details.","twitter:image":"https:\/\/www.rucashk.com\/wp-content\/uploads\/replace\/503b8e645f128a97ccde2b6290747646.jpeg","schema":{"@context":"https:\/\/schema.org","@graph":[{"@type":"BreadcrumbList","@id":"https:\/\/www.rucashk.com\/pt\/produto\/amazfit-bip-s-lite-smart-watch-wholesale\/#breadcrumblist","itemListElement":[{"@type":"ListItem","@id":"https:\/\/www.rucashk.com\/pt\/#listItem","position":1,"name":"Home","item":"https:\/\/www.rucashk.com\/pt\/","nextItem":"https:\/\/www.rucashk.com\/pt\/produto\/amazfit-bip-s-lite-smart-watch-wholesale\/#listItem"},{"@type":"ListItem","@id":"https:\/\/www.rucashk.com\/pt\/produto\/amazfit-bip-s-lite-smart-watch-wholesale\/#listItem","position":2,"name":"Amazfit Bip S Lite Smart Watch Wholesale","previousItem":"https:\/\/www.rucashk.com\/pt\/#listItem"}]},{"@type":"Organization","@id":"https:\/\/www.rucashk.com\/pt\/#organization","name":"Rucas","url":"https:\/\/www.rucashk.com\/pt\/","logo":{"@type":"ImageObject","url":"https:\/\/www.rucashk.com\/wp-content\/uploads\/2023\/12\/Rucas_campany_logo.png","@id":"https:\/\/www.rucashk.com\/pt\/produto\/amazfit-bip-s-lite-smart-watch-wholesale\/#organizationLogo","width":221,"height":65},"image":{"@id":"https:\/\/www.rucashk.com\/pt\/#organizationLogo"}},{"@type":"Person","@id":"https:\/\/www.rucashk.com\/pt\/author\/admin\/#author","url":"https:\/\/www.rucashk.com\/pt\/author\/admin\/","name":"admin","image":{"@type":"ImageObject","@id":"https:\/\/www.rucashk.com\/pt\/produto\/amazfit-bip-s-lite-smart-watch-wholesale\/#authorImage","url":"https:\/\/secure.gravatar.com\/avatar\/b7c8925b09a27e72b30232f8ecaadbd5af0f70a38c78096863fe51b64f031c24?s=96&d=mm&r=g","width":96,"height":96,"caption":"admin"}},{"@type":"WebPage","@id":"https:\/\/www.rucashk.com\/pt\/produto\/amazfit-bip-s-lite-smart-watch-wholesale\/#webpage","url":"https:\/\/www.rucashk.com\/pt\/produto\/amazfit-bip-s-lite-smart-watch-wholesale\/","name":"Amazfit Bip S Lite Smart Watch Wholesale - Rucas - Wholesale and Distribution","description":"Main Features: 1. Outstanding Battery Life, to Power You for 30 Days. 2. Ultra Lightweight. Designed for Comfort. 3. Always-on Transflective Display. Ideal for Outdoor Sports. 4. 50+ Watch Faces to Choose from, Including 2 with Custom Widgets. 5. 8 Sports Modes & 5 ATM Water Resistance. 6. BioTracker\u2122 PPG Optical Sensor. High-Precision Heart Rate Monitoring. 7. Huami-PAI\u2122 Health Assessment System. Precisely Quantifies Your Physical State. 8. Sleep Monitoring. 9. Functional and Practical Features, Right at Your Wrist. 10. Free Your Hands with Music Control. 11. Notifications, Reminders, Weather Forecasts and more\u2026 12. 316L Stainless Steel Button. Excellence in Details.","inLanguage":"pt-PT","isPartOf":{"@id":"https:\/\/www.rucashk.com\/pt\/#website"},"breadcrumb":{"@id":"https:\/\/www.rucashk.com\/pt\/produto\/amazfit-bip-s-lite-smart-watch-wholesale\/#breadcrumblist"},"author":{"@id":"https:\/\/www.rucashk.com\/pt\/author\/admin\/#author"},"creator":{"@id":"https:\/\/www.rucashk.com\/pt\/author\/admin\/#author"},"image":{"@type":"ImageObject","url":"https:\/\/www.rucashk.com\/wp-content\/uploads\/2024\/01\/Amazfit-Bip-S-lite-2021.jpg","@id":"https:\/\/www.rucashk.com\/pt\/produto\/amazfit-bip-s-lite-smart-watch-wholesale\/#mainImage","width":800,"height":800},"primaryImageOfPage":{"@id":"https:\/\/www.rucashk.com\/pt\/produto\/amazfit-bip-s-lite-smart-watch-wholesale\/#mainImage"},"datePublished":"2024-01-09T16:08:15+00:00","dateModified":"2024-03-12T04:06:12+00:00"},{"@type":"WebSite","@id":"https:\/\/www.rucashk.com\/pt\/#website","url":"https:\/\/www.rucashk.com\/pt\/","name":"Rucas - Wholesale and distribution worldwide","alternateName":"Rucas - One-stop AIoT Distribution Worldwide","description":"One-stop AIoT Distribution Worldwide","inLanguage":"pt-PT","publisher":{"@id":"https:\/\/www.rucashk.com\/pt\/#organization"}}]}},"aioseo_meta_data":{"post_id":"24731","title":null,"description":null,"keywords":null,"keyphrases":null,"primary_term":null,"canonical_url":null,"og_title":null,"og_description":null,"og_object_type":"default","og_image_type":"default","og_image_url":null,"og_image_width":null,"og_image_height":null,"og_image_custom_url":null,"og_image_custom_fields":null,"og_video":null,"og_custom_url":null,"og_article_section":null,"og_article_tags":null,"twitter_use_og":false,"twitter_card":"default","twitter_image_type":"default","twitter_image_url":null,"twitter_image_custom_url":null,"twitter_image_custom_fields":null,"twitter_title":null,"twitter_description":null,"schema":{"blockGraphs":[],"customGraphs":[],"default":{"data":{"Article":[],"Course":[],"Dataset":[],"FAQPage":[],"Movie":[],"Person":[],"Product":[],"Recipe":[],"Service":[],"SoftwareApplication":[],"WebPage":[]},"graphName":"","isEnabled":true},"graphs":[]},"schema_type":"default","schema_type_options":null,"pillar_content":false,"robots_default":true,"robots_noindex":false,"robots_noarchive":false,"robots_nosnippet":false,"robots_nofollow":false,"robots_noimageindex":false,"robots_noodp":false,"robots_notranslate":false,"robots_max_snippet":null,"robots_max_videopreview":null,"robots_max_imagepreview":"large","priority":null,"frequency":null,"local_seo":null,"breadcrumb_settings":null,"limit_modified_date":false,"created":"2024-04-11 01:57:14","updated":"2025-06-22 17:39:17"},"aioseo_breadcrumb":"<div class=\"aioseo-breadcrumbs\"><span class=\"aioseo-breadcrumb\">\n\t<a href=\"https:\/\/www.rucashk.com\/pt\" title=\"Home\">Home<\/a>\n<\/span><span class=\"aioseo-breadcrumb-separator\">&raquo;<\/span><span class=\"aioseo-breadcrumb\">\n\t<a href=\"https:\/\/www.rucashk.com\/pt\/products\/\" title=\"Produtos\">Produtos<\/a>\n<\/span><span class=\"aioseo-breadcrumb-separator\">&raquo;<\/span><span class=\"aioseo-breadcrumb\">\n\t<a href=\"https:\/\/www.rucashk.com\/pt\/categoria-produto\/xiaomi-eco\/\" title=\"Xiaomi Eco\">Xiaomi Eco<\/a>\n<\/span><span class=\"aioseo-breadcrumb-separator\">&raquo;<\/span><span class=\"aioseo-breadcrumb\">\n\t<a href=\"https:\/\/www.rucashk.com\/pt\/categoria-produto\/xiaomi-eco\/amazfit-smartwatch\/\" title=\"Amazfit Smartwatch\">Amazfit Smartwatch<\/a>\n<\/span><span class=\"aioseo-breadcrumb-separator\">&raquo;<\/span><span class=\"aioseo-breadcrumb\">\n\tAmazfit Bip S Lite Smart Watch Wholesale\n<\/span><\/div>","aioseo_breadcrumb_json":[{"label":"Home","link":"https:\/\/www.rucashk.com\/pt"},{"label":"Produtos","link":"https:\/\/www.rucashk.com\/pt\/products\/"},{"label":"Xiaomi Eco","link":"https:\/\/www.rucashk.com\/pt\/categoria-produto\/xiaomi-eco\/"},{"label":"Amazfit Smartwatch","link":"https:\/\/www.rucashk.com\/pt\/categoria-produto\/xiaomi-eco\/amazfit-smartwatch\/"},{"label":"Amazfit Bip S Lite Smart Watch Wholesale","link":"https:\/\/www.rucashk.com\/pt\/produto\/amazfit-bip-s-lite-smart-watch-wholesale\/"}],"_links":{"self":[{"href":"https:\/\/www.rucashk.com\/pt\/wp-json\/wp\/v2\/product\/24731","targetHints":{"allow":["GET"]}}],"collection":[{"href":"https:\/\/www.rucashk.com\/pt\/wp-json\/wp\/v2\/product"}],"about":[{"href":"https:\/\/www.rucashk.com\/pt\/wp-json\/wp\/v2\/types\/product"}],"wp:featuredmedia":[{"embeddable":true,"href":"https:\/\/www.rucashk.com\/pt\/wp-json\/wp\/v2\/media\/24847"}],"wp:attachment":[{"href":"https:\/\/www.rucashk.com\/pt\/wp-json\/wp\/v2\/media?parent=24731"}],"wp:term":[{"taxonomy":"product_brand","embeddable":true,"href":"https:\/\/www.rucashk.com\/pt\/wp-json\/wp\/v2\/product_brand?post=24731"},{"taxonomy":"product_cat","embeddable":true,"href":"https:\/\/www.rucashk.com\/pt\/wp-json\/wp\/v2\/product_cat?post=24731"},{"taxonomy":"product_tag","embeddable":true,"href":"https:\/\/www.rucashk.com\/pt\/wp-json\/wp\/v2\/product_tag?post=24731"}],"curies":[{"name":"wp","href":"https:\/\/api.w.org\/{rel}","templated":true}]}}