{"id":24710,"date":"2024-01-09T16:07:52","date_gmt":"2024-01-09T16:07:52","guid":{"rendered":"http:\/\/rucashk.com\/?post_type=product&#038;p=24710"},"modified":"2025-06-22T07:44:53","modified_gmt":"2025-06-22T07:44:53","slug":"xiaomi-redmi-led-display-1a-23-8-inch-wholesale","status":"publish","type":"product","link":"https:\/\/www.rucashk.com\/pt\/produto\/xiaomi-redmi-led-display-1a-23-8-inch-wholesale\/","title":{"rendered":"Tela LED Xiaomi Redmi 1A 23,8 polegadas no atacado"},"content":{"rendered":"<p style=\"text-align: center\"><strong>Tela LED Xiaomi Redmi 1A 23,8 polegadas<\/strong><\/p>\n<p><img fetchpriority=\"high\" decoding=\"async\" class=\"aligncenter\" src=\"\/wp-content\/uploads\/replace\/bf24f67b0a58d0aae59e7a28fab28815.jpeg\" alt=\"Xiaomi Redmi LED Display 1A 23.8 Inch Wholesale\" width=\"1000\" height=\"654\" \/><img decoding=\"async\" class=\"aligncenter\" src=\"\/wp-content\/uploads\/replace\/d3d5318da5fd39f79dfad2b37c04da80.jpeg\" alt=\"Xiaomi Redmi LED Display 1A 23.8 Inch Wholesale\" width=\"1000\" height=\"867\" \/><img decoding=\"async\" class=\"aligncenter\" src=\"\/wp-content\/uploads\/replace\/6c0e9654bd65903c790781c14b1a8919.jpeg\" alt=\"Xiaomi Redmi LED Display 1A 23.8 Inch Wholesale\" width=\"1000\" height=\"653\" \/><img loading=\"lazy\" decoding=\"async\" class=\"aligncenter\" src=\"\/wp-content\/uploads\/replace\/38e0f82991a79d078e4cf921f106329d.jpeg\" alt=\"Xiaomi Redmi LED Display 1A 23.8 Inch Wholesale\" width=\"1000\" height=\"653\" \/><img loading=\"lazy\" decoding=\"async\" class=\"aligncenter\" src=\"\/wp-content\/uploads\/replace\/ab4436f459a348967ffc760bd3bab4b2.jpeg\" alt=\"Xiaomi Redmi LED Display 1A 23.8 Inch Wholesale\" width=\"1000\" height=\"718\" \/><img loading=\"lazy\" decoding=\"async\" class=\"aligncenter\" src=\"\/wp-content\/uploads\/replace\/2dc3ccbc21378086a2d917c746d8e370.jpeg\" alt=\"Xiaomi Redmi LED Display 1A 23.8 Inch Wholesale\" width=\"1000\" height=\"736\" \/><img loading=\"lazy\" decoding=\"async\" class=\"aligncenter\" src=\"\/wp-content\/uploads\/replace\/9f97cabb96a149f486cb6949ea6010ee.jpeg\" alt=\"Xiaomi Redmi LED Display 1A 23.8 Inch Wholesale\" width=\"1000\" height=\"1138\" \/><img loading=\"lazy\" decoding=\"async\" class=\"aligncenter\" src=\"\/wp-content\/uploads\/replace\/eb46ad6072df955be61aa67cc44708db.jpeg\" alt=\"Xiaomi Redmi LED Display 1A 23.8 Inch Wholesale\" width=\"1000\" height=\"424\" \/><img loading=\"lazy\" decoding=\"async\" class=\"aligncenter\" src=\"\/wp-content\/uploads\/replace\/61e99d2a2f316a8f94f707d102a617db.jpeg\" alt=\"Xiaomi Redmi LED Display 1A 23.8 Inch Wholesale\" width=\"1000\" height=\"648\" data-spm-anchor-id=\"a2g0o.detail.1000023.i0.3bf77d5eLqwWA4\" \/><\/p>\n<p>Redmi LED Display 1A de 23,8 polegadas no atacado, que como voc\u00ea espera, possui uma tela de 23,8 polegadas. A tela Full HD suporta visualiza\u00e7\u00e3o grande angular de 178 graus<\/p>\n<p><strong>Especifica\u00e7\u00e3o:<\/strong><br \/>\nN\u00famero do modelo: RMMNT238NF<br \/>\nPot\u00eancia nominal: 24W m\u00e1x.<br \/>\nTamanho vis\u00edvel (diagonal): 60,5 cm<br \/>\nBrilho: 250cd\/m2 (TIPO)<br \/>\nCor: 16,7 milh\u00f5es<br \/>\nTaxa de atualiza\u00e7\u00e3o: 60 Hz<br \/>\nEntrada: 12V-2A<br \/>\nPeso l\u00edquido: 2,7 kg<br \/>\nResolu\u00e7\u00e3o: 1920*1080<br \/>\nTamanho: 539,2 (C) * 181,2 (L) * 419,5 (A) mm<br \/>\nTemperatura de trabalho: 0 \u2103 -40 \u2103<br \/>\nUmidade de trabalho: 10% -90% RH<br \/>\nPress\u00e3o atmosf\u00e9rica: 86-106kpa<\/p>\n<p><strong>O pacote inclui:<\/strong><br \/>\n1 * Exibi\u00e7\u00e3o de host<br \/>\n1 * adaptador de energia<br \/>\n1 * Usar manual<br \/>\n1 * cabo HDMI<br \/>\n1 * chave de fenda<br \/>\n1 *Base<br \/>\n1 * parafuso base<br \/>\n1 * suporte<br \/>\n2 * parafuso de suporte<\/p>","protected":false},"excerpt":{"rendered":"<p class=\"textDescTitle\"><strong>Principais caracter\u00edsticas<\/strong><\/p>\n<p class=\"textDescTitle\">1. 178 degree wide field of vision, wonderful view<br \/>\n2. Micro-edge immersive design breaks the shackles to the limitless<br \/>\n3. 7.3mm ultra-thin body, slim and light<br \/>\n4. 1080P high-definition picture quality, full of brilliance<br \/>\n5. Pleasant low blue light, Shu Yun is more eye-protecting.<\/p>","protected":false},"featured_media":24839,"template":"","meta":[],"product_brand":[1363],"product_cat":[1315,1305],"product_tag":[1138],"class_list":{"0":"post-24710","1":"product","2":"type-product","3":"status-publish","4":"has-post-thumbnail","6":"product_brand-xiaomi","7":"product_cat-tv-accessories","8":"product_cat-xiaomi-eco","9":"product_tag-xiaomi-redmi-led-display-1a-23-8-inch","11":"first","12":"instock","13":"shipping-taxable","14":"product-type-external"},"aioseo_notices":[],"aioseo_head":"\n\t\t<!-- All in One SEO Pro 4.5.9.2 - aioseo.com -->\n\t\t<meta name=\"description\" content=\"Main Features 1. 178 degree wide field of vision, wonderful view 2. Micro-edge immersive design breaks the shackles to the limitless 3. 7.3mm ultra-thin body, slim and light 4. 1080P high-definition picture quality, full of brilliance 5. Pleasant low blue light, Shu Yun is more eye-protecting.\" \/>\n\t\t<meta name=\"robots\" content=\"max-image-preview:large\" \/>\n\t\t<link rel=\"canonical\" href=\"https:\/\/www.rucashk.com\/pt\/produto\/xiaomi-redmi-led-display-1a-23-8-inch-wholesale\/\" \/>\n\t\t<meta name=\"generator\" content=\"All in One SEO Pro (AIOSEO) 4.5.9.2\" \/>\n\t\t<meta property=\"og:locale\" content=\"pt_PT\" \/>\n\t\t<meta property=\"og:site_name\" content=\"Rucas - One-stop AIoT Distribution Worldwide\" \/>\n\t\t<meta property=\"og:type\" content=\"article\" \/>\n\t\t<meta property=\"og:title\" content=\"Xiaomi Redmi LED Display 1A 23.8 Inch Wholesale - Rucas - Wholesale and Distribution\" \/>\n\t\t<meta property=\"og:description\" content=\"Main Features 1. 178 degree wide field of vision, wonderful view 2. Micro-edge immersive design breaks the shackles to the limitless 3. 7.3mm ultra-thin body, slim and light 4. 1080P high-definition picture quality, full of brilliance 5. Pleasant low blue light, Shu Yun is more eye-protecting.\" \/>\n\t\t<meta property=\"og:url\" content=\"https:\/\/www.rucashk.com\/pt\/produto\/xiaomi-redmi-led-display-1a-23-8-inch-wholesale\/\" \/>\n\t\t<meta property=\"og:image\" content=\"https:\/\/www.rucashk.com\/wp-content\/uploads\/replace\/503b8e645f128a97ccde2b6290747646.jpeg\" \/>\n\t\t<meta property=\"og:image:secure_url\" content=\"https:\/\/www.rucashk.com\/wp-content\/uploads\/replace\/503b8e645f128a97ccde2b6290747646.jpeg\" \/>\n\t\t<meta property=\"og:image:width\" content=\"1456\" \/>\n\t\t<meta property=\"og:image:height\" content=\"816\" \/>\n\t\t<meta property=\"article:published_time\" content=\"2024-01-09T16:07:52+00:00\" \/>\n\t\t<meta property=\"article:modified_time\" content=\"2025-06-22T07:44:53+00:00\" \/>\n\t\t<meta name=\"twitter:card\" content=\"summary_large_image\" \/>\n\t\t<meta name=\"twitter:title\" content=\"Xiaomi Redmi LED Display 1A 23.8 Inch Wholesale - Rucas - Wholesale and Distribution\" \/>\n\t\t<meta name=\"twitter:description\" content=\"Main Features 1. 178 degree wide field of vision, wonderful view 2. Micro-edge immersive design breaks the shackles to the limitless 3. 7.3mm ultra-thin body, slim and light 4. 1080P high-definition picture quality, full of brilliance 5. Pleasant low blue light, Shu Yun is more eye-protecting.\" \/>\n\t\t<meta name=\"twitter:image\" content=\"https:\/\/www.rucashk.com\/wp-content\/uploads\/replace\/503b8e645f128a97ccde2b6290747646.jpeg\" \/>\n\t\t<script type=\"application\/ld+json\" class=\"aioseo-schema\">\n\t\t\t{\"@context\":\"https:\\\/\\\/schema.org\",\"@graph\":[{\"@type\":\"BreadcrumbList\",\"@id\":\"https:\\\/\\\/www.rucashk.com\\\/pt\\\/produto\\\/xiaomi-redmi-led-display-1a-23-8-inch-wholesale\\\/#breadcrumblist\",\"itemListElement\":[{\"@type\":\"ListItem\",\"@id\":\"https:\\\/\\\/www.rucashk.com\\\/pt\\\/#listItem\",\"position\":1,\"name\":\"Home\",\"item\":\"https:\\\/\\\/www.rucashk.com\\\/pt\\\/\",\"nextItem\":\"https:\\\/\\\/www.rucashk.com\\\/pt\\\/produto\\\/xiaomi-redmi-led-display-1a-23-8-inch-wholesale\\\/#listItem\"},{\"@type\":\"ListItem\",\"@id\":\"https:\\\/\\\/www.rucashk.com\\\/pt\\\/produto\\\/xiaomi-redmi-led-display-1a-23-8-inch-wholesale\\\/#listItem\",\"position\":2,\"name\":\"Xiaomi Redmi LED Display 1A 23.8 Inch Wholesale\",\"previousItem\":\"https:\\\/\\\/www.rucashk.com\\\/pt\\\/#listItem\"}]},{\"@type\":\"Organization\",\"@id\":\"https:\\\/\\\/www.rucashk.com\\\/pt\\\/#organization\",\"name\":\"Rucas\",\"url\":\"https:\\\/\\\/www.rucashk.com\\\/pt\\\/\",\"logo\":{\"@type\":\"ImageObject\",\"url\":\"https:\\\/\\\/www.rucashk.com\\\/wp-content\\\/uploads\\\/2023\\\/12\\\/Rucas_campany_logo.png\",\"@id\":\"https:\\\/\\\/www.rucashk.com\\\/pt\\\/produto\\\/xiaomi-redmi-led-display-1a-23-8-inch-wholesale\\\/#organizationLogo\",\"width\":221,\"height\":65},\"image\":{\"@id\":\"https:\\\/\\\/www.rucashk.com\\\/pt\\\/#organizationLogo\"}},{\"@type\":\"Person\",\"@id\":\"https:\\\/\\\/www.rucashk.com\\\/pt\\\/author\\\/admin\\\/#author\",\"url\":\"https:\\\/\\\/www.rucashk.com\\\/pt\\\/author\\\/admin\\\/\",\"name\":\"admin\",\"image\":{\"@type\":\"ImageObject\",\"@id\":\"https:\\\/\\\/www.rucashk.com\\\/pt\\\/produto\\\/xiaomi-redmi-led-display-1a-23-8-inch-wholesale\\\/#authorImage\",\"url\":\"https:\\\/\\\/secure.gravatar.com\\\/avatar\\\/b7c8925b09a27e72b30232f8ecaadbd5af0f70a38c78096863fe51b64f031c24?s=96&d=mm&r=g\",\"width\":96,\"height\":96,\"caption\":\"admin\"}},{\"@type\":\"WebPage\",\"@id\":\"https:\\\/\\\/www.rucashk.com\\\/pt\\\/produto\\\/xiaomi-redmi-led-display-1a-23-8-inch-wholesale\\\/#webpage\",\"url\":\"https:\\\/\\\/www.rucashk.com\\\/pt\\\/produto\\\/xiaomi-redmi-led-display-1a-23-8-inch-wholesale\\\/\",\"name\":\"Xiaomi Redmi LED Display 1A 23.8 Inch Wholesale - Rucas - Wholesale and Distribution\",\"description\":\"Main Features 1. 178 degree wide field of vision, wonderful view 2. Micro-edge immersive design breaks the shackles to the limitless 3. 7.3mm ultra-thin body, slim and light 4. 1080P high-definition picture quality, full of brilliance 5. Pleasant low blue light, Shu Yun is more eye-protecting.\",\"inLanguage\":\"pt-PT\",\"isPartOf\":{\"@id\":\"https:\\\/\\\/www.rucashk.com\\\/pt\\\/#website\"},\"breadcrumb\":{\"@id\":\"https:\\\/\\\/www.rucashk.com\\\/pt\\\/produto\\\/xiaomi-redmi-led-display-1a-23-8-inch-wholesale\\\/#breadcrumblist\"},\"author\":{\"@id\":\"https:\\\/\\\/www.rucashk.com\\\/pt\\\/author\\\/admin\\\/#author\"},\"creator\":{\"@id\":\"https:\\\/\\\/www.rucashk.com\\\/pt\\\/author\\\/admin\\\/#author\"},\"image\":{\"@type\":\"ImageObject\",\"url\":\"https:\\\/\\\/www.rucashk.com\\\/wp-content\\\/uploads\\\/2024\\\/01\\\/Xiaomi-Redmi-Computer-Monitor-1A-23-8-Inch-Ultra-thin-1080P-HD-HDMI-Inerface-1.jpg\",\"@id\":\"https:\\\/\\\/www.rucashk.com\\\/pt\\\/produto\\\/xiaomi-redmi-led-display-1a-23-8-inch-wholesale\\\/#mainImage\",\"width\":800,\"height\":800},\"primaryImageOfPage\":{\"@id\":\"https:\\\/\\\/www.rucashk.com\\\/pt\\\/produto\\\/xiaomi-redmi-led-display-1a-23-8-inch-wholesale\\\/#mainImage\"},\"datePublished\":\"2024-01-09T16:07:52+00:00\",\"dateModified\":\"2025-06-22T07:44:53+00:00\"},{\"@type\":\"WebSite\",\"@id\":\"https:\\\/\\\/www.rucashk.com\\\/pt\\\/#website\",\"url\":\"https:\\\/\\\/www.rucashk.com\\\/pt\\\/\",\"name\":\"Rucas - Wholesale and distribution worldwide\",\"alternateName\":\"Rucas - One-stop AIoT Distribution Worldwide\",\"description\":\"One-stop AIoT Distribution Worldwide\",\"inLanguage\":\"pt-PT\",\"publisher\":{\"@id\":\"https:\\\/\\\/www.rucashk.com\\\/pt\\\/#organization\"}}]}\n\t\t<\/script>\n\t\t<!-- All in One SEO Pro -->\r\n\t\t<title>Xiaomi Redmi LED Display 1A 23.8 Inch Wholesale - Rucas - Wholesale and Distribution<\/title>\n\n","aioseo_head_json":{"title":"Xiaomi Redmi LED Display 1A 23.8 Inch Wholesale - Rucas - Wholesale and Distribution","description":"Main Features 1. 178 degree wide field of vision, wonderful view 2. Micro-edge immersive design breaks the shackles to the limitless 3. 7.3mm ultra-thin body, slim and light 4. 1080P high-definition picture quality, full of brilliance 5. Pleasant low blue light, Shu Yun is more eye-protecting.","canonical_url":"https:\/\/www.rucashk.com\/pt\/produto\/xiaomi-redmi-led-display-1a-23-8-inch-wholesale\/","robots":"max-image-preview:large","keywords":"","webmasterTools":{"miscellaneous":""},"og:locale":"pt_PT","og:site_name":"Rucas - One-stop AIoT Distribution Worldwide","og:type":"article","og:title":"Xiaomi Redmi LED Display 1A 23.8 Inch Wholesale - Rucas - Wholesale and Distribution","og:description":"Main Features 1. 178 degree wide field of vision, wonderful view 2. Micro-edge immersive design breaks the shackles to the limitless 3. 7.3mm ultra-thin body, slim and light 4. 1080P high-definition picture quality, full of brilliance 5. Pleasant low blue light, Shu Yun is more eye-protecting.","og:url":"https:\/\/www.rucashk.com\/pt\/produto\/xiaomi-redmi-led-display-1a-23-8-inch-wholesale\/","og:image":"https:\/\/www.rucashk.com\/wp-content\/uploads\/replace\/503b8e645f128a97ccde2b6290747646.jpeg","og:image:secure_url":"https:\/\/www.rucashk.com\/wp-content\/uploads\/replace\/503b8e645f128a97ccde2b6290747646.jpeg","og:image:width":1456,"og:image:height":816,"article:published_time":"2024-01-09T16:07:52+00:00","article:modified_time":"2025-06-22T07:44:53+00:00","twitter:card":"summary_large_image","twitter:title":"Xiaomi Redmi LED Display 1A 23.8 Inch Wholesale - Rucas - Wholesale and Distribution","twitter:description":"Main Features 1. 178 degree wide field of vision, wonderful view 2. Micro-edge immersive design breaks the shackles to the limitless 3. 7.3mm ultra-thin body, slim and light 4. 1080P high-definition picture quality, full of brilliance 5. Pleasant low blue light, Shu Yun is more eye-protecting.","twitter:image":"https:\/\/www.rucashk.com\/wp-content\/uploads\/replace\/503b8e645f128a97ccde2b6290747646.jpeg","schema":{"@context":"https:\/\/schema.org","@graph":[{"@type":"BreadcrumbList","@id":"https:\/\/www.rucashk.com\/pt\/produto\/xiaomi-redmi-led-display-1a-23-8-inch-wholesale\/#breadcrumblist","itemListElement":[{"@type":"ListItem","@id":"https:\/\/www.rucashk.com\/pt\/#listItem","position":1,"name":"Home","item":"https:\/\/www.rucashk.com\/pt\/","nextItem":"https:\/\/www.rucashk.com\/pt\/produto\/xiaomi-redmi-led-display-1a-23-8-inch-wholesale\/#listItem"},{"@type":"ListItem","@id":"https:\/\/www.rucashk.com\/pt\/produto\/xiaomi-redmi-led-display-1a-23-8-inch-wholesale\/#listItem","position":2,"name":"Xiaomi Redmi LED Display 1A 23.8 Inch Wholesale","previousItem":"https:\/\/www.rucashk.com\/pt\/#listItem"}]},{"@type":"Organization","@id":"https:\/\/www.rucashk.com\/pt\/#organization","name":"Rucas","url":"https:\/\/www.rucashk.com\/pt\/","logo":{"@type":"ImageObject","url":"https:\/\/www.rucashk.com\/wp-content\/uploads\/2023\/12\/Rucas_campany_logo.png","@id":"https:\/\/www.rucashk.com\/pt\/produto\/xiaomi-redmi-led-display-1a-23-8-inch-wholesale\/#organizationLogo","width":221,"height":65},"image":{"@id":"https:\/\/www.rucashk.com\/pt\/#organizationLogo"}},{"@type":"Person","@id":"https:\/\/www.rucashk.com\/pt\/author\/admin\/#author","url":"https:\/\/www.rucashk.com\/pt\/author\/admin\/","name":"admin","image":{"@type":"ImageObject","@id":"https:\/\/www.rucashk.com\/pt\/produto\/xiaomi-redmi-led-display-1a-23-8-inch-wholesale\/#authorImage","url":"https:\/\/secure.gravatar.com\/avatar\/b7c8925b09a27e72b30232f8ecaadbd5af0f70a38c78096863fe51b64f031c24?s=96&d=mm&r=g","width":96,"height":96,"caption":"admin"}},{"@type":"WebPage","@id":"https:\/\/www.rucashk.com\/pt\/produto\/xiaomi-redmi-led-display-1a-23-8-inch-wholesale\/#webpage","url":"https:\/\/www.rucashk.com\/pt\/produto\/xiaomi-redmi-led-display-1a-23-8-inch-wholesale\/","name":"Xiaomi Redmi LED Display 1A 23.8 Inch Wholesale - Rucas - Wholesale and Distribution","description":"Main Features 1. 178 degree wide field of vision, wonderful view 2. Micro-edge immersive design breaks the shackles to the limitless 3. 7.3mm ultra-thin body, slim and light 4. 1080P high-definition picture quality, full of brilliance 5. Pleasant low blue light, Shu Yun is more eye-protecting.","inLanguage":"pt-PT","isPartOf":{"@id":"https:\/\/www.rucashk.com\/pt\/#website"},"breadcrumb":{"@id":"https:\/\/www.rucashk.com\/pt\/produto\/xiaomi-redmi-led-display-1a-23-8-inch-wholesale\/#breadcrumblist"},"author":{"@id":"https:\/\/www.rucashk.com\/pt\/author\/admin\/#author"},"creator":{"@id":"https:\/\/www.rucashk.com\/pt\/author\/admin\/#author"},"image":{"@type":"ImageObject","url":"https:\/\/www.rucashk.com\/wp-content\/uploads\/2024\/01\/Xiaomi-Redmi-Computer-Monitor-1A-23-8-Inch-Ultra-thin-1080P-HD-HDMI-Inerface-1.jpg","@id":"https:\/\/www.rucashk.com\/pt\/produto\/xiaomi-redmi-led-display-1a-23-8-inch-wholesale\/#mainImage","width":800,"height":800},"primaryImageOfPage":{"@id":"https:\/\/www.rucashk.com\/pt\/produto\/xiaomi-redmi-led-display-1a-23-8-inch-wholesale\/#mainImage"},"datePublished":"2024-01-09T16:07:52+00:00","dateModified":"2025-06-22T07:44:53+00:00"},{"@type":"WebSite","@id":"https:\/\/www.rucashk.com\/pt\/#website","url":"https:\/\/www.rucashk.com\/pt\/","name":"Rucas - Wholesale and distribution worldwide","alternateName":"Rucas - One-stop AIoT Distribution Worldwide","description":"One-stop AIoT Distribution Worldwide","inLanguage":"pt-PT","publisher":{"@id":"https:\/\/www.rucashk.com\/pt\/#organization"}}]}},"aioseo_meta_data":{"post_id":"24710","title":null,"description":null,"keywords":null,"keyphrases":null,"primary_term":null,"canonical_url":null,"og_title":null,"og_description":null,"og_object_type":"default","og_image_type":"default","og_image_url":null,"og_image_width":null,"og_image_height":null,"og_image_custom_url":null,"og_image_custom_fields":null,"og_video":null,"og_custom_url":null,"og_article_section":null,"og_article_tags":null,"twitter_use_og":false,"twitter_card":"default","twitter_image_type":"default","twitter_image_url":null,"twitter_image_custom_url":null,"twitter_image_custom_fields":null,"twitter_title":null,"twitter_description":null,"schema":{"blockGraphs":[],"customGraphs":[],"default":{"data":{"Article":[],"Course":[],"Dataset":[],"FAQPage":[],"Movie":[],"Person":[],"Product":[],"Recipe":[],"Service":[],"SoftwareApplication":[],"WebPage":[]},"graphName":"","isEnabled":true},"graphs":[]},"schema_type":"default","schema_type_options":null,"pillar_content":false,"robots_default":true,"robots_noindex":false,"robots_noarchive":false,"robots_nosnippet":false,"robots_nofollow":false,"robots_noimageindex":false,"robots_noodp":false,"robots_notranslate":false,"robots_max_snippet":null,"robots_max_videopreview":null,"robots_max_imagepreview":"large","priority":null,"frequency":null,"local_seo":null,"breadcrumb_settings":null,"limit_modified_date":false,"created":"2024-04-11 01:57:14","updated":"2025-06-22 17:38:15"},"aioseo_breadcrumb":"<div class=\"aioseo-breadcrumbs\"><span class=\"aioseo-breadcrumb\">\n\t<a href=\"https:\/\/www.rucashk.com\/pt\" title=\"Home\">Home<\/a>\n<\/span><span class=\"aioseo-breadcrumb-separator\">&raquo;<\/span><span class=\"aioseo-breadcrumb\">\n\t<a href=\"https:\/\/www.rucashk.com\/pt\/products\/\" title=\"Produtos\">Produtos<\/a>\n<\/span><span class=\"aioseo-breadcrumb-separator\">&raquo;<\/span><span class=\"aioseo-breadcrumb\">\n\t<a href=\"https:\/\/www.rucashk.com\/pt\/marca\/xiaomi\/\" title=\"Xiaomi\">Xiaomi<\/a>\n<\/span><span class=\"aioseo-breadcrumb-separator\">&raquo;<\/span><span class=\"aioseo-breadcrumb\">\n\tXiaomi Redmi LED Display 1A 23.8 Inch Wholesale\n<\/span><\/div>","aioseo_breadcrumb_json":[{"label":"Home","link":"https:\/\/www.rucashk.com\/pt"},{"label":"Produtos","link":"https:\/\/www.rucashk.com\/pt\/products\/"},{"label":"Xiaomi","link":"https:\/\/www.rucashk.com\/pt\/marca\/xiaomi\/"},{"label":"Xiaomi Redmi LED Display 1A 23.8 Inch Wholesale","link":"https:\/\/www.rucashk.com\/pt\/produto\/xiaomi-redmi-led-display-1a-23-8-inch-wholesale\/"}],"_links":{"self":[{"href":"https:\/\/www.rucashk.com\/pt\/wp-json\/wp\/v2\/product\/24710","targetHints":{"allow":["GET"]}}],"collection":[{"href":"https:\/\/www.rucashk.com\/pt\/wp-json\/wp\/v2\/product"}],"about":[{"href":"https:\/\/www.rucashk.com\/pt\/wp-json\/wp\/v2\/types\/product"}],"wp:featuredmedia":[{"embeddable":true,"href":"https:\/\/www.rucashk.com\/pt\/wp-json\/wp\/v2\/media\/24839"}],"wp:attachment":[{"href":"https:\/\/www.rucashk.com\/pt\/wp-json\/wp\/v2\/media?parent=24710"}],"wp:term":[{"taxonomy":"product_brand","embeddable":true,"href":"https:\/\/www.rucashk.com\/pt\/wp-json\/wp\/v2\/product_brand?post=24710"},{"taxonomy":"product_cat","embeddable":true,"href":"https:\/\/www.rucashk.com\/pt\/wp-json\/wp\/v2\/product_cat?post=24710"},{"taxonomy":"product_tag","embeddable":true,"href":"https:\/\/www.rucashk.com\/pt\/wp-json\/wp\/v2\/product_tag?post=24710"}],"curies":[{"name":"wp","href":"https:\/\/api.w.org\/{rel}","templated":true}]}}