{"id":24684,"date":"2024-01-09T16:07:30","date_gmt":"2024-01-09T16:07:30","guid":{"rendered":"http:\/\/rucashk.com\/?post_type=product&#038;p=24684"},"modified":"2024-03-13T04:27:50","modified_gmt":"2024-03-13T04:27:50","slug":"ihome-mirror-with-bluetooth-audio-wholesale-2","status":"publish","type":"product","link":"https:\/\/www.rucashk.com\/pt\/produto\/ihome-mirror-with-bluetooth-audio-wholesale-2\/","title":{"rendered":"Espelho IHome com \u00e1udio Bluetooth no atacado"},"content":{"rendered":"<p><img fetchpriority=\"high\" decoding=\"async\" class=\"alignnone wp-image-21475 size-full aligncenter\" src=\"\/wp-content\/uploads\/replace\/04d8e95fd38fd84badc158580dd2b13a.png\" alt=\"IHome Mirror with Bluetooth Audio\" width=\"1920\" height=\"1080\" \/><img decoding=\"async\" class=\"alignnone wp-image-21476 size-full aligncenter\" src=\"\/wp-content\/uploads\/replace\/abd1e1a2fc45a079b2e54711e5082fec.png\" alt=\"IHome Mirror with Bluetooth Audio\" width=\"3000\" height=\"3000\" \/><img decoding=\"async\" class=\"alignnone wp-image-21477 size-full aligncenter\" src=\"\/wp-content\/uploads\/replace\/eb2a9b314d6865ebb3abf93970f42039.png\" alt=\"IHome Mirror with Bluetooth Audio\" width=\"3000\" height=\"3000\" \/><img loading=\"lazy\" decoding=\"async\" class=\"alignnone wp-image-21478 size-full aligncenter\" src=\"\/wp-content\/uploads\/replace\/7a4ce70287fa65beb0dff8f818b9b09d.png\" alt=\"IHome Mirror with Bluetooth Audio\" width=\"3000\" height=\"3000\" \/><img loading=\"lazy\" decoding=\"async\" class=\"alignnone wp-image-21479 size-full aligncenter\" src=\"\/wp-content\/uploads\/replace\/ddbcfdad4a1aafc736e7db9e4c4ca8d8.png\" alt=\"IHome Mirror with Bluetooth Audio\" width=\"3000\" height=\"3000\" \/><img loading=\"lazy\" decoding=\"async\" class=\"alignnone wp-image-21480 size-full aligncenter\" src=\"\/wp-content\/uploads\/replace\/eb25ecd908406bf519becbe16110c832.png\" alt=\"IHome Mirror with Bluetooth Audio\" width=\"3000\" height=\"3000\" \/><\/p>","protected":false},"excerpt":{"rendered":"<ul class=\"a-unordered-list a-vertical a-spacing-none\" style=\"margin: 0px 0px 0px 18px;padding: 0px;text-align: left;color: #949494;text-transform: none;text-indent: 0px;letter-spacing: normal;font-family: BogleWeb, 'Helvetica Neue', Helvetica, Arial, sans-serif;font-size: 14px;font-style: normal;font-weight: 400\">\n<li>BLUETOOTH: Com um simples toque de um bot\u00e3o agora voc\u00ea pode atender uma liga\u00e7\u00e3o ou ouvir suas m\u00fasicas favoritas enquanto se maquia! O microfone embutido lhe dar\u00e1 o som de voz mais claro enquanto atende chamadas, e o alto-falante embutido de alta qualidade fornecer\u00e1 as melhores m\u00fasicas! Suporta todos os dispositivos Bluetooth<\/li>\n<li>B\u00d4NUS 10X SPOT MIRROR: Agora voc\u00ea pode chegar bem perto com o espelho magn\u00e9tico 10X Spot para obter o resultado perfeito ao aplicar qualquer coisa que precise de aten\u00e7\u00e3o perfeita aos detalhes!<\/li>\n<li>DISTORTION FREE MIRROR: 7&#8243; x 9&#8243; Distortion Free Mirror to guarantee your makeup routine is distraction free, with the clearest and brightest mirror<\/li>\n<li>CONTROLE DE VOZ: Chega de mexer no telefone enquanto se prepara. Pe\u00e7a \u00e0 Siri ou ao Google para enviar uma mensagem de texto, pedir a previs\u00e3o do tempo ou ligar para um de seus familiares ou amigos.<\/li>\n<li>PORTA DE CARREGAMENTO USB: Use a porta USB integrada para carregar seu telefone enquanto se prepara. Isso garantir\u00e1 que voc\u00ea esteja totalmente carregado e lhe dar\u00e1 uma excelente vantagem para o seu dia ou noite!<\/li>\n<\/ul>","protected":false},"featured_media":24790,"template":"","meta":[],"product_brand":[],"product_cat":[1320,1305],"product_tag":[1103],"class_list":{"0":"post-24684","1":"product","2":"type-product","3":"status-publish","4":"has-post-thumbnail","6":"product_cat-personal-care","7":"product_cat-xiaomi-eco","8":"product_tag-ihome-mirror-with-bluetooth-audio","10":"first","11":"instock","12":"shipping-taxable","13":"product-type-external"},"aioseo_notices":[],"aioseo_head":"\n\t\t<!-- All in One SEO Pro 4.5.9.2 - aioseo.com -->\n\t\t<meta name=\"description\" content=\"BLUETOOTH: With a simple touch of a button you can now take a phone call or listen to your favorite tunes while putting on your makeup! The built in Mic will give you the clearest sounding voice while taking phone calls, and the high quality built in Speaker will provide the best sounding tunes! Supports All Bluetooth Devices BONUS 10X SPOT MIRROR: Now you can get up close with the Magnetic 10X Spot Mirror to give you the perfect result when applying anything that needs the perfect attention to detail! DISTORTION FREE MIRROR: 7&quot; x 9&quot; Distortion Free Mirror to guarantee your makeup routine is distraction free, with the clearest and brightest mirror VOICE CONTROL: No more fidgeting with your phone while getting ready. Ask Siri or Google to Send a Text, ask for the Weather, or to call one of your Family members or Friends. USB CHARGING PORT: Use the built in USB Port to charge up your phone all while getting ready. This will make sure you are fully charged and gives you a great head start for your day or night out!\" \/>\n\t\t<meta name=\"robots\" content=\"max-image-preview:large\" \/>\n\t\t<link rel=\"canonical\" href=\"https:\/\/www.rucashk.com\/pt\/produto\/ihome-mirror-with-bluetooth-audio-wholesale-2\/\" \/>\n\t\t<meta name=\"generator\" content=\"All in One SEO Pro (AIOSEO) 4.5.9.2\" \/>\n\t\t<meta property=\"og:locale\" content=\"pt_PT\" \/>\n\t\t<meta property=\"og:site_name\" content=\"Rucas - One-stop AIoT Distribution Worldwide\" \/>\n\t\t<meta property=\"og:type\" content=\"article\" \/>\n\t\t<meta property=\"og:title\" content=\"IHome Mirror with Bluetooth Audio Wholesale - Rucas - Wholesale and Distribution\" \/>\n\t\t<meta property=\"og:description\" content=\"BLUETOOTH: With a simple touch of a button you can now take a phone call or listen to your favorite tunes while putting on your makeup! The built in Mic will give you the clearest sounding voice while taking phone calls, and the high quality built in Speaker will provide the best sounding tunes! Supports All Bluetooth Devices BONUS 10X SPOT MIRROR: Now you can get up close with the Magnetic 10X Spot Mirror to give you the perfect result when applying anything that needs the perfect attention to detail! DISTORTION FREE MIRROR: 7&quot; x 9&quot; Distortion Free Mirror to guarantee your makeup routine is distraction free, with the clearest and brightest mirror VOICE CONTROL: No more fidgeting with your phone while getting ready. Ask Siri or Google to Send a Text, ask for the Weather, or to call one of your Family members or Friends. USB CHARGING PORT: Use the built in USB Port to charge up your phone all while getting ready. This will make sure you are fully charged and gives you a great head start for your day or night out!\" \/>\n\t\t<meta property=\"og:url\" content=\"https:\/\/www.rucashk.com\/pt\/produto\/ihome-mirror-with-bluetooth-audio-wholesale-2\/\" \/>\n\t\t<meta property=\"og:image\" content=\"https:\/\/www.rucashk.com\/wp-content\/uploads\/replace\/503b8e645f128a97ccde2b6290747646.jpeg\" \/>\n\t\t<meta property=\"og:image:secure_url\" content=\"https:\/\/www.rucashk.com\/wp-content\/uploads\/replace\/503b8e645f128a97ccde2b6290747646.jpeg\" \/>\n\t\t<meta property=\"og:image:width\" content=\"1456\" \/>\n\t\t<meta property=\"og:image:height\" content=\"816\" \/>\n\t\t<meta property=\"article:published_time\" content=\"2024-01-09T16:07:30+00:00\" \/>\n\t\t<meta property=\"article:modified_time\" content=\"2024-03-13T04:27:50+00:00\" \/>\n\t\t<meta name=\"twitter:card\" content=\"summary_large_image\" \/>\n\t\t<meta name=\"twitter:title\" content=\"IHome Mirror with Bluetooth Audio Wholesale - Rucas - Wholesale and Distribution\" \/>\n\t\t<meta name=\"twitter:description\" content=\"BLUETOOTH: With a simple touch of a button you can now take a phone call or listen to your favorite tunes while putting on your makeup! The built in Mic will give you the clearest sounding voice while taking phone calls, and the high quality built in Speaker will provide the best sounding tunes! Supports All Bluetooth Devices BONUS 10X SPOT MIRROR: Now you can get up close with the Magnetic 10X Spot Mirror to give you the perfect result when applying anything that needs the perfect attention to detail! DISTORTION FREE MIRROR: 7&quot; x 9&quot; Distortion Free Mirror to guarantee your makeup routine is distraction free, with the clearest and brightest mirror VOICE CONTROL: No more fidgeting with your phone while getting ready. Ask Siri or Google to Send a Text, ask for the Weather, or to call one of your Family members or Friends. USB CHARGING PORT: Use the built in USB Port to charge up your phone all while getting ready. This will make sure you are fully charged and gives you a great head start for your day or night out!\" \/>\n\t\t<meta name=\"twitter:image\" content=\"https:\/\/www.rucashk.com\/wp-content\/uploads\/replace\/503b8e645f128a97ccde2b6290747646.jpeg\" \/>\n\t\t<script type=\"application\/ld+json\" class=\"aioseo-schema\">\n\t\t\t{\"@context\":\"https:\\\/\\\/schema.org\",\"@graph\":[{\"@type\":\"BreadcrumbList\",\"@id\":\"https:\\\/\\\/www.rucashk.com\\\/pt\\\/produto\\\/ihome-mirror-with-bluetooth-audio-wholesale-2\\\/#breadcrumblist\",\"itemListElement\":[{\"@type\":\"ListItem\",\"@id\":\"https:\\\/\\\/www.rucashk.com\\\/pt\\\/#listItem\",\"position\":1,\"name\":\"Home\",\"item\":\"https:\\\/\\\/www.rucashk.com\\\/pt\\\/\",\"nextItem\":\"https:\\\/\\\/www.rucashk.com\\\/pt\\\/produto\\\/ihome-mirror-with-bluetooth-audio-wholesale-2\\\/#listItem\"},{\"@type\":\"ListItem\",\"@id\":\"https:\\\/\\\/www.rucashk.com\\\/pt\\\/produto\\\/ihome-mirror-with-bluetooth-audio-wholesale-2\\\/#listItem\",\"position\":2,\"name\":\"IHome Mirror with Bluetooth Audio Wholesale\",\"previousItem\":\"https:\\\/\\\/www.rucashk.com\\\/pt\\\/#listItem\"}]},{\"@type\":\"Organization\",\"@id\":\"https:\\\/\\\/www.rucashk.com\\\/pt\\\/#organization\",\"name\":\"Rucas\",\"url\":\"https:\\\/\\\/www.rucashk.com\\\/pt\\\/\",\"logo\":{\"@type\":\"ImageObject\",\"url\":\"https:\\\/\\\/www.rucashk.com\\\/wp-content\\\/uploads\\\/2023\\\/12\\\/Rucas_campany_logo.png\",\"@id\":\"https:\\\/\\\/www.rucashk.com\\\/pt\\\/produto\\\/ihome-mirror-with-bluetooth-audio-wholesale-2\\\/#organizationLogo\",\"width\":221,\"height\":65},\"image\":{\"@id\":\"https:\\\/\\\/www.rucashk.com\\\/pt\\\/#organizationLogo\"}},{\"@type\":\"Person\",\"@id\":\"https:\\\/\\\/www.rucashk.com\\\/pt\\\/author\\\/admin\\\/#author\",\"url\":\"https:\\\/\\\/www.rucashk.com\\\/pt\\\/author\\\/admin\\\/\",\"name\":\"admin\",\"image\":{\"@type\":\"ImageObject\",\"@id\":\"https:\\\/\\\/www.rucashk.com\\\/pt\\\/produto\\\/ihome-mirror-with-bluetooth-audio-wholesale-2\\\/#authorImage\",\"url\":\"https:\\\/\\\/secure.gravatar.com\\\/avatar\\\/b7c8925b09a27e72b30232f8ecaadbd5af0f70a38c78096863fe51b64f031c24?s=96&d=mm&r=g\",\"width\":96,\"height\":96,\"caption\":\"admin\"}},{\"@type\":\"WebPage\",\"@id\":\"https:\\\/\\\/www.rucashk.com\\\/pt\\\/produto\\\/ihome-mirror-with-bluetooth-audio-wholesale-2\\\/#webpage\",\"url\":\"https:\\\/\\\/www.rucashk.com\\\/pt\\\/produto\\\/ihome-mirror-with-bluetooth-audio-wholesale-2\\\/\",\"name\":\"IHome Mirror with Bluetooth Audio Wholesale - Rucas - Wholesale and Distribution\",\"description\":\"BLUETOOTH: With a simple touch of a button you can now take a phone call or listen to your favorite tunes while putting on your makeup! The built in Mic will give you the clearest sounding voice while taking phone calls, and the high quality built in Speaker will provide the best sounding tunes! Supports All Bluetooth Devices BONUS 10X SPOT MIRROR: Now you can get up close with the Magnetic 10X Spot Mirror to give you the perfect result when applying anything that needs the perfect attention to detail! DISTORTION FREE MIRROR: 7\\\" x 9\\\" Distortion Free Mirror to guarantee your makeup routine is distraction free, with the clearest and brightest mirror VOICE CONTROL: No more fidgeting with your phone while getting ready. Ask Siri or Google to Send a Text, ask for the Weather, or to call one of your Family members or Friends. USB CHARGING PORT: Use the built in USB Port to charge up your phone all while getting ready. This will make sure you are fully charged and gives you a great head start for your day or night out!\",\"inLanguage\":\"pt-PT\",\"isPartOf\":{\"@id\":\"https:\\\/\\\/www.rucashk.com\\\/pt\\\/#website\"},\"breadcrumb\":{\"@id\":\"https:\\\/\\\/www.rucashk.com\\\/pt\\\/produto\\\/ihome-mirror-with-bluetooth-audio-wholesale-2\\\/#breadcrumblist\"},\"author\":{\"@id\":\"https:\\\/\\\/www.rucashk.com\\\/pt\\\/author\\\/admin\\\/#author\"},\"creator\":{\"@id\":\"https:\\\/\\\/www.rucashk.com\\\/pt\\\/author\\\/admin\\\/#author\"},\"image\":{\"@type\":\"ImageObject\",\"url\":\"https:\\\/\\\/www.rucashk.com\\\/wp-content\\\/uploads\\\/2024\\\/01\\\/e_\\u526f\\u672c-3.png\",\"@id\":\"https:\\\/\\\/www.rucashk.com\\\/pt\\\/produto\\\/ihome-mirror-with-bluetooth-audio-wholesale-2\\\/#mainImage\",\"width\":800,\"height\":800},\"primaryImageOfPage\":{\"@id\":\"https:\\\/\\\/www.rucashk.com\\\/pt\\\/produto\\\/ihome-mirror-with-bluetooth-audio-wholesale-2\\\/#mainImage\"},\"datePublished\":\"2024-01-09T16:07:30+00:00\",\"dateModified\":\"2024-03-13T04:27:50+00:00\"},{\"@type\":\"WebSite\",\"@id\":\"https:\\\/\\\/www.rucashk.com\\\/pt\\\/#website\",\"url\":\"https:\\\/\\\/www.rucashk.com\\\/pt\\\/\",\"name\":\"Rucas - Wholesale and distribution worldwide\",\"alternateName\":\"Rucas - One-stop AIoT Distribution Worldwide\",\"description\":\"One-stop AIoT Distribution Worldwide\",\"inLanguage\":\"pt-PT\",\"publisher\":{\"@id\":\"https:\\\/\\\/www.rucashk.com\\\/pt\\\/#organization\"}}]}\n\t\t<\/script>\n\t\t<!-- All in One SEO Pro -->\r\n\t\t<title>IHome Mirror with Bluetooth Audio Wholesale - Rucas - Wholesale and Distribution<\/title>\n\n","aioseo_head_json":{"title":"IHome Mirror with Bluetooth Audio Wholesale - Rucas - Wholesale and Distribution","description":"BLUETOOTH: With a simple touch of a button you can now take a phone call or listen to your favorite tunes while putting on your makeup! The built in Mic will give you the clearest sounding voice while taking phone calls, and the high quality built in Speaker will provide the best sounding tunes! Supports All Bluetooth Devices BONUS 10X SPOT MIRROR: Now you can get up close with the Magnetic 10X Spot Mirror to give you the perfect result when applying anything that needs the perfect attention to detail! DISTORTION FREE MIRROR: 7\" x 9\" Distortion Free Mirror to guarantee your makeup routine is distraction free, with the clearest and brightest mirror VOICE CONTROL: No more fidgeting with your phone while getting ready. Ask Siri or Google to Send a Text, ask for the Weather, or to call one of your Family members or Friends. USB CHARGING PORT: Use the built in USB Port to charge up your phone all while getting ready. This will make sure you are fully charged and gives you a great head start for your day or night out!","canonical_url":"https:\/\/www.rucashk.com\/pt\/produto\/ihome-mirror-with-bluetooth-audio-wholesale-2\/","robots":"max-image-preview:large","keywords":"","webmasterTools":{"miscellaneous":""},"og:locale":"pt_PT","og:site_name":"Rucas - One-stop AIoT Distribution Worldwide","og:type":"article","og:title":"IHome Mirror with Bluetooth Audio Wholesale - Rucas - Wholesale and Distribution","og:description":"BLUETOOTH: With a simple touch of a button you can now take a phone call or listen to your favorite tunes while putting on your makeup! The built in Mic will give you the clearest sounding voice while taking phone calls, and the high quality built in Speaker will provide the best sounding tunes! Supports All Bluetooth Devices BONUS 10X SPOT MIRROR: Now you can get up close with the Magnetic 10X Spot Mirror to give you the perfect result when applying anything that needs the perfect attention to detail! DISTORTION FREE MIRROR: 7&quot; x 9&quot; Distortion Free Mirror to guarantee your makeup routine is distraction free, with the clearest and brightest mirror VOICE CONTROL: No more fidgeting with your phone while getting ready. Ask Siri or Google to Send a Text, ask for the Weather, or to call one of your Family members or Friends. USB CHARGING PORT: Use the built in USB Port to charge up your phone all while getting ready. This will make sure you are fully charged and gives you a great head start for your day or night out!","og:url":"https:\/\/www.rucashk.com\/pt\/produto\/ihome-mirror-with-bluetooth-audio-wholesale-2\/","og:image":"https:\/\/www.rucashk.com\/wp-content\/uploads\/replace\/503b8e645f128a97ccde2b6290747646.jpeg","og:image:secure_url":"https:\/\/www.rucashk.com\/wp-content\/uploads\/replace\/503b8e645f128a97ccde2b6290747646.jpeg","og:image:width":1456,"og:image:height":816,"article:published_time":"2024-01-09T16:07:30+00:00","article:modified_time":"2024-03-13T04:27:50+00:00","twitter:card":"summary_large_image","twitter:title":"IHome Mirror with Bluetooth Audio Wholesale - Rucas - Wholesale and Distribution","twitter:description":"BLUETOOTH: With a simple touch of a button you can now take a phone call or listen to your favorite tunes while putting on your makeup! The built in Mic will give you the clearest sounding voice while taking phone calls, and the high quality built in Speaker will provide the best sounding tunes! Supports All Bluetooth Devices BONUS 10X SPOT MIRROR: Now you can get up close with the Magnetic 10X Spot Mirror to give you the perfect result when applying anything that needs the perfect attention to detail! DISTORTION FREE MIRROR: 7&quot; x 9&quot; Distortion Free Mirror to guarantee your makeup routine is distraction free, with the clearest and brightest mirror VOICE CONTROL: No more fidgeting with your phone while getting ready. Ask Siri or Google to Send a Text, ask for the Weather, or to call one of your Family members or Friends. USB CHARGING PORT: Use the built in USB Port to charge up your phone all while getting ready. This will make sure you are fully charged and gives you a great head start for your day or night out!","twitter:image":"https:\/\/www.rucashk.com\/wp-content\/uploads\/replace\/503b8e645f128a97ccde2b6290747646.jpeg","schema":{"@context":"https:\/\/schema.org","@graph":[{"@type":"BreadcrumbList","@id":"https:\/\/www.rucashk.com\/pt\/produto\/ihome-mirror-with-bluetooth-audio-wholesale-2\/#breadcrumblist","itemListElement":[{"@type":"ListItem","@id":"https:\/\/www.rucashk.com\/pt\/#listItem","position":1,"name":"Home","item":"https:\/\/www.rucashk.com\/pt\/","nextItem":"https:\/\/www.rucashk.com\/pt\/produto\/ihome-mirror-with-bluetooth-audio-wholesale-2\/#listItem"},{"@type":"ListItem","@id":"https:\/\/www.rucashk.com\/pt\/produto\/ihome-mirror-with-bluetooth-audio-wholesale-2\/#listItem","position":2,"name":"IHome Mirror with Bluetooth Audio Wholesale","previousItem":"https:\/\/www.rucashk.com\/pt\/#listItem"}]},{"@type":"Organization","@id":"https:\/\/www.rucashk.com\/pt\/#organization","name":"Rucas","url":"https:\/\/www.rucashk.com\/pt\/","logo":{"@type":"ImageObject","url":"https:\/\/www.rucashk.com\/wp-content\/uploads\/2023\/12\/Rucas_campany_logo.png","@id":"https:\/\/www.rucashk.com\/pt\/produto\/ihome-mirror-with-bluetooth-audio-wholesale-2\/#organizationLogo","width":221,"height":65},"image":{"@id":"https:\/\/www.rucashk.com\/pt\/#organizationLogo"}},{"@type":"Person","@id":"https:\/\/www.rucashk.com\/pt\/author\/admin\/#author","url":"https:\/\/www.rucashk.com\/pt\/author\/admin\/","name":"admin","image":{"@type":"ImageObject","@id":"https:\/\/www.rucashk.com\/pt\/produto\/ihome-mirror-with-bluetooth-audio-wholesale-2\/#authorImage","url":"https:\/\/secure.gravatar.com\/avatar\/b7c8925b09a27e72b30232f8ecaadbd5af0f70a38c78096863fe51b64f031c24?s=96&d=mm&r=g","width":96,"height":96,"caption":"admin"}},{"@type":"WebPage","@id":"https:\/\/www.rucashk.com\/pt\/produto\/ihome-mirror-with-bluetooth-audio-wholesale-2\/#webpage","url":"https:\/\/www.rucashk.com\/pt\/produto\/ihome-mirror-with-bluetooth-audio-wholesale-2\/","name":"IHome Mirror with Bluetooth Audio Wholesale - Rucas - Wholesale and Distribution","description":"BLUETOOTH: With a simple touch of a button you can now take a phone call or listen to your favorite tunes while putting on your makeup! The built in Mic will give you the clearest sounding voice while taking phone calls, and the high quality built in Speaker will provide the best sounding tunes! Supports All Bluetooth Devices BONUS 10X SPOT MIRROR: Now you can get up close with the Magnetic 10X Spot Mirror to give you the perfect result when applying anything that needs the perfect attention to detail! DISTORTION FREE MIRROR: 7\" x 9\" Distortion Free Mirror to guarantee your makeup routine is distraction free, with the clearest and brightest mirror VOICE CONTROL: No more fidgeting with your phone while getting ready. Ask Siri or Google to Send a Text, ask for the Weather, or to call one of your Family members or Friends. USB CHARGING PORT: Use the built in USB Port to charge up your phone all while getting ready. This will make sure you are fully charged and gives you a great head start for your day or night out!","inLanguage":"pt-PT","isPartOf":{"@id":"https:\/\/www.rucashk.com\/pt\/#website"},"breadcrumb":{"@id":"https:\/\/www.rucashk.com\/pt\/produto\/ihome-mirror-with-bluetooth-audio-wholesale-2\/#breadcrumblist"},"author":{"@id":"https:\/\/www.rucashk.com\/pt\/author\/admin\/#author"},"creator":{"@id":"https:\/\/www.rucashk.com\/pt\/author\/admin\/#author"},"image":{"@type":"ImageObject","url":"https:\/\/www.rucashk.com\/wp-content\/uploads\/2024\/01\/e_\u526f\u672c-3.png","@id":"https:\/\/www.rucashk.com\/pt\/produto\/ihome-mirror-with-bluetooth-audio-wholesale-2\/#mainImage","width":800,"height":800},"primaryImageOfPage":{"@id":"https:\/\/www.rucashk.com\/pt\/produto\/ihome-mirror-with-bluetooth-audio-wholesale-2\/#mainImage"},"datePublished":"2024-01-09T16:07:30+00:00","dateModified":"2024-03-13T04:27:50+00:00"},{"@type":"WebSite","@id":"https:\/\/www.rucashk.com\/pt\/#website","url":"https:\/\/www.rucashk.com\/pt\/","name":"Rucas - Wholesale and distribution worldwide","alternateName":"Rucas - One-stop AIoT Distribution Worldwide","description":"One-stop AIoT Distribution Worldwide","inLanguage":"pt-PT","publisher":{"@id":"https:\/\/www.rucashk.com\/pt\/#organization"}}]}},"aioseo_meta_data":{"post_id":"24684","title":null,"description":null,"keywords":null,"keyphrases":null,"primary_term":null,"canonical_url":null,"og_title":null,"og_description":null,"og_object_type":"default","og_image_type":"default","og_image_url":null,"og_image_width":null,"og_image_height":null,"og_image_custom_url":null,"og_image_custom_fields":null,"og_video":null,"og_custom_url":null,"og_article_section":null,"og_article_tags":null,"twitter_use_og":false,"twitter_card":"default","twitter_image_type":"default","twitter_image_url":null,"twitter_image_custom_url":null,"twitter_image_custom_fields":null,"twitter_title":null,"twitter_description":null,"schema":{"blockGraphs":[],"customGraphs":[],"default":{"data":{"Article":[],"Course":[],"Dataset":[],"FAQPage":[],"Movie":[],"Person":[],"Product":[],"Recipe":[],"Service":[],"SoftwareApplication":[],"WebPage":[]},"graphName":"","isEnabled":true},"graphs":[]},"schema_type":"default","schema_type_options":null,"pillar_content":false,"robots_default":true,"robots_noindex":false,"robots_noarchive":false,"robots_nosnippet":false,"robots_nofollow":false,"robots_noimageindex":false,"robots_noodp":false,"robots_notranslate":false,"robots_max_snippet":null,"robots_max_videopreview":null,"robots_max_imagepreview":"large","priority":null,"frequency":null,"local_seo":null,"breadcrumb_settings":null,"limit_modified_date":false,"created":"2024-04-11 01:57:13","updated":"2025-06-22 17:36:56"},"aioseo_breadcrumb":"<div class=\"aioseo-breadcrumbs\"><span class=\"aioseo-breadcrumb\">\n\t<a href=\"https:\/\/www.rucashk.com\/pt\" title=\"Home\">Home<\/a>\n<\/span><span class=\"aioseo-breadcrumb-separator\">&raquo;<\/span><span class=\"aioseo-breadcrumb\">\n\t<a href=\"https:\/\/www.rucashk.com\/pt\/products\/\" title=\"Produtos\">Produtos<\/a>\n<\/span><span class=\"aioseo-breadcrumb-separator\">&raquo;<\/span><span class=\"aioseo-breadcrumb\">\n\t<a href=\"https:\/\/www.rucashk.com\/pt\/categoria-produto\/xiaomi-eco\/\" title=\"Xiaomi Eco\">Xiaomi Eco<\/a>\n<\/span><span class=\"aioseo-breadcrumb-separator\">&raquo;<\/span><span class=\"aioseo-breadcrumb\">\n\t<a href=\"https:\/\/www.rucashk.com\/pt\/categoria-produto\/xiaomi-eco\/personal-care\/\" title=\"Personal Care\">Personal Care<\/a>\n<\/span><span class=\"aioseo-breadcrumb-separator\">&raquo;<\/span><span class=\"aioseo-breadcrumb\">\n\tIHome Mirror with Bluetooth Audio Wholesale\n<\/span><\/div>","aioseo_breadcrumb_json":[{"label":"Home","link":"https:\/\/www.rucashk.com\/pt"},{"label":"Produtos","link":"https:\/\/www.rucashk.com\/pt\/products\/"},{"label":"Xiaomi Eco","link":"https:\/\/www.rucashk.com\/pt\/categoria-produto\/xiaomi-eco\/"},{"label":"Personal Care","link":"https:\/\/www.rucashk.com\/pt\/categoria-produto\/xiaomi-eco\/personal-care\/"},{"label":"IHome Mirror with Bluetooth Audio Wholesale","link":"https:\/\/www.rucashk.com\/pt\/produto\/ihome-mirror-with-bluetooth-audio-wholesale-2\/"}],"_links":{"self":[{"href":"https:\/\/www.rucashk.com\/pt\/wp-json\/wp\/v2\/product\/24684","targetHints":{"allow":["GET"]}}],"collection":[{"href":"https:\/\/www.rucashk.com\/pt\/wp-json\/wp\/v2\/product"}],"about":[{"href":"https:\/\/www.rucashk.com\/pt\/wp-json\/wp\/v2\/types\/product"}],"wp:featuredmedia":[{"embeddable":true,"href":"https:\/\/www.rucashk.com\/pt\/wp-json\/wp\/v2\/media\/24790"}],"wp:attachment":[{"href":"https:\/\/www.rucashk.com\/pt\/wp-json\/wp\/v2\/media?parent=24684"}],"wp:term":[{"taxonomy":"product_brand","embeddable":true,"href":"https:\/\/www.rucashk.com\/pt\/wp-json\/wp\/v2\/product_brand?post=24684"},{"taxonomy":"product_cat","embeddable":true,"href":"https:\/\/www.rucashk.com\/pt\/wp-json\/wp\/v2\/product_cat?post=24684"},{"taxonomy":"product_tag","embeddable":true,"href":"https:\/\/www.rucashk.com\/pt\/wp-json\/wp\/v2\/product_tag?post=24684"}],"curies":[{"name":"wp","href":"https:\/\/api.w.org\/{rel}","templated":true}]}}