{"id":24656,"date":"2024-01-09T16:07:05","date_gmt":"2024-01-09T16:07:05","guid":{"rendered":"http:\/\/rucashk.com\/?post_type=product&#038;p=24656"},"modified":"2025-06-22T07:44:53","modified_gmt":"2025-06-22T07:44:53","slug":"xiaomi-poco-m2-pro-wholesale","status":"publish","type":"product","link":"https:\/\/www.rucashk.com\/pt\/produto\/xiaomi-poco-m2-pro-wholesale\/","title":{"rendered":"Xiaomi POCO M2 Pro atacado"},"content":{"rendered":"<div class=\"textDesc\">\n<p class=\"textDescTitle\">Principais caracter\u00edsticas<\/p>\n<p class=\"textDescContent\">Poderosamente Legal<br \/>\nAs atualiza\u00e7\u00f5es de software e hardware geram uma experi\u00eancia mais suave e consistente. POCO F2 Pro garante sempre um desempenho de primeira linha. Desempenho suave, visuais imersivos, design futurista, o objetivo de tudo isso \u00e9 buscar a melhor experi\u00eancia.<\/p>\n<p>Principais caracter\u00edsticas:<br \/>\n\u25cf Qualcomm\u00ae Snapdragon\u2122 865<br \/>\nA tecnologia de processo de 7 nm oferece um aumento de desempenho 25%, melhorando a renderiza\u00e7\u00e3o gr\u00e1fica e reduzindo o consumo de energia.<\/p>\n<p>\u25cf Equipado com LPDDR5 + UFS 3.1*<br \/>\nA mais recente mem\u00f3ria LPDDR5 e o armazenamento flash UFS 3.1 aumentam as velocidades de opera\u00e7\u00e3o, diminuindo significativamente os tempos de carregamento e facilitando a multitarefa. Al\u00e9m disso, o consumo reduzido de energia melhorar\u00e1 e prolongar\u00e1 a vida \u00fatil da bateria.<\/p>\n<p>\u25cf Tecnologia LiquidCool 2.0<br \/>\nCom um processo de resfriamento l\u00edquido multicamadas e uma das maiores c\u00e2maras de vapor do setor, cobrindo 28% do corpo, a temperatura da CPU pode ser reduzida em 14\u00b0C*.<\/p>\n<p>\u25cf Entrando na Nova Era da Conectividade<br \/>\nR\u00e1pido, est\u00e1vel, a qualquer hora e em qualquer lugar*, voc\u00ea mal consegue sentir a diferen\u00e7a entre transmitir v\u00eddeos online ou assistir conte\u00fado baixado. Voc\u00ea tamb\u00e9m pode desfrutar de uma experi\u00eancia de jogo sem atrasos, permitindo que voc\u00ea mergulhe totalmente no jogo.<\/p>\n<p>\u25cf Bateria grande, energia durante todo o dia com facilidade<br \/>\nCom a bateria de alta capacidade de 4700mAh (t\u00edpica), voc\u00ea pode facilmente passar mais de um dia antes de recarregar.* Os resultados dos testes mostram que a bateria suporta um tempo de espera de 17 dias, 13 horas de jogo ou 6 horas de grava\u00e7\u00e3o de v\u00eddeo (1080p) .<\/p>\n<p>\u25cf Tela inteira verdadeira<br \/>\nA exibi\u00e7\u00e3o em tela inteira proporcionar\u00e1 uma vis\u00e3o clara e ininterrupta, entretenimento por horas sem cansa\u00e7o visual.<\/p>\n<p>\u25cf Uma tela mais inteligente<br \/>\nOs sensores triplos de luz ambiente de 360\u00b0 podem detectar a luz ambiente com mais precis\u00e3o para ajustar automaticamente o brilho da tela. Nunca mais voc\u00ea ter\u00e1 que lutar com uma tela escura sob a luz do sol ou ficar cego por uma tela brilhante no escuro. Este display garante um uso confort\u00e1vel, n\u00e3o importa quando e onde.<\/p>\n<p>\u25cf Uma exibi\u00e7\u00e3o mais personalizada<br \/>\nTente! Adapte-se \u00e0s suas prefer\u00eancias personalizando o esquema de cores para criar a exibi\u00e7\u00e3o dos seus sonhos.<\/p>\n<p>\u25cf V\u00eddeo frontal em c\u00e2mera lenta de 120 fps<br \/>\nQuer preservar um pouco da divers\u00e3o da vida? Use a c\u00e2mera lenta de 120fps da c\u00e2mera frontal para gravar v\u00eddeos. Vale a pena saborear cada quadro. S\u00e3o criativos com mais fun\u00e7\u00f5es, grava v\u00eddeo est\u00e1vel, quadro de filme, modo cinematogr\u00e1fico, v\u00eddeo AI 8K, transforma sua vida em um longa-metragem.<\/p>\n<p>\u25cf Fotografia est\u00e1tica de n\u00edvel especializado<br \/>\nAumente o zoom em at\u00e9 2X com foco n\u00edtido enquanto tira fotos macro. Encontre arte em objetos do cotidiano.<br \/>\nUse o \u00e2ngulo ultra grande angular para transformar paisagens de tirar o f\u00f4lego em uma obra de arte.<br \/>\nModo Noturno 2.0, capture o que outros n\u00e3o conseguem.<\/p>\n<p>\u25cf C\u00e2mera frontal pop-up de 20 MP<br \/>\nTire uma selfie instantaneamente, melhorando a qualidade e economizando espa\u00e7o. O formato HEIF economiza at\u00e9 40% de espa\u00e7o.<\/p>\n<p>\u25cf MIUI para POCO<br \/>\nMIUI para POCO continua a oferecer uma experi\u00eancia mais leve, r\u00e1pida e suave. A gaveta de APP personalizada pode ajud\u00e1-lo a encontrar e agrupar aplicativos com mais facilidade. A IU tamb\u00e9m possui um modo escuro, que reduz o consumo de energia e ajuda a aliviar o cansa\u00e7o visual.<\/p>\n<p>\u25cf Projetado para durar<br \/>\nSensa\u00e7\u00e3o premium com bordas arredondadas. Escolha um design sofisticado fosco ou brilhante radiante.<\/p>\n<p>\u25cf C\u00e2mera traseira<br \/>\nC\u00e2mera traseira qu\u00e1drupla de 64 MP<br \/>\nSensor amplo principal de 64 MP: Sony IMX686, Super Pixel 4 em 1 de 1,6um, tamanho do sensor de 1\/1,7 \u2033, abertura f\/1,89<br \/>\nSensor ultra grande angular de 13 MP: 123\u00b0FoV, abertura f\/2.4<br \/>\nSensor macro de 5MP: tamanho de pixel de 1,12um, abertura f\/2.2, AF (3cm-10cm)<br \/>\nSensor de profundidade de 2MP: tamanho de pixel de 1,75um, abertura f\/2.4<\/p>\n<p>\u25cf Rede e conectividade<br \/>\nCart\u00e3o SIM duplo \u2460|Slot Nano-SIM duplo<br \/>\nSuporta 5G\/4G+\/4G\/3G\/2G\u2461<br \/>\nSuporta chamadas VoLTE HD\u2462<br \/>\n\u2460 5G requer o suporte de servi\u00e7os de operadoras de telecomunica\u00e7\u00f5es locais e pode n\u00e3o estar dispon\u00edvel em todas as regi\u00f5es<br \/>\n\u2461 N\u00e3o suporta TD-SCDMA<br \/>\n\u2462 Apenas algumas regi\u00f5es e operadoras de telecomunica\u00e7\u00f5es oferecem suporte a VoLTE.<\/p>\n<p>Suporta bandas de rede<br \/>\n5G: Sub6G:n77\/n784G: FDD-LTE:1\/2\/3\/4\/5\/7\/8\/20\/28<br \/>\n4G: TDD-LTE:38\/40\/41<br \/>\n3G:WCDMA:1\/2\/4\/5\/8<br \/>\n3G: EVDO: BCO<br \/>\n2G: G\/M:B2\/B3\/B5\/B8<\/p>\n<p>Notas:<br \/>\n* Variante de 8 GB + 256 GB equipada com LPDDR5 + UFS3.1, enquanto variante de 6 GB + 128 GB equipada com LPDDR 4X + UFS3.1.<br \/>\n*Dados referentes \u00e0 Tecnologia LiquidCool obtidos dos laborat\u00f3rios Xiaomi. Os resultados reais podem variar de acordo com as diferen\u00e7as na vers\u00e3o do software, no ambiente e na edi\u00e7\u00e3o do telefone e podem n\u00e3o refletir o produto real.<br \/>\n* A conectividade 5G varia de acordo com as capacidades da operadora local. Melhorias de conectividade ser\u00e3o adicionadas em conjunto com o suporte da operadora sempre que poss\u00edvel.<br \/>\n* Dados referentes \u00e0 bateria e carregamento obtidos nos laborat\u00f3rios Xiaomi. Os resultados reais podem variar de acordo com as diferen\u00e7as na vers\u00e3o do software, ambiente e edi\u00e7\u00e3o do telefone e podem n\u00e3o refletir o produto real.<\/p>\n<\/div>\n<div class=\"sizeDesc js-sizeDescription\">\n<div class=\"sizeDescTable\">\n<div class=\"sizeDescDetail\">\n<div class=\"sizeDescContent\"><\/div>\n<\/div>\n<\/div>\n<\/div>\n<div class=\"imageDesc\">\n<p><img alt=\"Xiaomi POCO M2 Pro Wholesale\" class=\"js-descLazyload\" data-lazy=\"https:\/\/des.gbtcdn.com\/storage\/desc\/6602611330169458688\/15892\/fe3216eb7813.jpg\" \/><img fetchpriority=\"high\" decoding=\"async\" class=\"alignnone size-full wp-image-21731\" src=\"\/wp-content\/uploads\/replace\/d7ffabcf7bfac450b281a3c50f06be1c.png\" alt=\"Xiaomi POCO M2 Pro Wholesale\" width=\"830\" height=\"590\" \/><\/p>\n<p>&nbsp;<\/p>\n<\/div>","protected":false},"excerpt":{"rendered":"<div class=\"_flx\">\n<div class=\"_hd\"><strong>Em geral:<\/strong><\/div>\n<p>&nbsp;<\/p>\n<\/div>\n<table>\n<tbody>\n<tr>\n<td>Marca<\/td>\n<td>Poco<\/td>\n<\/tr>\n<tr>\n<td>Modelo<\/td>\n<td>M2 Pr\u00f3<\/td>\n<\/tr>\n<tr>\n<td>Data de lan\u00e7amento<\/td>\n<td>7 de julho de 2020<\/td>\n<\/tr>\n<tr>\n<td>Lan\u00e7ado na \u00cdndia<\/td>\n<td>Sim<\/td>\n<\/tr>\n<tr>\n<td>Fator de forma<\/td>\n<td>Tela sens\u00edvel ao toque<\/td>\n<\/tr>\n<tr>\n<td>Tipo de corpo<\/td>\n<td>Vidro<\/td>\n<\/tr>\n<tr>\n<td>Dimens\u00f5es (mm)<\/td>\n<td>165,75 x 76,68 x 8,80<\/td>\n<\/tr>\n<tr>\n<td>Peso (g)<\/td>\n<td>209.00<\/td>\n<\/tr>\n<tr>\n<td>Capacidade da bateria (mAh)<\/td>\n<td>5020<\/td>\n<\/tr>\n<tr>\n<td>Bateria remov\u00edvel<\/td>\n<td>N\u00e3o<\/td>\n<\/tr>\n<tr>\n<td>Carregamento r\u00e1pido<\/td>\n<td>Propriet\u00e1rio<\/td>\n<\/tr>\n<tr>\n<td>Cores<\/td>\n<td>Do nada, verde e mais verde, dois tons de preto<\/td>\n<\/tr>\n<\/tbody>\n<\/table>","protected":false},"featured_media":24769,"template":"","meta":[],"product_brand":[1363],"product_cat":[1295,1298],"product_tag":[1128],"class_list":{"0":"post-24656","1":"product","2":"type-product","3":"status-publish","4":"has-post-thumbnail","6":"product_brand-xiaomi","7":"product_cat-mobile-phone","8":"product_cat-poco-mobile-phone","9":"product_tag-poco-m2-pro","11":"first","12":"instock","13":"shipping-taxable","14":"product-type-external"},"aioseo_notices":[],"aioseo_head":"\n\t\t<!-- All in One SEO Pro 4.5.9.2 - aioseo.com -->\n\t\t<meta name=\"description\" content=\"General: Brand Poco Model M2 Pro Release date 7th July 2020 Launched in India Yes Form factor Touchscreen Body type Glass Dimensions (mm) 165.75 x 76.68 x 8.80 Weight (g) 209.00 Battery capacity (mAh) 5020 Removable battery No Fast charging Proprietary Colours Out of the Blue, Green and Greener, Two Shades of Black\" \/>\n\t\t<meta name=\"robots\" content=\"max-image-preview:large\" \/>\n\t\t<link rel=\"canonical\" href=\"https:\/\/www.rucashk.com\/pt\/produto\/xiaomi-poco-m2-pro-wholesale\/\" \/>\n\t\t<meta name=\"generator\" content=\"All in One SEO Pro (AIOSEO) 4.5.9.2\" \/>\n\t\t<meta property=\"og:locale\" content=\"pt_PT\" \/>\n\t\t<meta property=\"og:site_name\" content=\"Rucas - One-stop AIoT Distribution Worldwide\" \/>\n\t\t<meta property=\"og:type\" content=\"article\" \/>\n\t\t<meta property=\"og:title\" content=\"Xiaomi POCO M2 Pro Wholesale - Rucas - Wholesale and Distribution\" \/>\n\t\t<meta property=\"og:description\" content=\"General: Brand Poco Model M2 Pro Release date 7th July 2020 Launched in India Yes Form factor Touchscreen Body type Glass Dimensions (mm) 165.75 x 76.68 x 8.80 Weight (g) 209.00 Battery capacity (mAh) 5020 Removable battery No Fast charging Proprietary Colours Out of the Blue, Green and Greener, Two Shades of Black\" \/>\n\t\t<meta property=\"og:url\" content=\"https:\/\/www.rucashk.com\/pt\/produto\/xiaomi-poco-m2-pro-wholesale\/\" \/>\n\t\t<meta property=\"og:image\" content=\"https:\/\/www.rucashk.com\/wp-content\/uploads\/replace\/503b8e645f128a97ccde2b6290747646.jpeg\" \/>\n\t\t<meta property=\"og:image:secure_url\" content=\"https:\/\/www.rucashk.com\/wp-content\/uploads\/replace\/503b8e645f128a97ccde2b6290747646.jpeg\" \/>\n\t\t<meta property=\"og:image:width\" content=\"1456\" \/>\n\t\t<meta property=\"og:image:height\" content=\"816\" \/>\n\t\t<meta property=\"article:published_time\" content=\"2024-01-09T16:07:05+00:00\" \/>\n\t\t<meta property=\"article:modified_time\" content=\"2025-06-22T07:44:53+00:00\" \/>\n\t\t<meta name=\"twitter:card\" content=\"summary_large_image\" \/>\n\t\t<meta name=\"twitter:title\" content=\"Xiaomi POCO M2 Pro Wholesale - Rucas - Wholesale and Distribution\" \/>\n\t\t<meta name=\"twitter:description\" content=\"General: Brand Poco Model M2 Pro Release date 7th July 2020 Launched in India Yes Form factor Touchscreen Body type Glass Dimensions (mm) 165.75 x 76.68 x 8.80 Weight (g) 209.00 Battery capacity (mAh) 5020 Removable battery No Fast charging Proprietary Colours Out of the Blue, Green and Greener, Two Shades of Black\" \/>\n\t\t<meta name=\"twitter:image\" content=\"https:\/\/www.rucashk.com\/wp-content\/uploads\/replace\/503b8e645f128a97ccde2b6290747646.jpeg\" \/>\n\t\t<script type=\"application\/ld+json\" class=\"aioseo-schema\">\n\t\t\t{\"@context\":\"https:\\\/\\\/schema.org\",\"@graph\":[{\"@type\":\"BreadcrumbList\",\"@id\":\"https:\\\/\\\/www.rucashk.com\\\/pt\\\/produto\\\/xiaomi-poco-m2-pro-wholesale\\\/#breadcrumblist\",\"itemListElement\":[{\"@type\":\"ListItem\",\"@id\":\"https:\\\/\\\/www.rucashk.com\\\/pt\\\/#listItem\",\"position\":1,\"name\":\"Home\",\"item\":\"https:\\\/\\\/www.rucashk.com\\\/pt\\\/\",\"nextItem\":\"https:\\\/\\\/www.rucashk.com\\\/pt\\\/produto\\\/xiaomi-poco-m2-pro-wholesale\\\/#listItem\"},{\"@type\":\"ListItem\",\"@id\":\"https:\\\/\\\/www.rucashk.com\\\/pt\\\/produto\\\/xiaomi-poco-m2-pro-wholesale\\\/#listItem\",\"position\":2,\"name\":\"Xiaomi POCO M2 Pro Wholesale\",\"previousItem\":\"https:\\\/\\\/www.rucashk.com\\\/pt\\\/#listItem\"}]},{\"@type\":\"Organization\",\"@id\":\"https:\\\/\\\/www.rucashk.com\\\/pt\\\/#organization\",\"name\":\"Rucas\",\"url\":\"https:\\\/\\\/www.rucashk.com\\\/pt\\\/\",\"logo\":{\"@type\":\"ImageObject\",\"url\":\"https:\\\/\\\/www.rucashk.com\\\/wp-content\\\/uploads\\\/2023\\\/12\\\/Rucas_campany_logo.png\",\"@id\":\"https:\\\/\\\/www.rucashk.com\\\/pt\\\/produto\\\/xiaomi-poco-m2-pro-wholesale\\\/#organizationLogo\",\"width\":221,\"height\":65},\"image\":{\"@id\":\"https:\\\/\\\/www.rucashk.com\\\/pt\\\/#organizationLogo\"}},{\"@type\":\"Person\",\"@id\":\"https:\\\/\\\/www.rucashk.com\\\/pt\\\/author\\\/admin\\\/#author\",\"url\":\"https:\\\/\\\/www.rucashk.com\\\/pt\\\/author\\\/admin\\\/\",\"name\":\"admin\",\"image\":{\"@type\":\"ImageObject\",\"@id\":\"https:\\\/\\\/www.rucashk.com\\\/pt\\\/produto\\\/xiaomi-poco-m2-pro-wholesale\\\/#authorImage\",\"url\":\"https:\\\/\\\/secure.gravatar.com\\\/avatar\\\/b7c8925b09a27e72b30232f8ecaadbd5af0f70a38c78096863fe51b64f031c24?s=96&d=mm&r=g\",\"width\":96,\"height\":96,\"caption\":\"admin\"}},{\"@type\":\"WebPage\",\"@id\":\"https:\\\/\\\/www.rucashk.com\\\/pt\\\/produto\\\/xiaomi-poco-m2-pro-wholesale\\\/#webpage\",\"url\":\"https:\\\/\\\/www.rucashk.com\\\/pt\\\/produto\\\/xiaomi-poco-m2-pro-wholesale\\\/\",\"name\":\"Xiaomi POCO M2 Pro Wholesale - Rucas - Wholesale and Distribution\",\"description\":\"General: Brand Poco Model M2 Pro Release date 7th July 2020 Launched in India Yes Form factor Touchscreen Body type Glass Dimensions (mm) 165.75 x 76.68 x 8.80 Weight (g) 209.00 Battery capacity (mAh) 5020 Removable battery No Fast charging Proprietary Colours Out of the Blue, Green and Greener, Two Shades of Black\",\"inLanguage\":\"pt-PT\",\"isPartOf\":{\"@id\":\"https:\\\/\\\/www.rucashk.com\\\/pt\\\/#website\"},\"breadcrumb\":{\"@id\":\"https:\\\/\\\/www.rucashk.com\\\/pt\\\/produto\\\/xiaomi-poco-m2-pro-wholesale\\\/#breadcrumblist\"},\"author\":{\"@id\":\"https:\\\/\\\/www.rucashk.com\\\/pt\\\/author\\\/admin\\\/#author\"},\"creator\":{\"@id\":\"https:\\\/\\\/www.rucashk.com\\\/pt\\\/author\\\/admin\\\/#author\"},\"image\":{\"@type\":\"ImageObject\",\"url\":\"https:\\\/\\\/www.rucashk.com\\\/wp-content\\\/uploads\\\/2024\\\/01\\\/5_\\u526f\\u672c-2.png\",\"@id\":\"https:\\\/\\\/www.rucashk.com\\\/pt\\\/produto\\\/xiaomi-poco-m2-pro-wholesale\\\/#mainImage\",\"width\":800,\"height\":800},\"primaryImageOfPage\":{\"@id\":\"https:\\\/\\\/www.rucashk.com\\\/pt\\\/produto\\\/xiaomi-poco-m2-pro-wholesale\\\/#mainImage\"},\"datePublished\":\"2024-01-09T16:07:05+00:00\",\"dateModified\":\"2025-06-22T07:44:53+00:00\"},{\"@type\":\"WebSite\",\"@id\":\"https:\\\/\\\/www.rucashk.com\\\/pt\\\/#website\",\"url\":\"https:\\\/\\\/www.rucashk.com\\\/pt\\\/\",\"name\":\"Rucas - Wholesale and distribution worldwide\",\"alternateName\":\"Rucas - One-stop AIoT Distribution Worldwide\",\"description\":\"One-stop AIoT Distribution Worldwide\",\"inLanguage\":\"pt-PT\",\"publisher\":{\"@id\":\"https:\\\/\\\/www.rucashk.com\\\/pt\\\/#organization\"}}]}\n\t\t<\/script>\n\t\t<!-- All in One SEO Pro -->\r\n\t\t<title>Xiaomi POCO M2 Pro Wholesale - Rucas - Wholesale and Distribution<\/title>\n\n","aioseo_head_json":{"title":"Xiaomi POCO M2 Pro Wholesale - Rucas - Wholesale and Distribution","description":"General: Brand Poco Model M2 Pro Release date 7th July 2020 Launched in India Yes Form factor Touchscreen Body type Glass Dimensions (mm) 165.75 x 76.68 x 8.80 Weight (g) 209.00 Battery capacity (mAh) 5020 Removable battery No Fast charging Proprietary Colours Out of the Blue, Green and Greener, Two Shades of Black","canonical_url":"https:\/\/www.rucashk.com\/pt\/produto\/xiaomi-poco-m2-pro-wholesale\/","robots":"max-image-preview:large","keywords":"","webmasterTools":{"miscellaneous":""},"og:locale":"pt_PT","og:site_name":"Rucas - One-stop AIoT Distribution Worldwide","og:type":"article","og:title":"Xiaomi POCO M2 Pro Wholesale - Rucas - Wholesale and Distribution","og:description":"General: Brand Poco Model M2 Pro Release date 7th July 2020 Launched in India Yes Form factor Touchscreen Body type Glass Dimensions (mm) 165.75 x 76.68 x 8.80 Weight (g) 209.00 Battery capacity (mAh) 5020 Removable battery No Fast charging Proprietary Colours Out of the Blue, Green and Greener, Two Shades of Black","og:url":"https:\/\/www.rucashk.com\/pt\/produto\/xiaomi-poco-m2-pro-wholesale\/","og:image":"https:\/\/www.rucashk.com\/wp-content\/uploads\/replace\/503b8e645f128a97ccde2b6290747646.jpeg","og:image:secure_url":"https:\/\/www.rucashk.com\/wp-content\/uploads\/replace\/503b8e645f128a97ccde2b6290747646.jpeg","og:image:width":1456,"og:image:height":816,"article:published_time":"2024-01-09T16:07:05+00:00","article:modified_time":"2025-06-22T07:44:53+00:00","twitter:card":"summary_large_image","twitter:title":"Xiaomi POCO M2 Pro Wholesale - Rucas - Wholesale and Distribution","twitter:description":"General: Brand Poco Model M2 Pro Release date 7th July 2020 Launched in India Yes Form factor Touchscreen Body type Glass Dimensions (mm) 165.75 x 76.68 x 8.80 Weight (g) 209.00 Battery capacity (mAh) 5020 Removable battery No Fast charging Proprietary Colours Out of the Blue, Green and Greener, Two Shades of Black","twitter:image":"https:\/\/www.rucashk.com\/wp-content\/uploads\/replace\/503b8e645f128a97ccde2b6290747646.jpeg","schema":{"@context":"https:\/\/schema.org","@graph":[{"@type":"BreadcrumbList","@id":"https:\/\/www.rucashk.com\/pt\/produto\/xiaomi-poco-m2-pro-wholesale\/#breadcrumblist","itemListElement":[{"@type":"ListItem","@id":"https:\/\/www.rucashk.com\/pt\/#listItem","position":1,"name":"Home","item":"https:\/\/www.rucashk.com\/pt\/","nextItem":"https:\/\/www.rucashk.com\/pt\/produto\/xiaomi-poco-m2-pro-wholesale\/#listItem"},{"@type":"ListItem","@id":"https:\/\/www.rucashk.com\/pt\/produto\/xiaomi-poco-m2-pro-wholesale\/#listItem","position":2,"name":"Xiaomi POCO M2 Pro Wholesale","previousItem":"https:\/\/www.rucashk.com\/pt\/#listItem"}]},{"@type":"Organization","@id":"https:\/\/www.rucashk.com\/pt\/#organization","name":"Rucas","url":"https:\/\/www.rucashk.com\/pt\/","logo":{"@type":"ImageObject","url":"https:\/\/www.rucashk.com\/wp-content\/uploads\/2023\/12\/Rucas_campany_logo.png","@id":"https:\/\/www.rucashk.com\/pt\/produto\/xiaomi-poco-m2-pro-wholesale\/#organizationLogo","width":221,"height":65},"image":{"@id":"https:\/\/www.rucashk.com\/pt\/#organizationLogo"}},{"@type":"Person","@id":"https:\/\/www.rucashk.com\/pt\/author\/admin\/#author","url":"https:\/\/www.rucashk.com\/pt\/author\/admin\/","name":"admin","image":{"@type":"ImageObject","@id":"https:\/\/www.rucashk.com\/pt\/produto\/xiaomi-poco-m2-pro-wholesale\/#authorImage","url":"https:\/\/secure.gravatar.com\/avatar\/b7c8925b09a27e72b30232f8ecaadbd5af0f70a38c78096863fe51b64f031c24?s=96&d=mm&r=g","width":96,"height":96,"caption":"admin"}},{"@type":"WebPage","@id":"https:\/\/www.rucashk.com\/pt\/produto\/xiaomi-poco-m2-pro-wholesale\/#webpage","url":"https:\/\/www.rucashk.com\/pt\/produto\/xiaomi-poco-m2-pro-wholesale\/","name":"Xiaomi POCO M2 Pro Wholesale - Rucas - Wholesale and Distribution","description":"General: Brand Poco Model M2 Pro Release date 7th July 2020 Launched in India Yes Form factor Touchscreen Body type Glass Dimensions (mm) 165.75 x 76.68 x 8.80 Weight (g) 209.00 Battery capacity (mAh) 5020 Removable battery No Fast charging Proprietary Colours Out of the Blue, Green and Greener, Two Shades of Black","inLanguage":"pt-PT","isPartOf":{"@id":"https:\/\/www.rucashk.com\/pt\/#website"},"breadcrumb":{"@id":"https:\/\/www.rucashk.com\/pt\/produto\/xiaomi-poco-m2-pro-wholesale\/#breadcrumblist"},"author":{"@id":"https:\/\/www.rucashk.com\/pt\/author\/admin\/#author"},"creator":{"@id":"https:\/\/www.rucashk.com\/pt\/author\/admin\/#author"},"image":{"@type":"ImageObject","url":"https:\/\/www.rucashk.com\/wp-content\/uploads\/2024\/01\/5_\u526f\u672c-2.png","@id":"https:\/\/www.rucashk.com\/pt\/produto\/xiaomi-poco-m2-pro-wholesale\/#mainImage","width":800,"height":800},"primaryImageOfPage":{"@id":"https:\/\/www.rucashk.com\/pt\/produto\/xiaomi-poco-m2-pro-wholesale\/#mainImage"},"datePublished":"2024-01-09T16:07:05+00:00","dateModified":"2025-06-22T07:44:53+00:00"},{"@type":"WebSite","@id":"https:\/\/www.rucashk.com\/pt\/#website","url":"https:\/\/www.rucashk.com\/pt\/","name":"Rucas - Wholesale and distribution worldwide","alternateName":"Rucas - One-stop AIoT Distribution Worldwide","description":"One-stop AIoT Distribution Worldwide","inLanguage":"pt-PT","publisher":{"@id":"https:\/\/www.rucashk.com\/pt\/#organization"}}]}},"aioseo_meta_data":{"post_id":"24656","title":null,"description":null,"keywords":null,"keyphrases":null,"primary_term":null,"canonical_url":null,"og_title":null,"og_description":null,"og_object_type":"default","og_image_type":"default","og_image_url":null,"og_image_width":null,"og_image_height":null,"og_image_custom_url":null,"og_image_custom_fields":null,"og_video":null,"og_custom_url":null,"og_article_section":null,"og_article_tags":null,"twitter_use_og":false,"twitter_card":"default","twitter_image_type":"default","twitter_image_url":null,"twitter_image_custom_url":null,"twitter_image_custom_fields":null,"twitter_title":null,"twitter_description":null,"schema":{"blockGraphs":[],"customGraphs":[],"default":{"data":{"Article":[],"Course":[],"Dataset":[],"FAQPage":[],"Movie":[],"Person":[],"Product":[],"Recipe":[],"Service":[],"SoftwareApplication":[],"WebPage":[]},"graphName":"","isEnabled":true},"graphs":[]},"schema_type":"default","schema_type_options":null,"pillar_content":false,"robots_default":true,"robots_noindex":false,"robots_noarchive":false,"robots_nosnippet":false,"robots_nofollow":false,"robots_noimageindex":false,"robots_noodp":false,"robots_notranslate":false,"robots_max_snippet":null,"robots_max_videopreview":null,"robots_max_imagepreview":"large","priority":null,"frequency":null,"local_seo":null,"breadcrumb_settings":null,"limit_modified_date":false,"created":"2024-04-11 01:57:13","updated":"2025-06-22 17:36:55"},"aioseo_breadcrumb":"<div class=\"aioseo-breadcrumbs\"><span class=\"aioseo-breadcrumb\">\n\t<a href=\"https:\/\/www.rucashk.com\/pt\" title=\"Home\">Home<\/a>\n<\/span><span class=\"aioseo-breadcrumb-separator\">&raquo;<\/span><span class=\"aioseo-breadcrumb\">\n\t<a href=\"https:\/\/www.rucashk.com\/pt\/products\/\" title=\"Produtos\">Produtos<\/a>\n<\/span><span class=\"aioseo-breadcrumb-separator\">&raquo;<\/span><span class=\"aioseo-breadcrumb\">\n\t<a href=\"https:\/\/www.rucashk.com\/pt\/marca\/xiaomi\/\" title=\"Xiaomi\">Xiaomi<\/a>\n<\/span><span class=\"aioseo-breadcrumb-separator\">&raquo;<\/span><span class=\"aioseo-breadcrumb\">\n\tXiaomi POCO M2 Pro Wholesale\n<\/span><\/div>","aioseo_breadcrumb_json":[{"label":"Home","link":"https:\/\/www.rucashk.com\/pt"},{"label":"Produtos","link":"https:\/\/www.rucashk.com\/pt\/products\/"},{"label":"Xiaomi","link":"https:\/\/www.rucashk.com\/pt\/marca\/xiaomi\/"},{"label":"Xiaomi POCO M2 Pro Wholesale","link":"https:\/\/www.rucashk.com\/pt\/produto\/xiaomi-poco-m2-pro-wholesale\/"}],"_links":{"self":[{"href":"https:\/\/www.rucashk.com\/pt\/wp-json\/wp\/v2\/product\/24656","targetHints":{"allow":["GET"]}}],"collection":[{"href":"https:\/\/www.rucashk.com\/pt\/wp-json\/wp\/v2\/product"}],"about":[{"href":"https:\/\/www.rucashk.com\/pt\/wp-json\/wp\/v2\/types\/product"}],"wp:featuredmedia":[{"embeddable":true,"href":"https:\/\/www.rucashk.com\/pt\/wp-json\/wp\/v2\/media\/24769"}],"wp:attachment":[{"href":"https:\/\/www.rucashk.com\/pt\/wp-json\/wp\/v2\/media?parent=24656"}],"wp:term":[{"taxonomy":"product_brand","embeddable":true,"href":"https:\/\/www.rucashk.com\/pt\/wp-json\/wp\/v2\/product_brand?post=24656"},{"taxonomy":"product_cat","embeddable":true,"href":"https:\/\/www.rucashk.com\/pt\/wp-json\/wp\/v2\/product_cat?post=24656"},{"taxonomy":"product_tag","embeddable":true,"href":"https:\/\/www.rucashk.com\/pt\/wp-json\/wp\/v2\/product_tag?post=24656"}],"curies":[{"name":"wp","href":"https:\/\/api.w.org\/{rel}","templated":true}]}}