{"id":24654,"date":"2024-01-09T16:07:04","date_gmt":"2024-01-09T16:07:04","guid":{"rendered":"http:\/\/rucashk.com\/?post_type=product&#038;p=24654"},"modified":"2024-03-13T04:29:44","modified_gmt":"2024-03-13T04:29:44","slug":"realme-30w-10000mah-power-bank-wholesale","status":"publish","type":"product","link":"https:\/\/www.rucashk.com\/pt\/produto\/realme-30w-10000mah-power-bank-wholesale\/","title":{"rendered":"Banco de pot\u00eancia Realme 30W 10000mAh atacado"},"content":{"rendered":"<p><img fetchpriority=\"high\" decoding=\"async\" class=\"alignnone aligncenter\" src=\"\/wp-content\/uploads\/replace\/81b1c944a4f8ada5b94ae4e8158d47b0.jpeg\" alt=\"Realme 30W 10000mAh Power Bank\" width=\"2280\" height=\"1366\" \/><img decoding=\"async\" class=\"alignnone aligncenter\" src=\"\/wp-content\/uploads\/replace\/87eee96c290e2a2e58dd6be8e4d958b3.jpeg\" alt=\"Realme 30W 10000mAh Power Bank\" width=\"2280\" height=\"1580\" \/><img decoding=\"async\" class=\"alignnone aligncenter\" src=\"\/wp-content\/uploads\/replace\/ec17a89a87a64c2b5f950e41b689a64a.jpeg\" alt=\"Realme 30W 10000mAh Power Bank\" width=\"2280\" height=\"912\" \/><img loading=\"lazy\" decoding=\"async\" class=\"alignnone aligncenter\" src=\"\/wp-content\/uploads\/replace\/9ee87803b7432ae67d661b4a6158e7c2.jpeg\" alt=\"Realme 30W 10000mAh Power Bank\" width=\"2280\" height=\"2030\" \/><img loading=\"lazy\" decoding=\"async\" class=\"alignnone aligncenter\" src=\"\/wp-content\/uploads\/replace\/ae9f34b6046c98c7c11aad9f7cf21a03.jpeg\" alt=\"Realme 30W 10000mAh Power Bank\" width=\"2280\" height=\"1415\" \/><img loading=\"lazy\" decoding=\"async\" class=\"alignnone aligncenter\" src=\"\/wp-content\/uploads\/replace\/d61bbb2151c5174bc7fc4a7ebb8b6e98.jpeg\" alt=\"Realme 30W 10000mAh Power Bank\" width=\"2280\" height=\"1285\" \/><img loading=\"lazy\" decoding=\"async\" class=\"alignnone aligncenter\" src=\"\/wp-content\/uploads\/replace\/5e89c65be40b7bfda72059c10951df29.jpeg\" alt=\"Realme 30W 10000mAh Power Bank\" width=\"2280\" height=\"1968\" \/><img loading=\"lazy\" decoding=\"async\" class=\"alignnone aligncenter\" src=\"\/wp-content\/uploads\/replace\/4da3f6122e5ed2274336a8d9e8f3c646.jpeg\" alt=\"Realme 30W 10000mAh Power Bank\" width=\"2280\" height=\"1687\" \/><img loading=\"lazy\" decoding=\"async\" class=\"alignnone aligncenter\" src=\"\/wp-content\/uploads\/replace\/a6f6edd75307bcc9e8b89db8d6876adb.jpeg\" alt=\"Realme 30W 10000mAh Power Bank\" width=\"2280\" height=\"1267\" \/><img loading=\"lazy\" decoding=\"async\" class=\"alignnone aligncenter\" src=\"\/wp-content\/uploads\/replace\/59aa7f6d296398362c78b4a78d6f09b8.jpeg\" alt=\"Realme 30W 10000mAh Power Bank\" width=\"2280\" height=\"1892\" \/><img loading=\"lazy\" decoding=\"async\" class=\"alignnone aligncenter\" src=\"\/wp-content\/uploads\/replace\/7b5ddf67a0119f2634169c5ae8712392.jpeg\" alt=\"Realme 30W 10000mAh Power Bank\" width=\"2280\" height=\"1092\" \/><\/p>","protected":false},"excerpt":{"rendered":"<p><span style=\"color: #3e433e;text-transform: none;text-indent: 0px;letter-spacing: normal;font-family: 'Open Sans', HelveticaNeue, Helvetica, Arial, sans-serif;font-size: 16px;font-style: normal;font-weight: 400;float: none;background-color: #ffffff\">O banco de pot\u00eancia Dart Charge de 30W da\u00a0<\/span><a style=\"color: #da0000;text-transform: none;text-indent: 0px;letter-spacing: normal;font-family: 'Open Sans', HelveticaNeue, Helvetica, Arial, sans-serif;font-size: 16px;font-style: normal;font-weight: 400;text-decoration: none;cursor: pointer;background-color: #ffffff\" href=\"https:\/\/gadgets.ndtv.com\/tags\/realme\">Eu de verdade<\/a><span style=\"color: #3e433e;text-transform: none;text-indent: 0px;letter-spacing: normal;font-family: 'Open Sans', HelveticaNeue, Helvetica, Arial, sans-serif;font-size: 16px;font-style: normal;font-weight: 400;float: none;background-color: #ffffff\">\u00a0vem com capacidade de 10.000mAh de duas baterias integradas de pol\u00edmero de \u00edon de l\u00edtio de alta densidade. Demora 1 hora e 36 minutos para carregar completamente sua bateria de 10.000mAh, pois ela suporta Dart Charge bidirecional, conforme a empresa. O banco de pot\u00eancia possui velocidades de carregamento de 30 W e vem com suporte para v\u00e1rias solu\u00e7\u00f5es de carregamento r\u00e1pido, incluindo Dart, VOOC, Quick Charge, PD e muito mais.<\/span><\/p>","protected":false},"featured_media":24760,"template":"","meta":[],"product_brand":[],"product_cat":[1343,1305],"product_tag":[1126],"class_list":{"0":"post-24654","1":"product","2":"type-product","3":"status-publish","4":"has-post-thumbnail","6":"product_cat-mi-redmi-power-bank","7":"product_cat-xiaomi-eco","8":"product_tag-realme-30w-10000mah-power-bank","10":"first","11":"instock","12":"shipping-taxable","13":"product-type-external"},"aioseo_notices":[],"aioseo_head":"\n\t\t<!-- All in One SEO Pro 4.5.9.2 - aioseo.com -->\n\t\t<meta name=\"description\" content=\"The 30W Dart Charge power bank by Realme comes with a capacity of 10,000mAh from the two built-in high-density Lithium-ion polymer batteries. It takes 1 hour and 36 minutes to completely charge its 10,000mAh battery as it supports two-way Dart Charge, as per the company. The power bank boasts of 30W charging speeds and comes with support for multiple fast charging solutions including Dart, VOOC, Quick Charge, PD, and more.\" \/>\n\t\t<meta name=\"robots\" content=\"max-image-preview:large\" \/>\n\t\t<link rel=\"canonical\" href=\"https:\/\/www.rucashk.com\/pt\/produto\/realme-30w-10000mah-power-bank-wholesale\/\" \/>\n\t\t<meta name=\"generator\" content=\"All in One SEO Pro (AIOSEO) 4.5.9.2\" \/>\n\t\t<meta property=\"og:locale\" content=\"pt_PT\" \/>\n\t\t<meta property=\"og:site_name\" content=\"Rucas - One-stop AIoT Distribution Worldwide\" \/>\n\t\t<meta property=\"og:type\" content=\"article\" \/>\n\t\t<meta property=\"og:title\" content=\"Realme 30W 10000mAh Power Bank Wholesale - Rucas - Wholesale and Distribution\" \/>\n\t\t<meta property=\"og:description\" content=\"The 30W Dart Charge power bank by Realme comes with a capacity of 10,000mAh from the two built-in high-density Lithium-ion polymer batteries. It takes 1 hour and 36 minutes to completely charge its 10,000mAh battery as it supports two-way Dart Charge, as per the company. The power bank boasts of 30W charging speeds and comes with support for multiple fast charging solutions including Dart, VOOC, Quick Charge, PD, and more.\" \/>\n\t\t<meta property=\"og:url\" content=\"https:\/\/www.rucashk.com\/pt\/produto\/realme-30w-10000mah-power-bank-wholesale\/\" \/>\n\t\t<meta property=\"og:image\" content=\"https:\/\/www.rucashk.com\/wp-content\/uploads\/replace\/503b8e645f128a97ccde2b6290747646.jpeg\" \/>\n\t\t<meta property=\"og:image:secure_url\" content=\"https:\/\/www.rucashk.com\/wp-content\/uploads\/replace\/503b8e645f128a97ccde2b6290747646.jpeg\" \/>\n\t\t<meta property=\"og:image:width\" content=\"1456\" \/>\n\t\t<meta property=\"og:image:height\" content=\"816\" \/>\n\t\t<meta property=\"article:published_time\" content=\"2024-01-09T16:07:04+00:00\" \/>\n\t\t<meta property=\"article:modified_time\" content=\"2024-03-13T04:29:44+00:00\" \/>\n\t\t<meta name=\"twitter:card\" content=\"summary_large_image\" \/>\n\t\t<meta name=\"twitter:title\" content=\"Realme 30W 10000mAh Power Bank Wholesale - Rucas - Wholesale and Distribution\" \/>\n\t\t<meta name=\"twitter:description\" content=\"The 30W Dart Charge power bank by Realme comes with a capacity of 10,000mAh from the two built-in high-density Lithium-ion polymer batteries. It takes 1 hour and 36 minutes to completely charge its 10,000mAh battery as it supports two-way Dart Charge, as per the company. The power bank boasts of 30W charging speeds and comes with support for multiple fast charging solutions including Dart, VOOC, Quick Charge, PD, and more.\" \/>\n\t\t<meta name=\"twitter:image\" content=\"https:\/\/www.rucashk.com\/wp-content\/uploads\/replace\/503b8e645f128a97ccde2b6290747646.jpeg\" \/>\n\t\t<script type=\"application\/ld+json\" class=\"aioseo-schema\">\n\t\t\t{\"@context\":\"https:\\\/\\\/schema.org\",\"@graph\":[{\"@type\":\"BreadcrumbList\",\"@id\":\"https:\\\/\\\/www.rucashk.com\\\/pt\\\/produto\\\/realme-30w-10000mah-power-bank-wholesale\\\/#breadcrumblist\",\"itemListElement\":[{\"@type\":\"ListItem\",\"@id\":\"https:\\\/\\\/www.rucashk.com\\\/pt\\\/#listItem\",\"position\":1,\"name\":\"Home\",\"item\":\"https:\\\/\\\/www.rucashk.com\\\/pt\\\/\",\"nextItem\":\"https:\\\/\\\/www.rucashk.com\\\/pt\\\/produto\\\/realme-30w-10000mah-power-bank-wholesale\\\/#listItem\"},{\"@type\":\"ListItem\",\"@id\":\"https:\\\/\\\/www.rucashk.com\\\/pt\\\/produto\\\/realme-30w-10000mah-power-bank-wholesale\\\/#listItem\",\"position\":2,\"name\":\"Realme 30W 10000mAh Power Bank Wholesale\",\"previousItem\":\"https:\\\/\\\/www.rucashk.com\\\/pt\\\/#listItem\"}]},{\"@type\":\"Organization\",\"@id\":\"https:\\\/\\\/www.rucashk.com\\\/pt\\\/#organization\",\"name\":\"Rucas\",\"url\":\"https:\\\/\\\/www.rucashk.com\\\/pt\\\/\",\"logo\":{\"@type\":\"ImageObject\",\"url\":\"https:\\\/\\\/www.rucashk.com\\\/wp-content\\\/uploads\\\/2023\\\/12\\\/Rucas_campany_logo.png\",\"@id\":\"https:\\\/\\\/www.rucashk.com\\\/pt\\\/produto\\\/realme-30w-10000mah-power-bank-wholesale\\\/#organizationLogo\",\"width\":221,\"height\":65},\"image\":{\"@id\":\"https:\\\/\\\/www.rucashk.com\\\/pt\\\/#organizationLogo\"}},{\"@type\":\"Person\",\"@id\":\"https:\\\/\\\/www.rucashk.com\\\/pt\\\/author\\\/admin\\\/#author\",\"url\":\"https:\\\/\\\/www.rucashk.com\\\/pt\\\/author\\\/admin\\\/\",\"name\":\"admin\",\"image\":{\"@type\":\"ImageObject\",\"@id\":\"https:\\\/\\\/www.rucashk.com\\\/pt\\\/produto\\\/realme-30w-10000mah-power-bank-wholesale\\\/#authorImage\",\"url\":\"https:\\\/\\\/secure.gravatar.com\\\/avatar\\\/b7c8925b09a27e72b30232f8ecaadbd5af0f70a38c78096863fe51b64f031c24?s=96&d=mm&r=g\",\"width\":96,\"height\":96,\"caption\":\"admin\"}},{\"@type\":\"WebPage\",\"@id\":\"https:\\\/\\\/www.rucashk.com\\\/pt\\\/produto\\\/realme-30w-10000mah-power-bank-wholesale\\\/#webpage\",\"url\":\"https:\\\/\\\/www.rucashk.com\\\/pt\\\/produto\\\/realme-30w-10000mah-power-bank-wholesale\\\/\",\"name\":\"Realme 30W 10000mAh Power Bank Wholesale - Rucas - Wholesale and Distribution\",\"description\":\"The 30W Dart Charge power bank by Realme comes with a capacity of 10,000mAh from the two built-in high-density Lithium-ion polymer batteries. It takes 1 hour and 36 minutes to completely charge its 10,000mAh battery as it supports two-way Dart Charge, as per the company. The power bank boasts of 30W charging speeds and comes with support for multiple fast charging solutions including Dart, VOOC, Quick Charge, PD, and more.\",\"inLanguage\":\"pt-PT\",\"isPartOf\":{\"@id\":\"https:\\\/\\\/www.rucashk.com\\\/pt\\\/#website\"},\"breadcrumb\":{\"@id\":\"https:\\\/\\\/www.rucashk.com\\\/pt\\\/produto\\\/realme-30w-10000mah-power-bank-wholesale\\\/#breadcrumblist\"},\"author\":{\"@id\":\"https:\\\/\\\/www.rucashk.com\\\/pt\\\/author\\\/admin\\\/#author\"},\"creator\":{\"@id\":\"https:\\\/\\\/www.rucashk.com\\\/pt\\\/author\\\/admin\\\/#author\"},\"image\":{\"@type\":\"ImageObject\",\"url\":\"https:\\\/\\\/www.rucashk.com\\\/wp-content\\\/uploads\\\/2024\\\/01\\\/1_\\u526f\\u672c-36.png\",\"@id\":\"https:\\\/\\\/www.rucashk.com\\\/pt\\\/produto\\\/realme-30w-10000mah-power-bank-wholesale\\\/#mainImage\",\"width\":800,\"height\":800},\"primaryImageOfPage\":{\"@id\":\"https:\\\/\\\/www.rucashk.com\\\/pt\\\/produto\\\/realme-30w-10000mah-power-bank-wholesale\\\/#mainImage\"},\"datePublished\":\"2024-01-09T16:07:04+00:00\",\"dateModified\":\"2024-03-13T04:29:44+00:00\"},{\"@type\":\"WebSite\",\"@id\":\"https:\\\/\\\/www.rucashk.com\\\/pt\\\/#website\",\"url\":\"https:\\\/\\\/www.rucashk.com\\\/pt\\\/\",\"name\":\"Rucas - Wholesale and distribution worldwide\",\"alternateName\":\"Rucas - One-stop AIoT Distribution Worldwide\",\"description\":\"One-stop AIoT Distribution Worldwide\",\"inLanguage\":\"pt-PT\",\"publisher\":{\"@id\":\"https:\\\/\\\/www.rucashk.com\\\/pt\\\/#organization\"}}]}\n\t\t<\/script>\n\t\t<!-- All in One SEO Pro -->\r\n\t\t<title>Realme 30W 10000mAh Power Bank Wholesale - Rucas - Wholesale and Distribution<\/title>\n\n","aioseo_head_json":{"title":"Realme 30W 10000mAh Power Bank Wholesale - Rucas - Wholesale and Distribution","description":"The 30W Dart Charge power bank by Realme comes with a capacity of 10,000mAh from the two built-in high-density Lithium-ion polymer batteries. It takes 1 hour and 36 minutes to completely charge its 10,000mAh battery as it supports two-way Dart Charge, as per the company. The power bank boasts of 30W charging speeds and comes with support for multiple fast charging solutions including Dart, VOOC, Quick Charge, PD, and more.","canonical_url":"https:\/\/www.rucashk.com\/pt\/produto\/realme-30w-10000mah-power-bank-wholesale\/","robots":"max-image-preview:large","keywords":"","webmasterTools":{"miscellaneous":""},"og:locale":"pt_PT","og:site_name":"Rucas - One-stop AIoT Distribution Worldwide","og:type":"article","og:title":"Realme 30W 10000mAh Power Bank Wholesale - Rucas - Wholesale and Distribution","og:description":"The 30W Dart Charge power bank by Realme comes with a capacity of 10,000mAh from the two built-in high-density Lithium-ion polymer batteries. It takes 1 hour and 36 minutes to completely charge its 10,000mAh battery as it supports two-way Dart Charge, as per the company. The power bank boasts of 30W charging speeds and comes with support for multiple fast charging solutions including Dart, VOOC, Quick Charge, PD, and more.","og:url":"https:\/\/www.rucashk.com\/pt\/produto\/realme-30w-10000mah-power-bank-wholesale\/","og:image":"https:\/\/www.rucashk.com\/wp-content\/uploads\/replace\/503b8e645f128a97ccde2b6290747646.jpeg","og:image:secure_url":"https:\/\/www.rucashk.com\/wp-content\/uploads\/replace\/503b8e645f128a97ccde2b6290747646.jpeg","og:image:width":1456,"og:image:height":816,"article:published_time":"2024-01-09T16:07:04+00:00","article:modified_time":"2024-03-13T04:29:44+00:00","twitter:card":"summary_large_image","twitter:title":"Realme 30W 10000mAh Power Bank Wholesale - Rucas - Wholesale and Distribution","twitter:description":"The 30W Dart Charge power bank by Realme comes with a capacity of 10,000mAh from the two built-in high-density Lithium-ion polymer batteries. It takes 1 hour and 36 minutes to completely charge its 10,000mAh battery as it supports two-way Dart Charge, as per the company. The power bank boasts of 30W charging speeds and comes with support for multiple fast charging solutions including Dart, VOOC, Quick Charge, PD, and more.","twitter:image":"https:\/\/www.rucashk.com\/wp-content\/uploads\/replace\/503b8e645f128a97ccde2b6290747646.jpeg","schema":{"@context":"https:\/\/schema.org","@graph":[{"@type":"BreadcrumbList","@id":"https:\/\/www.rucashk.com\/pt\/produto\/realme-30w-10000mah-power-bank-wholesale\/#breadcrumblist","itemListElement":[{"@type":"ListItem","@id":"https:\/\/www.rucashk.com\/pt\/#listItem","position":1,"name":"Home","item":"https:\/\/www.rucashk.com\/pt\/","nextItem":"https:\/\/www.rucashk.com\/pt\/produto\/realme-30w-10000mah-power-bank-wholesale\/#listItem"},{"@type":"ListItem","@id":"https:\/\/www.rucashk.com\/pt\/produto\/realme-30w-10000mah-power-bank-wholesale\/#listItem","position":2,"name":"Realme 30W 10000mAh Power Bank Wholesale","previousItem":"https:\/\/www.rucashk.com\/pt\/#listItem"}]},{"@type":"Organization","@id":"https:\/\/www.rucashk.com\/pt\/#organization","name":"Rucas","url":"https:\/\/www.rucashk.com\/pt\/","logo":{"@type":"ImageObject","url":"https:\/\/www.rucashk.com\/wp-content\/uploads\/2023\/12\/Rucas_campany_logo.png","@id":"https:\/\/www.rucashk.com\/pt\/produto\/realme-30w-10000mah-power-bank-wholesale\/#organizationLogo","width":221,"height":65},"image":{"@id":"https:\/\/www.rucashk.com\/pt\/#organizationLogo"}},{"@type":"Person","@id":"https:\/\/www.rucashk.com\/pt\/author\/admin\/#author","url":"https:\/\/www.rucashk.com\/pt\/author\/admin\/","name":"admin","image":{"@type":"ImageObject","@id":"https:\/\/www.rucashk.com\/pt\/produto\/realme-30w-10000mah-power-bank-wholesale\/#authorImage","url":"https:\/\/secure.gravatar.com\/avatar\/b7c8925b09a27e72b30232f8ecaadbd5af0f70a38c78096863fe51b64f031c24?s=96&d=mm&r=g","width":96,"height":96,"caption":"admin"}},{"@type":"WebPage","@id":"https:\/\/www.rucashk.com\/pt\/produto\/realme-30w-10000mah-power-bank-wholesale\/#webpage","url":"https:\/\/www.rucashk.com\/pt\/produto\/realme-30w-10000mah-power-bank-wholesale\/","name":"Realme 30W 10000mAh Power Bank Wholesale - Rucas - Wholesale and Distribution","description":"The 30W Dart Charge power bank by Realme comes with a capacity of 10,000mAh from the two built-in high-density Lithium-ion polymer batteries. It takes 1 hour and 36 minutes to completely charge its 10,000mAh battery as it supports two-way Dart Charge, as per the company. The power bank boasts of 30W charging speeds and comes with support for multiple fast charging solutions including Dart, VOOC, Quick Charge, PD, and more.","inLanguage":"pt-PT","isPartOf":{"@id":"https:\/\/www.rucashk.com\/pt\/#website"},"breadcrumb":{"@id":"https:\/\/www.rucashk.com\/pt\/produto\/realme-30w-10000mah-power-bank-wholesale\/#breadcrumblist"},"author":{"@id":"https:\/\/www.rucashk.com\/pt\/author\/admin\/#author"},"creator":{"@id":"https:\/\/www.rucashk.com\/pt\/author\/admin\/#author"},"image":{"@type":"ImageObject","url":"https:\/\/www.rucashk.com\/wp-content\/uploads\/2024\/01\/1_\u526f\u672c-36.png","@id":"https:\/\/www.rucashk.com\/pt\/produto\/realme-30w-10000mah-power-bank-wholesale\/#mainImage","width":800,"height":800},"primaryImageOfPage":{"@id":"https:\/\/www.rucashk.com\/pt\/produto\/realme-30w-10000mah-power-bank-wholesale\/#mainImage"},"datePublished":"2024-01-09T16:07:04+00:00","dateModified":"2024-03-13T04:29:44+00:00"},{"@type":"WebSite","@id":"https:\/\/www.rucashk.com\/pt\/#website","url":"https:\/\/www.rucashk.com\/pt\/","name":"Rucas - Wholesale and distribution worldwide","alternateName":"Rucas - One-stop AIoT Distribution Worldwide","description":"One-stop AIoT Distribution Worldwide","inLanguage":"pt-PT","publisher":{"@id":"https:\/\/www.rucashk.com\/pt\/#organization"}}]}},"aioseo_meta_data":{"post_id":"24654","title":null,"description":null,"keywords":null,"keyphrases":null,"primary_term":null,"canonical_url":null,"og_title":null,"og_description":null,"og_object_type":"default","og_image_type":"default","og_image_url":null,"og_image_width":null,"og_image_height":null,"og_image_custom_url":null,"og_image_custom_fields":null,"og_video":null,"og_custom_url":null,"og_article_section":null,"og_article_tags":null,"twitter_use_og":false,"twitter_card":"default","twitter_image_type":"default","twitter_image_url":null,"twitter_image_custom_url":null,"twitter_image_custom_fields":null,"twitter_title":null,"twitter_description":null,"schema":{"blockGraphs":[],"customGraphs":[],"default":{"data":{"Article":[],"Course":[],"Dataset":[],"FAQPage":[],"Movie":[],"Person":[],"Product":[],"Recipe":[],"Service":[],"SoftwareApplication":[],"WebPage":[]},"graphName":"","isEnabled":true},"graphs":[]},"schema_type":"default","schema_type_options":null,"pillar_content":false,"robots_default":true,"robots_noindex":false,"robots_noarchive":false,"robots_nosnippet":false,"robots_nofollow":false,"robots_noimageindex":false,"robots_noodp":false,"robots_notranslate":false,"robots_max_snippet":null,"robots_max_videopreview":null,"robots_max_imagepreview":"large","priority":null,"frequency":null,"local_seo":null,"breadcrumb_settings":null,"limit_modified_date":false,"created":"2024-04-11 01:57:13","updated":"2025-06-22 17:36:55"},"aioseo_breadcrumb":"<div class=\"aioseo-breadcrumbs\"><span class=\"aioseo-breadcrumb\">\n\t<a href=\"https:\/\/www.rucashk.com\/pt\" title=\"Home\">Home<\/a>\n<\/span><span class=\"aioseo-breadcrumb-separator\">&raquo;<\/span><span class=\"aioseo-breadcrumb\">\n\t<a href=\"https:\/\/www.rucashk.com\/pt\/products\/\" title=\"Produtos\">Produtos<\/a>\n<\/span><span class=\"aioseo-breadcrumb-separator\">&raquo;<\/span><span class=\"aioseo-breadcrumb\">\n\t<a href=\"https:\/\/www.rucashk.com\/pt\/categoria-produto\/xiaomi-eco\/\" title=\"Xiaomi Eco\">Xiaomi Eco<\/a>\n<\/span><span class=\"aioseo-breadcrumb-separator\">&raquo;<\/span><span class=\"aioseo-breadcrumb\">\n\t<a href=\"https:\/\/www.rucashk.com\/pt\/categoria-produto\/xiaomi-eco\/mi-redmi-power-bank\/\" title=\"Mi Redmi Power Bank\">Mi Redmi Power Bank<\/a>\n<\/span><span class=\"aioseo-breadcrumb-separator\">&raquo;<\/span><span class=\"aioseo-breadcrumb\">\n\tRealme 30W 10000mAh Power Bank Wholesale\n<\/span><\/div>","aioseo_breadcrumb_json":[{"label":"Home","link":"https:\/\/www.rucashk.com\/pt"},{"label":"Produtos","link":"https:\/\/www.rucashk.com\/pt\/products\/"},{"label":"Xiaomi Eco","link":"https:\/\/www.rucashk.com\/pt\/categoria-produto\/xiaomi-eco\/"},{"label":"Mi Redmi Power Bank","link":"https:\/\/www.rucashk.com\/pt\/categoria-produto\/xiaomi-eco\/mi-redmi-power-bank\/"},{"label":"Realme 30W 10000mAh Power Bank Wholesale","link":"https:\/\/www.rucashk.com\/pt\/produto\/realme-30w-10000mah-power-bank-wholesale\/"}],"_links":{"self":[{"href":"https:\/\/www.rucashk.com\/pt\/wp-json\/wp\/v2\/product\/24654","targetHints":{"allow":["GET"]}}],"collection":[{"href":"https:\/\/www.rucashk.com\/pt\/wp-json\/wp\/v2\/product"}],"about":[{"href":"https:\/\/www.rucashk.com\/pt\/wp-json\/wp\/v2\/types\/product"}],"wp:featuredmedia":[{"embeddable":true,"href":"https:\/\/www.rucashk.com\/pt\/wp-json\/wp\/v2\/media\/24760"}],"wp:attachment":[{"href":"https:\/\/www.rucashk.com\/pt\/wp-json\/wp\/v2\/media?parent=24654"}],"wp:term":[{"taxonomy":"product_brand","embeddable":true,"href":"https:\/\/www.rucashk.com\/pt\/wp-json\/wp\/v2\/product_brand?post=24654"},{"taxonomy":"product_cat","embeddable":true,"href":"https:\/\/www.rucashk.com\/pt\/wp-json\/wp\/v2\/product_cat?post=24654"},{"taxonomy":"product_tag","embeddable":true,"href":"https:\/\/www.rucashk.com\/pt\/wp-json\/wp\/v2\/product_tag?post=24654"}],"curies":[{"name":"wp","href":"https:\/\/api.w.org\/{rel}","templated":true}]}}