{"id":24621,"date":"2024-01-09T16:06:40","date_gmt":"2024-01-09T16:06:40","guid":{"rendered":"http:\/\/rucashk.com\/?post_type=product&#038;p=24621"},"modified":"2024-03-13T04:32:14","modified_gmt":"2024-03-13T04:32:14","slug":"philips-sonicare-5100-wholesale","status":"publish","type":"product","link":"https:\/\/www.rucashk.com\/pt\/produto\/philips-sonicare-5100-wholesale\/","title":{"rendered":"Philips Sonicare 5100 Atacado"},"content":{"rendered":"<p><img fetchpriority=\"high\" decoding=\"async\" class=\"alignnone wp-image-21313 size-full aligncenter\" src=\"\/wp-content\/uploads\/replace\/8af41721828b82cee24705525d3e0060.png\" alt=\"Philips Sonicare\u00a05100\" width=\"1250\" height=\"834\" \/><img decoding=\"async\" class=\"alignnone wp-image-21314 size-full aligncenter\" src=\"\/wp-content\/uploads\/replace\/77e46c644187391035f4a6818e515633.png\" alt=\"Philips Sonicare\u00a05100\" width=\"1250\" height=\"2400\" \/><img decoding=\"async\" class=\"alignnone wp-image-21315 size-full aligncenter\" src=\"\/wp-content\/uploads\/replace\/0515fa9429de5407f4e977bdc514ac14.png\" alt=\"Philips Sonicare\u00a05100\" width=\"1250\" height=\"834\" \/><img loading=\"lazy\" decoding=\"async\" class=\"alignnone wp-image-21316 aligncenter\" src=\"\/wp-content\/uploads\/replace\/b2b782e38f1924269cdc993aab19544f.png\" alt=\"Philips Sonicare\u00a05100\" width=\"1250\" height=\"700\" \/><img loading=\"lazy\" decoding=\"async\" class=\"alignnone wp-image-21317 aligncenter\" src=\"\/wp-content\/uploads\/replace\/eaeb76ba9be3bc11960c1808afb7d06a.png\" alt=\"Philips Sonicare\u00a05100\" width=\"1250\" height=\"491\" \/><img loading=\"lazy\" decoding=\"async\" class=\"alignnone wp-image-21318 aligncenter\" src=\"\/wp-content\/uploads\/replace\/00039bb0f7a898ac93741bb3b05f4565.png\" alt=\"Philips Sonicare\u00a05100\" width=\"1250\" height=\"525\" \/><\/p>","protected":false},"excerpt":{"rendered":"<p class=\"tgt\" style=\"font: 14px\/26px Arial, 'Microsoft YaHei', '\u5fae\u8f6f\u96c5\u9ed1', '\u5b8b\u4f53', 'Malgun Gothic', Meiryo, sans-serif;margin: 0px;padding: 0px;text-align: justify;color: #333333;text-transform: none;text-indent: 0px;letter-spacing: normal;min-height: 26px;background-color: #f7f8fa\" data-section=\"0\"><span class=\"tgt\" data-section=\"0\" data-group=\"0-0\" data-sentence=\"0\">Personalize sua experi\u00eancia com tr\u00eas modos diferentes de limpeza de brancos e cuidados com gengivas<\/span><\/p>\n<p class=\"tgt\" style=\"font: 14px\/26px Arial, 'Microsoft YaHei', '\u5fae\u8f6f\u96c5\u9ed1', '\u5b8b\u4f53', 'Malgun Gothic', Meiryo, sans-serif;margin: 0px;padding: 0px;text-align: justify;color: #333333;text-transform: none;text-indent: 0px;letter-spacing: normal;min-height: 26px;background-color: #f7f8fa\" data-section=\"1\"><span class=\"tgt\" data-section=\"1\" data-group=\"1-0\" data-sentence=\"0\">Os sensores de press\u00e3o protegem os dentes e as gengivas da press\u00e3o excessiva da escova de dentes manual, ao mesmo tempo que melhoram a sa\u00fade das gengivas at\u00e9 100 escovagens VS<\/span><\/p>\n<p class=\"tgt\" style=\"font: 14px\/26px Arial, 'Microsoft YaHei', '\u5fae\u8f6f\u96c5\u9ed1', '\u5b8b\u4f53', 'Malgun Gothic', Meiryo, sans-serif;margin: 0px;padding: 0px;text-align: justify;color: #333333;text-transform: none;text-indent: 0px;letter-spacing: normal;min-height: 26px;background-color: #f7f8fa\" data-section=\"2\"><span class=\"tgt\" data-section=\"2\" data-group=\"2-0\" data-sentence=\"0\">Saiba sempre quando trocar a cabe\u00e7a da escova para limpeza profunda<\/span><\/p>\n<p class=\"tgt\" style=\"font: 14px\/26px Arial, 'Microsoft YaHei', '\u5fae\u8f6f\u96c5\u9ed1', '\u5b8b\u4f53', 'Malgun Gothic', Meiryo, sans-serif;margin: 0px;padding: 0px;text-align: justify;color: #333333;text-transform: none;text-indent: 0px;letter-spacing: normal;min-height: 26px;background-color: #f7f8fa\" data-section=\"3\"><span class=\"tgt\" data-section=\"3\" data-group=\"3-0\" data-sentence=\"0\">O temporizador inteligente ajuda a garantir o tempo de escova\u00e7\u00e3o recomendado pelo profissional de 2 minutos e incentiva a escova\u00e7\u00e3o Dicas de compara\u00e7\u00e3o qu\u00e1druplas para cada dente<\/span><\/p>\n<p class=\"tgt\" style=\"font: 14px\/26px Arial, 'Microsoft YaHei', '\u5fae\u8f6f\u96c5\u9ed1', '\u5b8b\u4f53', 'Malgun Gothic', Meiryo, sans-serif;margin: 0px;padding: 0px;text-align: justify;color: #333333;text-transform: none;text-indent: 0px;letter-spacing: normal;min-height: 26px;background-color: #f7f8fa\" data-section=\"4\"><span class=\"tgt\" data-section=\"4\" data-group=\"4-0\" data-sentence=\"0\">Indicador de carga da bateria, voc\u00ea pode ver 2 semanas de dura\u00e7\u00e3o da bateria durante o carregamento<\/span><\/p>","protected":false},"featured_media":24720,"template":"","meta":[],"product_brand":[],"product_cat":[1322,1335],"product_tag":[1118],"class_list":{"0":"post-24621","1":"product","2":"type-product","3":"status-publish","4":"has-post-thumbnail","6":"product_cat-other-a-brands","7":"product_cat-philips","8":"product_tag-philips-sonicare-5100","10":"first","11":"instock","12":"shipping-taxable","13":"product-type-external"},"aioseo_notices":[],"aioseo_head":"\n\t\t<!-- All in One SEO Pro 4.5.9.2 - aioseo.com -->\n\t\t<meta name=\"description\" content=\"Customize your experience with three different modes of clean white and gum care Pressure sensors protect teeth and gums from excess manual toothbrush pressure while improving your gum health up to 100 VS brushing Always know when to change the brush head for deep cleaning Smart timer helps ensure professional recommended 2 minute brushing time and encourages brushing Quad comparison tips for each tooth Battery charging indicator you can see 2 weeks battery life when charging\" \/>\n\t\t<meta name=\"robots\" content=\"max-image-preview:large\" \/>\n\t\t<link rel=\"canonical\" href=\"https:\/\/www.rucashk.com\/pt\/produto\/philips-sonicare-5100-wholesale\/\" \/>\n\t\t<meta name=\"generator\" content=\"All in One SEO Pro (AIOSEO) 4.5.9.2\" \/>\n\t\t<meta property=\"og:locale\" content=\"pt_PT\" \/>\n\t\t<meta property=\"og:site_name\" content=\"Rucas - One-stop AIoT Distribution Worldwide\" \/>\n\t\t<meta property=\"og:type\" content=\"article\" \/>\n\t\t<meta property=\"og:title\" content=\"Philips Sonicare 5100 Wholesale - Rucas - Wholesale and Distribution\" \/>\n\t\t<meta property=\"og:description\" content=\"Customize your experience with three different modes of clean white and gum care Pressure sensors protect teeth and gums from excess manual toothbrush pressure while improving your gum health up to 100 VS brushing Always know when to change the brush head for deep cleaning Smart timer helps ensure professional recommended 2 minute brushing time and encourages brushing Quad comparison tips for each tooth Battery charging indicator you can see 2 weeks battery life when charging\" \/>\n\t\t<meta property=\"og:url\" content=\"https:\/\/www.rucashk.com\/pt\/produto\/philips-sonicare-5100-wholesale\/\" \/>\n\t\t<meta property=\"og:image\" content=\"https:\/\/www.rucashk.com\/wp-content\/uploads\/replace\/503b8e645f128a97ccde2b6290747646.jpeg\" \/>\n\t\t<meta property=\"og:image:secure_url\" content=\"https:\/\/www.rucashk.com\/wp-content\/uploads\/replace\/503b8e645f128a97ccde2b6290747646.jpeg\" \/>\n\t\t<meta property=\"og:image:width\" content=\"1456\" \/>\n\t\t<meta property=\"og:image:height\" content=\"816\" \/>\n\t\t<meta property=\"article:published_time\" content=\"2024-01-09T16:06:40+00:00\" \/>\n\t\t<meta property=\"article:modified_time\" content=\"2024-03-13T04:32:14+00:00\" \/>\n\t\t<meta name=\"twitter:card\" content=\"summary_large_image\" \/>\n\t\t<meta name=\"twitter:title\" content=\"Philips Sonicare 5100 Wholesale - Rucas - Wholesale and Distribution\" \/>\n\t\t<meta name=\"twitter:description\" content=\"Customize your experience with three different modes of clean white and gum care Pressure sensors protect teeth and gums from excess manual toothbrush pressure while improving your gum health up to 100 VS brushing Always know when to change the brush head for deep cleaning Smart timer helps ensure professional recommended 2 minute brushing time and encourages brushing Quad comparison tips for each tooth Battery charging indicator you can see 2 weeks battery life when charging\" \/>\n\t\t<meta name=\"twitter:image\" content=\"https:\/\/www.rucashk.com\/wp-content\/uploads\/replace\/503b8e645f128a97ccde2b6290747646.jpeg\" \/>\n\t\t<script type=\"application\/ld+json\" class=\"aioseo-schema\">\n\t\t\t{\"@context\":\"https:\\\/\\\/schema.org\",\"@graph\":[{\"@type\":\"BreadcrumbList\",\"@id\":\"https:\\\/\\\/www.rucashk.com\\\/pt\\\/produto\\\/philips-sonicare-5100-wholesale\\\/#breadcrumblist\",\"itemListElement\":[{\"@type\":\"ListItem\",\"@id\":\"https:\\\/\\\/www.rucashk.com\\\/pt\\\/#listItem\",\"position\":1,\"name\":\"Home\",\"item\":\"https:\\\/\\\/www.rucashk.com\\\/pt\\\/\",\"nextItem\":\"https:\\\/\\\/www.rucashk.com\\\/pt\\\/produto\\\/philips-sonicare-5100-wholesale\\\/#listItem\"},{\"@type\":\"ListItem\",\"@id\":\"https:\\\/\\\/www.rucashk.com\\\/pt\\\/produto\\\/philips-sonicare-5100-wholesale\\\/#listItem\",\"position\":2,\"name\":\"Philips Sonicare\\u00a05100 Wholesale\",\"previousItem\":\"https:\\\/\\\/www.rucashk.com\\\/pt\\\/#listItem\"}]},{\"@type\":\"Organization\",\"@id\":\"https:\\\/\\\/www.rucashk.com\\\/pt\\\/#organization\",\"name\":\"Rucas\",\"url\":\"https:\\\/\\\/www.rucashk.com\\\/pt\\\/\",\"logo\":{\"@type\":\"ImageObject\",\"url\":\"https:\\\/\\\/www.rucashk.com\\\/wp-content\\\/uploads\\\/2023\\\/12\\\/Rucas_campany_logo.png\",\"@id\":\"https:\\\/\\\/www.rucashk.com\\\/pt\\\/produto\\\/philips-sonicare-5100-wholesale\\\/#organizationLogo\",\"width\":221,\"height\":65},\"image\":{\"@id\":\"https:\\\/\\\/www.rucashk.com\\\/pt\\\/#organizationLogo\"}},{\"@type\":\"Person\",\"@id\":\"https:\\\/\\\/www.rucashk.com\\\/pt\\\/author\\\/admin\\\/#author\",\"url\":\"https:\\\/\\\/www.rucashk.com\\\/pt\\\/author\\\/admin\\\/\",\"name\":\"admin\",\"image\":{\"@type\":\"ImageObject\",\"@id\":\"https:\\\/\\\/www.rucashk.com\\\/pt\\\/produto\\\/philips-sonicare-5100-wholesale\\\/#authorImage\",\"url\":\"https:\\\/\\\/secure.gravatar.com\\\/avatar\\\/b7c8925b09a27e72b30232f8ecaadbd5af0f70a38c78096863fe51b64f031c24?s=96&d=mm&r=g\",\"width\":96,\"height\":96,\"caption\":\"admin\"}},{\"@type\":\"WebPage\",\"@id\":\"https:\\\/\\\/www.rucashk.com\\\/pt\\\/produto\\\/philips-sonicare-5100-wholesale\\\/#webpage\",\"url\":\"https:\\\/\\\/www.rucashk.com\\\/pt\\\/produto\\\/philips-sonicare-5100-wholesale\\\/\",\"name\":\"Philips Sonicare 5100 Wholesale - Rucas - Wholesale and Distribution\",\"description\":\"Customize your experience with three different modes of clean white and gum care Pressure sensors protect teeth and gums from excess manual toothbrush pressure while improving your gum health up to 100 VS brushing Always know when to change the brush head for deep cleaning Smart timer helps ensure professional recommended 2 minute brushing time and encourages brushing Quad comparison tips for each tooth Battery charging indicator you can see 2 weeks battery life when charging\",\"inLanguage\":\"pt-PT\",\"isPartOf\":{\"@id\":\"https:\\\/\\\/www.rucashk.com\\\/pt\\\/#website\"},\"breadcrumb\":{\"@id\":\"https:\\\/\\\/www.rucashk.com\\\/pt\\\/produto\\\/philips-sonicare-5100-wholesale\\\/#breadcrumblist\"},\"author\":{\"@id\":\"https:\\\/\\\/www.rucashk.com\\\/pt\\\/author\\\/admin\\\/#author\"},\"creator\":{\"@id\":\"https:\\\/\\\/www.rucashk.com\\\/pt\\\/author\\\/admin\\\/#author\"},\"image\":{\"@type\":\"ImageObject\",\"url\":\"https:\\\/\\\/www.rucashk.com\\\/wp-content\\\/uploads\\\/2024\\\/01\\\/1_\\u526f\\u672c-30.png\",\"@id\":\"https:\\\/\\\/www.rucashk.com\\\/pt\\\/produto\\\/philips-sonicare-5100-wholesale\\\/#mainImage\",\"width\":800,\"height\":800},\"primaryImageOfPage\":{\"@id\":\"https:\\\/\\\/www.rucashk.com\\\/pt\\\/produto\\\/philips-sonicare-5100-wholesale\\\/#mainImage\"},\"datePublished\":\"2024-01-09T16:06:40+00:00\",\"dateModified\":\"2024-03-13T04:32:14+00:00\"},{\"@type\":\"WebSite\",\"@id\":\"https:\\\/\\\/www.rucashk.com\\\/pt\\\/#website\",\"url\":\"https:\\\/\\\/www.rucashk.com\\\/pt\\\/\",\"name\":\"Rucas - Wholesale and distribution worldwide\",\"alternateName\":\"Rucas - One-stop AIoT Distribution Worldwide\",\"description\":\"One-stop AIoT Distribution Worldwide\",\"inLanguage\":\"pt-PT\",\"publisher\":{\"@id\":\"https:\\\/\\\/www.rucashk.com\\\/pt\\\/#organization\"}}]}\n\t\t<\/script>\n\t\t<!-- All in One SEO Pro -->\r\n\t\t<title>Philips Sonicare 5100 Wholesale - Rucas - Wholesale and Distribution<\/title>\n\n","aioseo_head_json":{"title":"Philips Sonicare 5100 Wholesale - Rucas - Wholesale and Distribution","description":"Customize your experience with three different modes of clean white and gum care Pressure sensors protect teeth and gums from excess manual toothbrush pressure while improving your gum health up to 100 VS brushing Always know when to change the brush head for deep cleaning Smart timer helps ensure professional recommended 2 minute brushing time and encourages brushing Quad comparison tips for each tooth Battery charging indicator you can see 2 weeks battery life when charging","canonical_url":"https:\/\/www.rucashk.com\/pt\/produto\/philips-sonicare-5100-wholesale\/","robots":"max-image-preview:large","keywords":"","webmasterTools":{"miscellaneous":""},"og:locale":"pt_PT","og:site_name":"Rucas - One-stop AIoT Distribution Worldwide","og:type":"article","og:title":"Philips Sonicare 5100 Wholesale - Rucas - Wholesale and Distribution","og:description":"Customize your experience with three different modes of clean white and gum care Pressure sensors protect teeth and gums from excess manual toothbrush pressure while improving your gum health up to 100 VS brushing Always know when to change the brush head for deep cleaning Smart timer helps ensure professional recommended 2 minute brushing time and encourages brushing Quad comparison tips for each tooth Battery charging indicator you can see 2 weeks battery life when charging","og:url":"https:\/\/www.rucashk.com\/pt\/produto\/philips-sonicare-5100-wholesale\/","og:image":"https:\/\/www.rucashk.com\/wp-content\/uploads\/replace\/503b8e645f128a97ccde2b6290747646.jpeg","og:image:secure_url":"https:\/\/www.rucashk.com\/wp-content\/uploads\/replace\/503b8e645f128a97ccde2b6290747646.jpeg","og:image:width":1456,"og:image:height":816,"article:published_time":"2024-01-09T16:06:40+00:00","article:modified_time":"2024-03-13T04:32:14+00:00","twitter:card":"summary_large_image","twitter:title":"Philips Sonicare 5100 Wholesale - Rucas - Wholesale and Distribution","twitter:description":"Customize your experience with three different modes of clean white and gum care Pressure sensors protect teeth and gums from excess manual toothbrush pressure while improving your gum health up to 100 VS brushing Always know when to change the brush head for deep cleaning Smart timer helps ensure professional recommended 2 minute brushing time and encourages brushing Quad comparison tips for each tooth Battery charging indicator you can see 2 weeks battery life when charging","twitter:image":"https:\/\/www.rucashk.com\/wp-content\/uploads\/replace\/503b8e645f128a97ccde2b6290747646.jpeg","schema":{"@context":"https:\/\/schema.org","@graph":[{"@type":"BreadcrumbList","@id":"https:\/\/www.rucashk.com\/pt\/produto\/philips-sonicare-5100-wholesale\/#breadcrumblist","itemListElement":[{"@type":"ListItem","@id":"https:\/\/www.rucashk.com\/pt\/#listItem","position":1,"name":"Home","item":"https:\/\/www.rucashk.com\/pt\/","nextItem":"https:\/\/www.rucashk.com\/pt\/produto\/philips-sonicare-5100-wholesale\/#listItem"},{"@type":"ListItem","@id":"https:\/\/www.rucashk.com\/pt\/produto\/philips-sonicare-5100-wholesale\/#listItem","position":2,"name":"Philips Sonicare\u00a05100 Wholesale","previousItem":"https:\/\/www.rucashk.com\/pt\/#listItem"}]},{"@type":"Organization","@id":"https:\/\/www.rucashk.com\/pt\/#organization","name":"Rucas","url":"https:\/\/www.rucashk.com\/pt\/","logo":{"@type":"ImageObject","url":"https:\/\/www.rucashk.com\/wp-content\/uploads\/2023\/12\/Rucas_campany_logo.png","@id":"https:\/\/www.rucashk.com\/pt\/produto\/philips-sonicare-5100-wholesale\/#organizationLogo","width":221,"height":65},"image":{"@id":"https:\/\/www.rucashk.com\/pt\/#organizationLogo"}},{"@type":"Person","@id":"https:\/\/www.rucashk.com\/pt\/author\/admin\/#author","url":"https:\/\/www.rucashk.com\/pt\/author\/admin\/","name":"admin","image":{"@type":"ImageObject","@id":"https:\/\/www.rucashk.com\/pt\/produto\/philips-sonicare-5100-wholesale\/#authorImage","url":"https:\/\/secure.gravatar.com\/avatar\/b7c8925b09a27e72b30232f8ecaadbd5af0f70a38c78096863fe51b64f031c24?s=96&d=mm&r=g","width":96,"height":96,"caption":"admin"}},{"@type":"WebPage","@id":"https:\/\/www.rucashk.com\/pt\/produto\/philips-sonicare-5100-wholesale\/#webpage","url":"https:\/\/www.rucashk.com\/pt\/produto\/philips-sonicare-5100-wholesale\/","name":"Philips Sonicare 5100 Wholesale - Rucas - Wholesale and Distribution","description":"Customize your experience with three different modes of clean white and gum care Pressure sensors protect teeth and gums from excess manual toothbrush pressure while improving your gum health up to 100 VS brushing Always know when to change the brush head for deep cleaning Smart timer helps ensure professional recommended 2 minute brushing time and encourages brushing Quad comparison tips for each tooth Battery charging indicator you can see 2 weeks battery life when charging","inLanguage":"pt-PT","isPartOf":{"@id":"https:\/\/www.rucashk.com\/pt\/#website"},"breadcrumb":{"@id":"https:\/\/www.rucashk.com\/pt\/produto\/philips-sonicare-5100-wholesale\/#breadcrumblist"},"author":{"@id":"https:\/\/www.rucashk.com\/pt\/author\/admin\/#author"},"creator":{"@id":"https:\/\/www.rucashk.com\/pt\/author\/admin\/#author"},"image":{"@type":"ImageObject","url":"https:\/\/www.rucashk.com\/wp-content\/uploads\/2024\/01\/1_\u526f\u672c-30.png","@id":"https:\/\/www.rucashk.com\/pt\/produto\/philips-sonicare-5100-wholesale\/#mainImage","width":800,"height":800},"primaryImageOfPage":{"@id":"https:\/\/www.rucashk.com\/pt\/produto\/philips-sonicare-5100-wholesale\/#mainImage"},"datePublished":"2024-01-09T16:06:40+00:00","dateModified":"2024-03-13T04:32:14+00:00"},{"@type":"WebSite","@id":"https:\/\/www.rucashk.com\/pt\/#website","url":"https:\/\/www.rucashk.com\/pt\/","name":"Rucas - Wholesale and distribution worldwide","alternateName":"Rucas - One-stop AIoT Distribution Worldwide","description":"One-stop AIoT Distribution Worldwide","inLanguage":"pt-PT","publisher":{"@id":"https:\/\/www.rucashk.com\/pt\/#organization"}}]}},"aioseo_meta_data":{"post_id":"24621","title":null,"description":null,"keywords":null,"keyphrases":null,"primary_term":null,"canonical_url":null,"og_title":null,"og_description":null,"og_object_type":"default","og_image_type":"default","og_image_url":null,"og_image_width":null,"og_image_height":null,"og_image_custom_url":null,"og_image_custom_fields":null,"og_video":null,"og_custom_url":null,"og_article_section":null,"og_article_tags":null,"twitter_use_og":false,"twitter_card":"default","twitter_image_type":"default","twitter_image_url":null,"twitter_image_custom_url":null,"twitter_image_custom_fields":null,"twitter_title":null,"twitter_description":null,"schema":{"blockGraphs":[],"customGraphs":[],"default":{"data":{"Article":[],"Course":[],"Dataset":[],"FAQPage":[],"Movie":[],"Person":[],"Product":[],"Recipe":[],"Service":[],"SoftwareApplication":[],"WebPage":[]},"graphName":"","isEnabled":true},"graphs":[]},"schema_type":"default","schema_type_options":null,"pillar_content":false,"robots_default":true,"robots_noindex":false,"robots_noarchive":false,"robots_nosnippet":false,"robots_nofollow":false,"robots_noimageindex":false,"robots_noodp":false,"robots_notranslate":false,"robots_max_snippet":null,"robots_max_videopreview":null,"robots_max_imagepreview":"large","priority":null,"frequency":null,"local_seo":null,"breadcrumb_settings":null,"limit_modified_date":false,"created":"2024-04-11 01:57:13","updated":"2025-06-22 17:35:04"},"aioseo_breadcrumb":"<div class=\"aioseo-breadcrumbs\"><span class=\"aioseo-breadcrumb\">\n\t<a href=\"https:\/\/www.rucashk.com\/pt\" title=\"Home\">Home<\/a>\n<\/span><span class=\"aioseo-breadcrumb-separator\">&raquo;<\/span><span class=\"aioseo-breadcrumb\">\n\t<a href=\"https:\/\/www.rucashk.com\/pt\/products\/\" title=\"Produtos\">Produtos<\/a>\n<\/span><span class=\"aioseo-breadcrumb-separator\">&raquo;<\/span><span class=\"aioseo-breadcrumb\">\n\t<a href=\"https:\/\/www.rucashk.com\/pt\/categoria-produto\/other-a-brands\/\" title=\"Other A-Brands\">Other A-Brands<\/a>\n<\/span><span class=\"aioseo-breadcrumb-separator\">&raquo;<\/span><span class=\"aioseo-breadcrumb\">\n\t<a href=\"https:\/\/www.rucashk.com\/pt\/categoria-produto\/other-a-brands\/philips\/\" title=\"Philips\">Philips<\/a>\n<\/span><span class=\"aioseo-breadcrumb-separator\">&raquo;<\/span><span class=\"aioseo-breadcrumb\">\n\tPhilips Sonicare\u00a05100 Wholesale\n<\/span><\/div>","aioseo_breadcrumb_json":[{"label":"Home","link":"https:\/\/www.rucashk.com\/pt"},{"label":"Produtos","link":"https:\/\/www.rucashk.com\/pt\/products\/"},{"label":"Other A-Brands","link":"https:\/\/www.rucashk.com\/pt\/categoria-produto\/other-a-brands\/"},{"label":"Philips","link":"https:\/\/www.rucashk.com\/pt\/categoria-produto\/other-a-brands\/philips\/"},{"label":"Philips Sonicare\u00a05100 Wholesale","link":"https:\/\/www.rucashk.com\/pt\/produto\/philips-sonicare-5100-wholesale\/"}],"_links":{"self":[{"href":"https:\/\/www.rucashk.com\/pt\/wp-json\/wp\/v2\/product\/24621","targetHints":{"allow":["GET"]}}],"collection":[{"href":"https:\/\/www.rucashk.com\/pt\/wp-json\/wp\/v2\/product"}],"about":[{"href":"https:\/\/www.rucashk.com\/pt\/wp-json\/wp\/v2\/types\/product"}],"wp:featuredmedia":[{"embeddable":true,"href":"https:\/\/www.rucashk.com\/pt\/wp-json\/wp\/v2\/media\/24720"}],"wp:attachment":[{"href":"https:\/\/www.rucashk.com\/pt\/wp-json\/wp\/v2\/media?parent=24621"}],"wp:term":[{"taxonomy":"product_brand","embeddable":true,"href":"https:\/\/www.rucashk.com\/pt\/wp-json\/wp\/v2\/product_brand?post=24621"},{"taxonomy":"product_cat","embeddable":true,"href":"https:\/\/www.rucashk.com\/pt\/wp-json\/wp\/v2\/product_cat?post=24621"},{"taxonomy":"product_tag","embeddable":true,"href":"https:\/\/www.rucashk.com\/pt\/wp-json\/wp\/v2\/product_tag?post=24621"}],"curies":[{"name":"wp","href":"https:\/\/api.w.org\/{rel}","templated":true}]}}