{"id":24595,"date":"2024-01-09T16:06:18","date_gmt":"2024-01-09T16:06:18","guid":{"rendered":"http:\/\/rucashk.com\/?post_type=product&#038;p=24595"},"modified":"2024-03-13T06:21:56","modified_gmt":"2024-03-13T06:21:56","slug":"oral-b-pro-2-2500-electric-toothbrush-wholesale","status":"publish","type":"product","link":"https:\/\/www.rucashk.com\/pt\/produto\/oral-b-pro-2-2500-electric-toothbrush-wholesale\/","title":{"rendered":"Escova de dentes el\u00e9trica Oral-B Pro 2 2500 no atacado"},"content":{"rendered":"<p><img fetchpriority=\"high\" decoding=\"async\" class=\"alignnone wp-image-21243 size-full aligncenter\" src=\"\/wp-content\/uploads\/replace\/93ca1404b5faf5648ccde01db30d7f71.png\" alt=\"Oral-B\u00a0Pro 2 2500 Electric Toothbrush Wholesale\" width=\"1500\" height=\"1500\" \/><img decoding=\"async\" class=\"alignnone wp-image-21244 aligncenter\" src=\"\/wp-content\/uploads\/replace\/2fca82d62f7dd6a49fd4068f84554823.png\" alt=\"Oral-B\u00a0Pro 2 2500 Electric Toothbrush Wholesale\" width=\"1500\" height=\"1999\" \/><img decoding=\"async\" class=\"alignnone wp-image-21245 aligncenter\" src=\"\/wp-content\/uploads\/replace\/f74b9f3a0130103bd5b69b045f371e7e.png\" alt=\"Oral-B\u00a0Pro 2 2500 Electric Toothbrush Wholesale\" width=\"1500\" height=\"1500\" \/><img loading=\"lazy\" decoding=\"async\" class=\"alignnone wp-image-21246 aligncenter\" src=\"\/wp-content\/uploads\/replace\/0996a63f028f8d288b57bba97a504a66.png\" alt=\"Oral-B\u00a0Pro 2 2500 Electric Toothbrush Wholesale\" width=\"1500\" height=\"1500\" \/><img loading=\"lazy\" decoding=\"async\" class=\"alignnone wp-image-21247 aligncenter\" src=\"\/wp-content\/uploads\/replace\/601501c33949551d7e361d8d3c26fee9.png\" alt=\"Oral-B\u00a0Pro 2 2500 Electric Toothbrush Wholesale\" width=\"1500\" height=\"1498\" \/><\/p>","protected":false},"excerpt":{"rendered":"<ul class=\"a-unordered-list a-vertical a-spacing-mini\" style=\"margin: 0px 0px 0px 18px;padding: 0px;color: #111111;text-transform: none;text-indent: 0px;letter-spacing: normal;font-family: 'Amazon Ember', Arial, sans-serif;font-size: 13px;font-style: normal;font-weight: 400;background-color: #ffffff\">\n<li><span class=\"a-list-item\">Movimento da tecnologia Oral-B 3D: a cabe\u00e7a redonda da escova de dentes oscila, gira e pulsa para quebrar 100% mais placa bacteriana em compara\u00e7\u00e3o com a escova de dentes manual<\/span><\/li>\n<li><span class=\"a-list-item\">Proteja suas gengivas sens\u00edveis: o sensor de press\u00e3o gengival vis\u00edvel reduz a velocidade de escova\u00e7\u00e3o e alerta se voc\u00ea escovar com muita for\u00e7a<\/span><\/li>\n<li><span class=\"a-list-item\">A partir do primeiro dia: branqueia suavemente os dentes desde a primeira utiliza\u00e7\u00e3o, removendo manchas superficiais e placa bacteriana<\/span><\/li>\n<li><span class=\"a-list-item\">Dois modos de escova\u00e7\u00e3o de limpeza: Limpeza di\u00e1ria e sens\u00edvel<\/span><\/li>\n<li><span class=\"a-list-item\">Oral-B \u00e9 a marca n\u00famero 1: usada por profissionais dentistas e aprovada pela Oral Health Foundation<\/span><\/li>\n<li><span class=\"a-list-item\">Satisfa\u00e7\u00e3o em 30 dias: Com uma linha de suporte dedicada que permite comprar por 30 dias sem compromisso<\/span><\/li>\n<li><span class=\"a-list-item\">Inclu\u00eddo: um cabo de escova de dentes rosa, uma cabe\u00e7a de escova de dentes branca 3D, carregador com plugue de 2 pinos no Reino Unido, bateria de \u00edon de l\u00edtio com at\u00e9 2 semanas de carga e um estojo de viagem padr\u00e3o; fabricado na Alemanha com a mais alta precis\u00e3o<\/span><\/li>\n<\/ul>","protected":false},"featured_media":24697,"template":"","meta":[],"product_brand":[],"product_cat":[1322],"product_tag":[1112],"class_list":{"0":"post-24595","1":"product","2":"type-product","3":"status-publish","4":"has-post-thumbnail","6":"product_cat-other-a-brands","7":"product_tag-oral-b-pro-2-2500-electric-toothbrush","9":"first","10":"instock","11":"shipping-taxable","12":"product-type-external"},"aioseo_notices":[],"aioseo_head":"\n\t\t<!-- All in One SEO Pro 4.5.9.2 - aioseo.com -->\n\t\t<meta name=\"description\" content=\"Oral-B 3D Technology movement: Round toothbrush head oscillates, rotates and pulsates to break up 100 Percent more plaque vs manual toothbrush Protect your sensitive gums: Visible gum pressure sensor reduces brushing speed &amp; alerts if you brush too hard From day 1: Gently whitens your teeth from 1st use by removing surface stains &amp; plaque Two cleaning brushing modes: Daily clean and sensitive Oral-B is the no 1 brand: Used by dentist professionals &amp; approved by the Oral Health Foundation 30 days satisfaction: With a dedicated support line empowering you to purchase for 30 days without commitment Included: One pink toothbrush handle, one 3D white toothbrush head, charger with 2 pin UK plug, li-ion battery up to 2 weeks of charge &amp; one standard travel case; made in Germany to the highest precision\" \/>\n\t\t<meta name=\"robots\" content=\"max-image-preview:large\" \/>\n\t\t<link rel=\"canonical\" href=\"https:\/\/www.rucashk.com\/pt\/produto\/oral-b-pro-2-2500-electric-toothbrush-wholesale\/\" \/>\n\t\t<meta name=\"generator\" content=\"All in One SEO Pro (AIOSEO) 4.5.9.2\" \/>\n\t\t<meta property=\"og:locale\" content=\"pt_PT\" \/>\n\t\t<meta property=\"og:site_name\" content=\"Rucas - One-stop AIoT Distribution Worldwide\" \/>\n\t\t<meta property=\"og:type\" content=\"article\" \/>\n\t\t<meta property=\"og:title\" content=\"Oral-B Pro 2 2500 Electric Toothbrush Wholesale - Rucas - Wholesale and Distribution\" \/>\n\t\t<meta property=\"og:description\" content=\"Oral-B 3D Technology movement: Round toothbrush head oscillates, rotates and pulsates to break up 100 Percent more plaque vs manual toothbrush Protect your sensitive gums: Visible gum pressure sensor reduces brushing speed &amp; alerts if you brush too hard From day 1: Gently whitens your teeth from 1st use by removing surface stains &amp; plaque Two cleaning brushing modes: Daily clean and sensitive Oral-B is the no 1 brand: Used by dentist professionals &amp; approved by the Oral Health Foundation 30 days satisfaction: With a dedicated support line empowering you to purchase for 30 days without commitment Included: One pink toothbrush handle, one 3D white toothbrush head, charger with 2 pin UK plug, li-ion battery up to 2 weeks of charge &amp; one standard travel case; made in Germany to the highest precision\" \/>\n\t\t<meta property=\"og:url\" content=\"https:\/\/www.rucashk.com\/pt\/produto\/oral-b-pro-2-2500-electric-toothbrush-wholesale\/\" \/>\n\t\t<meta property=\"og:image\" content=\"https:\/\/www.rucashk.com\/wp-content\/uploads\/replace\/503b8e645f128a97ccde2b6290747646.jpeg\" \/>\n\t\t<meta property=\"og:image:secure_url\" content=\"https:\/\/www.rucashk.com\/wp-content\/uploads\/replace\/503b8e645f128a97ccde2b6290747646.jpeg\" \/>\n\t\t<meta property=\"og:image:width\" content=\"1456\" \/>\n\t\t<meta property=\"og:image:height\" content=\"816\" \/>\n\t\t<meta property=\"article:published_time\" content=\"2024-01-09T16:06:18+00:00\" \/>\n\t\t<meta property=\"article:modified_time\" content=\"2024-03-13T06:21:56+00:00\" \/>\n\t\t<meta name=\"twitter:card\" content=\"summary_large_image\" \/>\n\t\t<meta name=\"twitter:title\" content=\"Oral-B Pro 2 2500 Electric Toothbrush Wholesale - Rucas - Wholesale and Distribution\" \/>\n\t\t<meta name=\"twitter:description\" content=\"Oral-B 3D Technology movement: Round toothbrush head oscillates, rotates and pulsates to break up 100 Percent more plaque vs manual toothbrush Protect your sensitive gums: Visible gum pressure sensor reduces brushing speed &amp; alerts if you brush too hard From day 1: Gently whitens your teeth from 1st use by removing surface stains &amp; plaque Two cleaning brushing modes: Daily clean and sensitive Oral-B is the no 1 brand: Used by dentist professionals &amp; approved by the Oral Health Foundation 30 days satisfaction: With a dedicated support line empowering you to purchase for 30 days without commitment Included: One pink toothbrush handle, one 3D white toothbrush head, charger with 2 pin UK plug, li-ion battery up to 2 weeks of charge &amp; one standard travel case; made in Germany to the highest precision\" \/>\n\t\t<meta name=\"twitter:image\" content=\"https:\/\/www.rucashk.com\/wp-content\/uploads\/replace\/503b8e645f128a97ccde2b6290747646.jpeg\" \/>\n\t\t<script type=\"application\/ld+json\" class=\"aioseo-schema\">\n\t\t\t{\"@context\":\"https:\\\/\\\/schema.org\",\"@graph\":[{\"@type\":\"BreadcrumbList\",\"@id\":\"https:\\\/\\\/www.rucashk.com\\\/pt\\\/produto\\\/oral-b-pro-2-2500-electric-toothbrush-wholesale\\\/#breadcrumblist\",\"itemListElement\":[{\"@type\":\"ListItem\",\"@id\":\"https:\\\/\\\/www.rucashk.com\\\/pt\\\/#listItem\",\"position\":1,\"name\":\"Home\",\"item\":\"https:\\\/\\\/www.rucashk.com\\\/pt\\\/\",\"nextItem\":\"https:\\\/\\\/www.rucashk.com\\\/pt\\\/produto\\\/oral-b-pro-2-2500-electric-toothbrush-wholesale\\\/#listItem\"},{\"@type\":\"ListItem\",\"@id\":\"https:\\\/\\\/www.rucashk.com\\\/pt\\\/produto\\\/oral-b-pro-2-2500-electric-toothbrush-wholesale\\\/#listItem\",\"position\":2,\"name\":\"Oral-B\\u00a0Pro 2 2500 Electric Toothbrush Wholesale\",\"previousItem\":\"https:\\\/\\\/www.rucashk.com\\\/pt\\\/#listItem\"}]},{\"@type\":\"Organization\",\"@id\":\"https:\\\/\\\/www.rucashk.com\\\/pt\\\/#organization\",\"name\":\"Rucas\",\"url\":\"https:\\\/\\\/www.rucashk.com\\\/pt\\\/\",\"logo\":{\"@type\":\"ImageObject\",\"url\":\"https:\\\/\\\/www.rucashk.com\\\/wp-content\\\/uploads\\\/2023\\\/12\\\/Rucas_campany_logo.png\",\"@id\":\"https:\\\/\\\/www.rucashk.com\\\/pt\\\/produto\\\/oral-b-pro-2-2500-electric-toothbrush-wholesale\\\/#organizationLogo\",\"width\":221,\"height\":65},\"image\":{\"@id\":\"https:\\\/\\\/www.rucashk.com\\\/pt\\\/#organizationLogo\"}},{\"@type\":\"Person\",\"@id\":\"https:\\\/\\\/www.rucashk.com\\\/pt\\\/author\\\/admin\\\/#author\",\"url\":\"https:\\\/\\\/www.rucashk.com\\\/pt\\\/author\\\/admin\\\/\",\"name\":\"admin\",\"image\":{\"@type\":\"ImageObject\",\"@id\":\"https:\\\/\\\/www.rucashk.com\\\/pt\\\/produto\\\/oral-b-pro-2-2500-electric-toothbrush-wholesale\\\/#authorImage\",\"url\":\"https:\\\/\\\/secure.gravatar.com\\\/avatar\\\/b7c8925b09a27e72b30232f8ecaadbd5af0f70a38c78096863fe51b64f031c24?s=96&d=mm&r=g\",\"width\":96,\"height\":96,\"caption\":\"admin\"}},{\"@type\":\"WebPage\",\"@id\":\"https:\\\/\\\/www.rucashk.com\\\/pt\\\/produto\\\/oral-b-pro-2-2500-electric-toothbrush-wholesale\\\/#webpage\",\"url\":\"https:\\\/\\\/www.rucashk.com\\\/pt\\\/produto\\\/oral-b-pro-2-2500-electric-toothbrush-wholesale\\\/\",\"name\":\"Oral-B Pro 2 2500 Electric Toothbrush Wholesale - Rucas - Wholesale and Distribution\",\"description\":\"Oral-B 3D Technology movement: Round toothbrush head oscillates, rotates and pulsates to break up 100 Percent more plaque vs manual toothbrush Protect your sensitive gums: Visible gum pressure sensor reduces brushing speed & alerts if you brush too hard From day 1: Gently whitens your teeth from 1st use by removing surface stains & plaque Two cleaning brushing modes: Daily clean and sensitive Oral-B is the no 1 brand: Used by dentist professionals & approved by the Oral Health Foundation 30 days satisfaction: With a dedicated support line empowering you to purchase for 30 days without commitment Included: One pink toothbrush handle, one 3D white toothbrush head, charger with 2 pin UK plug, li-ion battery up to 2 weeks of charge & one standard travel case; made in Germany to the highest precision\",\"inLanguage\":\"pt-PT\",\"isPartOf\":{\"@id\":\"https:\\\/\\\/www.rucashk.com\\\/pt\\\/#website\"},\"breadcrumb\":{\"@id\":\"https:\\\/\\\/www.rucashk.com\\\/pt\\\/produto\\\/oral-b-pro-2-2500-electric-toothbrush-wholesale\\\/#breadcrumblist\"},\"author\":{\"@id\":\"https:\\\/\\\/www.rucashk.com\\\/pt\\\/author\\\/admin\\\/#author\"},\"creator\":{\"@id\":\"https:\\\/\\\/www.rucashk.com\\\/pt\\\/author\\\/admin\\\/#author\"},\"image\":{\"@type\":\"ImageObject\",\"url\":\"https:\\\/\\\/www.rucashk.com\\\/wp-content\\\/uploads\\\/2024\\\/01\\\/a_\\u526f\\u672c-2.png\",\"@id\":\"https:\\\/\\\/www.rucashk.com\\\/pt\\\/produto\\\/oral-b-pro-2-2500-electric-toothbrush-wholesale\\\/#mainImage\",\"width\":800,\"height\":800},\"primaryImageOfPage\":{\"@id\":\"https:\\\/\\\/www.rucashk.com\\\/pt\\\/produto\\\/oral-b-pro-2-2500-electric-toothbrush-wholesale\\\/#mainImage\"},\"datePublished\":\"2024-01-09T16:06:18+00:00\",\"dateModified\":\"2024-03-13T06:21:56+00:00\"},{\"@type\":\"WebSite\",\"@id\":\"https:\\\/\\\/www.rucashk.com\\\/pt\\\/#website\",\"url\":\"https:\\\/\\\/www.rucashk.com\\\/pt\\\/\",\"name\":\"Rucas - Wholesale and distribution worldwide\",\"alternateName\":\"Rucas - One-stop AIoT Distribution Worldwide\",\"description\":\"One-stop AIoT Distribution Worldwide\",\"inLanguage\":\"pt-PT\",\"publisher\":{\"@id\":\"https:\\\/\\\/www.rucashk.com\\\/pt\\\/#organization\"}}]}\n\t\t<\/script>\n\t\t<!-- All in One SEO Pro -->\r\n\t\t<title>Oral-B Pro 2 2500 Electric Toothbrush Wholesale - Rucas - Wholesale and Distribution<\/title>\n\n","aioseo_head_json":{"title":"Oral-B Pro 2 2500 Electric Toothbrush Wholesale - Rucas - Wholesale and Distribution","description":"Oral-B 3D Technology movement: Round toothbrush head oscillates, rotates and pulsates to break up 100 Percent more plaque vs manual toothbrush Protect your sensitive gums: Visible gum pressure sensor reduces brushing speed & alerts if you brush too hard From day 1: Gently whitens your teeth from 1st use by removing surface stains & plaque Two cleaning brushing modes: Daily clean and sensitive Oral-B is the no 1 brand: Used by dentist professionals & approved by the Oral Health Foundation 30 days satisfaction: With a dedicated support line empowering you to purchase for 30 days without commitment Included: One pink toothbrush handle, one 3D white toothbrush head, charger with 2 pin UK plug, li-ion battery up to 2 weeks of charge & one standard travel case; made in Germany to the highest precision","canonical_url":"https:\/\/www.rucashk.com\/pt\/produto\/oral-b-pro-2-2500-electric-toothbrush-wholesale\/","robots":"max-image-preview:large","keywords":"","webmasterTools":{"miscellaneous":""},"og:locale":"pt_PT","og:site_name":"Rucas - One-stop AIoT Distribution Worldwide","og:type":"article","og:title":"Oral-B Pro 2 2500 Electric Toothbrush Wholesale - Rucas - Wholesale and Distribution","og:description":"Oral-B 3D Technology movement: Round toothbrush head oscillates, rotates and pulsates to break up 100 Percent more plaque vs manual toothbrush Protect your sensitive gums: Visible gum pressure sensor reduces brushing speed &amp; alerts if you brush too hard From day 1: Gently whitens your teeth from 1st use by removing surface stains &amp; plaque Two cleaning brushing modes: Daily clean and sensitive Oral-B is the no 1 brand: Used by dentist professionals &amp; approved by the Oral Health Foundation 30 days satisfaction: With a dedicated support line empowering you to purchase for 30 days without commitment Included: One pink toothbrush handle, one 3D white toothbrush head, charger with 2 pin UK plug, li-ion battery up to 2 weeks of charge &amp; one standard travel case; made in Germany to the highest precision","og:url":"https:\/\/www.rucashk.com\/pt\/produto\/oral-b-pro-2-2500-electric-toothbrush-wholesale\/","og:image":"https:\/\/www.rucashk.com\/wp-content\/uploads\/replace\/503b8e645f128a97ccde2b6290747646.jpeg","og:image:secure_url":"https:\/\/www.rucashk.com\/wp-content\/uploads\/replace\/503b8e645f128a97ccde2b6290747646.jpeg","og:image:width":1456,"og:image:height":816,"article:published_time":"2024-01-09T16:06:18+00:00","article:modified_time":"2024-03-13T06:21:56+00:00","twitter:card":"summary_large_image","twitter:title":"Oral-B Pro 2 2500 Electric Toothbrush Wholesale - Rucas - Wholesale and Distribution","twitter:description":"Oral-B 3D Technology movement: Round toothbrush head oscillates, rotates and pulsates to break up 100 Percent more plaque vs manual toothbrush Protect your sensitive gums: Visible gum pressure sensor reduces brushing speed &amp; alerts if you brush too hard From day 1: Gently whitens your teeth from 1st use by removing surface stains &amp; plaque Two cleaning brushing modes: Daily clean and sensitive Oral-B is the no 1 brand: Used by dentist professionals &amp; approved by the Oral Health Foundation 30 days satisfaction: With a dedicated support line empowering you to purchase for 30 days without commitment Included: One pink toothbrush handle, one 3D white toothbrush head, charger with 2 pin UK plug, li-ion battery up to 2 weeks of charge &amp; one standard travel case; made in Germany to the highest precision","twitter:image":"https:\/\/www.rucashk.com\/wp-content\/uploads\/replace\/503b8e645f128a97ccde2b6290747646.jpeg","schema":{"@context":"https:\/\/schema.org","@graph":[{"@type":"BreadcrumbList","@id":"https:\/\/www.rucashk.com\/pt\/produto\/oral-b-pro-2-2500-electric-toothbrush-wholesale\/#breadcrumblist","itemListElement":[{"@type":"ListItem","@id":"https:\/\/www.rucashk.com\/pt\/#listItem","position":1,"name":"Home","item":"https:\/\/www.rucashk.com\/pt\/","nextItem":"https:\/\/www.rucashk.com\/pt\/produto\/oral-b-pro-2-2500-electric-toothbrush-wholesale\/#listItem"},{"@type":"ListItem","@id":"https:\/\/www.rucashk.com\/pt\/produto\/oral-b-pro-2-2500-electric-toothbrush-wholesale\/#listItem","position":2,"name":"Oral-B\u00a0Pro 2 2500 Electric Toothbrush Wholesale","previousItem":"https:\/\/www.rucashk.com\/pt\/#listItem"}]},{"@type":"Organization","@id":"https:\/\/www.rucashk.com\/pt\/#organization","name":"Rucas","url":"https:\/\/www.rucashk.com\/pt\/","logo":{"@type":"ImageObject","url":"https:\/\/www.rucashk.com\/wp-content\/uploads\/2023\/12\/Rucas_campany_logo.png","@id":"https:\/\/www.rucashk.com\/pt\/produto\/oral-b-pro-2-2500-electric-toothbrush-wholesale\/#organizationLogo","width":221,"height":65},"image":{"@id":"https:\/\/www.rucashk.com\/pt\/#organizationLogo"}},{"@type":"Person","@id":"https:\/\/www.rucashk.com\/pt\/author\/admin\/#author","url":"https:\/\/www.rucashk.com\/pt\/author\/admin\/","name":"admin","image":{"@type":"ImageObject","@id":"https:\/\/www.rucashk.com\/pt\/produto\/oral-b-pro-2-2500-electric-toothbrush-wholesale\/#authorImage","url":"https:\/\/secure.gravatar.com\/avatar\/b7c8925b09a27e72b30232f8ecaadbd5af0f70a38c78096863fe51b64f031c24?s=96&d=mm&r=g","width":96,"height":96,"caption":"admin"}},{"@type":"WebPage","@id":"https:\/\/www.rucashk.com\/pt\/produto\/oral-b-pro-2-2500-electric-toothbrush-wholesale\/#webpage","url":"https:\/\/www.rucashk.com\/pt\/produto\/oral-b-pro-2-2500-electric-toothbrush-wholesale\/","name":"Oral-B Pro 2 2500 Electric Toothbrush Wholesale - Rucas - Wholesale and Distribution","description":"Oral-B 3D Technology movement: Round toothbrush head oscillates, rotates and pulsates to break up 100 Percent more plaque vs manual toothbrush Protect your sensitive gums: Visible gum pressure sensor reduces brushing speed & alerts if you brush too hard From day 1: Gently whitens your teeth from 1st use by removing surface stains & plaque Two cleaning brushing modes: Daily clean and sensitive Oral-B is the no 1 brand: Used by dentist professionals & approved by the Oral Health Foundation 30 days satisfaction: With a dedicated support line empowering you to purchase for 30 days without commitment Included: One pink toothbrush handle, one 3D white toothbrush head, charger with 2 pin UK plug, li-ion battery up to 2 weeks of charge & one standard travel case; made in Germany to the highest precision","inLanguage":"pt-PT","isPartOf":{"@id":"https:\/\/www.rucashk.com\/pt\/#website"},"breadcrumb":{"@id":"https:\/\/www.rucashk.com\/pt\/produto\/oral-b-pro-2-2500-electric-toothbrush-wholesale\/#breadcrumblist"},"author":{"@id":"https:\/\/www.rucashk.com\/pt\/author\/admin\/#author"},"creator":{"@id":"https:\/\/www.rucashk.com\/pt\/author\/admin\/#author"},"image":{"@type":"ImageObject","url":"https:\/\/www.rucashk.com\/wp-content\/uploads\/2024\/01\/a_\u526f\u672c-2.png","@id":"https:\/\/www.rucashk.com\/pt\/produto\/oral-b-pro-2-2500-electric-toothbrush-wholesale\/#mainImage","width":800,"height":800},"primaryImageOfPage":{"@id":"https:\/\/www.rucashk.com\/pt\/produto\/oral-b-pro-2-2500-electric-toothbrush-wholesale\/#mainImage"},"datePublished":"2024-01-09T16:06:18+00:00","dateModified":"2024-03-13T06:21:56+00:00"},{"@type":"WebSite","@id":"https:\/\/www.rucashk.com\/pt\/#website","url":"https:\/\/www.rucashk.com\/pt\/","name":"Rucas - Wholesale and distribution worldwide","alternateName":"Rucas - One-stop AIoT Distribution Worldwide","description":"One-stop AIoT Distribution Worldwide","inLanguage":"pt-PT","publisher":{"@id":"https:\/\/www.rucashk.com\/pt\/#organization"}}]}},"aioseo_meta_data":{"post_id":"24595","title":null,"description":null,"keywords":null,"keyphrases":null,"primary_term":null,"canonical_url":null,"og_title":null,"og_description":null,"og_object_type":"default","og_image_type":"default","og_image_url":null,"og_image_width":null,"og_image_height":null,"og_image_custom_url":null,"og_image_custom_fields":null,"og_video":null,"og_custom_url":null,"og_article_section":null,"og_article_tags":null,"twitter_use_og":false,"twitter_card":"default","twitter_image_type":"default","twitter_image_url":null,"twitter_image_custom_url":null,"twitter_image_custom_fields":null,"twitter_title":null,"twitter_description":null,"schema":{"blockGraphs":[],"customGraphs":[],"default":{"data":{"Article":[],"Course":[],"Dataset":[],"FAQPage":[],"Movie":[],"Person":[],"Product":[],"Recipe":[],"Service":[],"SoftwareApplication":[],"WebPage":[]},"graphName":"","isEnabled":true},"graphs":[]},"schema_type":"default","schema_type_options":null,"pillar_content":false,"robots_default":true,"robots_noindex":false,"robots_noarchive":false,"robots_nosnippet":false,"robots_nofollow":false,"robots_noimageindex":false,"robots_noodp":false,"robots_notranslate":false,"robots_max_snippet":null,"robots_max_videopreview":null,"robots_max_imagepreview":"large","priority":null,"frequency":null,"local_seo":null,"breadcrumb_settings":null,"limit_modified_date":false,"created":"2024-04-11 01:57:12","updated":"2025-06-22 17:34:09"},"aioseo_breadcrumb":"<div class=\"aioseo-breadcrumbs\"><span class=\"aioseo-breadcrumb\">\n\t<a href=\"https:\/\/www.rucashk.com\/pt\" title=\"Home\">Home<\/a>\n<\/span><span class=\"aioseo-breadcrumb-separator\">&raquo;<\/span><span class=\"aioseo-breadcrumb\">\n\t<a href=\"https:\/\/www.rucashk.com\/pt\/products\/\" title=\"Produtos\">Produtos<\/a>\n<\/span><span class=\"aioseo-breadcrumb-separator\">&raquo;<\/span><span class=\"aioseo-breadcrumb\">\n\t<a href=\"https:\/\/www.rucashk.com\/pt\/categoria-produto\/other-a-brands\/\" title=\"Other A-Brands\">Other A-Brands<\/a>\n<\/span><span class=\"aioseo-breadcrumb-separator\">&raquo;<\/span><span class=\"aioseo-breadcrumb\">\n\tOral-B\u00a0Pro 2 2500 Electric Toothbrush Wholesale\n<\/span><\/div>","aioseo_breadcrumb_json":[{"label":"Home","link":"https:\/\/www.rucashk.com\/pt"},{"label":"Produtos","link":"https:\/\/www.rucashk.com\/pt\/products\/"},{"label":"Other A-Brands","link":"https:\/\/www.rucashk.com\/pt\/categoria-produto\/other-a-brands\/"},{"label":"Oral-B\u00a0Pro 2 2500 Electric Toothbrush Wholesale","link":"https:\/\/www.rucashk.com\/pt\/produto\/oral-b-pro-2-2500-electric-toothbrush-wholesale\/"}],"_links":{"self":[{"href":"https:\/\/www.rucashk.com\/pt\/wp-json\/wp\/v2\/product\/24595","targetHints":{"allow":["GET"]}}],"collection":[{"href":"https:\/\/www.rucashk.com\/pt\/wp-json\/wp\/v2\/product"}],"about":[{"href":"https:\/\/www.rucashk.com\/pt\/wp-json\/wp\/v2\/types\/product"}],"wp:featuredmedia":[{"embeddable":true,"href":"https:\/\/www.rucashk.com\/pt\/wp-json\/wp\/v2\/media\/24697"}],"wp:attachment":[{"href":"https:\/\/www.rucashk.com\/pt\/wp-json\/wp\/v2\/media?parent=24595"}],"wp:term":[{"taxonomy":"product_brand","embeddable":true,"href":"https:\/\/www.rucashk.com\/pt\/wp-json\/wp\/v2\/product_brand?post=24595"},{"taxonomy":"product_cat","embeddable":true,"href":"https:\/\/www.rucashk.com\/pt\/wp-json\/wp\/v2\/product_cat?post=24595"},{"taxonomy":"product_tag","embeddable":true,"href":"https:\/\/www.rucashk.com\/pt\/wp-json\/wp\/v2\/product_tag?post=24595"}],"curies":[{"name":"wp","href":"https:\/\/api.w.org\/{rel}","templated":true}]}}