{"id":24573,"date":"2024-01-09T16:05:54","date_gmt":"2024-01-09T16:05:54","guid":{"rendered":"http:\/\/rucashk.com\/?post_type=product&#038;p=24573"},"modified":"2024-03-13T06:25:53","modified_gmt":"2024-03-13T06:25:53","slug":"oral-b-genius-9000-electric-toothbrush-wholesale","status":"publish","type":"product","link":"https:\/\/www.rucashk.com\/pt\/produto\/oral-b-genius-9000-electric-toothbrush-wholesale\/","title":{"rendered":"Escova de dentes el\u00e9trica Oral-B Genius 9000 no atacado"},"content":{"rendered":"<p><img fetchpriority=\"high\" decoding=\"async\" class=\"alignnone aligncenter\" src=\"\/wp-content\/uploads\/replace\/8a3cf356455b90aa3236180ed57f41e9.jpeg\" alt=\"Oral-B\u00a0Genius 9000 Electric Toothbrush Wholesale\" width=\"1464\" height=\"600\" \/><img decoding=\"async\" class=\"alignnone aligncenter\" src=\"\/wp-content\/uploads\/replace\/ec289be1f66fdb565c6c0e3c0ccfad09.jpeg\" alt=\"Oral-B\u00a0Genius 9000 Electric Toothbrush Wholesale\" width=\"1464\" height=\"600\" \/><img decoding=\"async\" class=\"alignnone wp-image-21232 size-full aligncenter\" src=\"\/wp-content\/uploads\/replace\/30dee18f7a2f492a6c88530a02693112.png\" alt=\"Oral-B\u00a0Genius 9000 Electric Toothbrush Wholesale\" width=\"1372\" height=\"603\" \/><img loading=\"lazy\" decoding=\"async\" class=\"alignnone wp-image-21233 aligncenter\" src=\"\/wp-content\/uploads\/replace\/718e2b2da7fc95d777d22c5e2a633ed9.png\" alt=\"Oral-B\u00a0Genius 9000 Electric Toothbrush Wholesale\" width=\"1372\" height=\"602\" \/><img loading=\"lazy\" decoding=\"async\" class=\"alignnone wp-image-21234 aligncenter\" src=\"\/wp-content\/uploads\/replace\/a9722ab09194d630690002dc69249ba9.png\" alt=\"Oral-B\u00a0Genius 9000 Electric Toothbrush Wholesale\" width=\"1372\" height=\"602\" \/><img loading=\"lazy\" decoding=\"async\" class=\"alignnone wp-image-21235 aligncenter\" src=\"\/wp-content\/uploads\/replace\/0577dbc5f61596e0938c1fbc985d421a.png\" alt=\"Oral-B\u00a0Genius 9000 Electric Toothbrush Wholesale\" width=\"1372\" height=\"604\" \/><img loading=\"lazy\" decoding=\"async\" class=\"alignnone aligncenter\" src=\"\/wp-content\/uploads\/replace\/1b3c2f2a03a055656d5e26d1075cce23.jpeg\" alt=\"Oral-B\u00a0Genius 9000 Electric Toothbrush Wholesale\" width=\"1464\" height=\"600\" \/><\/p>","protected":false},"excerpt":{"rendered":"<ul class=\"a-unordered-list a-vertical a-spacing-mini\" style=\"margin: 0px 0px 0px 18px;padding: 0px;color: #111111;text-transform: none;text-indent: 0px;letter-spacing: normal;font-family: 'Amazon Ember', Arial, sans-serif;font-size: 13px;font-style: normal;font-weight: 400;background-color: #ffffff\">\n<li><span class=\"a-list-item\">Da marca n\u00ba 1 recomendada por dentistas em todo o mundo<\/span><\/li>\n<li><span class=\"a-list-item\">Remove at\u00e9 100% mais placa bacteriana em compara\u00e7\u00e3o com uma escova de dentes manual para dentes mais limpos e gengivas mais saud\u00e1veis<\/span><\/li>\n<li><span class=\"a-list-item\">100 por cento de cobertura de escova\u00e7\u00e3o: com tecnologia de detec\u00e7\u00e3o de posi\u00e7\u00e3o para que voc\u00ea nunca perca uma zona<\/span><\/li>\n<li><span class=\"a-list-item\">Com sensor de press\u00e3o gengival: alerta quando voc\u00ea escova com muita for\u00e7a para proteger suas gengivas<\/span><\/li>\n<li><span class=\"a-list-item\">Escolha entre 6 modos de escova\u00e7\u00e3o, incluindo: limpeza profunda, sens\u00edvel, clareamento<\/span><\/li>\n<li><span class=\"a-list-item\">Bateria com dura\u00e7\u00e3o de duas semanas com uma carga<\/span><\/li>\n<li><span class=\"a-list-item\">Inclui: Uma al\u00e7a preta meia-noite, quatro cabe\u00e7as de escova, bateria de \u00edon de l\u00edtio, estojo de viagem para carregamento USB, suporte para smartphone<\/span><\/li>\n<li><span class=\"a-list-item\">Com a garantia de devolu\u00e7\u00e3o do dinheiro de trinta dias da Oral-B e dois anos de garantia como padr\u00e3o<\/span><\/li>\n<\/ul>","protected":false},"featured_media":24694,"template":"","meta":[],"product_brand":[],"product_cat":[1322],"product_tag":[1111],"class_list":{"0":"post-24573","1":"product","2":"type-product","3":"status-publish","4":"has-post-thumbnail","6":"product_cat-other-a-brands","7":"product_tag-oral-b-genius-9000-electric-toothbrush","9":"first","10":"instock","11":"shipping-taxable","12":"product-type-external"},"aioseo_notices":[],"aioseo_head":"\n\t\t<!-- All in One SEO Pro 4.5.9.2 - aioseo.com -->\n\t\t<meta name=\"description\" content=\"From the No.1 dentists recommended brand worldwide Removes up to 100 Percent more plaque vs a manual toothbrush for cleaner teeth and healthier gums 100 Percent brushing coverage: With position detection technology so you never miss a zone With gum pressure sensor: Alerts you when you are brushing too hard to protect your gums Choose from 6 brushing modes including: deep clean, sensitive, whitening Two weeks battery life from one charge Includes: One midnight black handle, four brush heads, lithium ion battery, USB charging travel case, smartphone holder With Oral-B\u2019s thirty-day money back guarantee and two year warranty as standard\" \/>\n\t\t<meta name=\"robots\" content=\"max-image-preview:large\" \/>\n\t\t<link rel=\"canonical\" href=\"https:\/\/www.rucashk.com\/pt\/produto\/oral-b-genius-9000-electric-toothbrush-wholesale\/\" \/>\n\t\t<meta name=\"generator\" content=\"All in One SEO Pro (AIOSEO) 4.5.9.2\" \/>\n\t\t<meta property=\"og:locale\" content=\"pt_PT\" \/>\n\t\t<meta property=\"og:site_name\" content=\"Rucas - One-stop AIoT Distribution Worldwide\" \/>\n\t\t<meta property=\"og:type\" content=\"article\" \/>\n\t\t<meta property=\"og:title\" content=\"Oral-B Genius 9000 Electric Toothbrush Wholesale - Rucas - Wholesale and Distribution\" \/>\n\t\t<meta property=\"og:description\" content=\"From the No.1 dentists recommended brand worldwide Removes up to 100 Percent more plaque vs a manual toothbrush for cleaner teeth and healthier gums 100 Percent brushing coverage: With position detection technology so you never miss a zone With gum pressure sensor: Alerts you when you are brushing too hard to protect your gums Choose from 6 brushing modes including: deep clean, sensitive, whitening Two weeks battery life from one charge Includes: One midnight black handle, four brush heads, lithium ion battery, USB charging travel case, smartphone holder With Oral-B\u2019s thirty-day money back guarantee and two year warranty as standard\" \/>\n\t\t<meta property=\"og:url\" content=\"https:\/\/www.rucashk.com\/pt\/produto\/oral-b-genius-9000-electric-toothbrush-wholesale\/\" \/>\n\t\t<meta property=\"og:image\" content=\"https:\/\/www.rucashk.com\/wp-content\/uploads\/replace\/503b8e645f128a97ccde2b6290747646.jpeg\" \/>\n\t\t<meta property=\"og:image:secure_url\" content=\"https:\/\/www.rucashk.com\/wp-content\/uploads\/replace\/503b8e645f128a97ccde2b6290747646.jpeg\" \/>\n\t\t<meta property=\"og:image:width\" content=\"1456\" \/>\n\t\t<meta property=\"og:image:height\" content=\"816\" \/>\n\t\t<meta property=\"article:published_time\" content=\"2024-01-09T16:05:54+00:00\" \/>\n\t\t<meta property=\"article:modified_time\" content=\"2024-03-13T06:25:53+00:00\" \/>\n\t\t<meta name=\"twitter:card\" content=\"summary_large_image\" \/>\n\t\t<meta name=\"twitter:title\" content=\"Oral-B Genius 9000 Electric Toothbrush Wholesale - Rucas - Wholesale and Distribution\" \/>\n\t\t<meta name=\"twitter:description\" content=\"From the No.1 dentists recommended brand worldwide Removes up to 100 Percent more plaque vs a manual toothbrush for cleaner teeth and healthier gums 100 Percent brushing coverage: With position detection technology so you never miss a zone With gum pressure sensor: Alerts you when you are brushing too hard to protect your gums Choose from 6 brushing modes including: deep clean, sensitive, whitening Two weeks battery life from one charge Includes: One midnight black handle, four brush heads, lithium ion battery, USB charging travel case, smartphone holder With Oral-B\u2019s thirty-day money back guarantee and two year warranty as standard\" \/>\n\t\t<meta name=\"twitter:image\" content=\"https:\/\/www.rucashk.com\/wp-content\/uploads\/replace\/503b8e645f128a97ccde2b6290747646.jpeg\" \/>\n\t\t<script type=\"application\/ld+json\" class=\"aioseo-schema\">\n\t\t\t{\"@context\":\"https:\\\/\\\/schema.org\",\"@graph\":[{\"@type\":\"BreadcrumbList\",\"@id\":\"https:\\\/\\\/www.rucashk.com\\\/pt\\\/produto\\\/oral-b-genius-9000-electric-toothbrush-wholesale\\\/#breadcrumblist\",\"itemListElement\":[{\"@type\":\"ListItem\",\"@id\":\"https:\\\/\\\/www.rucashk.com\\\/pt\\\/#listItem\",\"position\":1,\"name\":\"Home\",\"item\":\"https:\\\/\\\/www.rucashk.com\\\/pt\\\/\",\"nextItem\":\"https:\\\/\\\/www.rucashk.com\\\/pt\\\/produto\\\/oral-b-genius-9000-electric-toothbrush-wholesale\\\/#listItem\"},{\"@type\":\"ListItem\",\"@id\":\"https:\\\/\\\/www.rucashk.com\\\/pt\\\/produto\\\/oral-b-genius-9000-electric-toothbrush-wholesale\\\/#listItem\",\"position\":2,\"name\":\"Oral-B\\u00a0Genius 9000 Electric Toothbrush Wholesale\",\"previousItem\":\"https:\\\/\\\/www.rucashk.com\\\/pt\\\/#listItem\"}]},{\"@type\":\"Organization\",\"@id\":\"https:\\\/\\\/www.rucashk.com\\\/pt\\\/#organization\",\"name\":\"Rucas\",\"url\":\"https:\\\/\\\/www.rucashk.com\\\/pt\\\/\",\"logo\":{\"@type\":\"ImageObject\",\"url\":\"https:\\\/\\\/www.rucashk.com\\\/wp-content\\\/uploads\\\/2023\\\/12\\\/Rucas_campany_logo.png\",\"@id\":\"https:\\\/\\\/www.rucashk.com\\\/pt\\\/produto\\\/oral-b-genius-9000-electric-toothbrush-wholesale\\\/#organizationLogo\",\"width\":221,\"height\":65},\"image\":{\"@id\":\"https:\\\/\\\/www.rucashk.com\\\/pt\\\/#organizationLogo\"}},{\"@type\":\"Person\",\"@id\":\"https:\\\/\\\/www.rucashk.com\\\/pt\\\/author\\\/admin\\\/#author\",\"url\":\"https:\\\/\\\/www.rucashk.com\\\/pt\\\/author\\\/admin\\\/\",\"name\":\"admin\",\"image\":{\"@type\":\"ImageObject\",\"@id\":\"https:\\\/\\\/www.rucashk.com\\\/pt\\\/produto\\\/oral-b-genius-9000-electric-toothbrush-wholesale\\\/#authorImage\",\"url\":\"https:\\\/\\\/secure.gravatar.com\\\/avatar\\\/b7c8925b09a27e72b30232f8ecaadbd5af0f70a38c78096863fe51b64f031c24?s=96&d=mm&r=g\",\"width\":96,\"height\":96,\"caption\":\"admin\"}},{\"@type\":\"WebPage\",\"@id\":\"https:\\\/\\\/www.rucashk.com\\\/pt\\\/produto\\\/oral-b-genius-9000-electric-toothbrush-wholesale\\\/#webpage\",\"url\":\"https:\\\/\\\/www.rucashk.com\\\/pt\\\/produto\\\/oral-b-genius-9000-electric-toothbrush-wholesale\\\/\",\"name\":\"Oral-B Genius 9000 Electric Toothbrush Wholesale - Rucas - Wholesale and Distribution\",\"description\":\"From the No.1 dentists recommended brand worldwide Removes up to 100 Percent more plaque vs a manual toothbrush for cleaner teeth and healthier gums 100 Percent brushing coverage: With position detection technology so you never miss a zone With gum pressure sensor: Alerts you when you are brushing too hard to protect your gums Choose from 6 brushing modes including: deep clean, sensitive, whitening Two weeks battery life from one charge Includes: One midnight black handle, four brush heads, lithium ion battery, USB charging travel case, smartphone holder With Oral-B\\u2019s thirty-day money back guarantee and two year warranty as standard\",\"inLanguage\":\"pt-PT\",\"isPartOf\":{\"@id\":\"https:\\\/\\\/www.rucashk.com\\\/pt\\\/#website\"},\"breadcrumb\":{\"@id\":\"https:\\\/\\\/www.rucashk.com\\\/pt\\\/produto\\\/oral-b-genius-9000-electric-toothbrush-wholesale\\\/#breadcrumblist\"},\"author\":{\"@id\":\"https:\\\/\\\/www.rucashk.com\\\/pt\\\/author\\\/admin\\\/#author\"},\"creator\":{\"@id\":\"https:\\\/\\\/www.rucashk.com\\\/pt\\\/author\\\/admin\\\/#author\"},\"image\":{\"@type\":\"ImageObject\",\"url\":\"https:\\\/\\\/www.rucashk.com\\\/wp-content\\\/uploads\\\/2024\\\/01\\\/1_\\u526f\\u672c-28.png\",\"@id\":\"https:\\\/\\\/www.rucashk.com\\\/pt\\\/produto\\\/oral-b-genius-9000-electric-toothbrush-wholesale\\\/#mainImage\",\"width\":800,\"height\":800},\"primaryImageOfPage\":{\"@id\":\"https:\\\/\\\/www.rucashk.com\\\/pt\\\/produto\\\/oral-b-genius-9000-electric-toothbrush-wholesale\\\/#mainImage\"},\"datePublished\":\"2024-01-09T16:05:54+00:00\",\"dateModified\":\"2024-03-13T06:25:53+00:00\"},{\"@type\":\"WebSite\",\"@id\":\"https:\\\/\\\/www.rucashk.com\\\/pt\\\/#website\",\"url\":\"https:\\\/\\\/www.rucashk.com\\\/pt\\\/\",\"name\":\"Rucas - Wholesale and distribution worldwide\",\"alternateName\":\"Rucas - One-stop AIoT Distribution Worldwide\",\"description\":\"One-stop AIoT Distribution Worldwide\",\"inLanguage\":\"pt-PT\",\"publisher\":{\"@id\":\"https:\\\/\\\/www.rucashk.com\\\/pt\\\/#organization\"}}]}\n\t\t<\/script>\n\t\t<!-- All in One SEO Pro -->\r\n\t\t<title>Oral-B Genius 9000 Electric Toothbrush Wholesale - Rucas - Wholesale and Distribution<\/title>\n\n","aioseo_head_json":{"title":"Oral-B Genius 9000 Electric Toothbrush Wholesale - Rucas - Wholesale and Distribution","description":"From the No.1 dentists recommended brand worldwide Removes up to 100 Percent more plaque vs a manual toothbrush for cleaner teeth and healthier gums 100 Percent brushing coverage: With position detection technology so you never miss a zone With gum pressure sensor: Alerts you when you are brushing too hard to protect your gums Choose from 6 brushing modes including: deep clean, sensitive, whitening Two weeks battery life from one charge Includes: One midnight black handle, four brush heads, lithium ion battery, USB charging travel case, smartphone holder With Oral-B\u2019s thirty-day money back guarantee and two year warranty as standard","canonical_url":"https:\/\/www.rucashk.com\/pt\/produto\/oral-b-genius-9000-electric-toothbrush-wholesale\/","robots":"max-image-preview:large","keywords":"","webmasterTools":{"miscellaneous":""},"og:locale":"pt_PT","og:site_name":"Rucas - One-stop AIoT Distribution Worldwide","og:type":"article","og:title":"Oral-B Genius 9000 Electric Toothbrush Wholesale - Rucas - Wholesale and Distribution","og:description":"From the No.1 dentists recommended brand worldwide Removes up to 100 Percent more plaque vs a manual toothbrush for cleaner teeth and healthier gums 100 Percent brushing coverage: With position detection technology so you never miss a zone With gum pressure sensor: Alerts you when you are brushing too hard to protect your gums Choose from 6 brushing modes including: deep clean, sensitive, whitening Two weeks battery life from one charge Includes: One midnight black handle, four brush heads, lithium ion battery, USB charging travel case, smartphone holder With Oral-B\u2019s thirty-day money back guarantee and two year warranty as standard","og:url":"https:\/\/www.rucashk.com\/pt\/produto\/oral-b-genius-9000-electric-toothbrush-wholesale\/","og:image":"https:\/\/www.rucashk.com\/wp-content\/uploads\/replace\/503b8e645f128a97ccde2b6290747646.jpeg","og:image:secure_url":"https:\/\/www.rucashk.com\/wp-content\/uploads\/replace\/503b8e645f128a97ccde2b6290747646.jpeg","og:image:width":1456,"og:image:height":816,"article:published_time":"2024-01-09T16:05:54+00:00","article:modified_time":"2024-03-13T06:25:53+00:00","twitter:card":"summary_large_image","twitter:title":"Oral-B Genius 9000 Electric Toothbrush Wholesale - Rucas - Wholesale and Distribution","twitter:description":"From the No.1 dentists recommended brand worldwide Removes up to 100 Percent more plaque vs a manual toothbrush for cleaner teeth and healthier gums 100 Percent brushing coverage: With position detection technology so you never miss a zone With gum pressure sensor: Alerts you when you are brushing too hard to protect your gums Choose from 6 brushing modes including: deep clean, sensitive, whitening Two weeks battery life from one charge Includes: One midnight black handle, four brush heads, lithium ion battery, USB charging travel case, smartphone holder With Oral-B\u2019s thirty-day money back guarantee and two year warranty as standard","twitter:image":"https:\/\/www.rucashk.com\/wp-content\/uploads\/replace\/503b8e645f128a97ccde2b6290747646.jpeg","schema":{"@context":"https:\/\/schema.org","@graph":[{"@type":"BreadcrumbList","@id":"https:\/\/www.rucashk.com\/pt\/produto\/oral-b-genius-9000-electric-toothbrush-wholesale\/#breadcrumblist","itemListElement":[{"@type":"ListItem","@id":"https:\/\/www.rucashk.com\/pt\/#listItem","position":1,"name":"Home","item":"https:\/\/www.rucashk.com\/pt\/","nextItem":"https:\/\/www.rucashk.com\/pt\/produto\/oral-b-genius-9000-electric-toothbrush-wholesale\/#listItem"},{"@type":"ListItem","@id":"https:\/\/www.rucashk.com\/pt\/produto\/oral-b-genius-9000-electric-toothbrush-wholesale\/#listItem","position":2,"name":"Oral-B\u00a0Genius 9000 Electric Toothbrush Wholesale","previousItem":"https:\/\/www.rucashk.com\/pt\/#listItem"}]},{"@type":"Organization","@id":"https:\/\/www.rucashk.com\/pt\/#organization","name":"Rucas","url":"https:\/\/www.rucashk.com\/pt\/","logo":{"@type":"ImageObject","url":"https:\/\/www.rucashk.com\/wp-content\/uploads\/2023\/12\/Rucas_campany_logo.png","@id":"https:\/\/www.rucashk.com\/pt\/produto\/oral-b-genius-9000-electric-toothbrush-wholesale\/#organizationLogo","width":221,"height":65},"image":{"@id":"https:\/\/www.rucashk.com\/pt\/#organizationLogo"}},{"@type":"Person","@id":"https:\/\/www.rucashk.com\/pt\/author\/admin\/#author","url":"https:\/\/www.rucashk.com\/pt\/author\/admin\/","name":"admin","image":{"@type":"ImageObject","@id":"https:\/\/www.rucashk.com\/pt\/produto\/oral-b-genius-9000-electric-toothbrush-wholesale\/#authorImage","url":"https:\/\/secure.gravatar.com\/avatar\/b7c8925b09a27e72b30232f8ecaadbd5af0f70a38c78096863fe51b64f031c24?s=96&d=mm&r=g","width":96,"height":96,"caption":"admin"}},{"@type":"WebPage","@id":"https:\/\/www.rucashk.com\/pt\/produto\/oral-b-genius-9000-electric-toothbrush-wholesale\/#webpage","url":"https:\/\/www.rucashk.com\/pt\/produto\/oral-b-genius-9000-electric-toothbrush-wholesale\/","name":"Oral-B Genius 9000 Electric Toothbrush Wholesale - Rucas - Wholesale and Distribution","description":"From the No.1 dentists recommended brand worldwide Removes up to 100 Percent more plaque vs a manual toothbrush for cleaner teeth and healthier gums 100 Percent brushing coverage: With position detection technology so you never miss a zone With gum pressure sensor: Alerts you when you are brushing too hard to protect your gums Choose from 6 brushing modes including: deep clean, sensitive, whitening Two weeks battery life from one charge Includes: One midnight black handle, four brush heads, lithium ion battery, USB charging travel case, smartphone holder With Oral-B\u2019s thirty-day money back guarantee and two year warranty as standard","inLanguage":"pt-PT","isPartOf":{"@id":"https:\/\/www.rucashk.com\/pt\/#website"},"breadcrumb":{"@id":"https:\/\/www.rucashk.com\/pt\/produto\/oral-b-genius-9000-electric-toothbrush-wholesale\/#breadcrumblist"},"author":{"@id":"https:\/\/www.rucashk.com\/pt\/author\/admin\/#author"},"creator":{"@id":"https:\/\/www.rucashk.com\/pt\/author\/admin\/#author"},"image":{"@type":"ImageObject","url":"https:\/\/www.rucashk.com\/wp-content\/uploads\/2024\/01\/1_\u526f\u672c-28.png","@id":"https:\/\/www.rucashk.com\/pt\/produto\/oral-b-genius-9000-electric-toothbrush-wholesale\/#mainImage","width":800,"height":800},"primaryImageOfPage":{"@id":"https:\/\/www.rucashk.com\/pt\/produto\/oral-b-genius-9000-electric-toothbrush-wholesale\/#mainImage"},"datePublished":"2024-01-09T16:05:54+00:00","dateModified":"2024-03-13T06:25:53+00:00"},{"@type":"WebSite","@id":"https:\/\/www.rucashk.com\/pt\/#website","url":"https:\/\/www.rucashk.com\/pt\/","name":"Rucas - Wholesale and distribution worldwide","alternateName":"Rucas - One-stop AIoT Distribution Worldwide","description":"One-stop AIoT Distribution Worldwide","inLanguage":"pt-PT","publisher":{"@id":"https:\/\/www.rucashk.com\/pt\/#organization"}}]}},"aioseo_meta_data":{"post_id":"24573","title":null,"description":null,"keywords":null,"keyphrases":null,"primary_term":null,"canonical_url":null,"og_title":null,"og_description":null,"og_object_type":"default","og_image_type":"default","og_image_url":null,"og_image_width":null,"og_image_height":null,"og_image_custom_url":null,"og_image_custom_fields":null,"og_video":null,"og_custom_url":null,"og_article_section":null,"og_article_tags":null,"twitter_use_og":false,"twitter_card":"default","twitter_image_type":"default","twitter_image_url":null,"twitter_image_custom_url":null,"twitter_image_custom_fields":null,"twitter_title":null,"twitter_description":null,"schema":{"blockGraphs":[],"customGraphs":[],"default":{"data":{"Article":[],"Course":[],"Dataset":[],"FAQPage":[],"Movie":[],"Person":[],"Product":[],"Recipe":[],"Service":[],"SoftwareApplication":[],"WebPage":[]},"graphName":"","isEnabled":true},"graphs":[]},"schema_type":"default","schema_type_options":null,"pillar_content":false,"robots_default":true,"robots_noindex":false,"robots_noarchive":false,"robots_nosnippet":false,"robots_nofollow":false,"robots_noimageindex":false,"robots_noodp":false,"robots_notranslate":false,"robots_max_snippet":null,"robots_max_videopreview":null,"robots_max_imagepreview":"large","priority":null,"frequency":null,"local_seo":null,"breadcrumb_settings":null,"limit_modified_date":false,"created":"2024-04-11 01:57:12","updated":"2025-06-22 17:34:09"},"aioseo_breadcrumb":"<div class=\"aioseo-breadcrumbs\"><span class=\"aioseo-breadcrumb\">\n\t<a href=\"https:\/\/www.rucashk.com\/pt\" title=\"Home\">Home<\/a>\n<\/span><span class=\"aioseo-breadcrumb-separator\">&raquo;<\/span><span class=\"aioseo-breadcrumb\">\n\t<a href=\"https:\/\/www.rucashk.com\/pt\/products\/\" title=\"Produtos\">Produtos<\/a>\n<\/span><span class=\"aioseo-breadcrumb-separator\">&raquo;<\/span><span class=\"aioseo-breadcrumb\">\n\t<a href=\"https:\/\/www.rucashk.com\/pt\/categoria-produto\/other-a-brands\/\" title=\"Other A-Brands\">Other A-Brands<\/a>\n<\/span><span class=\"aioseo-breadcrumb-separator\">&raquo;<\/span><span class=\"aioseo-breadcrumb\">\n\tOral-B\u00a0Genius 9000 Electric Toothbrush Wholesale\n<\/span><\/div>","aioseo_breadcrumb_json":[{"label":"Home","link":"https:\/\/www.rucashk.com\/pt"},{"label":"Produtos","link":"https:\/\/www.rucashk.com\/pt\/products\/"},{"label":"Other A-Brands","link":"https:\/\/www.rucashk.com\/pt\/categoria-produto\/other-a-brands\/"},{"label":"Oral-B\u00a0Genius 9000 Electric Toothbrush Wholesale","link":"https:\/\/www.rucashk.com\/pt\/produto\/oral-b-genius-9000-electric-toothbrush-wholesale\/"}],"_links":{"self":[{"href":"https:\/\/www.rucashk.com\/pt\/wp-json\/wp\/v2\/product\/24573","targetHints":{"allow":["GET"]}}],"collection":[{"href":"https:\/\/www.rucashk.com\/pt\/wp-json\/wp\/v2\/product"}],"about":[{"href":"https:\/\/www.rucashk.com\/pt\/wp-json\/wp\/v2\/types\/product"}],"wp:featuredmedia":[{"embeddable":true,"href":"https:\/\/www.rucashk.com\/pt\/wp-json\/wp\/v2\/media\/24694"}],"wp:attachment":[{"href":"https:\/\/www.rucashk.com\/pt\/wp-json\/wp\/v2\/media?parent=24573"}],"wp:term":[{"taxonomy":"product_brand","embeddable":true,"href":"https:\/\/www.rucashk.com\/pt\/wp-json\/wp\/v2\/product_brand?post=24573"},{"taxonomy":"product_cat","embeddable":true,"href":"https:\/\/www.rucashk.com\/pt\/wp-json\/wp\/v2\/product_cat?post=24573"},{"taxonomy":"product_tag","embeddable":true,"href":"https:\/\/www.rucashk.com\/pt\/wp-json\/wp\/v2\/product_tag?post=24573"}],"curies":[{"name":"wp","href":"https:\/\/api.w.org\/{rel}","templated":true}]}}