{"id":24545,"date":"2024-01-09T16:05:31","date_gmt":"2024-01-09T16:05:31","guid":{"rendered":"http:\/\/rucashk.com\/?post_type=product&#038;p=24545"},"modified":"2025-06-22T07:44:54","modified_gmt":"2025-06-22T07:44:54","slug":"mitu-rabbit-track-building-block-electric-train-set-cn-wholesale","status":"publish","type":"product","link":"https:\/\/www.rucashk.com\/pt\/produto\/mitu-rabbit-track-building-block-electric-train-set-cn-wholesale\/","title":{"rendered":"Bloco de constru\u00e7\u00e3o de pista de coelho MITU\/conjunto de trem el\u00e9trico CN atacado"},"content":{"rendered":"<h2 style=\"text-align: center\">Conjunto de bloco de constru\u00e7\u00e3o\/trem el\u00e9trico MITU Rabbit Track CN<\/h2>\n<p style=\"text-align: center\"><img fetchpriority=\"high\" decoding=\"async\" class=\"product_lazy aligncenter\" src=\"\/wp-content\/uploads\/replace\/0a63d8edebb946695f69b613e4330657.jpeg\" alt=\"Xiaomi Mitu Track Building Block Electric Train Set\" width=\"1000\" height=\"539\" data-original=\"\/\/img.gkbcdn.com\/s3\/d\/201804\/e3a8b56b-1d3c-4d5e-97ed-41fdd8a4e4ad.jpg\" \/><img decoding=\"async\" class=\"product_lazy aligncenter\" src=\"\/wp-content\/uploads\/replace\/a7cc39a3b55c950ba1aff0d3f52a5f19.jpeg\" alt=\"Xiaomi Mitu Track Building Block Electric Train Set\" width=\"1000\" height=\"614\" data-original=\"\/\/img.gkbcdn.com\/s3\/d\/201804\/24c9a318-fecb-433b-8fec-5cd8176e168c.jpg\" \/><\/p>\n<h2 style=\"text-align: center\">Especifica\u00e7\u00e3o<\/h2>\n<table class=\"jbEidtTable aligncenter\" border=\"1\" cellspacing=\"0\" cellpadding=\"5\">\n<tbody>\n<tr>\n<td><strong>Em geral<\/strong><\/td>\n<td>Marca:Xiaomi Mitu<br \/>\nTipo: Bloco<br \/>\nModelo do produto:MTWJ02MT<br \/>\nProte\u00e7\u00e3o ambiental do material do produto: ABS + faia de importa\u00e7\u00e3o europeia<br \/>\nUso de especifica\u00e7\u00f5es da bateria: 1 se\u00e7\u00e3o de bateria n\u00e3o recarreg\u00e1vel de 1,5 V AA (n\u00ba 5)<br \/>\nPeso l\u00edquido do produto 3,5 kg<br \/>\nO n\u00famero de pe\u00e7as 63 pe\u00e7as<br \/>\nImplementa\u00e7\u00e3o da norma GB 6675.1-2014<br \/>\nGB 6675.2-2014<br \/>\nGB 6675.3-2014<br \/>\nGB 6675.4-2014<br \/>\nGB 19865-2005<br \/>\nAdequado para maiores de 3 anos<br \/>\nPeso do produto: 3,5 kg<br \/>\nTamanho da embalagem: 422 x 303 x 238 mm (caixa pp)<\/td>\n<\/tr>\n<tr>\n<td><strong>conte\u00fado do pacote<\/strong><\/td>\n<td>1 x conjuntos de blocos<br \/>\n1 x Manual do Usu\u00e1rio<\/td>\n<\/tr>\n<\/tbody>\n<\/table>","protected":false},"excerpt":{"rendered":"<p><strong>Seguro e dur\u00e1vel<\/strong><\/p>\n<p>Cada canto e borda s\u00e3o polidos para garantir total seguran\u00e7a para as crian\u00e7as.<\/p>\n<p><strong>Explore a criatividade infinita da crian\u00e7a<\/strong><\/p>\n<p>Build children&#8217;s color recognition, manual, spatial imagination and logic understanding skills.<\/p>\n<p><strong>Flip ilimitado, aproveite seu tempo<\/strong><\/p>\n<p>The Mitu Track building block is compact and delicate.You can&#8217;t help having fun with it. It will help you get rid of stress and anxiety.<\/p>","protected":false},"featured_media":24672,"template":"","meta":[],"product_brand":[1363],"product_cat":[1318,1305],"product_tag":[1105],"class_list":{"0":"post-24545","1":"product","2":"type-product","3":"status-publish","4":"has-post-thumbnail","6":"product_brand-xiaomi","7":"product_cat-gadgets","8":"product_cat-xiaomi-eco","9":"product_tag-mitu-rabbit-track-building-block-electric-train-set-cn","11":"first","12":"instock","13":"shipping-taxable","14":"product-type-external"},"aioseo_notices":[],"aioseo_head":"\n\t\t<!-- All in One SEO Pro 4.5.9.2 - aioseo.com -->\n\t\t<meta name=\"description\" content=\"Safe and Durable Every corner and edge is polished to make sure totally safe for kids. Explore Child\u2019s Endless Creativity Build children&#039;s color recognition, manual, spatial imagination and logic understanding skills. Unlimited Flip, Enjoy Your Time The Mitu Track building block is compact and delicate.You can&#039;t help having fun with it. It will help you get rid of stress and anxiety.\" \/>\n\t\t<meta name=\"robots\" content=\"max-image-preview:large\" \/>\n\t\t<link rel=\"canonical\" href=\"https:\/\/www.rucashk.com\/pt\/produto\/mitu-rabbit-track-building-block-electric-train-set-cn-wholesale\/\" \/>\n\t\t<meta name=\"generator\" content=\"All in One SEO Pro (AIOSEO) 4.5.9.2\" \/>\n\t\t<meta property=\"og:locale\" content=\"pt_PT\" \/>\n\t\t<meta property=\"og:site_name\" content=\"Rucas - One-stop AIoT Distribution Worldwide\" \/>\n\t\t<meta property=\"og:type\" content=\"article\" \/>\n\t\t<meta property=\"og:title\" content=\"MITU Rabbit Track Building Block\/Electric Train Set CN Wholesale - Rucas - Wholesale and Distribution\" \/>\n\t\t<meta property=\"og:description\" content=\"Safe and Durable Every corner and edge is polished to make sure totally safe for kids. Explore Child\u2019s Endless Creativity Build children&#039;s color recognition, manual, spatial imagination and logic understanding skills. Unlimited Flip, Enjoy Your Time The Mitu Track building block is compact and delicate.You can&#039;t help having fun with it. It will help you get rid of stress and anxiety.\" \/>\n\t\t<meta property=\"og:url\" content=\"https:\/\/www.rucashk.com\/pt\/produto\/mitu-rabbit-track-building-block-electric-train-set-cn-wholesale\/\" \/>\n\t\t<meta property=\"og:image\" content=\"https:\/\/www.rucashk.com\/wp-content\/uploads\/replace\/503b8e645f128a97ccde2b6290747646.jpeg\" \/>\n\t\t<meta property=\"og:image:secure_url\" content=\"https:\/\/www.rucashk.com\/wp-content\/uploads\/replace\/503b8e645f128a97ccde2b6290747646.jpeg\" \/>\n\t\t<meta property=\"og:image:width\" content=\"1456\" \/>\n\t\t<meta property=\"og:image:height\" content=\"816\" \/>\n\t\t<meta property=\"article:published_time\" content=\"2024-01-09T16:05:31+00:00\" \/>\n\t\t<meta property=\"article:modified_time\" content=\"2025-06-22T07:44:54+00:00\" \/>\n\t\t<meta name=\"twitter:card\" content=\"summary_large_image\" \/>\n\t\t<meta name=\"twitter:title\" content=\"MITU Rabbit Track Building Block\/Electric Train Set CN Wholesale - Rucas - Wholesale and Distribution\" \/>\n\t\t<meta name=\"twitter:description\" content=\"Safe and Durable Every corner and edge is polished to make sure totally safe for kids. Explore Child\u2019s Endless Creativity Build children&#039;s color recognition, manual, spatial imagination and logic understanding skills. Unlimited Flip, Enjoy Your Time The Mitu Track building block is compact and delicate.You can&#039;t help having fun with it. It will help you get rid of stress and anxiety.\" \/>\n\t\t<meta name=\"twitter:image\" content=\"https:\/\/www.rucashk.com\/wp-content\/uploads\/replace\/503b8e645f128a97ccde2b6290747646.jpeg\" \/>\n\t\t<script type=\"application\/ld+json\" class=\"aioseo-schema\">\n\t\t\t{\"@context\":\"https:\\\/\\\/schema.org\",\"@graph\":[{\"@type\":\"BreadcrumbList\",\"@id\":\"https:\\\/\\\/www.rucashk.com\\\/pt\\\/produto\\\/mitu-rabbit-track-building-block-electric-train-set-cn-wholesale\\\/#breadcrumblist\",\"itemListElement\":[{\"@type\":\"ListItem\",\"@id\":\"https:\\\/\\\/www.rucashk.com\\\/pt\\\/#listItem\",\"position\":1,\"name\":\"Home\",\"item\":\"https:\\\/\\\/www.rucashk.com\\\/pt\\\/\",\"nextItem\":\"https:\\\/\\\/www.rucashk.com\\\/pt\\\/produto\\\/mitu-rabbit-track-building-block-electric-train-set-cn-wholesale\\\/#listItem\"},{\"@type\":\"ListItem\",\"@id\":\"https:\\\/\\\/www.rucashk.com\\\/pt\\\/produto\\\/mitu-rabbit-track-building-block-electric-train-set-cn-wholesale\\\/#listItem\",\"position\":2,\"name\":\"MITU Rabbit Track Building Block\\\/Electric Train Set CN Wholesale\",\"previousItem\":\"https:\\\/\\\/www.rucashk.com\\\/pt\\\/#listItem\"}]},{\"@type\":\"Organization\",\"@id\":\"https:\\\/\\\/www.rucashk.com\\\/pt\\\/#organization\",\"name\":\"Rucas\",\"url\":\"https:\\\/\\\/www.rucashk.com\\\/pt\\\/\",\"logo\":{\"@type\":\"ImageObject\",\"url\":\"https:\\\/\\\/www.rucashk.com\\\/wp-content\\\/uploads\\\/2023\\\/12\\\/Rucas_campany_logo.png\",\"@id\":\"https:\\\/\\\/www.rucashk.com\\\/pt\\\/produto\\\/mitu-rabbit-track-building-block-electric-train-set-cn-wholesale\\\/#organizationLogo\",\"width\":221,\"height\":65},\"image\":{\"@id\":\"https:\\\/\\\/www.rucashk.com\\\/pt\\\/#organizationLogo\"}},{\"@type\":\"Person\",\"@id\":\"https:\\\/\\\/www.rucashk.com\\\/pt\\\/author\\\/admin\\\/#author\",\"url\":\"https:\\\/\\\/www.rucashk.com\\\/pt\\\/author\\\/admin\\\/\",\"name\":\"admin\",\"image\":{\"@type\":\"ImageObject\",\"@id\":\"https:\\\/\\\/www.rucashk.com\\\/pt\\\/produto\\\/mitu-rabbit-track-building-block-electric-train-set-cn-wholesale\\\/#authorImage\",\"url\":\"https:\\\/\\\/secure.gravatar.com\\\/avatar\\\/b7c8925b09a27e72b30232f8ecaadbd5af0f70a38c78096863fe51b64f031c24?s=96&d=mm&r=g\",\"width\":96,\"height\":96,\"caption\":\"admin\"}},{\"@type\":\"WebPage\",\"@id\":\"https:\\\/\\\/www.rucashk.com\\\/pt\\\/produto\\\/mitu-rabbit-track-building-block-electric-train-set-cn-wholesale\\\/#webpage\",\"url\":\"https:\\\/\\\/www.rucashk.com\\\/pt\\\/produto\\\/mitu-rabbit-track-building-block-electric-train-set-cn-wholesale\\\/\",\"name\":\"MITU Rabbit Track Building Block\\\/Electric Train Set CN Wholesale - Rucas - Wholesale and Distribution\",\"description\":\"Safe and Durable Every corner and edge is polished to make sure totally safe for kids. Explore Child\\u2019s Endless Creativity Build children's color recognition, manual, spatial imagination and logic understanding skills. Unlimited Flip, Enjoy Your Time The Mitu Track building block is compact and delicate.You can't help having fun with it. It will help you get rid of stress and anxiety.\",\"inLanguage\":\"pt-PT\",\"isPartOf\":{\"@id\":\"https:\\\/\\\/www.rucashk.com\\\/pt\\\/#website\"},\"breadcrumb\":{\"@id\":\"https:\\\/\\\/www.rucashk.com\\\/pt\\\/produto\\\/mitu-rabbit-track-building-block-electric-train-set-cn-wholesale\\\/#breadcrumblist\"},\"author\":{\"@id\":\"https:\\\/\\\/www.rucashk.com\\\/pt\\\/author\\\/admin\\\/#author\"},\"creator\":{\"@id\":\"https:\\\/\\\/www.rucashk.com\\\/pt\\\/author\\\/admin\\\/#author\"},\"image\":{\"@type\":\"ImageObject\",\"url\":\"https:\\\/\\\/www.rucashk.com\\\/wp-content\\\/uploads\\\/2024\\\/01\\\/MITU-Rabbit-Track-Building-Block-Electric-Train-Set.jpg\",\"@id\":\"https:\\\/\\\/www.rucashk.com\\\/pt\\\/produto\\\/mitu-rabbit-track-building-block-electric-train-set-cn-wholesale\\\/#mainImage\",\"width\":800,\"height\":800},\"primaryImageOfPage\":{\"@id\":\"https:\\\/\\\/www.rucashk.com\\\/pt\\\/produto\\\/mitu-rabbit-track-building-block-electric-train-set-cn-wholesale\\\/#mainImage\"},\"datePublished\":\"2024-01-09T16:05:31+00:00\",\"dateModified\":\"2025-06-22T07:44:54+00:00\"},{\"@type\":\"WebSite\",\"@id\":\"https:\\\/\\\/www.rucashk.com\\\/pt\\\/#website\",\"url\":\"https:\\\/\\\/www.rucashk.com\\\/pt\\\/\",\"name\":\"Rucas - Wholesale and distribution worldwide\",\"alternateName\":\"Rucas - One-stop AIoT Distribution Worldwide\",\"description\":\"One-stop AIoT Distribution Worldwide\",\"inLanguage\":\"pt-PT\",\"publisher\":{\"@id\":\"https:\\\/\\\/www.rucashk.com\\\/pt\\\/#organization\"}}]}\n\t\t<\/script>\n\t\t<!-- All in One SEO Pro -->\r\n\t\t<title>MITU Rabbit Track Building Block\/Electric Train Set CN Wholesale - Rucas - Wholesale and Distribution<\/title>\n\n","aioseo_head_json":{"title":"MITU Rabbit Track Building Block\/Electric Train Set CN Wholesale - Rucas - Wholesale and Distribution","description":"Safe and Durable Every corner and edge is polished to make sure totally safe for kids. Explore Child\u2019s Endless Creativity Build children's color recognition, manual, spatial imagination and logic understanding skills. Unlimited Flip, Enjoy Your Time The Mitu Track building block is compact and delicate.You can't help having fun with it. It will help you get rid of stress and anxiety.","canonical_url":"https:\/\/www.rucashk.com\/pt\/produto\/mitu-rabbit-track-building-block-electric-train-set-cn-wholesale\/","robots":"max-image-preview:large","keywords":"","webmasterTools":{"miscellaneous":""},"og:locale":"pt_PT","og:site_name":"Rucas - One-stop AIoT Distribution Worldwide","og:type":"article","og:title":"MITU Rabbit Track Building Block\/Electric Train Set CN Wholesale - Rucas - Wholesale and Distribution","og:description":"Safe and Durable Every corner and edge is polished to make sure totally safe for kids. Explore Child\u2019s Endless Creativity Build children's color recognition, manual, spatial imagination and logic understanding skills. Unlimited Flip, Enjoy Your Time The Mitu Track building block is compact and delicate.You can't help having fun with it. It will help you get rid of stress and anxiety.","og:url":"https:\/\/www.rucashk.com\/pt\/produto\/mitu-rabbit-track-building-block-electric-train-set-cn-wholesale\/","og:image":"https:\/\/www.rucashk.com\/wp-content\/uploads\/replace\/503b8e645f128a97ccde2b6290747646.jpeg","og:image:secure_url":"https:\/\/www.rucashk.com\/wp-content\/uploads\/replace\/503b8e645f128a97ccde2b6290747646.jpeg","og:image:width":1456,"og:image:height":816,"article:published_time":"2024-01-09T16:05:31+00:00","article:modified_time":"2025-06-22T07:44:54+00:00","twitter:card":"summary_large_image","twitter:title":"MITU Rabbit Track Building Block\/Electric Train Set CN Wholesale - Rucas - Wholesale and Distribution","twitter:description":"Safe and Durable Every corner and edge is polished to make sure totally safe for kids. Explore Child\u2019s Endless Creativity Build children's color recognition, manual, spatial imagination and logic understanding skills. Unlimited Flip, Enjoy Your Time The Mitu Track building block is compact and delicate.You can't help having fun with it. It will help you get rid of stress and anxiety.","twitter:image":"https:\/\/www.rucashk.com\/wp-content\/uploads\/replace\/503b8e645f128a97ccde2b6290747646.jpeg","schema":{"@context":"https:\/\/schema.org","@graph":[{"@type":"BreadcrumbList","@id":"https:\/\/www.rucashk.com\/pt\/produto\/mitu-rabbit-track-building-block-electric-train-set-cn-wholesale\/#breadcrumblist","itemListElement":[{"@type":"ListItem","@id":"https:\/\/www.rucashk.com\/pt\/#listItem","position":1,"name":"Home","item":"https:\/\/www.rucashk.com\/pt\/","nextItem":"https:\/\/www.rucashk.com\/pt\/produto\/mitu-rabbit-track-building-block-electric-train-set-cn-wholesale\/#listItem"},{"@type":"ListItem","@id":"https:\/\/www.rucashk.com\/pt\/produto\/mitu-rabbit-track-building-block-electric-train-set-cn-wholesale\/#listItem","position":2,"name":"MITU Rabbit Track Building Block\/Electric Train Set CN Wholesale","previousItem":"https:\/\/www.rucashk.com\/pt\/#listItem"}]},{"@type":"Organization","@id":"https:\/\/www.rucashk.com\/pt\/#organization","name":"Rucas","url":"https:\/\/www.rucashk.com\/pt\/","logo":{"@type":"ImageObject","url":"https:\/\/www.rucashk.com\/wp-content\/uploads\/2023\/12\/Rucas_campany_logo.png","@id":"https:\/\/www.rucashk.com\/pt\/produto\/mitu-rabbit-track-building-block-electric-train-set-cn-wholesale\/#organizationLogo","width":221,"height":65},"image":{"@id":"https:\/\/www.rucashk.com\/pt\/#organizationLogo"}},{"@type":"Person","@id":"https:\/\/www.rucashk.com\/pt\/author\/admin\/#author","url":"https:\/\/www.rucashk.com\/pt\/author\/admin\/","name":"admin","image":{"@type":"ImageObject","@id":"https:\/\/www.rucashk.com\/pt\/produto\/mitu-rabbit-track-building-block-electric-train-set-cn-wholesale\/#authorImage","url":"https:\/\/secure.gravatar.com\/avatar\/b7c8925b09a27e72b30232f8ecaadbd5af0f70a38c78096863fe51b64f031c24?s=96&d=mm&r=g","width":96,"height":96,"caption":"admin"}},{"@type":"WebPage","@id":"https:\/\/www.rucashk.com\/pt\/produto\/mitu-rabbit-track-building-block-electric-train-set-cn-wholesale\/#webpage","url":"https:\/\/www.rucashk.com\/pt\/produto\/mitu-rabbit-track-building-block-electric-train-set-cn-wholesale\/","name":"MITU Rabbit Track Building Block\/Electric Train Set CN Wholesale - Rucas - Wholesale and Distribution","description":"Safe and Durable Every corner and edge is polished to make sure totally safe for kids. Explore Child\u2019s Endless Creativity Build children's color recognition, manual, spatial imagination and logic understanding skills. Unlimited Flip, Enjoy Your Time The Mitu Track building block is compact and delicate.You can't help having fun with it. It will help you get rid of stress and anxiety.","inLanguage":"pt-PT","isPartOf":{"@id":"https:\/\/www.rucashk.com\/pt\/#website"},"breadcrumb":{"@id":"https:\/\/www.rucashk.com\/pt\/produto\/mitu-rabbit-track-building-block-electric-train-set-cn-wholesale\/#breadcrumblist"},"author":{"@id":"https:\/\/www.rucashk.com\/pt\/author\/admin\/#author"},"creator":{"@id":"https:\/\/www.rucashk.com\/pt\/author\/admin\/#author"},"image":{"@type":"ImageObject","url":"https:\/\/www.rucashk.com\/wp-content\/uploads\/2024\/01\/MITU-Rabbit-Track-Building-Block-Electric-Train-Set.jpg","@id":"https:\/\/www.rucashk.com\/pt\/produto\/mitu-rabbit-track-building-block-electric-train-set-cn-wholesale\/#mainImage","width":800,"height":800},"primaryImageOfPage":{"@id":"https:\/\/www.rucashk.com\/pt\/produto\/mitu-rabbit-track-building-block-electric-train-set-cn-wholesale\/#mainImage"},"datePublished":"2024-01-09T16:05:31+00:00","dateModified":"2025-06-22T07:44:54+00:00"},{"@type":"WebSite","@id":"https:\/\/www.rucashk.com\/pt\/#website","url":"https:\/\/www.rucashk.com\/pt\/","name":"Rucas - Wholesale and distribution worldwide","alternateName":"Rucas - One-stop AIoT Distribution Worldwide","description":"One-stop AIoT Distribution Worldwide","inLanguage":"pt-PT","publisher":{"@id":"https:\/\/www.rucashk.com\/pt\/#organization"}}]}},"aioseo_meta_data":{"post_id":"24545","title":null,"description":null,"keywords":null,"keyphrases":null,"primary_term":null,"canonical_url":null,"og_title":null,"og_description":null,"og_object_type":"default","og_image_type":"default","og_image_url":null,"og_image_width":null,"og_image_height":null,"og_image_custom_url":null,"og_image_custom_fields":null,"og_video":null,"og_custom_url":null,"og_article_section":null,"og_article_tags":null,"twitter_use_og":false,"twitter_card":"default","twitter_image_type":"default","twitter_image_url":null,"twitter_image_custom_url":null,"twitter_image_custom_fields":null,"twitter_title":null,"twitter_description":null,"schema":{"blockGraphs":[],"customGraphs":[],"default":{"data":{"Article":[],"Course":[],"Dataset":[],"FAQPage":[],"Movie":[],"Person":[],"Product":[],"Recipe":[],"Service":[],"SoftwareApplication":[],"WebPage":[]},"graphName":"","isEnabled":true},"graphs":[]},"schema_type":"default","schema_type_options":null,"pillar_content":false,"robots_default":true,"robots_noindex":false,"robots_noarchive":false,"robots_nosnippet":false,"robots_nofollow":false,"robots_noimageindex":false,"robots_noodp":false,"robots_notranslate":false,"robots_max_snippet":null,"robots_max_videopreview":null,"robots_max_imagepreview":"large","priority":null,"frequency":null,"local_seo":null,"breadcrumb_settings":null,"limit_modified_date":false,"created":"2024-04-11 01:57:12","updated":"2025-06-22 17:34:07"},"aioseo_breadcrumb":"<div class=\"aioseo-breadcrumbs\"><span class=\"aioseo-breadcrumb\">\n\t<a href=\"https:\/\/www.rucashk.com\/pt\" title=\"Home\">Home<\/a>\n<\/span><span class=\"aioseo-breadcrumb-separator\">&raquo;<\/span><span class=\"aioseo-breadcrumb\">\n\t<a href=\"https:\/\/www.rucashk.com\/pt\/products\/\" title=\"Produtos\">Produtos<\/a>\n<\/span><span class=\"aioseo-breadcrumb-separator\">&raquo;<\/span><span class=\"aioseo-breadcrumb\">\n\t<a href=\"https:\/\/www.rucashk.com\/pt\/marca\/xiaomi\/\" title=\"Xiaomi\">Xiaomi<\/a>\n<\/span><span class=\"aioseo-breadcrumb-separator\">&raquo;<\/span><span class=\"aioseo-breadcrumb\">\n\tMITU Rabbit Track Building Block\/Electric Train Set CN Wholesale\n<\/span><\/div>","aioseo_breadcrumb_json":[{"label":"Home","link":"https:\/\/www.rucashk.com\/pt"},{"label":"Produtos","link":"https:\/\/www.rucashk.com\/pt\/products\/"},{"label":"Xiaomi","link":"https:\/\/www.rucashk.com\/pt\/marca\/xiaomi\/"},{"label":"MITU Rabbit Track Building Block\/Electric Train Set CN Wholesale","link":"https:\/\/www.rucashk.com\/pt\/produto\/mitu-rabbit-track-building-block-electric-train-set-cn-wholesale\/"}],"_links":{"self":[{"href":"https:\/\/www.rucashk.com\/pt\/wp-json\/wp\/v2\/product\/24545","targetHints":{"allow":["GET"]}}],"collection":[{"href":"https:\/\/www.rucashk.com\/pt\/wp-json\/wp\/v2\/product"}],"about":[{"href":"https:\/\/www.rucashk.com\/pt\/wp-json\/wp\/v2\/types\/product"}],"wp:featuredmedia":[{"embeddable":true,"href":"https:\/\/www.rucashk.com\/pt\/wp-json\/wp\/v2\/media\/24672"}],"wp:attachment":[{"href":"https:\/\/www.rucashk.com\/pt\/wp-json\/wp\/v2\/media?parent=24545"}],"wp:term":[{"taxonomy":"product_brand","embeddable":true,"href":"https:\/\/www.rucashk.com\/pt\/wp-json\/wp\/v2\/product_brand?post=24545"},{"taxonomy":"product_cat","embeddable":true,"href":"https:\/\/www.rucashk.com\/pt\/wp-json\/wp\/v2\/product_cat?post=24545"},{"taxonomy":"product_tag","embeddable":true,"href":"https:\/\/www.rucashk.com\/pt\/wp-json\/wp\/v2\/product_tag?post=24545"}],"curies":[{"name":"wp","href":"https:\/\/api.w.org\/{rel}","templated":true}]}}