{"id":24503,"date":"2024-01-09T16:05:08","date_gmt":"2024-01-09T16:05:08","guid":{"rendered":"http:\/\/rucashk.com\/?post_type=product&#038;p=24503"},"modified":"2025-06-22T07:44:54","modified_gmt":"2025-06-22T07:44:54","slug":"mi-in-ear-headphone-pro-hd-silver-global-wholesale","status":"publish","type":"product","link":"https:\/\/www.rucashk.com\/pt\/produto\/mi-in-ear-headphone-pro-hd-silver-global-wholesale\/","title":{"rendered":"Fone de ouvido intra-auricular Mi Pro HD prata atacado global"},"content":{"rendered":"<h2 style=\"text-align: center\">Fone de ouvido intra-auricular Mi Pro HD Prata Global<\/h2>\n<div class=\"celwidget aplus-module module-11\" style=\"text-align: center\" data-csa-c-id=\"l1b9jm-iwg2ea-qn6wwy-9el8tv\" data-cel-widget=\"aplus-module-11\">\n<div class=\"a-expander-collapsed-height a-row a-expander-container a-expander-partial-collapse-container\" data-a-expander-name=\"aplus-module-expander\" data-a-expander-collapsed-height=\"360\">\n<div class=\"a-expander-content a-expander-partial-collapse-content\">\n<div class=\"aplus-module-wrapper apm-spacing apm-floatnone\">\n<div class=\"apm-sidemodule aplus-module-content\">\n<div class=\"apm-hero-image\"><img fetchpriority=\"high\" decoding=\"async\" class=\"aligncenter\" src=\"\/wp-content\/uploads\/replace\/103e2718ff3b43b7ca4e5837df159dc9.jpeg\" alt=\"Mi In-Ear Headphone Pro\u00a0HD Silver Global\" width=\"970\" height=\"300\" data-src=\"\/wp-content\/uploads\/replace\/103e2718ff3b43b7ca4e5837df159dc9.jpeg\" \/><\/div>\n<div class=\"apm-heromodule-textright apm-hero-text\">\n<p><span class=\"a-text-bold\"><span class=\"a-text-italic\">Fones de ouvido intra-auriculares Xiaomi Mi Pro HD<\/span><\/span><\/p>\n<p>Toda grande hist\u00f3ria \u00e9 acompanhada por boa m\u00fasica.<\/p>\n<\/div>\n<\/div>\n<\/div>\n<\/div>\n<\/div>\n<\/div>\n<div class=\"celwidget aplus-module module-12\" style=\"text-align: center\" data-csa-c-id=\"59n71j-uutxjk-pv3xkv-8hgeco\" data-cel-widget=\"aplus-module-12\">\n<div class=\"a-expander-collapsed-height a-row a-expander-container a-expander-partial-collapse-container\" data-a-expander-name=\"aplus-module-expander\" data-a-expander-collapsed-height=\"360\">\n<div class=\"a-expander-content a-expander-partial-collapse-content\">\n<div class=\"aplus-module-wrapper apm-spacing apm-floatnone\">\n<div class=\"apm-sidemodule aplus-module-content\">\n<div class=\"apm-hero-image\"><img decoding=\"async\" class=\"aligncenter\" src=\"\/wp-content\/uploads\/replace\/4e73f28dbca8da5a33d2a892d914364c.jpeg\" alt=\"Mi In-Ear Headphone Pro\u00a0HD Silver Global\" width=\"970\" height=\"300\" data-src=\"\/wp-content\/uploads\/replace\/4e73f28dbca8da5a33d2a892d914364c.jpeg\" \/><\/div>\n<\/div>\n<div><\/div>\n<\/div>\n<\/div>\n<\/div>\n<\/div>\n<div class=\"celwidget aplus-module module-12\" style=\"text-align: center\" data-csa-c-id=\"9y9xlr-kelwl2-bqmzjz-2v70er\" data-cel-widget=\"aplus-module-12\">\n<div class=\"a-expander-collapsed-height a-row a-expander-container a-expander-partial-collapse-container\" data-a-expander-name=\"aplus-module-expander\" data-a-expander-collapsed-height=\"360\">\n<div class=\"a-expander-content a-expander-partial-collapse-content\">\n<div class=\"aplus-module-wrapper apm-spacing apm-floatnone\">\n<div class=\"apm-sidemodule aplus-module-content\" style=\"text-align: center\">\n<div class=\"apm-hero-image\"><img decoding=\"async\" class=\"aligncenter\" src=\"\/wp-content\/uploads\/replace\/74a22ef318348075d318b25b0a0a56ed.jpeg\" alt=\"Mi In-Ear Headphone Pro\u00a0HD Silver Global\" width=\"970\" height=\"300\" data-src=\"\/wp-content\/uploads\/replace\/74a22ef318348075d318b25b0a0a56ed.jpeg\" \/><\/div>\n<\/div>\n<div style=\"text-align: center\"><\/div>\n<\/div>\n<\/div>\n<\/div>\n<\/div>","protected":false},"excerpt":{"rendered":"<ul class=\"a-unordered-list a-vertical a-spacing-mini\">\n<li><span class=\"a-list-item\">Fia\u00e7\u00e3o fosca extens\u00edvel e resistente a sujeira e emaranhados para proteger contra danos nos fios, para que sua m\u00fasica n\u00e3o seja interrompida em movimento<\/span><\/li>\n<li><span class=\"a-list-item\">Encontre o ajuste perfeito com fones de ouvido de silicone de grau m\u00e9dico macios e confort\u00e1veis em 4 tamanhos diferentes para combinar especificamente com os contornos da sua orelha<\/span><\/li>\n<li><span class=\"a-list-item\">Os fones de ouvido MI Pro HD usam drivers de armadura dual din\u00e2micos e balanceados h\u00edbridos patenteados para alcan\u00e7ar um equil\u00edbrio nas faixas de \u00e1udio graves, m\u00e9dios e altos<\/span><\/li>\n<li><span class=\"a-list-item\">Experimente uma qualidade de som mais completa e rica com equaliza\u00e7\u00e3o tri-band para que voc\u00ea possa ouvir os detalhes mais sutis<\/span><\/li>\n<li><span class=\"a-list-item\">Precis\u00e3o de design impressionante Com uma c\u00e2mara de som em liga de alum\u00ednio e ferro trabalhada com acabamento meticuloso de corte de diamante CNC<\/span><\/li>\n<\/ul>","protected":false},"featured_media":24642,"template":"","meta":[],"product_brand":[1363],"product_cat":[1306,1305],"product_tag":[1098],"class_list":{"0":"post-24503","1":"product","2":"type-product","3":"status-publish","4":"has-post-thumbnail","6":"product_brand-xiaomi","7":"product_cat-mi-redmi-earphone","8":"product_cat-xiaomi-eco","9":"product_tag-mi-in-ear-headphone-pro-hd-silver-global","11":"first","12":"instock","13":"shipping-taxable","14":"product-type-external"},"aioseo_notices":[],"aioseo_head":"\n\t\t<!-- All in One SEO Pro 4.5.9.2 - aioseo.com -->\n\t\t<meta name=\"description\" content=\"Dirt and tangle-resistant, stretchable matte wiring to protect against wire damage, so as your music isn\u2019t interrupted on-the-go Find your perfect fit with soft and comfortable medical-grade silicone ear-buds in 4 different sizes to specifically match the contours of your ear The MI Pro HD earphones use a patented, hybrid dual dynamic and balanced armature drivers to achieve a balance in bass, mid, and high audio ranges Experience fuller, richer sound quality with tri-band equalisation so as you can hear the finer details Stunning design precision With an aluminium alloy iron sound chamber crafted using meticulous CNC diamond cut finish\" \/>\n\t\t<meta name=\"robots\" content=\"max-image-preview:large\" \/>\n\t\t<link rel=\"canonical\" href=\"https:\/\/www.rucashk.com\/pt\/produto\/mi-in-ear-headphone-pro-hd-silver-global-wholesale\/\" \/>\n\t\t<meta name=\"generator\" content=\"All in One SEO Pro (AIOSEO) 4.5.9.2\" \/>\n\t\t<meta property=\"og:locale\" content=\"pt_PT\" \/>\n\t\t<meta property=\"og:site_name\" content=\"Rucas - One-stop AIoT Distribution Worldwide\" \/>\n\t\t<meta property=\"og:type\" content=\"article\" \/>\n\t\t<meta property=\"og:title\" content=\"Mi In-Ear Headphone Pro HD Silver Global Wholesale - Rucas - Wholesale and Distribution\" \/>\n\t\t<meta property=\"og:description\" content=\"Dirt and tangle-resistant, stretchable matte wiring to protect against wire damage, so as your music isn\u2019t interrupted on-the-go Find your perfect fit with soft and comfortable medical-grade silicone ear-buds in 4 different sizes to specifically match the contours of your ear The MI Pro HD earphones use a patented, hybrid dual dynamic and balanced armature drivers to achieve a balance in bass, mid, and high audio ranges Experience fuller, richer sound quality with tri-band equalisation so as you can hear the finer details Stunning design precision With an aluminium alloy iron sound chamber crafted using meticulous CNC diamond cut finish\" \/>\n\t\t<meta property=\"og:url\" content=\"https:\/\/www.rucashk.com\/pt\/produto\/mi-in-ear-headphone-pro-hd-silver-global-wholesale\/\" \/>\n\t\t<meta property=\"og:image\" content=\"https:\/\/www.rucashk.com\/wp-content\/uploads\/replace\/503b8e645f128a97ccde2b6290747646.jpeg\" \/>\n\t\t<meta property=\"og:image:secure_url\" content=\"https:\/\/www.rucashk.com\/wp-content\/uploads\/replace\/503b8e645f128a97ccde2b6290747646.jpeg\" \/>\n\t\t<meta property=\"og:image:width\" content=\"1456\" \/>\n\t\t<meta property=\"og:image:height\" content=\"816\" \/>\n\t\t<meta property=\"article:published_time\" content=\"2024-01-09T16:05:08+00:00\" \/>\n\t\t<meta property=\"article:modified_time\" content=\"2025-06-22T07:44:54+00:00\" \/>\n\t\t<meta name=\"twitter:card\" content=\"summary_large_image\" \/>\n\t\t<meta name=\"twitter:title\" content=\"Mi In-Ear Headphone Pro HD Silver Global Wholesale - Rucas - Wholesale and Distribution\" \/>\n\t\t<meta name=\"twitter:description\" content=\"Dirt and tangle-resistant, stretchable matte wiring to protect against wire damage, so as your music isn\u2019t interrupted on-the-go Find your perfect fit with soft and comfortable medical-grade silicone ear-buds in 4 different sizes to specifically match the contours of your ear The MI Pro HD earphones use a patented, hybrid dual dynamic and balanced armature drivers to achieve a balance in bass, mid, and high audio ranges Experience fuller, richer sound quality with tri-band equalisation so as you can hear the finer details Stunning design precision With an aluminium alloy iron sound chamber crafted using meticulous CNC diamond cut finish\" \/>\n\t\t<meta name=\"twitter:image\" content=\"https:\/\/www.rucashk.com\/wp-content\/uploads\/replace\/503b8e645f128a97ccde2b6290747646.jpeg\" \/>\n\t\t<script type=\"application\/ld+json\" class=\"aioseo-schema\">\n\t\t\t{\"@context\":\"https:\\\/\\\/schema.org\",\"@graph\":[{\"@type\":\"BreadcrumbList\",\"@id\":\"https:\\\/\\\/www.rucashk.com\\\/pt\\\/produto\\\/mi-in-ear-headphone-pro-hd-silver-global-wholesale\\\/#breadcrumblist\",\"itemListElement\":[{\"@type\":\"ListItem\",\"@id\":\"https:\\\/\\\/www.rucashk.com\\\/pt\\\/#listItem\",\"position\":1,\"name\":\"Home\",\"item\":\"https:\\\/\\\/www.rucashk.com\\\/pt\\\/\",\"nextItem\":\"https:\\\/\\\/www.rucashk.com\\\/pt\\\/produto\\\/mi-in-ear-headphone-pro-hd-silver-global-wholesale\\\/#listItem\"},{\"@type\":\"ListItem\",\"@id\":\"https:\\\/\\\/www.rucashk.com\\\/pt\\\/produto\\\/mi-in-ear-headphone-pro-hd-silver-global-wholesale\\\/#listItem\",\"position\":2,\"name\":\"Mi In-Ear Headphone Pro\\u00a0HD Silver Global Wholesale\",\"previousItem\":\"https:\\\/\\\/www.rucashk.com\\\/pt\\\/#listItem\"}]},{\"@type\":\"Organization\",\"@id\":\"https:\\\/\\\/www.rucashk.com\\\/pt\\\/#organization\",\"name\":\"Rucas\",\"url\":\"https:\\\/\\\/www.rucashk.com\\\/pt\\\/\",\"logo\":{\"@type\":\"ImageObject\",\"url\":\"https:\\\/\\\/www.rucashk.com\\\/wp-content\\\/uploads\\\/2023\\\/12\\\/Rucas_campany_logo.png\",\"@id\":\"https:\\\/\\\/www.rucashk.com\\\/pt\\\/produto\\\/mi-in-ear-headphone-pro-hd-silver-global-wholesale\\\/#organizationLogo\",\"width\":221,\"height\":65},\"image\":{\"@id\":\"https:\\\/\\\/www.rucashk.com\\\/pt\\\/#organizationLogo\"}},{\"@type\":\"Person\",\"@id\":\"https:\\\/\\\/www.rucashk.com\\\/pt\\\/author\\\/admin\\\/#author\",\"url\":\"https:\\\/\\\/www.rucashk.com\\\/pt\\\/author\\\/admin\\\/\",\"name\":\"admin\",\"image\":{\"@type\":\"ImageObject\",\"@id\":\"https:\\\/\\\/www.rucashk.com\\\/pt\\\/produto\\\/mi-in-ear-headphone-pro-hd-silver-global-wholesale\\\/#authorImage\",\"url\":\"https:\\\/\\\/secure.gravatar.com\\\/avatar\\\/b7c8925b09a27e72b30232f8ecaadbd5af0f70a38c78096863fe51b64f031c24?s=96&d=mm&r=g\",\"width\":96,\"height\":96,\"caption\":\"admin\"}},{\"@type\":\"WebPage\",\"@id\":\"https:\\\/\\\/www.rucashk.com\\\/pt\\\/produto\\\/mi-in-ear-headphone-pro-hd-silver-global-wholesale\\\/#webpage\",\"url\":\"https:\\\/\\\/www.rucashk.com\\\/pt\\\/produto\\\/mi-in-ear-headphone-pro-hd-silver-global-wholesale\\\/\",\"name\":\"Mi In-Ear Headphone Pro HD Silver Global Wholesale - Rucas - Wholesale and Distribution\",\"description\":\"Dirt and tangle-resistant, stretchable matte wiring to protect against wire damage, so as your music isn\\u2019t interrupted on-the-go Find your perfect fit with soft and comfortable medical-grade silicone ear-buds in 4 different sizes to specifically match the contours of your ear The MI Pro HD earphones use a patented, hybrid dual dynamic and balanced armature drivers to achieve a balance in bass, mid, and high audio ranges Experience fuller, richer sound quality with tri-band equalisation so as you can hear the finer details Stunning design precision With an aluminium alloy iron sound chamber crafted using meticulous CNC diamond cut finish\",\"inLanguage\":\"pt-PT\",\"isPartOf\":{\"@id\":\"https:\\\/\\\/www.rucashk.com\\\/pt\\\/#website\"},\"breadcrumb\":{\"@id\":\"https:\\\/\\\/www.rucashk.com\\\/pt\\\/produto\\\/mi-in-ear-headphone-pro-hd-silver-global-wholesale\\\/#breadcrumblist\"},\"author\":{\"@id\":\"https:\\\/\\\/www.rucashk.com\\\/pt\\\/author\\\/admin\\\/#author\"},\"creator\":{\"@id\":\"https:\\\/\\\/www.rucashk.com\\\/pt\\\/author\\\/admin\\\/#author\"},\"image\":{\"@type\":\"ImageObject\",\"url\":\"https:\\\/\\\/www.rucashk.com\\\/wp-content\\\/uploads\\\/2024\\\/01\\\/Mi-In-Ear-Headphone-Pro-HD-Silver-Global.jpg\",\"@id\":\"https:\\\/\\\/www.rucashk.com\\\/pt\\\/produto\\\/mi-in-ear-headphone-pro-hd-silver-global-wholesale\\\/#mainImage\",\"width\":800,\"height\":800},\"primaryImageOfPage\":{\"@id\":\"https:\\\/\\\/www.rucashk.com\\\/pt\\\/produto\\\/mi-in-ear-headphone-pro-hd-silver-global-wholesale\\\/#mainImage\"},\"datePublished\":\"2024-01-09T16:05:08+00:00\",\"dateModified\":\"2025-06-22T07:44:54+00:00\"},{\"@type\":\"WebSite\",\"@id\":\"https:\\\/\\\/www.rucashk.com\\\/pt\\\/#website\",\"url\":\"https:\\\/\\\/www.rucashk.com\\\/pt\\\/\",\"name\":\"Rucas - Wholesale and distribution worldwide\",\"alternateName\":\"Rucas - One-stop AIoT Distribution Worldwide\",\"description\":\"One-stop AIoT Distribution Worldwide\",\"inLanguage\":\"pt-PT\",\"publisher\":{\"@id\":\"https:\\\/\\\/www.rucashk.com\\\/pt\\\/#organization\"}}]}\n\t\t<\/script>\n\t\t<!-- All in One SEO Pro -->\r\n\t\t<title>Mi In-Ear Headphone Pro HD Silver Global Wholesale - Rucas - Wholesale and Distribution<\/title>\n\n","aioseo_head_json":{"title":"Mi In-Ear Headphone Pro HD Silver Global Wholesale - Rucas - Wholesale and Distribution","description":"Dirt and tangle-resistant, stretchable matte wiring to protect against wire damage, so as your music isn\u2019t interrupted on-the-go Find your perfect fit with soft and comfortable medical-grade silicone ear-buds in 4 different sizes to specifically match the contours of your ear The MI Pro HD earphones use a patented, hybrid dual dynamic and balanced armature drivers to achieve a balance in bass, mid, and high audio ranges Experience fuller, richer sound quality with tri-band equalisation so as you can hear the finer details Stunning design precision With an aluminium alloy iron sound chamber crafted using meticulous CNC diamond cut finish","canonical_url":"https:\/\/www.rucashk.com\/pt\/produto\/mi-in-ear-headphone-pro-hd-silver-global-wholesale\/","robots":"max-image-preview:large","keywords":"","webmasterTools":{"miscellaneous":""},"og:locale":"pt_PT","og:site_name":"Rucas - One-stop AIoT Distribution Worldwide","og:type":"article","og:title":"Mi In-Ear Headphone Pro HD Silver Global Wholesale - Rucas - Wholesale and Distribution","og:description":"Dirt and tangle-resistant, stretchable matte wiring to protect against wire damage, so as your music isn\u2019t interrupted on-the-go Find your perfect fit with soft and comfortable medical-grade silicone ear-buds in 4 different sizes to specifically match the contours of your ear The MI Pro HD earphones use a patented, hybrid dual dynamic and balanced armature drivers to achieve a balance in bass, mid, and high audio ranges Experience fuller, richer sound quality with tri-band equalisation so as you can hear the finer details Stunning design precision With an aluminium alloy iron sound chamber crafted using meticulous CNC diamond cut finish","og:url":"https:\/\/www.rucashk.com\/pt\/produto\/mi-in-ear-headphone-pro-hd-silver-global-wholesale\/","og:image":"https:\/\/www.rucashk.com\/wp-content\/uploads\/replace\/503b8e645f128a97ccde2b6290747646.jpeg","og:image:secure_url":"https:\/\/www.rucashk.com\/wp-content\/uploads\/replace\/503b8e645f128a97ccde2b6290747646.jpeg","og:image:width":1456,"og:image:height":816,"article:published_time":"2024-01-09T16:05:08+00:00","article:modified_time":"2025-06-22T07:44:54+00:00","twitter:card":"summary_large_image","twitter:title":"Mi In-Ear Headphone Pro HD Silver Global Wholesale - Rucas - Wholesale and Distribution","twitter:description":"Dirt and tangle-resistant, stretchable matte wiring to protect against wire damage, so as your music isn\u2019t interrupted on-the-go Find your perfect fit with soft and comfortable medical-grade silicone ear-buds in 4 different sizes to specifically match the contours of your ear The MI Pro HD earphones use a patented, hybrid dual dynamic and balanced armature drivers to achieve a balance in bass, mid, and high audio ranges Experience fuller, richer sound quality with tri-band equalisation so as you can hear the finer details Stunning design precision With an aluminium alloy iron sound chamber crafted using meticulous CNC diamond cut finish","twitter:image":"https:\/\/www.rucashk.com\/wp-content\/uploads\/replace\/503b8e645f128a97ccde2b6290747646.jpeg","schema":{"@context":"https:\/\/schema.org","@graph":[{"@type":"BreadcrumbList","@id":"https:\/\/www.rucashk.com\/pt\/produto\/mi-in-ear-headphone-pro-hd-silver-global-wholesale\/#breadcrumblist","itemListElement":[{"@type":"ListItem","@id":"https:\/\/www.rucashk.com\/pt\/#listItem","position":1,"name":"Home","item":"https:\/\/www.rucashk.com\/pt\/","nextItem":"https:\/\/www.rucashk.com\/pt\/produto\/mi-in-ear-headphone-pro-hd-silver-global-wholesale\/#listItem"},{"@type":"ListItem","@id":"https:\/\/www.rucashk.com\/pt\/produto\/mi-in-ear-headphone-pro-hd-silver-global-wholesale\/#listItem","position":2,"name":"Mi In-Ear Headphone Pro\u00a0HD Silver Global Wholesale","previousItem":"https:\/\/www.rucashk.com\/pt\/#listItem"}]},{"@type":"Organization","@id":"https:\/\/www.rucashk.com\/pt\/#organization","name":"Rucas","url":"https:\/\/www.rucashk.com\/pt\/","logo":{"@type":"ImageObject","url":"https:\/\/www.rucashk.com\/wp-content\/uploads\/2023\/12\/Rucas_campany_logo.png","@id":"https:\/\/www.rucashk.com\/pt\/produto\/mi-in-ear-headphone-pro-hd-silver-global-wholesale\/#organizationLogo","width":221,"height":65},"image":{"@id":"https:\/\/www.rucashk.com\/pt\/#organizationLogo"}},{"@type":"Person","@id":"https:\/\/www.rucashk.com\/pt\/author\/admin\/#author","url":"https:\/\/www.rucashk.com\/pt\/author\/admin\/","name":"admin","image":{"@type":"ImageObject","@id":"https:\/\/www.rucashk.com\/pt\/produto\/mi-in-ear-headphone-pro-hd-silver-global-wholesale\/#authorImage","url":"https:\/\/secure.gravatar.com\/avatar\/b7c8925b09a27e72b30232f8ecaadbd5af0f70a38c78096863fe51b64f031c24?s=96&d=mm&r=g","width":96,"height":96,"caption":"admin"}},{"@type":"WebPage","@id":"https:\/\/www.rucashk.com\/pt\/produto\/mi-in-ear-headphone-pro-hd-silver-global-wholesale\/#webpage","url":"https:\/\/www.rucashk.com\/pt\/produto\/mi-in-ear-headphone-pro-hd-silver-global-wholesale\/","name":"Mi In-Ear Headphone Pro HD Silver Global Wholesale - Rucas - Wholesale and Distribution","description":"Dirt and tangle-resistant, stretchable matte wiring to protect against wire damage, so as your music isn\u2019t interrupted on-the-go Find your perfect fit with soft and comfortable medical-grade silicone ear-buds in 4 different sizes to specifically match the contours of your ear The MI Pro HD earphones use a patented, hybrid dual dynamic and balanced armature drivers to achieve a balance in bass, mid, and high audio ranges Experience fuller, richer sound quality with tri-band equalisation so as you can hear the finer details Stunning design precision With an aluminium alloy iron sound chamber crafted using meticulous CNC diamond cut finish","inLanguage":"pt-PT","isPartOf":{"@id":"https:\/\/www.rucashk.com\/pt\/#website"},"breadcrumb":{"@id":"https:\/\/www.rucashk.com\/pt\/produto\/mi-in-ear-headphone-pro-hd-silver-global-wholesale\/#breadcrumblist"},"author":{"@id":"https:\/\/www.rucashk.com\/pt\/author\/admin\/#author"},"creator":{"@id":"https:\/\/www.rucashk.com\/pt\/author\/admin\/#author"},"image":{"@type":"ImageObject","url":"https:\/\/www.rucashk.com\/wp-content\/uploads\/2024\/01\/Mi-In-Ear-Headphone-Pro-HD-Silver-Global.jpg","@id":"https:\/\/www.rucashk.com\/pt\/produto\/mi-in-ear-headphone-pro-hd-silver-global-wholesale\/#mainImage","width":800,"height":800},"primaryImageOfPage":{"@id":"https:\/\/www.rucashk.com\/pt\/produto\/mi-in-ear-headphone-pro-hd-silver-global-wholesale\/#mainImage"},"datePublished":"2024-01-09T16:05:08+00:00","dateModified":"2025-06-22T07:44:54+00:00"},{"@type":"WebSite","@id":"https:\/\/www.rucashk.com\/pt\/#website","url":"https:\/\/www.rucashk.com\/pt\/","name":"Rucas - Wholesale and distribution worldwide","alternateName":"Rucas - One-stop AIoT Distribution Worldwide","description":"One-stop AIoT Distribution Worldwide","inLanguage":"pt-PT","publisher":{"@id":"https:\/\/www.rucashk.com\/pt\/#organization"}}]}},"aioseo_meta_data":{"post_id":"24503","title":null,"description":null,"keywords":null,"keyphrases":null,"primary_term":null,"canonical_url":null,"og_title":null,"og_description":null,"og_object_type":"default","og_image_type":"default","og_image_url":null,"og_image_width":null,"og_image_height":null,"og_image_custom_url":null,"og_image_custom_fields":null,"og_video":null,"og_custom_url":null,"og_article_section":null,"og_article_tags":null,"twitter_use_og":false,"twitter_card":"default","twitter_image_type":"default","twitter_image_url":null,"twitter_image_custom_url":null,"twitter_image_custom_fields":null,"twitter_title":null,"twitter_description":null,"schema":{"blockGraphs":[],"customGraphs":[],"default":{"data":{"Article":[],"Course":[],"Dataset":[],"FAQPage":[],"Movie":[],"Person":[],"Product":[],"Recipe":[],"Service":[],"SoftwareApplication":[],"WebPage":[]},"graphName":"","isEnabled":true},"graphs":[]},"schema_type":"default","schema_type_options":null,"pillar_content":false,"robots_default":true,"robots_noindex":false,"robots_noarchive":false,"robots_nosnippet":false,"robots_nofollow":false,"robots_noimageindex":false,"robots_noodp":false,"robots_notranslate":false,"robots_max_snippet":null,"robots_max_videopreview":null,"robots_max_imagepreview":"large","priority":null,"frequency":null,"local_seo":null,"breadcrumb_settings":null,"limit_modified_date":false,"created":"2024-04-11 01:57:12","updated":"2025-06-22 17:32:59"},"aioseo_breadcrumb":"<div class=\"aioseo-breadcrumbs\"><span class=\"aioseo-breadcrumb\">\n\t<a href=\"https:\/\/www.rucashk.com\/pt\" title=\"Home\">Home<\/a>\n<\/span><span class=\"aioseo-breadcrumb-separator\">&raquo;<\/span><span class=\"aioseo-breadcrumb\">\n\t<a href=\"https:\/\/www.rucashk.com\/pt\/products\/\" title=\"Produtos\">Produtos<\/a>\n<\/span><span class=\"aioseo-breadcrumb-separator\">&raquo;<\/span><span class=\"aioseo-breadcrumb\">\n\t<a href=\"https:\/\/www.rucashk.com\/pt\/marca\/xiaomi\/\" title=\"Xiaomi\">Xiaomi<\/a>\n<\/span><span class=\"aioseo-breadcrumb-separator\">&raquo;<\/span><span class=\"aioseo-breadcrumb\">\n\tMi In-Ear Headphone Pro\u00a0HD Silver Global Wholesale\n<\/span><\/div>","aioseo_breadcrumb_json":[{"label":"Home","link":"https:\/\/www.rucashk.com\/pt"},{"label":"Produtos","link":"https:\/\/www.rucashk.com\/pt\/products\/"},{"label":"Xiaomi","link":"https:\/\/www.rucashk.com\/pt\/marca\/xiaomi\/"},{"label":"Mi In-Ear Headphone Pro\u00a0HD Silver Global Wholesale","link":"https:\/\/www.rucashk.com\/pt\/produto\/mi-in-ear-headphone-pro-hd-silver-global-wholesale\/"}],"_links":{"self":[{"href":"https:\/\/www.rucashk.com\/pt\/wp-json\/wp\/v2\/product\/24503","targetHints":{"allow":["GET"]}}],"collection":[{"href":"https:\/\/www.rucashk.com\/pt\/wp-json\/wp\/v2\/product"}],"about":[{"href":"https:\/\/www.rucashk.com\/pt\/wp-json\/wp\/v2\/types\/product"}],"wp:featuredmedia":[{"embeddable":true,"href":"https:\/\/www.rucashk.com\/pt\/wp-json\/wp\/v2\/media\/24642"}],"wp:attachment":[{"href":"https:\/\/www.rucashk.com\/pt\/wp-json\/wp\/v2\/media?parent=24503"}],"wp:term":[{"taxonomy":"product_brand","embeddable":true,"href":"https:\/\/www.rucashk.com\/pt\/wp-json\/wp\/v2\/product_brand?post=24503"},{"taxonomy":"product_cat","embeddable":true,"href":"https:\/\/www.rucashk.com\/pt\/wp-json\/wp\/v2\/product_cat?post=24503"},{"taxonomy":"product_tag","embeddable":true,"href":"https:\/\/www.rucashk.com\/pt\/wp-json\/wp\/v2\/product_tag?post=24503"}],"curies":[{"name":"wp","href":"https:\/\/api.w.org\/{rel}","templated":true}]}}