{"id":24501,"date":"2024-01-09T16:05:07","date_gmt":"2024-01-09T16:05:07","guid":{"rendered":"http:\/\/rucashk.com\/?post_type=product&#038;p=24501"},"modified":"2024-03-13T06:13:54","modified_gmt":"2024-03-13T06:13:54","slug":"mi-compact-bluetooth-speaker-2-global-wholesale","status":"publish","type":"product","link":"https:\/\/www.rucashk.com\/pt\/produto\/mi-compact-bluetooth-speaker-2-global-wholesale\/","title":{"rendered":"Alto-falante Bluetooth compacto Mi 2 atacado global"},"content":{"rendered":"<h2 style=\"text-align: center\">Alto-falante Bluetooth Mi Compacto 2 Global<\/h2>\n<p style=\"text-align: center\"><img fetchpriority=\"high\" decoding=\"async\" class=\"js-descLazyload lazy-loaded alignnone\" src=\"\/wp-content\/uploads\/replace\/45cc1f5c80b4d07b4975dd411d67595a.jpeg\" alt=\"Mi Compact Bluetooth Speaker 2 Global Wholesale\" width=\"750\" height=\"400\" data-lazy=\"\/wp-content\/uploads\/replace\/45cc1f5c80b4d07b4975dd411d67595a.jpeg\" data-was-processed=\"true\" \/><\/p>\n<p style=\"text-align: center\"><img decoding=\"async\" class=\"js-descLazyload lazy-loaded alignnone\" src=\"\/wp-content\/uploads\/replace\/f7d0b6f40ede4c864be3e3c11b63ba52.jpeg\" alt=\"Mi Compact Bluetooth Speaker 2 Global Wholesale\" width=\"750\" height=\"400\" data-lazy=\"\/wp-content\/uploads\/replace\/f7d0b6f40ede4c864be3e3c11b63ba52.jpeg\" data-was-processed=\"true\" \/><\/p>\n<p style=\"text-align: center\"><img decoding=\"async\" class=\"js-descLazyload lazy-loaded alignnone\" src=\"\/wp-content\/uploads\/replace\/a06d003fbe7b18e7e7e6f956e4f7c313.jpeg\" alt=\"Mi Compact Bluetooth Speaker 2 Global\" width=\"750\" height=\"400\" data-lazy=\"\/wp-content\/uploads\/replace\/a06d003fbe7b18e7e7e6f956e4f7c313.jpeg\" data-was-processed=\"true\" \/><\/p>\n<p style=\"text-align: center\"><img loading=\"lazy\" decoding=\"async\" class=\"js-descLazyload lazy-loaded alignnone\" src=\"\/wp-content\/uploads\/replace\/eb5979e8903a4caf78c104f0d44f8dfa.jpeg\" alt=\"Mi Compact Bluetooth Speaker 2 Global\" width=\"750\" height=\"400\" data-lazy=\"\/wp-content\/uploads\/replace\/eb5979e8903a4caf78c104f0d44f8dfa.jpeg\" data-was-processed=\"true\" \/><\/p>\n<p style=\"text-align: center\"><img loading=\"lazy\" decoding=\"async\" class=\"js-descLazyload lazy-loaded alignnone\" src=\"\/wp-content\/uploads\/replace\/8ad8536d114366c24aa2cfd17b339da0.jpeg\" alt=\"Mi Compact Bluetooth Speaker 2 Global\" width=\"750\" height=\"400\" data-lazy=\"\/wp-content\/uploads\/replace\/8ad8536d114366c24aa2cfd17b339da0.jpeg\" data-was-processed=\"true\" \/><\/p>\n<p style=\"text-align: center\"><img loading=\"lazy\" decoding=\"async\" class=\"js-descLazyload lazy-loaded alignnone\" src=\"\/wp-content\/uploads\/replace\/7c2ec7d756f50f8bb63c45841c5279dc.jpeg\" alt=\"Mi Compact Bluetooth Speaker 2 Global\" width=\"750\" height=\"400\" data-lazy=\"\/wp-content\/uploads\/replace\/7c2ec7d756f50f8bb63c45841c5279dc.jpeg\" data-was-processed=\"true\" \/><\/p>\n<p style=\"text-align: center\"><img loading=\"lazy\" decoding=\"async\" class=\"js-descLazyload lazy-loaded alignnone\" src=\"\/wp-content\/uploads\/replace\/9b77bd4dac3940a312a7eaf7b97fd9a7.jpeg\" alt=\"Mi Compact Bluetooth Speaker 2 Global\" width=\"750\" height=\"400\" data-lazy=\"\/wp-content\/uploads\/replace\/9b77bd4dac3940a312a7eaf7b97fd9a7.jpeg\" data-was-processed=\"true\" \/><\/p>\n<p style=\"text-align: center\"><img loading=\"lazy\" decoding=\"async\" class=\"js-descLazyload lazy-loaded alignnone\" src=\"\/wp-content\/uploads\/replace\/b2de50a716083151a26c093905baf90b.jpeg\" alt=\"Mi Compact Bluetooth Speaker 2 Global\" width=\"750\" height=\"400\" data-lazy=\"\/wp-content\/uploads\/replace\/b2de50a716083151a26c093905baf90b.jpeg\" data-was-processed=\"true\" \/><\/p>\n<p style=\"text-align: center\"><img loading=\"lazy\" decoding=\"async\" class=\"js-descLazyload lazy-loaded alignnone\" src=\"\/wp-content\/uploads\/replace\/0bb3744b02f2824180713ac3f39c72dc.jpeg\" alt=\"Mi Compact Bluetooth Speaker 2 Global\" width=\"750\" height=\"400\" data-lazy=\"\/wp-content\/uploads\/replace\/0bb3744b02f2824180713ac3f39c72dc.jpeg\" data-was-processed=\"true\" \/><\/p>\n<p style=\"text-align: center\"><img loading=\"lazy\" decoding=\"async\" class=\"js-descLazyload lazy-loaded alignnone\" src=\"\/wp-content\/uploads\/replace\/2fb4ec508b4292508f8f73d551ee98b6.jpeg\" alt=\"Mi Compact Bluetooth Speaker 2 Global\" width=\"750\" height=\"400\" data-lazy=\"\/wp-content\/uploads\/replace\/2fb4ec508b4292508f8f73d551ee98b6.jpeg\" data-was-processed=\"true\" \/><\/p>\n<p><img loading=\"lazy\" decoding=\"async\" class=\"js-descLazyload lazy-loaded aligncenter\" src=\"\/wp-content\/uploads\/replace\/2cfea9d703b108470dd0403cb524f2b2.jpeg\" alt=\"Mi Compact Bluetooth Speaker 2 Global\" width=\"750\" height=\"400\" data-lazy=\"\/wp-content\/uploads\/replace\/2cfea9d703b108470dd0403cb524f2b2.jpeg\" data-was-processed=\"true\" \/><\/p>","protected":false},"excerpt":{"rendered":"<ul class=\"a-unordered-list a-vertical a-spacing-mini\">\n<li><span class=\"a-list-item\">6 horas de reprodu\u00e7\u00e3o. A imped\u00e2ncia \u00e9 de 4 ohms. Faixa de frequ\u00eancia de \u00e1udio: 200 Hz a 18kHz; Tempo de reprodu\u00e7\u00e3o: 6 horas no volume 80%<\/span><\/li>\n<li><span class=\"a-list-item\">F\u00e1cil de transportar, f\u00e1cil de guardar \u2013 com al\u00e7a de m\u00e3o, \u00e9 altamente port\u00e1til e f\u00e1cil de transportar com uma m\u00e3o ou em uma bolsa<\/span><\/li>\n<li><span class=\"a-list-item\">Microfone integrado para chamadas telef\u00f4nicas \u2013 atenda chamadas facilmente. Chega de complica\u00e7\u00f5es na troca de dispositivos ou sa\u00edda de \u00e1udio ao receber uma chamada em seu telefone e use o viva-voz<\/span><\/li>\n<li><span class=\"a-list-item\">A dist\u00e2ncia efetiva \u00e9 de at\u00e9 10 m, suporte para chamadas em viva-voz: sim<\/span><\/li>\n<li><span class=\"a-list-item\">Vers\u00e3o Bluetooth V4.2; Som claro e natural e design de malha param\u00e9trica<\/span><\/li>\n<li><span class=\"a-list-item\">Sua bateria de l\u00edtio 3,7V 480mAh pode ser carregada usando a porta Micro-USB, por\u00e9m o cabo de carregamento USB n\u00e3o vem na caixa<\/span><\/li>\n<\/ul>","protected":false},"featured_media":24637,"template":"","meta":[],"product_brand":[],"product_cat":[1306,1305],"product_tag":[1097],"class_list":{"0":"post-24501","1":"product","2":"type-product","3":"status-publish","4":"has-post-thumbnail","6":"product_cat-mi-redmi-earphone","7":"product_cat-xiaomi-eco","8":"product_tag-mi-compact-bluetooth-speaker-2-global","10":"first","11":"instock","12":"shipping-taxable","13":"product-type-external"},"aioseo_notices":[],"aioseo_head":"\n\t\t<!-- All in One SEO Pro 4.5.9.2 - aioseo.com -->\n\t\t<meta name=\"description\" content=\"6 hours of playback. The impedance is 4 ohms. Audio frequency Range: 200 Hz to 18kHz; Playback time : 6 hours at 80% volume Easy to carry, easy to store - with hand strap, it&#039;s highly portable and easy to carry one-handed or in a bag Integrated microphone for phone calls - easily answer phone calls. No more hassle switching devices or audio output when receiving a call on your phone and go hands-free Effective distance is up to 10m, Handsfree calling support: yes Bluetooth version V4.2 ; Clear and natural sound and parametric mesh design Its 3.7V 480mAh lithium battery can be charged using the Micro-USB port, however the USB charging cable is not bundled in the box\" \/>\n\t\t<meta name=\"robots\" content=\"max-image-preview:large\" \/>\n\t\t<link rel=\"canonical\" href=\"https:\/\/www.rucashk.com\/pt\/produto\/mi-compact-bluetooth-speaker-2-global-wholesale\/\" \/>\n\t\t<meta name=\"generator\" content=\"All in One SEO Pro (AIOSEO) 4.5.9.2\" \/>\n\t\t<meta property=\"og:locale\" content=\"pt_PT\" \/>\n\t\t<meta property=\"og:site_name\" content=\"Rucas - One-stop AIoT Distribution Worldwide\" \/>\n\t\t<meta property=\"og:type\" content=\"article\" \/>\n\t\t<meta property=\"og:title\" content=\"Mi Compact Bluetooth Speaker 2 Global Wholesale - Rucas - Wholesale and Distribution\" \/>\n\t\t<meta property=\"og:description\" content=\"6 hours of playback. The impedance is 4 ohms. Audio frequency Range: 200 Hz to 18kHz; Playback time : 6 hours at 80% volume Easy to carry, easy to store - with hand strap, it&#039;s highly portable and easy to carry one-handed or in a bag Integrated microphone for phone calls - easily answer phone calls. No more hassle switching devices or audio output when receiving a call on your phone and go hands-free Effective distance is up to 10m, Handsfree calling support: yes Bluetooth version V4.2 ; Clear and natural sound and parametric mesh design Its 3.7V 480mAh lithium battery can be charged using the Micro-USB port, however the USB charging cable is not bundled in the box\" \/>\n\t\t<meta property=\"og:url\" content=\"https:\/\/www.rucashk.com\/pt\/produto\/mi-compact-bluetooth-speaker-2-global-wholesale\/\" \/>\n\t\t<meta property=\"og:image\" content=\"https:\/\/www.rucashk.com\/wp-content\/uploads\/replace\/503b8e645f128a97ccde2b6290747646.jpeg\" \/>\n\t\t<meta property=\"og:image:secure_url\" content=\"https:\/\/www.rucashk.com\/wp-content\/uploads\/replace\/503b8e645f128a97ccde2b6290747646.jpeg\" \/>\n\t\t<meta property=\"og:image:width\" content=\"1456\" \/>\n\t\t<meta property=\"og:image:height\" content=\"816\" \/>\n\t\t<meta property=\"article:published_time\" content=\"2024-01-09T16:05:07+00:00\" \/>\n\t\t<meta property=\"article:modified_time\" content=\"2024-03-13T06:13:54+00:00\" \/>\n\t\t<meta name=\"twitter:card\" content=\"summary_large_image\" \/>\n\t\t<meta name=\"twitter:title\" content=\"Mi Compact Bluetooth Speaker 2 Global Wholesale - Rucas - Wholesale and Distribution\" \/>\n\t\t<meta name=\"twitter:description\" content=\"6 hours of playback. The impedance is 4 ohms. Audio frequency Range: 200 Hz to 18kHz; Playback time : 6 hours at 80% volume Easy to carry, easy to store - with hand strap, it&#039;s highly portable and easy to carry one-handed or in a bag Integrated microphone for phone calls - easily answer phone calls. No more hassle switching devices or audio output when receiving a call on your phone and go hands-free Effective distance is up to 10m, Handsfree calling support: yes Bluetooth version V4.2 ; Clear and natural sound and parametric mesh design Its 3.7V 480mAh lithium battery can be charged using the Micro-USB port, however the USB charging cable is not bundled in the box\" \/>\n\t\t<meta name=\"twitter:image\" content=\"https:\/\/www.rucashk.com\/wp-content\/uploads\/replace\/503b8e645f128a97ccde2b6290747646.jpeg\" \/>\n\t\t<script type=\"application\/ld+json\" class=\"aioseo-schema\">\n\t\t\t{\"@context\":\"https:\\\/\\\/schema.org\",\"@graph\":[{\"@type\":\"BreadcrumbList\",\"@id\":\"https:\\\/\\\/www.rucashk.com\\\/pt\\\/produto\\\/mi-compact-bluetooth-speaker-2-global-wholesale\\\/#breadcrumblist\",\"itemListElement\":[{\"@type\":\"ListItem\",\"@id\":\"https:\\\/\\\/www.rucashk.com\\\/pt\\\/#listItem\",\"position\":1,\"name\":\"Home\",\"item\":\"https:\\\/\\\/www.rucashk.com\\\/pt\\\/\",\"nextItem\":\"https:\\\/\\\/www.rucashk.com\\\/pt\\\/produto\\\/mi-compact-bluetooth-speaker-2-global-wholesale\\\/#listItem\"},{\"@type\":\"ListItem\",\"@id\":\"https:\\\/\\\/www.rucashk.com\\\/pt\\\/produto\\\/mi-compact-bluetooth-speaker-2-global-wholesale\\\/#listItem\",\"position\":2,\"name\":\"Mi Compact Bluetooth Speaker 2 Global Wholesale\",\"previousItem\":\"https:\\\/\\\/www.rucashk.com\\\/pt\\\/#listItem\"}]},{\"@type\":\"Organization\",\"@id\":\"https:\\\/\\\/www.rucashk.com\\\/pt\\\/#organization\",\"name\":\"Rucas\",\"url\":\"https:\\\/\\\/www.rucashk.com\\\/pt\\\/\",\"logo\":{\"@type\":\"ImageObject\",\"url\":\"https:\\\/\\\/www.rucashk.com\\\/wp-content\\\/uploads\\\/2023\\\/12\\\/Rucas_campany_logo.png\",\"@id\":\"https:\\\/\\\/www.rucashk.com\\\/pt\\\/produto\\\/mi-compact-bluetooth-speaker-2-global-wholesale\\\/#organizationLogo\",\"width\":221,\"height\":65},\"image\":{\"@id\":\"https:\\\/\\\/www.rucashk.com\\\/pt\\\/#organizationLogo\"}},{\"@type\":\"Person\",\"@id\":\"https:\\\/\\\/www.rucashk.com\\\/pt\\\/author\\\/admin\\\/#author\",\"url\":\"https:\\\/\\\/www.rucashk.com\\\/pt\\\/author\\\/admin\\\/\",\"name\":\"admin\",\"image\":{\"@type\":\"ImageObject\",\"@id\":\"https:\\\/\\\/www.rucashk.com\\\/pt\\\/produto\\\/mi-compact-bluetooth-speaker-2-global-wholesale\\\/#authorImage\",\"url\":\"https:\\\/\\\/secure.gravatar.com\\\/avatar\\\/b7c8925b09a27e72b30232f8ecaadbd5af0f70a38c78096863fe51b64f031c24?s=96&d=mm&r=g\",\"width\":96,\"height\":96,\"caption\":\"admin\"}},{\"@type\":\"WebPage\",\"@id\":\"https:\\\/\\\/www.rucashk.com\\\/pt\\\/produto\\\/mi-compact-bluetooth-speaker-2-global-wholesale\\\/#webpage\",\"url\":\"https:\\\/\\\/www.rucashk.com\\\/pt\\\/produto\\\/mi-compact-bluetooth-speaker-2-global-wholesale\\\/\",\"name\":\"Mi Compact Bluetooth Speaker 2 Global Wholesale - Rucas - Wholesale and Distribution\",\"description\":\"6 hours of playback. The impedance is 4 ohms. Audio frequency Range: 200 Hz to 18kHz; Playback time : 6 hours at 80% volume Easy to carry, easy to store - with hand strap, it's highly portable and easy to carry one-handed or in a bag Integrated microphone for phone calls - easily answer phone calls. No more hassle switching devices or audio output when receiving a call on your phone and go hands-free Effective distance is up to 10m, Handsfree calling support: yes Bluetooth version V4.2 ; Clear and natural sound and parametric mesh design Its 3.7V 480mAh lithium battery can be charged using the Micro-USB port, however the USB charging cable is not bundled in the box\",\"inLanguage\":\"pt-PT\",\"isPartOf\":{\"@id\":\"https:\\\/\\\/www.rucashk.com\\\/pt\\\/#website\"},\"breadcrumb\":{\"@id\":\"https:\\\/\\\/www.rucashk.com\\\/pt\\\/produto\\\/mi-compact-bluetooth-speaker-2-global-wholesale\\\/#breadcrumblist\"},\"author\":{\"@id\":\"https:\\\/\\\/www.rucashk.com\\\/pt\\\/author\\\/admin\\\/#author\"},\"creator\":{\"@id\":\"https:\\\/\\\/www.rucashk.com\\\/pt\\\/author\\\/admin\\\/#author\"},\"image\":{\"@type\":\"ImageObject\",\"url\":\"https:\\\/\\\/www.rucashk.com\\\/wp-content\\\/uploads\\\/2024\\\/01\\\/Mi-Compact-Bluetooth-Speaker-2-Global.jpg\",\"@id\":\"https:\\\/\\\/www.rucashk.com\\\/pt\\\/produto\\\/mi-compact-bluetooth-speaker-2-global-wholesale\\\/#mainImage\",\"width\":800,\"height\":800},\"primaryImageOfPage\":{\"@id\":\"https:\\\/\\\/www.rucashk.com\\\/pt\\\/produto\\\/mi-compact-bluetooth-speaker-2-global-wholesale\\\/#mainImage\"},\"datePublished\":\"2024-01-09T16:05:07+00:00\",\"dateModified\":\"2024-03-13T06:13:54+00:00\"},{\"@type\":\"WebSite\",\"@id\":\"https:\\\/\\\/www.rucashk.com\\\/pt\\\/#website\",\"url\":\"https:\\\/\\\/www.rucashk.com\\\/pt\\\/\",\"name\":\"Rucas - Wholesale and distribution worldwide\",\"alternateName\":\"Rucas - One-stop AIoT Distribution Worldwide\",\"description\":\"One-stop AIoT Distribution Worldwide\",\"inLanguage\":\"pt-PT\",\"publisher\":{\"@id\":\"https:\\\/\\\/www.rucashk.com\\\/pt\\\/#organization\"}}]}\n\t\t<\/script>\n\t\t<!-- All in One SEO Pro -->\r\n\t\t<title>Mi Compact Bluetooth Speaker 2 Global Wholesale - Rucas - Wholesale and Distribution<\/title>\n\n","aioseo_head_json":{"title":"Mi Compact Bluetooth Speaker 2 Global Wholesale - Rucas - Wholesale and Distribution","description":"6 hours of playback. The impedance is 4 ohms. Audio frequency Range: 200 Hz to 18kHz; Playback time : 6 hours at 80% volume Easy to carry, easy to store - with hand strap, it's highly portable and easy to carry one-handed or in a bag Integrated microphone for phone calls - easily answer phone calls. No more hassle switching devices or audio output when receiving a call on your phone and go hands-free Effective distance is up to 10m, Handsfree calling support: yes Bluetooth version V4.2 ; Clear and natural sound and parametric mesh design Its 3.7V 480mAh lithium battery can be charged using the Micro-USB port, however the USB charging cable is not bundled in the box","canonical_url":"https:\/\/www.rucashk.com\/pt\/produto\/mi-compact-bluetooth-speaker-2-global-wholesale\/","robots":"max-image-preview:large","keywords":"","webmasterTools":{"miscellaneous":""},"og:locale":"pt_PT","og:site_name":"Rucas - One-stop AIoT Distribution Worldwide","og:type":"article","og:title":"Mi Compact Bluetooth Speaker 2 Global Wholesale - Rucas - Wholesale and Distribution","og:description":"6 hours of playback. The impedance is 4 ohms. Audio frequency Range: 200 Hz to 18kHz; Playback time : 6 hours at 80% volume Easy to carry, easy to store - with hand strap, it's highly portable and easy to carry one-handed or in a bag Integrated microphone for phone calls - easily answer phone calls. No more hassle switching devices or audio output when receiving a call on your phone and go hands-free Effective distance is up to 10m, Handsfree calling support: yes Bluetooth version V4.2 ; Clear and natural sound and parametric mesh design Its 3.7V 480mAh lithium battery can be charged using the Micro-USB port, however the USB charging cable is not bundled in the box","og:url":"https:\/\/www.rucashk.com\/pt\/produto\/mi-compact-bluetooth-speaker-2-global-wholesale\/","og:image":"https:\/\/www.rucashk.com\/wp-content\/uploads\/replace\/503b8e645f128a97ccde2b6290747646.jpeg","og:image:secure_url":"https:\/\/www.rucashk.com\/wp-content\/uploads\/replace\/503b8e645f128a97ccde2b6290747646.jpeg","og:image:width":1456,"og:image:height":816,"article:published_time":"2024-01-09T16:05:07+00:00","article:modified_time":"2024-03-13T06:13:54+00:00","twitter:card":"summary_large_image","twitter:title":"Mi Compact Bluetooth Speaker 2 Global Wholesale - Rucas - Wholesale and Distribution","twitter:description":"6 hours of playback. The impedance is 4 ohms. Audio frequency Range: 200 Hz to 18kHz; Playback time : 6 hours at 80% volume Easy to carry, easy to store - with hand strap, it's highly portable and easy to carry one-handed or in a bag Integrated microphone for phone calls - easily answer phone calls. No more hassle switching devices or audio output when receiving a call on your phone and go hands-free Effective distance is up to 10m, Handsfree calling support: yes Bluetooth version V4.2 ; Clear and natural sound and parametric mesh design Its 3.7V 480mAh lithium battery can be charged using the Micro-USB port, however the USB charging cable is not bundled in the box","twitter:image":"https:\/\/www.rucashk.com\/wp-content\/uploads\/replace\/503b8e645f128a97ccde2b6290747646.jpeg","schema":{"@context":"https:\/\/schema.org","@graph":[{"@type":"BreadcrumbList","@id":"https:\/\/www.rucashk.com\/pt\/produto\/mi-compact-bluetooth-speaker-2-global-wholesale\/#breadcrumblist","itemListElement":[{"@type":"ListItem","@id":"https:\/\/www.rucashk.com\/pt\/#listItem","position":1,"name":"Home","item":"https:\/\/www.rucashk.com\/pt\/","nextItem":"https:\/\/www.rucashk.com\/pt\/produto\/mi-compact-bluetooth-speaker-2-global-wholesale\/#listItem"},{"@type":"ListItem","@id":"https:\/\/www.rucashk.com\/pt\/produto\/mi-compact-bluetooth-speaker-2-global-wholesale\/#listItem","position":2,"name":"Mi Compact Bluetooth Speaker 2 Global Wholesale","previousItem":"https:\/\/www.rucashk.com\/pt\/#listItem"}]},{"@type":"Organization","@id":"https:\/\/www.rucashk.com\/pt\/#organization","name":"Rucas","url":"https:\/\/www.rucashk.com\/pt\/","logo":{"@type":"ImageObject","url":"https:\/\/www.rucashk.com\/wp-content\/uploads\/2023\/12\/Rucas_campany_logo.png","@id":"https:\/\/www.rucashk.com\/pt\/produto\/mi-compact-bluetooth-speaker-2-global-wholesale\/#organizationLogo","width":221,"height":65},"image":{"@id":"https:\/\/www.rucashk.com\/pt\/#organizationLogo"}},{"@type":"Person","@id":"https:\/\/www.rucashk.com\/pt\/author\/admin\/#author","url":"https:\/\/www.rucashk.com\/pt\/author\/admin\/","name":"admin","image":{"@type":"ImageObject","@id":"https:\/\/www.rucashk.com\/pt\/produto\/mi-compact-bluetooth-speaker-2-global-wholesale\/#authorImage","url":"https:\/\/secure.gravatar.com\/avatar\/b7c8925b09a27e72b30232f8ecaadbd5af0f70a38c78096863fe51b64f031c24?s=96&d=mm&r=g","width":96,"height":96,"caption":"admin"}},{"@type":"WebPage","@id":"https:\/\/www.rucashk.com\/pt\/produto\/mi-compact-bluetooth-speaker-2-global-wholesale\/#webpage","url":"https:\/\/www.rucashk.com\/pt\/produto\/mi-compact-bluetooth-speaker-2-global-wholesale\/","name":"Mi Compact Bluetooth Speaker 2 Global Wholesale - Rucas - Wholesale and Distribution","description":"6 hours of playback. The impedance is 4 ohms. Audio frequency Range: 200 Hz to 18kHz; Playback time : 6 hours at 80% volume Easy to carry, easy to store - with hand strap, it's highly portable and easy to carry one-handed or in a bag Integrated microphone for phone calls - easily answer phone calls. No more hassle switching devices or audio output when receiving a call on your phone and go hands-free Effective distance is up to 10m, Handsfree calling support: yes Bluetooth version V4.2 ; Clear and natural sound and parametric mesh design Its 3.7V 480mAh lithium battery can be charged using the Micro-USB port, however the USB charging cable is not bundled in the box","inLanguage":"pt-PT","isPartOf":{"@id":"https:\/\/www.rucashk.com\/pt\/#website"},"breadcrumb":{"@id":"https:\/\/www.rucashk.com\/pt\/produto\/mi-compact-bluetooth-speaker-2-global-wholesale\/#breadcrumblist"},"author":{"@id":"https:\/\/www.rucashk.com\/pt\/author\/admin\/#author"},"creator":{"@id":"https:\/\/www.rucashk.com\/pt\/author\/admin\/#author"},"image":{"@type":"ImageObject","url":"https:\/\/www.rucashk.com\/wp-content\/uploads\/2024\/01\/Mi-Compact-Bluetooth-Speaker-2-Global.jpg","@id":"https:\/\/www.rucashk.com\/pt\/produto\/mi-compact-bluetooth-speaker-2-global-wholesale\/#mainImage","width":800,"height":800},"primaryImageOfPage":{"@id":"https:\/\/www.rucashk.com\/pt\/produto\/mi-compact-bluetooth-speaker-2-global-wholesale\/#mainImage"},"datePublished":"2024-01-09T16:05:07+00:00","dateModified":"2024-03-13T06:13:54+00:00"},{"@type":"WebSite","@id":"https:\/\/www.rucashk.com\/pt\/#website","url":"https:\/\/www.rucashk.com\/pt\/","name":"Rucas - Wholesale and distribution worldwide","alternateName":"Rucas - One-stop AIoT Distribution Worldwide","description":"One-stop AIoT Distribution Worldwide","inLanguage":"pt-PT","publisher":{"@id":"https:\/\/www.rucashk.com\/pt\/#organization"}}]}},"aioseo_meta_data":{"post_id":"24501","title":null,"description":null,"keywords":null,"keyphrases":null,"primary_term":null,"canonical_url":null,"og_title":null,"og_description":null,"og_object_type":"default","og_image_type":"default","og_image_url":null,"og_image_width":null,"og_image_height":null,"og_image_custom_url":null,"og_image_custom_fields":null,"og_video":null,"og_custom_url":null,"og_article_section":null,"og_article_tags":null,"twitter_use_og":false,"twitter_card":"default","twitter_image_type":"default","twitter_image_url":null,"twitter_image_custom_url":null,"twitter_image_custom_fields":null,"twitter_title":null,"twitter_description":null,"schema":{"blockGraphs":[],"customGraphs":[],"default":{"data":{"Article":[],"Course":[],"Dataset":[],"FAQPage":[],"Movie":[],"Person":[],"Product":[],"Recipe":[],"Service":[],"SoftwareApplication":[],"WebPage":[]},"graphName":"","isEnabled":true},"graphs":[]},"schema_type":"default","schema_type_options":null,"pillar_content":false,"robots_default":true,"robots_noindex":false,"robots_noarchive":false,"robots_nosnippet":false,"robots_nofollow":false,"robots_noimageindex":false,"robots_noodp":false,"robots_notranslate":false,"robots_max_snippet":null,"robots_max_videopreview":null,"robots_max_imagepreview":"large","priority":null,"frequency":null,"local_seo":null,"breadcrumb_settings":null,"limit_modified_date":false,"created":"2024-04-11 01:57:12","updated":"2025-06-22 17:32:58"},"aioseo_breadcrumb":"<div class=\"aioseo-breadcrumbs\"><span class=\"aioseo-breadcrumb\">\n\t<a href=\"https:\/\/www.rucashk.com\/pt\" title=\"Home\">Home<\/a>\n<\/span><span class=\"aioseo-breadcrumb-separator\">&raquo;<\/span><span class=\"aioseo-breadcrumb\">\n\t<a href=\"https:\/\/www.rucashk.com\/pt\/products\/\" title=\"Produtos\">Produtos<\/a>\n<\/span><span class=\"aioseo-breadcrumb-separator\">&raquo;<\/span><span class=\"aioseo-breadcrumb\">\n\t<a href=\"https:\/\/www.rucashk.com\/pt\/categoria-produto\/xiaomi-eco\/\" title=\"Xiaomi Eco\">Xiaomi Eco<\/a>\n<\/span><span class=\"aioseo-breadcrumb-separator\">&raquo;<\/span><span class=\"aioseo-breadcrumb\">\n\t<a href=\"https:\/\/www.rucashk.com\/pt\/categoria-produto\/xiaomi-eco\/mi-redmi-earphone\/\" title=\"Mi Redmi Earphone\">Mi Redmi Earphone<\/a>\n<\/span><span class=\"aioseo-breadcrumb-separator\">&raquo;<\/span><span class=\"aioseo-breadcrumb\">\n\tMi Compact Bluetooth Speaker 2 Global Wholesale\n<\/span><\/div>","aioseo_breadcrumb_json":[{"label":"Home","link":"https:\/\/www.rucashk.com\/pt"},{"label":"Produtos","link":"https:\/\/www.rucashk.com\/pt\/products\/"},{"label":"Xiaomi Eco","link":"https:\/\/www.rucashk.com\/pt\/categoria-produto\/xiaomi-eco\/"},{"label":"Mi Redmi Earphone","link":"https:\/\/www.rucashk.com\/pt\/categoria-produto\/xiaomi-eco\/mi-redmi-earphone\/"},{"label":"Mi Compact Bluetooth Speaker 2 Global Wholesale","link":"https:\/\/www.rucashk.com\/pt\/produto\/mi-compact-bluetooth-speaker-2-global-wholesale\/"}],"_links":{"self":[{"href":"https:\/\/www.rucashk.com\/pt\/wp-json\/wp\/v2\/product\/24501","targetHints":{"allow":["GET"]}}],"collection":[{"href":"https:\/\/www.rucashk.com\/pt\/wp-json\/wp\/v2\/product"}],"about":[{"href":"https:\/\/www.rucashk.com\/pt\/wp-json\/wp\/v2\/types\/product"}],"wp:featuredmedia":[{"embeddable":true,"href":"https:\/\/www.rucashk.com\/pt\/wp-json\/wp\/v2\/media\/24637"}],"wp:attachment":[{"href":"https:\/\/www.rucashk.com\/pt\/wp-json\/wp\/v2\/media?parent=24501"}],"wp:term":[{"taxonomy":"product_brand","embeddable":true,"href":"https:\/\/www.rucashk.com\/pt\/wp-json\/wp\/v2\/product_brand?post=24501"},{"taxonomy":"product_cat","embeddable":true,"href":"https:\/\/www.rucashk.com\/pt\/wp-json\/wp\/v2\/product_cat?post=24501"},{"taxonomy":"product_tag","embeddable":true,"href":"https:\/\/www.rucashk.com\/pt\/wp-json\/wp\/v2\/product_tag?post=24501"}],"curies":[{"name":"wp","href":"https:\/\/api.w.org\/{rel}","templated":true}]}}