{"id":24496,"date":"2024-01-09T16:05:07","date_gmt":"2024-01-09T16:05:07","guid":{"rendered":"http:\/\/rucashk.com\/?post_type=product&#038;p=24496"},"modified":"2024-03-13T06:29:31","modified_gmt":"2024-03-13T06:29:31","slug":"1more-stylish-bluetooth-in-ear-headphones-black-pink-gold-green-wholesale","status":"publish","type":"product","link":"https:\/\/www.rucashk.com\/pt\/produto\/1more-stylish-bluetooth-in-ear-headphones-black-pink-gold-green-wholesale\/","title":{"rendered":"1 MAIS elegantes fones de ouvido intra-auriculares Bluetooth preto \/ rosa \/ dourado \/ verde atacado"},"content":{"rendered":"<h2 style=\"text-align: left\">1MORE elegantes fones de ouvido intra-auriculares Bluetooth preto\/rosa\/dourado\/verde<\/h2>\n<p style=\"text-align: left\"><img fetchpriority=\"high\" decoding=\"async\" class=\"alignleft\" src=\"\/wp-content\/uploads\/replace\/5960a15954fd71ef51402fa6275a0c6e.jpeg\" alt=\"Stylish Dual-dynamic Driver BT In-Ear Headphones\" width=\"930\" height=\"385\" \/><\/p>\n<p style=\"text-align: left\"><img decoding=\"async\" class=\"alignleft\" src=\"\/wp-content\/uploads\/replace\/14b41af674c261622deb48298fb2823a.jpeg\" alt=\"Stylish Dual-dynamic Driver BT In-Ear Headphones\" width=\"930\" height=\"498\" \/><\/p>\n<p style=\"text-align: left\"><img decoding=\"async\" class=\"alignleft\" src=\"\/wp-content\/uploads\/replace\/1fd39216e551196b78e4f75f4bc91e14.jpeg\" alt=\"Stylish Dual-dynamic Driver BT In-Ear Headphones\" width=\"930\" height=\"499\" \/><\/p>\n<p style=\"text-align: left\"><img loading=\"lazy\" decoding=\"async\" class=\"alignleft\" src=\"\/wp-content\/uploads\/replace\/7eaa024144258721899051983920d9d0.jpeg\" alt=\"Stylish Dual-dynamic Driver BT In-Ear Headphones\" width=\"929\" height=\"620\" \/><\/p>\n<p style=\"text-align: left\"><img loading=\"lazy\" decoding=\"async\" class=\"alignleft\" src=\"\/wp-content\/uploads\/replace\/bfac30515291029b516e9a45897258fc.jpeg\" alt=\"Stylish Dual-dynamic Driver BT In-Ear Headphones\" width=\"930\" height=\"511\" \/><\/p>\n<p style=\"text-align: left\"><img loading=\"lazy\" decoding=\"async\" class=\"alignleft\" src=\"\/wp-content\/uploads\/replace\/b1a2b5b2bd9dc8c96d06d20379cacafc.jpeg\" alt=\"Stylish Dual-dynamic Driver BT In-Ear Headphones\" width=\"929\" height=\"500\" \/><\/p>\n<p style=\"text-align: left\"><img loading=\"lazy\" decoding=\"async\" class=\"alignleft\" src=\"\/wp-content\/uploads\/replace\/c1595a786a91d4744b95e98047be146b.jpeg\" alt=\"Stylish Dual-dynamic Driver BT In-Ear Headphones\" width=\"929\" height=\"513\" \/><\/p>\n<p style=\"text-align: left\"><img loading=\"lazy\" decoding=\"async\" class=\"alignleft\" src=\"\/wp-content\/uploads\/replace\/3286cf37af0bc5d6710d0b9ed9b7ecf3.jpeg\" alt=\"Stylish Dual-dynamic Driver BT In-Ear Headphones\" width=\"929\" height=\"620\" \/><\/p>\n<p style=\"text-align: left\"><img loading=\"lazy\" decoding=\"async\" class=\"alignleft\" src=\"\/wp-content\/uploads\/replace\/dbe615db4b19622a4e22bdcf19342810.jpeg\" alt=\"Stylish Dual-dynamic Driver BT In-Ear Headphones\" width=\"929\" height=\"523\" \/><\/p>\n<p style=\"text-align: left\"><img loading=\"lazy\" decoding=\"async\" class=\"alignleft\" src=\"\/wp-content\/uploads\/replace\/7ec39b36aef0d37a503171c8c4364bb0.jpeg\" alt=\"Stylish Dual-dynamic Driver BT In-Ear Headphones\" width=\"930\" height=\"523\" \/><\/p>\n<p><img loading=\"lazy\" decoding=\"async\" class=\"alignleft\" src=\"\/wp-content\/uploads\/replace\/1133dfb9c84fa24a54ec2e409ef3e0d8.jpeg\" alt=\"Stylish Dual-dynamic Driver BT In-Ear Headphones\" width=\"929\" height=\"524\" \/><\/p>","protected":false},"excerpt":{"rendered":"<ul>\n<li>Combina\u00e7\u00f5es de cores elegantes \u2013 escolha entre 4 op\u00e7\u00f5es de cores elegantes para combinar com sua prefer\u00eancia pessoal: rosa rosa, ouro platinado, verde hortel\u00e3 e preto meia-noite. A c\u00e2mara de som, o cabo e as pontas dos ouvidos apresentam o mesmo esquema de cores para uma est\u00e9tica atemporal.<\/li>\n<li>Driver duplo din\u00e2mico \u2013 Um driver duplo din\u00e2mico com 1 diafragma de tit\u00e2nio + 1 diafragma de grafeno em um design coaxial com duas camadas externas de animal de estima\u00e7\u00e3o oferece detalhes sonoros superiores com agudos escaldantes, m\u00e9dios n\u00edtidos e graves profundos.<\/li>\n<li>\u00c1udio Bluetooth sem perdas \u2013 Bluetooth V4.2 com alcance sem fio de at\u00e9 30 p\u00e9s. Permite que voc\u00ea ou\u00e7a suas m\u00fasicas favoritas a qualquer hora e em qualquer lugar. A conveni\u00eancia do Bluetooth nunca pareceu t\u00e3o boa.<\/li>\n<li>Carga r\u00e1pida \u2013 totalmente carregada<\/li>\n<\/ul>","protected":false},"featured_media":24612,"template":"","meta":[],"product_brand":[],"product_cat":[1341,1305],"product_tag":[1093],"class_list":{"0":"post-24496","1":"product","2":"type-product","3":"status-publish","4":"has-post-thumbnail","6":"product_cat-others","7":"product_cat-xiaomi-eco","8":"product_tag-1more-stylish-bluetooth-in-ear-headphones-black-pink-gold-green","10":"first","11":"instock","12":"shipping-taxable","13":"product-type-external"},"aioseo_notices":[],"aioseo_head":"\n\t\t<!-- All in One SEO Pro 4.5.9.2 - aioseo.com -->\n\t\t<meta name=\"description\" content=\"Stylish color combinations \u2013 choose between 4 stylish color options to match your personal preference: rose Pink, Platinum Gold, spearmint Green and midnight Black. The sound chamber, cable, and ear tips all feature the same color scheme for a timeless aesthetic. Dual-dynamic driver \u2013 A dual-dynamic driver featuring 1 titanium diaphragm + 1 graphene diaphragm in a coaxial design with two outer layers of pet deliver superior sonic detail with sizzling highs, clear midst, and Deep bass. Lossless Bluetooth Audio \u2013 Bluetooth V4.2 with a wireless range of up to 30 ft. Allows you to listen to your favorite music anytime, anywhere. The convenience of Bluetooth has never looked so good. Fast charge \u2013 fully char\" \/>\n\t\t<meta name=\"robots\" content=\"max-image-preview:large\" \/>\n\t\t<link rel=\"canonical\" href=\"https:\/\/www.rucashk.com\/pt\/produto\/1more-stylish-bluetooth-in-ear-headphones-black-pink-gold-green-wholesale\/\" \/>\n\t\t<meta name=\"generator\" content=\"All in One SEO Pro (AIOSEO) 4.5.9.2\" \/>\n\t\t<meta property=\"og:locale\" content=\"pt_PT\" \/>\n\t\t<meta property=\"og:site_name\" content=\"Rucas - One-stop AIoT Distribution Worldwide\" \/>\n\t\t<meta property=\"og:type\" content=\"article\" \/>\n\t\t<meta property=\"og:title\" content=\"1MORE Stylish Bluetooth In-Ear Headphones Black\/Pink\/Gold\/Green Wholesale - Rucas - Wholesale and Distribution\" \/>\n\t\t<meta property=\"og:description\" content=\"Stylish color combinations \u2013 choose between 4 stylish color options to match your personal preference: rose Pink, Platinum Gold, spearmint Green and midnight Black. The sound chamber, cable, and ear tips all feature the same color scheme for a timeless aesthetic. Dual-dynamic driver \u2013 A dual-dynamic driver featuring 1 titanium diaphragm + 1 graphene diaphragm in a coaxial design with two outer layers of pet deliver superior sonic detail with sizzling highs, clear midst, and Deep bass. Lossless Bluetooth Audio \u2013 Bluetooth V4.2 with a wireless range of up to 30 ft. Allows you to listen to your favorite music anytime, anywhere. The convenience of Bluetooth has never looked so good. Fast charge \u2013 fully char\" \/>\n\t\t<meta property=\"og:url\" content=\"https:\/\/www.rucashk.com\/pt\/produto\/1more-stylish-bluetooth-in-ear-headphones-black-pink-gold-green-wholesale\/\" \/>\n\t\t<meta property=\"og:image\" content=\"https:\/\/www.rucashk.com\/wp-content\/uploads\/replace\/503b8e645f128a97ccde2b6290747646.jpeg\" \/>\n\t\t<meta property=\"og:image:secure_url\" content=\"https:\/\/www.rucashk.com\/wp-content\/uploads\/replace\/503b8e645f128a97ccde2b6290747646.jpeg\" \/>\n\t\t<meta property=\"og:image:width\" content=\"1456\" \/>\n\t\t<meta property=\"og:image:height\" content=\"816\" \/>\n\t\t<meta property=\"article:published_time\" content=\"2024-01-09T16:05:07+00:00\" \/>\n\t\t<meta property=\"article:modified_time\" content=\"2024-03-13T06:29:31+00:00\" \/>\n\t\t<meta name=\"twitter:card\" content=\"summary_large_image\" \/>\n\t\t<meta name=\"twitter:title\" content=\"1MORE Stylish Bluetooth In-Ear Headphones Black\/Pink\/Gold\/Green Wholesale - Rucas - Wholesale and Distribution\" \/>\n\t\t<meta name=\"twitter:description\" content=\"Stylish color combinations \u2013 choose between 4 stylish color options to match your personal preference: rose Pink, Platinum Gold, spearmint Green and midnight Black. The sound chamber, cable, and ear tips all feature the same color scheme for a timeless aesthetic. Dual-dynamic driver \u2013 A dual-dynamic driver featuring 1 titanium diaphragm + 1 graphene diaphragm in a coaxial design with two outer layers of pet deliver superior sonic detail with sizzling highs, clear midst, and Deep bass. Lossless Bluetooth Audio \u2013 Bluetooth V4.2 with a wireless range of up to 30 ft. Allows you to listen to your favorite music anytime, anywhere. The convenience of Bluetooth has never looked so good. Fast charge \u2013 fully char\" \/>\n\t\t<meta name=\"twitter:image\" content=\"https:\/\/www.rucashk.com\/wp-content\/uploads\/replace\/503b8e645f128a97ccde2b6290747646.jpeg\" \/>\n\t\t<script type=\"application\/ld+json\" class=\"aioseo-schema\">\n\t\t\t{\"@context\":\"https:\\\/\\\/schema.org\",\"@graph\":[{\"@type\":\"BreadcrumbList\",\"@id\":\"https:\\\/\\\/www.rucashk.com\\\/pt\\\/produto\\\/1more-stylish-bluetooth-in-ear-headphones-black-pink-gold-green-wholesale\\\/#breadcrumblist\",\"itemListElement\":[{\"@type\":\"ListItem\",\"@id\":\"https:\\\/\\\/www.rucashk.com\\\/pt\\\/#listItem\",\"position\":1,\"name\":\"Home\",\"item\":\"https:\\\/\\\/www.rucashk.com\\\/pt\\\/\",\"nextItem\":\"https:\\\/\\\/www.rucashk.com\\\/pt\\\/produto\\\/1more-stylish-bluetooth-in-ear-headphones-black-pink-gold-green-wholesale\\\/#listItem\"},{\"@type\":\"ListItem\",\"@id\":\"https:\\\/\\\/www.rucashk.com\\\/pt\\\/produto\\\/1more-stylish-bluetooth-in-ear-headphones-black-pink-gold-green-wholesale\\\/#listItem\",\"position\":2,\"name\":\"1MORE Stylish Bluetooth In-Ear Headphones Black\\\/Pink\\\/Gold\\\/Green Wholesale\",\"previousItem\":\"https:\\\/\\\/www.rucashk.com\\\/pt\\\/#listItem\"}]},{\"@type\":\"Organization\",\"@id\":\"https:\\\/\\\/www.rucashk.com\\\/pt\\\/#organization\",\"name\":\"Rucas\",\"url\":\"https:\\\/\\\/www.rucashk.com\\\/pt\\\/\",\"logo\":{\"@type\":\"ImageObject\",\"url\":\"https:\\\/\\\/www.rucashk.com\\\/wp-content\\\/uploads\\\/2023\\\/12\\\/Rucas_campany_logo.png\",\"@id\":\"https:\\\/\\\/www.rucashk.com\\\/pt\\\/produto\\\/1more-stylish-bluetooth-in-ear-headphones-black-pink-gold-green-wholesale\\\/#organizationLogo\",\"width\":221,\"height\":65},\"image\":{\"@id\":\"https:\\\/\\\/www.rucashk.com\\\/pt\\\/#organizationLogo\"}},{\"@type\":\"Person\",\"@id\":\"https:\\\/\\\/www.rucashk.com\\\/pt\\\/author\\\/admin\\\/#author\",\"url\":\"https:\\\/\\\/www.rucashk.com\\\/pt\\\/author\\\/admin\\\/\",\"name\":\"admin\",\"image\":{\"@type\":\"ImageObject\",\"@id\":\"https:\\\/\\\/www.rucashk.com\\\/pt\\\/produto\\\/1more-stylish-bluetooth-in-ear-headphones-black-pink-gold-green-wholesale\\\/#authorImage\",\"url\":\"https:\\\/\\\/secure.gravatar.com\\\/avatar\\\/b7c8925b09a27e72b30232f8ecaadbd5af0f70a38c78096863fe51b64f031c24?s=96&d=mm&r=g\",\"width\":96,\"height\":96,\"caption\":\"admin\"}},{\"@type\":\"WebPage\",\"@id\":\"https:\\\/\\\/www.rucashk.com\\\/pt\\\/produto\\\/1more-stylish-bluetooth-in-ear-headphones-black-pink-gold-green-wholesale\\\/#webpage\",\"url\":\"https:\\\/\\\/www.rucashk.com\\\/pt\\\/produto\\\/1more-stylish-bluetooth-in-ear-headphones-black-pink-gold-green-wholesale\\\/\",\"name\":\"1MORE Stylish Bluetooth In-Ear Headphones Black\\\/Pink\\\/Gold\\\/Green Wholesale - Rucas - Wholesale and Distribution\",\"description\":\"Stylish color combinations \\u2013 choose between 4 stylish color options to match your personal preference: rose Pink, Platinum Gold, spearmint Green and midnight Black. The sound chamber, cable, and ear tips all feature the same color scheme for a timeless aesthetic. Dual-dynamic driver \\u2013 A dual-dynamic driver featuring 1 titanium diaphragm + 1 graphene diaphragm in a coaxial design with two outer layers of pet deliver superior sonic detail with sizzling highs, clear midst, and Deep bass. Lossless Bluetooth Audio \\u2013 Bluetooth V4.2 with a wireless range of up to 30 ft. Allows you to listen to your favorite music anytime, anywhere. The convenience of Bluetooth has never looked so good. Fast charge \\u2013 fully char\",\"inLanguage\":\"pt-PT\",\"isPartOf\":{\"@id\":\"https:\\\/\\\/www.rucashk.com\\\/pt\\\/#website\"},\"breadcrumb\":{\"@id\":\"https:\\\/\\\/www.rucashk.com\\\/pt\\\/produto\\\/1more-stylish-bluetooth-in-ear-headphones-black-pink-gold-green-wholesale\\\/#breadcrumblist\"},\"author\":{\"@id\":\"https:\\\/\\\/www.rucashk.com\\\/pt\\\/author\\\/admin\\\/#author\"},\"creator\":{\"@id\":\"https:\\\/\\\/www.rucashk.com\\\/pt\\\/author\\\/admin\\\/#author\"},\"image\":{\"@type\":\"ImageObject\",\"url\":\"https:\\\/\\\/www.rucashk.com\\\/wp-content\\\/uploads\\\/2024\\\/01\\\/Stylish-Dual-dynamic-Driver-BT-In-Ear-Headphones-4.jpg\",\"@id\":\"https:\\\/\\\/www.rucashk.com\\\/pt\\\/produto\\\/1more-stylish-bluetooth-in-ear-headphones-black-pink-gold-green-wholesale\\\/#mainImage\",\"width\":800,\"height\":800},\"primaryImageOfPage\":{\"@id\":\"https:\\\/\\\/www.rucashk.com\\\/pt\\\/produto\\\/1more-stylish-bluetooth-in-ear-headphones-black-pink-gold-green-wholesale\\\/#mainImage\"},\"datePublished\":\"2024-01-09T16:05:07+00:00\",\"dateModified\":\"2024-03-13T06:29:31+00:00\"},{\"@type\":\"WebSite\",\"@id\":\"https:\\\/\\\/www.rucashk.com\\\/pt\\\/#website\",\"url\":\"https:\\\/\\\/www.rucashk.com\\\/pt\\\/\",\"name\":\"Rucas - Wholesale and distribution worldwide\",\"alternateName\":\"Rucas - One-stop AIoT Distribution Worldwide\",\"description\":\"One-stop AIoT Distribution Worldwide\",\"inLanguage\":\"pt-PT\",\"publisher\":{\"@id\":\"https:\\\/\\\/www.rucashk.com\\\/pt\\\/#organization\"}}]}\n\t\t<\/script>\n\t\t<!-- All in One SEO Pro -->\r\n\t\t<title>1MORE Stylish Bluetooth In-Ear Headphones Black\/Pink\/Gold\/Green Wholesale - Rucas - Wholesale and Distribution<\/title>\n\n","aioseo_head_json":{"title":"1MORE Stylish Bluetooth In-Ear Headphones Black\/Pink\/Gold\/Green Wholesale - Rucas - Wholesale and Distribution","description":"Stylish color combinations \u2013 choose between 4 stylish color options to match your personal preference: rose Pink, Platinum Gold, spearmint Green and midnight Black. The sound chamber, cable, and ear tips all feature the same color scheme for a timeless aesthetic. Dual-dynamic driver \u2013 A dual-dynamic driver featuring 1 titanium diaphragm + 1 graphene diaphragm in a coaxial design with two outer layers of pet deliver superior sonic detail with sizzling highs, clear midst, and Deep bass. Lossless Bluetooth Audio \u2013 Bluetooth V4.2 with a wireless range of up to 30 ft. Allows you to listen to your favorite music anytime, anywhere. The convenience of Bluetooth has never looked so good. Fast charge \u2013 fully char","canonical_url":"https:\/\/www.rucashk.com\/pt\/produto\/1more-stylish-bluetooth-in-ear-headphones-black-pink-gold-green-wholesale\/","robots":"max-image-preview:large","keywords":"","webmasterTools":{"miscellaneous":""},"og:locale":"pt_PT","og:site_name":"Rucas - One-stop AIoT Distribution Worldwide","og:type":"article","og:title":"1MORE Stylish Bluetooth In-Ear Headphones Black\/Pink\/Gold\/Green Wholesale - Rucas - Wholesale and Distribution","og:description":"Stylish color combinations \u2013 choose between 4 stylish color options to match your personal preference: rose Pink, Platinum Gold, spearmint Green and midnight Black. The sound chamber, cable, and ear tips all feature the same color scheme for a timeless aesthetic. Dual-dynamic driver \u2013 A dual-dynamic driver featuring 1 titanium diaphragm + 1 graphene diaphragm in a coaxial design with two outer layers of pet deliver superior sonic detail with sizzling highs, clear midst, and Deep bass. Lossless Bluetooth Audio \u2013 Bluetooth V4.2 with a wireless range of up to 30 ft. Allows you to listen to your favorite music anytime, anywhere. The convenience of Bluetooth has never looked so good. Fast charge \u2013 fully char","og:url":"https:\/\/www.rucashk.com\/pt\/produto\/1more-stylish-bluetooth-in-ear-headphones-black-pink-gold-green-wholesale\/","og:image":"https:\/\/www.rucashk.com\/wp-content\/uploads\/replace\/503b8e645f128a97ccde2b6290747646.jpeg","og:image:secure_url":"https:\/\/www.rucashk.com\/wp-content\/uploads\/replace\/503b8e645f128a97ccde2b6290747646.jpeg","og:image:width":1456,"og:image:height":816,"article:published_time":"2024-01-09T16:05:07+00:00","article:modified_time":"2024-03-13T06:29:31+00:00","twitter:card":"summary_large_image","twitter:title":"1MORE Stylish Bluetooth In-Ear Headphones Black\/Pink\/Gold\/Green Wholesale - Rucas - Wholesale and Distribution","twitter:description":"Stylish color combinations \u2013 choose between 4 stylish color options to match your personal preference: rose Pink, Platinum Gold, spearmint Green and midnight Black. The sound chamber, cable, and ear tips all feature the same color scheme for a timeless aesthetic. Dual-dynamic driver \u2013 A dual-dynamic driver featuring 1 titanium diaphragm + 1 graphene diaphragm in a coaxial design with two outer layers of pet deliver superior sonic detail with sizzling highs, clear midst, and Deep bass. Lossless Bluetooth Audio \u2013 Bluetooth V4.2 with a wireless range of up to 30 ft. Allows you to listen to your favorite music anytime, anywhere. The convenience of Bluetooth has never looked so good. Fast charge \u2013 fully char","twitter:image":"https:\/\/www.rucashk.com\/wp-content\/uploads\/replace\/503b8e645f128a97ccde2b6290747646.jpeg","schema":{"@context":"https:\/\/schema.org","@graph":[{"@type":"BreadcrumbList","@id":"https:\/\/www.rucashk.com\/pt\/produto\/1more-stylish-bluetooth-in-ear-headphones-black-pink-gold-green-wholesale\/#breadcrumblist","itemListElement":[{"@type":"ListItem","@id":"https:\/\/www.rucashk.com\/pt\/#listItem","position":1,"name":"Home","item":"https:\/\/www.rucashk.com\/pt\/","nextItem":"https:\/\/www.rucashk.com\/pt\/produto\/1more-stylish-bluetooth-in-ear-headphones-black-pink-gold-green-wholesale\/#listItem"},{"@type":"ListItem","@id":"https:\/\/www.rucashk.com\/pt\/produto\/1more-stylish-bluetooth-in-ear-headphones-black-pink-gold-green-wholesale\/#listItem","position":2,"name":"1MORE Stylish Bluetooth In-Ear Headphones Black\/Pink\/Gold\/Green Wholesale","previousItem":"https:\/\/www.rucashk.com\/pt\/#listItem"}]},{"@type":"Organization","@id":"https:\/\/www.rucashk.com\/pt\/#organization","name":"Rucas","url":"https:\/\/www.rucashk.com\/pt\/","logo":{"@type":"ImageObject","url":"https:\/\/www.rucashk.com\/wp-content\/uploads\/2023\/12\/Rucas_campany_logo.png","@id":"https:\/\/www.rucashk.com\/pt\/produto\/1more-stylish-bluetooth-in-ear-headphones-black-pink-gold-green-wholesale\/#organizationLogo","width":221,"height":65},"image":{"@id":"https:\/\/www.rucashk.com\/pt\/#organizationLogo"}},{"@type":"Person","@id":"https:\/\/www.rucashk.com\/pt\/author\/admin\/#author","url":"https:\/\/www.rucashk.com\/pt\/author\/admin\/","name":"admin","image":{"@type":"ImageObject","@id":"https:\/\/www.rucashk.com\/pt\/produto\/1more-stylish-bluetooth-in-ear-headphones-black-pink-gold-green-wholesale\/#authorImage","url":"https:\/\/secure.gravatar.com\/avatar\/b7c8925b09a27e72b30232f8ecaadbd5af0f70a38c78096863fe51b64f031c24?s=96&d=mm&r=g","width":96,"height":96,"caption":"admin"}},{"@type":"WebPage","@id":"https:\/\/www.rucashk.com\/pt\/produto\/1more-stylish-bluetooth-in-ear-headphones-black-pink-gold-green-wholesale\/#webpage","url":"https:\/\/www.rucashk.com\/pt\/produto\/1more-stylish-bluetooth-in-ear-headphones-black-pink-gold-green-wholesale\/","name":"1MORE Stylish Bluetooth In-Ear Headphones Black\/Pink\/Gold\/Green Wholesale - Rucas - Wholesale and Distribution","description":"Stylish color combinations \u2013 choose between 4 stylish color options to match your personal preference: rose Pink, Platinum Gold, spearmint Green and midnight Black. The sound chamber, cable, and ear tips all feature the same color scheme for a timeless aesthetic. Dual-dynamic driver \u2013 A dual-dynamic driver featuring 1 titanium diaphragm + 1 graphene diaphragm in a coaxial design with two outer layers of pet deliver superior sonic detail with sizzling highs, clear midst, and Deep bass. Lossless Bluetooth Audio \u2013 Bluetooth V4.2 with a wireless range of up to 30 ft. Allows you to listen to your favorite music anytime, anywhere. The convenience of Bluetooth has never looked so good. Fast charge \u2013 fully char","inLanguage":"pt-PT","isPartOf":{"@id":"https:\/\/www.rucashk.com\/pt\/#website"},"breadcrumb":{"@id":"https:\/\/www.rucashk.com\/pt\/produto\/1more-stylish-bluetooth-in-ear-headphones-black-pink-gold-green-wholesale\/#breadcrumblist"},"author":{"@id":"https:\/\/www.rucashk.com\/pt\/author\/admin\/#author"},"creator":{"@id":"https:\/\/www.rucashk.com\/pt\/author\/admin\/#author"},"image":{"@type":"ImageObject","url":"https:\/\/www.rucashk.com\/wp-content\/uploads\/2024\/01\/Stylish-Dual-dynamic-Driver-BT-In-Ear-Headphones-4.jpg","@id":"https:\/\/www.rucashk.com\/pt\/produto\/1more-stylish-bluetooth-in-ear-headphones-black-pink-gold-green-wholesale\/#mainImage","width":800,"height":800},"primaryImageOfPage":{"@id":"https:\/\/www.rucashk.com\/pt\/produto\/1more-stylish-bluetooth-in-ear-headphones-black-pink-gold-green-wholesale\/#mainImage"},"datePublished":"2024-01-09T16:05:07+00:00","dateModified":"2024-03-13T06:29:31+00:00"},{"@type":"WebSite","@id":"https:\/\/www.rucashk.com\/pt\/#website","url":"https:\/\/www.rucashk.com\/pt\/","name":"Rucas - Wholesale and distribution worldwide","alternateName":"Rucas - One-stop AIoT Distribution Worldwide","description":"One-stop AIoT Distribution Worldwide","inLanguage":"pt-PT","publisher":{"@id":"https:\/\/www.rucashk.com\/pt\/#organization"}}]}},"aioseo_meta_data":{"post_id":"24496","title":null,"description":null,"keywords":null,"keyphrases":null,"primary_term":null,"canonical_url":null,"og_title":null,"og_description":null,"og_object_type":"default","og_image_type":"default","og_image_url":null,"og_image_width":null,"og_image_height":null,"og_image_custom_url":null,"og_image_custom_fields":null,"og_video":null,"og_custom_url":null,"og_article_section":null,"og_article_tags":null,"twitter_use_og":false,"twitter_card":"default","twitter_image_type":"default","twitter_image_url":null,"twitter_image_custom_url":null,"twitter_image_custom_fields":null,"twitter_title":null,"twitter_description":null,"schema":{"blockGraphs":[],"customGraphs":[],"default":{"data":{"Article":[],"Course":[],"Dataset":[],"FAQPage":[],"Movie":[],"Person":[],"Product":[],"Recipe":[],"Service":[],"SoftwareApplication":[],"WebPage":[]},"graphName":"","isEnabled":true},"graphs":[]},"schema_type":"default","schema_type_options":null,"pillar_content":false,"robots_default":true,"robots_noindex":false,"robots_noarchive":false,"robots_nosnippet":false,"robots_nofollow":false,"robots_noimageindex":false,"robots_noodp":false,"robots_notranslate":false,"robots_max_snippet":null,"robots_max_videopreview":null,"robots_max_imagepreview":"large","priority":null,"frequency":null,"local_seo":null,"breadcrumb_settings":null,"limit_modified_date":false,"created":"2024-04-11 01:57:12","updated":"2025-06-22 17:32:04"},"aioseo_breadcrumb":"<div class=\"aioseo-breadcrumbs\"><span class=\"aioseo-breadcrumb\">\n\t<a href=\"https:\/\/www.rucashk.com\/pt\" title=\"Home\">Home<\/a>\n<\/span><span class=\"aioseo-breadcrumb-separator\">&raquo;<\/span><span class=\"aioseo-breadcrumb\">\n\t<a href=\"https:\/\/www.rucashk.com\/pt\/products\/\" title=\"Produtos\">Produtos<\/a>\n<\/span><span class=\"aioseo-breadcrumb-separator\">&raquo;<\/span><span class=\"aioseo-breadcrumb\">\n\t<a href=\"https:\/\/www.rucashk.com\/pt\/categoria-produto\/xiaomi-eco\/\" title=\"Xiaomi Eco\">Xiaomi Eco<\/a>\n<\/span><span class=\"aioseo-breadcrumb-separator\">&raquo;<\/span><span class=\"aioseo-breadcrumb\">\n\t<a href=\"https:\/\/www.rucashk.com\/pt\/categoria-produto\/xiaomi-eco\/others\/\" title=\"Others\">Others<\/a>\n<\/span><span class=\"aioseo-breadcrumb-separator\">&raquo;<\/span><span class=\"aioseo-breadcrumb\">\n\t1MORE Stylish Bluetooth In-Ear Headphones Black\/Pink\/Gold\/Green Wholesale\n<\/span><\/div>","aioseo_breadcrumb_json":[{"label":"Home","link":"https:\/\/www.rucashk.com\/pt"},{"label":"Produtos","link":"https:\/\/www.rucashk.com\/pt\/products\/"},{"label":"Xiaomi Eco","link":"https:\/\/www.rucashk.com\/pt\/categoria-produto\/xiaomi-eco\/"},{"label":"Others","link":"https:\/\/www.rucashk.com\/pt\/categoria-produto\/xiaomi-eco\/others\/"},{"label":"1MORE Stylish Bluetooth In-Ear Headphones Black\/Pink\/Gold\/Green Wholesale","link":"https:\/\/www.rucashk.com\/pt\/produto\/1more-stylish-bluetooth-in-ear-headphones-black-pink-gold-green-wholesale\/"}],"_links":{"self":[{"href":"https:\/\/www.rucashk.com\/pt\/wp-json\/wp\/v2\/product\/24496","targetHints":{"allow":["GET"]}}],"collection":[{"href":"https:\/\/www.rucashk.com\/pt\/wp-json\/wp\/v2\/product"}],"about":[{"href":"https:\/\/www.rucashk.com\/pt\/wp-json\/wp\/v2\/types\/product"}],"wp:featuredmedia":[{"embeddable":true,"href":"https:\/\/www.rucashk.com\/pt\/wp-json\/wp\/v2\/media\/24612"}],"wp:attachment":[{"href":"https:\/\/www.rucashk.com\/pt\/wp-json\/wp\/v2\/media?parent=24496"}],"wp:term":[{"taxonomy":"product_brand","embeddable":true,"href":"https:\/\/www.rucashk.com\/pt\/wp-json\/wp\/v2\/product_brand?post=24496"},{"taxonomy":"product_cat","embeddable":true,"href":"https:\/\/www.rucashk.com\/pt\/wp-json\/wp\/v2\/product_cat?post=24496"},{"taxonomy":"product_tag","embeddable":true,"href":"https:\/\/www.rucashk.com\/pt\/wp-json\/wp\/v2\/product_tag?post=24496"}],"curies":[{"name":"wp","href":"https:\/\/api.w.org\/{rel}","templated":true}]}}