{"id":24459,"date":"2024-01-09T16:04:42","date_gmt":"2024-01-09T16:04:42","guid":{"rendered":"http:\/\/rucashk.com\/?post_type=product&#038;p=24459"},"modified":"2024-03-13T06:14:11","modified_gmt":"2024-03-13T06:14:11","slug":"philips-sonicare-protective-clean-4100-electric-toothbrush-wholesale","status":"publish","type":"product","link":"https:\/\/www.rucashk.com\/pt\/produto\/philips-sonicare-protective-clean-4100-electric-toothbrush-wholesale\/","title":{"rendered":"Escova de dentes el\u00e9trica Philips Sonicare Protective Clean 4100 no atacado"},"content":{"rendered":"<p><img fetchpriority=\"high\" decoding=\"async\" class=\"alignnone wp-image-20966 size-full\" src=\"\/wp-content\/uploads\/replace\/1b815340a66823b2cb0d996b1895853e.png\" alt=\"Philips Sonicare Protective Clean 4100 Electric Toothbrush\" width=\"1250\" height=\"834\" \/><img decoding=\"async\" class=\"alignnone wp-image-20967 size-full\" src=\"\/wp-content\/uploads\/replace\/1f69d1e742a59a4aeefe0fd7fee4ed9c.png\" alt=\"Philips Sonicare Protective Clean 4100 Electric Toothbrush\" width=\"1250\" height=\"834\" \/><img decoding=\"async\" class=\"alignnone wp-image-20968 size-full\" src=\"\/wp-content\/uploads\/replace\/f7016d3576b6b36e2140467df0b1df1e.png\" alt=\"Philips Sonicare Protective Clean 4100 Electric Toothbrush\" width=\"1250\" height=\"834\" \/><img loading=\"lazy\" decoding=\"async\" class=\"alignnone wp-image-20969\" src=\"\/wp-content\/uploads\/replace\/3d6a6e7234ed68ee9b7510e9216425dc.png\" alt=\"Philips Sonicare Protective Clean 4100 Electric Toothbrush\" width=\"1089\" height=\"606\" \/><img loading=\"lazy\" decoding=\"async\" class=\"alignnone wp-image-20970 size-full\" src=\"\/wp-content\/uploads\/replace\/3863a9d842ecab73b2dd8fa9d9b43b3c.png\" alt=\"Philips Sonicare Protective Clean 4100 Electric Toothbrush\" width=\"1089\" height=\"468\" \/><img loading=\"lazy\" decoding=\"async\" class=\"alignnone wp-image-20971\" src=\"\/wp-content\/uploads\/replace\/23692837fa6cc714d4ca1899266dc35b.png\" alt=\"Philips Sonicare Protective Clean 4100 Electric Toothbrush\" width=\"1089\" height=\"578\" \/><\/p>","protected":false},"excerpt":{"rendered":"<h2 class=\"secHd\" style=\"margin: 0px;padding: 0px 0px 10px;border: 0px currentColor;text-align: left;color: #333333;text-transform: none;line-height: 1.3em;text-indent: 0px;letter-spacing: normal;font-family: 'Helvetica neue', Helvetica, Verdana, sans-serif;font-size: 16px;font-style: normal;font-weight: bold;background-color: #ffffff\">CARACTER\u00cdSTICAS DO PRODUTO:<\/h2>\n<ul class=\"a-unordered-list a-vertical a-spacing-mini\">\n<li><span class=\"a-list-item\">Cuidado suave e eficaz facilitado com tecnologia s\u00f3nica que remove at\u00e9 7x mais placa bacteriana em compara\u00e7\u00e3o com uma escova de dentes manual<\/span><\/li>\n<li><span class=\"a-list-item\">Protect your teeth and gums with a pressure sensor that gently pulses to alert you when you&#8217;re brushing too hard<\/span><\/li>\n<li><span class=\"a-list-item\">Saiba sempre quando substituir a cabe\u00e7a da escova para uma limpeza eficaz com o lembrete de substitui\u00e7\u00e3o da cabe\u00e7a da escova<\/span><\/li>\n<li><span class=\"a-list-item\">O temporizador de dois minutos com QuadPacer ajuda a garantir o tempo de escova\u00e7\u00e3o recomendado pelo Dentista e uma limpeza consistente em toda a boca<\/span><\/li>\n<li><span class=\"a-list-item\">Bateria de longa dura\u00e7\u00e3o com dura\u00e7\u00e3o de 14 dias; A luz indicadora da bateria permite que voc\u00ea saiba quando recarregar<\/span><\/li>\n<\/ul>","protected":false},"featured_media":24609,"template":"","meta":[],"product_brand":[],"product_cat":[1322,1335],"product_tag":[1092],"class_list":{"0":"post-24459","1":"product","2":"type-product","3":"status-publish","4":"has-post-thumbnail","6":"product_cat-other-a-brands","7":"product_cat-philips","8":"product_tag-philips-sonicare-protective-clean-4100","10":"first","11":"instock","12":"shipping-taxable","13":"product-type-external"},"aioseo_notices":[],"aioseo_head":"\n\t\t<!-- All in One SEO Pro 4.5.9.2 - aioseo.com -->\n\t\t<meta name=\"description\" content=\"PRODUCT FEATURES: Gentle and effective care made easy with sonic technology that removes up to 7x more plaque vs a manual toothbrush Protect your teeth and gums with a pressure sensor that gently pulses to alert you when you&#039;re brushing too hard Always know when to replace your brush head for an effective clean with the brush head replacement reminder Two minute timer with QuadPacer helps ensure Dental Professional recommended brushing time and a consistent clean throughout your mouth Long lasting 14 day battery life; Battery indicator light lets you know when to recharge\" \/>\n\t\t<meta name=\"robots\" content=\"max-image-preview:large\" \/>\n\t\t<link rel=\"canonical\" href=\"https:\/\/www.rucashk.com\/pt\/produto\/philips-sonicare-protective-clean-4100-electric-toothbrush-wholesale\/\" \/>\n\t\t<meta name=\"generator\" content=\"All in One SEO Pro (AIOSEO) 4.5.9.2\" \/>\n\t\t<meta property=\"og:locale\" content=\"pt_PT\" \/>\n\t\t<meta property=\"og:site_name\" content=\"Rucas - One-stop AIoT Distribution Worldwide\" \/>\n\t\t<meta property=\"og:type\" content=\"article\" \/>\n\t\t<meta property=\"og:title\" content=\"Philips Sonicare Protective Clean 4100 Electric Toothbrush Wholesale - Rucas - Wholesale and Distribution\" \/>\n\t\t<meta property=\"og:description\" content=\"PRODUCT FEATURES: Gentle and effective care made easy with sonic technology that removes up to 7x more plaque vs a manual toothbrush Protect your teeth and gums with a pressure sensor that gently pulses to alert you when you&#039;re brushing too hard Always know when to replace your brush head for an effective clean with the brush head replacement reminder Two minute timer with QuadPacer helps ensure Dental Professional recommended brushing time and a consistent clean throughout your mouth Long lasting 14 day battery life; Battery indicator light lets you know when to recharge\" \/>\n\t\t<meta property=\"og:url\" content=\"https:\/\/www.rucashk.com\/pt\/produto\/philips-sonicare-protective-clean-4100-electric-toothbrush-wholesale\/\" \/>\n\t\t<meta property=\"og:image\" content=\"https:\/\/www.rucashk.com\/wp-content\/uploads\/replace\/503b8e645f128a97ccde2b6290747646.jpeg\" \/>\n\t\t<meta property=\"og:image:secure_url\" content=\"https:\/\/www.rucashk.com\/wp-content\/uploads\/replace\/503b8e645f128a97ccde2b6290747646.jpeg\" \/>\n\t\t<meta property=\"og:image:width\" content=\"1456\" \/>\n\t\t<meta property=\"og:image:height\" content=\"816\" \/>\n\t\t<meta property=\"article:published_time\" content=\"2024-01-09T16:04:42+00:00\" \/>\n\t\t<meta property=\"article:modified_time\" content=\"2024-03-13T06:14:11+00:00\" \/>\n\t\t<meta name=\"twitter:card\" content=\"summary_large_image\" \/>\n\t\t<meta name=\"twitter:title\" content=\"Philips Sonicare Protective Clean 4100 Electric Toothbrush Wholesale - Rucas - Wholesale and Distribution\" \/>\n\t\t<meta name=\"twitter:description\" content=\"PRODUCT FEATURES: Gentle and effective care made easy with sonic technology that removes up to 7x more plaque vs a manual toothbrush Protect your teeth and gums with a pressure sensor that gently pulses to alert you when you&#039;re brushing too hard Always know when to replace your brush head for an effective clean with the brush head replacement reminder Two minute timer with QuadPacer helps ensure Dental Professional recommended brushing time and a consistent clean throughout your mouth Long lasting 14 day battery life; Battery indicator light lets you know when to recharge\" \/>\n\t\t<meta name=\"twitter:image\" content=\"https:\/\/www.rucashk.com\/wp-content\/uploads\/replace\/503b8e645f128a97ccde2b6290747646.jpeg\" \/>\n\t\t<script type=\"application\/ld+json\" class=\"aioseo-schema\">\n\t\t\t{\"@context\":\"https:\\\/\\\/schema.org\",\"@graph\":[{\"@type\":\"BreadcrumbList\",\"@id\":\"https:\\\/\\\/www.rucashk.com\\\/pt\\\/produto\\\/philips-sonicare-protective-clean-4100-electric-toothbrush-wholesale\\\/#breadcrumblist\",\"itemListElement\":[{\"@type\":\"ListItem\",\"@id\":\"https:\\\/\\\/www.rucashk.com\\\/pt\\\/#listItem\",\"position\":1,\"name\":\"Home\",\"item\":\"https:\\\/\\\/www.rucashk.com\\\/pt\\\/\",\"nextItem\":\"https:\\\/\\\/www.rucashk.com\\\/pt\\\/produto\\\/philips-sonicare-protective-clean-4100-electric-toothbrush-wholesale\\\/#listItem\"},{\"@type\":\"ListItem\",\"@id\":\"https:\\\/\\\/www.rucashk.com\\\/pt\\\/produto\\\/philips-sonicare-protective-clean-4100-electric-toothbrush-wholesale\\\/#listItem\",\"position\":2,\"name\":\"Philips Sonicare Protective Clean 4100 Electric Toothbrush Wholesale\",\"previousItem\":\"https:\\\/\\\/www.rucashk.com\\\/pt\\\/#listItem\"}]},{\"@type\":\"Organization\",\"@id\":\"https:\\\/\\\/www.rucashk.com\\\/pt\\\/#organization\",\"name\":\"Rucas\",\"url\":\"https:\\\/\\\/www.rucashk.com\\\/pt\\\/\",\"logo\":{\"@type\":\"ImageObject\",\"url\":\"https:\\\/\\\/www.rucashk.com\\\/wp-content\\\/uploads\\\/2023\\\/12\\\/Rucas_campany_logo.png\",\"@id\":\"https:\\\/\\\/www.rucashk.com\\\/pt\\\/produto\\\/philips-sonicare-protective-clean-4100-electric-toothbrush-wholesale\\\/#organizationLogo\",\"width\":221,\"height\":65},\"image\":{\"@id\":\"https:\\\/\\\/www.rucashk.com\\\/pt\\\/#organizationLogo\"}},{\"@type\":\"Person\",\"@id\":\"https:\\\/\\\/www.rucashk.com\\\/pt\\\/author\\\/admin\\\/#author\",\"url\":\"https:\\\/\\\/www.rucashk.com\\\/pt\\\/author\\\/admin\\\/\",\"name\":\"admin\",\"image\":{\"@type\":\"ImageObject\",\"@id\":\"https:\\\/\\\/www.rucashk.com\\\/pt\\\/produto\\\/philips-sonicare-protective-clean-4100-electric-toothbrush-wholesale\\\/#authorImage\",\"url\":\"https:\\\/\\\/secure.gravatar.com\\\/avatar\\\/b7c8925b09a27e72b30232f8ecaadbd5af0f70a38c78096863fe51b64f031c24?s=96&d=mm&r=g\",\"width\":96,\"height\":96,\"caption\":\"admin\"}},{\"@type\":\"WebPage\",\"@id\":\"https:\\\/\\\/www.rucashk.com\\\/pt\\\/produto\\\/philips-sonicare-protective-clean-4100-electric-toothbrush-wholesale\\\/#webpage\",\"url\":\"https:\\\/\\\/www.rucashk.com\\\/pt\\\/produto\\\/philips-sonicare-protective-clean-4100-electric-toothbrush-wholesale\\\/\",\"name\":\"Philips Sonicare Protective Clean 4100 Electric Toothbrush Wholesale - Rucas - Wholesale and Distribution\",\"description\":\"PRODUCT FEATURES: Gentle and effective care made easy with sonic technology that removes up to 7x more plaque vs a manual toothbrush Protect your teeth and gums with a pressure sensor that gently pulses to alert you when you're brushing too hard Always know when to replace your brush head for an effective clean with the brush head replacement reminder Two minute timer with QuadPacer helps ensure Dental Professional recommended brushing time and a consistent clean throughout your mouth Long lasting 14 day battery life; Battery indicator light lets you know when to recharge\",\"inLanguage\":\"pt-PT\",\"isPartOf\":{\"@id\":\"https:\\\/\\\/www.rucashk.com\\\/pt\\\/#website\"},\"breadcrumb\":{\"@id\":\"https:\\\/\\\/www.rucashk.com\\\/pt\\\/produto\\\/philips-sonicare-protective-clean-4100-electric-toothbrush-wholesale\\\/#breadcrumblist\"},\"author\":{\"@id\":\"https:\\\/\\\/www.rucashk.com\\\/pt\\\/author\\\/admin\\\/#author\"},\"creator\":{\"@id\":\"https:\\\/\\\/www.rucashk.com\\\/pt\\\/author\\\/admin\\\/#author\"},\"image\":{\"@type\":\"ImageObject\",\"url\":\"https:\\\/\\\/www.rucashk.com\\\/wp-content\\\/uploads\\\/2024\\\/01\\\/2_\\u526f\\u672c-14.png\",\"@id\":\"https:\\\/\\\/www.rucashk.com\\\/pt\\\/produto\\\/philips-sonicare-protective-clean-4100-electric-toothbrush-wholesale\\\/#mainImage\",\"width\":800,\"height\":800},\"primaryImageOfPage\":{\"@id\":\"https:\\\/\\\/www.rucashk.com\\\/pt\\\/produto\\\/philips-sonicare-protective-clean-4100-electric-toothbrush-wholesale\\\/#mainImage\"},\"datePublished\":\"2024-01-09T16:04:42+00:00\",\"dateModified\":\"2024-03-13T06:14:11+00:00\"},{\"@type\":\"WebSite\",\"@id\":\"https:\\\/\\\/www.rucashk.com\\\/pt\\\/#website\",\"url\":\"https:\\\/\\\/www.rucashk.com\\\/pt\\\/\",\"name\":\"Rucas - Wholesale and distribution worldwide\",\"alternateName\":\"Rucas - One-stop AIoT Distribution Worldwide\",\"description\":\"One-stop AIoT Distribution Worldwide\",\"inLanguage\":\"pt-PT\",\"publisher\":{\"@id\":\"https:\\\/\\\/www.rucashk.com\\\/pt\\\/#organization\"}}]}\n\t\t<\/script>\n\t\t<!-- All in One SEO Pro -->\r\n\t\t<title>Philips Sonicare Protective Clean 4100 Electric Toothbrush Wholesale - Rucas - Wholesale and Distribution<\/title>\n\n","aioseo_head_json":{"title":"Philips Sonicare Protective Clean 4100 Electric Toothbrush Wholesale - Rucas - Wholesale and Distribution","description":"PRODUCT FEATURES: Gentle and effective care made easy with sonic technology that removes up to 7x more plaque vs a manual toothbrush Protect your teeth and gums with a pressure sensor that gently pulses to alert you when you're brushing too hard Always know when to replace your brush head for an effective clean with the brush head replacement reminder Two minute timer with QuadPacer helps ensure Dental Professional recommended brushing time and a consistent clean throughout your mouth Long lasting 14 day battery life; Battery indicator light lets you know when to recharge","canonical_url":"https:\/\/www.rucashk.com\/pt\/produto\/philips-sonicare-protective-clean-4100-electric-toothbrush-wholesale\/","robots":"max-image-preview:large","keywords":"","webmasterTools":{"miscellaneous":""},"og:locale":"pt_PT","og:site_name":"Rucas - One-stop AIoT Distribution Worldwide","og:type":"article","og:title":"Philips Sonicare Protective Clean 4100 Electric Toothbrush Wholesale - Rucas - Wholesale and Distribution","og:description":"PRODUCT FEATURES: Gentle and effective care made easy with sonic technology that removes up to 7x more plaque vs a manual toothbrush Protect your teeth and gums with a pressure sensor that gently pulses to alert you when you're brushing too hard Always know when to replace your brush head for an effective clean with the brush head replacement reminder Two minute timer with QuadPacer helps ensure Dental Professional recommended brushing time and a consistent clean throughout your mouth Long lasting 14 day battery life; Battery indicator light lets you know when to recharge","og:url":"https:\/\/www.rucashk.com\/pt\/produto\/philips-sonicare-protective-clean-4100-electric-toothbrush-wholesale\/","og:image":"https:\/\/www.rucashk.com\/wp-content\/uploads\/replace\/503b8e645f128a97ccde2b6290747646.jpeg","og:image:secure_url":"https:\/\/www.rucashk.com\/wp-content\/uploads\/replace\/503b8e645f128a97ccde2b6290747646.jpeg","og:image:width":1456,"og:image:height":816,"article:published_time":"2024-01-09T16:04:42+00:00","article:modified_time":"2024-03-13T06:14:11+00:00","twitter:card":"summary_large_image","twitter:title":"Philips Sonicare Protective Clean 4100 Electric Toothbrush Wholesale - Rucas - Wholesale and Distribution","twitter:description":"PRODUCT FEATURES: Gentle and effective care made easy with sonic technology that removes up to 7x more plaque vs a manual toothbrush Protect your teeth and gums with a pressure sensor that gently pulses to alert you when you're brushing too hard Always know when to replace your brush head for an effective clean with the brush head replacement reminder Two minute timer with QuadPacer helps ensure Dental Professional recommended brushing time and a consistent clean throughout your mouth Long lasting 14 day battery life; Battery indicator light lets you know when to recharge","twitter:image":"https:\/\/www.rucashk.com\/wp-content\/uploads\/replace\/503b8e645f128a97ccde2b6290747646.jpeg","schema":{"@context":"https:\/\/schema.org","@graph":[{"@type":"BreadcrumbList","@id":"https:\/\/www.rucashk.com\/pt\/produto\/philips-sonicare-protective-clean-4100-electric-toothbrush-wholesale\/#breadcrumblist","itemListElement":[{"@type":"ListItem","@id":"https:\/\/www.rucashk.com\/pt\/#listItem","position":1,"name":"Home","item":"https:\/\/www.rucashk.com\/pt\/","nextItem":"https:\/\/www.rucashk.com\/pt\/produto\/philips-sonicare-protective-clean-4100-electric-toothbrush-wholesale\/#listItem"},{"@type":"ListItem","@id":"https:\/\/www.rucashk.com\/pt\/produto\/philips-sonicare-protective-clean-4100-electric-toothbrush-wholesale\/#listItem","position":2,"name":"Philips Sonicare Protective Clean 4100 Electric Toothbrush Wholesale","previousItem":"https:\/\/www.rucashk.com\/pt\/#listItem"}]},{"@type":"Organization","@id":"https:\/\/www.rucashk.com\/pt\/#organization","name":"Rucas","url":"https:\/\/www.rucashk.com\/pt\/","logo":{"@type":"ImageObject","url":"https:\/\/www.rucashk.com\/wp-content\/uploads\/2023\/12\/Rucas_campany_logo.png","@id":"https:\/\/www.rucashk.com\/pt\/produto\/philips-sonicare-protective-clean-4100-electric-toothbrush-wholesale\/#organizationLogo","width":221,"height":65},"image":{"@id":"https:\/\/www.rucashk.com\/pt\/#organizationLogo"}},{"@type":"Person","@id":"https:\/\/www.rucashk.com\/pt\/author\/admin\/#author","url":"https:\/\/www.rucashk.com\/pt\/author\/admin\/","name":"admin","image":{"@type":"ImageObject","@id":"https:\/\/www.rucashk.com\/pt\/produto\/philips-sonicare-protective-clean-4100-electric-toothbrush-wholesale\/#authorImage","url":"https:\/\/secure.gravatar.com\/avatar\/b7c8925b09a27e72b30232f8ecaadbd5af0f70a38c78096863fe51b64f031c24?s=96&d=mm&r=g","width":96,"height":96,"caption":"admin"}},{"@type":"WebPage","@id":"https:\/\/www.rucashk.com\/pt\/produto\/philips-sonicare-protective-clean-4100-electric-toothbrush-wholesale\/#webpage","url":"https:\/\/www.rucashk.com\/pt\/produto\/philips-sonicare-protective-clean-4100-electric-toothbrush-wholesale\/","name":"Philips Sonicare Protective Clean 4100 Electric Toothbrush Wholesale - Rucas - Wholesale and Distribution","description":"PRODUCT FEATURES: Gentle and effective care made easy with sonic technology that removes up to 7x more plaque vs a manual toothbrush Protect your teeth and gums with a pressure sensor that gently pulses to alert you when you're brushing too hard Always know when to replace your brush head for an effective clean with the brush head replacement reminder Two minute timer with QuadPacer helps ensure Dental Professional recommended brushing time and a consistent clean throughout your mouth Long lasting 14 day battery life; Battery indicator light lets you know when to recharge","inLanguage":"pt-PT","isPartOf":{"@id":"https:\/\/www.rucashk.com\/pt\/#website"},"breadcrumb":{"@id":"https:\/\/www.rucashk.com\/pt\/produto\/philips-sonicare-protective-clean-4100-electric-toothbrush-wholesale\/#breadcrumblist"},"author":{"@id":"https:\/\/www.rucashk.com\/pt\/author\/admin\/#author"},"creator":{"@id":"https:\/\/www.rucashk.com\/pt\/author\/admin\/#author"},"image":{"@type":"ImageObject","url":"https:\/\/www.rucashk.com\/wp-content\/uploads\/2024\/01\/2_\u526f\u672c-14.png","@id":"https:\/\/www.rucashk.com\/pt\/produto\/philips-sonicare-protective-clean-4100-electric-toothbrush-wholesale\/#mainImage","width":800,"height":800},"primaryImageOfPage":{"@id":"https:\/\/www.rucashk.com\/pt\/produto\/philips-sonicare-protective-clean-4100-electric-toothbrush-wholesale\/#mainImage"},"datePublished":"2024-01-09T16:04:42+00:00","dateModified":"2024-03-13T06:14:11+00:00"},{"@type":"WebSite","@id":"https:\/\/www.rucashk.com\/pt\/#website","url":"https:\/\/www.rucashk.com\/pt\/","name":"Rucas - Wholesale and distribution worldwide","alternateName":"Rucas - One-stop AIoT Distribution Worldwide","description":"One-stop AIoT Distribution Worldwide","inLanguage":"pt-PT","publisher":{"@id":"https:\/\/www.rucashk.com\/pt\/#organization"}}]}},"aioseo_meta_data":{"post_id":"24459","title":null,"description":null,"keywords":null,"keyphrases":null,"primary_term":null,"canonical_url":null,"og_title":null,"og_description":null,"og_object_type":"default","og_image_type":"default","og_image_url":null,"og_image_width":null,"og_image_height":null,"og_image_custom_url":null,"og_image_custom_fields":null,"og_video":null,"og_custom_url":null,"og_article_section":null,"og_article_tags":null,"twitter_use_og":false,"twitter_card":"default","twitter_image_type":"default","twitter_image_url":null,"twitter_image_custom_url":null,"twitter_image_custom_fields":null,"twitter_title":null,"twitter_description":null,"schema":{"blockGraphs":[],"customGraphs":[],"default":{"data":{"Article":[],"Course":[],"Dataset":[],"FAQPage":[],"Movie":[],"Person":[],"Product":[],"Recipe":[],"Service":[],"SoftwareApplication":[],"WebPage":[]},"graphName":"","isEnabled":true},"graphs":[]},"schema_type":"default","schema_type_options":null,"pillar_content":false,"robots_default":true,"robots_noindex":false,"robots_noarchive":false,"robots_nosnippet":false,"robots_nofollow":false,"robots_noimageindex":false,"robots_noodp":false,"robots_notranslate":false,"robots_max_snippet":null,"robots_max_videopreview":null,"robots_max_imagepreview":"large","priority":null,"frequency":null,"local_seo":null,"breadcrumb_settings":null,"limit_modified_date":false,"created":"2024-04-11 01:57:12","updated":"2025-06-22 17:32:04"},"aioseo_breadcrumb":"<div class=\"aioseo-breadcrumbs\"><span class=\"aioseo-breadcrumb\">\n\t<a href=\"https:\/\/www.rucashk.com\/pt\" title=\"Home\">Home<\/a>\n<\/span><span class=\"aioseo-breadcrumb-separator\">&raquo;<\/span><span class=\"aioseo-breadcrumb\">\n\t<a href=\"https:\/\/www.rucashk.com\/pt\/products\/\" title=\"Produtos\">Produtos<\/a>\n<\/span><span class=\"aioseo-breadcrumb-separator\">&raquo;<\/span><span class=\"aioseo-breadcrumb\">\n\t<a href=\"https:\/\/www.rucashk.com\/pt\/categoria-produto\/other-a-brands\/\" title=\"Other A-Brands\">Other A-Brands<\/a>\n<\/span><span class=\"aioseo-breadcrumb-separator\">&raquo;<\/span><span class=\"aioseo-breadcrumb\">\n\t<a href=\"https:\/\/www.rucashk.com\/pt\/categoria-produto\/other-a-brands\/philips\/\" title=\"Philips\">Philips<\/a>\n<\/span><span class=\"aioseo-breadcrumb-separator\">&raquo;<\/span><span class=\"aioseo-breadcrumb\">\n\tPhilips Sonicare Protective Clean 4100 Electric Toothbrush Wholesale\n<\/span><\/div>","aioseo_breadcrumb_json":[{"label":"Home","link":"https:\/\/www.rucashk.com\/pt"},{"label":"Produtos","link":"https:\/\/www.rucashk.com\/pt\/products\/"},{"label":"Other A-Brands","link":"https:\/\/www.rucashk.com\/pt\/categoria-produto\/other-a-brands\/"},{"label":"Philips","link":"https:\/\/www.rucashk.com\/pt\/categoria-produto\/other-a-brands\/philips\/"},{"label":"Philips Sonicare Protective Clean 4100 Electric Toothbrush Wholesale","link":"https:\/\/www.rucashk.com\/pt\/produto\/philips-sonicare-protective-clean-4100-electric-toothbrush-wholesale\/"}],"_links":{"self":[{"href":"https:\/\/www.rucashk.com\/pt\/wp-json\/wp\/v2\/product\/24459","targetHints":{"allow":["GET"]}}],"collection":[{"href":"https:\/\/www.rucashk.com\/pt\/wp-json\/wp\/v2\/product"}],"about":[{"href":"https:\/\/www.rucashk.com\/pt\/wp-json\/wp\/v2\/types\/product"}],"wp:featuredmedia":[{"embeddable":true,"href":"https:\/\/www.rucashk.com\/pt\/wp-json\/wp\/v2\/media\/24609"}],"wp:attachment":[{"href":"https:\/\/www.rucashk.com\/pt\/wp-json\/wp\/v2\/media?parent=24459"}],"wp:term":[{"taxonomy":"product_brand","embeddable":true,"href":"https:\/\/www.rucashk.com\/pt\/wp-json\/wp\/v2\/product_brand?post=24459"},{"taxonomy":"product_cat","embeddable":true,"href":"https:\/\/www.rucashk.com\/pt\/wp-json\/wp\/v2\/product_cat?post=24459"},{"taxonomy":"product_tag","embeddable":true,"href":"https:\/\/www.rucashk.com\/pt\/wp-json\/wp\/v2\/product_tag?post=24459"}],"curies":[{"name":"wp","href":"https:\/\/api.w.org\/{rel}","templated":true}]}}