{"id":24454,"date":"2024-01-09T16:04:42","date_gmt":"2024-01-09T16:04:42","guid":{"rendered":"http:\/\/rucashk.com\/?post_type=product&#038;p=24454"},"modified":"2024-03-13T06:14:28","modified_gmt":"2024-03-13T06:14:28","slug":"laxcare-waterproof-facial-cleansing-brush-wholesale","status":"publish","type":"product","link":"https:\/\/www.rucashk.com\/pt\/produto\/laxcare-waterproof-facial-cleansing-brush-wholesale\/","title":{"rendered":"Escova de limpeza facial \u00e0 prova d&#039;\u00e1gua Laxcare atacado"},"content":{"rendered":"<h2><img fetchpriority=\"high\" decoding=\"async\" class=\"aligncenter\" style=\"font-size: 16px\" src=\"\/wp-content\/uploads\/replace\/0a01efcb4c4a625af0278d54631fe1c9.jpeg\" alt=\"Laxcare Waterproof Facial Cleansing Brush\" width=\"600\" height=\"180\" data-src=\"\/wp-content\/uploads\/replace\/0a01efcb4c4a625af0278d54631fe1c9.jpeg\" \/><\/h2>\n<div class=\"aplus-v2 desktop celwidget\" data-csa-c-id=\"665m0d-jr4hod-slmy6r-lm1cti\" data-cel-widget=\"aplus\">\n<div class=\"celwidget aplus-module 3p-module-b\" data-csa-c-id=\"xeki50-dy888u-u4bsms-wjd93q\" data-cel-widget=\"aplus-3p-module-b\">\n<div class=\"aplus-3p-fixed-width\"><img decoding=\"async\" class=\"a-spacing-base aligncenter\" src=\"\/wp-content\/uploads\/replace\/c51226f63c44034929910abff5d52162.jpeg\" alt=\"Laxcare Waterproof Facial Cleansing Brush\" width=\"970\" height=\"600\" data-src=\"\/wp-content\/uploads\/replace\/c51226f63c44034929910abff5d52162.jpeg\" \/><\/div>\n<\/div>\n<div class=\"celwidget aplus-module module-1\" data-csa-c-id=\"wzimm8-1nswm3-xt8p2k-txsgmp\" data-cel-widget=\"aplus-module-1\">\n<div class=\"a-expander-collapsed-height a-row a-expander-container a-expander-partial-collapse-container\" data-a-expander-name=\"aplus-module-expander\" data-a-expander-collapsed-height=\"700\">\n<div class=\"a-expander-content a-expander-partial-collapse-content\">\n<div class=\"aplus-module-wrapper apm-fixed-width\">\n<div class=\"apm-spacing apm-wrap\">\n<div class=\"apm-floatleft apm-wrap\">\n<div class=\"apm-leftimage\">\n<p><img alt=\"Laxcare Waterproof Facial Cleansing Brush Wholesale\" class=\"aligncenter\" \/><\/p>\n<p style=\"text-align: center\"><span class=\"a-size-small a-color-secondary\">Escova de limpeza facial Laxcare Sonic<\/span><\/p>\n<p>&nbsp;<\/p>\n<\/div>\n<div class=\"apm-rightthirdcol\">\n<div class=\"apm-rightthirdcol-inner\">\n<p><img alt=\"Laxcare Waterproof Facial Cleansing Brush Wholesale\" class=\"aligncenter\" \/><\/p>\n<h5 class=\"a-color-secondary\" style=\"text-align: center\">Uma pele perfeitamente lisa come\u00e7a com boas ferramentas<\/h5>\n<p class=\"a-spacing-small a-size-small a-color-secondary\" style=\"text-align: center\">Sua fonte profissional para garantir que sua pele esteja t\u00e3o bonita quanto voc\u00ea.<\/p>\n<p class=\"a-spacing-small a-size-small a-color-secondary\" style=\"text-align: center\">Somos apaixonados por fazer a diferen\u00e7a em suas rotinas de beleza. Encontre uma linha completa de produtos de ferramentas de beleza na LAXCARE<\/p>\n<p>&nbsp;<\/p>\n<p><img alt=\"Laxcare Waterproof Facial Cleansing Brush Wholesale\" class=\"aligncenter\" \/><\/p>\n<\/div>\n<\/div>\n<div class=\"apm-centerthirdcol apm-wrap\">\n<h3 class=\"a-spacing-mini\" style=\"text-align: center\">Escova de limpeza facial Laxcare Sonic<\/h3>\n<h4 class=\"a-spacing-mini a-color-secondary a-text-italic\" style=\"text-align: center\">Modos de trabalho inovadores tornam a limpeza mais f\u00e1cil e mais eficiente.<\/h4>\n<p class=\"a-spacing-base\" style=\"text-align: center\"><span class=\"a-text-bold\">Para limpeza facial di\u00e1ria:<\/span><\/p>\n<p class=\"a-spacing-base\" style=\"text-align: center\">Vibra\u00e7\u00e3o com modo de calor: com vibra\u00e7\u00e3o de alta frequ\u00eancia, o silicone de grau adequado para a pele ajuda a abrir os poros rapidamente e a limpar seu rosto de forma eficaz<\/p>\n<p class=\"a-spacing-base\" style=\"text-align: center\"><span class=\"a-text-bold\">Para limpeza profunda da zona T<\/span><\/p>\n<p class=\"a-spacing-base\" style=\"text-align: center\">Modo CVT: A vibra\u00e7\u00e3o muda de forte para fraca em segundos. A cabe\u00e7a curva da escova \u00e9 f\u00e1cil de limpar a zona T e remove com efic\u00e1cia \u00f3leo e sujeira.<\/p>\n<p>&nbsp;<\/p>\n<p><img alt=\"Laxcare Waterproof Facial Cleansing Brush Wholesale\" class=\"aligncenter\" \/><\/p>\n<div class=\"amp-centerthirdcol-listbox\">\n<div class=\"a-box a-spacing-small a-color-alternate-background apm-listbox amp-centerthirdcol-listbox\">\n<div class=\"a-box-inner\">\n<p style=\"text-align: center\"><span class=\"a-list-item\"><span class=\"a-size-base\">TECNOLOGIA INOVATIVA DE LIMPEZA S\u00d4NICA<\/span><\/span><\/p>\n<p style=\"text-align: center\"><span class=\"a-list-item\"><span class=\"a-size-base\">7 VELOCIDADES E 2 MODOS DE TRABALHO FORNECEM LIMPEZA COMPLETA<\/span><\/span><\/p>\n<p style=\"text-align: center\"><span class=\"a-list-item\"><span class=\"a-size-base\">LIMPEZA COMPLETA, SEM FALTA DE LUGAR<\/span><\/span><\/p>\n<p style=\"text-align: center\"><span class=\"a-list-item\"><span class=\"a-size-base\">TOTALMENTE IMPERME\u00c1VEL E N\u00c3O \u00c9 NECESS\u00c1RIA CABE\u00c7A DE SUBSTITUI\u00c7\u00c3O<\/span><\/span><\/p>\n<p style=\"text-align: center\"><span class=\"a-list-item\"><span class=\"a-size-base\">FUN\u00c7\u00c3O SPA T\u00c9RMICO<\/span><\/span><\/p>\n<p><img alt=\"Laxcare Waterproof Facial Cleansing Brush Wholesale\" class=\"aligncenter\" \/><\/p>\n<\/div>\n<\/div>\n<\/div>\n<\/div>\n<\/div>\n<\/div>\n<\/div>\n<div><\/div>\n<\/div>\n<\/div>\n<\/div>\n<div class=\"celwidget aplus-module 3p-module-c\" data-csa-c-id=\"vq7jqx-gwmyc6-wyu9o2-43pt9\" data-cel-widget=\"aplus-3p-module-c\">\n<div class=\"aplus-3p-fixed-width\">\n<div class=\"a-row\">\n<div class=\"a-column a-span4 a-spacing-base\"><img decoding=\"async\" class=\"aligncenter\" src=\"\/wp-content\/uploads\/replace\/9b23799f7d82b44f9d4f472300b3f404.jpeg\" alt=\"Laxcare Waterproof Facial Cleansing Brush\" width=\"545\" height=\"545\" data-src=\"\/wp-content\/uploads\/replace\/9b23799f7d82b44f9d4f472300b3f404.jpeg\" \/><\/div>\n<div><\/div>\n<div><\/div>\n<div><\/div>\n<div><\/div>\n<div><img alt=\"Laxcare Waterproof Facial Cleansing Brush Wholesale\" class=\"aligncenter\" \/><\/div>\n<div><img alt=\"Laxcare Waterproof Facial Cleansing Brush Wholesale\" class=\"aligncenter\" \/><\/div>\n<div class=\"a-column a-span8 a-spacing-base a-span-last\">\n<ul class=\"a-unordered-list a-vertical\">\n<li><span class=\"a-list-item\"><span class=\"a-text-bold\">Ajuda a remover cravos, diminuir os poros dilatados e melhorar a pele oleosa.\u00a0<\/span>Ap\u00f3s o uso prolongado de nossa escova facial, sua pele ficar\u00e1 muito mais macia e limpa do que antes.<\/span><\/li>\n<li><span class=\"a-list-item\"><span class=\"a-text-bold\">Pare de desperdi\u00e7ar dinheiro em substitui\u00e7\u00f5es caras de cabe\u00e7as de escova.\u00a0<\/span>Nossa escova facial \u00e9 formada integralmente, \u00e0 prova d&#039;\u00e1gua IPX7, porta de carregamento quase selada, silicone de qualidade alimentar, voc\u00ea pode us\u00e1-la no chuveiro sem se preocupar.<\/span><\/li>\n<li><span class=\"a-list-item\"><span class=\"a-text-bold\">Baterias de l\u00edtio de 1000mAh proporcionam longa espera.\u00a0<\/span>Apenas 1 cobran\u00e7a para uso durante todo o m\u00eas (5 minutos\/cada vez, uma vez por dia)<\/span><\/li>\n<\/ul>\n<\/div>\n<\/div>\n<\/div>\n<\/div>\n<div class=\"celwidget aplus-module module-6\" data-csa-c-id=\"owgpwr-ekwr3-kvbwev-79gzhe\" data-cel-widget=\"aplus-module-6\">\n<div class=\"aplus-module-wrapper\">\n<div id=\"aplus-module-6-4\" class=\"aplus-module-content\">\n<div class=\"apm-hovermodule\">\n<div>\n<div class=\"apm-hovermodule-slides\">\n<div class=\"apm-hovermodule-image\"><\/div>\n<div class=\"apm-hovermodule-slides-inner\">\n<h3 class=\"a-spacing-mini\">Inclu\u00eddo no Pacote:<\/h3>\n<p class=\"a-spacing-base\">1 * escova de limpeza facial<\/p>\n<p class=\"a-spacing-base\">1 * cabo de carregamento<\/p>\n<\/div>\n<\/div>\n<\/div>\n<div class=\"apm-hovermodule-slidecontrol\">\n<div class=\"apm-hovermodule-smallimage celwidget\" data-csa-c-id=\"djhi0g-752z6v-3rbgl1-hj9b9z\" data-cel-widget=\"aplus-module-6-hover-1\">\n<div class=\"a-section a-spacing-mini apm-hovermodule-smallimage-bg\"><img loading=\"lazy\" decoding=\"async\" class=\"alignnone\" src=\"\/wp-content\/uploads\/replace\/11e7de94db9508fb1554e1dfb1beb6ad.jpeg\" alt=\"Laxcare Waterproof Facial Cleansing Brush\" width=\"429\" height=\"429\" data-src=\"\/wp-content\/uploads\/replace\/11e7de94db9508fb1554e1dfb1beb6ad.jpeg\" \/><\/div>\n<\/div>\n<div class=\"apm-hovermodule-smallimage celwidget apm-hovermodule-opacitymodon\" data-csa-c-id=\"lqhw29-4cvnbm-x8oo0j-on8vr2\" data-cel-widget=\"aplus-module-6-hover-4\">\n<p>&nbsp;<\/p>\n<\/div>\n<\/div>\n<\/div>\n<\/div>\n<\/div>\n<\/div>\n<\/div>","protected":false},"excerpt":{"rendered":"<p><span class=\"a-list-item\"><span class=\"a-size-base a-color-secondary\">Tecnologia inovadora de limpeza s\u00f4nica.<\/span><\/span><\/p>\n<p><span class=\"a-list-item\"><span class=\"a-size-base a-color-secondary\">7 velocidades e 2 modos de trabalho proporcionam uma limpeza completa.<\/span><\/span><\/p>\n<p><span class=\"a-list-item\"><span class=\"a-size-base a-color-secondary\">Limpeza completa, sem falta de lugar.<\/span><\/span><\/p>\n<p><span class=\"a-list-item\"><span class=\"a-size-base a-color-secondary\">Totalmente \u00e0 prova d&#039;\u00e1gua e sem necessidade de substitui\u00e7\u00e3o de cabe\u00e7a.<\/span><\/span><\/p>\n<p><span class=\"a-list-item\"><span class=\"a-size-base a-color-secondary\">Fun\u00e7\u00e3o de spa termal.<\/span><\/span><\/p>","protected":false},"featured_media":24583,"template":"","meta":[],"product_brand":[],"product_cat":[1322],"product_tag":[753],"class_list":{"0":"post-24454","1":"product","2":"type-product","3":"status-publish","4":"has-post-thumbnail","6":"product_cat-other-a-brands","7":"product_tag-laxcare-waterproof-facial-cleansing-brush","9":"first","10":"instock","11":"shipping-taxable","12":"product-type-external"},"aioseo_notices":[],"aioseo_head":"\n\t\t<!-- All in One SEO Pro 4.5.9.2 - aioseo.com -->\n\t\t<meta name=\"description\" content=\"Innovactive sonic cleansing technolofy. 7-speed &amp; 2 working modes provide thoroughly cleanses. Full range cleansing, no missing place. Fully waterproof and no replacement head required. Thermal spa function.\" \/>\n\t\t<meta name=\"robots\" content=\"max-image-preview:large\" \/>\n\t\t<link rel=\"canonical\" href=\"https:\/\/www.rucashk.com\/pt\/produto\/laxcare-waterproof-facial-cleansing-brush-wholesale\/\" \/>\n\t\t<meta name=\"generator\" content=\"All in One SEO Pro (AIOSEO) 4.5.9.2\" \/>\n\t\t<meta property=\"og:locale\" content=\"pt_PT\" \/>\n\t\t<meta property=\"og:site_name\" content=\"Rucas - One-stop AIoT Distribution Worldwide\" \/>\n\t\t<meta property=\"og:type\" content=\"article\" \/>\n\t\t<meta property=\"og:title\" content=\"Laxcare Waterproof Facial Cleansing Brush Wholesale - Rucas - Wholesale and Distribution\" \/>\n\t\t<meta property=\"og:description\" content=\"Innovactive sonic cleansing technolofy. 7-speed &amp; 2 working modes provide thoroughly cleanses. Full range cleansing, no missing place. Fully waterproof and no replacement head required. Thermal spa function.\" \/>\n\t\t<meta property=\"og:url\" content=\"https:\/\/www.rucashk.com\/pt\/produto\/laxcare-waterproof-facial-cleansing-brush-wholesale\/\" \/>\n\t\t<meta property=\"og:image\" content=\"https:\/\/www.rucashk.com\/wp-content\/uploads\/replace\/503b8e645f128a97ccde2b6290747646.jpeg\" \/>\n\t\t<meta property=\"og:image:secure_url\" content=\"https:\/\/www.rucashk.com\/wp-content\/uploads\/replace\/503b8e645f128a97ccde2b6290747646.jpeg\" \/>\n\t\t<meta property=\"og:image:width\" content=\"1456\" \/>\n\t\t<meta property=\"og:image:height\" content=\"816\" \/>\n\t\t<meta property=\"article:published_time\" content=\"2024-01-09T16:04:42+00:00\" \/>\n\t\t<meta property=\"article:modified_time\" content=\"2024-03-13T06:14:28+00:00\" \/>\n\t\t<meta name=\"twitter:card\" content=\"summary_large_image\" \/>\n\t\t<meta name=\"twitter:title\" content=\"Laxcare Waterproof Facial Cleansing Brush Wholesale - Rucas - Wholesale and Distribution\" \/>\n\t\t<meta name=\"twitter:description\" content=\"Innovactive sonic cleansing technolofy. 7-speed &amp; 2 working modes provide thoroughly cleanses. Full range cleansing, no missing place. Fully waterproof and no replacement head required. Thermal spa function.\" \/>\n\t\t<meta name=\"twitter:image\" content=\"https:\/\/www.rucashk.com\/wp-content\/uploads\/replace\/503b8e645f128a97ccde2b6290747646.jpeg\" \/>\n\t\t<script type=\"application\/ld+json\" class=\"aioseo-schema\">\n\t\t\t{\"@context\":\"https:\\\/\\\/schema.org\",\"@graph\":[{\"@type\":\"BreadcrumbList\",\"@id\":\"https:\\\/\\\/www.rucashk.com\\\/pt\\\/produto\\\/laxcare-waterproof-facial-cleansing-brush-wholesale\\\/#breadcrumblist\",\"itemListElement\":[{\"@type\":\"ListItem\",\"@id\":\"https:\\\/\\\/www.rucashk.com\\\/pt\\\/#listItem\",\"position\":1,\"name\":\"Home\",\"item\":\"https:\\\/\\\/www.rucashk.com\\\/pt\\\/\",\"nextItem\":\"https:\\\/\\\/www.rucashk.com\\\/pt\\\/produto\\\/laxcare-waterproof-facial-cleansing-brush-wholesale\\\/#listItem\"},{\"@type\":\"ListItem\",\"@id\":\"https:\\\/\\\/www.rucashk.com\\\/pt\\\/produto\\\/laxcare-waterproof-facial-cleansing-brush-wholesale\\\/#listItem\",\"position\":2,\"name\":\"Laxcare Waterproof Facial Cleansing Brush Wholesale\",\"previousItem\":\"https:\\\/\\\/www.rucashk.com\\\/pt\\\/#listItem\"}]},{\"@type\":\"Organization\",\"@id\":\"https:\\\/\\\/www.rucashk.com\\\/pt\\\/#organization\",\"name\":\"Rucas\",\"url\":\"https:\\\/\\\/www.rucashk.com\\\/pt\\\/\",\"logo\":{\"@type\":\"ImageObject\",\"url\":\"https:\\\/\\\/www.rucashk.com\\\/wp-content\\\/uploads\\\/2023\\\/12\\\/Rucas_campany_logo.png\",\"@id\":\"https:\\\/\\\/www.rucashk.com\\\/pt\\\/produto\\\/laxcare-waterproof-facial-cleansing-brush-wholesale\\\/#organizationLogo\",\"width\":221,\"height\":65},\"image\":{\"@id\":\"https:\\\/\\\/www.rucashk.com\\\/pt\\\/#organizationLogo\"}},{\"@type\":\"Person\",\"@id\":\"https:\\\/\\\/www.rucashk.com\\\/pt\\\/author\\\/admin\\\/#author\",\"url\":\"https:\\\/\\\/www.rucashk.com\\\/pt\\\/author\\\/admin\\\/\",\"name\":\"admin\",\"image\":{\"@type\":\"ImageObject\",\"@id\":\"https:\\\/\\\/www.rucashk.com\\\/pt\\\/produto\\\/laxcare-waterproof-facial-cleansing-brush-wholesale\\\/#authorImage\",\"url\":\"https:\\\/\\\/secure.gravatar.com\\\/avatar\\\/b7c8925b09a27e72b30232f8ecaadbd5af0f70a38c78096863fe51b64f031c24?s=96&d=mm&r=g\",\"width\":96,\"height\":96,\"caption\":\"admin\"}},{\"@type\":\"WebPage\",\"@id\":\"https:\\\/\\\/www.rucashk.com\\\/pt\\\/produto\\\/laxcare-waterproof-facial-cleansing-brush-wholesale\\\/#webpage\",\"url\":\"https:\\\/\\\/www.rucashk.com\\\/pt\\\/produto\\\/laxcare-waterproof-facial-cleansing-brush-wholesale\\\/\",\"name\":\"Laxcare Waterproof Facial Cleansing Brush Wholesale - Rucas - Wholesale and Distribution\",\"description\":\"Innovactive sonic cleansing technolofy. 7-speed & 2 working modes provide thoroughly cleanses. Full range cleansing, no missing place. Fully waterproof and no replacement head required. Thermal spa function.\",\"inLanguage\":\"pt-PT\",\"isPartOf\":{\"@id\":\"https:\\\/\\\/www.rucashk.com\\\/pt\\\/#website\"},\"breadcrumb\":{\"@id\":\"https:\\\/\\\/www.rucashk.com\\\/pt\\\/produto\\\/laxcare-waterproof-facial-cleansing-brush-wholesale\\\/#breadcrumblist\"},\"author\":{\"@id\":\"https:\\\/\\\/www.rucashk.com\\\/pt\\\/author\\\/admin\\\/#author\"},\"creator\":{\"@id\":\"https:\\\/\\\/www.rucashk.com\\\/pt\\\/author\\\/admin\\\/#author\"},\"image\":{\"@type\":\"ImageObject\",\"url\":\"https:\\\/\\\/www.rucashk.com\\\/wp-content\\\/uploads\\\/2024\\\/01\\\/61KwMhVOSsL._SL1000__\\u526f\\u672c.jpg\",\"@id\":\"https:\\\/\\\/www.rucashk.com\\\/pt\\\/produto\\\/laxcare-waterproof-facial-cleansing-brush-wholesale\\\/#mainImage\",\"width\":800,\"height\":800},\"primaryImageOfPage\":{\"@id\":\"https:\\\/\\\/www.rucashk.com\\\/pt\\\/produto\\\/laxcare-waterproof-facial-cleansing-brush-wholesale\\\/#mainImage\"},\"datePublished\":\"2024-01-09T16:04:42+00:00\",\"dateModified\":\"2024-03-13T06:14:28+00:00\"},{\"@type\":\"WebSite\",\"@id\":\"https:\\\/\\\/www.rucashk.com\\\/pt\\\/#website\",\"url\":\"https:\\\/\\\/www.rucashk.com\\\/pt\\\/\",\"name\":\"Rucas - Wholesale and distribution worldwide\",\"alternateName\":\"Rucas - One-stop AIoT Distribution Worldwide\",\"description\":\"One-stop AIoT Distribution Worldwide\",\"inLanguage\":\"pt-PT\",\"publisher\":{\"@id\":\"https:\\\/\\\/www.rucashk.com\\\/pt\\\/#organization\"}}]}\n\t\t<\/script>\n\t\t<!-- All in One SEO Pro -->\r\n\t\t<title>Laxcare Waterproof Facial Cleansing Brush Wholesale - Rucas - Wholesale and Distribution<\/title>\n\n","aioseo_head_json":{"title":"Laxcare Waterproof Facial Cleansing Brush Wholesale - Rucas - Wholesale and Distribution","description":"Innovactive sonic cleansing technolofy. 7-speed & 2 working modes provide thoroughly cleanses. Full range cleansing, no missing place. Fully waterproof and no replacement head required. Thermal spa function.","canonical_url":"https:\/\/www.rucashk.com\/pt\/produto\/laxcare-waterproof-facial-cleansing-brush-wholesale\/","robots":"max-image-preview:large","keywords":"","webmasterTools":{"miscellaneous":""},"og:locale":"pt_PT","og:site_name":"Rucas - One-stop AIoT Distribution Worldwide","og:type":"article","og:title":"Laxcare Waterproof Facial Cleansing Brush Wholesale - Rucas - Wholesale and Distribution","og:description":"Innovactive sonic cleansing technolofy. 7-speed &amp; 2 working modes provide thoroughly cleanses. Full range cleansing, no missing place. Fully waterproof and no replacement head required. Thermal spa function.","og:url":"https:\/\/www.rucashk.com\/pt\/produto\/laxcare-waterproof-facial-cleansing-brush-wholesale\/","og:image":"https:\/\/www.rucashk.com\/wp-content\/uploads\/replace\/503b8e645f128a97ccde2b6290747646.jpeg","og:image:secure_url":"https:\/\/www.rucashk.com\/wp-content\/uploads\/replace\/503b8e645f128a97ccde2b6290747646.jpeg","og:image:width":1456,"og:image:height":816,"article:published_time":"2024-01-09T16:04:42+00:00","article:modified_time":"2024-03-13T06:14:28+00:00","twitter:card":"summary_large_image","twitter:title":"Laxcare Waterproof Facial Cleansing Brush Wholesale - Rucas - Wholesale and Distribution","twitter:description":"Innovactive sonic cleansing technolofy. 7-speed &amp; 2 working modes provide thoroughly cleanses. Full range cleansing, no missing place. Fully waterproof and no replacement head required. Thermal spa function.","twitter:image":"https:\/\/www.rucashk.com\/wp-content\/uploads\/replace\/503b8e645f128a97ccde2b6290747646.jpeg","schema":{"@context":"https:\/\/schema.org","@graph":[{"@type":"BreadcrumbList","@id":"https:\/\/www.rucashk.com\/pt\/produto\/laxcare-waterproof-facial-cleansing-brush-wholesale\/#breadcrumblist","itemListElement":[{"@type":"ListItem","@id":"https:\/\/www.rucashk.com\/pt\/#listItem","position":1,"name":"Home","item":"https:\/\/www.rucashk.com\/pt\/","nextItem":"https:\/\/www.rucashk.com\/pt\/produto\/laxcare-waterproof-facial-cleansing-brush-wholesale\/#listItem"},{"@type":"ListItem","@id":"https:\/\/www.rucashk.com\/pt\/produto\/laxcare-waterproof-facial-cleansing-brush-wholesale\/#listItem","position":2,"name":"Laxcare Waterproof Facial Cleansing Brush Wholesale","previousItem":"https:\/\/www.rucashk.com\/pt\/#listItem"}]},{"@type":"Organization","@id":"https:\/\/www.rucashk.com\/pt\/#organization","name":"Rucas","url":"https:\/\/www.rucashk.com\/pt\/","logo":{"@type":"ImageObject","url":"https:\/\/www.rucashk.com\/wp-content\/uploads\/2023\/12\/Rucas_campany_logo.png","@id":"https:\/\/www.rucashk.com\/pt\/produto\/laxcare-waterproof-facial-cleansing-brush-wholesale\/#organizationLogo","width":221,"height":65},"image":{"@id":"https:\/\/www.rucashk.com\/pt\/#organizationLogo"}},{"@type":"Person","@id":"https:\/\/www.rucashk.com\/pt\/author\/admin\/#author","url":"https:\/\/www.rucashk.com\/pt\/author\/admin\/","name":"admin","image":{"@type":"ImageObject","@id":"https:\/\/www.rucashk.com\/pt\/produto\/laxcare-waterproof-facial-cleansing-brush-wholesale\/#authorImage","url":"https:\/\/secure.gravatar.com\/avatar\/b7c8925b09a27e72b30232f8ecaadbd5af0f70a38c78096863fe51b64f031c24?s=96&d=mm&r=g","width":96,"height":96,"caption":"admin"}},{"@type":"WebPage","@id":"https:\/\/www.rucashk.com\/pt\/produto\/laxcare-waterproof-facial-cleansing-brush-wholesale\/#webpage","url":"https:\/\/www.rucashk.com\/pt\/produto\/laxcare-waterproof-facial-cleansing-brush-wholesale\/","name":"Laxcare Waterproof Facial Cleansing Brush Wholesale - Rucas - Wholesale and Distribution","description":"Innovactive sonic cleansing technolofy. 7-speed & 2 working modes provide thoroughly cleanses. Full range cleansing, no missing place. Fully waterproof and no replacement head required. Thermal spa function.","inLanguage":"pt-PT","isPartOf":{"@id":"https:\/\/www.rucashk.com\/pt\/#website"},"breadcrumb":{"@id":"https:\/\/www.rucashk.com\/pt\/produto\/laxcare-waterproof-facial-cleansing-brush-wholesale\/#breadcrumblist"},"author":{"@id":"https:\/\/www.rucashk.com\/pt\/author\/admin\/#author"},"creator":{"@id":"https:\/\/www.rucashk.com\/pt\/author\/admin\/#author"},"image":{"@type":"ImageObject","url":"https:\/\/www.rucashk.com\/wp-content\/uploads\/2024\/01\/61KwMhVOSsL._SL1000__\u526f\u672c.jpg","@id":"https:\/\/www.rucashk.com\/pt\/produto\/laxcare-waterproof-facial-cleansing-brush-wholesale\/#mainImage","width":800,"height":800},"primaryImageOfPage":{"@id":"https:\/\/www.rucashk.com\/pt\/produto\/laxcare-waterproof-facial-cleansing-brush-wholesale\/#mainImage"},"datePublished":"2024-01-09T16:04:42+00:00","dateModified":"2024-03-13T06:14:28+00:00"},{"@type":"WebSite","@id":"https:\/\/www.rucashk.com\/pt\/#website","url":"https:\/\/www.rucashk.com\/pt\/","name":"Rucas - Wholesale and distribution worldwide","alternateName":"Rucas - One-stop AIoT Distribution Worldwide","description":"One-stop AIoT Distribution Worldwide","inLanguage":"pt-PT","publisher":{"@id":"https:\/\/www.rucashk.com\/pt\/#organization"}}]}},"aioseo_meta_data":{"post_id":"24454","title":null,"description":null,"keywords":null,"keyphrases":null,"primary_term":null,"canonical_url":null,"og_title":null,"og_description":null,"og_object_type":"default","og_image_type":"default","og_image_url":null,"og_image_width":null,"og_image_height":null,"og_image_custom_url":null,"og_image_custom_fields":null,"og_video":null,"og_custom_url":null,"og_article_section":null,"og_article_tags":null,"twitter_use_og":false,"twitter_card":"default","twitter_image_type":"default","twitter_image_url":null,"twitter_image_custom_url":null,"twitter_image_custom_fields":null,"twitter_title":null,"twitter_description":null,"schema":{"blockGraphs":[],"customGraphs":[],"default":{"data":{"Article":[],"Course":[],"Dataset":[],"FAQPage":[],"Movie":[],"Person":[],"Product":[],"Recipe":[],"Service":[],"SoftwareApplication":[],"WebPage":[]},"graphName":"","isEnabled":true},"graphs":[]},"schema_type":"default","schema_type_options":null,"pillar_content":false,"robots_default":true,"robots_noindex":false,"robots_noarchive":false,"robots_nosnippet":false,"robots_nofollow":false,"robots_noimageindex":false,"robots_noodp":false,"robots_notranslate":false,"robots_max_snippet":null,"robots_max_videopreview":null,"robots_max_imagepreview":"large","priority":null,"frequency":null,"local_seo":null,"breadcrumb_settings":null,"limit_modified_date":false,"created":"2024-04-11 01:57:12","updated":"2025-06-22 17:32:03"},"aioseo_breadcrumb":"<div class=\"aioseo-breadcrumbs\"><span class=\"aioseo-breadcrumb\">\n\t<a href=\"https:\/\/www.rucashk.com\/pt\" title=\"Home\">Home<\/a>\n<\/span><span class=\"aioseo-breadcrumb-separator\">&raquo;<\/span><span class=\"aioseo-breadcrumb\">\n\t<a href=\"https:\/\/www.rucashk.com\/pt\/products\/\" title=\"Produtos\">Produtos<\/a>\n<\/span><span class=\"aioseo-breadcrumb-separator\">&raquo;<\/span><span class=\"aioseo-breadcrumb\">\n\t<a href=\"https:\/\/www.rucashk.com\/pt\/categoria-produto\/other-a-brands\/\" title=\"Other A-Brands\">Other A-Brands<\/a>\n<\/span><span class=\"aioseo-breadcrumb-separator\">&raquo;<\/span><span class=\"aioseo-breadcrumb\">\n\tLaxcare Waterproof Facial Cleansing Brush Wholesale\n<\/span><\/div>","aioseo_breadcrumb_json":[{"label":"Home","link":"https:\/\/www.rucashk.com\/pt"},{"label":"Produtos","link":"https:\/\/www.rucashk.com\/pt\/products\/"},{"label":"Other A-Brands","link":"https:\/\/www.rucashk.com\/pt\/categoria-produto\/other-a-brands\/"},{"label":"Laxcare Waterproof Facial Cleansing Brush Wholesale","link":"https:\/\/www.rucashk.com\/pt\/produto\/laxcare-waterproof-facial-cleansing-brush-wholesale\/"}],"_links":{"self":[{"href":"https:\/\/www.rucashk.com\/pt\/wp-json\/wp\/v2\/product\/24454","targetHints":{"allow":["GET"]}}],"collection":[{"href":"https:\/\/www.rucashk.com\/pt\/wp-json\/wp\/v2\/product"}],"about":[{"href":"https:\/\/www.rucashk.com\/pt\/wp-json\/wp\/v2\/types\/product"}],"wp:featuredmedia":[{"embeddable":true,"href":"https:\/\/www.rucashk.com\/pt\/wp-json\/wp\/v2\/media\/24583"}],"wp:attachment":[{"href":"https:\/\/www.rucashk.com\/pt\/wp-json\/wp\/v2\/media?parent=24454"}],"wp:term":[{"taxonomy":"product_brand","embeddable":true,"href":"https:\/\/www.rucashk.com\/pt\/wp-json\/wp\/v2\/product_brand?post=24454"},{"taxonomy":"product_cat","embeddable":true,"href":"https:\/\/www.rucashk.com\/pt\/wp-json\/wp\/v2\/product_cat?post=24454"},{"taxonomy":"product_tag","embeddable":true,"href":"https:\/\/www.rucashk.com\/pt\/wp-json\/wp\/v2\/product_tag?post=24454"}],"curies":[{"name":"wp","href":"https:\/\/api.w.org\/{rel}","templated":true}]}}