{"id":24451,"date":"2024-01-09T16:04:41","date_gmt":"2024-01-09T16:04:41","guid":{"rendered":"http:\/\/rucashk.com\/?post_type=product&#038;p=24451"},"modified":"2024-03-13T06:15:38","modified_gmt":"2024-03-13T06:15:38","slug":"1more-omthing-outdoor-bt-speaker-black-wholesale","status":"publish","type":"product","link":"https:\/\/www.rucashk.com\/pt\/produto\/1more-omthing-outdoor-bt-speaker-black-wholesale\/","title":{"rendered":"1MORE alto-falante BT externo preto atacado"},"content":{"rendered":"<h2 style=\"text-align: center\">1MORE omthing Outdoor BT alto-falante preto<\/h2>\n<p><img fetchpriority=\"high\" decoding=\"async\" class=\"alignnone wp-image-20805 size-full aligncenter\" src=\"\/wp-content\/uploads\/replace\/1b90d19c31afa05055d49b1d77da5d45.jpeg\" alt=\"1MORE omthing Outdoor BT Speaker Black\" width=\"1500\" height=\"1500\" \/> <img decoding=\"async\" class=\"aligncenter wp-image-20806\" src=\"\/wp-content\/uploads\/replace\/868382d1532b8920a9b370d0bb1e92ef.jpeg\" alt=\"1MORE omthing Outdoor BT Speaker Black\" width=\"1500\" height=\"1407\" \/> <img decoding=\"async\" class=\"alignnone wp-image-20807 size-full aligncenter\" src=\"\/wp-content\/uploads\/replace\/d514f30dfea9468f5be392cfaeecfad2.jpeg\" alt=\"1MORE omthing Outdoor BT Speaker Black\" width=\"1500\" height=\"1500\" \/> <img loading=\"lazy\" decoding=\"async\" class=\"alignnone wp-image-20808 size-full aligncenter\" src=\"\/wp-content\/uploads\/replace\/e36cc740f5bfa43c456d3a949c250a36.jpeg\" alt=\"1MORE omthing Outdoor BT Speaker Black\" width=\"1500\" height=\"1500\" \/><\/p>\n<h2 class=\"default\">Descri\u00e7\u00e3o do produto<\/h2>\n<div id=\"productDescription\" class=\"a-section a-spacing-small\">\n<p>O alto-falante OMThing Mini Chub BT oferece \u00e1udio surpreendente com graves din\u00e2micos para amplificar a dispers\u00e3o do som. O design elegante e leve com uma al\u00e7a permite que voc\u00ea o segure na m\u00e3o, prenda na sua bolsa ou prenda na sua bicicleta. Isso significa que voc\u00ea pode tocar m\u00fasicas incr\u00edveis em casa ou em qualquer lugar.<\/p>\n<p>Projetado para ouvir o dia todo e sem preocupa\u00e7\u00f5es, o alto-falante externo Mini Chub Bluetooth expande a vida \u00fatil da bateria para 12 horas, o que dobra a maioria dos alto-falantes de tamanho semelhante. A caixa dur\u00e1vel e \u00e0 prova d&#039;\u00e1gua com classifica\u00e7\u00e3o IPX 7 faz com que ele resista facilmente a algumas condi\u00e7\u00f5es dif\u00edceis.<\/p>\n<p>Recursos e especifica\u00e7\u00f5es<\/p>\n<p>* Som premium com alta clareza em qualquer volume<br \/>\n* Graves din\u00e2micos para amplificar a dispers\u00e3o do som<br \/>\n* At\u00e9 12 horas de dura\u00e7\u00e3o da bateria<br \/>\n* Portabilidade aprimorada com uma al\u00e7a integrada e design elegante<br \/>\n* IPX 7 \u00e0 prova d&#039;\u00e1gua para forte prote\u00e7\u00e3o contra amea\u00e7as de \u00e1gua<br \/>\n* Bluetooth v4.2 com 32 p\u00e9s de alcance sem fio<\/p>\n<\/div>","protected":false},"excerpt":{"rendered":"<ul class=\"a-unordered-list a-vertical a-spacing-mini\">\n<li><span class=\"a-list-item\">Premium Sound &#8211; Exceptional audio clarity, dynamic bass and heart-thumping beats are delivered by a 1.5&#8243; NdFeB full range driver without distortion at any volume.<\/span><\/li>\n<li><span class=\"a-list-item\">Bluetooth 4.2 Technology &#8211; Achieves instant pairing with all Bluetooth-enabled devices and maintains a strong connection up to 32 feet away.<\/span><\/li>\n<li><span class=\"a-list-item\">12H Non-Stop Music &#8211; Enjoys 12 hours of sublime audio on a single charge. A full recharging only requires 3 hours using an included Micro USB cable.<\/span><\/li>\n<li><span class=\"a-list-item\">IPX 7 Waterproof &#8211; Guarantees impermeable protection against rain, snow and spills, preventing water from reaching internal components even when fully submerged.<\/span><\/li>\n<li><span class=\"a-list-item\">Enhanced Portability &#8211; The neat design with a built-in strap allows you to conveniently carry the speaker in hand or attach it to your bag and bike when you are out.<\/span><\/li>\n<\/ul>","protected":false},"featured_media":24574,"template":"","meta":[],"product_brand":[],"product_cat":[1341],"product_tag":[1086],"class_list":{"0":"post-24451","1":"product","2":"type-product","3":"status-publish","4":"has-post-thumbnail","6":"product_cat-others","7":"product_tag-1more-omthing-outdoor-bt-speaker-black","9":"first","10":"instock","11":"shipping-taxable","12":"product-type-external"},"aioseo_notices":[],"aioseo_head":"\n\t\t<!-- All in One SEO Pro 4.5.9.2 - aioseo.com -->\n\t\t<meta name=\"description\" content=\"Premium Sound - Exceptional audio clarity, dynamic bass and heart-thumping beats are delivered by a 1.5&quot; NdFeB full range driver without distortion at any volume. Bluetooth 4.2 Technology - Achieves instant pairing with all Bluetooth-enabled devices and maintains a strong connection up to 32 feet away. 12H Non-Stop Music - Enjoys 12 hours of sublime audio on a single charge. A full recharging only requires 3 hours using an included Micro USB cable. IPX 7 Waterproof - Guarantees impermeable protection against rain, snow and spills, preventing water from reaching internal components even when fully submerged. Enhanced Portability - The neat design with a built-in strap allows you to conveniently carry the speaker in hand or attach it to your bag and bike when you are out.\" \/>\n\t\t<meta name=\"robots\" content=\"max-image-preview:large\" \/>\n\t\t<link rel=\"canonical\" href=\"https:\/\/www.rucashk.com\/pt\/produto\/1more-omthing-outdoor-bt-speaker-black-wholesale\/\" \/>\n\t\t<meta name=\"generator\" content=\"All in One SEO Pro (AIOSEO) 4.5.9.2\" \/>\n\t\t<meta property=\"og:locale\" content=\"pt_PT\" \/>\n\t\t<meta property=\"og:site_name\" content=\"Rucas - One-stop AIoT Distribution Worldwide\" \/>\n\t\t<meta property=\"og:type\" content=\"article\" \/>\n\t\t<meta property=\"og:title\" content=\"1MORE omthing Outdoor BT Speaker Black Wholesale - Rucas - Wholesale and Distribution\" \/>\n\t\t<meta property=\"og:description\" content=\"Premium Sound - Exceptional audio clarity, dynamic bass and heart-thumping beats are delivered by a 1.5&quot; NdFeB full range driver without distortion at any volume. Bluetooth 4.2 Technology - Achieves instant pairing with all Bluetooth-enabled devices and maintains a strong connection up to 32 feet away. 12H Non-Stop Music - Enjoys 12 hours of sublime audio on a single charge. A full recharging only requires 3 hours using an included Micro USB cable. IPX 7 Waterproof - Guarantees impermeable protection against rain, snow and spills, preventing water from reaching internal components even when fully submerged. Enhanced Portability - The neat design with a built-in strap allows you to conveniently carry the speaker in hand or attach it to your bag and bike when you are out.\" \/>\n\t\t<meta property=\"og:url\" content=\"https:\/\/www.rucashk.com\/pt\/produto\/1more-omthing-outdoor-bt-speaker-black-wholesale\/\" \/>\n\t\t<meta property=\"og:image\" content=\"https:\/\/www.rucashk.com\/wp-content\/uploads\/replace\/503b8e645f128a97ccde2b6290747646.jpeg\" \/>\n\t\t<meta property=\"og:image:secure_url\" content=\"https:\/\/www.rucashk.com\/wp-content\/uploads\/replace\/503b8e645f128a97ccde2b6290747646.jpeg\" \/>\n\t\t<meta property=\"og:image:width\" content=\"1456\" \/>\n\t\t<meta property=\"og:image:height\" content=\"816\" \/>\n\t\t<meta property=\"article:published_time\" content=\"2024-01-09T16:04:41+00:00\" \/>\n\t\t<meta property=\"article:modified_time\" content=\"2024-03-13T06:15:38+00:00\" \/>\n\t\t<meta name=\"twitter:card\" content=\"summary_large_image\" \/>\n\t\t<meta name=\"twitter:title\" content=\"1MORE omthing Outdoor BT Speaker Black Wholesale - Rucas - Wholesale and Distribution\" \/>\n\t\t<meta name=\"twitter:description\" content=\"Premium Sound - Exceptional audio clarity, dynamic bass and heart-thumping beats are delivered by a 1.5&quot; NdFeB full range driver without distortion at any volume. Bluetooth 4.2 Technology - Achieves instant pairing with all Bluetooth-enabled devices and maintains a strong connection up to 32 feet away. 12H Non-Stop Music - Enjoys 12 hours of sublime audio on a single charge. A full recharging only requires 3 hours using an included Micro USB cable. IPX 7 Waterproof - Guarantees impermeable protection against rain, snow and spills, preventing water from reaching internal components even when fully submerged. Enhanced Portability - The neat design with a built-in strap allows you to conveniently carry the speaker in hand or attach it to your bag and bike when you are out.\" \/>\n\t\t<meta name=\"twitter:image\" content=\"https:\/\/www.rucashk.com\/wp-content\/uploads\/replace\/503b8e645f128a97ccde2b6290747646.jpeg\" \/>\n\t\t<script type=\"application\/ld+json\" class=\"aioseo-schema\">\n\t\t\t{\"@context\":\"https:\\\/\\\/schema.org\",\"@graph\":[{\"@type\":\"BreadcrumbList\",\"@id\":\"https:\\\/\\\/www.rucashk.com\\\/pt\\\/produto\\\/1more-omthing-outdoor-bt-speaker-black-wholesale\\\/#breadcrumblist\",\"itemListElement\":[{\"@type\":\"ListItem\",\"@id\":\"https:\\\/\\\/www.rucashk.com\\\/pt\\\/#listItem\",\"position\":1,\"name\":\"Home\",\"item\":\"https:\\\/\\\/www.rucashk.com\\\/pt\\\/\",\"nextItem\":\"https:\\\/\\\/www.rucashk.com\\\/pt\\\/produto\\\/1more-omthing-outdoor-bt-speaker-black-wholesale\\\/#listItem\"},{\"@type\":\"ListItem\",\"@id\":\"https:\\\/\\\/www.rucashk.com\\\/pt\\\/produto\\\/1more-omthing-outdoor-bt-speaker-black-wholesale\\\/#listItem\",\"position\":2,\"name\":\"1MORE omthing Outdoor BT Speaker Black Wholesale\",\"previousItem\":\"https:\\\/\\\/www.rucashk.com\\\/pt\\\/#listItem\"}]},{\"@type\":\"Organization\",\"@id\":\"https:\\\/\\\/www.rucashk.com\\\/pt\\\/#organization\",\"name\":\"Rucas\",\"url\":\"https:\\\/\\\/www.rucashk.com\\\/pt\\\/\",\"logo\":{\"@type\":\"ImageObject\",\"url\":\"https:\\\/\\\/www.rucashk.com\\\/wp-content\\\/uploads\\\/2023\\\/12\\\/Rucas_campany_logo.png\",\"@id\":\"https:\\\/\\\/www.rucashk.com\\\/pt\\\/produto\\\/1more-omthing-outdoor-bt-speaker-black-wholesale\\\/#organizationLogo\",\"width\":221,\"height\":65},\"image\":{\"@id\":\"https:\\\/\\\/www.rucashk.com\\\/pt\\\/#organizationLogo\"}},{\"@type\":\"Person\",\"@id\":\"https:\\\/\\\/www.rucashk.com\\\/pt\\\/author\\\/admin\\\/#author\",\"url\":\"https:\\\/\\\/www.rucashk.com\\\/pt\\\/author\\\/admin\\\/\",\"name\":\"admin\",\"image\":{\"@type\":\"ImageObject\",\"@id\":\"https:\\\/\\\/www.rucashk.com\\\/pt\\\/produto\\\/1more-omthing-outdoor-bt-speaker-black-wholesale\\\/#authorImage\",\"url\":\"https:\\\/\\\/secure.gravatar.com\\\/avatar\\\/b7c8925b09a27e72b30232f8ecaadbd5af0f70a38c78096863fe51b64f031c24?s=96&d=mm&r=g\",\"width\":96,\"height\":96,\"caption\":\"admin\"}},{\"@type\":\"WebPage\",\"@id\":\"https:\\\/\\\/www.rucashk.com\\\/pt\\\/produto\\\/1more-omthing-outdoor-bt-speaker-black-wholesale\\\/#webpage\",\"url\":\"https:\\\/\\\/www.rucashk.com\\\/pt\\\/produto\\\/1more-omthing-outdoor-bt-speaker-black-wholesale\\\/\",\"name\":\"1MORE omthing Outdoor BT Speaker Black Wholesale - Rucas - Wholesale and Distribution\",\"description\":\"Premium Sound - Exceptional audio clarity, dynamic bass and heart-thumping beats are delivered by a 1.5\\\" NdFeB full range driver without distortion at any volume. Bluetooth 4.2 Technology - Achieves instant pairing with all Bluetooth-enabled devices and maintains a strong connection up to 32 feet away. 12H Non-Stop Music - Enjoys 12 hours of sublime audio on a single charge. A full recharging only requires 3 hours using an included Micro USB cable. IPX 7 Waterproof - Guarantees impermeable protection against rain, snow and spills, preventing water from reaching internal components even when fully submerged. Enhanced Portability - The neat design with a built-in strap allows you to conveniently carry the speaker in hand or attach it to your bag and bike when you are out.\",\"inLanguage\":\"pt-PT\",\"isPartOf\":{\"@id\":\"https:\\\/\\\/www.rucashk.com\\\/pt\\\/#website\"},\"breadcrumb\":{\"@id\":\"https:\\\/\\\/www.rucashk.com\\\/pt\\\/produto\\\/1more-omthing-outdoor-bt-speaker-black-wholesale\\\/#breadcrumblist\"},\"author\":{\"@id\":\"https:\\\/\\\/www.rucashk.com\\\/pt\\\/author\\\/admin\\\/#author\"},\"creator\":{\"@id\":\"https:\\\/\\\/www.rucashk.com\\\/pt\\\/author\\\/admin\\\/#author\"},\"image\":{\"@type\":\"ImageObject\",\"url\":\"https:\\\/\\\/www.rucashk.com\\\/wp-content\\\/uploads\\\/2024\\\/01\\\/1MORE-omthing-Outdoor-BT-Speaker-Black.jpg\",\"@id\":\"https:\\\/\\\/www.rucashk.com\\\/pt\\\/produto\\\/1more-omthing-outdoor-bt-speaker-black-wholesale\\\/#mainImage\",\"width\":800,\"height\":800},\"primaryImageOfPage\":{\"@id\":\"https:\\\/\\\/www.rucashk.com\\\/pt\\\/produto\\\/1more-omthing-outdoor-bt-speaker-black-wholesale\\\/#mainImage\"},\"datePublished\":\"2024-01-09T16:04:41+00:00\",\"dateModified\":\"2024-03-13T06:15:38+00:00\"},{\"@type\":\"WebSite\",\"@id\":\"https:\\\/\\\/www.rucashk.com\\\/pt\\\/#website\",\"url\":\"https:\\\/\\\/www.rucashk.com\\\/pt\\\/\",\"name\":\"Rucas - Wholesale and distribution worldwide\",\"alternateName\":\"Rucas - One-stop AIoT Distribution Worldwide\",\"description\":\"One-stop AIoT Distribution Worldwide\",\"inLanguage\":\"pt-PT\",\"publisher\":{\"@id\":\"https:\\\/\\\/www.rucashk.com\\\/pt\\\/#organization\"}}]}\n\t\t<\/script>\n\t\t<!-- All in One SEO Pro -->\r\n\t\t<title>1MORE omthing Outdoor BT Speaker Black Wholesale - Rucas - Wholesale and Distribution<\/title>\n\n","aioseo_head_json":{"title":"1MORE omthing Outdoor BT Speaker Black Wholesale - Rucas - Wholesale and Distribution","description":"Premium Sound - Exceptional audio clarity, dynamic bass and heart-thumping beats are delivered by a 1.5\" NdFeB full range driver without distortion at any volume. Bluetooth 4.2 Technology - Achieves instant pairing with all Bluetooth-enabled devices and maintains a strong connection up to 32 feet away. 12H Non-Stop Music - Enjoys 12 hours of sublime audio on a single charge. A full recharging only requires 3 hours using an included Micro USB cable. IPX 7 Waterproof - Guarantees impermeable protection against rain, snow and spills, preventing water from reaching internal components even when fully submerged. Enhanced Portability - The neat design with a built-in strap allows you to conveniently carry the speaker in hand or attach it to your bag and bike when you are out.","canonical_url":"https:\/\/www.rucashk.com\/pt\/produto\/1more-omthing-outdoor-bt-speaker-black-wholesale\/","robots":"max-image-preview:large","keywords":"","webmasterTools":{"miscellaneous":""},"og:locale":"pt_PT","og:site_name":"Rucas - One-stop AIoT Distribution Worldwide","og:type":"article","og:title":"1MORE omthing Outdoor BT Speaker Black Wholesale - Rucas - Wholesale and Distribution","og:description":"Premium Sound - Exceptional audio clarity, dynamic bass and heart-thumping beats are delivered by a 1.5&quot; NdFeB full range driver without distortion at any volume. Bluetooth 4.2 Technology - Achieves instant pairing with all Bluetooth-enabled devices and maintains a strong connection up to 32 feet away. 12H Non-Stop Music - Enjoys 12 hours of sublime audio on a single charge. A full recharging only requires 3 hours using an included Micro USB cable. IPX 7 Waterproof - Guarantees impermeable protection against rain, snow and spills, preventing water from reaching internal components even when fully submerged. Enhanced Portability - The neat design with a built-in strap allows you to conveniently carry the speaker in hand or attach it to your bag and bike when you are out.","og:url":"https:\/\/www.rucashk.com\/pt\/produto\/1more-omthing-outdoor-bt-speaker-black-wholesale\/","og:image":"https:\/\/www.rucashk.com\/wp-content\/uploads\/replace\/503b8e645f128a97ccde2b6290747646.jpeg","og:image:secure_url":"https:\/\/www.rucashk.com\/wp-content\/uploads\/replace\/503b8e645f128a97ccde2b6290747646.jpeg","og:image:width":1456,"og:image:height":816,"article:published_time":"2024-01-09T16:04:41+00:00","article:modified_time":"2024-03-13T06:15:38+00:00","twitter:card":"summary_large_image","twitter:title":"1MORE omthing Outdoor BT Speaker Black Wholesale - Rucas - Wholesale and Distribution","twitter:description":"Premium Sound - Exceptional audio clarity, dynamic bass and heart-thumping beats are delivered by a 1.5&quot; NdFeB full range driver without distortion at any volume. Bluetooth 4.2 Technology - Achieves instant pairing with all Bluetooth-enabled devices and maintains a strong connection up to 32 feet away. 12H Non-Stop Music - Enjoys 12 hours of sublime audio on a single charge. A full recharging only requires 3 hours using an included Micro USB cable. IPX 7 Waterproof - Guarantees impermeable protection against rain, snow and spills, preventing water from reaching internal components even when fully submerged. Enhanced Portability - The neat design with a built-in strap allows you to conveniently carry the speaker in hand or attach it to your bag and bike when you are out.","twitter:image":"https:\/\/www.rucashk.com\/wp-content\/uploads\/replace\/503b8e645f128a97ccde2b6290747646.jpeg","schema":{"@context":"https:\/\/schema.org","@graph":[{"@type":"BreadcrumbList","@id":"https:\/\/www.rucashk.com\/pt\/produto\/1more-omthing-outdoor-bt-speaker-black-wholesale\/#breadcrumblist","itemListElement":[{"@type":"ListItem","@id":"https:\/\/www.rucashk.com\/pt\/#listItem","position":1,"name":"Home","item":"https:\/\/www.rucashk.com\/pt\/","nextItem":"https:\/\/www.rucashk.com\/pt\/produto\/1more-omthing-outdoor-bt-speaker-black-wholesale\/#listItem"},{"@type":"ListItem","@id":"https:\/\/www.rucashk.com\/pt\/produto\/1more-omthing-outdoor-bt-speaker-black-wholesale\/#listItem","position":2,"name":"1MORE omthing Outdoor BT Speaker Black Wholesale","previousItem":"https:\/\/www.rucashk.com\/pt\/#listItem"}]},{"@type":"Organization","@id":"https:\/\/www.rucashk.com\/pt\/#organization","name":"Rucas","url":"https:\/\/www.rucashk.com\/pt\/","logo":{"@type":"ImageObject","url":"https:\/\/www.rucashk.com\/wp-content\/uploads\/2023\/12\/Rucas_campany_logo.png","@id":"https:\/\/www.rucashk.com\/pt\/produto\/1more-omthing-outdoor-bt-speaker-black-wholesale\/#organizationLogo","width":221,"height":65},"image":{"@id":"https:\/\/www.rucashk.com\/pt\/#organizationLogo"}},{"@type":"Person","@id":"https:\/\/www.rucashk.com\/pt\/author\/admin\/#author","url":"https:\/\/www.rucashk.com\/pt\/author\/admin\/","name":"admin","image":{"@type":"ImageObject","@id":"https:\/\/www.rucashk.com\/pt\/produto\/1more-omthing-outdoor-bt-speaker-black-wholesale\/#authorImage","url":"https:\/\/secure.gravatar.com\/avatar\/b7c8925b09a27e72b30232f8ecaadbd5af0f70a38c78096863fe51b64f031c24?s=96&d=mm&r=g","width":96,"height":96,"caption":"admin"}},{"@type":"WebPage","@id":"https:\/\/www.rucashk.com\/pt\/produto\/1more-omthing-outdoor-bt-speaker-black-wholesale\/#webpage","url":"https:\/\/www.rucashk.com\/pt\/produto\/1more-omthing-outdoor-bt-speaker-black-wholesale\/","name":"1MORE omthing Outdoor BT Speaker Black Wholesale - Rucas - Wholesale and Distribution","description":"Premium Sound - Exceptional audio clarity, dynamic bass and heart-thumping beats are delivered by a 1.5\" NdFeB full range driver without distortion at any volume. Bluetooth 4.2 Technology - Achieves instant pairing with all Bluetooth-enabled devices and maintains a strong connection up to 32 feet away. 12H Non-Stop Music - Enjoys 12 hours of sublime audio on a single charge. A full recharging only requires 3 hours using an included Micro USB cable. IPX 7 Waterproof - Guarantees impermeable protection against rain, snow and spills, preventing water from reaching internal components even when fully submerged. Enhanced Portability - The neat design with a built-in strap allows you to conveniently carry the speaker in hand or attach it to your bag and bike when you are out.","inLanguage":"pt-PT","isPartOf":{"@id":"https:\/\/www.rucashk.com\/pt\/#website"},"breadcrumb":{"@id":"https:\/\/www.rucashk.com\/pt\/produto\/1more-omthing-outdoor-bt-speaker-black-wholesale\/#breadcrumblist"},"author":{"@id":"https:\/\/www.rucashk.com\/pt\/author\/admin\/#author"},"creator":{"@id":"https:\/\/www.rucashk.com\/pt\/author\/admin\/#author"},"image":{"@type":"ImageObject","url":"https:\/\/www.rucashk.com\/wp-content\/uploads\/2024\/01\/1MORE-omthing-Outdoor-BT-Speaker-Black.jpg","@id":"https:\/\/www.rucashk.com\/pt\/produto\/1more-omthing-outdoor-bt-speaker-black-wholesale\/#mainImage","width":800,"height":800},"primaryImageOfPage":{"@id":"https:\/\/www.rucashk.com\/pt\/produto\/1more-omthing-outdoor-bt-speaker-black-wholesale\/#mainImage"},"datePublished":"2024-01-09T16:04:41+00:00","dateModified":"2024-03-13T06:15:38+00:00"},{"@type":"WebSite","@id":"https:\/\/www.rucashk.com\/pt\/#website","url":"https:\/\/www.rucashk.com\/pt\/","name":"Rucas - Wholesale and distribution worldwide","alternateName":"Rucas - One-stop AIoT Distribution Worldwide","description":"One-stop AIoT Distribution Worldwide","inLanguage":"pt-PT","publisher":{"@id":"https:\/\/www.rucashk.com\/pt\/#organization"}}]}},"aioseo_meta_data":{"post_id":"24451","title":null,"description":null,"keywords":null,"keyphrases":null,"primary_term":null,"canonical_url":null,"og_title":null,"og_description":null,"og_object_type":"default","og_image_type":"default","og_image_url":null,"og_image_width":null,"og_image_height":null,"og_image_custom_url":null,"og_image_custom_fields":null,"og_video":null,"og_custom_url":null,"og_article_section":null,"og_article_tags":null,"twitter_use_og":false,"twitter_card":"default","twitter_image_type":"default","twitter_image_url":null,"twitter_image_custom_url":null,"twitter_image_custom_fields":null,"twitter_title":null,"twitter_description":null,"schema":{"blockGraphs":[],"customGraphs":[],"default":{"data":{"Article":[],"Course":[],"Dataset":[],"FAQPage":[],"Movie":[],"Person":[],"Product":[],"Recipe":[],"Service":[],"SoftwareApplication":[],"WebPage":[]},"graphName":"","isEnabled":true},"graphs":[]},"schema_type":"default","schema_type_options":null,"pillar_content":false,"robots_default":true,"robots_noindex":false,"robots_noarchive":false,"robots_nosnippet":false,"robots_nofollow":false,"robots_noimageindex":false,"robots_noodp":false,"robots_notranslate":false,"robots_max_snippet":null,"robots_max_videopreview":null,"robots_max_imagepreview":"large","priority":null,"frequency":null,"local_seo":null,"breadcrumb_settings":null,"limit_modified_date":false,"created":"2024-04-11 01:57:12","updated":"2025-06-22 17:31:27"},"aioseo_breadcrumb":"<div class=\"aioseo-breadcrumbs\"><span class=\"aioseo-breadcrumb\">\n\t<a href=\"https:\/\/www.rucashk.com\/pt\" title=\"Home\">Home<\/a>\n<\/span><span class=\"aioseo-breadcrumb-separator\">&raquo;<\/span><span class=\"aioseo-breadcrumb\">\n\t<a href=\"https:\/\/www.rucashk.com\/pt\/products\/\" title=\"Produtos\">Produtos<\/a>\n<\/span><span class=\"aioseo-breadcrumb-separator\">&raquo;<\/span><span class=\"aioseo-breadcrumb\">\n\t<a href=\"https:\/\/www.rucashk.com\/pt\/categoria-produto\/xiaomi-eco\/\" title=\"Xiaomi Eco\">Xiaomi Eco<\/a>\n<\/span><span class=\"aioseo-breadcrumb-separator\">&raquo;<\/span><span class=\"aioseo-breadcrumb\">\n\t<a href=\"https:\/\/www.rucashk.com\/pt\/categoria-produto\/xiaomi-eco\/others\/\" title=\"Others\">Others<\/a>\n<\/span><span class=\"aioseo-breadcrumb-separator\">&raquo;<\/span><span class=\"aioseo-breadcrumb\">\n\t1MORE omthing Outdoor BT Speaker Black Wholesale\n<\/span><\/div>","aioseo_breadcrumb_json":[{"label":"Home","link":"https:\/\/www.rucashk.com\/pt"},{"label":"Produtos","link":"https:\/\/www.rucashk.com\/pt\/products\/"},{"label":"Xiaomi Eco","link":"https:\/\/www.rucashk.com\/pt\/categoria-produto\/xiaomi-eco\/"},{"label":"Others","link":"https:\/\/www.rucashk.com\/pt\/categoria-produto\/xiaomi-eco\/others\/"},{"label":"1MORE omthing Outdoor BT Speaker Black Wholesale","link":"https:\/\/www.rucashk.com\/pt\/produto\/1more-omthing-outdoor-bt-speaker-black-wholesale\/"}],"_links":{"self":[{"href":"https:\/\/www.rucashk.com\/pt\/wp-json\/wp\/v2\/product\/24451","targetHints":{"allow":["GET"]}}],"collection":[{"href":"https:\/\/www.rucashk.com\/pt\/wp-json\/wp\/v2\/product"}],"about":[{"href":"https:\/\/www.rucashk.com\/pt\/wp-json\/wp\/v2\/types\/product"}],"wp:featuredmedia":[{"embeddable":true,"href":"https:\/\/www.rucashk.com\/pt\/wp-json\/wp\/v2\/media\/24574"}],"wp:attachment":[{"href":"https:\/\/www.rucashk.com\/pt\/wp-json\/wp\/v2\/media?parent=24451"}],"wp:term":[{"taxonomy":"product_brand","embeddable":true,"href":"https:\/\/www.rucashk.com\/pt\/wp-json\/wp\/v2\/product_brand?post=24451"},{"taxonomy":"product_cat","embeddable":true,"href":"https:\/\/www.rucashk.com\/pt\/wp-json\/wp\/v2\/product_cat?post=24451"},{"taxonomy":"product_tag","embeddable":true,"href":"https:\/\/www.rucashk.com\/pt\/wp-json\/wp\/v2\/product_tag?post=24451"}],"curies":[{"name":"wp","href":"https:\/\/api.w.org\/{rel}","templated":true}]}}