{"id":24419,"date":"2024-01-09T16:04:15","date_gmt":"2024-01-09T16:04:15","guid":{"rendered":"http:\/\/rucashk.com\/?post_type=product&#038;p=24419"},"modified":"2024-01-21T07:56:24","modified_gmt":"2024-01-21T07:56:24","slug":"cc-mop-wireless-rotary-wiping-floor-machine-smart-version-wholesale","status":"publish","type":"product","link":"https:\/\/www.rucashk.com\/pt\/produto\/cc-mop-wireless-rotary-wiping-floor-machine-smart-version-wholesale\/","title":{"rendered":"M\u00e1quina de limpeza rotativa sem fio CC Mop (vers\u00e3o inteligente) atacado"},"content":{"rendered":"<p><img fetchpriority=\"high\" decoding=\"async\" class=\"aligncenter\" src=\"https:\/\/www.rucashk.com\/wp-content\/uploads\/2020\/07\/H1370034d126d4ea7bf0cf4bf3d39180fQ-1.jpg\" alt=\"CC Mop wireless rotary wiping floor machine (Smart Version)\" width=\"790\" height=\"1232\" \/><img decoding=\"async\" class=\"aligncenter\" src=\"https:\/\/www.rucashk.com\/wp-content\/uploads\/2020\/07\/Hdda8589369e44a4e888bde905f5744a31-1.jpg\" alt=\"CC Mop wireless rotary wiping floor machine (Smart Version)\" width=\"790\" height=\"1022\" \/><img decoding=\"async\" class=\"aligncenter\" src=\"https:\/\/www.rucashk.com\/wp-content\/uploads\/2020\/07\/Ha48830357af64b4fb68fcf51d7527d53q-1.jpg\" alt=\"CC Mop wireless rotary wiping floor machine (Smart Version)\" width=\"790\" height=\"1270\" \/><img loading=\"lazy\" decoding=\"async\" class=\"aligncenter\" src=\"https:\/\/www.rucashk.com\/wp-content\/uploads\/2020\/07\/He4b386e9803943818320fee6380771b9s-1.jpg\" alt=\"CC Mop wireless rotary wiping floor machine (Smart Version)\" width=\"790\" height=\"1115\" \/><img loading=\"lazy\" decoding=\"async\" class=\"aligncenter\" src=\"https:\/\/www.rucashk.com\/wp-content\/uploads\/2020\/07\/H0e47913b644f405bb154cee5bfad9527f-1.jpg\" alt=\"CC Mop wireless rotary wiping floor machine (Smart Version)\" width=\"790\" height=\"1263\" \/><img loading=\"lazy\" decoding=\"async\" class=\"aligncenter\" src=\"https:\/\/www.rucashk.com\/wp-content\/uploads\/2020\/07\/He9e89d096d114228b06a09698f5b8e39J-1.jpg\" alt=\"CC Mop wireless rotary wiping floor machine (Smart Version)\" width=\"790\" height=\"1031\" \/><img decoding=\"async\" class=\"aligncenter\" src=\"https:\/\/www.rucashk.com\/wp-content\/uploads\/2020\/07\/He9e89d096d114228b06a09698f5b8e39J-1.jpg\" alt=\"CC Mop wireless rotary wiping floor machine (Smart Version)\" \/><img loading=\"lazy\" decoding=\"async\" class=\"aligncenter\" src=\"https:\/\/www.rucashk.com\/wp-content\/uploads\/2020\/07\/Hf767f207b4074ddfbd1ddf917c8d4886b-1.jpg\" alt=\"CC Mop wireless rotary wiping floor machine (Smart Version)\" width=\"790\" height=\"1172\" \/><img loading=\"lazy\" decoding=\"async\" class=\"aligncenter\" src=\"https:\/\/www.rucashk.com\/wp-content\/uploads\/2020\/07\/Hb406e625898c4b8da8096a44e3d326c1K-1.jpg\" alt=\"CC Mop wireless rotary wiping floor machine (Smart Version)\" width=\"790\" height=\"1451\" \/><img loading=\"lazy\" decoding=\"async\" class=\"aligncenter\" src=\"https:\/\/www.rucashk.com\/wp-content\/uploads\/2020\/07\/H2d35f0f2ccbb49a3a67b6cc6bfdd3a3an-1.jpg\" alt=\"CC Mop wireless rotary wiping floor machine (Smart Version)\" width=\"790\" height=\"907\" \/><img loading=\"lazy\" decoding=\"async\" class=\"aligncenter\" src=\"https:\/\/www.rucashk.com\/wp-content\/uploads\/2020\/07\/H0f6b8d2abfd6422d9bb17ab0810a5f3ch-1.jpg\" alt=\"CC Mop wireless rotary wiping floor machine (Smart Version)\" width=\"790\" height=\"1266\" \/><img loading=\"lazy\" decoding=\"async\" class=\"aligncenter\" src=\"https:\/\/www.rucashk.com\/wp-content\/uploads\/2020\/07\/H70c7ef2824d44fdba7f1fd95f3d0d2a9q-1.jpg\" alt=\"CC Mop wireless rotary wiping floor machine (Smart Version)\" width=\"790\" height=\"1305\" \/><img loading=\"lazy\" decoding=\"async\" class=\"aligncenter\" src=\"https:\/\/www.rucashk.com\/wp-content\/uploads\/2020\/07\/H903510bd58734e7990fb74f57b98a110H-1.jpg\" alt=\"CC Mop wireless rotary wiping floor machine (Smart Version)\" width=\"790\" height=\"1122\" \/><img loading=\"lazy\" decoding=\"async\" class=\"aligncenter\" src=\"https:\/\/www.rucashk.com\/wp-content\/uploads\/2020\/07\/H6643fd37c96d402ab2c22a2f01d56cabs-1.jpg\" alt=\"CC Mop wireless rotary wiping floor machine (Smart Version)\" width=\"790\" height=\"950\" \/><img loading=\"lazy\" decoding=\"async\" class=\"aligncenter\" src=\"https:\/\/www.rucashk.com\/wp-content\/uploads\/2020\/07\/H77aa8d680dfd4ea98d4c9ecbe7c3cd6dG-1.jpg\" alt=\"CC Mop wireless rotary wiping floor machine (Smart Version)\" width=\"790\" height=\"1223\" \/><img loading=\"lazy\" decoding=\"async\" class=\"aligncenter\" src=\"https:\/\/www.rucashk.com\/wp-content\/uploads\/2020\/07\/H08eac41b349e402f94e3533b68fc5baaZ-1.jpg\" alt=\"CC Mop wireless rotary wiping floor machine (Smart Version)\" width=\"790\" height=\"908\" \/><img loading=\"lazy\" decoding=\"async\" class=\"aligncenter\" src=\"https:\/\/www.rucashk.com\/wp-content\/uploads\/2020\/07\/Ha41b7079c0a342b795098122ee67059fG-1.jpg\" alt=\"CC Mop wireless rotary wiping floor machine (Smart Version)\" width=\"790\" height=\"1095\" \/><img loading=\"lazy\" decoding=\"async\" class=\"aligncenter\" src=\"https:\/\/www.rucashk.com\/wp-content\/uploads\/2020\/07\/H0505bcb1fae2413b9da5406ab0813e08V-1.jpg\" alt=\"CC Mop wireless rotary wiping floor machine (Smart Version)\" width=\"790\" height=\"1402\" \/><img loading=\"lazy\" decoding=\"async\" class=\"aligncenter\" src=\"https:\/\/www.rucashk.com\/wp-content\/uploads\/2020\/07\/Hb34a4f80dee444028d375cbb48203635z-1.png\" alt=\"CC Mop wireless rotary wiping floor machine (Smart Version)\" width=\"790\" height=\"854\" data-spm-anchor-id=\"a2g0o.detail.1000023.i1.2e6d6ed0OiL9dN\" \/><\/p>\n<h2>especifica\u00e7\u00f5es<\/h2>\n<div><span data-spm-anchor-id=\"2114.12057483.0.i4.4515445bVmsEjZ\">Bateria: bateria de \u00edon de l\u00edtio de 2000mAh<\/span><\/div>\n<div>Classifica\u00e7\u00e3o de tens\u00e3o: DC 12V<\/div>\n<div>Classifica\u00e7\u00e3o de pot\u00eancia: menor ou igual a 35W<\/div>\n<div>Sa\u00edda do adaptador: DC 12,6 V 1A<\/div>\n<div>Tempo de carregamento: 3h<\/div>\n<div>Tamanho do corpo principal: 30 x 27 x 5 cm<\/div>\n<div>Peso corporal principal: 2,156 kg<\/div>\n<div>Tamanho do pacote: 48 x 16,5 x 40 cm<\/div>\n<div>Peso do pacote: 4.160kg<\/div>\n<div>Conte\u00fado do pacote: 1 x esfreg\u00e3o el\u00e9trico Xiaomi, 1 x esfreg\u00e3o normal 2 em 1, 1 x esfreg\u00e3o Terry 2 em 1, 10 x esfreg\u00e3o descart\u00e1vel, 1 x copo medidor, 1 x adaptador, 4 x biela, 1 x usu\u00e1rio Manual<\/div>","protected":false},"excerpt":{"rendered":"<p><strong>Recurso:<\/strong><\/p>\n<ul>\n<li>Limpeza rotativa sem fio do ch\u00e3o e economia de trabalho<\/li>\n<li>Esfrega de mesa girat\u00f3ria dupla<\/li>\n<li>Controle de flexibilidade<\/li>\n<li>99% Esfreg\u00e3o absorvente antibacteriano<\/li>\n<li>Depila\u00e7\u00e3o a seco com arrasto \u00famido<\/li>\n<li>Resposta f\u00e1cil para grandes limpezas dom\u00e9sticas<\/li>\n<li>Contra-rota\u00e7\u00e3o de alta velocidade da plataforma girat\u00f3ria dupla de 200 rpm<\/li>\n<\/ul>","protected":false},"featured_media":24556,"template":"","meta":[],"product_brand":[],"product_cat":[1344,1305],"product_tag":[1083],"class_list":{"0":"post-24419","1":"product","2":"type-product","3":"status-publish","4":"has-post-thumbnail","6":"product_cat-mi-vacuum-cleaner","7":"product_cat-xiaomi-eco","8":"product_tag-cc-mop-wireless-rotary-wiping-floor-machine-smart-version","10":"first","11":"instock","12":"shipping-taxable","13":"product-type-external"},"aioseo_notices":[],"aioseo_head":"\n\t\t<!-- All in One SEO Pro 4.5.9.2 - aioseo.com -->\n\t\t<meta name=\"description\" content=\"Feature\uff1a Wireless rotary wiping floor cleanliness and labor saving Double turntable scrubbing Flexibility control 99% Antibacterial absorbent mop Dry wipe wet drag waxing Easy response to large household cleaning High speed counterrotation of 200 rpm double turntable\" \/>\n\t\t<meta name=\"robots\" content=\"max-image-preview:large\" \/>\n\t\t<link rel=\"canonical\" href=\"https:\/\/www.rucashk.com\/pt\/produto\/cc-mop-wireless-rotary-wiping-floor-machine-smart-version-wholesale\/\" \/>\n\t\t<meta name=\"generator\" content=\"All in One SEO Pro (AIOSEO) 4.5.9.2\" \/>\n\t\t<meta property=\"og:locale\" content=\"pt_PT\" \/>\n\t\t<meta property=\"og:site_name\" content=\"Rucas - One-stop AIoT Distribution Worldwide\" \/>\n\t\t<meta property=\"og:type\" content=\"article\" \/>\n\t\t<meta property=\"og:title\" content=\"CC Mop wireless rotary wiping floor machine (Smart Version) Wholesale - Rucas - Wholesale and Distribution\" \/>\n\t\t<meta property=\"og:description\" content=\"Feature\uff1a Wireless rotary wiping floor cleanliness and labor saving Double turntable scrubbing Flexibility control 99% Antibacterial absorbent mop Dry wipe wet drag waxing Easy response to large household cleaning High speed counterrotation of 200 rpm double turntable\" \/>\n\t\t<meta property=\"og:url\" content=\"https:\/\/www.rucashk.com\/pt\/produto\/cc-mop-wireless-rotary-wiping-floor-machine-smart-version-wholesale\/\" \/>\n\t\t<meta property=\"og:image\" content=\"https:\/\/www.rucashk.com\/wp-content\/uploads\/replace\/503b8e645f128a97ccde2b6290747646.jpeg\" \/>\n\t\t<meta property=\"og:image:secure_url\" content=\"https:\/\/www.rucashk.com\/wp-content\/uploads\/replace\/503b8e645f128a97ccde2b6290747646.jpeg\" \/>\n\t\t<meta property=\"og:image:width\" content=\"1456\" \/>\n\t\t<meta property=\"og:image:height\" content=\"816\" \/>\n\t\t<meta property=\"article:published_time\" content=\"2024-01-09T16:04:15+00:00\" \/>\n\t\t<meta property=\"article:modified_time\" content=\"2024-01-21T07:56:24+00:00\" \/>\n\t\t<meta name=\"twitter:card\" content=\"summary_large_image\" \/>\n\t\t<meta name=\"twitter:title\" content=\"CC Mop wireless rotary wiping floor machine (Smart Version) Wholesale - Rucas - Wholesale and Distribution\" \/>\n\t\t<meta name=\"twitter:description\" content=\"Feature\uff1a Wireless rotary wiping floor cleanliness and labor saving Double turntable scrubbing Flexibility control 99% Antibacterial absorbent mop Dry wipe wet drag waxing Easy response to large household cleaning High speed counterrotation of 200 rpm double turntable\" \/>\n\t\t<meta name=\"twitter:image\" content=\"https:\/\/www.rucashk.com\/wp-content\/uploads\/replace\/503b8e645f128a97ccde2b6290747646.jpeg\" \/>\n\t\t<script type=\"application\/ld+json\" class=\"aioseo-schema\">\n\t\t\t{\"@context\":\"https:\\\/\\\/schema.org\",\"@graph\":[{\"@type\":\"BreadcrumbList\",\"@id\":\"https:\\\/\\\/www.rucashk.com\\\/pt\\\/produto\\\/cc-mop-wireless-rotary-wiping-floor-machine-smart-version-wholesale\\\/#breadcrumblist\",\"itemListElement\":[{\"@type\":\"ListItem\",\"@id\":\"https:\\\/\\\/www.rucashk.com\\\/pt\\\/#listItem\",\"position\":1,\"name\":\"Home\",\"item\":\"https:\\\/\\\/www.rucashk.com\\\/pt\\\/\",\"nextItem\":\"https:\\\/\\\/www.rucashk.com\\\/pt\\\/produto\\\/cc-mop-wireless-rotary-wiping-floor-machine-smart-version-wholesale\\\/#listItem\"},{\"@type\":\"ListItem\",\"@id\":\"https:\\\/\\\/www.rucashk.com\\\/pt\\\/produto\\\/cc-mop-wireless-rotary-wiping-floor-machine-smart-version-wholesale\\\/#listItem\",\"position\":2,\"name\":\"CC Mop wireless rotary wiping floor machine (Smart Version) Wholesale\",\"previousItem\":\"https:\\\/\\\/www.rucashk.com\\\/pt\\\/#listItem\"}]},{\"@type\":\"Organization\",\"@id\":\"https:\\\/\\\/www.rucashk.com\\\/pt\\\/#organization\",\"name\":\"Rucas\",\"url\":\"https:\\\/\\\/www.rucashk.com\\\/pt\\\/\",\"logo\":{\"@type\":\"ImageObject\",\"url\":\"https:\\\/\\\/www.rucashk.com\\\/wp-content\\\/uploads\\\/2023\\\/12\\\/Rucas_campany_logo.png\",\"@id\":\"https:\\\/\\\/www.rucashk.com\\\/pt\\\/produto\\\/cc-mop-wireless-rotary-wiping-floor-machine-smart-version-wholesale\\\/#organizationLogo\",\"width\":221,\"height\":65},\"image\":{\"@id\":\"https:\\\/\\\/www.rucashk.com\\\/pt\\\/#organizationLogo\"}},{\"@type\":\"Person\",\"@id\":\"https:\\\/\\\/www.rucashk.com\\\/pt\\\/author\\\/admin\\\/#author\",\"url\":\"https:\\\/\\\/www.rucashk.com\\\/pt\\\/author\\\/admin\\\/\",\"name\":\"admin\",\"image\":{\"@type\":\"ImageObject\",\"@id\":\"https:\\\/\\\/www.rucashk.com\\\/pt\\\/produto\\\/cc-mop-wireless-rotary-wiping-floor-machine-smart-version-wholesale\\\/#authorImage\",\"url\":\"https:\\\/\\\/secure.gravatar.com\\\/avatar\\\/b7c8925b09a27e72b30232f8ecaadbd5af0f70a38c78096863fe51b64f031c24?s=96&d=mm&r=g\",\"width\":96,\"height\":96,\"caption\":\"admin\"}},{\"@type\":\"WebPage\",\"@id\":\"https:\\\/\\\/www.rucashk.com\\\/pt\\\/produto\\\/cc-mop-wireless-rotary-wiping-floor-machine-smart-version-wholesale\\\/#webpage\",\"url\":\"https:\\\/\\\/www.rucashk.com\\\/pt\\\/produto\\\/cc-mop-wireless-rotary-wiping-floor-machine-smart-version-wholesale\\\/\",\"name\":\"CC Mop wireless rotary wiping floor machine (Smart Version) Wholesale - Rucas - Wholesale and Distribution\",\"description\":\"Feature\\uff1a Wireless rotary wiping floor cleanliness and labor saving Double turntable scrubbing Flexibility control 99% Antibacterial absorbent mop Dry wipe wet drag waxing Easy response to large household cleaning High speed counterrotation of 200 rpm double turntable\",\"inLanguage\":\"pt-PT\",\"isPartOf\":{\"@id\":\"https:\\\/\\\/www.rucashk.com\\\/pt\\\/#website\"},\"breadcrumb\":{\"@id\":\"https:\\\/\\\/www.rucashk.com\\\/pt\\\/produto\\\/cc-mop-wireless-rotary-wiping-floor-machine-smart-version-wholesale\\\/#breadcrumblist\"},\"author\":{\"@id\":\"https:\\\/\\\/www.rucashk.com\\\/pt\\\/author\\\/admin\\\/#author\"},\"creator\":{\"@id\":\"https:\\\/\\\/www.rucashk.com\\\/pt\\\/author\\\/admin\\\/#author\"},\"image\":{\"@type\":\"ImageObject\",\"url\":\"https:\\\/\\\/www.rucashk.com\\\/wp-content\\\/uploads\\\/2024\\\/01\\\/New-Xiaomi-Dreame-CC-Mop-Cleaner-Intelligent-Handheld-Wireless-Electric-Washers-Wet-Mopping-Sweeping-cleaning-machine.jpg\",\"@id\":\"https:\\\/\\\/www.rucashk.com\\\/pt\\\/produto\\\/cc-mop-wireless-rotary-wiping-floor-machine-smart-version-wholesale\\\/#mainImage\",\"width\":800,\"height\":800},\"primaryImageOfPage\":{\"@id\":\"https:\\\/\\\/www.rucashk.com\\\/pt\\\/produto\\\/cc-mop-wireless-rotary-wiping-floor-machine-smart-version-wholesale\\\/#mainImage\"},\"datePublished\":\"2024-01-09T16:04:15+00:00\",\"dateModified\":\"2024-01-21T07:56:24+00:00\"},{\"@type\":\"WebSite\",\"@id\":\"https:\\\/\\\/www.rucashk.com\\\/pt\\\/#website\",\"url\":\"https:\\\/\\\/www.rucashk.com\\\/pt\\\/\",\"name\":\"Rucas - Wholesale and distribution worldwide\",\"alternateName\":\"Rucas - One-stop AIoT Distribution Worldwide\",\"description\":\"One-stop AIoT Distribution Worldwide\",\"inLanguage\":\"pt-PT\",\"publisher\":{\"@id\":\"https:\\\/\\\/www.rucashk.com\\\/pt\\\/#organization\"}}]}\n\t\t<\/script>\n\t\t<!-- All in One SEO Pro -->\r\n\t\t<title>CC Mop wireless rotary wiping floor machine (Smart Version) Wholesale - Rucas - Wholesale and Distribution<\/title>\n\n","aioseo_head_json":{"title":"CC Mop wireless rotary wiping floor machine (Smart Version) Wholesale - Rucas - Wholesale and Distribution","description":"Feature\uff1a Wireless rotary wiping floor cleanliness and labor saving Double turntable scrubbing Flexibility control 99% Antibacterial absorbent mop Dry wipe wet drag waxing Easy response to large household cleaning High speed counterrotation of 200 rpm double turntable","canonical_url":"https:\/\/www.rucashk.com\/pt\/produto\/cc-mop-wireless-rotary-wiping-floor-machine-smart-version-wholesale\/","robots":"max-image-preview:large","keywords":"","webmasterTools":{"miscellaneous":""},"og:locale":"pt_PT","og:site_name":"Rucas - One-stop AIoT Distribution Worldwide","og:type":"article","og:title":"CC Mop wireless rotary wiping floor machine (Smart Version) Wholesale - Rucas - Wholesale and Distribution","og:description":"Feature\uff1a Wireless rotary wiping floor cleanliness and labor saving Double turntable scrubbing Flexibility control 99% Antibacterial absorbent mop Dry wipe wet drag waxing Easy response to large household cleaning High speed counterrotation of 200 rpm double turntable","og:url":"https:\/\/www.rucashk.com\/pt\/produto\/cc-mop-wireless-rotary-wiping-floor-machine-smart-version-wholesale\/","og:image":"https:\/\/www.rucashk.com\/wp-content\/uploads\/replace\/503b8e645f128a97ccde2b6290747646.jpeg","og:image:secure_url":"https:\/\/www.rucashk.com\/wp-content\/uploads\/replace\/503b8e645f128a97ccde2b6290747646.jpeg","og:image:width":1456,"og:image:height":816,"article:published_time":"2024-01-09T16:04:15+00:00","article:modified_time":"2024-01-21T07:56:24+00:00","twitter:card":"summary_large_image","twitter:title":"CC Mop wireless rotary wiping floor machine (Smart Version) Wholesale - Rucas - Wholesale and Distribution","twitter:description":"Feature\uff1a Wireless rotary wiping floor cleanliness and labor saving Double turntable scrubbing Flexibility control 99% Antibacterial absorbent mop Dry wipe wet drag waxing Easy response to large household cleaning High speed counterrotation of 200 rpm double turntable","twitter:image":"https:\/\/www.rucashk.com\/wp-content\/uploads\/replace\/503b8e645f128a97ccde2b6290747646.jpeg","schema":{"@context":"https:\/\/schema.org","@graph":[{"@type":"BreadcrumbList","@id":"https:\/\/www.rucashk.com\/pt\/produto\/cc-mop-wireless-rotary-wiping-floor-machine-smart-version-wholesale\/#breadcrumblist","itemListElement":[{"@type":"ListItem","@id":"https:\/\/www.rucashk.com\/pt\/#listItem","position":1,"name":"Home","item":"https:\/\/www.rucashk.com\/pt\/","nextItem":"https:\/\/www.rucashk.com\/pt\/produto\/cc-mop-wireless-rotary-wiping-floor-machine-smart-version-wholesale\/#listItem"},{"@type":"ListItem","@id":"https:\/\/www.rucashk.com\/pt\/produto\/cc-mop-wireless-rotary-wiping-floor-machine-smart-version-wholesale\/#listItem","position":2,"name":"CC Mop wireless rotary wiping floor machine (Smart Version) Wholesale","previousItem":"https:\/\/www.rucashk.com\/pt\/#listItem"}]},{"@type":"Organization","@id":"https:\/\/www.rucashk.com\/pt\/#organization","name":"Rucas","url":"https:\/\/www.rucashk.com\/pt\/","logo":{"@type":"ImageObject","url":"https:\/\/www.rucashk.com\/wp-content\/uploads\/2023\/12\/Rucas_campany_logo.png","@id":"https:\/\/www.rucashk.com\/pt\/produto\/cc-mop-wireless-rotary-wiping-floor-machine-smart-version-wholesale\/#organizationLogo","width":221,"height":65},"image":{"@id":"https:\/\/www.rucashk.com\/pt\/#organizationLogo"}},{"@type":"Person","@id":"https:\/\/www.rucashk.com\/pt\/author\/admin\/#author","url":"https:\/\/www.rucashk.com\/pt\/author\/admin\/","name":"admin","image":{"@type":"ImageObject","@id":"https:\/\/www.rucashk.com\/pt\/produto\/cc-mop-wireless-rotary-wiping-floor-machine-smart-version-wholesale\/#authorImage","url":"https:\/\/secure.gravatar.com\/avatar\/b7c8925b09a27e72b30232f8ecaadbd5af0f70a38c78096863fe51b64f031c24?s=96&d=mm&r=g","width":96,"height":96,"caption":"admin"}},{"@type":"WebPage","@id":"https:\/\/www.rucashk.com\/pt\/produto\/cc-mop-wireless-rotary-wiping-floor-machine-smart-version-wholesale\/#webpage","url":"https:\/\/www.rucashk.com\/pt\/produto\/cc-mop-wireless-rotary-wiping-floor-machine-smart-version-wholesale\/","name":"CC Mop wireless rotary wiping floor machine (Smart Version) Wholesale - Rucas - Wholesale and Distribution","description":"Feature\uff1a Wireless rotary wiping floor cleanliness and labor saving Double turntable scrubbing Flexibility control 99% Antibacterial absorbent mop Dry wipe wet drag waxing Easy response to large household cleaning High speed counterrotation of 200 rpm double turntable","inLanguage":"pt-PT","isPartOf":{"@id":"https:\/\/www.rucashk.com\/pt\/#website"},"breadcrumb":{"@id":"https:\/\/www.rucashk.com\/pt\/produto\/cc-mop-wireless-rotary-wiping-floor-machine-smart-version-wholesale\/#breadcrumblist"},"author":{"@id":"https:\/\/www.rucashk.com\/pt\/author\/admin\/#author"},"creator":{"@id":"https:\/\/www.rucashk.com\/pt\/author\/admin\/#author"},"image":{"@type":"ImageObject","url":"https:\/\/www.rucashk.com\/wp-content\/uploads\/2024\/01\/New-Xiaomi-Dreame-CC-Mop-Cleaner-Intelligent-Handheld-Wireless-Electric-Washers-Wet-Mopping-Sweeping-cleaning-machine.jpg","@id":"https:\/\/www.rucashk.com\/pt\/produto\/cc-mop-wireless-rotary-wiping-floor-machine-smart-version-wholesale\/#mainImage","width":800,"height":800},"primaryImageOfPage":{"@id":"https:\/\/www.rucashk.com\/pt\/produto\/cc-mop-wireless-rotary-wiping-floor-machine-smart-version-wholesale\/#mainImage"},"datePublished":"2024-01-09T16:04:15+00:00","dateModified":"2024-01-21T07:56:24+00:00"},{"@type":"WebSite","@id":"https:\/\/www.rucashk.com\/pt\/#website","url":"https:\/\/www.rucashk.com\/pt\/","name":"Rucas - Wholesale and distribution worldwide","alternateName":"Rucas - One-stop AIoT Distribution Worldwide","description":"One-stop AIoT Distribution Worldwide","inLanguage":"pt-PT","publisher":{"@id":"https:\/\/www.rucashk.com\/pt\/#organization"}}]}},"aioseo_meta_data":{"post_id":"24419","title":null,"description":null,"keywords":null,"keyphrases":null,"primary_term":null,"canonical_url":null,"og_title":null,"og_description":null,"og_object_type":"default","og_image_type":"default","og_image_url":null,"og_image_width":null,"og_image_height":null,"og_image_custom_url":null,"og_image_custom_fields":null,"og_video":null,"og_custom_url":null,"og_article_section":null,"og_article_tags":null,"twitter_use_og":false,"twitter_card":"default","twitter_image_type":"default","twitter_image_url":null,"twitter_image_custom_url":null,"twitter_image_custom_fields":null,"twitter_title":null,"twitter_description":null,"schema":{"blockGraphs":[],"customGraphs":[],"default":{"data":{"Article":[],"Course":[],"Dataset":[],"FAQPage":[],"Movie":[],"Person":[],"Product":[],"Recipe":[],"Service":[],"SoftwareApplication":[],"WebPage":[]},"graphName":"","isEnabled":true},"graphs":[]},"schema_type":"default","schema_type_options":null,"pillar_content":false,"robots_default":true,"robots_noindex":false,"robots_noarchive":false,"robots_nosnippet":false,"robots_nofollow":false,"robots_noimageindex":false,"robots_noodp":false,"robots_notranslate":false,"robots_max_snippet":null,"robots_max_videopreview":null,"robots_max_imagepreview":"large","priority":null,"frequency":null,"local_seo":null,"breadcrumb_settings":null,"limit_modified_date":false,"created":"2024-04-11 01:57:12","updated":"2025-06-22 17:31:26"},"aioseo_breadcrumb":"<div class=\"aioseo-breadcrumbs\"><span class=\"aioseo-breadcrumb\">\n\t<a href=\"https:\/\/www.rucashk.com\/pt\" title=\"Home\">Home<\/a>\n<\/span><span class=\"aioseo-breadcrumb-separator\">&raquo;<\/span><span class=\"aioseo-breadcrumb\">\n\t<a href=\"https:\/\/www.rucashk.com\/pt\/products\/\" title=\"Produtos\">Produtos<\/a>\n<\/span><span class=\"aioseo-breadcrumb-separator\">&raquo;<\/span><span class=\"aioseo-breadcrumb\">\n\t<a href=\"https:\/\/www.rucashk.com\/pt\/categoria-produto\/xiaomi-eco\/\" title=\"Xiaomi Eco\">Xiaomi Eco<\/a>\n<\/span><span class=\"aioseo-breadcrumb-separator\">&raquo;<\/span><span class=\"aioseo-breadcrumb\">\n\t<a href=\"https:\/\/www.rucashk.com\/pt\/categoria-produto\/xiaomi-eco\/mi-vacuum-cleaner\/\" title=\"Mi Vacuum Cleaner\">Mi Vacuum Cleaner<\/a>\n<\/span><span class=\"aioseo-breadcrumb-separator\">&raquo;<\/span><span class=\"aioseo-breadcrumb\">\n\tCC Mop wireless rotary wiping floor machine (Smart Version) Wholesale\n<\/span><\/div>","aioseo_breadcrumb_json":[{"label":"Home","link":"https:\/\/www.rucashk.com\/pt"},{"label":"Produtos","link":"https:\/\/www.rucashk.com\/pt\/products\/"},{"label":"Xiaomi Eco","link":"https:\/\/www.rucashk.com\/pt\/categoria-produto\/xiaomi-eco\/"},{"label":"Mi Vacuum Cleaner","link":"https:\/\/www.rucashk.com\/pt\/categoria-produto\/xiaomi-eco\/mi-vacuum-cleaner\/"},{"label":"CC Mop wireless rotary wiping floor machine (Smart Version) Wholesale","link":"https:\/\/www.rucashk.com\/pt\/produto\/cc-mop-wireless-rotary-wiping-floor-machine-smart-version-wholesale\/"}],"_links":{"self":[{"href":"https:\/\/www.rucashk.com\/pt\/wp-json\/wp\/v2\/product\/24419","targetHints":{"allow":["GET"]}}],"collection":[{"href":"https:\/\/www.rucashk.com\/pt\/wp-json\/wp\/v2\/product"}],"about":[{"href":"https:\/\/www.rucashk.com\/pt\/wp-json\/wp\/v2\/types\/product"}],"wp:featuredmedia":[{"embeddable":true,"href":"https:\/\/www.rucashk.com\/pt\/wp-json\/wp\/v2\/media\/24556"}],"wp:attachment":[{"href":"https:\/\/www.rucashk.com\/pt\/wp-json\/wp\/v2\/media?parent=24419"}],"wp:term":[{"taxonomy":"product_brand","embeddable":true,"href":"https:\/\/www.rucashk.com\/pt\/wp-json\/wp\/v2\/product_brand?post=24419"},{"taxonomy":"product_cat","embeddable":true,"href":"https:\/\/www.rucashk.com\/pt\/wp-json\/wp\/v2\/product_cat?post=24419"},{"taxonomy":"product_tag","embeddable":true,"href":"https:\/\/www.rucashk.com\/pt\/wp-json\/wp\/v2\/product_tag?post=24419"}],"curies":[{"name":"wp","href":"https:\/\/api.w.org\/{rel}","templated":true}]}}