{"id":24416,"date":"2024-01-09T16:04:15","date_gmt":"2024-01-09T16:04:15","guid":{"rendered":"http:\/\/rucashk.com\/?post_type=product&#038;p=24416"},"modified":"2025-06-17T08:09:35","modified_gmt":"2025-06-17T08:09:35","slug":"dyson-v10-vacuum-cleaner-wholesale","status":"publish","type":"product","link":"https:\/\/www.rucashk.com\/pt\/produto\/dyson-v10-vacuum-cleaner-wholesale\/","title":{"rendered":"Aspirador de p\u00f3 Dyson v10 no atacado"},"content":{"rendered":"<p><img fetchpriority=\"high\" decoding=\"async\" class=\"aligncenter wp-image-20648 size-full\" src=\"\/wp-content\/uploads\/replace\/20ee3e89a2d19016ed6350b44f9cfdcc.jpeg\" alt=\"Dyson v10 Vacuum Cleaner\" width=\"1583\" height=\"313\" \/><img decoding=\"async\" class=\"aligncenter wp-image-20649 size-full\" src=\"\/wp-content\/uploads\/replace\/536d800dc5e57e0a90e10703fb6c6919.jpeg\" alt=\"Dyson v10 Vacuum Cleaner Wholesale\" width=\"1581\" height=\"478\" \/><img decoding=\"async\" class=\"aligncenter wp-image-20650 size-full\" src=\"\/wp-content\/uploads\/replace\/146beba481cd04e3ce723b2ebb2579f3.jpeg\" alt=\"Dyson v10 Vacuum Cleaner\" width=\"1298\" height=\"451\" \/><img loading=\"lazy\" decoding=\"async\" class=\"aligncenter wp-image-20651 size-full\" src=\"\/wp-content\/uploads\/replace\/af5e0432ad80b3a3c74c35ec892fe2c0.jpeg\" alt=\"Dyson v10 Vacuum Cleaner\" width=\"1311\" height=\"398\" \/><img loading=\"lazy\" decoding=\"async\" class=\"aligncenter wp-image-20652 size-full\" src=\"\/wp-content\/uploads\/replace\/87167d38527bbc4b1df40f9e0938fce5.jpeg\" alt=\"Dyson v10 Vacuum Cleaner Wholesale\" width=\"1295\" height=\"461\" \/><img loading=\"lazy\" decoding=\"async\" class=\"aligncenter wp-image-20653 size-full\" src=\"\/wp-content\/uploads\/replace\/9cbb4196cee80d9c6cc33d98ed9e01e8.jpeg\" alt=\"Dyson v10 Vacuum Cleaner Wholesale\" width=\"1306\" height=\"403\" \/><img loading=\"lazy\" decoding=\"async\" class=\"aligncenter wp-image-20656 size-full\" src=\"\/wp-content\/uploads\/replace\/b5225ce94b3336043252243699d5b7ef.jpeg\" alt=\"Dyson v10 Vacuum Cleaner Wholesale\" width=\"1297\" height=\"409\" \/><img loading=\"lazy\" decoding=\"async\" class=\"aligncenter wp-image-20655 size-full\" src=\"\/wp-content\/uploads\/replace\/caa048031400559caa25e9c7976af3dd.jpeg\" alt=\"Dyson v10 Vacuum Cleaner\" width=\"1325\" height=\"390\" \/><\/p>\n<h2 class=\"default\">Descri\u00e7\u00e3o do produto<\/h2>\n<div id=\"productDescription\" class=\"a-section a-spacing-small\">\n<div class=\"disclaim\">Estilo:<strong>Absoluto<\/strong><\/div>\n<p>Grande poder de suc\u00e7\u00e3o da m\u00e1quina. Mas com versatilidade sem fio. O aspirador absoluto sem fio Dyson Cyclone V10 tem um compartimento 40% maior do que nosso aspirador absoluto Dyson V8 anterior para grandes limpezas. O cabe\u00e7ote de limpeza com acionamento de torque remove 25% mais poeira dos carpetes do que nosso aspirador absoluto Dyson V8 anterior. \u00c9 o nosso cabe\u00e7ote de limpeza mais poderoso at\u00e9 agora. A cabe\u00e7a macia do limpador de rolo remove poeira fina e detritos grandes de pisos duros. Possui tr\u00eas modos de energia para escolher, para se adequar a qualquer tarefa em qualquer tipo de piso. O aspirador sem fio absoluto Dyson Cyclone V10 se transforma rapidamente em um port\u00e1til para limpezas r\u00e1pidas, limpeza de manchas e limpeza de locais dif\u00edceis. Filtragem de todo o sistema \u2013 O sistema de filtragem totalmente selado ret\u00e9m 99.97% de part\u00edculas t\u00e3o pequenas quanto 0,3 m\u00edcron \u2013 expelindo um ar mais limpo.<\/p>\n<p>&nbsp;<\/p>\n<h2><strong>Informa\u00e7\u00e3o do produto<\/strong><\/h2>\n<p>Estilo:<strong>Absoluto<\/strong><\/p>\n<table width=\"0\">\n<tbody>\n<tr>\n<td width=\"352\">Dimens\u00f5es do produto<\/td>\n<td>9,84 x 10,08 x 49,17 polegadas<\/td>\n<\/tr>\n<tr>\n<td width=\"352\">Peso do Item<\/td>\n<td>5,88 libras<\/td>\n<\/tr>\n<tr>\n<td width=\"352\">Fabricante<\/td>\n<td>Dyson<\/td>\n<\/tr>\n<tr>\n<td width=\"352\">COMO EM<\/td>\n<td>B0798FVV6V<\/td>\n<\/tr>\n<tr>\n<td width=\"352\">N\u00famero do modelo do item<\/td>\n<td>180846-01<\/td>\n<\/tr>\n<tr>\n<td width=\"352\">Baterias<\/td>\n<td>1 S\u00e3o necess\u00e1rias baterias de pol\u00edmero de l\u00edtio.<\/td>\n<\/tr>\n<tr>\n<td width=\"352\">Foi descontinuado pelo fabricante<\/td>\n<td>N\u00e3o<\/td>\n<\/tr>\n<tr>\n<td width=\"352\">Peso do Item<\/td>\n<td>5,88 libras<\/td>\n<\/tr>\n<tr>\n<td width=\"352\">Baterias necess\u00e1rias<\/td>\n<td>N\u00e3o<\/td>\n<\/tr>\n<tr>\n<td width=\"352\">Componentes inclu\u00eddos<\/td>\n<td>V\u00e1cuo ^ Carregador ^ Suporte de parede ^ Ferramenta combinada ^ Ferramenta para fendas ^ Mini ferramenta motorizada ^ Mini escova de p\u00f3 macia<\/td>\n<\/tr>\n<\/tbody>\n<\/table>\n<h2>Principais caracter\u00edsticas<\/h2>\n<ul class=\"a-unordered-list a-vertical a-spacing-mini\">\n<li><span class=\"a-list-item\">At\u00e9 60 minutos de autonomia ao usar uma ferramenta n\u00e3o motorizada. Tecnologia de ciclones: 14 ciclones conc\u00eantricos. Filtra\u00e7\u00e3o: filtragem avan\u00e7ada de toda a m\u00e1quina. Largura do caminho de limpeza \u2013 9,84 polegadas<\/span><\/li>\n<li><span class=\"a-list-item\">A tecnologia Dyson ajuda a criar uma casa mais limpa e saud\u00e1vel \u2013 Est\u00e1 cientificamente comprovado que os nossos aspiradores e purificadores capturam part\u00edculas t\u00e3o pequenas como alerg\u00e9nios e bact\u00e9rias.<\/span><\/li>\n<li><span class=\"a-list-item\">Leve e vers\u00e1til, para limpar em casa. O gatilho de libera\u00e7\u00e3o instant\u00e2nea significa que a energia da bateria s\u00f3 \u00e9 usada durante a limpeza. Requer carregamento por no m\u00ednimo 3,5 horas antes do primeiro uso<\/span><\/li>\n<li><span class=\"a-list-item\">At\u00e9 40 minutos de pot\u00eancia sem desbotamento com a cabe\u00e7a macia do limpador de rolos (no modo de suc\u00e7\u00e3o I). projetado para coletar detritos grandes e poeira fina<\/span><\/li>\n<li><span class=\"a-list-item\">Cabe\u00e7a de limpeza com acionamento de torque \u2013 At\u00e9 20 minutos de pot\u00eancia sem desbotamento (no modo de suc\u00e7\u00e3o II). coloca cerdas r\u00edgidas de n\u00e1ilon em carpetes para capturar sujeira profunda<\/span><\/li>\n<li><span class=\"a-list-item\">Alimentado pelo motor digital Dyson V10 e projetado para coletar sujeira e poeira fina de pisos duros e carpetes<\/span><\/li>\n<li><span class=\"a-list-item\">Transforma-se rapidamente em um aspirador port\u00e1til, para limpar toda a sua casa e carro<\/span><\/li>\n<li><span class=\"a-list-item\">Componentes inclu\u00eddos: aspirador, carregador, suporte de parede, ferramenta combinada. A tecnologia Dyson ajuda a criar uma casa mais limpa e saud\u00e1vel<\/span><\/li>\n<\/ul>\n<\/div>","protected":false},"excerpt":{"rendered":"<p><strong>Recurso:<\/strong><\/p>\n<ul>\n<li>At\u00e9 60 minutos de autonomia ao usar uma ferramenta n\u00e3o motorizada<\/li>\n<li>A tecnologia Dyson ajuda a criar uma casa mais limpa e saud\u00e1vel<\/li>\n<li>Leve e vers\u00e1til, para limpar em casa<\/li>\n<li>At\u00e9 40 minutos de fade<\/li>\n<li>Cabe\u00e7a de limpeza com acionamento de torque<\/li>\n<li>Transforma-se rapidamente em um aspirador port\u00e1til, para limpar toda a sua casa e carro<\/li>\n<\/ul>","protected":false},"featured_media":24534,"template":"","meta":[],"product_brand":[1376],"product_cat":[1328,1322],"product_tag":[1079],"class_list":{"0":"post-24416","1":"product","2":"type-product","3":"status-publish","4":"has-post-thumbnail","6":"product_brand-dyson","7":"product_cat-dyson-other-a-brands","8":"product_cat-other-a-brands","9":"product_tag-dyson-v10-vacuum-cleaner","11":"first","12":"instock","13":"shipping-taxable","14":"product-type-external"},"aioseo_notices":[],"aioseo_head":"\n\t\t<!-- All in One SEO Pro 4.5.9.2 - aioseo.com -->\n\t\t<meta name=\"description\" content=\"Feature\uff1a Up to 60 minutes run time when using a non-motorized tool Dyson technology helps create a cleaner, healthier home Lightweight and versatile, to clean right through the home Up to 40 minutes of fade Torque drive cleaner head Quickly transforms to a handheld vacuum, to clean all around your home and car\" \/>\n\t\t<meta name=\"robots\" content=\"max-image-preview:large\" \/>\n\t\t<link rel=\"canonical\" href=\"https:\/\/www.rucashk.com\/pt\/produto\/dyson-v10-vacuum-cleaner-wholesale\/\" \/>\n\t\t<meta name=\"generator\" content=\"All in One SEO Pro (AIOSEO) 4.5.9.2\" \/>\n\t\t<meta property=\"og:locale\" content=\"pt_PT\" \/>\n\t\t<meta property=\"og:site_name\" content=\"Rucas - One-stop AIoT Distribution Worldwide\" \/>\n\t\t<meta property=\"og:type\" content=\"article\" \/>\n\t\t<meta property=\"og:title\" content=\"Dyson v10 Vacuum Cleaner Wholesale - Rucas - Wholesale and Distribution\" \/>\n\t\t<meta property=\"og:description\" content=\"Feature\uff1a Up to 60 minutes run time when using a non-motorized tool Dyson technology helps create a cleaner, healthier home Lightweight and versatile, to clean right through the home Up to 40 minutes of fade Torque drive cleaner head Quickly transforms to a handheld vacuum, to clean all around your home and car\" \/>\n\t\t<meta property=\"og:url\" content=\"https:\/\/www.rucashk.com\/pt\/produto\/dyson-v10-vacuum-cleaner-wholesale\/\" \/>\n\t\t<meta property=\"og:image\" content=\"https:\/\/www.rucashk.com\/wp-content\/uploads\/replace\/503b8e645f128a97ccde2b6290747646.jpeg\" \/>\n\t\t<meta property=\"og:image:secure_url\" content=\"https:\/\/www.rucashk.com\/wp-content\/uploads\/replace\/503b8e645f128a97ccde2b6290747646.jpeg\" \/>\n\t\t<meta property=\"og:image:width\" content=\"1456\" \/>\n\t\t<meta property=\"og:image:height\" content=\"816\" \/>\n\t\t<meta property=\"article:published_time\" content=\"2024-01-09T16:04:15+00:00\" \/>\n\t\t<meta property=\"article:modified_time\" content=\"2025-06-17T08:09:35+00:00\" \/>\n\t\t<meta name=\"twitter:card\" content=\"summary_large_image\" \/>\n\t\t<meta name=\"twitter:title\" content=\"Dyson v10 Vacuum Cleaner Wholesale - Rucas - Wholesale and Distribution\" \/>\n\t\t<meta name=\"twitter:description\" content=\"Feature\uff1a Up to 60 minutes run time when using a non-motorized tool Dyson technology helps create a cleaner, healthier home Lightweight and versatile, to clean right through the home Up to 40 minutes of fade Torque drive cleaner head Quickly transforms to a handheld vacuum, to clean all around your home and car\" \/>\n\t\t<meta name=\"twitter:image\" content=\"https:\/\/www.rucashk.com\/wp-content\/uploads\/replace\/503b8e645f128a97ccde2b6290747646.jpeg\" \/>\n\t\t<script type=\"application\/ld+json\" class=\"aioseo-schema\">\n\t\t\t{\"@context\":\"https:\\\/\\\/schema.org\",\"@graph\":[{\"@type\":\"BreadcrumbList\",\"@id\":\"https:\\\/\\\/www.rucashk.com\\\/pt\\\/produto\\\/dyson-v10-vacuum-cleaner-wholesale\\\/#breadcrumblist\",\"itemListElement\":[{\"@type\":\"ListItem\",\"@id\":\"https:\\\/\\\/www.rucashk.com\\\/pt\\\/#listItem\",\"position\":1,\"name\":\"Home\",\"item\":\"https:\\\/\\\/www.rucashk.com\\\/pt\\\/\",\"nextItem\":\"https:\\\/\\\/www.rucashk.com\\\/pt\\\/produto\\\/dyson-v10-vacuum-cleaner-wholesale\\\/#listItem\"},{\"@type\":\"ListItem\",\"@id\":\"https:\\\/\\\/www.rucashk.com\\\/pt\\\/produto\\\/dyson-v10-vacuum-cleaner-wholesale\\\/#listItem\",\"position\":2,\"name\":\"Dyson v10 Vacuum Cleaner Wholesale\",\"previousItem\":\"https:\\\/\\\/www.rucashk.com\\\/pt\\\/#listItem\"}]},{\"@type\":\"Organization\",\"@id\":\"https:\\\/\\\/www.rucashk.com\\\/pt\\\/#organization\",\"name\":\"Rucas\",\"url\":\"https:\\\/\\\/www.rucashk.com\\\/pt\\\/\",\"logo\":{\"@type\":\"ImageObject\",\"url\":\"https:\\\/\\\/www.rucashk.com\\\/wp-content\\\/uploads\\\/2023\\\/12\\\/Rucas_campany_logo.png\",\"@id\":\"https:\\\/\\\/www.rucashk.com\\\/pt\\\/produto\\\/dyson-v10-vacuum-cleaner-wholesale\\\/#organizationLogo\",\"width\":221,\"height\":65},\"image\":{\"@id\":\"https:\\\/\\\/www.rucashk.com\\\/pt\\\/#organizationLogo\"}},{\"@type\":\"Person\",\"@id\":\"https:\\\/\\\/www.rucashk.com\\\/pt\\\/author\\\/admin\\\/#author\",\"url\":\"https:\\\/\\\/www.rucashk.com\\\/pt\\\/author\\\/admin\\\/\",\"name\":\"admin\",\"image\":{\"@type\":\"ImageObject\",\"@id\":\"https:\\\/\\\/www.rucashk.com\\\/pt\\\/produto\\\/dyson-v10-vacuum-cleaner-wholesale\\\/#authorImage\",\"url\":\"https:\\\/\\\/secure.gravatar.com\\\/avatar\\\/b7c8925b09a27e72b30232f8ecaadbd5af0f70a38c78096863fe51b64f031c24?s=96&d=mm&r=g\",\"width\":96,\"height\":96,\"caption\":\"admin\"}},{\"@type\":\"WebPage\",\"@id\":\"https:\\\/\\\/www.rucashk.com\\\/pt\\\/produto\\\/dyson-v10-vacuum-cleaner-wholesale\\\/#webpage\",\"url\":\"https:\\\/\\\/www.rucashk.com\\\/pt\\\/produto\\\/dyson-v10-vacuum-cleaner-wholesale\\\/\",\"name\":\"Dyson v10 Vacuum Cleaner Wholesale - Rucas - Wholesale and Distribution\",\"description\":\"Feature\\uff1a Up to 60 minutes run time when using a non-motorized tool Dyson technology helps create a cleaner, healthier home Lightweight and versatile, to clean right through the home Up to 40 minutes of fade Torque drive cleaner head Quickly transforms to a handheld vacuum, to clean all around your home and car\",\"inLanguage\":\"pt-PT\",\"isPartOf\":{\"@id\":\"https:\\\/\\\/www.rucashk.com\\\/pt\\\/#website\"},\"breadcrumb\":{\"@id\":\"https:\\\/\\\/www.rucashk.com\\\/pt\\\/produto\\\/dyson-v10-vacuum-cleaner-wholesale\\\/#breadcrumblist\"},\"author\":{\"@id\":\"https:\\\/\\\/www.rucashk.com\\\/pt\\\/author\\\/admin\\\/#author\"},\"creator\":{\"@id\":\"https:\\\/\\\/www.rucashk.com\\\/pt\\\/author\\\/admin\\\/#author\"},\"image\":{\"@type\":\"ImageObject\",\"url\":\"https:\\\/\\\/www.rucashk.com\\\/wp-content\\\/uploads\\\/2024\\\/01\\\/Dyson-v10.jpg\",\"@id\":\"https:\\\/\\\/www.rucashk.com\\\/pt\\\/produto\\\/dyson-v10-vacuum-cleaner-wholesale\\\/#mainImage\",\"width\":800,\"height\":800},\"primaryImageOfPage\":{\"@id\":\"https:\\\/\\\/www.rucashk.com\\\/pt\\\/produto\\\/dyson-v10-vacuum-cleaner-wholesale\\\/#mainImage\"},\"datePublished\":\"2024-01-09T16:04:15+00:00\",\"dateModified\":\"2025-06-17T08:09:35+00:00\"},{\"@type\":\"WebSite\",\"@id\":\"https:\\\/\\\/www.rucashk.com\\\/pt\\\/#website\",\"url\":\"https:\\\/\\\/www.rucashk.com\\\/pt\\\/\",\"name\":\"Rucas - Wholesale and distribution worldwide\",\"alternateName\":\"Rucas - One-stop AIoT Distribution Worldwide\",\"description\":\"One-stop AIoT Distribution Worldwide\",\"inLanguage\":\"pt-PT\",\"publisher\":{\"@id\":\"https:\\\/\\\/www.rucashk.com\\\/pt\\\/#organization\"}}]}\n\t\t<\/script>\n\t\t<!-- All in One SEO Pro -->\r\n\t\t<title>Dyson v10 Vacuum Cleaner Wholesale - Rucas - Wholesale and Distribution<\/title>\n\n","aioseo_head_json":{"title":"Dyson v10 Vacuum Cleaner Wholesale - Rucas - Wholesale and Distribution","description":"Feature\uff1a Up to 60 minutes run time when using a non-motorized tool Dyson technology helps create a cleaner, healthier home Lightweight and versatile, to clean right through the home Up to 40 minutes of fade Torque drive cleaner head Quickly transforms to a handheld vacuum, to clean all around your home and car","canonical_url":"https:\/\/www.rucashk.com\/pt\/produto\/dyson-v10-vacuum-cleaner-wholesale\/","robots":"max-image-preview:large","keywords":"","webmasterTools":{"miscellaneous":""},"og:locale":"pt_PT","og:site_name":"Rucas - One-stop AIoT Distribution Worldwide","og:type":"article","og:title":"Dyson v10 Vacuum Cleaner Wholesale - Rucas - Wholesale and Distribution","og:description":"Feature\uff1a Up to 60 minutes run time when using a non-motorized tool Dyson technology helps create a cleaner, healthier home Lightweight and versatile, to clean right through the home Up to 40 minutes of fade Torque drive cleaner head Quickly transforms to a handheld vacuum, to clean all around your home and car","og:url":"https:\/\/www.rucashk.com\/pt\/produto\/dyson-v10-vacuum-cleaner-wholesale\/","og:image":"https:\/\/www.rucashk.com\/wp-content\/uploads\/replace\/503b8e645f128a97ccde2b6290747646.jpeg","og:image:secure_url":"https:\/\/www.rucashk.com\/wp-content\/uploads\/replace\/503b8e645f128a97ccde2b6290747646.jpeg","og:image:width":1456,"og:image:height":816,"article:published_time":"2024-01-09T16:04:15+00:00","article:modified_time":"2025-06-17T08:09:35+00:00","twitter:card":"summary_large_image","twitter:title":"Dyson v10 Vacuum Cleaner Wholesale - Rucas - Wholesale and Distribution","twitter:description":"Feature\uff1a Up to 60 minutes run time when using a non-motorized tool Dyson technology helps create a cleaner, healthier home Lightweight and versatile, to clean right through the home Up to 40 minutes of fade Torque drive cleaner head Quickly transforms to a handheld vacuum, to clean all around your home and car","twitter:image":"https:\/\/www.rucashk.com\/wp-content\/uploads\/replace\/503b8e645f128a97ccde2b6290747646.jpeg","schema":{"@context":"https:\/\/schema.org","@graph":[{"@type":"BreadcrumbList","@id":"https:\/\/www.rucashk.com\/pt\/produto\/dyson-v10-vacuum-cleaner-wholesale\/#breadcrumblist","itemListElement":[{"@type":"ListItem","@id":"https:\/\/www.rucashk.com\/pt\/#listItem","position":1,"name":"Home","item":"https:\/\/www.rucashk.com\/pt\/","nextItem":"https:\/\/www.rucashk.com\/pt\/produto\/dyson-v10-vacuum-cleaner-wholesale\/#listItem"},{"@type":"ListItem","@id":"https:\/\/www.rucashk.com\/pt\/produto\/dyson-v10-vacuum-cleaner-wholesale\/#listItem","position":2,"name":"Dyson v10 Vacuum Cleaner Wholesale","previousItem":"https:\/\/www.rucashk.com\/pt\/#listItem"}]},{"@type":"Organization","@id":"https:\/\/www.rucashk.com\/pt\/#organization","name":"Rucas","url":"https:\/\/www.rucashk.com\/pt\/","logo":{"@type":"ImageObject","url":"https:\/\/www.rucashk.com\/wp-content\/uploads\/2023\/12\/Rucas_campany_logo.png","@id":"https:\/\/www.rucashk.com\/pt\/produto\/dyson-v10-vacuum-cleaner-wholesale\/#organizationLogo","width":221,"height":65},"image":{"@id":"https:\/\/www.rucashk.com\/pt\/#organizationLogo"}},{"@type":"Person","@id":"https:\/\/www.rucashk.com\/pt\/author\/admin\/#author","url":"https:\/\/www.rucashk.com\/pt\/author\/admin\/","name":"admin","image":{"@type":"ImageObject","@id":"https:\/\/www.rucashk.com\/pt\/produto\/dyson-v10-vacuum-cleaner-wholesale\/#authorImage","url":"https:\/\/secure.gravatar.com\/avatar\/b7c8925b09a27e72b30232f8ecaadbd5af0f70a38c78096863fe51b64f031c24?s=96&d=mm&r=g","width":96,"height":96,"caption":"admin"}},{"@type":"WebPage","@id":"https:\/\/www.rucashk.com\/pt\/produto\/dyson-v10-vacuum-cleaner-wholesale\/#webpage","url":"https:\/\/www.rucashk.com\/pt\/produto\/dyson-v10-vacuum-cleaner-wholesale\/","name":"Dyson v10 Vacuum Cleaner Wholesale - Rucas - Wholesale and Distribution","description":"Feature\uff1a Up to 60 minutes run time when using a non-motorized tool Dyson technology helps create a cleaner, healthier home Lightweight and versatile, to clean right through the home Up to 40 minutes of fade Torque drive cleaner head Quickly transforms to a handheld vacuum, to clean all around your home and car","inLanguage":"pt-PT","isPartOf":{"@id":"https:\/\/www.rucashk.com\/pt\/#website"},"breadcrumb":{"@id":"https:\/\/www.rucashk.com\/pt\/produto\/dyson-v10-vacuum-cleaner-wholesale\/#breadcrumblist"},"author":{"@id":"https:\/\/www.rucashk.com\/pt\/author\/admin\/#author"},"creator":{"@id":"https:\/\/www.rucashk.com\/pt\/author\/admin\/#author"},"image":{"@type":"ImageObject","url":"https:\/\/www.rucashk.com\/wp-content\/uploads\/2024\/01\/Dyson-v10.jpg","@id":"https:\/\/www.rucashk.com\/pt\/produto\/dyson-v10-vacuum-cleaner-wholesale\/#mainImage","width":800,"height":800},"primaryImageOfPage":{"@id":"https:\/\/www.rucashk.com\/pt\/produto\/dyson-v10-vacuum-cleaner-wholesale\/#mainImage"},"datePublished":"2024-01-09T16:04:15+00:00","dateModified":"2025-06-17T08:09:35+00:00"},{"@type":"WebSite","@id":"https:\/\/www.rucashk.com\/pt\/#website","url":"https:\/\/www.rucashk.com\/pt\/","name":"Rucas - Wholesale and distribution worldwide","alternateName":"Rucas - One-stop AIoT Distribution Worldwide","description":"One-stop AIoT Distribution Worldwide","inLanguage":"pt-PT","publisher":{"@id":"https:\/\/www.rucashk.com\/pt\/#organization"}}]}},"aioseo_meta_data":{"post_id":"24416","title":null,"description":null,"keywords":null,"keyphrases":null,"primary_term":null,"canonical_url":null,"og_title":null,"og_description":null,"og_object_type":"default","og_image_type":"default","og_image_url":null,"og_image_width":null,"og_image_height":null,"og_image_custom_url":null,"og_image_custom_fields":null,"og_video":"","og_custom_url":null,"og_article_section":null,"og_article_tags":null,"twitter_use_og":false,"twitter_card":"default","twitter_image_type":"default","twitter_image_url":null,"twitter_image_custom_url":null,"twitter_image_custom_fields":null,"twitter_title":null,"twitter_description":null,"schema":{"blockGraphs":[],"customGraphs":[],"default":{"data":{"Article":[],"Course":[],"Dataset":[],"FAQPage":[],"Movie":[],"Person":[],"Product":[],"Recipe":[],"Service":[],"SoftwareApplication":[],"WebPage":[]},"graphName":"","isEnabled":true},"graphs":[]},"schema_type":"default","schema_type_options":null,"pillar_content":false,"robots_default":true,"robots_noindex":false,"robots_noarchive":false,"robots_nosnippet":false,"robots_nofollow":false,"robots_noimageindex":false,"robots_noodp":false,"robots_notranslate":false,"robots_max_snippet":"-1","robots_max_videopreview":"-1","robots_max_imagepreview":"large","priority":null,"frequency":"default","local_seo":null,"breadcrumb_settings":null,"limit_modified_date":false,"created":"2024-04-11 01:57:11","updated":"2025-06-22 17:31:24"},"aioseo_breadcrumb":"<div class=\"aioseo-breadcrumbs\"><span class=\"aioseo-breadcrumb\">\n\t<a href=\"https:\/\/www.rucashk.com\/pt\" title=\"Home\">Home<\/a>\n<\/span><span class=\"aioseo-breadcrumb-separator\">&raquo;<\/span><span class=\"aioseo-breadcrumb\">\n\t<a href=\"https:\/\/www.rucashk.com\/pt\/products\/\" title=\"Produtos\">Produtos<\/a>\n<\/span><span class=\"aioseo-breadcrumb-separator\">&raquo;<\/span><span class=\"aioseo-breadcrumb\">\n\t<a href=\"https:\/\/www.rucashk.com\/pt\/marca\/dyson\/\" title=\"Dyson\">Dyson<\/a>\n<\/span><span class=\"aioseo-breadcrumb-separator\">&raquo;<\/span><span class=\"aioseo-breadcrumb\">\n\tDyson v10 Vacuum Cleaner Wholesale\n<\/span><\/div>","aioseo_breadcrumb_json":[{"label":"Home","link":"https:\/\/www.rucashk.com\/pt"},{"label":"Produtos","link":"https:\/\/www.rucashk.com\/pt\/products\/"},{"label":"Dyson","link":"https:\/\/www.rucashk.com\/pt\/marca\/dyson\/"},{"label":"Dyson v10 Vacuum Cleaner Wholesale","link":"https:\/\/www.rucashk.com\/pt\/produto\/dyson-v10-vacuum-cleaner-wholesale\/"}],"_links":{"self":[{"href":"https:\/\/www.rucashk.com\/pt\/wp-json\/wp\/v2\/product\/24416","targetHints":{"allow":["GET"]}}],"collection":[{"href":"https:\/\/www.rucashk.com\/pt\/wp-json\/wp\/v2\/product"}],"about":[{"href":"https:\/\/www.rucashk.com\/pt\/wp-json\/wp\/v2\/types\/product"}],"wp:featuredmedia":[{"embeddable":true,"href":"https:\/\/www.rucashk.com\/pt\/wp-json\/wp\/v2\/media\/24534"}],"wp:attachment":[{"href":"https:\/\/www.rucashk.com\/pt\/wp-json\/wp\/v2\/media?parent=24416"}],"wp:term":[{"taxonomy":"product_brand","embeddable":true,"href":"https:\/\/www.rucashk.com\/pt\/wp-json\/wp\/v2\/product_brand?post=24416"},{"taxonomy":"product_cat","embeddable":true,"href":"https:\/\/www.rucashk.com\/pt\/wp-json\/wp\/v2\/product_cat?post=24416"},{"taxonomy":"product_tag","embeddable":true,"href":"https:\/\/www.rucashk.com\/pt\/wp-json\/wp\/v2\/product_tag?post=24416"}],"curies":[{"name":"wp","href":"https:\/\/api.w.org\/{rel}","templated":true}]}}