{"id":24413,"date":"2024-01-09T16:04:14","date_gmt":"2024-01-09T16:04:14","guid":{"rendered":"http:\/\/rucashk.com\/?post_type=product&#038;p=24413"},"modified":"2025-06-17T08:09:49","modified_gmt":"2025-06-17T08:09:49","slug":"dyson-v11-vacuum-cleaner-wholesale","status":"publish","type":"product","link":"https:\/\/www.rucashk.com\/pt\/produto\/dyson-v11-vacuum-cleaner-wholesale\/","title":{"rendered":"Aspirador de p\u00f3 Dyson v11 no atacado"},"content":{"rendered":"<p><img fetchpriority=\"high\" decoding=\"async\" class=\"wp-image-20630 size-full aligncenter\" src=\"\/wp-content\/uploads\/replace\/62fa97b237d1e99228a3a863bcb17960.jpeg\" alt=\"Dyson v11 Vacuum Cleaner\" width=\"1460\" height=\"595\" \/><img decoding=\"async\" class=\"aligncenter wp-image-20631 size-full\" src=\"\/wp-content\/uploads\/replace\/7d80d32886ddabe9c2703741a1cd97a9.jpeg\" alt=\"Dyson v11 Vacuum Cleaner\" width=\"1461\" height=\"596\" \/> <img decoding=\"async\" class=\"wp-image-20633 size-full aligncenter\" src=\"\/wp-content\/uploads\/replace\/d7b650565ef69e832bed17c86f99d55b.jpeg\" alt=\"Dyson v11 Vacuum Cleaner\" width=\"1457\" height=\"596\" \/><img loading=\"lazy\" decoding=\"async\" class=\"aligncenter wp-image-20635 size-full\" src=\"\/wp-content\/uploads\/replace\/20a7974a0510bf8a4945dfe79ca5afb7.jpeg\" alt=\"Dyson v11 Vacuum Cleaner\" width=\"1372\" height=\"464\" \/><img loading=\"lazy\" decoding=\"async\" class=\"aligncenter wp-image-20636 size-full\" src=\"\/wp-content\/uploads\/replace\/bf10e696f1ee6e130589f0585b888eb5.jpeg\" alt=\"Dyson v11 Vacuum Cleaner\" width=\"1383\" height=\"405\" \/><\/p>\n<h2 class=\"default\">Descri\u00e7\u00e3o do produto<\/h2>\n<div id=\"productDescription\" class=\"a-section a-spacing-small\">\n<div class=\"disclaim\">Estilo:<strong>Acionamento de Torque<\/strong><\/div>\n<div id=\"dpx-product-description_feature_div\">\n<div id=\"descriptionAndDetails\" class=\"a-section a-spacing-extra-large\">\n<div id=\"productDescription_feature_div\" class=\"feature\" data-feature-name=\"productDescription\" data-cel-widget=\"productDescription_feature_div\">\n<div id=\"productDescription_feature_div\" class=\"a-row feature\" data-feature-name=\"productDescription\" data-template-name=\"productDescription\" data-cel-widget=\"productDescription_feature_div\">\n<div id=\"productDescription\" class=\"a-section a-spacing-small\">\n<p>Duas vezes a suc\u00e7\u00e3o de qualquer aspirador sem fio.andsup1; Limpeza sem fio, mais f\u00e1cil. Otimiza de forma inteligente a suc\u00e7\u00e3o e o tempo de funcionamento, para uma limpeza profunda em qualquer lugar. Com bateria sem desbotamento e um gatilho para economia de bateria. E relat\u00f3rios em tempo real na tela LCD para lhe dar controle de sua limpeza. O sistema Dynamic Load Sensor (DLS) altera automaticamente a velocidade do motor entre carpetes e pisos duros. Para limpeza profunda em todos os tipos de piso. O aspirador sem fio Dyson V11 Torque Drive se transforma rapidamente em um port\u00e1til para limpezas r\u00e1pidas, limpeza localizada e limpeza de locais dif\u00edceis.<\/p>\n<p>&nbsp;<\/p>\n<h2><strong>Informa\u00e7\u00e3o do produto<\/strong><\/h2>\n<p>Estilo:<strong>Acionamento de Torque<\/strong><\/p>\n<table width=\"0\">\n<tbody>\n<tr>\n<td width=\"352\">Dimens\u00f5es do produto<\/td>\n<td>50,63 x 9,84 x 10,28 polegadas<\/td>\n<\/tr>\n<tr>\n<td width=\"352\">Peso do Item<\/td>\n<td>6,68 libras<\/td>\n<\/tr>\n<tr>\n<td width=\"352\">Fabricante<\/td>\n<td>Dyson<\/td>\n<\/tr>\n<tr>\n<td width=\"352\">COMO EM<\/td>\n<td>B07NX8XBMP<\/td>\n<\/tr>\n<tr>\n<td width=\"352\">N\u00famero do modelo do item<\/td>\n<td>268731-01<\/td>\n<\/tr>\n<tr>\n<td width=\"352\">Baterias<\/td>\n<td>1 S\u00e3o necess\u00e1rias baterias de pol\u00edmero de l\u00edtio. (inclu\u00eddo)<\/td>\n<\/tr>\n<tr>\n<td width=\"352\">Foi descontinuado pelo fabricante<\/td>\n<td>N\u00e3o<\/td>\n<\/tr>\n<tr>\n<td width=\"352\">Peso do Item<\/td>\n<td>6,68 libras<\/td>\n<\/tr>\n<tr>\n<td width=\"352\">Baterias necess\u00e1rias<\/td>\n<td>Sim<\/td>\n<\/tr>\n<tr>\n<td width=\"352\">Componentes inclu\u00eddos<\/td>\n<td>Ferramenta combinada, ferramenta para fendas, mini ferramenta motorizada, escova de cerdas duras, mini escova macia para p\u00f3, clipe de armazenamento de varinha<\/td>\n<\/tr>\n<\/tbody>\n<\/table>\n<h2>Principais caracter\u00edsticas<\/h2>\n<ul>\n<li><em>SENTIDOS CONTINUAMENTE. ENT\u00c3O ADAPTA A ENERGIA AUTOMATICAMENTE<\/em>. O sistema Dynamic Load Sensor (DLS) altera automaticamente a velocidade do motor entre carpetes e pisos duros. Para limpeza profunda em todos os tipos de piso.<\/li>\n<li><em>RELAT\u00d3RIOS INTELIGENTES EM TEMPO REAL.<\/em>\u00a0A tela LCD mostra o desempenho atual, incluindo o modo de energia selecionado, tempo de execu\u00e7\u00e3o restante, lembretes de manuten\u00e7\u00e3o do filtro e relat\u00f3rios de bloqueio.<\/li>\n<li><em>DYSON DIGITAL MOTOR V11 AJUDA A FORNECER 40% MAIS POT\u00caNCIA DE SUC\u00c7\u00c3O DO QUE O DYSON V8 SEM CABO.<\/em>\u00a0O motor gira a at\u00e9 125.000 rpm para criar uma suc\u00e7\u00e3o poderosa<\/li>\n<li><em>A FILTRA\u00c7\u00c3O DE M\u00c1QUINA INTEIRA CAPTURA 99,97% DE PART\u00cdCULAS DE POEIRA MICROSC\u00d3PICA T\u00c3O PEQUENAS COMO 0,3 MICRON.<\/em>\u00a0Captura poeira e al\u00e9rgenos para expelir um ar mais limpo.<\/li>\n<li><em>AT\u00c9 60 MINUTOS DE ENERGIA SEM FADE<\/em>. Baterias de \u00edons de l\u00edtio de 7 c\u00e9lulas mais leves, por\u00e9m mais potentes. *O tempo de execu\u00e7\u00e3o real varia de acordo com o modo de energia e\/ou acess\u00f3rios usados.<\/li>\n<li><em>14 CICLONES.<\/em>\u00a014 ciclones geram for\u00e7as de mais de 79.000g para lan\u00e7ar part\u00edculas microsc\u00f3picas no lixo.<\/li>\n<li>TRANSFORMA-SE EM UM PORT\u00c1TIL. Transforma-se r\u00e1pida e facilmente em um port\u00e1til para limpeza nas escadas, no carro e no sof\u00e1.<\/li>\n<li>ALCANCE SOB M\u00d3VEIS BAIXOS. Cabe\u00e7as de limpeza de perfil baixo e design fino facilitam a limpeza de espa\u00e7os baixos e dif\u00edceis.<\/li>\n<li>PROJETADO ACUSTICAMENTE. TONS DESAGRAD\u00c1VEIS ELIMINADOS. Os defletores ac\u00fasticos embutidos no motor desviam o som direto e melhoram o fluxo de ar, tornando o uso do V11 Torque Drive silencioso.<\/li>\n<li>FERRAMENTA MINI-MOTORIZADA. Remove pelos de animais de estima\u00e7\u00e3o e sujeira de carpetes e estofados.<\/li>\n<li>FERRAMENTAS EXTRAS. Para limpeza de toda a casa e carro.<\/li>\n<li>ESTA\u00c7\u00c3O DE ACOPLAMENTO. A conveniente esta\u00e7\u00e3o de acoplamento armazena e carrega a m\u00e1quina e cont\u00e9m acess\u00f3rios adicionais. Ent\u00e3o est\u00e1 sempre pronto para ir.<\/li>\n<li>NA CAIXA. Cabe\u00e7a de acionamento de torque, ferramenta minimotorizada, ferramenta para fendas, escova para sujeira teimosa, escova macia para p\u00f3, ferramenta combinada, clipe de armazenamento da varinha, esta\u00e7\u00e3o de acoplamento e amplificador; carregador.<\/li>\n<\/ul>\n<\/div>\n<\/div>\n<\/div>\n<\/div>\n<\/div>\n<\/div>","protected":false},"excerpt":{"rendered":"<p><strong>Recurso:<\/strong><\/p>\n<ul>\n<li>Relat\u00f3rios inteligentes<\/li>\n<li>Ecr\u00e3 LCD<\/li>\n<li>Mostra o tempo de execu\u00e7\u00e3o restante<\/li>\n<li>Alertas de manuten\u00e7\u00e3o<\/li>\n<li>Sistema Dyson DLS<\/li>\n<li>Modos de limpeza inteligentes<\/li>\n<li>Sistema exclusivo de energia da bateria<\/li>\n<li>Encaixe direto<\/li>\n<\/ul>","protected":false},"featured_media":24521,"template":"","meta":[],"product_brand":[1376],"product_cat":[1328,1322],"product_tag":[1077],"class_list":{"0":"post-24413","1":"product","2":"type-product","3":"status-publish","4":"has-post-thumbnail","6":"product_brand-dyson","7":"product_cat-dyson-other-a-brands","8":"product_cat-other-a-brands","9":"product_tag-dyson-v11","11":"first","12":"instock","13":"shipping-taxable","14":"product-type-external"},"aioseo_notices":[],"aioseo_head":"\n\t\t<!-- All in One SEO Pro 4.5.9.2 - aioseo.com -->\n\t\t<meta name=\"description\" content=\"Feature\uff1a Intelligently reports LCD screen Shows remaining run time Maintenance alerts Dyson DLS system Intelligent cleaning modes Unique battery power system Drop-in docking\" \/>\n\t\t<meta name=\"robots\" content=\"max-image-preview:large\" \/>\n\t\t<link rel=\"canonical\" href=\"https:\/\/www.rucashk.com\/pt\/produto\/dyson-v11-vacuum-cleaner-wholesale\/\" \/>\n\t\t<meta name=\"generator\" content=\"All in One SEO Pro (AIOSEO) 4.5.9.2\" \/>\n\t\t<meta property=\"og:locale\" content=\"pt_PT\" \/>\n\t\t<meta property=\"og:site_name\" content=\"Rucas - One-stop AIoT Distribution Worldwide\" \/>\n\t\t<meta property=\"og:type\" content=\"article\" \/>\n\t\t<meta property=\"og:title\" content=\"Dyson v11 Vacuum Cleaner Wholesale - Rucas - Wholesale and Distribution\" \/>\n\t\t<meta property=\"og:description\" content=\"Feature\uff1a Intelligently reports LCD screen Shows remaining run time Maintenance alerts Dyson DLS system Intelligent cleaning modes Unique battery power system Drop-in docking\" \/>\n\t\t<meta property=\"og:url\" content=\"https:\/\/www.rucashk.com\/pt\/produto\/dyson-v11-vacuum-cleaner-wholesale\/\" \/>\n\t\t<meta property=\"og:image\" content=\"https:\/\/www.rucashk.com\/wp-content\/uploads\/replace\/503b8e645f128a97ccde2b6290747646.jpeg\" \/>\n\t\t<meta property=\"og:image:secure_url\" content=\"https:\/\/www.rucashk.com\/wp-content\/uploads\/replace\/503b8e645f128a97ccde2b6290747646.jpeg\" \/>\n\t\t<meta property=\"og:image:width\" content=\"1456\" \/>\n\t\t<meta property=\"og:image:height\" content=\"816\" \/>\n\t\t<meta property=\"article:published_time\" content=\"2024-01-09T16:04:14+00:00\" \/>\n\t\t<meta property=\"article:modified_time\" content=\"2025-06-17T08:09:49+00:00\" \/>\n\t\t<meta name=\"twitter:card\" content=\"summary_large_image\" \/>\n\t\t<meta name=\"twitter:title\" content=\"Dyson v11 Vacuum Cleaner Wholesale - Rucas - Wholesale and Distribution\" \/>\n\t\t<meta name=\"twitter:description\" content=\"Feature\uff1a Intelligently reports LCD screen Shows remaining run time Maintenance alerts Dyson DLS system Intelligent cleaning modes Unique battery power system Drop-in docking\" \/>\n\t\t<meta name=\"twitter:image\" content=\"https:\/\/www.rucashk.com\/wp-content\/uploads\/replace\/503b8e645f128a97ccde2b6290747646.jpeg\" \/>\n\t\t<script type=\"application\/ld+json\" class=\"aioseo-schema\">\n\t\t\t{\"@context\":\"https:\\\/\\\/schema.org\",\"@graph\":[{\"@type\":\"BreadcrumbList\",\"@id\":\"https:\\\/\\\/www.rucashk.com\\\/pt\\\/produto\\\/dyson-v11-vacuum-cleaner-wholesale\\\/#breadcrumblist\",\"itemListElement\":[{\"@type\":\"ListItem\",\"@id\":\"https:\\\/\\\/www.rucashk.com\\\/pt\\\/#listItem\",\"position\":1,\"name\":\"Home\",\"item\":\"https:\\\/\\\/www.rucashk.com\\\/pt\\\/\",\"nextItem\":\"https:\\\/\\\/www.rucashk.com\\\/pt\\\/produto\\\/dyson-v11-vacuum-cleaner-wholesale\\\/#listItem\"},{\"@type\":\"ListItem\",\"@id\":\"https:\\\/\\\/www.rucashk.com\\\/pt\\\/produto\\\/dyson-v11-vacuum-cleaner-wholesale\\\/#listItem\",\"position\":2,\"name\":\"Dyson v11 Vacuum Cleaner Wholesale\",\"previousItem\":\"https:\\\/\\\/www.rucashk.com\\\/pt\\\/#listItem\"}]},{\"@type\":\"Organization\",\"@id\":\"https:\\\/\\\/www.rucashk.com\\\/pt\\\/#organization\",\"name\":\"Rucas\",\"url\":\"https:\\\/\\\/www.rucashk.com\\\/pt\\\/\",\"logo\":{\"@type\":\"ImageObject\",\"url\":\"https:\\\/\\\/www.rucashk.com\\\/wp-content\\\/uploads\\\/2023\\\/12\\\/Rucas_campany_logo.png\",\"@id\":\"https:\\\/\\\/www.rucashk.com\\\/pt\\\/produto\\\/dyson-v11-vacuum-cleaner-wholesale\\\/#organizationLogo\",\"width\":221,\"height\":65},\"image\":{\"@id\":\"https:\\\/\\\/www.rucashk.com\\\/pt\\\/#organizationLogo\"}},{\"@type\":\"Person\",\"@id\":\"https:\\\/\\\/www.rucashk.com\\\/pt\\\/author\\\/admin\\\/#author\",\"url\":\"https:\\\/\\\/www.rucashk.com\\\/pt\\\/author\\\/admin\\\/\",\"name\":\"admin\",\"image\":{\"@type\":\"ImageObject\",\"@id\":\"https:\\\/\\\/www.rucashk.com\\\/pt\\\/produto\\\/dyson-v11-vacuum-cleaner-wholesale\\\/#authorImage\",\"url\":\"https:\\\/\\\/secure.gravatar.com\\\/avatar\\\/b7c8925b09a27e72b30232f8ecaadbd5af0f70a38c78096863fe51b64f031c24?s=96&d=mm&r=g\",\"width\":96,\"height\":96,\"caption\":\"admin\"}},{\"@type\":\"WebPage\",\"@id\":\"https:\\\/\\\/www.rucashk.com\\\/pt\\\/produto\\\/dyson-v11-vacuum-cleaner-wholesale\\\/#webpage\",\"url\":\"https:\\\/\\\/www.rucashk.com\\\/pt\\\/produto\\\/dyson-v11-vacuum-cleaner-wholesale\\\/\",\"name\":\"Dyson v11 Vacuum Cleaner Wholesale - Rucas - Wholesale and Distribution\",\"description\":\"Feature\\uff1a Intelligently reports LCD screen Shows remaining run time Maintenance alerts Dyson DLS system Intelligent cleaning modes Unique battery power system Drop-in docking\",\"inLanguage\":\"pt-PT\",\"isPartOf\":{\"@id\":\"https:\\\/\\\/www.rucashk.com\\\/pt\\\/#website\"},\"breadcrumb\":{\"@id\":\"https:\\\/\\\/www.rucashk.com\\\/pt\\\/produto\\\/dyson-v11-vacuum-cleaner-wholesale\\\/#breadcrumblist\"},\"author\":{\"@id\":\"https:\\\/\\\/www.rucashk.com\\\/pt\\\/author\\\/admin\\\/#author\"},\"creator\":{\"@id\":\"https:\\\/\\\/www.rucashk.com\\\/pt\\\/author\\\/admin\\\/#author\"},\"image\":{\"@type\":\"ImageObject\",\"url\":\"https:\\\/\\\/www.rucashk.com\\\/wp-content\\\/uploads\\\/2024\\\/01\\\/Dyson-v11.jpg\",\"@id\":\"https:\\\/\\\/www.rucashk.com\\\/pt\\\/produto\\\/dyson-v11-vacuum-cleaner-wholesale\\\/#mainImage\",\"width\":800,\"height\":800},\"primaryImageOfPage\":{\"@id\":\"https:\\\/\\\/www.rucashk.com\\\/pt\\\/produto\\\/dyson-v11-vacuum-cleaner-wholesale\\\/#mainImage\"},\"datePublished\":\"2024-01-09T16:04:14+00:00\",\"dateModified\":\"2025-06-17T08:09:49+00:00\"},{\"@type\":\"WebSite\",\"@id\":\"https:\\\/\\\/www.rucashk.com\\\/pt\\\/#website\",\"url\":\"https:\\\/\\\/www.rucashk.com\\\/pt\\\/\",\"name\":\"Rucas - Wholesale and distribution worldwide\",\"alternateName\":\"Rucas - One-stop AIoT Distribution Worldwide\",\"description\":\"One-stop AIoT Distribution Worldwide\",\"inLanguage\":\"pt-PT\",\"publisher\":{\"@id\":\"https:\\\/\\\/www.rucashk.com\\\/pt\\\/#organization\"}}]}\n\t\t<\/script>\n\t\t<!-- All in One SEO Pro -->\r\n\t\t<title>Dyson v11 Vacuum Cleaner Wholesale - Rucas - Wholesale and Distribution<\/title>\n\n","aioseo_head_json":{"title":"Dyson v11 Vacuum Cleaner Wholesale - Rucas - Wholesale and Distribution","description":"Feature\uff1a Intelligently reports LCD screen Shows remaining run time Maintenance alerts Dyson DLS system Intelligent cleaning modes Unique battery power system Drop-in docking","canonical_url":"https:\/\/www.rucashk.com\/pt\/produto\/dyson-v11-vacuum-cleaner-wholesale\/","robots":"max-image-preview:large","keywords":"","webmasterTools":{"miscellaneous":""},"og:locale":"pt_PT","og:site_name":"Rucas - One-stop AIoT Distribution Worldwide","og:type":"article","og:title":"Dyson v11 Vacuum Cleaner Wholesale - Rucas - Wholesale and Distribution","og:description":"Feature\uff1a Intelligently reports LCD screen Shows remaining run time Maintenance alerts Dyson DLS system Intelligent cleaning modes Unique battery power system Drop-in docking","og:url":"https:\/\/www.rucashk.com\/pt\/produto\/dyson-v11-vacuum-cleaner-wholesale\/","og:image":"https:\/\/www.rucashk.com\/wp-content\/uploads\/replace\/503b8e645f128a97ccde2b6290747646.jpeg","og:image:secure_url":"https:\/\/www.rucashk.com\/wp-content\/uploads\/replace\/503b8e645f128a97ccde2b6290747646.jpeg","og:image:width":1456,"og:image:height":816,"article:published_time":"2024-01-09T16:04:14+00:00","article:modified_time":"2025-06-17T08:09:49+00:00","twitter:card":"summary_large_image","twitter:title":"Dyson v11 Vacuum Cleaner Wholesale - Rucas - Wholesale and Distribution","twitter:description":"Feature\uff1a Intelligently reports LCD screen Shows remaining run time Maintenance alerts Dyson DLS system Intelligent cleaning modes Unique battery power system Drop-in docking","twitter:image":"https:\/\/www.rucashk.com\/wp-content\/uploads\/replace\/503b8e645f128a97ccde2b6290747646.jpeg","schema":{"@context":"https:\/\/schema.org","@graph":[{"@type":"BreadcrumbList","@id":"https:\/\/www.rucashk.com\/pt\/produto\/dyson-v11-vacuum-cleaner-wholesale\/#breadcrumblist","itemListElement":[{"@type":"ListItem","@id":"https:\/\/www.rucashk.com\/pt\/#listItem","position":1,"name":"Home","item":"https:\/\/www.rucashk.com\/pt\/","nextItem":"https:\/\/www.rucashk.com\/pt\/produto\/dyson-v11-vacuum-cleaner-wholesale\/#listItem"},{"@type":"ListItem","@id":"https:\/\/www.rucashk.com\/pt\/produto\/dyson-v11-vacuum-cleaner-wholesale\/#listItem","position":2,"name":"Dyson v11 Vacuum Cleaner Wholesale","previousItem":"https:\/\/www.rucashk.com\/pt\/#listItem"}]},{"@type":"Organization","@id":"https:\/\/www.rucashk.com\/pt\/#organization","name":"Rucas","url":"https:\/\/www.rucashk.com\/pt\/","logo":{"@type":"ImageObject","url":"https:\/\/www.rucashk.com\/wp-content\/uploads\/2023\/12\/Rucas_campany_logo.png","@id":"https:\/\/www.rucashk.com\/pt\/produto\/dyson-v11-vacuum-cleaner-wholesale\/#organizationLogo","width":221,"height":65},"image":{"@id":"https:\/\/www.rucashk.com\/pt\/#organizationLogo"}},{"@type":"Person","@id":"https:\/\/www.rucashk.com\/pt\/author\/admin\/#author","url":"https:\/\/www.rucashk.com\/pt\/author\/admin\/","name":"admin","image":{"@type":"ImageObject","@id":"https:\/\/www.rucashk.com\/pt\/produto\/dyson-v11-vacuum-cleaner-wholesale\/#authorImage","url":"https:\/\/secure.gravatar.com\/avatar\/b7c8925b09a27e72b30232f8ecaadbd5af0f70a38c78096863fe51b64f031c24?s=96&d=mm&r=g","width":96,"height":96,"caption":"admin"}},{"@type":"WebPage","@id":"https:\/\/www.rucashk.com\/pt\/produto\/dyson-v11-vacuum-cleaner-wholesale\/#webpage","url":"https:\/\/www.rucashk.com\/pt\/produto\/dyson-v11-vacuum-cleaner-wholesale\/","name":"Dyson v11 Vacuum Cleaner Wholesale - Rucas - Wholesale and Distribution","description":"Feature\uff1a Intelligently reports LCD screen Shows remaining run time Maintenance alerts Dyson DLS system Intelligent cleaning modes Unique battery power system Drop-in docking","inLanguage":"pt-PT","isPartOf":{"@id":"https:\/\/www.rucashk.com\/pt\/#website"},"breadcrumb":{"@id":"https:\/\/www.rucashk.com\/pt\/produto\/dyson-v11-vacuum-cleaner-wholesale\/#breadcrumblist"},"author":{"@id":"https:\/\/www.rucashk.com\/pt\/author\/admin\/#author"},"creator":{"@id":"https:\/\/www.rucashk.com\/pt\/author\/admin\/#author"},"image":{"@type":"ImageObject","url":"https:\/\/www.rucashk.com\/wp-content\/uploads\/2024\/01\/Dyson-v11.jpg","@id":"https:\/\/www.rucashk.com\/pt\/produto\/dyson-v11-vacuum-cleaner-wholesale\/#mainImage","width":800,"height":800},"primaryImageOfPage":{"@id":"https:\/\/www.rucashk.com\/pt\/produto\/dyson-v11-vacuum-cleaner-wholesale\/#mainImage"},"datePublished":"2024-01-09T16:04:14+00:00","dateModified":"2025-06-17T08:09:49+00:00"},{"@type":"WebSite","@id":"https:\/\/www.rucashk.com\/pt\/#website","url":"https:\/\/www.rucashk.com\/pt\/","name":"Rucas - Wholesale and distribution worldwide","alternateName":"Rucas - One-stop AIoT Distribution Worldwide","description":"One-stop AIoT Distribution Worldwide","inLanguage":"pt-PT","publisher":{"@id":"https:\/\/www.rucashk.com\/pt\/#organization"}}]}},"aioseo_meta_data":{"post_id":"24413","title":null,"description":null,"keywords":null,"keyphrases":null,"primary_term":null,"canonical_url":null,"og_title":null,"og_description":null,"og_object_type":"default","og_image_type":"default","og_image_url":null,"og_image_width":null,"og_image_height":null,"og_image_custom_url":null,"og_image_custom_fields":null,"og_video":"","og_custom_url":null,"og_article_section":null,"og_article_tags":null,"twitter_use_og":false,"twitter_card":"default","twitter_image_type":"default","twitter_image_url":null,"twitter_image_custom_url":null,"twitter_image_custom_fields":null,"twitter_title":null,"twitter_description":null,"schema":{"blockGraphs":[],"customGraphs":[],"default":{"data":{"Article":[],"Course":[],"Dataset":[],"FAQPage":[],"Movie":[],"Person":[],"Product":[],"Recipe":[],"Service":[],"SoftwareApplication":[],"WebPage":[]},"graphName":"","isEnabled":true},"graphs":[]},"schema_type":"default","schema_type_options":null,"pillar_content":false,"robots_default":true,"robots_noindex":false,"robots_noarchive":false,"robots_nosnippet":false,"robots_nofollow":false,"robots_noimageindex":false,"robots_noodp":false,"robots_notranslate":false,"robots_max_snippet":"-1","robots_max_videopreview":"-1","robots_max_imagepreview":"large","priority":null,"frequency":"default","local_seo":null,"breadcrumb_settings":null,"limit_modified_date":false,"created":"2024-04-11 01:57:11","updated":"2025-06-22 17:29:55"},"aioseo_breadcrumb":"<div class=\"aioseo-breadcrumbs\"><span class=\"aioseo-breadcrumb\">\n\t<a href=\"https:\/\/www.rucashk.com\/pt\" title=\"Home\">Home<\/a>\n<\/span><span class=\"aioseo-breadcrumb-separator\">&raquo;<\/span><span class=\"aioseo-breadcrumb\">\n\t<a href=\"https:\/\/www.rucashk.com\/pt\/products\/\" title=\"Produtos\">Produtos<\/a>\n<\/span><span class=\"aioseo-breadcrumb-separator\">&raquo;<\/span><span class=\"aioseo-breadcrumb\">\n\t<a href=\"https:\/\/www.rucashk.com\/pt\/marca\/dyson\/\" title=\"Dyson\">Dyson<\/a>\n<\/span><span class=\"aioseo-breadcrumb-separator\">&raquo;<\/span><span class=\"aioseo-breadcrumb\">\n\tDyson v11 Vacuum Cleaner Wholesale\n<\/span><\/div>","aioseo_breadcrumb_json":[{"label":"Home","link":"https:\/\/www.rucashk.com\/pt"},{"label":"Produtos","link":"https:\/\/www.rucashk.com\/pt\/products\/"},{"label":"Dyson","link":"https:\/\/www.rucashk.com\/pt\/marca\/dyson\/"},{"label":"Dyson v11 Vacuum Cleaner Wholesale","link":"https:\/\/www.rucashk.com\/pt\/produto\/dyson-v11-vacuum-cleaner-wholesale\/"}],"_links":{"self":[{"href":"https:\/\/www.rucashk.com\/pt\/wp-json\/wp\/v2\/product\/24413","targetHints":{"allow":["GET"]}}],"collection":[{"href":"https:\/\/www.rucashk.com\/pt\/wp-json\/wp\/v2\/product"}],"about":[{"href":"https:\/\/www.rucashk.com\/pt\/wp-json\/wp\/v2\/types\/product"}],"wp:featuredmedia":[{"embeddable":true,"href":"https:\/\/www.rucashk.com\/pt\/wp-json\/wp\/v2\/media\/24521"}],"wp:attachment":[{"href":"https:\/\/www.rucashk.com\/pt\/wp-json\/wp\/v2\/media?parent=24413"}],"wp:term":[{"taxonomy":"product_brand","embeddable":true,"href":"https:\/\/www.rucashk.com\/pt\/wp-json\/wp\/v2\/product_brand?post=24413"},{"taxonomy":"product_cat","embeddable":true,"href":"https:\/\/www.rucashk.com\/pt\/wp-json\/wp\/v2\/product_cat?post=24413"},{"taxonomy":"product_tag","embeddable":true,"href":"https:\/\/www.rucashk.com\/pt\/wp-json\/wp\/v2\/product_tag?post=24413"}],"curies":[{"name":"wp","href":"https:\/\/api.w.org\/{rel}","templated":true}]}}