{"id":24372,"date":"2024-01-09T16:03:53","date_gmt":"2024-01-09T16:03:53","guid":{"rendered":"http:\/\/rucashk.com\/?post_type=product&#038;p=24372"},"modified":"2024-03-12T07:38:44","modified_gmt":"2024-03-12T07:38:44","slug":"irobot-roomba-985-wholesale","status":"publish","type":"product","link":"https:\/\/www.rucashk.com\/pt\/produto\/irobot-roomba-985-wholesale\/","title":{"rendered":"iRobot Roomba 985 atacado"},"content":{"rendered":"<h2 class=\"default\">Descri\u00e7\u00e3o do produto<\/h2>\n<div id=\"productDescription\" class=\"a-section a-spacing-small\">\n<p>Este aspirador rob\u00f4 de primeira linha, o Roomba 985 Robot Vacuum, \u00e9 o que voc\u00ea precisa para vencer a batalha contra o ac\u00famulo di\u00e1rio de sujeira, poeira e pelos de animais de estima\u00e7\u00e3o. O rob\u00f4 Roomba vem com um sistema de limpeza ultrapotente de 3 est\u00e1gios com Power Boost que multiplica a pot\u00eancia do ar em at\u00e9 10X e garante pisos extremamente limpos. Este rob\u00f3tico Wi-Fi Roomba navega perfeitamente por todo um n\u00edvel da sua casa. No modo autom\u00e1tico, o rob\u00f4 rastreia continuamente sua localiza\u00e7\u00e3o; quando precisa ser recarregado, ele tamb\u00e9m faz isso! Usando o aplicativo iRobot HOME, voc\u00ea pode iniciar, parar, pr\u00e9-agendar e personalizar suas pr\u00f3prias prefer\u00eancias de limpeza, incluindo uma passagem de limpeza \u00fanica ou dupla, limpeza final das bordas e se o Power Boost \u00e9 necess\u00e1rio onde quer que voc\u00ea esteja em sua casa. Para ver mapas de \u00e1reas limpas, visualize os relat\u00f3rios de Mapa Limpo. Tudo isso pode ser conseguido no conforto do seu smartphone! O Roomba 985 remove a sujeira dos pontos de tr\u00e1fego intenso da sua casa usando a tecnologia Dirt Detect Series II. Para quaisquer \u00e1reas que exijam mais aten\u00e7\u00e3o, os sensores do iBot Roomba reconhecem isso. Por sua vez, o wifi Roomba limpa de forma mais completa. Quando a lixeira precisa ser esvaziada, as notifica\u00e7\u00f5es de lixeira cheia do Roomba alertam voc\u00ea. O rob\u00f4 aspirador Roomba \u00e9 compat\u00edvel com dispositivos Google Assistant e Amazon Alexa quando conectado por Wi-Fi. Basta pedir ao Google Assistant ou Alexa para iniciar, parar ou encaixar seu aspirador Roomba. Recursos Aumenta automaticamente o poder de limpeza. Suc\u00e7\u00e3o de levantamento de peso com pot\u00eancia a\u00e9rea 10x normal. Recarrega automaticamente e retoma a limpeza. Conectado por Wi-Fi, compat\u00edvel com Alexa e Google Assistant. Largura do caminho de limpeza: 7 polegadas. Cor preta. Dimens\u00f5es: Altura: 3,6 pol.; Largura: 13,9 pol. Modelo: R985020. Tipo de v\u00e1cuo: Rob\u00f3tico.<\/p>\n<p>&nbsp;<\/p>\n<h2><strong>Informa\u00e7\u00e3o do produto<\/strong><\/h2>\n<table width=\"0\">\n<tbody>\n<tr>\n<td width=\"352\">Dimens\u00f5es da embalagem<\/td>\n<td>20 x 16,5 x 5,25 polegadas<\/td>\n<\/tr>\n<tr>\n<td width=\"352\">Peso do Item<\/td>\n<td>4,4 libras<\/td>\n<\/tr>\n<tr>\n<td width=\"352\">Fabricante<\/td>\n<td>eu Rob\u00f4<\/td>\n<\/tr>\n<tr>\n<td width=\"352\">COMO EM<\/td>\n<td>B07KDQX6SR<\/td>\n<\/tr>\n<tr>\n<td width=\"352\">N\u00famero do modelo do item<\/td>\n<td>985<\/td>\n<\/tr>\n<tr>\n<td width=\"352\">Baterias<\/td>\n<td>1 S\u00e3o necess\u00e1rias baterias de \u00edon de l\u00edtio. (inclu\u00eddo)<\/td>\n<\/tr>\n<tr>\n<td width=\"352\">Foi descontinuado pelo fabricante<\/td>\n<td>N\u00e3o<\/td>\n<\/tr>\n<tr>\n<td width=\"352\">Peso do Item<\/td>\n<td>4,4 libras<\/td>\n<\/tr>\n<tr>\n<td width=\"352\">Baterias necess\u00e1rias<\/td>\n<td>Sim<\/td>\n<\/tr>\n<\/tbody>\n<\/table>\n<p>&nbsp;<\/p>\n<h2>Principais caracter\u00edsticas<\/h2>\n<ul class=\"a-unordered-list a-vertical a-spacing-mini\">\n<li><span class=\"a-list-item\">LIMPA TODOS OS TIPOS DE PISO - A cabe\u00e7a de limpeza de ajuste autom\u00e1tico do aspirador iRobot para p\u00ealos de animais de estima\u00e7\u00e3o Roomba tem uma altura de adapta\u00e7\u00e3o autom\u00e1tica que mant\u00e9m as escovas duplas multi-superf\u00edcies em contato pr\u00f3ximo com v\u00e1rias superf\u00edcies do piso.<\/span><\/li>\n<li><span class=\"a-list-item\">COBERTURA TOTAL DE N\u00cdVEL \u2013 A navega\u00e7\u00e3o iAdapt 2.0 com localiza\u00e7\u00e3o visual garante que o aspirador rob\u00f3tico Roomba iRobot navegue de maneira cont\u00ednua e eficiente por um n\u00edvel inteiro dentro de sua casa, enquanto mant\u00e9m o controle de sua localiza\u00e7\u00e3o.<\/span><\/li>\n<li><span class=\"a-list-item\">AT\u00c9 10X A SUC\u00c7\u00c3O \u2013 O modo Power Boost do aspirador iRobot Roomba aumenta automaticamente a pot\u00eancia do ar em at\u00e9 10X. O sistema de limpeza premium de 3 est\u00e1gios usa escovas duplas de borracha para m\u00faltiplas superf\u00edcies e suc\u00e7\u00e3o potente para sugar detritos, sujeira incrustada e pelos de animais de estima\u00e7\u00e3o.<\/span><\/li>\n<li><span class=\"a-list-item\">CASAS COM ANIMAIS DE ESTIMA\u00c7\u00c3O \u2013 O filtro de alta efici\u00eancia do aspirador rob\u00f4 iRobot captura 99% de part\u00edculas, al\u00e9rgenos e p\u00f3len. As escovas de borracha que n\u00e3o emaranham o aspirador rob\u00f3tico Roomba lidam facilmente com pelos de animais de estima\u00e7\u00e3o.<\/span><\/li>\n<li><span class=\"a-list-item\">RECARREGAR E RETOMAR \u2013 O rob\u00f4 Roomba 985 funciona continuamente por at\u00e9 120 minutos. O aspirador de p\u00ealos de cachorro Roomba recarrega automaticamente e retoma de onde parou para concluir o trabalho.<\/span>AT\u00c9 10X A SUC\u00c7\u00c3O<\/li>\n<\/ul>\n<\/div>","protected":false},"excerpt":{"rendered":"<p><strong>Recurso:<\/strong><\/p>\n<ul>\n<li>LIMPA TODOS OS TIPOS DE PISO<\/li>\n<li>COBERTURA DE N\u00cdVEL TOTAL<\/li>\n<li>AT\u00c9 10X A SUC\u00c7\u00c3O<\/li>\n<li>CASAS COM ANIMAIS DE ESTIMA\u00c7\u00c3O<\/li>\n<li>RECARREGAR E RETOMAR<\/li>\n<\/ul>","protected":false},"featured_media":24516,"template":"","meta":[],"product_brand":[],"product_cat":[1322],"product_tag":[1075],"class_list":{"0":"post-24372","1":"product","2":"type-product","3":"status-publish","4":"has-post-thumbnail","6":"product_cat-other-a-brands","7":"product_tag-irobot-roomba-985","9":"first","10":"instock","11":"shipping-taxable","12":"product-type-external"},"aioseo_notices":[],"aioseo_head":"\n\t\t<!-- All in One SEO Pro 4.5.9.2 - aioseo.com -->\n\t\t<meta name=\"description\" content=\"Feature\uff1a CLEANS ALL FLOOR TYPES ENTIRE LEVEL COVERAGE UP TO 10X THE SUCTION HOMES WITH PETS RECHARGE AND RESUME\" \/>\n\t\t<meta name=\"robots\" content=\"max-image-preview:large\" \/>\n\t\t<link rel=\"canonical\" href=\"https:\/\/www.rucashk.com\/pt\/produto\/irobot-roomba-985-wholesale\/\" \/>\n\t\t<meta name=\"generator\" content=\"All in One SEO Pro (AIOSEO) 4.5.9.2\" \/>\n\t\t<meta property=\"og:locale\" content=\"pt_PT\" \/>\n\t\t<meta property=\"og:site_name\" content=\"Rucas - One-stop AIoT Distribution Worldwide\" \/>\n\t\t<meta property=\"og:type\" content=\"article\" \/>\n\t\t<meta property=\"og:title\" content=\"iRobot Roomba 985 Wholesale - Rucas - Wholesale and Distribution\" \/>\n\t\t<meta property=\"og:description\" content=\"Feature\uff1a CLEANS ALL FLOOR TYPES ENTIRE LEVEL COVERAGE UP TO 10X THE SUCTION HOMES WITH PETS RECHARGE AND RESUME\" \/>\n\t\t<meta property=\"og:url\" content=\"https:\/\/www.rucashk.com\/pt\/produto\/irobot-roomba-985-wholesale\/\" \/>\n\t\t<meta property=\"og:image\" content=\"https:\/\/www.rucashk.com\/wp-content\/uploads\/replace\/503b8e645f128a97ccde2b6290747646.jpeg\" \/>\n\t\t<meta property=\"og:image:secure_url\" content=\"https:\/\/www.rucashk.com\/wp-content\/uploads\/replace\/503b8e645f128a97ccde2b6290747646.jpeg\" \/>\n\t\t<meta property=\"og:image:width\" content=\"1456\" \/>\n\t\t<meta property=\"og:image:height\" content=\"816\" \/>\n\t\t<meta property=\"article:published_time\" content=\"2024-01-09T16:03:53+00:00\" \/>\n\t\t<meta property=\"article:modified_time\" content=\"2024-03-12T07:38:44+00:00\" \/>\n\t\t<meta name=\"twitter:card\" content=\"summary_large_image\" \/>\n\t\t<meta name=\"twitter:title\" content=\"iRobot Roomba 985 Wholesale - Rucas - Wholesale and Distribution\" \/>\n\t\t<meta name=\"twitter:description\" content=\"Feature\uff1a CLEANS ALL FLOOR TYPES ENTIRE LEVEL COVERAGE UP TO 10X THE SUCTION HOMES WITH PETS RECHARGE AND RESUME\" \/>\n\t\t<meta name=\"twitter:image\" content=\"https:\/\/www.rucashk.com\/wp-content\/uploads\/replace\/503b8e645f128a97ccde2b6290747646.jpeg\" \/>\n\t\t<script type=\"application\/ld+json\" class=\"aioseo-schema\">\n\t\t\t{\"@context\":\"https:\\\/\\\/schema.org\",\"@graph\":[{\"@type\":\"BreadcrumbList\",\"@id\":\"https:\\\/\\\/www.rucashk.com\\\/pt\\\/produto\\\/irobot-roomba-985-wholesale\\\/#breadcrumblist\",\"itemListElement\":[{\"@type\":\"ListItem\",\"@id\":\"https:\\\/\\\/www.rucashk.com\\\/pt\\\/#listItem\",\"position\":1,\"name\":\"Home\",\"item\":\"https:\\\/\\\/www.rucashk.com\\\/pt\\\/\",\"nextItem\":\"https:\\\/\\\/www.rucashk.com\\\/pt\\\/produto\\\/irobot-roomba-985-wholesale\\\/#listItem\"},{\"@type\":\"ListItem\",\"@id\":\"https:\\\/\\\/www.rucashk.com\\\/pt\\\/produto\\\/irobot-roomba-985-wholesale\\\/#listItem\",\"position\":2,\"name\":\"iRobot Roomba 985 Wholesale\",\"previousItem\":\"https:\\\/\\\/www.rucashk.com\\\/pt\\\/#listItem\"}]},{\"@type\":\"Organization\",\"@id\":\"https:\\\/\\\/www.rucashk.com\\\/pt\\\/#organization\",\"name\":\"Rucas\",\"url\":\"https:\\\/\\\/www.rucashk.com\\\/pt\\\/\",\"logo\":{\"@type\":\"ImageObject\",\"url\":\"https:\\\/\\\/www.rucashk.com\\\/wp-content\\\/uploads\\\/2023\\\/12\\\/Rucas_campany_logo.png\",\"@id\":\"https:\\\/\\\/www.rucashk.com\\\/pt\\\/produto\\\/irobot-roomba-985-wholesale\\\/#organizationLogo\",\"width\":221,\"height\":65},\"image\":{\"@id\":\"https:\\\/\\\/www.rucashk.com\\\/pt\\\/#organizationLogo\"}},{\"@type\":\"Person\",\"@id\":\"https:\\\/\\\/www.rucashk.com\\\/pt\\\/author\\\/admin\\\/#author\",\"url\":\"https:\\\/\\\/www.rucashk.com\\\/pt\\\/author\\\/admin\\\/\",\"name\":\"admin\",\"image\":{\"@type\":\"ImageObject\",\"@id\":\"https:\\\/\\\/www.rucashk.com\\\/pt\\\/produto\\\/irobot-roomba-985-wholesale\\\/#authorImage\",\"url\":\"https:\\\/\\\/secure.gravatar.com\\\/avatar\\\/b7c8925b09a27e72b30232f8ecaadbd5af0f70a38c78096863fe51b64f031c24?s=96&d=mm&r=g\",\"width\":96,\"height\":96,\"caption\":\"admin\"}},{\"@type\":\"WebPage\",\"@id\":\"https:\\\/\\\/www.rucashk.com\\\/pt\\\/produto\\\/irobot-roomba-985-wholesale\\\/#webpage\",\"url\":\"https:\\\/\\\/www.rucashk.com\\\/pt\\\/produto\\\/irobot-roomba-985-wholesale\\\/\",\"name\":\"iRobot Roomba 985 Wholesale - Rucas - Wholesale and Distribution\",\"description\":\"Feature\\uff1a CLEANS ALL FLOOR TYPES ENTIRE LEVEL COVERAGE UP TO 10X THE SUCTION HOMES WITH PETS RECHARGE AND RESUME\",\"inLanguage\":\"pt-PT\",\"isPartOf\":{\"@id\":\"https:\\\/\\\/www.rucashk.com\\\/pt\\\/#website\"},\"breadcrumb\":{\"@id\":\"https:\\\/\\\/www.rucashk.com\\\/pt\\\/produto\\\/irobot-roomba-985-wholesale\\\/#breadcrumblist\"},\"author\":{\"@id\":\"https:\\\/\\\/www.rucashk.com\\\/pt\\\/author\\\/admin\\\/#author\"},\"creator\":{\"@id\":\"https:\\\/\\\/www.rucashk.com\\\/pt\\\/author\\\/admin\\\/#author\"},\"image\":{\"@type\":\"ImageObject\",\"url\":\"https:\\\/\\\/www.rucashk.com\\\/wp-content\\\/uploads\\\/2024\\\/01\\\/iRobot-Roomba-985.jpg\",\"@id\":\"https:\\\/\\\/www.rucashk.com\\\/pt\\\/produto\\\/irobot-roomba-985-wholesale\\\/#mainImage\",\"width\":800,\"height\":800},\"primaryImageOfPage\":{\"@id\":\"https:\\\/\\\/www.rucashk.com\\\/pt\\\/produto\\\/irobot-roomba-985-wholesale\\\/#mainImage\"},\"datePublished\":\"2024-01-09T16:03:53+00:00\",\"dateModified\":\"2024-03-12T07:38:44+00:00\"},{\"@type\":\"WebSite\",\"@id\":\"https:\\\/\\\/www.rucashk.com\\\/pt\\\/#website\",\"url\":\"https:\\\/\\\/www.rucashk.com\\\/pt\\\/\",\"name\":\"Rucas - Wholesale and distribution worldwide\",\"alternateName\":\"Rucas - One-stop AIoT Distribution Worldwide\",\"description\":\"One-stop AIoT Distribution Worldwide\",\"inLanguage\":\"pt-PT\",\"publisher\":{\"@id\":\"https:\\\/\\\/www.rucashk.com\\\/pt\\\/#organization\"}}]}\n\t\t<\/script>\n\t\t<!-- All in One SEO Pro -->\r\n\t\t<title>iRobot Roomba 985 Wholesale - Rucas - Wholesale and Distribution<\/title>\n\n","aioseo_head_json":{"title":"iRobot Roomba 985 Wholesale - Rucas - Wholesale and Distribution","description":"Feature\uff1a CLEANS ALL FLOOR TYPES ENTIRE LEVEL COVERAGE UP TO 10X THE SUCTION HOMES WITH PETS RECHARGE AND RESUME","canonical_url":"https:\/\/www.rucashk.com\/pt\/produto\/irobot-roomba-985-wholesale\/","robots":"max-image-preview:large","keywords":"","webmasterTools":{"miscellaneous":""},"og:locale":"pt_PT","og:site_name":"Rucas - One-stop AIoT Distribution Worldwide","og:type":"article","og:title":"iRobot Roomba 985 Wholesale - Rucas - Wholesale and Distribution","og:description":"Feature\uff1a CLEANS ALL FLOOR TYPES ENTIRE LEVEL COVERAGE UP TO 10X THE SUCTION HOMES WITH PETS RECHARGE AND RESUME","og:url":"https:\/\/www.rucashk.com\/pt\/produto\/irobot-roomba-985-wholesale\/","og:image":"https:\/\/www.rucashk.com\/wp-content\/uploads\/replace\/503b8e645f128a97ccde2b6290747646.jpeg","og:image:secure_url":"https:\/\/www.rucashk.com\/wp-content\/uploads\/replace\/503b8e645f128a97ccde2b6290747646.jpeg","og:image:width":1456,"og:image:height":816,"article:published_time":"2024-01-09T16:03:53+00:00","article:modified_time":"2024-03-12T07:38:44+00:00","twitter:card":"summary_large_image","twitter:title":"iRobot Roomba 985 Wholesale - Rucas - Wholesale and Distribution","twitter:description":"Feature\uff1a CLEANS ALL FLOOR TYPES ENTIRE LEVEL COVERAGE UP TO 10X THE SUCTION HOMES WITH PETS RECHARGE AND RESUME","twitter:image":"https:\/\/www.rucashk.com\/wp-content\/uploads\/replace\/503b8e645f128a97ccde2b6290747646.jpeg","schema":{"@context":"https:\/\/schema.org","@graph":[{"@type":"BreadcrumbList","@id":"https:\/\/www.rucashk.com\/pt\/produto\/irobot-roomba-985-wholesale\/#breadcrumblist","itemListElement":[{"@type":"ListItem","@id":"https:\/\/www.rucashk.com\/pt\/#listItem","position":1,"name":"Home","item":"https:\/\/www.rucashk.com\/pt\/","nextItem":"https:\/\/www.rucashk.com\/pt\/produto\/irobot-roomba-985-wholesale\/#listItem"},{"@type":"ListItem","@id":"https:\/\/www.rucashk.com\/pt\/produto\/irobot-roomba-985-wholesale\/#listItem","position":2,"name":"iRobot Roomba 985 Wholesale","previousItem":"https:\/\/www.rucashk.com\/pt\/#listItem"}]},{"@type":"Organization","@id":"https:\/\/www.rucashk.com\/pt\/#organization","name":"Rucas","url":"https:\/\/www.rucashk.com\/pt\/","logo":{"@type":"ImageObject","url":"https:\/\/www.rucashk.com\/wp-content\/uploads\/2023\/12\/Rucas_campany_logo.png","@id":"https:\/\/www.rucashk.com\/pt\/produto\/irobot-roomba-985-wholesale\/#organizationLogo","width":221,"height":65},"image":{"@id":"https:\/\/www.rucashk.com\/pt\/#organizationLogo"}},{"@type":"Person","@id":"https:\/\/www.rucashk.com\/pt\/author\/admin\/#author","url":"https:\/\/www.rucashk.com\/pt\/author\/admin\/","name":"admin","image":{"@type":"ImageObject","@id":"https:\/\/www.rucashk.com\/pt\/produto\/irobot-roomba-985-wholesale\/#authorImage","url":"https:\/\/secure.gravatar.com\/avatar\/b7c8925b09a27e72b30232f8ecaadbd5af0f70a38c78096863fe51b64f031c24?s=96&d=mm&r=g","width":96,"height":96,"caption":"admin"}},{"@type":"WebPage","@id":"https:\/\/www.rucashk.com\/pt\/produto\/irobot-roomba-985-wholesale\/#webpage","url":"https:\/\/www.rucashk.com\/pt\/produto\/irobot-roomba-985-wholesale\/","name":"iRobot Roomba 985 Wholesale - Rucas - Wholesale and Distribution","description":"Feature\uff1a CLEANS ALL FLOOR TYPES ENTIRE LEVEL COVERAGE UP TO 10X THE SUCTION HOMES WITH PETS RECHARGE AND RESUME","inLanguage":"pt-PT","isPartOf":{"@id":"https:\/\/www.rucashk.com\/pt\/#website"},"breadcrumb":{"@id":"https:\/\/www.rucashk.com\/pt\/produto\/irobot-roomba-985-wholesale\/#breadcrumblist"},"author":{"@id":"https:\/\/www.rucashk.com\/pt\/author\/admin\/#author"},"creator":{"@id":"https:\/\/www.rucashk.com\/pt\/author\/admin\/#author"},"image":{"@type":"ImageObject","url":"https:\/\/www.rucashk.com\/wp-content\/uploads\/2024\/01\/iRobot-Roomba-985.jpg","@id":"https:\/\/www.rucashk.com\/pt\/produto\/irobot-roomba-985-wholesale\/#mainImage","width":800,"height":800},"primaryImageOfPage":{"@id":"https:\/\/www.rucashk.com\/pt\/produto\/irobot-roomba-985-wholesale\/#mainImage"},"datePublished":"2024-01-09T16:03:53+00:00","dateModified":"2024-03-12T07:38:44+00:00"},{"@type":"WebSite","@id":"https:\/\/www.rucashk.com\/pt\/#website","url":"https:\/\/www.rucashk.com\/pt\/","name":"Rucas - Wholesale and distribution worldwide","alternateName":"Rucas - One-stop AIoT Distribution Worldwide","description":"One-stop AIoT Distribution Worldwide","inLanguage":"pt-PT","publisher":{"@id":"https:\/\/www.rucashk.com\/pt\/#organization"}}]}},"aioseo_meta_data":{"post_id":"24372","title":null,"description":null,"keywords":null,"keyphrases":null,"primary_term":null,"canonical_url":null,"og_title":null,"og_description":null,"og_object_type":"default","og_image_type":"default","og_image_url":null,"og_image_width":null,"og_image_height":null,"og_image_custom_url":null,"og_image_custom_fields":null,"og_video":null,"og_custom_url":null,"og_article_section":null,"og_article_tags":null,"twitter_use_og":false,"twitter_card":"default","twitter_image_type":"default","twitter_image_url":null,"twitter_image_custom_url":null,"twitter_image_custom_fields":null,"twitter_title":null,"twitter_description":null,"schema":{"blockGraphs":[],"customGraphs":[],"default":{"data":{"Article":[],"Course":[],"Dataset":[],"FAQPage":[],"Movie":[],"Person":[],"Product":[],"Recipe":[],"Service":[],"SoftwareApplication":[],"WebPage":[]},"graphName":"","isEnabled":true},"graphs":[]},"schema_type":"default","schema_type_options":null,"pillar_content":false,"robots_default":true,"robots_noindex":false,"robots_noarchive":false,"robots_nosnippet":false,"robots_nofollow":false,"robots_noimageindex":false,"robots_noodp":false,"robots_notranslate":false,"robots_max_snippet":null,"robots_max_videopreview":null,"robots_max_imagepreview":"large","priority":null,"frequency":null,"local_seo":null,"breadcrumb_settings":null,"limit_modified_date":false,"created":"2024-04-11 01:57:11","updated":"2025-06-22 17:29:55"},"aioseo_breadcrumb":"<div class=\"aioseo-breadcrumbs\"><span class=\"aioseo-breadcrumb\">\n\t<a href=\"https:\/\/www.rucashk.com\/pt\" title=\"Home\">Home<\/a>\n<\/span><span class=\"aioseo-breadcrumb-separator\">&raquo;<\/span><span class=\"aioseo-breadcrumb\">\n\t<a href=\"https:\/\/www.rucashk.com\/pt\/products\/\" title=\"Produtos\">Produtos<\/a>\n<\/span><span class=\"aioseo-breadcrumb-separator\">&raquo;<\/span><span class=\"aioseo-breadcrumb\">\n\t<a href=\"https:\/\/www.rucashk.com\/pt\/categoria-produto\/other-a-brands\/\" title=\"Other A-Brands\">Other A-Brands<\/a>\n<\/span><span class=\"aioseo-breadcrumb-separator\">&raquo;<\/span><span class=\"aioseo-breadcrumb\">\n\tiRobot Roomba 985 Wholesale\n<\/span><\/div>","aioseo_breadcrumb_json":[{"label":"Home","link":"https:\/\/www.rucashk.com\/pt"},{"label":"Produtos","link":"https:\/\/www.rucashk.com\/pt\/products\/"},{"label":"Other A-Brands","link":"https:\/\/www.rucashk.com\/pt\/categoria-produto\/other-a-brands\/"},{"label":"iRobot Roomba 985 Wholesale","link":"https:\/\/www.rucashk.com\/pt\/produto\/irobot-roomba-985-wholesale\/"}],"_links":{"self":[{"href":"https:\/\/www.rucashk.com\/pt\/wp-json\/wp\/v2\/product\/24372","targetHints":{"allow":["GET"]}}],"collection":[{"href":"https:\/\/www.rucashk.com\/pt\/wp-json\/wp\/v2\/product"}],"about":[{"href":"https:\/\/www.rucashk.com\/pt\/wp-json\/wp\/v2\/types\/product"}],"wp:featuredmedia":[{"embeddable":true,"href":"https:\/\/www.rucashk.com\/pt\/wp-json\/wp\/v2\/media\/24516"}],"wp:attachment":[{"href":"https:\/\/www.rucashk.com\/pt\/wp-json\/wp\/v2\/media?parent=24372"}],"wp:term":[{"taxonomy":"product_brand","embeddable":true,"href":"https:\/\/www.rucashk.com\/pt\/wp-json\/wp\/v2\/product_brand?post=24372"},{"taxonomy":"product_cat","embeddable":true,"href":"https:\/\/www.rucashk.com\/pt\/wp-json\/wp\/v2\/product_cat?post=24372"},{"taxonomy":"product_tag","embeddable":true,"href":"https:\/\/www.rucashk.com\/pt\/wp-json\/wp\/v2\/product_tag?post=24372"}],"curies":[{"name":"wp","href":"https:\/\/api.w.org\/{rel}","templated":true}]}}