{"id":24370,"date":"2024-01-09T16:03:53","date_gmt":"2024-01-09T16:03:53","guid":{"rendered":"http:\/\/rucashk.com\/?post_type=product&#038;p=24370"},"modified":"2024-03-13T06:17:47","modified_gmt":"2024-03-13T06:17:47","slug":"ninebot-one-e-wholesale","status":"publish","type":"product","link":"https:\/\/www.rucashk.com\/pt\/produto\/ninebot-one-e-wholesale\/","title":{"rendered":"Ninebot One E+ atacado"},"content":{"rendered":"<p><img fetchpriority=\"high\" decoding=\"async\" class=\"alignnone wp-image-20623 aligncenter\" src=\"\/wp-content\/uploads\/replace\/07e1897ab8f078c361edf7da157aecbd.jpeg\" alt=\"Ninebot\u00a0One E+\" width=\"927\" height=\"927\" \/><img decoding=\"async\" class=\"alignnone wp-image-20624 aligncenter\" src=\"\/wp-content\/uploads\/replace\/cd5d6343d1917bb9ef4b7b2db345dc8a.jpeg\" alt=\"Ninebot\u00a0One E+\" width=\"985\" height=\"985\" \/><img decoding=\"async\" class=\"alignnone wp-image-20625 aligncenter\" src=\"\/wp-content\/uploads\/replace\/64e19e91807e351b1f8a03050ef08d41.jpeg\" alt=\"Ninebot\u00a0One E+\" width=\"917\" height=\"917\" \/><img loading=\"lazy\" decoding=\"async\" class=\"alignnone wp-image-20626 aligncenter\" src=\"\/wp-content\/uploads\/replace\/c76b853ffd1443779b2fa84180dcf438.jpeg\" alt=\"Ninebot\u00a0One E+\" width=\"922\" height=\"764\" \/><img loading=\"lazy\" decoding=\"async\" class=\"alignnone wp-image-20628 aligncenter\" src=\"\/wp-content\/uploads\/replace\/77bef764bd440bb652ab14ffbecc0307.jpeg\" alt=\"Ninebot\u00a0One E+\" width=\"924\" height=\"831\" \/><img loading=\"lazy\" decoding=\"async\" class=\"alignnone wp-image-20629 aligncenter\" src=\"\/wp-content\/uploads\/replace\/dd3d67c0ccb0400139f6ad82d7916095.jpeg\" alt=\"Ninebot\u00a0One E+\" width=\"924\" height=\"515\" \/><\/p>","protected":false},"excerpt":{"rendered":"<h2>CARACTER\u00cdSTICAS:<\/h2>\n<ul>\n<li><strong>Alcance impressionante.<\/strong>\u00a0Com mais de 18 milhas, voc\u00ea pode pedalar o dia todo e carreg\u00e1-lo durante a noite (carregador inclu\u00eddo)<\/li>\n<li><strong>Superport\u00e1til.<\/strong>\u00a0Seu design leve e al\u00e7a de transporte facilitam o transporte para o escrit\u00f3rio ou armazenamento interno.<\/li>\n<li><strong>F\u00e1cil de usar.\u00a0<\/strong>We provide complete instructions along with video demos so you can quickly master the ride. You\u2019ll be spinning in no time &#8211; plus you can contact us anytime!\u00a0(info@hoodriderz.com\/\u00a0+1(646) 600-9086)<\/li>\n<li><strong>Customiz\u00e1vel<\/strong>. Personalize facilmente as luzes LED para se adequar ao seu estilo pessoal com o aplicativo Ninedroid gratuito.<\/li>\n<li><strong>Na caixa:<\/strong>\u00a0Ninebot One E+, carregador, manual<\/li>\n<\/ul>","protected":false},"featured_media":24508,"template":"","meta":[],"product_brand":[],"product_cat":[1321,1305],"product_tag":[1073],"class_list":{"0":"post-24370","1":"product","2":"type-product","3":"status-publish","4":"has-post-thumbnail","6":"product_cat-sports","7":"product_cat-xiaomi-eco","8":"product_tag-ninebot-one-e","10":"first","11":"instock","12":"shipping-taxable","13":"product-type-external"},"aioseo_notices":[],"aioseo_head":"\n\t\t<!-- All in One SEO Pro 4.5.9.2 - aioseo.com -->\n\t\t<meta name=\"description\" content=\"FEATURES: Impressive Range. With18+ miles, you can ride it all day and charge it overnight (charger included) Super Portable. Its lightweight design and carrying handle make it easy to bring into the office or store inside. Easy-to-Use. We provide complete instructions along with video demos so you can quickly master the ride. You\u2019ll be spinning in no time - plus you can contact us anytime! (info@hoodriderz.com\/ +1(646) 600-9086) Customizable. Easily customize the LED feature lights to fit your personal style with the free Ninedroid app. In the box: Ninebot One E+, Charger, Manual\" \/>\n\t\t<meta name=\"robots\" content=\"max-image-preview:large\" \/>\n\t\t<link rel=\"canonical\" href=\"https:\/\/www.rucashk.com\/pt\/produto\/ninebot-one-e-wholesale\/\" \/>\n\t\t<meta name=\"generator\" content=\"All in One SEO Pro (AIOSEO) 4.5.9.2\" \/>\n\t\t<meta property=\"og:locale\" content=\"pt_PT\" \/>\n\t\t<meta property=\"og:site_name\" content=\"Rucas - One-stop AIoT Distribution Worldwide\" \/>\n\t\t<meta property=\"og:type\" content=\"article\" \/>\n\t\t<meta property=\"og:title\" content=\"Ninebot One E+ Wholesale - Rucas - Wholesale and Distribution\" \/>\n\t\t<meta property=\"og:description\" content=\"FEATURES: Impressive Range. With18+ miles, you can ride it all day and charge it overnight (charger included) Super Portable. Its lightweight design and carrying handle make it easy to bring into the office or store inside. Easy-to-Use. We provide complete instructions along with video demos so you can quickly master the ride. You\u2019ll be spinning in no time - plus you can contact us anytime! (info@hoodriderz.com\/ +1(646) 600-9086) Customizable. Easily customize the LED feature lights to fit your personal style with the free Ninedroid app. In the box: Ninebot One E+, Charger, Manual\" \/>\n\t\t<meta property=\"og:url\" content=\"https:\/\/www.rucashk.com\/pt\/produto\/ninebot-one-e-wholesale\/\" \/>\n\t\t<meta property=\"og:image\" content=\"https:\/\/www.rucashk.com\/wp-content\/uploads\/replace\/503b8e645f128a97ccde2b6290747646.jpeg\" \/>\n\t\t<meta property=\"og:image:secure_url\" content=\"https:\/\/www.rucashk.com\/wp-content\/uploads\/replace\/503b8e645f128a97ccde2b6290747646.jpeg\" \/>\n\t\t<meta property=\"og:image:width\" content=\"1456\" \/>\n\t\t<meta property=\"og:image:height\" content=\"816\" \/>\n\t\t<meta property=\"article:published_time\" content=\"2024-01-09T16:03:53+00:00\" \/>\n\t\t<meta property=\"article:modified_time\" content=\"2024-03-13T06:17:47+00:00\" \/>\n\t\t<meta name=\"twitter:card\" content=\"summary_large_image\" \/>\n\t\t<meta name=\"twitter:title\" content=\"Ninebot One E+ Wholesale - Rucas - Wholesale and Distribution\" \/>\n\t\t<meta name=\"twitter:description\" content=\"FEATURES: Impressive Range. With18+ miles, you can ride it all day and charge it overnight (charger included) Super Portable. Its lightweight design and carrying handle make it easy to bring into the office or store inside. Easy-to-Use. We provide complete instructions along with video demos so you can quickly master the ride. You\u2019ll be spinning in no time - plus you can contact us anytime! (info@hoodriderz.com\/ +1(646) 600-9086) Customizable. Easily customize the LED feature lights to fit your personal style with the free Ninedroid app. In the box: Ninebot One E+, Charger, Manual\" \/>\n\t\t<meta name=\"twitter:image\" content=\"https:\/\/www.rucashk.com\/wp-content\/uploads\/replace\/503b8e645f128a97ccde2b6290747646.jpeg\" \/>\n\t\t<script type=\"application\/ld+json\" class=\"aioseo-schema\">\n\t\t\t{\"@context\":\"https:\\\/\\\/schema.org\",\"@graph\":[{\"@type\":\"BreadcrumbList\",\"@id\":\"https:\\\/\\\/www.rucashk.com\\\/pt\\\/produto\\\/ninebot-one-e-wholesale\\\/#breadcrumblist\",\"itemListElement\":[{\"@type\":\"ListItem\",\"@id\":\"https:\\\/\\\/www.rucashk.com\\\/pt\\\/#listItem\",\"position\":1,\"name\":\"Home\",\"item\":\"https:\\\/\\\/www.rucashk.com\\\/pt\\\/\",\"nextItem\":\"https:\\\/\\\/www.rucashk.com\\\/pt\\\/produto\\\/ninebot-one-e-wholesale\\\/#listItem\"},{\"@type\":\"ListItem\",\"@id\":\"https:\\\/\\\/www.rucashk.com\\\/pt\\\/produto\\\/ninebot-one-e-wholesale\\\/#listItem\",\"position\":2,\"name\":\"Ninebot\\u00a0One E+ Wholesale\",\"previousItem\":\"https:\\\/\\\/www.rucashk.com\\\/pt\\\/#listItem\"}]},{\"@type\":\"Organization\",\"@id\":\"https:\\\/\\\/www.rucashk.com\\\/pt\\\/#organization\",\"name\":\"Rucas\",\"url\":\"https:\\\/\\\/www.rucashk.com\\\/pt\\\/\",\"logo\":{\"@type\":\"ImageObject\",\"url\":\"https:\\\/\\\/www.rucashk.com\\\/wp-content\\\/uploads\\\/2023\\\/12\\\/Rucas_campany_logo.png\",\"@id\":\"https:\\\/\\\/www.rucashk.com\\\/pt\\\/produto\\\/ninebot-one-e-wholesale\\\/#organizationLogo\",\"width\":221,\"height\":65},\"image\":{\"@id\":\"https:\\\/\\\/www.rucashk.com\\\/pt\\\/#organizationLogo\"}},{\"@type\":\"Person\",\"@id\":\"https:\\\/\\\/www.rucashk.com\\\/pt\\\/author\\\/admin\\\/#author\",\"url\":\"https:\\\/\\\/www.rucashk.com\\\/pt\\\/author\\\/admin\\\/\",\"name\":\"admin\",\"image\":{\"@type\":\"ImageObject\",\"@id\":\"https:\\\/\\\/www.rucashk.com\\\/pt\\\/produto\\\/ninebot-one-e-wholesale\\\/#authorImage\",\"url\":\"https:\\\/\\\/secure.gravatar.com\\\/avatar\\\/b7c8925b09a27e72b30232f8ecaadbd5af0f70a38c78096863fe51b64f031c24?s=96&d=mm&r=g\",\"width\":96,\"height\":96,\"caption\":\"admin\"}},{\"@type\":\"WebPage\",\"@id\":\"https:\\\/\\\/www.rucashk.com\\\/pt\\\/produto\\\/ninebot-one-e-wholesale\\\/#webpage\",\"url\":\"https:\\\/\\\/www.rucashk.com\\\/pt\\\/produto\\\/ninebot-one-e-wholesale\\\/\",\"name\":\"Ninebot One E+ Wholesale - Rucas - Wholesale and Distribution\",\"description\":\"FEATURES: Impressive Range. With18+ miles, you can ride it all day and charge it overnight (charger included) Super Portable. Its lightweight design and carrying handle make it easy to bring into the office or store inside. Easy-to-Use. We provide complete instructions along with video demos so you can quickly master the ride. You\\u2019ll be spinning in no time - plus you can contact us anytime! (info@hoodriderz.com\\\/ +1(646) 600-9086) Customizable. Easily customize the LED feature lights to fit your personal style with the free Ninedroid app. In the box: Ninebot One E+, Charger, Manual\",\"inLanguage\":\"pt-PT\",\"isPartOf\":{\"@id\":\"https:\\\/\\\/www.rucashk.com\\\/pt\\\/#website\"},\"breadcrumb\":{\"@id\":\"https:\\\/\\\/www.rucashk.com\\\/pt\\\/produto\\\/ninebot-one-e-wholesale\\\/#breadcrumblist\"},\"author\":{\"@id\":\"https:\\\/\\\/www.rucashk.com\\\/pt\\\/author\\\/admin\\\/#author\"},\"creator\":{\"@id\":\"https:\\\/\\\/www.rucashk.com\\\/pt\\\/author\\\/admin\\\/#author\"},\"image\":{\"@type\":\"ImageObject\",\"url\":\"https:\\\/\\\/www.rucashk.com\\\/wp-content\\\/uploads\\\/2024\\\/01\\\/a_\\u526f\\u672c.jpg\",\"@id\":\"https:\\\/\\\/www.rucashk.com\\\/pt\\\/produto\\\/ninebot-one-e-wholesale\\\/#mainImage\",\"width\":800,\"height\":800},\"primaryImageOfPage\":{\"@id\":\"https:\\\/\\\/www.rucashk.com\\\/pt\\\/produto\\\/ninebot-one-e-wholesale\\\/#mainImage\"},\"datePublished\":\"2024-01-09T16:03:53+00:00\",\"dateModified\":\"2024-03-13T06:17:47+00:00\"},{\"@type\":\"WebSite\",\"@id\":\"https:\\\/\\\/www.rucashk.com\\\/pt\\\/#website\",\"url\":\"https:\\\/\\\/www.rucashk.com\\\/pt\\\/\",\"name\":\"Rucas - Wholesale and distribution worldwide\",\"alternateName\":\"Rucas - One-stop AIoT Distribution Worldwide\",\"description\":\"One-stop AIoT Distribution Worldwide\",\"inLanguage\":\"pt-PT\",\"publisher\":{\"@id\":\"https:\\\/\\\/www.rucashk.com\\\/pt\\\/#organization\"}}]}\n\t\t<\/script>\n\t\t<!-- All in One SEO Pro -->\r\n\t\t<title>Ninebot One E+ Wholesale - Rucas - Wholesale and Distribution<\/title>\n\n","aioseo_head_json":{"title":"Ninebot One E+ Wholesale - Rucas - Wholesale and Distribution","description":"FEATURES: Impressive Range. With18+ miles, you can ride it all day and charge it overnight (charger included) Super Portable. Its lightweight design and carrying handle make it easy to bring into the office or store inside. Easy-to-Use. We provide complete instructions along with video demos so you can quickly master the ride. You\u2019ll be spinning in no time - plus you can contact us anytime! (info@hoodriderz.com\/ +1(646) 600-9086) Customizable. Easily customize the LED feature lights to fit your personal style with the free Ninedroid app. In the box: Ninebot One E+, Charger, Manual","canonical_url":"https:\/\/www.rucashk.com\/pt\/produto\/ninebot-one-e-wholesale\/","robots":"max-image-preview:large","keywords":"","webmasterTools":{"miscellaneous":""},"og:locale":"pt_PT","og:site_name":"Rucas - One-stop AIoT Distribution Worldwide","og:type":"article","og:title":"Ninebot One E+ Wholesale - Rucas - Wholesale and Distribution","og:description":"FEATURES: Impressive Range. With18+ miles, you can ride it all day and charge it overnight (charger included) Super Portable. Its lightweight design and carrying handle make it easy to bring into the office or store inside. Easy-to-Use. We provide complete instructions along with video demos so you can quickly master the ride. You\u2019ll be spinning in no time - plus you can contact us anytime! (info@hoodriderz.com\/ +1(646) 600-9086) Customizable. Easily customize the LED feature lights to fit your personal style with the free Ninedroid app. In the box: Ninebot One E+, Charger, Manual","og:url":"https:\/\/www.rucashk.com\/pt\/produto\/ninebot-one-e-wholesale\/","og:image":"https:\/\/www.rucashk.com\/wp-content\/uploads\/replace\/503b8e645f128a97ccde2b6290747646.jpeg","og:image:secure_url":"https:\/\/www.rucashk.com\/wp-content\/uploads\/replace\/503b8e645f128a97ccde2b6290747646.jpeg","og:image:width":1456,"og:image:height":816,"article:published_time":"2024-01-09T16:03:53+00:00","article:modified_time":"2024-03-13T06:17:47+00:00","twitter:card":"summary_large_image","twitter:title":"Ninebot One E+ Wholesale - Rucas - Wholesale and Distribution","twitter:description":"FEATURES: Impressive Range. With18+ miles, you can ride it all day and charge it overnight (charger included) Super Portable. Its lightweight design and carrying handle make it easy to bring into the office or store inside. Easy-to-Use. We provide complete instructions along with video demos so you can quickly master the ride. You\u2019ll be spinning in no time - plus you can contact us anytime! (info@hoodriderz.com\/ +1(646) 600-9086) Customizable. Easily customize the LED feature lights to fit your personal style with the free Ninedroid app. In the box: Ninebot One E+, Charger, Manual","twitter:image":"https:\/\/www.rucashk.com\/wp-content\/uploads\/replace\/503b8e645f128a97ccde2b6290747646.jpeg","schema":{"@context":"https:\/\/schema.org","@graph":[{"@type":"BreadcrumbList","@id":"https:\/\/www.rucashk.com\/pt\/produto\/ninebot-one-e-wholesale\/#breadcrumblist","itemListElement":[{"@type":"ListItem","@id":"https:\/\/www.rucashk.com\/pt\/#listItem","position":1,"name":"Home","item":"https:\/\/www.rucashk.com\/pt\/","nextItem":"https:\/\/www.rucashk.com\/pt\/produto\/ninebot-one-e-wholesale\/#listItem"},{"@type":"ListItem","@id":"https:\/\/www.rucashk.com\/pt\/produto\/ninebot-one-e-wholesale\/#listItem","position":2,"name":"Ninebot\u00a0One E+ Wholesale","previousItem":"https:\/\/www.rucashk.com\/pt\/#listItem"}]},{"@type":"Organization","@id":"https:\/\/www.rucashk.com\/pt\/#organization","name":"Rucas","url":"https:\/\/www.rucashk.com\/pt\/","logo":{"@type":"ImageObject","url":"https:\/\/www.rucashk.com\/wp-content\/uploads\/2023\/12\/Rucas_campany_logo.png","@id":"https:\/\/www.rucashk.com\/pt\/produto\/ninebot-one-e-wholesale\/#organizationLogo","width":221,"height":65},"image":{"@id":"https:\/\/www.rucashk.com\/pt\/#organizationLogo"}},{"@type":"Person","@id":"https:\/\/www.rucashk.com\/pt\/author\/admin\/#author","url":"https:\/\/www.rucashk.com\/pt\/author\/admin\/","name":"admin","image":{"@type":"ImageObject","@id":"https:\/\/www.rucashk.com\/pt\/produto\/ninebot-one-e-wholesale\/#authorImage","url":"https:\/\/secure.gravatar.com\/avatar\/b7c8925b09a27e72b30232f8ecaadbd5af0f70a38c78096863fe51b64f031c24?s=96&d=mm&r=g","width":96,"height":96,"caption":"admin"}},{"@type":"WebPage","@id":"https:\/\/www.rucashk.com\/pt\/produto\/ninebot-one-e-wholesale\/#webpage","url":"https:\/\/www.rucashk.com\/pt\/produto\/ninebot-one-e-wholesale\/","name":"Ninebot One E+ Wholesale - Rucas - Wholesale and Distribution","description":"FEATURES: Impressive Range. With18+ miles, you can ride it all day and charge it overnight (charger included) Super Portable. Its lightweight design and carrying handle make it easy to bring into the office or store inside. Easy-to-Use. We provide complete instructions along with video demos so you can quickly master the ride. You\u2019ll be spinning in no time - plus you can contact us anytime! (info@hoodriderz.com\/ +1(646) 600-9086) Customizable. Easily customize the LED feature lights to fit your personal style with the free Ninedroid app. In the box: Ninebot One E+, Charger, Manual","inLanguage":"pt-PT","isPartOf":{"@id":"https:\/\/www.rucashk.com\/pt\/#website"},"breadcrumb":{"@id":"https:\/\/www.rucashk.com\/pt\/produto\/ninebot-one-e-wholesale\/#breadcrumblist"},"author":{"@id":"https:\/\/www.rucashk.com\/pt\/author\/admin\/#author"},"creator":{"@id":"https:\/\/www.rucashk.com\/pt\/author\/admin\/#author"},"image":{"@type":"ImageObject","url":"https:\/\/www.rucashk.com\/wp-content\/uploads\/2024\/01\/a_\u526f\u672c.jpg","@id":"https:\/\/www.rucashk.com\/pt\/produto\/ninebot-one-e-wholesale\/#mainImage","width":800,"height":800},"primaryImageOfPage":{"@id":"https:\/\/www.rucashk.com\/pt\/produto\/ninebot-one-e-wholesale\/#mainImage"},"datePublished":"2024-01-09T16:03:53+00:00","dateModified":"2024-03-13T06:17:47+00:00"},{"@type":"WebSite","@id":"https:\/\/www.rucashk.com\/pt\/#website","url":"https:\/\/www.rucashk.com\/pt\/","name":"Rucas - Wholesale and distribution worldwide","alternateName":"Rucas - One-stop AIoT Distribution Worldwide","description":"One-stop AIoT Distribution Worldwide","inLanguage":"pt-PT","publisher":{"@id":"https:\/\/www.rucashk.com\/pt\/#organization"}}]}},"aioseo_meta_data":{"post_id":"24370","title":null,"description":null,"keywords":null,"keyphrases":null,"primary_term":null,"canonical_url":null,"og_title":null,"og_description":null,"og_object_type":"default","og_image_type":"default","og_image_url":null,"og_image_width":null,"og_image_height":null,"og_image_custom_url":null,"og_image_custom_fields":null,"og_video":null,"og_custom_url":null,"og_article_section":null,"og_article_tags":null,"twitter_use_og":false,"twitter_card":"default","twitter_image_type":"default","twitter_image_url":null,"twitter_image_custom_url":null,"twitter_image_custom_fields":null,"twitter_title":null,"twitter_description":null,"schema":{"blockGraphs":[],"customGraphs":[],"default":{"data":{"Article":[],"Course":[],"Dataset":[],"FAQPage":[],"Movie":[],"Person":[],"Product":[],"Recipe":[],"Service":[],"SoftwareApplication":[],"WebPage":[]},"graphName":"","isEnabled":true},"graphs":[]},"schema_type":"default","schema_type_options":null,"pillar_content":false,"robots_default":true,"robots_noindex":false,"robots_noarchive":false,"robots_nosnippet":false,"robots_nofollow":false,"robots_noimageindex":false,"robots_noodp":false,"robots_notranslate":false,"robots_max_snippet":null,"robots_max_videopreview":null,"robots_max_imagepreview":"large","priority":null,"frequency":null,"local_seo":null,"breadcrumb_settings":null,"limit_modified_date":false,"created":"2024-04-11 01:57:11","updated":"2025-06-22 17:29:55"},"aioseo_breadcrumb":"<div class=\"aioseo-breadcrumbs\"><span class=\"aioseo-breadcrumb\">\n\t<a href=\"https:\/\/www.rucashk.com\/pt\" title=\"Home\">Home<\/a>\n<\/span><span class=\"aioseo-breadcrumb-separator\">&raquo;<\/span><span class=\"aioseo-breadcrumb\">\n\t<a href=\"https:\/\/www.rucashk.com\/pt\/products\/\" title=\"Produtos\">Produtos<\/a>\n<\/span><span class=\"aioseo-breadcrumb-separator\">&raquo;<\/span><span class=\"aioseo-breadcrumb\">\n\t<a href=\"https:\/\/www.rucashk.com\/pt\/categoria-produto\/xiaomi-eco\/\" title=\"Xiaomi Eco\">Xiaomi Eco<\/a>\n<\/span><span class=\"aioseo-breadcrumb-separator\">&raquo;<\/span><span class=\"aioseo-breadcrumb\">\n\t<a href=\"https:\/\/www.rucashk.com\/pt\/categoria-produto\/xiaomi-eco\/sports\/\" title=\"Sports\">Sports<\/a>\n<\/span><span class=\"aioseo-breadcrumb-separator\">&raquo;<\/span><span class=\"aioseo-breadcrumb\">\n\tNinebot\u00a0One E+ Wholesale\n<\/span><\/div>","aioseo_breadcrumb_json":[{"label":"Home","link":"https:\/\/www.rucashk.com\/pt"},{"label":"Produtos","link":"https:\/\/www.rucashk.com\/pt\/products\/"},{"label":"Xiaomi Eco","link":"https:\/\/www.rucashk.com\/pt\/categoria-produto\/xiaomi-eco\/"},{"label":"Sports","link":"https:\/\/www.rucashk.com\/pt\/categoria-produto\/xiaomi-eco\/sports\/"},{"label":"Ninebot\u00a0One E+ Wholesale","link":"https:\/\/www.rucashk.com\/pt\/produto\/ninebot-one-e-wholesale\/"}],"_links":{"self":[{"href":"https:\/\/www.rucashk.com\/pt\/wp-json\/wp\/v2\/product\/24370","targetHints":{"allow":["GET"]}}],"collection":[{"href":"https:\/\/www.rucashk.com\/pt\/wp-json\/wp\/v2\/product"}],"about":[{"href":"https:\/\/www.rucashk.com\/pt\/wp-json\/wp\/v2\/types\/product"}],"wp:featuredmedia":[{"embeddable":true,"href":"https:\/\/www.rucashk.com\/pt\/wp-json\/wp\/v2\/media\/24508"}],"wp:attachment":[{"href":"https:\/\/www.rucashk.com\/pt\/wp-json\/wp\/v2\/media?parent=24370"}],"wp:term":[{"taxonomy":"product_brand","embeddable":true,"href":"https:\/\/www.rucashk.com\/pt\/wp-json\/wp\/v2\/product_brand?post=24370"},{"taxonomy":"product_cat","embeddable":true,"href":"https:\/\/www.rucashk.com\/pt\/wp-json\/wp\/v2\/product_cat?post=24370"},{"taxonomy":"product_tag","embeddable":true,"href":"https:\/\/www.rucashk.com\/pt\/wp-json\/wp\/v2\/product_tag?post=24370"}],"curies":[{"name":"wp","href":"https:\/\/api.w.org\/{rel}","templated":true}]}}