{"id":24369,"date":"2024-01-09T16:03:53","date_gmt":"2024-01-09T16:03:53","guid":{"rendered":"http:\/\/rucashk.com\/?post_type=product&#038;p=24369"},"modified":"2024-03-12T07:38:30","modified_gmt":"2024-03-12T07:38:30","slug":"irobot-roomba-e6-sweeping-robot-wholesale","status":"publish","type":"product","link":"https:\/\/www.rucashk.com\/pt\/produto\/irobot-roomba-e6-sweeping-robot-wholesale\/","title":{"rendered":"Rob\u00f4 de varredura iRobot Roomba e6 atacado"},"content":{"rendered":"<h2><img fetchpriority=\"high\" decoding=\"async\" class=\"wp-image-20585 size-full aligncenter\" src=\"\/wp-content\/uploads\/replace\/572f3b58ef5103ded3c6224076d3856e.jpeg\" alt=\"iRobot Roomba e6 Sweeping robot\" width=\"1350\" height=\"500\" \/><img decoding=\"async\" class=\"wp-image-20586 size-full aligncenter\" src=\"\/wp-content\/uploads\/replace\/3d6b40a043078e28d3301ee0be9c9fce.jpeg\" alt=\"iRobot Roomba e6 Sweeping robot\" width=\"1359\" height=\"533\" \/><img decoding=\"async\" class=\"wp-image-20587 size-full aligncenter\" src=\"\/wp-content\/uploads\/replace\/3772102e8c10a707d1e2f27961312ea8.jpeg\" alt=\"iRobot Roomba e6 Sweeping robot\" width=\"1354\" height=\"543\" \/><img loading=\"lazy\" decoding=\"async\" class=\"wp-image-20588 size-full aligncenter\" src=\"\/wp-content\/uploads\/replace\/a63d84e614a8c3a2d5683de59e2879bc.jpeg\" alt=\"iRobot Roomba e6 Sweeping robot\" width=\"1352\" height=\"555\" \/><img loading=\"lazy\" decoding=\"async\" class=\"wp-image-20589 size-full aligncenter\" src=\"\/wp-content\/uploads\/replace\/92ddd3c379e7f651ef8a512db271d358.jpeg\" alt=\"iRobot Roomba e6 Sweeping robot\" width=\"1339\" height=\"457\" \/><img loading=\"lazy\" decoding=\"async\" class=\"wp-image-20590 size-full aligncenter\" src=\"\/wp-content\/uploads\/replace\/e88631efe5b6405d63cbc01339c3d222.jpeg\" alt=\"iRobot Roomba e6 Sweeping robot\" width=\"1325\" height=\"479\" \/><img loading=\"lazy\" decoding=\"async\" class=\"wp-image-20591 size-full aligncenter\" src=\"\/wp-content\/uploads\/replace\/f5c1c49232eae5b95ee2a1936ecff2ad.jpeg\" alt=\"iRobot Roomba e6 Sweeping robot\" width=\"1323\" height=\"458\" \/><img loading=\"lazy\" decoding=\"async\" class=\"wp-image-20592 size-full aligncenter\" src=\"\/wp-content\/uploads\/replace\/2423f2e4d60609edb36a6b38e8a08f76.jpeg\" alt=\"iRobot Roomba e6 Sweeping robot\" width=\"1330\" height=\"450\" \/> <img loading=\"lazy\" decoding=\"async\" class=\"wp-image-20597 size-full aligncenter\" src=\"\/wp-content\/uploads\/replace\/0b874d0cabda07629fc09291dce952ad.jpeg\" alt=\"iRobot Roomba e6 Sweeping robot\" width=\"1044\" height=\"436\" \/>Especifica\u00e7\u00f5es<\/h2>\n<table class=\"product-specification-table table-striped\">\n<tbody>\n<tr class=\"product-specification-row\">\n<td class=\"s-padding-ends s-padding-sides\">Marca<\/td>\n<td class=\"s-padding-ends s-padding-sides\">\n<div>eu Rob\u00f4<\/div>\n<\/td>\n<\/tr>\n<tr class=\"product-specification-row\">\n<td class=\"s-padding-ends s-padding-sides\">Modelo<\/td>\n<td class=\"s-padding-ends s-padding-sides\">\n<div>E613420<\/div>\n<\/td>\n<\/tr>\n<tr class=\"product-specification-row\">\n<td class=\"s-padding-ends s-padding-sides\">Peso do produto montado<\/td>\n<td class=\"s-padding-ends s-padding-sides\">\n<div>11,3 libras<\/div>\n<\/td>\n<\/tr>\n<tr class=\"product-specification-row\">\n<td class=\"s-padding-ends s-padding-sides\">N\u00famero da pe\u00e7a do fabricante<\/td>\n<td class=\"s-padding-ends s-padding-sides\">\n<div>E613420<\/div>\n<\/td>\n<\/tr>\n<tr class=\"product-specification-row\">\n<td class=\"s-padding-ends s-padding-sides\">Dimens\u00f5es do produto montado (C x L x A)<\/td>\n<td class=\"s-padding-ends s-padding-sides\">\n<div>16,14 x 5,08 x 20,08 polegadas<\/div>\n<\/td>\n<\/tr>\n<\/tbody>\n<\/table>\n<h2>Caracter\u00edsticas<\/h2>\n<p>O Roomba e6 Robot Vacuum est\u00e1 repleto de desempenho para uma capta\u00e7\u00e3o potente. O sistema de limpeza premium de 3 est\u00e1gios limpa a sujeira e os pelos de animais de estima\u00e7\u00e3o que voc\u00ea v\u00ea e os al\u00e9rgenos e a poeira que voc\u00ea n\u00e3o v\u00ea. Sensores inteligentes guiam o rob\u00f4 por toda a casa, navegando por baixo e ao redor dos m\u00f3veis para ajudar a limpar completamente o ch\u00e3o. Basta pressionar CLEAN ou agendar o Roomba em qualquer lugar com o aplicativo iRobot HOME.<\/p>\n<div><\/div>\n<div><b><i>\u00a0<\/i><\/b><\/div>\n<div><b>Aspirador de rob\u00f4 conectado por Wi-Fi iRobot Roomba e6 - conectado por Wi-Fi, funciona com Alexa, ideal para p\u00ealos de animais de estima\u00e7\u00e3o, tapetes, aspirador rob\u00f3tico r\u00edgido e com carregamento autom\u00e1tico<\/b><\/div>\n<div><\/div>\n<div>\n<ul>\n<li>A suc\u00e7\u00e3o Power-Lifting fornece 5X mais pot\u00eancia de ar* para melhor desempenho de capta\u00e7\u00e3o. *<i>(Comparado ao sistema Roomba s\u00e9rie 600)<\/i><\/li>\n<li>Ideal para casas com animais de estima\u00e7\u00e3o. O sistema de limpeza premium de 3 est\u00e1gios limpa a sujeira e os pelos de animais de estima\u00e7\u00e3o que voc\u00ea v\u00ea e os al\u00e9rgenos e a poeira que voc\u00ea n\u00e3o v\u00ea. Basta enxaguar a sujeira ou detritos deixados na lixeira lav\u00e1vel.<\/li>\n<li>Escovas de borracha duplas exclusivas para m\u00faltiplas superf\u00edcies n\u00e3o se enroscam em p\u00ealos de animais de estima\u00e7\u00e3o. As escovas ajustam-se e flexionam-se para permanecerem em contato constante com carpetes e pisos duros.<\/li>\n<\/ul>\n<\/div>\n<div>\n<ul>\n<li>Conjunto completo de sensores que navegam de forma inteligente com o rob\u00f4 por baixo e ao redor de objetos e m\u00f3veis para ajudar a limpar completamente o ch\u00e3o.<\/li>\n<li>O Roomba e6 remove a sujeira dos pontos de tr\u00e1fego intenso da sua casa usando a tecnologia Dirt Detect Series II.<\/li>\n<li>O filtro de alta efici\u00eancia ret\u00e9m 99% de al\u00e9rgenos de c\u00e3es e gatos.<\/li>\n<li>Personalize e controle a forma como voc\u00ea limpa com o aplicativo iRobot HOME, Alexa ou Google Assistant.<\/li>\n<li>Funciona por at\u00e9 90 minutos antes de encaixar e recarregar automaticamente.<\/li>\n<li>Apresentando Roomba Essentials - conectado por Wi-Fi, navega\u00e7\u00e3o inteligente, tecnologia patenteada de detec\u00e7\u00e3o de sujeira, escova para varrer bordas, cabe\u00e7a de limpeza com ajuste autom\u00e1tico, funciona em carpetes e pisos duros<\/li>\n<li>Conte\u00fado da caixa: 1 aspirador rob\u00f4 Roomba e6, 1 esta\u00e7\u00e3o de carregamento de base dom\u00e9stica, 1 cabo de linha norte-americano, 1 filtro de alta efici\u00eancia extra, guia do propriet\u00e1rio, pacote de documenta\u00e7\u00e3o<\/li>\n<li>A iRobot n\u00e3o certifica a qualidade ou autenticidade de produtos adquiridos de revendedores n\u00e3o autorizados e n\u00e3o cobrir\u00e1 reclama\u00e7\u00f5es, fornecer\u00e1 servi\u00e7os ou oferecer\u00e1 substitui\u00e7\u00f5es para produtos adquiridos desses vendedores.<\/li>\n<\/ul>\n<\/div>","protected":false},"excerpt":{"rendered":"<p><strong>Recurso:<\/strong><\/p>\n<ul>\n<li>Limpa todos os tipos de piso<\/li>\n<li>5x a suc\u00e7\u00e3o<\/li>\n<li>Ideal para casas com animais de estima\u00e7\u00e3o<\/li>\n<li>Navega inteligentemente pela sua casa<\/li>\n<li>Tecnologia aprimorada para superar a sujeira<\/li>\n<li>Varre detritos escondidos ao longo das paredes<\/li>\n<li>Limpe e programe em qualquer lugar<\/li>\n<li>Aproveite o controle m\u00e3os-livres<\/li>\n<li>Enx\u00e1gue a sujeira e os detritos<\/li>\n<\/ul>","protected":false},"featured_media":24504,"template":"","meta":[],"product_brand":[],"product_cat":[1322],"product_tag":[1072],"class_list":{"0":"post-24369","1":"product","2":"type-product","3":"status-publish","4":"has-post-thumbnail","6":"product_cat-other-a-brands","7":"product_tag-irobot-roomba-e6","9":"first","10":"instock","11":"shipping-taxable","12":"product-type-external"},"aioseo_notices":[],"aioseo_head":"\n\t\t<!-- All in One SEO Pro 4.5.9.2 - aioseo.com -->\n\t\t<meta name=\"description\" content=\"Feature\uff1a Cleans all floor types 5x the suction Ideal for homes with pets Intelligently navigates your home Enhanced technology to outsmart dirt Sweeps away debris hiding along walls Clean and schedule on-the-go Enjoy hands-free control Rinse away dirt and debris\" \/>\n\t\t<meta name=\"robots\" content=\"max-image-preview:large\" \/>\n\t\t<link rel=\"canonical\" href=\"https:\/\/www.rucashk.com\/pt\/produto\/irobot-roomba-e6-sweeping-robot-wholesale\/\" \/>\n\t\t<meta name=\"generator\" content=\"All in One SEO Pro (AIOSEO) 4.5.9.2\" \/>\n\t\t<meta property=\"og:locale\" content=\"pt_PT\" \/>\n\t\t<meta property=\"og:site_name\" content=\"Rucas - One-stop AIoT Distribution Worldwide\" \/>\n\t\t<meta property=\"og:type\" content=\"article\" \/>\n\t\t<meta property=\"og:title\" content=\"iRobot Roomba e6 Sweeping robot Wholesale - Rucas - Wholesale and Distribution\" \/>\n\t\t<meta property=\"og:description\" content=\"Feature\uff1a Cleans all floor types 5x the suction Ideal for homes with pets Intelligently navigates your home Enhanced technology to outsmart dirt Sweeps away debris hiding along walls Clean and schedule on-the-go Enjoy hands-free control Rinse away dirt and debris\" \/>\n\t\t<meta property=\"og:url\" content=\"https:\/\/www.rucashk.com\/pt\/produto\/irobot-roomba-e6-sweeping-robot-wholesale\/\" \/>\n\t\t<meta property=\"og:image\" content=\"https:\/\/www.rucashk.com\/wp-content\/uploads\/replace\/503b8e645f128a97ccde2b6290747646.jpeg\" \/>\n\t\t<meta property=\"og:image:secure_url\" content=\"https:\/\/www.rucashk.com\/wp-content\/uploads\/replace\/503b8e645f128a97ccde2b6290747646.jpeg\" \/>\n\t\t<meta property=\"og:image:width\" content=\"1456\" \/>\n\t\t<meta property=\"og:image:height\" content=\"816\" \/>\n\t\t<meta property=\"article:published_time\" content=\"2024-01-09T16:03:53+00:00\" \/>\n\t\t<meta property=\"article:modified_time\" content=\"2024-03-12T07:38:30+00:00\" \/>\n\t\t<meta name=\"twitter:card\" content=\"summary_large_image\" \/>\n\t\t<meta name=\"twitter:title\" content=\"iRobot Roomba e6 Sweeping robot Wholesale - Rucas - Wholesale and Distribution\" \/>\n\t\t<meta name=\"twitter:description\" content=\"Feature\uff1a Cleans all floor types 5x the suction Ideal for homes with pets Intelligently navigates your home Enhanced technology to outsmart dirt Sweeps away debris hiding along walls Clean and schedule on-the-go Enjoy hands-free control Rinse away dirt and debris\" \/>\n\t\t<meta name=\"twitter:image\" content=\"https:\/\/www.rucashk.com\/wp-content\/uploads\/replace\/503b8e645f128a97ccde2b6290747646.jpeg\" \/>\n\t\t<script type=\"application\/ld+json\" class=\"aioseo-schema\">\n\t\t\t{\"@context\":\"https:\\\/\\\/schema.org\",\"@graph\":[{\"@type\":\"BreadcrumbList\",\"@id\":\"https:\\\/\\\/www.rucashk.com\\\/pt\\\/produto\\\/irobot-roomba-e6-sweeping-robot-wholesale\\\/#breadcrumblist\",\"itemListElement\":[{\"@type\":\"ListItem\",\"@id\":\"https:\\\/\\\/www.rucashk.com\\\/pt\\\/#listItem\",\"position\":1,\"name\":\"Home\",\"item\":\"https:\\\/\\\/www.rucashk.com\\\/pt\\\/\",\"nextItem\":\"https:\\\/\\\/www.rucashk.com\\\/pt\\\/produto\\\/irobot-roomba-e6-sweeping-robot-wholesale\\\/#listItem\"},{\"@type\":\"ListItem\",\"@id\":\"https:\\\/\\\/www.rucashk.com\\\/pt\\\/produto\\\/irobot-roomba-e6-sweeping-robot-wholesale\\\/#listItem\",\"position\":2,\"name\":\"iRobot Roomba e6 Sweeping robot Wholesale\",\"previousItem\":\"https:\\\/\\\/www.rucashk.com\\\/pt\\\/#listItem\"}]},{\"@type\":\"Organization\",\"@id\":\"https:\\\/\\\/www.rucashk.com\\\/pt\\\/#organization\",\"name\":\"Rucas\",\"url\":\"https:\\\/\\\/www.rucashk.com\\\/pt\\\/\",\"logo\":{\"@type\":\"ImageObject\",\"url\":\"https:\\\/\\\/www.rucashk.com\\\/wp-content\\\/uploads\\\/2023\\\/12\\\/Rucas_campany_logo.png\",\"@id\":\"https:\\\/\\\/www.rucashk.com\\\/pt\\\/produto\\\/irobot-roomba-e6-sweeping-robot-wholesale\\\/#organizationLogo\",\"width\":221,\"height\":65},\"image\":{\"@id\":\"https:\\\/\\\/www.rucashk.com\\\/pt\\\/#organizationLogo\"}},{\"@type\":\"Person\",\"@id\":\"https:\\\/\\\/www.rucashk.com\\\/pt\\\/author\\\/admin\\\/#author\",\"url\":\"https:\\\/\\\/www.rucashk.com\\\/pt\\\/author\\\/admin\\\/\",\"name\":\"admin\",\"image\":{\"@type\":\"ImageObject\",\"@id\":\"https:\\\/\\\/www.rucashk.com\\\/pt\\\/produto\\\/irobot-roomba-e6-sweeping-robot-wholesale\\\/#authorImage\",\"url\":\"https:\\\/\\\/secure.gravatar.com\\\/avatar\\\/b7c8925b09a27e72b30232f8ecaadbd5af0f70a38c78096863fe51b64f031c24?s=96&d=mm&r=g\",\"width\":96,\"height\":96,\"caption\":\"admin\"}},{\"@type\":\"WebPage\",\"@id\":\"https:\\\/\\\/www.rucashk.com\\\/pt\\\/produto\\\/irobot-roomba-e6-sweeping-robot-wholesale\\\/#webpage\",\"url\":\"https:\\\/\\\/www.rucashk.com\\\/pt\\\/produto\\\/irobot-roomba-e6-sweeping-robot-wholesale\\\/\",\"name\":\"iRobot Roomba e6 Sweeping robot Wholesale - Rucas - Wholesale and Distribution\",\"description\":\"Feature\\uff1a Cleans all floor types 5x the suction Ideal for homes with pets Intelligently navigates your home Enhanced technology to outsmart dirt Sweeps away debris hiding along walls Clean and schedule on-the-go Enjoy hands-free control Rinse away dirt and debris\",\"inLanguage\":\"pt-PT\",\"isPartOf\":{\"@id\":\"https:\\\/\\\/www.rucashk.com\\\/pt\\\/#website\"},\"breadcrumb\":{\"@id\":\"https:\\\/\\\/www.rucashk.com\\\/pt\\\/produto\\\/irobot-roomba-e6-sweeping-robot-wholesale\\\/#breadcrumblist\"},\"author\":{\"@id\":\"https:\\\/\\\/www.rucashk.com\\\/pt\\\/author\\\/admin\\\/#author\"},\"creator\":{\"@id\":\"https:\\\/\\\/www.rucashk.com\\\/pt\\\/author\\\/admin\\\/#author\"},\"image\":{\"@type\":\"ImageObject\",\"url\":\"https:\\\/\\\/www.rucashk.com\\\/wp-content\\\/uploads\\\/2024\\\/01\\\/iRobot-Roomba-e6.jpg\",\"@id\":\"https:\\\/\\\/www.rucashk.com\\\/pt\\\/produto\\\/irobot-roomba-e6-sweeping-robot-wholesale\\\/#mainImage\",\"width\":800,\"height\":800},\"primaryImageOfPage\":{\"@id\":\"https:\\\/\\\/www.rucashk.com\\\/pt\\\/produto\\\/irobot-roomba-e6-sweeping-robot-wholesale\\\/#mainImage\"},\"datePublished\":\"2024-01-09T16:03:53+00:00\",\"dateModified\":\"2024-03-12T07:38:30+00:00\"},{\"@type\":\"WebSite\",\"@id\":\"https:\\\/\\\/www.rucashk.com\\\/pt\\\/#website\",\"url\":\"https:\\\/\\\/www.rucashk.com\\\/pt\\\/\",\"name\":\"Rucas - Wholesale and distribution worldwide\",\"alternateName\":\"Rucas - One-stop AIoT Distribution Worldwide\",\"description\":\"One-stop AIoT Distribution Worldwide\",\"inLanguage\":\"pt-PT\",\"publisher\":{\"@id\":\"https:\\\/\\\/www.rucashk.com\\\/pt\\\/#organization\"}}]}\n\t\t<\/script>\n\t\t<!-- All in One SEO Pro -->\r\n\t\t<title>iRobot Roomba e6 Sweeping robot Wholesale - Rucas - Wholesale and Distribution<\/title>\n\n","aioseo_head_json":{"title":"iRobot Roomba e6 Sweeping robot Wholesale - Rucas - Wholesale and Distribution","description":"Feature\uff1a Cleans all floor types 5x the suction Ideal for homes with pets Intelligently navigates your home Enhanced technology to outsmart dirt Sweeps away debris hiding along walls Clean and schedule on-the-go Enjoy hands-free control Rinse away dirt and debris","canonical_url":"https:\/\/www.rucashk.com\/pt\/produto\/irobot-roomba-e6-sweeping-robot-wholesale\/","robots":"max-image-preview:large","keywords":"","webmasterTools":{"miscellaneous":""},"og:locale":"pt_PT","og:site_name":"Rucas - One-stop AIoT Distribution Worldwide","og:type":"article","og:title":"iRobot Roomba e6 Sweeping robot Wholesale - Rucas - Wholesale and Distribution","og:description":"Feature\uff1a Cleans all floor types 5x the suction Ideal for homes with pets Intelligently navigates your home Enhanced technology to outsmart dirt Sweeps away debris hiding along walls Clean and schedule on-the-go Enjoy hands-free control Rinse away dirt and debris","og:url":"https:\/\/www.rucashk.com\/pt\/produto\/irobot-roomba-e6-sweeping-robot-wholesale\/","og:image":"https:\/\/www.rucashk.com\/wp-content\/uploads\/replace\/503b8e645f128a97ccde2b6290747646.jpeg","og:image:secure_url":"https:\/\/www.rucashk.com\/wp-content\/uploads\/replace\/503b8e645f128a97ccde2b6290747646.jpeg","og:image:width":1456,"og:image:height":816,"article:published_time":"2024-01-09T16:03:53+00:00","article:modified_time":"2024-03-12T07:38:30+00:00","twitter:card":"summary_large_image","twitter:title":"iRobot Roomba e6 Sweeping robot Wholesale - Rucas - Wholesale and Distribution","twitter:description":"Feature\uff1a Cleans all floor types 5x the suction Ideal for homes with pets Intelligently navigates your home Enhanced technology to outsmart dirt Sweeps away debris hiding along walls Clean and schedule on-the-go Enjoy hands-free control Rinse away dirt and debris","twitter:image":"https:\/\/www.rucashk.com\/wp-content\/uploads\/replace\/503b8e645f128a97ccde2b6290747646.jpeg","schema":{"@context":"https:\/\/schema.org","@graph":[{"@type":"BreadcrumbList","@id":"https:\/\/www.rucashk.com\/pt\/produto\/irobot-roomba-e6-sweeping-robot-wholesale\/#breadcrumblist","itemListElement":[{"@type":"ListItem","@id":"https:\/\/www.rucashk.com\/pt\/#listItem","position":1,"name":"Home","item":"https:\/\/www.rucashk.com\/pt\/","nextItem":"https:\/\/www.rucashk.com\/pt\/produto\/irobot-roomba-e6-sweeping-robot-wholesale\/#listItem"},{"@type":"ListItem","@id":"https:\/\/www.rucashk.com\/pt\/produto\/irobot-roomba-e6-sweeping-robot-wholesale\/#listItem","position":2,"name":"iRobot Roomba e6 Sweeping robot Wholesale","previousItem":"https:\/\/www.rucashk.com\/pt\/#listItem"}]},{"@type":"Organization","@id":"https:\/\/www.rucashk.com\/pt\/#organization","name":"Rucas","url":"https:\/\/www.rucashk.com\/pt\/","logo":{"@type":"ImageObject","url":"https:\/\/www.rucashk.com\/wp-content\/uploads\/2023\/12\/Rucas_campany_logo.png","@id":"https:\/\/www.rucashk.com\/pt\/produto\/irobot-roomba-e6-sweeping-robot-wholesale\/#organizationLogo","width":221,"height":65},"image":{"@id":"https:\/\/www.rucashk.com\/pt\/#organizationLogo"}},{"@type":"Person","@id":"https:\/\/www.rucashk.com\/pt\/author\/admin\/#author","url":"https:\/\/www.rucashk.com\/pt\/author\/admin\/","name":"admin","image":{"@type":"ImageObject","@id":"https:\/\/www.rucashk.com\/pt\/produto\/irobot-roomba-e6-sweeping-robot-wholesale\/#authorImage","url":"https:\/\/secure.gravatar.com\/avatar\/b7c8925b09a27e72b30232f8ecaadbd5af0f70a38c78096863fe51b64f031c24?s=96&d=mm&r=g","width":96,"height":96,"caption":"admin"}},{"@type":"WebPage","@id":"https:\/\/www.rucashk.com\/pt\/produto\/irobot-roomba-e6-sweeping-robot-wholesale\/#webpage","url":"https:\/\/www.rucashk.com\/pt\/produto\/irobot-roomba-e6-sweeping-robot-wholesale\/","name":"iRobot Roomba e6 Sweeping robot Wholesale - Rucas - Wholesale and Distribution","description":"Feature\uff1a Cleans all floor types 5x the suction Ideal for homes with pets Intelligently navigates your home Enhanced technology to outsmart dirt Sweeps away debris hiding along walls Clean and schedule on-the-go Enjoy hands-free control Rinse away dirt and debris","inLanguage":"pt-PT","isPartOf":{"@id":"https:\/\/www.rucashk.com\/pt\/#website"},"breadcrumb":{"@id":"https:\/\/www.rucashk.com\/pt\/produto\/irobot-roomba-e6-sweeping-robot-wholesale\/#breadcrumblist"},"author":{"@id":"https:\/\/www.rucashk.com\/pt\/author\/admin\/#author"},"creator":{"@id":"https:\/\/www.rucashk.com\/pt\/author\/admin\/#author"},"image":{"@type":"ImageObject","url":"https:\/\/www.rucashk.com\/wp-content\/uploads\/2024\/01\/iRobot-Roomba-e6.jpg","@id":"https:\/\/www.rucashk.com\/pt\/produto\/irobot-roomba-e6-sweeping-robot-wholesale\/#mainImage","width":800,"height":800},"primaryImageOfPage":{"@id":"https:\/\/www.rucashk.com\/pt\/produto\/irobot-roomba-e6-sweeping-robot-wholesale\/#mainImage"},"datePublished":"2024-01-09T16:03:53+00:00","dateModified":"2024-03-12T07:38:30+00:00"},{"@type":"WebSite","@id":"https:\/\/www.rucashk.com\/pt\/#website","url":"https:\/\/www.rucashk.com\/pt\/","name":"Rucas - Wholesale and distribution worldwide","alternateName":"Rucas - One-stop AIoT Distribution Worldwide","description":"One-stop AIoT Distribution Worldwide","inLanguage":"pt-PT","publisher":{"@id":"https:\/\/www.rucashk.com\/pt\/#organization"}}]}},"aioseo_meta_data":{"post_id":"24369","title":null,"description":null,"keywords":null,"keyphrases":null,"primary_term":null,"canonical_url":null,"og_title":null,"og_description":null,"og_object_type":"default","og_image_type":"default","og_image_url":null,"og_image_width":null,"og_image_height":null,"og_image_custom_url":null,"og_image_custom_fields":null,"og_video":null,"og_custom_url":null,"og_article_section":null,"og_article_tags":null,"twitter_use_og":false,"twitter_card":"default","twitter_image_type":"default","twitter_image_url":null,"twitter_image_custom_url":null,"twitter_image_custom_fields":null,"twitter_title":null,"twitter_description":null,"schema":{"blockGraphs":[],"customGraphs":[],"default":{"data":{"Article":[],"Course":[],"Dataset":[],"FAQPage":[],"Movie":[],"Person":[],"Product":[],"Recipe":[],"Service":[],"SoftwareApplication":[],"WebPage":[]},"graphName":"","isEnabled":true},"graphs":[]},"schema_type":"default","schema_type_options":null,"pillar_content":false,"robots_default":true,"robots_noindex":false,"robots_noarchive":false,"robots_nosnippet":false,"robots_nofollow":false,"robots_noimageindex":false,"robots_noodp":false,"robots_notranslate":false,"robots_max_snippet":null,"robots_max_videopreview":null,"robots_max_imagepreview":"large","priority":null,"frequency":null,"local_seo":null,"breadcrumb_settings":null,"limit_modified_date":false,"created":"2024-04-11 01:57:11","updated":"2025-06-22 17:29:55"},"aioseo_breadcrumb":"<div class=\"aioseo-breadcrumbs\"><span class=\"aioseo-breadcrumb\">\n\t<a href=\"https:\/\/www.rucashk.com\/pt\" title=\"Home\">Home<\/a>\n<\/span><span class=\"aioseo-breadcrumb-separator\">&raquo;<\/span><span class=\"aioseo-breadcrumb\">\n\t<a href=\"https:\/\/www.rucashk.com\/pt\/products\/\" title=\"Produtos\">Produtos<\/a>\n<\/span><span class=\"aioseo-breadcrumb-separator\">&raquo;<\/span><span class=\"aioseo-breadcrumb\">\n\t<a href=\"https:\/\/www.rucashk.com\/pt\/categoria-produto\/other-a-brands\/\" title=\"Other A-Brands\">Other A-Brands<\/a>\n<\/span><span class=\"aioseo-breadcrumb-separator\">&raquo;<\/span><span class=\"aioseo-breadcrumb\">\n\tiRobot Roomba e6 Sweeping robot Wholesale\n<\/span><\/div>","aioseo_breadcrumb_json":[{"label":"Home","link":"https:\/\/www.rucashk.com\/pt"},{"label":"Produtos","link":"https:\/\/www.rucashk.com\/pt\/products\/"},{"label":"Other A-Brands","link":"https:\/\/www.rucashk.com\/pt\/categoria-produto\/other-a-brands\/"},{"label":"iRobot Roomba e6 Sweeping robot Wholesale","link":"https:\/\/www.rucashk.com\/pt\/produto\/irobot-roomba-e6-sweeping-robot-wholesale\/"}],"_links":{"self":[{"href":"https:\/\/www.rucashk.com\/pt\/wp-json\/wp\/v2\/product\/24369","targetHints":{"allow":["GET"]}}],"collection":[{"href":"https:\/\/www.rucashk.com\/pt\/wp-json\/wp\/v2\/product"}],"about":[{"href":"https:\/\/www.rucashk.com\/pt\/wp-json\/wp\/v2\/types\/product"}],"wp:featuredmedia":[{"embeddable":true,"href":"https:\/\/www.rucashk.com\/pt\/wp-json\/wp\/v2\/media\/24504"}],"wp:attachment":[{"href":"https:\/\/www.rucashk.com\/pt\/wp-json\/wp\/v2\/media?parent=24369"}],"wp:term":[{"taxonomy":"product_brand","embeddable":true,"href":"https:\/\/www.rucashk.com\/pt\/wp-json\/wp\/v2\/product_brand?post=24369"},{"taxonomy":"product_cat","embeddable":true,"href":"https:\/\/www.rucashk.com\/pt\/wp-json\/wp\/v2\/product_cat?post=24369"},{"taxonomy":"product_tag","embeddable":true,"href":"https:\/\/www.rucashk.com\/pt\/wp-json\/wp\/v2\/product_tag?post=24369"}],"curies":[{"name":"wp","href":"https:\/\/api.w.org\/{rel}","templated":true}]}}