{"id":24364,"date":"2024-01-09T16:03:52","date_gmt":"2024-01-09T16:03:52","guid":{"rendered":"http:\/\/rucashk.com\/?post_type=product&#038;p=24364"},"modified":"2024-03-12T07:39:03","modified_gmt":"2024-03-12T07:39:03","slug":"irobot-roomba-960-sweeping-robot-wholesale","status":"publish","type":"product","link":"https:\/\/www.rucashk.com\/pt\/produto\/irobot-roomba-960-sweeping-robot-wholesale\/","title":{"rendered":"Rob\u00f4 de varredura iRobot Roomba 960 no atacado"},"content":{"rendered":"<p><img fetchpriority=\"high\" decoding=\"async\" class=\"aligncenter wp-image-20498 size-full\" src=\"\/wp-content\/uploads\/replace\/9a0a0fc517ad62502f3db76766367660.jpeg\" alt=\"iRobot Roomba 960 Sweeping Robot\" width=\"1420\" height=\"455\" \/><\/p>\n<div class=\"celwidget aplus-module premium-module-13-carousel\" data-csa-c-id=\"js2xa4-ozzp2g-giocpb-r1277n\" data-cel-widget=\"aplus-premium-module-13-carousel\">\n<div class=\"a-section a-spacing-none premium-aplus premium-aplus-module-13\">\n<div class=\"a-section a-spacing-none aplus-carousel-container\">\n<div id=\"premium-aplus-13-carousel-2-id\" class=\"a-begin a-carousel-container a-carousel-display-single a-carousel-transition-slideCircular a-carousel-initialized\" data-a-carousel-options=\"{&quot;peek_percentage&quot;:0,&quot;minimum_gutter_width&quot;:0,&quot;show_partial_next&quot;:false,&quot;name&quot;:&quot;premium-aplus-13-carousel-2&quot;}\" data-a-display-strategy=\"single\" data-a-transition-strategy=\"slideCircular\">\n<div class=\"a-row a-carousel-controls a-carousel-row a-carousel-has-buttons a-carousel-overlay-buttons a-carousel-rounded-buttons\">\n<div class=\"a-carousel-row-inner\">\n<div class=\"a-carousel-col a-carousel-center\">\n<div id=\"anonCarousel3\" class=\"a-carousel-viewport\">\n<div class=\"a-section a-spacing-none aplus-card-image\"><img decoding=\"async\" class=\"aligncenter\" src=\"\/wp-content\/uploads\/replace\/8c0c23667e6435057b37d838e2e45514.jpeg\" alt=\"iRobot Roomba 960 Sweeping Robot\" width=\"1464\" height=\"600\" \/><\/div>\n<div class=\"a-section a-spacing-none aplus-card-image\"><img decoding=\"async\" class=\"aligncenter\" src=\"\/wp-content\/uploads\/replace\/f91f51848f82dcdb0f81d1b4440234ad.jpeg\" alt=\"iRobot Roomba 960 Sweeping Robot\" width=\"1464\" height=\"600\" \/><\/div>\n<div class=\"a-section a-spacing-none aplus-card-image\"><img loading=\"lazy\" decoding=\"async\" class=\"aligncenter\" src=\"\/wp-content\/uploads\/replace\/f4f1af2ba5503d468b2091a19c633782.jpeg\" alt=\"iRobot Roomba 960 Sweeping Robot\" width=\"1464\" height=\"600\" \/><img loading=\"lazy\" decoding=\"async\" class=\"aligncenter\" src=\"\/wp-content\/uploads\/replace\/5404aa6ec9e7f2668fdf16268014784f.jpeg\" alt=\"iRobot Roomba 960 Sweeping Robot\" width=\"1464\" height=\"600\" \/><img loading=\"lazy\" decoding=\"async\" class=\"aligncenter\" src=\"\/wp-content\/uploads\/replace\/0bd88dec6cadd2d61b30a1f8a0d45468.jpeg\" alt=\"iRobot Roomba 960 Sweeping Robot\" width=\"1464\" height=\"600\" \/><\/div>\n<\/div>\n<\/div>\n<\/div>\n<\/div>\n<\/div>\n<\/div>\n<\/div>\n<\/div>\n<div class=\"celwidget aplus-module premium-module-10-hotspot-plain-image\" data-csa-c-id=\"79b7hn-ggenih-w7bmfq-loq0ou\" data-cel-widget=\"aplus-premium-module-10-hotspot-plain-image\">\n<div class=\"a-section a-spacing-none premium-aplus premium-aplus-module-10\">\n<p><img loading=\"lazy\" decoding=\"async\" class=\"aligncenter\" src=\"\/wp-content\/uploads\/replace\/8a1dfe7d0b14aa41adbf0947ff718f26.jpeg\" alt=\"iRobot Roomba 960 Sweeping Robot\" width=\"1464\" height=\"600\" data-src=\"\/wp-content\/uploads\/replace\/8a1dfe7d0b14aa41adbf0947ff718f26.jpeg\" \/><\/p>\n<\/div>\n<\/div>\n<div class=\"celwidget aplus-module premium-module-2-fullbackground-image\" data-csa-c-id=\"wcfu4o-6xi94u-nitpqm-s8bc1a\" data-cel-widget=\"aplus-premium-module-2-fullbackground-image\">\n<div class=\"a-section a-spacing-none premium-aplus premium-aplus-module-2\">\n<div class=\"a-section a-spacing-none premium-background-wrapper\">\n<div class=\"a-section a-spacing-none background-image\" role=\"img\">\n<p><img loading=\"lazy\" decoding=\"async\" class=\"aligncenter\" src=\"\/wp-content\/uploads\/replace\/39bde11e642cdcb312b717f5d7e23bce.jpeg\" alt=\"iRobot Roomba 960 Sweeping Robot\" width=\"1464\" height=\"600\" data-src=\"\/wp-content\/uploads\/replace\/39bde11e642cdcb312b717f5d7e23bce.jpeg\" \/><\/p>\n<div id=\"dpx-product-description_feature_div\">\n<div id=\"descriptionAndDetails\" class=\"a-section a-spacing-extra-large\">\n<div id=\"productDescription_feature_div\" class=\"celwidget\" data-feature-name=\"productDescription\" data-csa-c-id=\"61b91x-sdpl6e-60brny-4oncg5\" data-cel-widget=\"productDescription_feature_div\">\n<div id=\"productDescription_feature_div\" class=\"a-row feature\" data-feature-name=\"productDescription\" data-template-name=\"productDescription\" data-cel-widget=\"productDescription_feature_div\">\n<h2 class=\"default\">Descri\u00e7\u00e3o do produto<\/h2>\n<div id=\"productDescription\" class=\"a-section a-spacing-small\">\n<div class=\"disclaim\">Nome do estilo:<strong>Roomba 960<\/strong><\/div>\n<p>O rob\u00f4 aspirador Roomba 960 navega perfeitamente de sala em sala para limpar um n\u00edvel inteiro da sua casa, recarregando e reiniciando at\u00e9 que o trabalho seja conclu\u00eddo. O Roomba 960 solta, levanta e aspira a sujidade com at\u00e9 5x mais pot\u00eancia de ar e requer menos manuten\u00e7\u00e3o. Basta pressionar CLEAN ou agendar o Roomba em qualquer lugar com o aplicativo iRobot HOME.<\/p>\n<\/div>\n<\/div>\n<\/div>\n<\/div>\n<\/div>\n<div id=\"dpx-btf-renewed-program-description_feature_div\">\n<div id=\"renewedProgramDescriptionBtf_feature_div\" class=\"celwidget\" data-feature-name=\"renewedProgramDescriptionBtf\" data-csa-c-id=\"wa4xhq-pwwkur-tf5uv9-kivjzy\" data-cel-widget=\"renewedProgramDescriptionBtf_feature_div\"><\/div>\n<\/div>\n<div id=\"product-details-grid_feature_div\">\n<div id=\"product-details-grid_feature_div\">\n<div id=\"product-details-grid_feature_div\">\n<div id=\"productDetails_feature_div\" class=\"celwidget\" data-feature-name=\"productDetails\" data-csa-c-id=\"q7dj2q-3uuru4-c7y1vm-8m6qv8\" data-cel-widget=\"productDetails_feature_div\">\n<h2><strong>Informa\u00e7\u00e3o do produto<\/strong><\/h2>\n<p>Nome do estilo:<strong>Roomba 960<\/strong><\/p>\n<table width=\"0\">\n<tbody>\n<tr>\n<td width=\"352\">Dimens\u00f5es do produto<\/td>\n<td>13,8 x 13,8 x 3,6 polegadas<\/td>\n<\/tr>\n<tr>\n<td width=\"352\">Peso do Item<\/td>\n<td>8,6 libras<\/td>\n<\/tr>\n<tr>\n<td width=\"352\">Fabricante<\/td>\n<td>eu Rob\u00f4<\/td>\n<\/tr>\n<tr>\n<td width=\"352\">COMO EM<\/td>\n<td>B01ID8H6NO<\/td>\n<\/tr>\n<tr>\n<td width=\"352\">N\u00famero do modelo do item<\/td>\n<td>960<\/td>\n<\/tr>\n<tr>\n<td width=\"352\">Baterias<\/td>\n<td>S\u00e3o necess\u00e1rias 1 baterias de l\u00edtio met\u00e1lico. (inclu\u00eddo)<\/td>\n<\/tr>\n<tr>\n<td width=\"352\">Foi descontinuado pelo fabricante<\/td>\n<td>N\u00e3o<\/td>\n<\/tr>\n<tr>\n<td width=\"352\">Peso do Item<\/td>\n<td>8,6 libras<\/td>\n<\/tr>\n<tr>\n<td width=\"352\">Baterias necess\u00e1rias<\/td>\n<td>Sim<\/td>\n<\/tr>\n<tr>\n<td width=\"352\">Componentes inclu\u00eddos<\/td>\n<td>1 barreira Virtual Wall\u00ae de modo duplo \u2013 1 filtro extra AeroForce\u00ae de alta efici\u00eancia \u2013 1 escova lateral extra \u2013 1 esta\u00e7\u00e3o de carregamento Home Base\u00ae \u2013 1 cabo de linha \u2013 Guia do propriet\u00e1rio \u2013 Pacote de documenta\u00e7\u00e3o<\/td>\n<\/tr>\n<\/tbody>\n<\/table>\n<h2>Principais caracter\u00edsticas<\/h2>\n<ul class=\"a-unordered-list a-vertical a-spacing-mini\">\n<li><span class=\"a-list-item\">A suc\u00e7\u00e3o Power-Lifting fornece 5X a pot\u00eancia do ar para melhorar o desempenho de capta\u00e7\u00e3o. (Comparado ao Roomba S\u00e9rie 600)<\/span><\/li>\n<li><span class=\"a-list-item\">Mapeia e limpa de forma inteligente um n\u00edvel inteiro da sua casa. A tecnologia patenteada iAdapt 2.0 com navega\u00e7\u00e3o vSLAM captura ativamente milhares de medi\u00e7\u00f5es precisas a cada milissegundo para otimizar a cobertura.<\/span><\/li>\n<li><span class=\"a-list-item\">Ideal para casas com animais de estima\u00e7\u00e3o. O sistema de limpeza premium de 3 est\u00e1gios limpa a sujeira e os pelos de animais de estima\u00e7\u00e3o que voc\u00ea v\u00ea e os al\u00e9rgenos e poeira que voc\u00ea n\u00e3o v\u00ea.<\/span><\/li>\n<li><span class=\"a-list-item\">Escovas duplas exclusivas de borracha multi-superf\u00edcies ajustam-se e flexionam-se para permanecer em contato constante com carpetes e pisos duros.<\/span><\/li>\n<li><span class=\"a-list-item\">O filtro de alta efici\u00eancia captura 99% de todos os al\u00e9rgenos, p\u00f3len e part\u00edculas t\u00e3o pequenas quanto 10 m\u00edcrons.<\/span><\/li>\n<li><span class=\"a-list-item\">Recarrega automaticamente conforme necess\u00e1rio e depois continua a limpeza \u2013 at\u00e9 que o trabalho esteja conclu\u00eddo.<\/span><\/li>\n<li><span class=\"a-list-item\">Personalize e controle como voc\u00ea limpa com o aplicativo iRobot Home, Alexa ou Google Assistant.<\/span><\/li>\n<\/ul>\n<div class=\"a-row a-expander-container a-expander-inline-container\">\n<div class=\"a-expander-content a-expander-extend-content a-expander-content-expanded\">\n<ul class=\"a-unordered-list a-vertical a-spacing-none\">\n<li><span class=\"a-list-item\">Apresentando os itens essenciais do Roomba: conex\u00e3o Wi-Fi, navega\u00e7\u00e3o inteligente, tecnologia patenteada de detec\u00e7\u00e3o de sujeira, escova para varrer bordas, cabe\u00e7a de limpeza com ajuste autom\u00e1tico, funciona em carpetes e pisos duros<\/span><\/li>\n<li><span class=\"a-list-item\">Conte\u00fado da caixa: 1 aspirador rob\u00f4 Roomba 960 conectado por wi-fi, 1 esta\u00e7\u00e3o de carregamento de base dom\u00e9stica, 1 cabo de linha norte-americano, 1 filtro extra de alta efici\u00eancia Aeroforce, 1 escova lateral extra, 1 barreira de parede virtual de modo duplo (2 pilhas AA inclu\u00eddas) , guia do propriet\u00e1rio, pacote de documenta\u00e7\u00e3o.<\/span><\/li>\n<\/ul>\n<\/div>\n<\/div>\n<\/div>\n<\/div>\n<\/div>\n<\/div>\n<\/div>\n<\/div>\n<\/div>\n<\/div>","protected":false},"excerpt":{"rendered":"<p><strong>Recurso:<\/strong><\/p>\n<ul>\n<li>Cobertura de v\u00e1rios ambientes<\/li>\n<li>Escovas de borracha multi-superf\u00edcies<\/li>\n<li>Ideal para casas com animais de estima\u00e7\u00e3o<\/li>\n<li>Dupla dinamica<\/li>\n<\/ul>","protected":false},"featured_media":24473,"template":"","meta":[],"product_brand":[],"product_cat":[1322],"product_tag":[1067],"class_list":{"0":"post-24364","1":"product","2":"type-product","3":"status-publish","4":"has-post-thumbnail","6":"product_cat-other-a-brands","7":"product_tag-irobot-roomba-960","9":"first","10":"instock","11":"shipping-taxable","12":"product-type-external"},"aioseo_notices":[],"aioseo_head":"\n\t\t<!-- All in One SEO Pro 4.5.9.2 - aioseo.com -->\n\t\t<meta name=\"description\" content=\"Feature\uff1a Multi-room coverage Multi-Surface Rubber Brushes Ideal for homes with pets Dynamic duo\" \/>\n\t\t<meta name=\"robots\" content=\"max-image-preview:large\" \/>\n\t\t<link rel=\"canonical\" href=\"https:\/\/www.rucashk.com\/pt\/produto\/irobot-roomba-960-sweeping-robot-wholesale\/\" \/>\n\t\t<meta name=\"generator\" content=\"All in One SEO Pro (AIOSEO) 4.5.9.2\" \/>\n\t\t<meta property=\"og:locale\" content=\"pt_PT\" \/>\n\t\t<meta property=\"og:site_name\" content=\"Rucas - One-stop AIoT Distribution Worldwide\" \/>\n\t\t<meta property=\"og:type\" content=\"article\" \/>\n\t\t<meta property=\"og:title\" content=\"iRobot Roomba 960 Sweeping Robot Wholesale - Rucas - Wholesale and Distribution\" \/>\n\t\t<meta property=\"og:description\" content=\"Feature\uff1a Multi-room coverage Multi-Surface Rubber Brushes Ideal for homes with pets Dynamic duo\" \/>\n\t\t<meta property=\"og:url\" content=\"https:\/\/www.rucashk.com\/pt\/produto\/irobot-roomba-960-sweeping-robot-wholesale\/\" \/>\n\t\t<meta property=\"og:image\" content=\"https:\/\/www.rucashk.com\/wp-content\/uploads\/replace\/503b8e645f128a97ccde2b6290747646.jpeg\" \/>\n\t\t<meta property=\"og:image:secure_url\" content=\"https:\/\/www.rucashk.com\/wp-content\/uploads\/replace\/503b8e645f128a97ccde2b6290747646.jpeg\" \/>\n\t\t<meta property=\"og:image:width\" content=\"1456\" \/>\n\t\t<meta property=\"og:image:height\" content=\"816\" \/>\n\t\t<meta property=\"article:published_time\" content=\"2024-01-09T16:03:52+00:00\" \/>\n\t\t<meta property=\"article:modified_time\" content=\"2024-03-12T07:39:03+00:00\" \/>\n\t\t<meta name=\"twitter:card\" content=\"summary_large_image\" \/>\n\t\t<meta name=\"twitter:title\" content=\"iRobot Roomba 960 Sweeping Robot Wholesale - Rucas - Wholesale and Distribution\" \/>\n\t\t<meta name=\"twitter:description\" content=\"Feature\uff1a Multi-room coverage Multi-Surface Rubber Brushes Ideal for homes with pets Dynamic duo\" \/>\n\t\t<meta name=\"twitter:image\" content=\"https:\/\/www.rucashk.com\/wp-content\/uploads\/replace\/503b8e645f128a97ccde2b6290747646.jpeg\" \/>\n\t\t<script type=\"application\/ld+json\" class=\"aioseo-schema\">\n\t\t\t{\"@context\":\"https:\\\/\\\/schema.org\",\"@graph\":[{\"@type\":\"BreadcrumbList\",\"@id\":\"https:\\\/\\\/www.rucashk.com\\\/pt\\\/produto\\\/irobot-roomba-960-sweeping-robot-wholesale\\\/#breadcrumblist\",\"itemListElement\":[{\"@type\":\"ListItem\",\"@id\":\"https:\\\/\\\/www.rucashk.com\\\/pt\\\/#listItem\",\"position\":1,\"name\":\"Home\",\"item\":\"https:\\\/\\\/www.rucashk.com\\\/pt\\\/\",\"nextItem\":\"https:\\\/\\\/www.rucashk.com\\\/pt\\\/produto\\\/irobot-roomba-960-sweeping-robot-wholesale\\\/#listItem\"},{\"@type\":\"ListItem\",\"@id\":\"https:\\\/\\\/www.rucashk.com\\\/pt\\\/produto\\\/irobot-roomba-960-sweeping-robot-wholesale\\\/#listItem\",\"position\":2,\"name\":\"iRobot Roomba 960 Sweeping Robot Wholesale\",\"previousItem\":\"https:\\\/\\\/www.rucashk.com\\\/pt\\\/#listItem\"}]},{\"@type\":\"Organization\",\"@id\":\"https:\\\/\\\/www.rucashk.com\\\/pt\\\/#organization\",\"name\":\"Rucas\",\"url\":\"https:\\\/\\\/www.rucashk.com\\\/pt\\\/\",\"logo\":{\"@type\":\"ImageObject\",\"url\":\"https:\\\/\\\/www.rucashk.com\\\/wp-content\\\/uploads\\\/2023\\\/12\\\/Rucas_campany_logo.png\",\"@id\":\"https:\\\/\\\/www.rucashk.com\\\/pt\\\/produto\\\/irobot-roomba-960-sweeping-robot-wholesale\\\/#organizationLogo\",\"width\":221,\"height\":65},\"image\":{\"@id\":\"https:\\\/\\\/www.rucashk.com\\\/pt\\\/#organizationLogo\"}},{\"@type\":\"Person\",\"@id\":\"https:\\\/\\\/www.rucashk.com\\\/pt\\\/author\\\/admin\\\/#author\",\"url\":\"https:\\\/\\\/www.rucashk.com\\\/pt\\\/author\\\/admin\\\/\",\"name\":\"admin\",\"image\":{\"@type\":\"ImageObject\",\"@id\":\"https:\\\/\\\/www.rucashk.com\\\/pt\\\/produto\\\/irobot-roomba-960-sweeping-robot-wholesale\\\/#authorImage\",\"url\":\"https:\\\/\\\/secure.gravatar.com\\\/avatar\\\/b7c8925b09a27e72b30232f8ecaadbd5af0f70a38c78096863fe51b64f031c24?s=96&d=mm&r=g\",\"width\":96,\"height\":96,\"caption\":\"admin\"}},{\"@type\":\"WebPage\",\"@id\":\"https:\\\/\\\/www.rucashk.com\\\/pt\\\/produto\\\/irobot-roomba-960-sweeping-robot-wholesale\\\/#webpage\",\"url\":\"https:\\\/\\\/www.rucashk.com\\\/pt\\\/produto\\\/irobot-roomba-960-sweeping-robot-wholesale\\\/\",\"name\":\"iRobot Roomba 960 Sweeping Robot Wholesale - Rucas - Wholesale and Distribution\",\"description\":\"Feature\\uff1a Multi-room coverage Multi-Surface Rubber Brushes Ideal for homes with pets Dynamic duo\",\"inLanguage\":\"pt-PT\",\"isPartOf\":{\"@id\":\"https:\\\/\\\/www.rucashk.com\\\/pt\\\/#website\"},\"breadcrumb\":{\"@id\":\"https:\\\/\\\/www.rucashk.com\\\/pt\\\/produto\\\/irobot-roomba-960-sweeping-robot-wholesale\\\/#breadcrumblist\"},\"author\":{\"@id\":\"https:\\\/\\\/www.rucashk.com\\\/pt\\\/author\\\/admin\\\/#author\"},\"creator\":{\"@id\":\"https:\\\/\\\/www.rucashk.com\\\/pt\\\/author\\\/admin\\\/#author\"},\"image\":{\"@type\":\"ImageObject\",\"url\":\"https:\\\/\\\/www.rucashk.com\\\/wp-content\\\/uploads\\\/2024\\\/01\\\/iRobot-Roomba-960.jpg\",\"@id\":\"https:\\\/\\\/www.rucashk.com\\\/pt\\\/produto\\\/irobot-roomba-960-sweeping-robot-wholesale\\\/#mainImage\",\"width\":800,\"height\":800},\"primaryImageOfPage\":{\"@id\":\"https:\\\/\\\/www.rucashk.com\\\/pt\\\/produto\\\/irobot-roomba-960-sweeping-robot-wholesale\\\/#mainImage\"},\"datePublished\":\"2024-01-09T16:03:52+00:00\",\"dateModified\":\"2024-03-12T07:39:03+00:00\"},{\"@type\":\"WebSite\",\"@id\":\"https:\\\/\\\/www.rucashk.com\\\/pt\\\/#website\",\"url\":\"https:\\\/\\\/www.rucashk.com\\\/pt\\\/\",\"name\":\"Rucas - Wholesale and distribution worldwide\",\"alternateName\":\"Rucas - One-stop AIoT Distribution Worldwide\",\"description\":\"One-stop AIoT Distribution Worldwide\",\"inLanguage\":\"pt-PT\",\"publisher\":{\"@id\":\"https:\\\/\\\/www.rucashk.com\\\/pt\\\/#organization\"}}]}\n\t\t<\/script>\n\t\t<!-- All in One SEO Pro -->\r\n\t\t<title>iRobot Roomba 960 Sweeping Robot Wholesale - Rucas - Wholesale and Distribution<\/title>\n\n","aioseo_head_json":{"title":"iRobot Roomba 960 Sweeping Robot Wholesale - Rucas - Wholesale and Distribution","description":"Feature\uff1a Multi-room coverage Multi-Surface Rubber Brushes Ideal for homes with pets Dynamic duo","canonical_url":"https:\/\/www.rucashk.com\/pt\/produto\/irobot-roomba-960-sweeping-robot-wholesale\/","robots":"max-image-preview:large","keywords":"","webmasterTools":{"miscellaneous":""},"og:locale":"pt_PT","og:site_name":"Rucas - One-stop AIoT Distribution Worldwide","og:type":"article","og:title":"iRobot Roomba 960 Sweeping Robot Wholesale - Rucas - Wholesale and Distribution","og:description":"Feature\uff1a Multi-room coverage Multi-Surface Rubber Brushes Ideal for homes with pets Dynamic duo","og:url":"https:\/\/www.rucashk.com\/pt\/produto\/irobot-roomba-960-sweeping-robot-wholesale\/","og:image":"https:\/\/www.rucashk.com\/wp-content\/uploads\/replace\/503b8e645f128a97ccde2b6290747646.jpeg","og:image:secure_url":"https:\/\/www.rucashk.com\/wp-content\/uploads\/replace\/503b8e645f128a97ccde2b6290747646.jpeg","og:image:width":1456,"og:image:height":816,"article:published_time":"2024-01-09T16:03:52+00:00","article:modified_time":"2024-03-12T07:39:03+00:00","twitter:card":"summary_large_image","twitter:title":"iRobot Roomba 960 Sweeping Robot Wholesale - Rucas - Wholesale and Distribution","twitter:description":"Feature\uff1a Multi-room coverage Multi-Surface Rubber Brushes Ideal for homes with pets Dynamic duo","twitter:image":"https:\/\/www.rucashk.com\/wp-content\/uploads\/replace\/503b8e645f128a97ccde2b6290747646.jpeg","schema":{"@context":"https:\/\/schema.org","@graph":[{"@type":"BreadcrumbList","@id":"https:\/\/www.rucashk.com\/pt\/produto\/irobot-roomba-960-sweeping-robot-wholesale\/#breadcrumblist","itemListElement":[{"@type":"ListItem","@id":"https:\/\/www.rucashk.com\/pt\/#listItem","position":1,"name":"Home","item":"https:\/\/www.rucashk.com\/pt\/","nextItem":"https:\/\/www.rucashk.com\/pt\/produto\/irobot-roomba-960-sweeping-robot-wholesale\/#listItem"},{"@type":"ListItem","@id":"https:\/\/www.rucashk.com\/pt\/produto\/irobot-roomba-960-sweeping-robot-wholesale\/#listItem","position":2,"name":"iRobot Roomba 960 Sweeping Robot Wholesale","previousItem":"https:\/\/www.rucashk.com\/pt\/#listItem"}]},{"@type":"Organization","@id":"https:\/\/www.rucashk.com\/pt\/#organization","name":"Rucas","url":"https:\/\/www.rucashk.com\/pt\/","logo":{"@type":"ImageObject","url":"https:\/\/www.rucashk.com\/wp-content\/uploads\/2023\/12\/Rucas_campany_logo.png","@id":"https:\/\/www.rucashk.com\/pt\/produto\/irobot-roomba-960-sweeping-robot-wholesale\/#organizationLogo","width":221,"height":65},"image":{"@id":"https:\/\/www.rucashk.com\/pt\/#organizationLogo"}},{"@type":"Person","@id":"https:\/\/www.rucashk.com\/pt\/author\/admin\/#author","url":"https:\/\/www.rucashk.com\/pt\/author\/admin\/","name":"admin","image":{"@type":"ImageObject","@id":"https:\/\/www.rucashk.com\/pt\/produto\/irobot-roomba-960-sweeping-robot-wholesale\/#authorImage","url":"https:\/\/secure.gravatar.com\/avatar\/b7c8925b09a27e72b30232f8ecaadbd5af0f70a38c78096863fe51b64f031c24?s=96&d=mm&r=g","width":96,"height":96,"caption":"admin"}},{"@type":"WebPage","@id":"https:\/\/www.rucashk.com\/pt\/produto\/irobot-roomba-960-sweeping-robot-wholesale\/#webpage","url":"https:\/\/www.rucashk.com\/pt\/produto\/irobot-roomba-960-sweeping-robot-wholesale\/","name":"iRobot Roomba 960 Sweeping Robot Wholesale - Rucas - Wholesale and Distribution","description":"Feature\uff1a Multi-room coverage Multi-Surface Rubber Brushes Ideal for homes with pets Dynamic duo","inLanguage":"pt-PT","isPartOf":{"@id":"https:\/\/www.rucashk.com\/pt\/#website"},"breadcrumb":{"@id":"https:\/\/www.rucashk.com\/pt\/produto\/irobot-roomba-960-sweeping-robot-wholesale\/#breadcrumblist"},"author":{"@id":"https:\/\/www.rucashk.com\/pt\/author\/admin\/#author"},"creator":{"@id":"https:\/\/www.rucashk.com\/pt\/author\/admin\/#author"},"image":{"@type":"ImageObject","url":"https:\/\/www.rucashk.com\/wp-content\/uploads\/2024\/01\/iRobot-Roomba-960.jpg","@id":"https:\/\/www.rucashk.com\/pt\/produto\/irobot-roomba-960-sweeping-robot-wholesale\/#mainImage","width":800,"height":800},"primaryImageOfPage":{"@id":"https:\/\/www.rucashk.com\/pt\/produto\/irobot-roomba-960-sweeping-robot-wholesale\/#mainImage"},"datePublished":"2024-01-09T16:03:52+00:00","dateModified":"2024-03-12T07:39:03+00:00"},{"@type":"WebSite","@id":"https:\/\/www.rucashk.com\/pt\/#website","url":"https:\/\/www.rucashk.com\/pt\/","name":"Rucas - Wholesale and distribution worldwide","alternateName":"Rucas - One-stop AIoT Distribution Worldwide","description":"One-stop AIoT Distribution Worldwide","inLanguage":"pt-PT","publisher":{"@id":"https:\/\/www.rucashk.com\/pt\/#organization"}}]}},"aioseo_meta_data":{"post_id":"24364","title":null,"description":null,"keywords":null,"keyphrases":null,"primary_term":null,"canonical_url":null,"og_title":null,"og_description":null,"og_object_type":"default","og_image_type":"default","og_image_url":null,"og_image_width":null,"og_image_height":null,"og_image_custom_url":null,"og_image_custom_fields":null,"og_video":null,"og_custom_url":null,"og_article_section":null,"og_article_tags":null,"twitter_use_og":false,"twitter_card":"default","twitter_image_type":"default","twitter_image_url":null,"twitter_image_custom_url":null,"twitter_image_custom_fields":null,"twitter_title":null,"twitter_description":null,"schema":{"blockGraphs":[],"customGraphs":[],"default":{"data":{"Article":[],"Course":[],"Dataset":[],"FAQPage":[],"Movie":[],"Person":[],"Product":[],"Recipe":[],"Service":[],"SoftwareApplication":[],"WebPage":[]},"graphName":"","isEnabled":true},"graphs":[]},"schema_type":"default","schema_type_options":null,"pillar_content":false,"robots_default":true,"robots_noindex":false,"robots_noarchive":false,"robots_nosnippet":false,"robots_nofollow":false,"robots_noimageindex":false,"robots_noodp":false,"robots_notranslate":false,"robots_max_snippet":null,"robots_max_videopreview":null,"robots_max_imagepreview":"large","priority":null,"frequency":null,"local_seo":null,"breadcrumb_settings":null,"limit_modified_date":false,"created":"2024-04-11 01:57:11","updated":"2025-06-22 17:29:53"},"aioseo_breadcrumb":"<div class=\"aioseo-breadcrumbs\"><span class=\"aioseo-breadcrumb\">\n\t<a href=\"https:\/\/www.rucashk.com\/pt\" title=\"Home\">Home<\/a>\n<\/span><span class=\"aioseo-breadcrumb-separator\">&raquo;<\/span><span class=\"aioseo-breadcrumb\">\n\t<a href=\"https:\/\/www.rucashk.com\/pt\/products\/\" title=\"Produtos\">Produtos<\/a>\n<\/span><span class=\"aioseo-breadcrumb-separator\">&raquo;<\/span><span class=\"aioseo-breadcrumb\">\n\t<a href=\"https:\/\/www.rucashk.com\/pt\/categoria-produto\/other-a-brands\/\" title=\"Other A-Brands\">Other A-Brands<\/a>\n<\/span><span class=\"aioseo-breadcrumb-separator\">&raquo;<\/span><span class=\"aioseo-breadcrumb\">\n\tiRobot Roomba 960 Sweeping Robot Wholesale\n<\/span><\/div>","aioseo_breadcrumb_json":[{"label":"Home","link":"https:\/\/www.rucashk.com\/pt"},{"label":"Produtos","link":"https:\/\/www.rucashk.com\/pt\/products\/"},{"label":"Other A-Brands","link":"https:\/\/www.rucashk.com\/pt\/categoria-produto\/other-a-brands\/"},{"label":"iRobot Roomba 960 Sweeping Robot Wholesale","link":"https:\/\/www.rucashk.com\/pt\/produto\/irobot-roomba-960-sweeping-robot-wholesale\/"}],"_links":{"self":[{"href":"https:\/\/www.rucashk.com\/pt\/wp-json\/wp\/v2\/product\/24364","targetHints":{"allow":["GET"]}}],"collection":[{"href":"https:\/\/www.rucashk.com\/pt\/wp-json\/wp\/v2\/product"}],"about":[{"href":"https:\/\/www.rucashk.com\/pt\/wp-json\/wp\/v2\/types\/product"}],"wp:featuredmedia":[{"embeddable":true,"href":"https:\/\/www.rucashk.com\/pt\/wp-json\/wp\/v2\/media\/24473"}],"wp:attachment":[{"href":"https:\/\/www.rucashk.com\/pt\/wp-json\/wp\/v2\/media?parent=24364"}],"wp:term":[{"taxonomy":"product_brand","embeddable":true,"href":"https:\/\/www.rucashk.com\/pt\/wp-json\/wp\/v2\/product_brand?post=24364"},{"taxonomy":"product_cat","embeddable":true,"href":"https:\/\/www.rucashk.com\/pt\/wp-json\/wp\/v2\/product_cat?post=24364"},{"taxonomy":"product_tag","embeddable":true,"href":"https:\/\/www.rucashk.com\/pt\/wp-json\/wp\/v2\/product_tag?post=24364"}],"curies":[{"name":"wp","href":"https:\/\/api.w.org\/{rel}","templated":true}]}}