{"id":24313,"date":"2024-01-09T16:03:28","date_gmt":"2024-01-09T16:03:28","guid":{"rendered":"http:\/\/rucashk.com\/?post_type=product&#038;p=24313"},"modified":"2024-03-13T06:19:37","modified_gmt":"2024-03-13T06:19:37","slug":"dledifier-bluetooth-earphones-w200bt-black-wholesale","status":"publish","type":"product","link":"https:\/\/www.rucashk.com\/pt\/produto\/dledifier-bluetooth-earphones-w200bt-black-wholesale\/","title":{"rendered":"Fones de ouvido Bluetooth DLEDIFIER W200BT pretos atacado"},"content":{"rendered":"<p><img fetchpriority=\"high\" decoding=\"async\" class=\"detail-desc-decorate-image aligncenter\" src=\"\/wp-content\/uploads\/replace\/c9d2815785abb5e92ed3a732c32c0b82.jpeg\" alt=\"DLEDIFIER Bluetooth Earphones W200BT Black\" width=\"790\" height=\"12365\" \/><\/p>","protected":false},"excerpt":{"rendered":"<ul class=\"a-unordered-list a-vertical a-spacing-mini\">\n<li><span class=\"a-list-item\">Chipset Bluetooth 5.0 s\u00e9rie Qualcomm QCC para reprodu\u00e7\u00e3o de \u00e1udio de alta qualidade<\/span><\/li>\n<li><span class=\"a-list-item\">Algoritmo Qualcomm cVcTM 8.0 para melhor redu\u00e7\u00e3o de ru\u00eddo<\/span><\/li>\n<li><span class=\"a-list-item\">Coordena-se com o aplicativo Edifier Connect para oferecer funcionalidade extra ao usu\u00e1rio<\/span><\/li>\n<li><span class=\"a-list-item\">A classifica\u00e7\u00e3o IPX4 garante a prova de respingos e suor garantida pela t\u00e9cnica de nanorrevestimento<\/span><\/li>\n<\/ul>","protected":false},"featured_media":24436,"template":"","meta":[],"product_brand":[],"product_cat":[1322],"product_tag":[1061],"class_list":{"0":"post-24313","1":"product","2":"type-product","3":"status-publish","4":"has-post-thumbnail","6":"product_cat-other-a-brands","7":"product_tag-dledifier-bluetooth-earphones-w200bt-black","9":"first","10":"instock","11":"shipping-taxable","12":"product-type-external"},"aioseo_notices":[],"aioseo_head":"\n\t\t<!-- All in One SEO Pro 4.5.9.2 - aioseo.com -->\n\t\t<meta name=\"description\" content=\"Bluetooth 5.0 chipset Qualcomm QCC series for high quality audio playback Qualcomm cVcTM 8.0 algorithm for better noise reduction Coordinates with the Edifier connect app to offer extra user functionality IPX4 rating ensures splash and sweat proof guaranteed by nano-coating technique\" \/>\n\t\t<meta name=\"robots\" content=\"max-image-preview:large\" \/>\n\t\t<link rel=\"canonical\" href=\"https:\/\/www.rucashk.com\/pt\/produto\/dledifier-bluetooth-earphones-w200bt-black-wholesale\/\" \/>\n\t\t<meta name=\"generator\" content=\"All in One SEO Pro (AIOSEO) 4.5.9.2\" \/>\n\t\t<meta property=\"og:locale\" content=\"pt_PT\" \/>\n\t\t<meta property=\"og:site_name\" content=\"Rucas - One-stop AIoT Distribution Worldwide\" \/>\n\t\t<meta property=\"og:type\" content=\"article\" \/>\n\t\t<meta property=\"og:title\" content=\"DLEDIFIER Bluetooth Earphones W200BT Black Wholesale - Rucas - Wholesale and Distribution\" \/>\n\t\t<meta property=\"og:description\" content=\"Bluetooth 5.0 chipset Qualcomm QCC series for high quality audio playback Qualcomm cVcTM 8.0 algorithm for better noise reduction Coordinates with the Edifier connect app to offer extra user functionality IPX4 rating ensures splash and sweat proof guaranteed by nano-coating technique\" \/>\n\t\t<meta property=\"og:url\" content=\"https:\/\/www.rucashk.com\/pt\/produto\/dledifier-bluetooth-earphones-w200bt-black-wholesale\/\" \/>\n\t\t<meta property=\"og:image\" content=\"https:\/\/www.rucashk.com\/wp-content\/uploads\/replace\/503b8e645f128a97ccde2b6290747646.jpeg\" \/>\n\t\t<meta property=\"og:image:secure_url\" content=\"https:\/\/www.rucashk.com\/wp-content\/uploads\/replace\/503b8e645f128a97ccde2b6290747646.jpeg\" \/>\n\t\t<meta property=\"og:image:width\" content=\"1456\" \/>\n\t\t<meta property=\"og:image:height\" content=\"816\" \/>\n\t\t<meta property=\"article:published_time\" content=\"2024-01-09T16:03:28+00:00\" \/>\n\t\t<meta property=\"article:modified_time\" content=\"2024-03-13T06:19:37+00:00\" \/>\n\t\t<meta name=\"twitter:card\" content=\"summary_large_image\" \/>\n\t\t<meta name=\"twitter:title\" content=\"DLEDIFIER Bluetooth Earphones W200BT Black Wholesale - Rucas - Wholesale and Distribution\" \/>\n\t\t<meta name=\"twitter:description\" content=\"Bluetooth 5.0 chipset Qualcomm QCC series for high quality audio playback Qualcomm cVcTM 8.0 algorithm for better noise reduction Coordinates with the Edifier connect app to offer extra user functionality IPX4 rating ensures splash and sweat proof guaranteed by nano-coating technique\" \/>\n\t\t<meta name=\"twitter:image\" content=\"https:\/\/www.rucashk.com\/wp-content\/uploads\/replace\/503b8e645f128a97ccde2b6290747646.jpeg\" \/>\n\t\t<script type=\"application\/ld+json\" class=\"aioseo-schema\">\n\t\t\t{\"@context\":\"https:\\\/\\\/schema.org\",\"@graph\":[{\"@type\":\"BreadcrumbList\",\"@id\":\"https:\\\/\\\/www.rucashk.com\\\/pt\\\/produto\\\/dledifier-bluetooth-earphones-w200bt-black-wholesale\\\/#breadcrumblist\",\"itemListElement\":[{\"@type\":\"ListItem\",\"@id\":\"https:\\\/\\\/www.rucashk.com\\\/pt\\\/#listItem\",\"position\":1,\"name\":\"Home\",\"item\":\"https:\\\/\\\/www.rucashk.com\\\/pt\\\/\",\"nextItem\":\"https:\\\/\\\/www.rucashk.com\\\/pt\\\/produto\\\/dledifier-bluetooth-earphones-w200bt-black-wholesale\\\/#listItem\"},{\"@type\":\"ListItem\",\"@id\":\"https:\\\/\\\/www.rucashk.com\\\/pt\\\/produto\\\/dledifier-bluetooth-earphones-w200bt-black-wholesale\\\/#listItem\",\"position\":2,\"name\":\"DLEDIFIER Bluetooth Earphones W200BT Black Wholesale\",\"previousItem\":\"https:\\\/\\\/www.rucashk.com\\\/pt\\\/#listItem\"}]},{\"@type\":\"Organization\",\"@id\":\"https:\\\/\\\/www.rucashk.com\\\/pt\\\/#organization\",\"name\":\"Rucas\",\"url\":\"https:\\\/\\\/www.rucashk.com\\\/pt\\\/\",\"logo\":{\"@type\":\"ImageObject\",\"url\":\"https:\\\/\\\/www.rucashk.com\\\/wp-content\\\/uploads\\\/2023\\\/12\\\/Rucas_campany_logo.png\",\"@id\":\"https:\\\/\\\/www.rucashk.com\\\/pt\\\/produto\\\/dledifier-bluetooth-earphones-w200bt-black-wholesale\\\/#organizationLogo\",\"width\":221,\"height\":65},\"image\":{\"@id\":\"https:\\\/\\\/www.rucashk.com\\\/pt\\\/#organizationLogo\"}},{\"@type\":\"Person\",\"@id\":\"https:\\\/\\\/www.rucashk.com\\\/pt\\\/author\\\/admin\\\/#author\",\"url\":\"https:\\\/\\\/www.rucashk.com\\\/pt\\\/author\\\/admin\\\/\",\"name\":\"admin\",\"image\":{\"@type\":\"ImageObject\",\"@id\":\"https:\\\/\\\/www.rucashk.com\\\/pt\\\/produto\\\/dledifier-bluetooth-earphones-w200bt-black-wholesale\\\/#authorImage\",\"url\":\"https:\\\/\\\/secure.gravatar.com\\\/avatar\\\/b7c8925b09a27e72b30232f8ecaadbd5af0f70a38c78096863fe51b64f031c24?s=96&d=mm&r=g\",\"width\":96,\"height\":96,\"caption\":\"admin\"}},{\"@type\":\"WebPage\",\"@id\":\"https:\\\/\\\/www.rucashk.com\\\/pt\\\/produto\\\/dledifier-bluetooth-earphones-w200bt-black-wholesale\\\/#webpage\",\"url\":\"https:\\\/\\\/www.rucashk.com\\\/pt\\\/produto\\\/dledifier-bluetooth-earphones-w200bt-black-wholesale\\\/\",\"name\":\"DLEDIFIER Bluetooth Earphones W200BT Black Wholesale - Rucas - Wholesale and Distribution\",\"description\":\"Bluetooth 5.0 chipset Qualcomm QCC series for high quality audio playback Qualcomm cVcTM 8.0 algorithm for better noise reduction Coordinates with the Edifier connect app to offer extra user functionality IPX4 rating ensures splash and sweat proof guaranteed by nano-coating technique\",\"inLanguage\":\"pt-PT\",\"isPartOf\":{\"@id\":\"https:\\\/\\\/www.rucashk.com\\\/pt\\\/#website\"},\"breadcrumb\":{\"@id\":\"https:\\\/\\\/www.rucashk.com\\\/pt\\\/produto\\\/dledifier-bluetooth-earphones-w200bt-black-wholesale\\\/#breadcrumblist\"},\"author\":{\"@id\":\"https:\\\/\\\/www.rucashk.com\\\/pt\\\/author\\\/admin\\\/#author\"},\"creator\":{\"@id\":\"https:\\\/\\\/www.rucashk.com\\\/pt\\\/author\\\/admin\\\/#author\"},\"image\":{\"@type\":\"ImageObject\",\"url\":\"https:\\\/\\\/www.rucashk.com\\\/wp-content\\\/uploads\\\/2024\\\/01\\\/DLEDIFIER-Bluetooth-Earphones-W200BT-Black.jpg\",\"@id\":\"https:\\\/\\\/www.rucashk.com\\\/pt\\\/produto\\\/dledifier-bluetooth-earphones-w200bt-black-wholesale\\\/#mainImage\",\"width\":800,\"height\":800},\"primaryImageOfPage\":{\"@id\":\"https:\\\/\\\/www.rucashk.com\\\/pt\\\/produto\\\/dledifier-bluetooth-earphones-w200bt-black-wholesale\\\/#mainImage\"},\"datePublished\":\"2024-01-09T16:03:28+00:00\",\"dateModified\":\"2024-03-13T06:19:37+00:00\"},{\"@type\":\"WebSite\",\"@id\":\"https:\\\/\\\/www.rucashk.com\\\/pt\\\/#website\",\"url\":\"https:\\\/\\\/www.rucashk.com\\\/pt\\\/\",\"name\":\"Rucas - Wholesale and distribution worldwide\",\"alternateName\":\"Rucas - One-stop AIoT Distribution Worldwide\",\"description\":\"One-stop AIoT Distribution Worldwide\",\"inLanguage\":\"pt-PT\",\"publisher\":{\"@id\":\"https:\\\/\\\/www.rucashk.com\\\/pt\\\/#organization\"}}]}\n\t\t<\/script>\n\t\t<!-- All in One SEO Pro -->\r\n\t\t<title>DLEDIFIER Bluetooth Earphones W200BT Black Wholesale - Rucas - Wholesale and Distribution<\/title>\n\n","aioseo_head_json":{"title":"DLEDIFIER Bluetooth Earphones W200BT Black Wholesale - Rucas - Wholesale and Distribution","description":"Bluetooth 5.0 chipset Qualcomm QCC series for high quality audio playback Qualcomm cVcTM 8.0 algorithm for better noise reduction Coordinates with the Edifier connect app to offer extra user functionality IPX4 rating ensures splash and sweat proof guaranteed by nano-coating technique","canonical_url":"https:\/\/www.rucashk.com\/pt\/produto\/dledifier-bluetooth-earphones-w200bt-black-wholesale\/","robots":"max-image-preview:large","keywords":"","webmasterTools":{"miscellaneous":""},"og:locale":"pt_PT","og:site_name":"Rucas - One-stop AIoT Distribution Worldwide","og:type":"article","og:title":"DLEDIFIER Bluetooth Earphones W200BT Black Wholesale - Rucas - Wholesale and Distribution","og:description":"Bluetooth 5.0 chipset Qualcomm QCC series for high quality audio playback Qualcomm cVcTM 8.0 algorithm for better noise reduction Coordinates with the Edifier connect app to offer extra user functionality IPX4 rating ensures splash and sweat proof guaranteed by nano-coating technique","og:url":"https:\/\/www.rucashk.com\/pt\/produto\/dledifier-bluetooth-earphones-w200bt-black-wholesale\/","og:image":"https:\/\/www.rucashk.com\/wp-content\/uploads\/replace\/503b8e645f128a97ccde2b6290747646.jpeg","og:image:secure_url":"https:\/\/www.rucashk.com\/wp-content\/uploads\/replace\/503b8e645f128a97ccde2b6290747646.jpeg","og:image:width":1456,"og:image:height":816,"article:published_time":"2024-01-09T16:03:28+00:00","article:modified_time":"2024-03-13T06:19:37+00:00","twitter:card":"summary_large_image","twitter:title":"DLEDIFIER Bluetooth Earphones W200BT Black Wholesale - Rucas - Wholesale and Distribution","twitter:description":"Bluetooth 5.0 chipset Qualcomm QCC series for high quality audio playback Qualcomm cVcTM 8.0 algorithm for better noise reduction Coordinates with the Edifier connect app to offer extra user functionality IPX4 rating ensures splash and sweat proof guaranteed by nano-coating technique","twitter:image":"https:\/\/www.rucashk.com\/wp-content\/uploads\/replace\/503b8e645f128a97ccde2b6290747646.jpeg","schema":{"@context":"https:\/\/schema.org","@graph":[{"@type":"BreadcrumbList","@id":"https:\/\/www.rucashk.com\/pt\/produto\/dledifier-bluetooth-earphones-w200bt-black-wholesale\/#breadcrumblist","itemListElement":[{"@type":"ListItem","@id":"https:\/\/www.rucashk.com\/pt\/#listItem","position":1,"name":"Home","item":"https:\/\/www.rucashk.com\/pt\/","nextItem":"https:\/\/www.rucashk.com\/pt\/produto\/dledifier-bluetooth-earphones-w200bt-black-wholesale\/#listItem"},{"@type":"ListItem","@id":"https:\/\/www.rucashk.com\/pt\/produto\/dledifier-bluetooth-earphones-w200bt-black-wholesale\/#listItem","position":2,"name":"DLEDIFIER Bluetooth Earphones W200BT Black Wholesale","previousItem":"https:\/\/www.rucashk.com\/pt\/#listItem"}]},{"@type":"Organization","@id":"https:\/\/www.rucashk.com\/pt\/#organization","name":"Rucas","url":"https:\/\/www.rucashk.com\/pt\/","logo":{"@type":"ImageObject","url":"https:\/\/www.rucashk.com\/wp-content\/uploads\/2023\/12\/Rucas_campany_logo.png","@id":"https:\/\/www.rucashk.com\/pt\/produto\/dledifier-bluetooth-earphones-w200bt-black-wholesale\/#organizationLogo","width":221,"height":65},"image":{"@id":"https:\/\/www.rucashk.com\/pt\/#organizationLogo"}},{"@type":"Person","@id":"https:\/\/www.rucashk.com\/pt\/author\/admin\/#author","url":"https:\/\/www.rucashk.com\/pt\/author\/admin\/","name":"admin","image":{"@type":"ImageObject","@id":"https:\/\/www.rucashk.com\/pt\/produto\/dledifier-bluetooth-earphones-w200bt-black-wholesale\/#authorImage","url":"https:\/\/secure.gravatar.com\/avatar\/b7c8925b09a27e72b30232f8ecaadbd5af0f70a38c78096863fe51b64f031c24?s=96&d=mm&r=g","width":96,"height":96,"caption":"admin"}},{"@type":"WebPage","@id":"https:\/\/www.rucashk.com\/pt\/produto\/dledifier-bluetooth-earphones-w200bt-black-wholesale\/#webpage","url":"https:\/\/www.rucashk.com\/pt\/produto\/dledifier-bluetooth-earphones-w200bt-black-wholesale\/","name":"DLEDIFIER Bluetooth Earphones W200BT Black Wholesale - Rucas - Wholesale and Distribution","description":"Bluetooth 5.0 chipset Qualcomm QCC series for high quality audio playback Qualcomm cVcTM 8.0 algorithm for better noise reduction Coordinates with the Edifier connect app to offer extra user functionality IPX4 rating ensures splash and sweat proof guaranteed by nano-coating technique","inLanguage":"pt-PT","isPartOf":{"@id":"https:\/\/www.rucashk.com\/pt\/#website"},"breadcrumb":{"@id":"https:\/\/www.rucashk.com\/pt\/produto\/dledifier-bluetooth-earphones-w200bt-black-wholesale\/#breadcrumblist"},"author":{"@id":"https:\/\/www.rucashk.com\/pt\/author\/admin\/#author"},"creator":{"@id":"https:\/\/www.rucashk.com\/pt\/author\/admin\/#author"},"image":{"@type":"ImageObject","url":"https:\/\/www.rucashk.com\/wp-content\/uploads\/2024\/01\/DLEDIFIER-Bluetooth-Earphones-W200BT-Black.jpg","@id":"https:\/\/www.rucashk.com\/pt\/produto\/dledifier-bluetooth-earphones-w200bt-black-wholesale\/#mainImage","width":800,"height":800},"primaryImageOfPage":{"@id":"https:\/\/www.rucashk.com\/pt\/produto\/dledifier-bluetooth-earphones-w200bt-black-wholesale\/#mainImage"},"datePublished":"2024-01-09T16:03:28+00:00","dateModified":"2024-03-13T06:19:37+00:00"},{"@type":"WebSite","@id":"https:\/\/www.rucashk.com\/pt\/#website","url":"https:\/\/www.rucashk.com\/pt\/","name":"Rucas - Wholesale and distribution worldwide","alternateName":"Rucas - One-stop AIoT Distribution Worldwide","description":"One-stop AIoT Distribution Worldwide","inLanguage":"pt-PT","publisher":{"@id":"https:\/\/www.rucashk.com\/pt\/#organization"}}]}},"aioseo_meta_data":{"post_id":"24313","title":null,"description":null,"keywords":null,"keyphrases":null,"primary_term":null,"canonical_url":null,"og_title":null,"og_description":null,"og_object_type":"default","og_image_type":"default","og_image_url":null,"og_image_width":null,"og_image_height":null,"og_image_custom_url":null,"og_image_custom_fields":null,"og_video":null,"og_custom_url":null,"og_article_section":null,"og_article_tags":null,"twitter_use_og":false,"twitter_card":"default","twitter_image_type":"default","twitter_image_url":null,"twitter_image_custom_url":null,"twitter_image_custom_fields":null,"twitter_title":null,"twitter_description":null,"schema":{"blockGraphs":[],"customGraphs":[],"default":{"data":{"Article":[],"Course":[],"Dataset":[],"FAQPage":[],"Movie":[],"Person":[],"Product":[],"Recipe":[],"Service":[],"SoftwareApplication":[],"WebPage":[]},"graphName":"","isEnabled":true},"graphs":[]},"schema_type":"default","schema_type_options":null,"pillar_content":false,"robots_default":true,"robots_noindex":false,"robots_noarchive":false,"robots_nosnippet":false,"robots_nofollow":false,"robots_noimageindex":false,"robots_noodp":false,"robots_notranslate":false,"robots_max_snippet":null,"robots_max_videopreview":null,"robots_max_imagepreview":"large","priority":null,"frequency":null,"local_seo":null,"breadcrumb_settings":null,"limit_modified_date":false,"created":"2024-04-11 01:57:10","updated":"2025-06-22 17:28:03"},"aioseo_breadcrumb":"<div class=\"aioseo-breadcrumbs\"><span class=\"aioseo-breadcrumb\">\n\t<a href=\"https:\/\/www.rucashk.com\/pt\" title=\"Home\">Home<\/a>\n<\/span><span class=\"aioseo-breadcrumb-separator\">&raquo;<\/span><span class=\"aioseo-breadcrumb\">\n\t<a href=\"https:\/\/www.rucashk.com\/pt\/products\/\" title=\"Produtos\">Produtos<\/a>\n<\/span><span class=\"aioseo-breadcrumb-separator\">&raquo;<\/span><span class=\"aioseo-breadcrumb\">\n\t<a href=\"https:\/\/www.rucashk.com\/pt\/categoria-produto\/other-a-brands\/\" title=\"Other A-Brands\">Other A-Brands<\/a>\n<\/span><span class=\"aioseo-breadcrumb-separator\">&raquo;<\/span><span class=\"aioseo-breadcrumb\">\n\tDLEDIFIER Bluetooth Earphones W200BT Black Wholesale\n<\/span><\/div>","aioseo_breadcrumb_json":[{"label":"Home","link":"https:\/\/www.rucashk.com\/pt"},{"label":"Produtos","link":"https:\/\/www.rucashk.com\/pt\/products\/"},{"label":"Other A-Brands","link":"https:\/\/www.rucashk.com\/pt\/categoria-produto\/other-a-brands\/"},{"label":"DLEDIFIER Bluetooth Earphones W200BT Black Wholesale","link":"https:\/\/www.rucashk.com\/pt\/produto\/dledifier-bluetooth-earphones-w200bt-black-wholesale\/"}],"_links":{"self":[{"href":"https:\/\/www.rucashk.com\/pt\/wp-json\/wp\/v2\/product\/24313","targetHints":{"allow":["GET"]}}],"collection":[{"href":"https:\/\/www.rucashk.com\/pt\/wp-json\/wp\/v2\/product"}],"about":[{"href":"https:\/\/www.rucashk.com\/pt\/wp-json\/wp\/v2\/types\/product"}],"wp:featuredmedia":[{"embeddable":true,"href":"https:\/\/www.rucashk.com\/pt\/wp-json\/wp\/v2\/media\/24436"}],"wp:attachment":[{"href":"https:\/\/www.rucashk.com\/pt\/wp-json\/wp\/v2\/media?parent=24313"}],"wp:term":[{"taxonomy":"product_brand","embeddable":true,"href":"https:\/\/www.rucashk.com\/pt\/wp-json\/wp\/v2\/product_brand?post=24313"},{"taxonomy":"product_cat","embeddable":true,"href":"https:\/\/www.rucashk.com\/pt\/wp-json\/wp\/v2\/product_cat?post=24313"},{"taxonomy":"product_tag","embeddable":true,"href":"https:\/\/www.rucashk.com\/pt\/wp-json\/wp\/v2\/product_tag?post=24313"}],"curies":[{"name":"wp","href":"https:\/\/api.w.org\/{rel}","templated":true}]}}