{"id":24245,"date":"2024-01-09T16:02:40","date_gmt":"2024-01-09T16:02:40","guid":{"rendered":"http:\/\/rucashk.com\/?post_type=product&#038;p=24245"},"modified":"2024-03-12T07:39:59","modified_gmt":"2024-03-12T07:39:59","slug":"irobot-roomba-i7-sweeping-robot-wholesale","status":"publish","type":"product","link":"https:\/\/www.rucashk.com\/pt\/produto\/irobot-roomba-i7-sweeping-robot-wholesale\/","title":{"rendered":"iRobot Roomba i7 + rob\u00f4 de varredura no atacado"},"content":{"rendered":"<div class=\"celwidget aplus-module premium-module-13-carousel\" data-cel-widget=\"aplus-premium-module-13-carousel\">\n<div class=\"a-section a-spacing-none premium-aplus premium-aplus-module-13\">\n<div class=\"a-section a-spacing-none aplus-carousel-container\">\n<div id=\"premium-aplus-13-carousel-3-id\" class=\"a-begin a-carousel-container a-carousel-display-single a-carousel-transition-slideCircular a-carousel-initialized\" data-a-carousel-options=\"{&quot;peek_percentage&quot;:0,&quot;minimum_gutter_width&quot;:0,&quot;show_partial_next&quot;:false,&quot;name&quot;:&quot;premium-aplus-13-carousel-3&quot;}\" data-a-display-strategy=\"single\" data-a-transition-strategy=\"slideCircular\">\n<div class=\"a-row a-carousel-controls a-carousel-row a-carousel-has-buttons a-carousel-overlay-buttons a-carousel-rounded-buttons\">\n<div class=\"a-carousel-row-inner\">\n<div class=\"a-carousel-col a-carousel-center\">\n<div id=\"anonCarousel4\" class=\"a-carousel-viewport\">\n<div class=\"a-section a-spacing-none aplus-card-image\"><img fetchpriority=\"high\" decoding=\"async\" class=\"aligncenter\" src=\"\/wp-content\/uploads\/replace\/89d541b5c19b130130b8c401d1ed0bfe.jpeg\" alt=\"iRobot Roomba i7+ Sweeping Robot\" width=\"1464\" height=\"600\" \/><\/div>\n<div class=\"a-section a-spacing-none aplus-card-image\"><img decoding=\"async\" class=\"aligncenter\" src=\"\/wp-content\/uploads\/replace\/234262f574d5fb44bbfd0d0046c18949.jpeg\" alt=\"iRobot Roomba i7+ Sweeping Robot\" width=\"1464\" height=\"600\" \/><\/div>\n<div class=\"a-section a-spacing-none aplus-card-image\"><img decoding=\"async\" class=\"aligncenter\" src=\"\/wp-content\/uploads\/replace\/af272ab4011edf5493256f82ce23bbc6.jpeg\" alt=\"iRobot Roomba i7+ Sweeping Robot\" width=\"1464\" height=\"600\" \/><\/div>\n<div class=\"a-section a-spacing-none aplus-card-image\"><img loading=\"lazy\" decoding=\"async\" class=\"aligncenter\" src=\"\/wp-content\/uploads\/replace\/fdbd2b81ddc20746d0b1624ff2148790.jpeg\" alt=\"iRobot Roomba i7+ Sweeping Robot\" width=\"1464\" height=\"600\" \/><img loading=\"lazy\" decoding=\"async\" class=\"aligncenter\" src=\"\/wp-content\/uploads\/replace\/7973b0784d8530c37ad815ad2d6f4fd9.jpeg\" alt=\"iRobot Roomba i7+ Sweeping Robot\" width=\"1464\" height=\"600\" \/><img loading=\"lazy\" decoding=\"async\" class=\"aligncenter\" src=\"\/wp-content\/uploads\/replace\/d4a192277c56714d26e0c539c6271ef0.jpeg\" alt=\"iRobot Roomba i7+ Sweeping Robot\" width=\"1464\" height=\"600\" \/><\/div>\n<\/div>\n<\/div>\n<\/div>\n<\/div>\n<\/div>\n<div class=\"a-section a-spacing-none aplus-pagination-wrapper\">\n<div class=\"aplus-mantle aplus-module\">\n<div class=\"aplus-carousel-nav\"><img loading=\"lazy\" decoding=\"async\" class=\"aligncenter\" src=\"\/wp-content\/uploads\/replace\/d2a66f39e611ed7d9499001eeafc712a.jpeg\" alt=\"iRobot Roomba i7+ Sweeping Robot\" width=\"1464\" height=\"600\" data-src=\"\/wp-content\/uploads\/replace\/d2a66f39e611ed7d9499001eeafc712a.jpeg\" \/><img loading=\"lazy\" decoding=\"async\" class=\"aligncenter wp-image-20240 size-full\" src=\"\/wp-content\/uploads\/replace\/d589d0849793793b5e8d79caabace1bf.jpeg\" alt=\"iRobot Roomba i7+ Sweeping Robot\" width=\"1466\" height=\"459\" \/><\/div>\n<\/div>\n<\/div>\n<\/div>\n<\/div>\n<\/div>\n<div class=\"celwidget aplus-module premium-module-10-hotspot-plain-image\" data-cel-widget=\"aplus-premium-module-10-hotspot-plain-image\">\n<div><img loading=\"lazy\" decoding=\"async\" class=\"wp-image-19984 size-full aligncenter\" src=\"\/wp-content\/uploads\/replace\/6dba779dd3cc9a5acf72b2a1b40890c7.jpeg\" alt=\"iRobot Roomba i7+ Sweeping Robot\" width=\"1462\" height=\"429\" \/><\/div>\n<div>\n<h2 class=\"default\">Descri\u00e7\u00e3o do produto<\/h2>\n<div id=\"productDescription\" class=\"a-section a-spacing-small\">\n<div class=\"disclaim\">Nome do estilo:<strong>i7+ com base limpa<\/strong><\/div>\n<p>O robot aspirador Roomba i7+ esvazia-se automaticamente num saco AllergenLock descart\u00e1vel que cont\u00e9m 60 dias de sujidade e p\u00f3 \u2013 para que n\u00e3o tenha de pensar em aspirar durante meses seguidos. O sistema de limpeza premium de 3 est\u00e1gios e as escovas duplas de borracha proporcionam uma limpeza poderosa, guiada pela tecnologia de mapeamento inteligente que aprende, mapeia e se adapta a cada ambiente. O controle adicional do seu smartphone oferece uma limpeza verdadeiramente personalizada.<\/p>\n<p>&nbsp;<\/p>\n<h2><strong>Informa\u00e7\u00e3o do produto<\/strong><\/h2>\n<p>Nome do estilo:<strong>i7+ com base limpa<\/strong><\/p>\n<table width=\"0\">\n<tbody>\n<tr>\n<td width=\"352\">Dimens\u00f5es do produto<\/td>\n<td>13,34 x 13,26 x 3,63 polegadas<\/td>\n<\/tr>\n<tr>\n<td width=\"352\">Peso do Item<\/td>\n<td>7,44 libras<\/td>\n<\/tr>\n<tr>\n<td width=\"352\">Fabricante<\/td>\n<td>eu Rob\u00f4<\/td>\n<\/tr>\n<tr>\n<td width=\"352\">COMO EM<\/td>\n<td>B07GNPDMRP<\/td>\n<\/tr>\n<tr>\n<td width=\"352\">N\u00famero do modelo do item<\/td>\n<td>i755020<\/td>\n<\/tr>\n<tr>\n<td width=\"352\">Baterias<\/td>\n<td>S\u00e3o necess\u00e1rias baterias de 1 A. (inclu\u00eddo)<\/td>\n<\/tr>\n<tr>\n<td width=\"352\">Foi descontinuado pelo fabricante<\/td>\n<td>N\u00e3o<\/td>\n<\/tr>\n<tr>\n<td width=\"352\">Peso do Item<\/td>\n<td>3,38 quilogramas<\/td>\n<\/tr>\n<tr>\n<td width=\"352\">N\u00famero de pe\u00e7as<\/td>\n<td>1<\/td>\n<\/tr>\n<tr>\n<td width=\"352\">Baterias necess\u00e1rias<\/td>\n<td>Sim<\/td>\n<\/tr>\n<tr>\n<td width=\"352\">Componentes inclu\u00eddos<\/td>\n<td>1 barreira Virtual Wall\u00ae de modo duplo, 1 filtro de extra alta efici\u00eancia, 1 escova lateral extra, 1 cabo de linha norte-americano, 1 aspirador rob\u00f4 Roomba\u00ae i7+, 1 descarte autom\u00e1tico de sujeira Clean Base\u2122, 2 sacos de descarte de sujeira<\/td>\n<\/tr>\n<\/tbody>\n<\/table>\n<h2>Principais caracter\u00edsticas<\/h2>\n<ul class=\"a-unordered-list a-vertical a-spacing-mini\">\n<li><span class=\"a-list-item\">Esvazia sozinho \u2013 voc\u00ea n\u00e3o precisa pensar em aspirar por meses seguidos. O descarte autom\u00e1tico de sujeira Clean Base com saco AllergenLock ret\u00e9m 60 dias de sujeira, poeira e cabelos.<\/span><\/li>\n<li><span class=\"a-list-item\">A suc\u00e7\u00e3o Power-Lifting fornece 10 vezes mais pot\u00eancia de ar* para melhorar o desempenho de capta\u00e7\u00e3o. O sistema de limpeza premium de 3 est\u00e1gios limpa a sujeira e os pelos de animais de estima\u00e7\u00e3o que voc\u00ea v\u00ea e os al\u00e9rgenos e a poeira que voc\u00ea n\u00e3o v\u00ea. *(Comparado ao Roomba S\u00e9rie 600)<\/span><\/li>\n<li><span class=\"a-list-item\">O Imprint Smart Mapping permite que o rob\u00f4 aprenda, mapeie e se adapte \u00e0 sua casa. Se migalhas derramarem no ch\u00e3o enquanto voc\u00ea sai correndo porta afora, voc\u00ea pode simplesmente dizer ao rob\u00f4 da s\u00e9rie Roomba i para limpar imediatamente a cozinha usando seu Alexa ou o Google Voice Assistant.<\/span><\/li>\n<li><span class=\"a-list-item\">Mapeia e lembra de forma inteligente v\u00e1rias plantas baixas para limpar toda a sua casa. A tecnologia patenteada iAdapt 3.0 com navega\u00e7\u00e3o vSLAM captura ativamente milhares de medi\u00e7\u00f5es precisas para otimizar a cobertura. As zonas de exclus\u00e3o permitem controlar \u00e1reas que voc\u00ea deseja que o rob\u00f4 evite.<\/span><\/li>\n<li><span class=\"a-list-item\">A tecnologia Imprint Link permite que os rob\u00f4s Roomba i7+ e Braava jet m6 limpem automaticamente em sequ\u00eancia \u2013 aspirando e depois esfregando.<\/span><\/li>\n<li><span class=\"a-list-item\">Ideal para casas com animais de estima\u00e7\u00e3o. Escovas de borracha duplas exclusivas para m\u00faltiplas superf\u00edcies n\u00e3o se enroscam em p\u00ealos de animais de estima\u00e7\u00e3o. As escovas ajustam-se e flexionam-se para permanecerem em contato constante com carpetes e pisos duros. O filtro de alta efici\u00eancia ret\u00e9m 99% de al\u00e9rgenos de c\u00e3es e gatos.<\/span><\/li>\n<li><span class=\"a-list-item\">Os sacos AllergenLock usam 4 camadas de material bloqueador de al\u00e9rgenos para reter 99% de p\u00f3len, mofo e \u00e1caros, para que n\u00e3o escapem de volta para o ar.<\/span><\/li>\n<\/ul>\n<\/div>\n<\/div>\n<\/div>","protected":false},"excerpt":{"rendered":"<p><strong>Recurso:<\/strong><\/p>\n<ul>\n<li>Esvazia sozinho<\/li>\n<li>A suc\u00e7\u00e3o Power-Lifting fornece 10 vezes mais pot\u00eancia de ar* para melhorar o desempenho de capta\u00e7\u00e3o.<\/li>\n<li>O Imprint Smart Mapping permite que o rob\u00f4 aprenda, mapeie e se adapte \u00e0 sua casa.<\/li>\n<li>Mapeia e lembra de forma inteligente v\u00e1rias plantas baixas para limpar toda a sua casa.<\/li>\n<li>A tecnologia Imprint Link permite que os rob\u00f4s Roomba i7+ e Braava jet m6 limpem automaticamente em sequ\u00eancia<\/li>\n<li>Ideal para casas com animais de estima\u00e7\u00e3o<\/li>\n<\/ul>","protected":false},"featured_media":24396,"template":"","meta":[],"product_brand":[],"product_cat":[1322],"product_tag":[1042],"class_list":{"0":"post-24245","1":"product","2":"type-product","3":"status-publish","4":"has-post-thumbnail","6":"product_cat-other-a-brands","7":"product_tag-irobot-roomba-i7","9":"first","10":"instock","11":"shipping-taxable","12":"product-type-external"},"aioseo_notices":[],"aioseo_head":"\n\t\t<!-- All in One SEO Pro 4.5.9.2 - aioseo.com -->\n\t\t<meta name=\"description\" content=\"Feature: Empties on its own Power-Lifting Suction delivers 10X the air power* for improved pick-up performance. Imprint Smart Mapping enables the robot to learn, map and adapt to your home. Intelligently maps and remembers multiple floor plans to clean your entire home. Imprint Link Technology allows Roomba i7+ and Braava jet m6 robots to automatically clean in sequence Ideal for homes with pets\" \/>\n\t\t<meta name=\"robots\" content=\"max-image-preview:large\" \/>\n\t\t<link rel=\"canonical\" href=\"https:\/\/www.rucashk.com\/pt\/produto\/irobot-roomba-i7-sweeping-robot-wholesale\/\" \/>\n\t\t<meta name=\"generator\" content=\"All in One SEO Pro (AIOSEO) 4.5.9.2\" \/>\n\t\t<meta property=\"og:locale\" content=\"pt_PT\" \/>\n\t\t<meta property=\"og:site_name\" content=\"Rucas - One-stop AIoT Distribution Worldwide\" \/>\n\t\t<meta property=\"og:type\" content=\"article\" \/>\n\t\t<meta property=\"og:title\" content=\"iRobot Roomba i7+ Sweeping Robot Wholesale - Rucas - Wholesale and Distribution\" \/>\n\t\t<meta property=\"og:description\" content=\"Feature: Empties on its own Power-Lifting Suction delivers 10X the air power* for improved pick-up performance. Imprint Smart Mapping enables the robot to learn, map and adapt to your home. Intelligently maps and remembers multiple floor plans to clean your entire home. Imprint Link Technology allows Roomba i7+ and Braava jet m6 robots to automatically clean in sequence Ideal for homes with pets\" \/>\n\t\t<meta property=\"og:url\" content=\"https:\/\/www.rucashk.com\/pt\/produto\/irobot-roomba-i7-sweeping-robot-wholesale\/\" \/>\n\t\t<meta property=\"og:image\" content=\"https:\/\/www.rucashk.com\/wp-content\/uploads\/replace\/503b8e645f128a97ccde2b6290747646.jpeg\" \/>\n\t\t<meta property=\"og:image:secure_url\" content=\"https:\/\/www.rucashk.com\/wp-content\/uploads\/replace\/503b8e645f128a97ccde2b6290747646.jpeg\" \/>\n\t\t<meta property=\"og:image:width\" content=\"1456\" \/>\n\t\t<meta property=\"og:image:height\" content=\"816\" \/>\n\t\t<meta property=\"article:published_time\" content=\"2024-01-09T16:02:40+00:00\" \/>\n\t\t<meta property=\"article:modified_time\" content=\"2024-03-12T07:39:59+00:00\" \/>\n\t\t<meta name=\"twitter:card\" content=\"summary_large_image\" \/>\n\t\t<meta name=\"twitter:title\" content=\"iRobot Roomba i7+ Sweeping Robot Wholesale - Rucas - Wholesale and Distribution\" \/>\n\t\t<meta name=\"twitter:description\" content=\"Feature: Empties on its own Power-Lifting Suction delivers 10X the air power* for improved pick-up performance. Imprint Smart Mapping enables the robot to learn, map and adapt to your home. Intelligently maps and remembers multiple floor plans to clean your entire home. Imprint Link Technology allows Roomba i7+ and Braava jet m6 robots to automatically clean in sequence Ideal for homes with pets\" \/>\n\t\t<meta name=\"twitter:image\" content=\"https:\/\/www.rucashk.com\/wp-content\/uploads\/replace\/503b8e645f128a97ccde2b6290747646.jpeg\" \/>\n\t\t<script type=\"application\/ld+json\" class=\"aioseo-schema\">\n\t\t\t{\"@context\":\"https:\\\/\\\/schema.org\",\"@graph\":[{\"@type\":\"BreadcrumbList\",\"@id\":\"https:\\\/\\\/www.rucashk.com\\\/pt\\\/produto\\\/irobot-roomba-i7-sweeping-robot-wholesale\\\/#breadcrumblist\",\"itemListElement\":[{\"@type\":\"ListItem\",\"@id\":\"https:\\\/\\\/www.rucashk.com\\\/pt\\\/#listItem\",\"position\":1,\"name\":\"Home\",\"item\":\"https:\\\/\\\/www.rucashk.com\\\/pt\\\/\",\"nextItem\":\"https:\\\/\\\/www.rucashk.com\\\/pt\\\/produto\\\/irobot-roomba-i7-sweeping-robot-wholesale\\\/#listItem\"},{\"@type\":\"ListItem\",\"@id\":\"https:\\\/\\\/www.rucashk.com\\\/pt\\\/produto\\\/irobot-roomba-i7-sweeping-robot-wholesale\\\/#listItem\",\"position\":2,\"name\":\"iRobot Roomba i7+ Sweeping Robot Wholesale\",\"previousItem\":\"https:\\\/\\\/www.rucashk.com\\\/pt\\\/#listItem\"}]},{\"@type\":\"Organization\",\"@id\":\"https:\\\/\\\/www.rucashk.com\\\/pt\\\/#organization\",\"name\":\"Rucas\",\"url\":\"https:\\\/\\\/www.rucashk.com\\\/pt\\\/\",\"logo\":{\"@type\":\"ImageObject\",\"url\":\"https:\\\/\\\/www.rucashk.com\\\/wp-content\\\/uploads\\\/2023\\\/12\\\/Rucas_campany_logo.png\",\"@id\":\"https:\\\/\\\/www.rucashk.com\\\/pt\\\/produto\\\/irobot-roomba-i7-sweeping-robot-wholesale\\\/#organizationLogo\",\"width\":221,\"height\":65},\"image\":{\"@id\":\"https:\\\/\\\/www.rucashk.com\\\/pt\\\/#organizationLogo\"}},{\"@type\":\"Person\",\"@id\":\"https:\\\/\\\/www.rucashk.com\\\/pt\\\/author\\\/admin\\\/#author\",\"url\":\"https:\\\/\\\/www.rucashk.com\\\/pt\\\/author\\\/admin\\\/\",\"name\":\"admin\",\"image\":{\"@type\":\"ImageObject\",\"@id\":\"https:\\\/\\\/www.rucashk.com\\\/pt\\\/produto\\\/irobot-roomba-i7-sweeping-robot-wholesale\\\/#authorImage\",\"url\":\"https:\\\/\\\/secure.gravatar.com\\\/avatar\\\/b7c8925b09a27e72b30232f8ecaadbd5af0f70a38c78096863fe51b64f031c24?s=96&d=mm&r=g\",\"width\":96,\"height\":96,\"caption\":\"admin\"}},{\"@type\":\"WebPage\",\"@id\":\"https:\\\/\\\/www.rucashk.com\\\/pt\\\/produto\\\/irobot-roomba-i7-sweeping-robot-wholesale\\\/#webpage\",\"url\":\"https:\\\/\\\/www.rucashk.com\\\/pt\\\/produto\\\/irobot-roomba-i7-sweeping-robot-wholesale\\\/\",\"name\":\"iRobot Roomba i7+ Sweeping Robot Wholesale - Rucas - Wholesale and Distribution\",\"description\":\"Feature: Empties on its own Power-Lifting Suction delivers 10X the air power* for improved pick-up performance. Imprint Smart Mapping enables the robot to learn, map and adapt to your home. Intelligently maps and remembers multiple floor plans to clean your entire home. Imprint Link Technology allows Roomba i7+ and Braava jet m6 robots to automatically clean in sequence Ideal for homes with pets\",\"inLanguage\":\"pt-PT\",\"isPartOf\":{\"@id\":\"https:\\\/\\\/www.rucashk.com\\\/pt\\\/#website\"},\"breadcrumb\":{\"@id\":\"https:\\\/\\\/www.rucashk.com\\\/pt\\\/produto\\\/irobot-roomba-i7-sweeping-robot-wholesale\\\/#breadcrumblist\"},\"author\":{\"@id\":\"https:\\\/\\\/www.rucashk.com\\\/pt\\\/author\\\/admin\\\/#author\"},\"creator\":{\"@id\":\"https:\\\/\\\/www.rucashk.com\\\/pt\\\/author\\\/admin\\\/#author\"},\"image\":{\"@type\":\"ImageObject\",\"url\":\"https:\\\/\\\/www.rucashk.com\\\/wp-content\\\/uploads\\\/2024\\\/01\\\/iRobot-Roomba-i7-5.jpg\",\"@id\":\"https:\\\/\\\/www.rucashk.com\\\/pt\\\/produto\\\/irobot-roomba-i7-sweeping-robot-wholesale\\\/#mainImage\",\"width\":800,\"height\":800},\"primaryImageOfPage\":{\"@id\":\"https:\\\/\\\/www.rucashk.com\\\/pt\\\/produto\\\/irobot-roomba-i7-sweeping-robot-wholesale\\\/#mainImage\"},\"datePublished\":\"2024-01-09T16:02:40+00:00\",\"dateModified\":\"2024-03-12T07:39:59+00:00\"},{\"@type\":\"WebSite\",\"@id\":\"https:\\\/\\\/www.rucashk.com\\\/pt\\\/#website\",\"url\":\"https:\\\/\\\/www.rucashk.com\\\/pt\\\/\",\"name\":\"Rucas - Wholesale and distribution worldwide\",\"alternateName\":\"Rucas - One-stop AIoT Distribution Worldwide\",\"description\":\"One-stop AIoT Distribution Worldwide\",\"inLanguage\":\"pt-PT\",\"publisher\":{\"@id\":\"https:\\\/\\\/www.rucashk.com\\\/pt\\\/#organization\"}}]}\n\t\t<\/script>\n\t\t<!-- All in One SEO Pro -->\r\n\t\t<title>iRobot Roomba i7+ Sweeping Robot Wholesale - Rucas - Wholesale and Distribution<\/title>\n\n","aioseo_head_json":{"title":"iRobot Roomba i7+ Sweeping Robot Wholesale - Rucas - Wholesale and Distribution","description":"Feature: Empties on its own Power-Lifting Suction delivers 10X the air power* for improved pick-up performance. Imprint Smart Mapping enables the robot to learn, map and adapt to your home. Intelligently maps and remembers multiple floor plans to clean your entire home. Imprint Link Technology allows Roomba i7+ and Braava jet m6 robots to automatically clean in sequence Ideal for homes with pets","canonical_url":"https:\/\/www.rucashk.com\/pt\/produto\/irobot-roomba-i7-sweeping-robot-wholesale\/","robots":"max-image-preview:large","keywords":"","webmasterTools":{"miscellaneous":""},"og:locale":"pt_PT","og:site_name":"Rucas - One-stop AIoT Distribution Worldwide","og:type":"article","og:title":"iRobot Roomba i7+ Sweeping Robot Wholesale - Rucas - Wholesale and Distribution","og:description":"Feature: Empties on its own Power-Lifting Suction delivers 10X the air power* for improved pick-up performance. Imprint Smart Mapping enables the robot to learn, map and adapt to your home. Intelligently maps and remembers multiple floor plans to clean your entire home. Imprint Link Technology allows Roomba i7+ and Braava jet m6 robots to automatically clean in sequence Ideal for homes with pets","og:url":"https:\/\/www.rucashk.com\/pt\/produto\/irobot-roomba-i7-sweeping-robot-wholesale\/","og:image":"https:\/\/www.rucashk.com\/wp-content\/uploads\/replace\/503b8e645f128a97ccde2b6290747646.jpeg","og:image:secure_url":"https:\/\/www.rucashk.com\/wp-content\/uploads\/replace\/503b8e645f128a97ccde2b6290747646.jpeg","og:image:width":1456,"og:image:height":816,"article:published_time":"2024-01-09T16:02:40+00:00","article:modified_time":"2024-03-12T07:39:59+00:00","twitter:card":"summary_large_image","twitter:title":"iRobot Roomba i7+ Sweeping Robot Wholesale - Rucas - Wholesale and Distribution","twitter:description":"Feature: Empties on its own Power-Lifting Suction delivers 10X the air power* for improved pick-up performance. Imprint Smart Mapping enables the robot to learn, map and adapt to your home. Intelligently maps and remembers multiple floor plans to clean your entire home. Imprint Link Technology allows Roomba i7+ and Braava jet m6 robots to automatically clean in sequence Ideal for homes with pets","twitter:image":"https:\/\/www.rucashk.com\/wp-content\/uploads\/replace\/503b8e645f128a97ccde2b6290747646.jpeg","schema":{"@context":"https:\/\/schema.org","@graph":[{"@type":"BreadcrumbList","@id":"https:\/\/www.rucashk.com\/pt\/produto\/irobot-roomba-i7-sweeping-robot-wholesale\/#breadcrumblist","itemListElement":[{"@type":"ListItem","@id":"https:\/\/www.rucashk.com\/pt\/#listItem","position":1,"name":"Home","item":"https:\/\/www.rucashk.com\/pt\/","nextItem":"https:\/\/www.rucashk.com\/pt\/produto\/irobot-roomba-i7-sweeping-robot-wholesale\/#listItem"},{"@type":"ListItem","@id":"https:\/\/www.rucashk.com\/pt\/produto\/irobot-roomba-i7-sweeping-robot-wholesale\/#listItem","position":2,"name":"iRobot Roomba i7+ Sweeping Robot Wholesale","previousItem":"https:\/\/www.rucashk.com\/pt\/#listItem"}]},{"@type":"Organization","@id":"https:\/\/www.rucashk.com\/pt\/#organization","name":"Rucas","url":"https:\/\/www.rucashk.com\/pt\/","logo":{"@type":"ImageObject","url":"https:\/\/www.rucashk.com\/wp-content\/uploads\/2023\/12\/Rucas_campany_logo.png","@id":"https:\/\/www.rucashk.com\/pt\/produto\/irobot-roomba-i7-sweeping-robot-wholesale\/#organizationLogo","width":221,"height":65},"image":{"@id":"https:\/\/www.rucashk.com\/pt\/#organizationLogo"}},{"@type":"Person","@id":"https:\/\/www.rucashk.com\/pt\/author\/admin\/#author","url":"https:\/\/www.rucashk.com\/pt\/author\/admin\/","name":"admin","image":{"@type":"ImageObject","@id":"https:\/\/www.rucashk.com\/pt\/produto\/irobot-roomba-i7-sweeping-robot-wholesale\/#authorImage","url":"https:\/\/secure.gravatar.com\/avatar\/b7c8925b09a27e72b30232f8ecaadbd5af0f70a38c78096863fe51b64f031c24?s=96&d=mm&r=g","width":96,"height":96,"caption":"admin"}},{"@type":"WebPage","@id":"https:\/\/www.rucashk.com\/pt\/produto\/irobot-roomba-i7-sweeping-robot-wholesale\/#webpage","url":"https:\/\/www.rucashk.com\/pt\/produto\/irobot-roomba-i7-sweeping-robot-wholesale\/","name":"iRobot Roomba i7+ Sweeping Robot Wholesale - Rucas - Wholesale and Distribution","description":"Feature: Empties on its own Power-Lifting Suction delivers 10X the air power* for improved pick-up performance. Imprint Smart Mapping enables the robot to learn, map and adapt to your home. Intelligently maps and remembers multiple floor plans to clean your entire home. Imprint Link Technology allows Roomba i7+ and Braava jet m6 robots to automatically clean in sequence Ideal for homes with pets","inLanguage":"pt-PT","isPartOf":{"@id":"https:\/\/www.rucashk.com\/pt\/#website"},"breadcrumb":{"@id":"https:\/\/www.rucashk.com\/pt\/produto\/irobot-roomba-i7-sweeping-robot-wholesale\/#breadcrumblist"},"author":{"@id":"https:\/\/www.rucashk.com\/pt\/author\/admin\/#author"},"creator":{"@id":"https:\/\/www.rucashk.com\/pt\/author\/admin\/#author"},"image":{"@type":"ImageObject","url":"https:\/\/www.rucashk.com\/wp-content\/uploads\/2024\/01\/iRobot-Roomba-i7-5.jpg","@id":"https:\/\/www.rucashk.com\/pt\/produto\/irobot-roomba-i7-sweeping-robot-wholesale\/#mainImage","width":800,"height":800},"primaryImageOfPage":{"@id":"https:\/\/www.rucashk.com\/pt\/produto\/irobot-roomba-i7-sweeping-robot-wholesale\/#mainImage"},"datePublished":"2024-01-09T16:02:40+00:00","dateModified":"2024-03-12T07:39:59+00:00"},{"@type":"WebSite","@id":"https:\/\/www.rucashk.com\/pt\/#website","url":"https:\/\/www.rucashk.com\/pt\/","name":"Rucas - Wholesale and distribution worldwide","alternateName":"Rucas - One-stop AIoT Distribution Worldwide","description":"One-stop AIoT Distribution Worldwide","inLanguage":"pt-PT","publisher":{"@id":"https:\/\/www.rucashk.com\/pt\/#organization"}}]}},"aioseo_meta_data":{"post_id":"24245","title":null,"description":null,"keywords":null,"keyphrases":null,"primary_term":null,"canonical_url":null,"og_title":null,"og_description":null,"og_object_type":"default","og_image_type":"default","og_image_url":null,"og_image_width":null,"og_image_height":null,"og_image_custom_url":null,"og_image_custom_fields":null,"og_video":null,"og_custom_url":null,"og_article_section":null,"og_article_tags":null,"twitter_use_og":false,"twitter_card":"default","twitter_image_type":"default","twitter_image_url":null,"twitter_image_custom_url":null,"twitter_image_custom_fields":null,"twitter_title":null,"twitter_description":null,"schema":{"blockGraphs":[],"customGraphs":[],"default":{"data":{"Article":[],"Course":[],"Dataset":[],"FAQPage":[],"Movie":[],"Person":[],"Product":[],"Recipe":[],"Service":[],"SoftwareApplication":[],"WebPage":[]},"graphName":"","isEnabled":true},"graphs":[]},"schema_type":"default","schema_type_options":null,"pillar_content":false,"robots_default":true,"robots_noindex":false,"robots_noarchive":false,"robots_nosnippet":false,"robots_nofollow":false,"robots_noimageindex":false,"robots_noodp":false,"robots_notranslate":false,"robots_max_snippet":null,"robots_max_videopreview":null,"robots_max_imagepreview":"large","priority":null,"frequency":null,"local_seo":null,"breadcrumb_settings":null,"limit_modified_date":false,"created":"2024-04-11 01:57:10","updated":"2025-06-22 17:27:01"},"aioseo_breadcrumb":"<div class=\"aioseo-breadcrumbs\"><span class=\"aioseo-breadcrumb\">\n\t<a href=\"https:\/\/www.rucashk.com\/pt\" title=\"Home\">Home<\/a>\n<\/span><span class=\"aioseo-breadcrumb-separator\">&raquo;<\/span><span class=\"aioseo-breadcrumb\">\n\t<a href=\"https:\/\/www.rucashk.com\/pt\/products\/\" title=\"Produtos\">Produtos<\/a>\n<\/span><span class=\"aioseo-breadcrumb-separator\">&raquo;<\/span><span class=\"aioseo-breadcrumb\">\n\t<a href=\"https:\/\/www.rucashk.com\/pt\/categoria-produto\/other-a-brands\/\" title=\"Other A-Brands\">Other A-Brands<\/a>\n<\/span><span class=\"aioseo-breadcrumb-separator\">&raquo;<\/span><span class=\"aioseo-breadcrumb\">\n\tiRobot Roomba i7+ Sweeping Robot Wholesale\n<\/span><\/div>","aioseo_breadcrumb_json":[{"label":"Home","link":"https:\/\/www.rucashk.com\/pt"},{"label":"Produtos","link":"https:\/\/www.rucashk.com\/pt\/products\/"},{"label":"Other A-Brands","link":"https:\/\/www.rucashk.com\/pt\/categoria-produto\/other-a-brands\/"},{"label":"iRobot Roomba i7+ Sweeping Robot Wholesale","link":"https:\/\/www.rucashk.com\/pt\/produto\/irobot-roomba-i7-sweeping-robot-wholesale\/"}],"_links":{"self":[{"href":"https:\/\/www.rucashk.com\/pt\/wp-json\/wp\/v2\/product\/24245","targetHints":{"allow":["GET"]}}],"collection":[{"href":"https:\/\/www.rucashk.com\/pt\/wp-json\/wp\/v2\/product"}],"about":[{"href":"https:\/\/www.rucashk.com\/pt\/wp-json\/wp\/v2\/types\/product"}],"wp:featuredmedia":[{"embeddable":true,"href":"https:\/\/www.rucashk.com\/pt\/wp-json\/wp\/v2\/media\/24396"}],"wp:attachment":[{"href":"https:\/\/www.rucashk.com\/pt\/wp-json\/wp\/v2\/media?parent=24245"}],"wp:term":[{"taxonomy":"product_brand","embeddable":true,"href":"https:\/\/www.rucashk.com\/pt\/wp-json\/wp\/v2\/product_brand?post=24245"},{"taxonomy":"product_cat","embeddable":true,"href":"https:\/\/www.rucashk.com\/pt\/wp-json\/wp\/v2\/product_cat?post=24245"},{"taxonomy":"product_tag","embeddable":true,"href":"https:\/\/www.rucashk.com\/pt\/wp-json\/wp\/v2\/product_tag?post=24245"}],"curies":[{"name":"wp","href":"https:\/\/api.w.org\/{rel}","templated":true}]}}