{"id":24184,"date":"2024-01-09T16:01:51","date_gmt":"2024-01-09T16:01:51","guid":{"rendered":"http:\/\/rucashk.com\/?post_type=product&#038;p=24184"},"modified":"2024-03-13T13:03:33","modified_gmt":"2024-03-13T13:03:33","slug":"inface-ms3000-gold-beauty-stick-wholesale","status":"publish","type":"product","link":"https:\/\/www.rucashk.com\/pt\/produto\/inface-ms3000-gold-beauty-stick-wholesale\/","title":{"rendered":"Bast\u00e3o de beleza InFace MS3000 Gold no atacado"},"content":{"rendered":"<p><img fetchpriority=\"high\" decoding=\"async\" class=\"product_lazy aligncenter\" src=\"\/wp-content\/uploads\/replace\/c9bf1c7cd9137df0875a2d15b288db42.jpeg\" alt=\"InFace MS3000 Gold Beauty Stick\" width=\"1000\" height=\"996\" data-original=\"\/\/img.gkbcdn.com\/s3\/d\/201903\/5966c01d-53ef-454b-8732-d6c070584436.jpg\" \/><img decoding=\"async\" class=\"product_lazy aligncenter\" src=\"\/wp-content\/uploads\/replace\/55a85c0f8f2230a530112164fd23d378.jpeg\" alt=\"InFace MS3000 Gold Beauty Stick\" width=\"1000\" height=\"355\" data-original=\"\/\/img.gkbcdn.com\/s3\/d\/201903\/10d399c7-624c-46a3-88c0-c1a6dd83b378.jpg\" \/><img decoding=\"async\" class=\"product_lazy aligncenter\" src=\"\/wp-content\/uploads\/replace\/ed2b450e63db7168eaecb42bff475a16.jpeg\" alt=\"InFace MS3000 Gold Beauty Stick\" width=\"1000\" height=\"615\" data-original=\"\/\/img.gkbcdn.com\/s3\/d\/201903\/b6c94f58-def8-42c2-80f7-af7d1155b181.gif\" \/><img loading=\"lazy\" decoding=\"async\" class=\"product_lazy aligncenter\" src=\"\/wp-content\/uploads\/replace\/31aef87d74c43c2ba491d4e140fe81cc.jpeg\" alt=\"InFace MS3000 Gold Beauty Stick\" width=\"1000\" height=\"891\" data-original=\"\/\/img.gkbcdn.com\/s3\/d\/201903\/8c58f39e-fe99-4ebb-845a-a1d8cc1193a9.gif\" \/><img loading=\"lazy\" decoding=\"async\" class=\"product_lazy aligncenter\" src=\"\/wp-content\/uploads\/replace\/21879053120aaec9008d44341e06a346.jpeg\" alt=\"InFace MS3000 Gold Beauty Stick\" width=\"1000\" height=\"915\" data-original=\"\/\/img.gkbcdn.com\/s3\/d\/201903\/e762cfc3-cfc8-445e-9eb2-35735c922a28.jpg\" \/><img loading=\"lazy\" decoding=\"async\" class=\"product_lazy aligncenter\" src=\"\/wp-content\/uploads\/replace\/7f43a2608c4ed489213d7e71e8be3116.jpeg\" alt=\"InFace MS3000 Gold Beauty Stick\" width=\"1000\" height=\"897\" data-original=\"\/\/img.gkbcdn.com\/s3\/d\/201903\/805b2474-baf1-4920-99a1-6db45dc1d614.jpg\" \/><img loading=\"lazy\" decoding=\"async\" class=\"product_lazy aligncenter\" src=\"\/wp-content\/uploads\/replace\/94cac34a77407a5c38b08308bb48987f.jpeg\" alt=\"InFace MS3000 Gold Beauty Stick\" width=\"1000\" height=\"1158\" data-original=\"\/\/img.gkbcdn.com\/s3\/d\/201903\/25cae462-56a0-4fc9-a4db-5cfd5e61bf95.jpg\" \/><\/p>\n<h2>Especifica\u00e7\u00e3o<\/h2>\n<table border=\"1\" cellspacing=\"0\" cellpadding=\"0\">\n<tbody>\n<tr>\n<td>Em geral<\/td>\n<td>\n<div>Marca: Xiaomi inFace<\/div>\n<div>Tipo: barra de beleza dourada<\/div>\n<div>Cor: Dourado<\/div>\n<div>Modelo: MS3000<\/div>\n<\/td>\n<\/tr>\n<tr>\n<td>Detalhes do produto<\/td>\n<td>\n<div>\n<div>Tamanho: 151mm*39mm*16mm<\/div>\n<div>Peso l\u00edquido: cerca de 80g<\/div>\n<div>Tempo de trabalho: cerca de 300 minutos (usando bateria seca de milho n\u00ba 5 durante o teste)<\/div>\n<div>Corrente de trabalho: 100ma<\/div>\n<div>Tens\u00e3o de trabalho: 1,5 V<\/div>\n<div>Modo de energia: bateria seca n\u00ba 5<\/div>\n<div>Temperatura ambiente de teste: 25 \u00b0 C<\/div>\n<div>Composi\u00e7\u00e3o do material: a\u00e7o inoxid\u00e1vel 316, cabe\u00e7a de massagem banhada a ouro<\/div>\n<\/div>\n<\/td>\n<\/tr>\n<tr>\n<td>Dimens\u00f5es e peso<\/td>\n<td>\n<div><\/div>\n<div>Peso do produto: 0,08 kg<\/div>\n<div>Peso do pacote: 0,15 kg<\/div>\n<div>Tamanho do produto (C x L x A): 15,1x 3,9x 1,6cm<\/div>\n<div>Tamanho do pacote (C x L x A): 17x 5 x 3 cm<\/div>\n<\/td>\n<\/tr>\n<tr>\n<td>conte\u00fado do pacote<\/td>\n<td>\n<div>1 x bast\u00e3o de beleza<\/div>\n<div>1 x manual chin\u00eas<\/div>\n<div>1 x bateria AA<\/div>\n<\/td>\n<\/tr>\n<\/tbody>\n<\/table>","protected":false},"excerpt":{"rendered":"<p>Shape V-face, improve oedema, firm, and replenish essence.<\/p>\n<p>Gold-plated guide, release negative ion, fill skin energy, accelerate metabolism.<\/p>\n<p>Real-time adjustment of 4500 &#8211; 8000rpm, low-shock massage, high-shock promote blood circulation, create a V-shaped face.<\/p>\n<p>Smart hammer-like massage power, intimate and comfortable, firm facial contour.<\/p>\n<p>Multi-purpose, lifting, face-thin, wrinkle-reducing, nourishing, swelling removing, massage, always enjoy the skin SPA.<\/p>\n<p>IPX7 waterproof, convenient to use and clean.<\/p>\n<p>Small and portable, suitable for business trips and travelling.<\/p>","protected":false},"featured_media":24320,"template":"","meta":[],"product_brand":[],"product_cat":[1320,1305],"product_tag":[736],"class_list":{"0":"post-24184","1":"product","2":"type-product","3":"status-publish","4":"has-post-thumbnail","6":"product_cat-personal-care","7":"product_cat-xiaomi-eco","8":"product_tag-inface-ms3000-gold-beauty-stick","10":"first","11":"instock","12":"shipping-taxable","13":"product-type-external"},"aioseo_notices":[],"aioseo_head":"\n\t\t<!-- All in One SEO Pro 4.5.9.2 - aioseo.com -->\n\t\t<meta name=\"description\" content=\"Shape V-face, improve oedema, firm, and replenish essence. Gold-plated guide, release negative ion, fill skin energy, accelerate metabolism. Real-time adjustment of 4500 - 8000rpm, low-shock massage, high-shock promote blood circulation, create a V-shaped face. Smart hammer-like massage power, intimate and comfortable, firm facial contour. Multi-purpose, lifting, face-thin, wrinkle-reducing, nourishing, swelling removing, massage, always enjoy the skin SPA. IPX7 waterproof, convenient to use and clean. Small and portable, suitable for business trips and travelling.\" \/>\n\t\t<meta name=\"robots\" content=\"max-image-preview:large\" \/>\n\t\t<link rel=\"canonical\" href=\"https:\/\/www.rucashk.com\/pt\/produto\/inface-ms3000-gold-beauty-stick-wholesale\/\" \/>\n\t\t<meta name=\"generator\" content=\"All in One SEO Pro (AIOSEO) 4.5.9.2\" \/>\n\t\t<meta property=\"og:locale\" content=\"pt_PT\" \/>\n\t\t<meta property=\"og:site_name\" content=\"Rucas - One-stop AIoT Distribution Worldwide\" \/>\n\t\t<meta property=\"og:type\" content=\"article\" \/>\n\t\t<meta property=\"og:title\" content=\"InFace MS3000 Gold Beauty Stick Wholesale - Rucas - Wholesale and Distribution\" \/>\n\t\t<meta property=\"og:description\" content=\"Shape V-face, improve oedema, firm, and replenish essence. Gold-plated guide, release negative ion, fill skin energy, accelerate metabolism. Real-time adjustment of 4500 - 8000rpm, low-shock massage, high-shock promote blood circulation, create a V-shaped face. Smart hammer-like massage power, intimate and comfortable, firm facial contour. Multi-purpose, lifting, face-thin, wrinkle-reducing, nourishing, swelling removing, massage, always enjoy the skin SPA. IPX7 waterproof, convenient to use and clean. Small and portable, suitable for business trips and travelling.\" \/>\n\t\t<meta property=\"og:url\" content=\"https:\/\/www.rucashk.com\/pt\/produto\/inface-ms3000-gold-beauty-stick-wholesale\/\" \/>\n\t\t<meta property=\"og:image\" content=\"https:\/\/www.rucashk.com\/wp-content\/uploads\/replace\/503b8e645f128a97ccde2b6290747646.jpeg\" \/>\n\t\t<meta property=\"og:image:secure_url\" content=\"https:\/\/www.rucashk.com\/wp-content\/uploads\/replace\/503b8e645f128a97ccde2b6290747646.jpeg\" \/>\n\t\t<meta property=\"og:image:width\" content=\"1456\" \/>\n\t\t<meta property=\"og:image:height\" content=\"816\" \/>\n\t\t<meta property=\"article:published_time\" content=\"2024-01-09T16:01:51+00:00\" \/>\n\t\t<meta property=\"article:modified_time\" content=\"2024-03-13T13:03:33+00:00\" \/>\n\t\t<meta name=\"twitter:card\" content=\"summary_large_image\" \/>\n\t\t<meta name=\"twitter:title\" content=\"InFace MS3000 Gold Beauty Stick Wholesale - Rucas - Wholesale and Distribution\" \/>\n\t\t<meta name=\"twitter:description\" content=\"Shape V-face, improve oedema, firm, and replenish essence. Gold-plated guide, release negative ion, fill skin energy, accelerate metabolism. Real-time adjustment of 4500 - 8000rpm, low-shock massage, high-shock promote blood circulation, create a V-shaped face. Smart hammer-like massage power, intimate and comfortable, firm facial contour. Multi-purpose, lifting, face-thin, wrinkle-reducing, nourishing, swelling removing, massage, always enjoy the skin SPA. IPX7 waterproof, convenient to use and clean. Small and portable, suitable for business trips and travelling.\" \/>\n\t\t<meta name=\"twitter:image\" content=\"https:\/\/www.rucashk.com\/wp-content\/uploads\/replace\/503b8e645f128a97ccde2b6290747646.jpeg\" \/>\n\t\t<script type=\"application\/ld+json\" class=\"aioseo-schema\">\n\t\t\t{\"@context\":\"https:\\\/\\\/schema.org\",\"@graph\":[{\"@type\":\"BreadcrumbList\",\"@id\":\"https:\\\/\\\/www.rucashk.com\\\/pt\\\/produto\\\/inface-ms3000-gold-beauty-stick-wholesale\\\/#breadcrumblist\",\"itemListElement\":[{\"@type\":\"ListItem\",\"@id\":\"https:\\\/\\\/www.rucashk.com\\\/pt\\\/#listItem\",\"position\":1,\"name\":\"Home\",\"item\":\"https:\\\/\\\/www.rucashk.com\\\/pt\\\/\",\"nextItem\":\"https:\\\/\\\/www.rucashk.com\\\/pt\\\/produto\\\/inface-ms3000-gold-beauty-stick-wholesale\\\/#listItem\"},{\"@type\":\"ListItem\",\"@id\":\"https:\\\/\\\/www.rucashk.com\\\/pt\\\/produto\\\/inface-ms3000-gold-beauty-stick-wholesale\\\/#listItem\",\"position\":2,\"name\":\"InFace MS3000 Gold Beauty Stick Wholesale\",\"previousItem\":\"https:\\\/\\\/www.rucashk.com\\\/pt\\\/#listItem\"}]},{\"@type\":\"Organization\",\"@id\":\"https:\\\/\\\/www.rucashk.com\\\/pt\\\/#organization\",\"name\":\"Rucas\",\"url\":\"https:\\\/\\\/www.rucashk.com\\\/pt\\\/\",\"logo\":{\"@type\":\"ImageObject\",\"url\":\"https:\\\/\\\/www.rucashk.com\\\/wp-content\\\/uploads\\\/2023\\\/12\\\/Rucas_campany_logo.png\",\"@id\":\"https:\\\/\\\/www.rucashk.com\\\/pt\\\/produto\\\/inface-ms3000-gold-beauty-stick-wholesale\\\/#organizationLogo\",\"width\":221,\"height\":65},\"image\":{\"@id\":\"https:\\\/\\\/www.rucashk.com\\\/pt\\\/#organizationLogo\"}},{\"@type\":\"Person\",\"@id\":\"https:\\\/\\\/www.rucashk.com\\\/pt\\\/author\\\/admin\\\/#author\",\"url\":\"https:\\\/\\\/www.rucashk.com\\\/pt\\\/author\\\/admin\\\/\",\"name\":\"admin\",\"image\":{\"@type\":\"ImageObject\",\"@id\":\"https:\\\/\\\/www.rucashk.com\\\/pt\\\/produto\\\/inface-ms3000-gold-beauty-stick-wholesale\\\/#authorImage\",\"url\":\"https:\\\/\\\/secure.gravatar.com\\\/avatar\\\/b7c8925b09a27e72b30232f8ecaadbd5af0f70a38c78096863fe51b64f031c24?s=96&d=mm&r=g\",\"width\":96,\"height\":96,\"caption\":\"admin\"}},{\"@type\":\"WebPage\",\"@id\":\"https:\\\/\\\/www.rucashk.com\\\/pt\\\/produto\\\/inface-ms3000-gold-beauty-stick-wholesale\\\/#webpage\",\"url\":\"https:\\\/\\\/www.rucashk.com\\\/pt\\\/produto\\\/inface-ms3000-gold-beauty-stick-wholesale\\\/\",\"name\":\"InFace MS3000 Gold Beauty Stick Wholesale - Rucas - Wholesale and Distribution\",\"description\":\"Shape V-face, improve oedema, firm, and replenish essence. Gold-plated guide, release negative ion, fill skin energy, accelerate metabolism. Real-time adjustment of 4500 - 8000rpm, low-shock massage, high-shock promote blood circulation, create a V-shaped face. Smart hammer-like massage power, intimate and comfortable, firm facial contour. Multi-purpose, lifting, face-thin, wrinkle-reducing, nourishing, swelling removing, massage, always enjoy the skin SPA. IPX7 waterproof, convenient to use and clean. Small and portable, suitable for business trips and travelling.\",\"inLanguage\":\"pt-PT\",\"isPartOf\":{\"@id\":\"https:\\\/\\\/www.rucashk.com\\\/pt\\\/#website\"},\"breadcrumb\":{\"@id\":\"https:\\\/\\\/www.rucashk.com\\\/pt\\\/produto\\\/inface-ms3000-gold-beauty-stick-wholesale\\\/#breadcrumblist\"},\"author\":{\"@id\":\"https:\\\/\\\/www.rucashk.com\\\/pt\\\/author\\\/admin\\\/#author\"},\"creator\":{\"@id\":\"https:\\\/\\\/www.rucashk.com\\\/pt\\\/author\\\/admin\\\/#author\"},\"image\":{\"@type\":\"ImageObject\",\"url\":\"https:\\\/\\\/www.rucashk.com\\\/wp-content\\\/uploads\\\/2024\\\/01\\\/\\u5fae\\u4fe1\\u56fe\\u7247_20200709150311_\\u526f\\u672c.jpg\",\"@id\":\"https:\\\/\\\/www.rucashk.com\\\/pt\\\/produto\\\/inface-ms3000-gold-beauty-stick-wholesale\\\/#mainImage\",\"width\":800,\"height\":800},\"primaryImageOfPage\":{\"@id\":\"https:\\\/\\\/www.rucashk.com\\\/pt\\\/produto\\\/inface-ms3000-gold-beauty-stick-wholesale\\\/#mainImage\"},\"datePublished\":\"2024-01-09T16:01:51+00:00\",\"dateModified\":\"2024-03-13T13:03:33+00:00\"},{\"@type\":\"WebSite\",\"@id\":\"https:\\\/\\\/www.rucashk.com\\\/pt\\\/#website\",\"url\":\"https:\\\/\\\/www.rucashk.com\\\/pt\\\/\",\"name\":\"Rucas - Wholesale and distribution worldwide\",\"alternateName\":\"Rucas - One-stop AIoT Distribution Worldwide\",\"description\":\"One-stop AIoT Distribution Worldwide\",\"inLanguage\":\"pt-PT\",\"publisher\":{\"@id\":\"https:\\\/\\\/www.rucashk.com\\\/pt\\\/#organization\"}}]}\n\t\t<\/script>\n\t\t<!-- All in One SEO Pro -->\r\n\t\t<title>InFace MS3000 Gold Beauty Stick Wholesale - Rucas - Wholesale and Distribution<\/title>\n\n","aioseo_head_json":{"title":"InFace MS3000 Gold Beauty Stick Wholesale - Rucas - Wholesale and Distribution","description":"Shape V-face, improve oedema, firm, and replenish essence. Gold-plated guide, release negative ion, fill skin energy, accelerate metabolism. Real-time adjustment of 4500 - 8000rpm, low-shock massage, high-shock promote blood circulation, create a V-shaped face. Smart hammer-like massage power, intimate and comfortable, firm facial contour. Multi-purpose, lifting, face-thin, wrinkle-reducing, nourishing, swelling removing, massage, always enjoy the skin SPA. IPX7 waterproof, convenient to use and clean. Small and portable, suitable for business trips and travelling.","canonical_url":"https:\/\/www.rucashk.com\/pt\/produto\/inface-ms3000-gold-beauty-stick-wholesale\/","robots":"max-image-preview:large","keywords":"","webmasterTools":{"miscellaneous":""},"og:locale":"pt_PT","og:site_name":"Rucas - One-stop AIoT Distribution Worldwide","og:type":"article","og:title":"InFace MS3000 Gold Beauty Stick Wholesale - Rucas - Wholesale and Distribution","og:description":"Shape V-face, improve oedema, firm, and replenish essence. Gold-plated guide, release negative ion, fill skin energy, accelerate metabolism. Real-time adjustment of 4500 - 8000rpm, low-shock massage, high-shock promote blood circulation, create a V-shaped face. Smart hammer-like massage power, intimate and comfortable, firm facial contour. Multi-purpose, lifting, face-thin, wrinkle-reducing, nourishing, swelling removing, massage, always enjoy the skin SPA. IPX7 waterproof, convenient to use and clean. Small and portable, suitable for business trips and travelling.","og:url":"https:\/\/www.rucashk.com\/pt\/produto\/inface-ms3000-gold-beauty-stick-wholesale\/","og:image":"https:\/\/www.rucashk.com\/wp-content\/uploads\/replace\/503b8e645f128a97ccde2b6290747646.jpeg","og:image:secure_url":"https:\/\/www.rucashk.com\/wp-content\/uploads\/replace\/503b8e645f128a97ccde2b6290747646.jpeg","og:image:width":1456,"og:image:height":816,"article:published_time":"2024-01-09T16:01:51+00:00","article:modified_time":"2024-03-13T13:03:33+00:00","twitter:card":"summary_large_image","twitter:title":"InFace MS3000 Gold Beauty Stick Wholesale - Rucas - Wholesale and Distribution","twitter:description":"Shape V-face, improve oedema, firm, and replenish essence. Gold-plated guide, release negative ion, fill skin energy, accelerate metabolism. Real-time adjustment of 4500 - 8000rpm, low-shock massage, high-shock promote blood circulation, create a V-shaped face. Smart hammer-like massage power, intimate and comfortable, firm facial contour. Multi-purpose, lifting, face-thin, wrinkle-reducing, nourishing, swelling removing, massage, always enjoy the skin SPA. IPX7 waterproof, convenient to use and clean. Small and portable, suitable for business trips and travelling.","twitter:image":"https:\/\/www.rucashk.com\/wp-content\/uploads\/replace\/503b8e645f128a97ccde2b6290747646.jpeg","schema":{"@context":"https:\/\/schema.org","@graph":[{"@type":"BreadcrumbList","@id":"https:\/\/www.rucashk.com\/pt\/produto\/inface-ms3000-gold-beauty-stick-wholesale\/#breadcrumblist","itemListElement":[{"@type":"ListItem","@id":"https:\/\/www.rucashk.com\/pt\/#listItem","position":1,"name":"Home","item":"https:\/\/www.rucashk.com\/pt\/","nextItem":"https:\/\/www.rucashk.com\/pt\/produto\/inface-ms3000-gold-beauty-stick-wholesale\/#listItem"},{"@type":"ListItem","@id":"https:\/\/www.rucashk.com\/pt\/produto\/inface-ms3000-gold-beauty-stick-wholesale\/#listItem","position":2,"name":"InFace MS3000 Gold Beauty Stick Wholesale","previousItem":"https:\/\/www.rucashk.com\/pt\/#listItem"}]},{"@type":"Organization","@id":"https:\/\/www.rucashk.com\/pt\/#organization","name":"Rucas","url":"https:\/\/www.rucashk.com\/pt\/","logo":{"@type":"ImageObject","url":"https:\/\/www.rucashk.com\/wp-content\/uploads\/2023\/12\/Rucas_campany_logo.png","@id":"https:\/\/www.rucashk.com\/pt\/produto\/inface-ms3000-gold-beauty-stick-wholesale\/#organizationLogo","width":221,"height":65},"image":{"@id":"https:\/\/www.rucashk.com\/pt\/#organizationLogo"}},{"@type":"Person","@id":"https:\/\/www.rucashk.com\/pt\/author\/admin\/#author","url":"https:\/\/www.rucashk.com\/pt\/author\/admin\/","name":"admin","image":{"@type":"ImageObject","@id":"https:\/\/www.rucashk.com\/pt\/produto\/inface-ms3000-gold-beauty-stick-wholesale\/#authorImage","url":"https:\/\/secure.gravatar.com\/avatar\/b7c8925b09a27e72b30232f8ecaadbd5af0f70a38c78096863fe51b64f031c24?s=96&d=mm&r=g","width":96,"height":96,"caption":"admin"}},{"@type":"WebPage","@id":"https:\/\/www.rucashk.com\/pt\/produto\/inface-ms3000-gold-beauty-stick-wholesale\/#webpage","url":"https:\/\/www.rucashk.com\/pt\/produto\/inface-ms3000-gold-beauty-stick-wholesale\/","name":"InFace MS3000 Gold Beauty Stick Wholesale - Rucas - Wholesale and Distribution","description":"Shape V-face, improve oedema, firm, and replenish essence. Gold-plated guide, release negative ion, fill skin energy, accelerate metabolism. Real-time adjustment of 4500 - 8000rpm, low-shock massage, high-shock promote blood circulation, create a V-shaped face. Smart hammer-like massage power, intimate and comfortable, firm facial contour. Multi-purpose, lifting, face-thin, wrinkle-reducing, nourishing, swelling removing, massage, always enjoy the skin SPA. IPX7 waterproof, convenient to use and clean. Small and portable, suitable for business trips and travelling.","inLanguage":"pt-PT","isPartOf":{"@id":"https:\/\/www.rucashk.com\/pt\/#website"},"breadcrumb":{"@id":"https:\/\/www.rucashk.com\/pt\/produto\/inface-ms3000-gold-beauty-stick-wholesale\/#breadcrumblist"},"author":{"@id":"https:\/\/www.rucashk.com\/pt\/author\/admin\/#author"},"creator":{"@id":"https:\/\/www.rucashk.com\/pt\/author\/admin\/#author"},"image":{"@type":"ImageObject","url":"https:\/\/www.rucashk.com\/wp-content\/uploads\/2024\/01\/\u5fae\u4fe1\u56fe\u7247_20200709150311_\u526f\u672c.jpg","@id":"https:\/\/www.rucashk.com\/pt\/produto\/inface-ms3000-gold-beauty-stick-wholesale\/#mainImage","width":800,"height":800},"primaryImageOfPage":{"@id":"https:\/\/www.rucashk.com\/pt\/produto\/inface-ms3000-gold-beauty-stick-wholesale\/#mainImage"},"datePublished":"2024-01-09T16:01:51+00:00","dateModified":"2024-03-13T13:03:33+00:00"},{"@type":"WebSite","@id":"https:\/\/www.rucashk.com\/pt\/#website","url":"https:\/\/www.rucashk.com\/pt\/","name":"Rucas - Wholesale and distribution worldwide","alternateName":"Rucas - One-stop AIoT Distribution Worldwide","description":"One-stop AIoT Distribution Worldwide","inLanguage":"pt-PT","publisher":{"@id":"https:\/\/www.rucashk.com\/pt\/#organization"}}]}},"aioseo_meta_data":{"post_id":"24184","title":null,"description":null,"keywords":null,"keyphrases":null,"primary_term":null,"canonical_url":null,"og_title":null,"og_description":null,"og_object_type":"default","og_image_type":"default","og_image_url":null,"og_image_width":null,"og_image_height":null,"og_image_custom_url":null,"og_image_custom_fields":null,"og_video":null,"og_custom_url":null,"og_article_section":null,"og_article_tags":null,"twitter_use_og":false,"twitter_card":"default","twitter_image_type":"default","twitter_image_url":null,"twitter_image_custom_url":null,"twitter_image_custom_fields":null,"twitter_title":null,"twitter_description":null,"schema":{"blockGraphs":[],"customGraphs":[],"default":{"data":{"Article":[],"Course":[],"Dataset":[],"FAQPage":[],"Movie":[],"Person":[],"Product":[],"Recipe":[],"Service":[],"SoftwareApplication":[],"WebPage":[]},"graphName":"","isEnabled":true},"graphs":[]},"schema_type":"default","schema_type_options":null,"pillar_content":false,"robots_default":true,"robots_noindex":false,"robots_noarchive":false,"robots_nosnippet":false,"robots_nofollow":false,"robots_noimageindex":false,"robots_noodp":false,"robots_notranslate":false,"robots_max_snippet":null,"robots_max_videopreview":null,"robots_max_imagepreview":"large","priority":null,"frequency":null,"local_seo":null,"breadcrumb_settings":null,"limit_modified_date":false,"created":"2024-04-11 01:57:09","updated":"2025-06-22 17:25:06"},"aioseo_breadcrumb":"<div class=\"aioseo-breadcrumbs\"><span class=\"aioseo-breadcrumb\">\n\t<a href=\"https:\/\/www.rucashk.com\/pt\" title=\"Home\">Home<\/a>\n<\/span><span class=\"aioseo-breadcrumb-separator\">&raquo;<\/span><span class=\"aioseo-breadcrumb\">\n\t<a href=\"https:\/\/www.rucashk.com\/pt\/products\/\" title=\"Produtos\">Produtos<\/a>\n<\/span><span class=\"aioseo-breadcrumb-separator\">&raquo;<\/span><span class=\"aioseo-breadcrumb\">\n\t<a href=\"https:\/\/www.rucashk.com\/pt\/categoria-produto\/xiaomi-eco\/\" title=\"Xiaomi Eco\">Xiaomi Eco<\/a>\n<\/span><span class=\"aioseo-breadcrumb-separator\">&raquo;<\/span><span class=\"aioseo-breadcrumb\">\n\t<a href=\"https:\/\/www.rucashk.com\/pt\/categoria-produto\/xiaomi-eco\/personal-care\/\" title=\"Personal Care\">Personal Care<\/a>\n<\/span><span class=\"aioseo-breadcrumb-separator\">&raquo;<\/span><span class=\"aioseo-breadcrumb\">\n\tInFace MS3000 Gold Beauty Stick Wholesale\n<\/span><\/div>","aioseo_breadcrumb_json":[{"label":"Home","link":"https:\/\/www.rucashk.com\/pt"},{"label":"Produtos","link":"https:\/\/www.rucashk.com\/pt\/products\/"},{"label":"Xiaomi Eco","link":"https:\/\/www.rucashk.com\/pt\/categoria-produto\/xiaomi-eco\/"},{"label":"Personal Care","link":"https:\/\/www.rucashk.com\/pt\/categoria-produto\/xiaomi-eco\/personal-care\/"},{"label":"InFace MS3000 Gold Beauty Stick Wholesale","link":"https:\/\/www.rucashk.com\/pt\/produto\/inface-ms3000-gold-beauty-stick-wholesale\/"}],"_links":{"self":[{"href":"https:\/\/www.rucashk.com\/pt\/wp-json\/wp\/v2\/product\/24184","targetHints":{"allow":["GET"]}}],"collection":[{"href":"https:\/\/www.rucashk.com\/pt\/wp-json\/wp\/v2\/product"}],"about":[{"href":"https:\/\/www.rucashk.com\/pt\/wp-json\/wp\/v2\/types\/product"}],"wp:featuredmedia":[{"embeddable":true,"href":"https:\/\/www.rucashk.com\/pt\/wp-json\/wp\/v2\/media\/24320"}],"wp:attachment":[{"href":"https:\/\/www.rucashk.com\/pt\/wp-json\/wp\/v2\/media?parent=24184"}],"wp:term":[{"taxonomy":"product_brand","embeddable":true,"href":"https:\/\/www.rucashk.com\/pt\/wp-json\/wp\/v2\/product_brand?post=24184"},{"taxonomy":"product_cat","embeddable":true,"href":"https:\/\/www.rucashk.com\/pt\/wp-json\/wp\/v2\/product_cat?post=24184"},{"taxonomy":"product_tag","embeddable":true,"href":"https:\/\/www.rucashk.com\/pt\/wp-json\/wp\/v2\/product_tag?post=24184"}],"curies":[{"name":"wp","href":"https:\/\/api.w.org\/{rel}","templated":true}]}}