{"id":24144,"date":"2024-01-09T16:01:24","date_gmt":"2024-01-09T16:01:24","guid":{"rendered":"http:\/\/rucashk.com\/?post_type=product&#038;p=24144"},"modified":"2024-03-13T13:03:56","modified_gmt":"2024-03-13T13:03:56","slug":"inface-blackhead-remover-instrument-ms7000-wholesale","status":"publish","type":"product","link":"https:\/\/www.rucashk.com\/pt\/produto\/inface-blackhead-remover-instrument-ms7000-wholesale\/","title":{"rendered":"Instrumento removedor de cravo InFace MS7000 atacado"},"content":{"rendered":"<div class=\"sizeDesc js-sizeDescription\">\n<p class=\"sizeDescTitle\"><img fetchpriority=\"high\" decoding=\"async\" class=\"js-descLazyload lazy-loaded aligncenter\" src=\"\/wp-content\/uploads\/replace\/b292f0a306c40a52fe058626833f70f0.jpeg\" alt=\"InFace Blackhead Remover Instrument MS7000\" width=\"1000\" height=\"2029\" data-lazy=\"\/wp-content\/uploads\/replace\/b292f0a306c40a52fe058626833f70f0.jpeg\" data-was-processed=\"true\" \/><\/p>\n<\/div>\n<div class=\"imageDesc\">\n<p><img decoding=\"async\" class=\"js-descLazyload lazy-loaded aligncenter\" src=\"\/wp-content\/uploads\/replace\/ea373d0cff31041c6a867e8b9eb9d14b.jpeg\" alt=\"InFace Blackhead Remover Instrument MS7000\" width=\"1000\" height=\"1299\" data-lazy=\"\/wp-content\/uploads\/replace\/ea373d0cff31041c6a867e8b9eb9d14b.jpeg\" data-was-processed=\"true\" \/><\/p>\n<p><img decoding=\"async\" class=\"js-descLazyload lazy-loaded aligncenter\" src=\"\/wp-content\/uploads\/replace\/cd1ab540d9473e423ef8636d84917c42.jpeg\" alt=\"InFace Blackhead Remover Instrument MS7000\" width=\"1000\" height=\"1169\" data-lazy=\"\/wp-content\/uploads\/replace\/cd1ab540d9473e423ef8636d84917c42.jpeg\" data-was-processed=\"true\" \/><\/p>\n<p><img loading=\"lazy\" decoding=\"async\" class=\"js-descLazyload lazy-loaded aligncenter\" src=\"\/wp-content\/uploads\/replace\/1cf5e944393c8675eb6405bbee596a1d.jpeg\" alt=\"InFace Blackhead Remover Instrument MS7000\" width=\"1000\" height=\"1363\" data-lazy=\"\/wp-content\/uploads\/replace\/1cf5e944393c8675eb6405bbee596a1d.jpeg\" data-was-processed=\"true\" \/><\/p>\n<p><img loading=\"lazy\" decoding=\"async\" class=\"js-descLazyload lazy-loaded aligncenter\" src=\"\/wp-content\/uploads\/replace\/3501ca07874988927b52e0f215500a62.jpeg\" alt=\"InFace Blackhead Remover Instrument MS7000\" width=\"1000\" height=\"1251\" data-lazy=\"\/wp-content\/uploads\/replace\/3501ca07874988927b52e0f215500a62.jpeg\" data-was-processed=\"true\" \/><\/p>\n<p><img loading=\"lazy\" decoding=\"async\" class=\"js-descLazyload lazy-loaded aligncenter\" src=\"\/wp-content\/uploads\/replace\/90412ba9cba312eec6a3f88ed29446ac.jpeg\" alt=\"InFace Blackhead Remover Instrument MS7000\" width=\"1000\" height=\"1198\" data-lazy=\"\/wp-content\/uploads\/replace\/90412ba9cba312eec6a3f88ed29446ac.jpeg\" data-was-processed=\"true\" \/><\/p>\n<p><img loading=\"lazy\" decoding=\"async\" class=\"js-descLazyload lazy-loaded aligncenter\" src=\"\/wp-content\/uploads\/replace\/4908dc13aea8c29fca782cc43266af1d.jpeg\" alt=\"InFace Blackhead Remover Instrument MS7000\" width=\"1000\" height=\"925\" data-lazy=\"\/wp-content\/uploads\/replace\/4908dc13aea8c29fca782cc43266af1d.jpeg\" data-was-processed=\"true\" \/><\/p>\n<p><img loading=\"lazy\" decoding=\"async\" class=\"js-descLazyload lazy-loaded aligncenter\" src=\"\/wp-content\/uploads\/replace\/51058e2827ee3083bcb06c9504ad2df7.jpeg\" alt=\"InFace Blackhead Remover Instrument MS7000\" width=\"1000\" height=\"862\" data-lazy=\"\/wp-content\/uploads\/replace\/51058e2827ee3083bcb06c9504ad2df7.jpeg\" data-was-processed=\"true\" \/><\/p>\n<p><img loading=\"lazy\" decoding=\"async\" class=\"js-descLazyload lazy-loaded aligncenter\" src=\"\/wp-content\/uploads\/replace\/8b462863ad5484ab456d6a2bc7147cac.jpeg\" alt=\"InFace Blackhead Remover Instrument MS7000\" width=\"1000\" height=\"1410\" data-lazy=\"\/wp-content\/uploads\/replace\/8b462863ad5484ab456d6a2bc7147cac.jpeg\" data-was-processed=\"true\" \/><\/p>\n<p><img loading=\"lazy\" decoding=\"async\" class=\"js-descLazyload lazy-loaded aligncenter\" src=\"\/wp-content\/uploads\/replace\/9ebbd7644325633c5e36b637700c3db1.jpeg\" alt=\"InFace Blackhead Remover Instrument MS7000\" width=\"1000\" height=\"1680\" data-lazy=\"\/wp-content\/uploads\/replace\/9ebbd7644325633c5e36b637700c3db1.jpeg\" data-was-processed=\"true\" \/><\/p>\n<p><img loading=\"lazy\" decoding=\"async\" class=\"js-descLazyload lazy-loaded aligncenter\" src=\"\/wp-content\/uploads\/replace\/d461f65f137797b05f859d0b64c2ea59.jpeg\" alt=\"InFace Blackhead Remover Instrument MS7000\" width=\"1000\" height=\"1691\" data-lazy=\"\/wp-content\/uploads\/replace\/d461f65f137797b05f859d0b64c2ea59.jpeg\" data-was-processed=\"true\" \/><\/p>\n<p><img loading=\"lazy\" decoding=\"async\" class=\"js-descLazyload lazy-loaded aligncenter\" src=\"\/wp-content\/uploads\/replace\/e89f887a9c3befd67eab87895ac4f4ff.jpeg\" alt=\"InFace Blackhead Remover Instrument MS7000\" width=\"1000\" height=\"1111\" data-lazy=\"\/wp-content\/uploads\/replace\/e89f887a9c3befd67eab87895ac4f4ff.jpeg\" data-was-processed=\"true\" \/><\/p>\n<p><img loading=\"lazy\" decoding=\"async\" class=\"js-descLazyload lazy-loaded aligncenter\" src=\"\/wp-content\/uploads\/replace\/98dc89895f802331c0b53dca538999bb.jpeg\" alt=\"InFace Blackhead Remover Instrument MS7000\" width=\"1000\" height=\"1111\" data-lazy=\"\/wp-content\/uploads\/replace\/98dc89895f802331c0b53dca538999bb.jpeg\" data-was-processed=\"true\" \/><\/p>\n<p><img loading=\"lazy\" decoding=\"async\" class=\"js-descLazyload lazy-loaded aligncenter\" src=\"\/wp-content\/uploads\/replace\/f1a3b8cd4b972583d20ea6bd5e659f19.jpeg\" alt=\"InFace Blackhead Remover Instrument MS7000\" width=\"1000\" height=\"1239\" data-lazy=\"\/wp-content\/uploads\/replace\/f1a3b8cd4b972583d20ea6bd5e659f19.jpeg\" data-was-processed=\"true\" \/><\/p>\n<p><strong>Caracter\u00edsticas<\/strong>:<br \/>\n\u25cfLimpeza profunda da pele: Rejeite cravos, acne, cada poro respira livremente.<br \/>\n\u25cf Bateria de pol\u00edmero e v\u00e1lvula de ar inteligente: forte suc\u00e7\u00e3o para combater eficazmente os cravos.<br \/>\n\u25cf Modo 2: Modo de suc\u00e7\u00e3o direta, suc\u00e7\u00e3o grande, adequado para pele mais espessa do estrato c\u00f3rneo, recomendado para homens. Modo de respira\u00e7\u00e3o calmante, uma suc\u00e7\u00e3o e um modo de trabalho calmante, confort\u00e1vel e menos dor, adequado para peles femininas e sens\u00edveis.<br \/>\n\u25cf3 Equipamento para peles diferentes: BAIXO: adsor\u00e7\u00e3o suave, principalmente para pele seca. MID: suc\u00e7\u00e3o de for\u00e7a m\u00e9dia, principalmente para peles mistas. ALTO: forte adsor\u00e7\u00e3o, principalmente para peles oleosas.<br \/>\n\u25cf4 Limpeza da divis\u00f3ria do bocal de beleza: Bocal de beleza com furo redondo grande, para pe\u00e7as com cravos grandes. Bocal de beleza com furo redondo pequeno, para pe\u00e7as sens\u00edveis vulner\u00e1veis. Bocal de beleza com orif\u00edcio el\u00edptico, para levantar e esticar a pele. Bocal l\u00edquido de beleza para acne, especialmente desenvolvido para a pele acneica.<br \/>\n\u25cfDesign convexo de 30 graus do bico: Ele pode se ajustar melhor \u00e0 pele do rosto, fortalecer a suc\u00e7\u00e3o, apertar suavemente os poros, sugar e afastar os cravos.<br \/>\n\u25cf Curvatura corporal de 30 graus Melhor experi\u00eancia de ader\u00eancia: O \u00e2ngulo entre a ponta e o corpo \u00e9 de 30 graus, a ponta pode caber na pele do rosto, adaptar-se ao contorno do nariz e a opera\u00e7\u00e3o \u00e9 mais flex\u00edvel.<\/p>\n<p><strong>Especifica\u00e7\u00f5es<\/strong>:<br \/>\nMarca: Xiaomi<br \/>\nModelo: MS7000<br \/>\nCor branca<br \/>\nMaterial: spray de PC transparente UV mudo, revestimento de PC<br \/>\nCapacidade da bateria: 400mAh<br \/>\nCorrente de carregamento: 300ma<br \/>\nTens\u00e3o de carregamento: 5V<br \/>\nTempo de carregamento: cerca de 2 horas<br \/>\nCorrente de espera: 40ua<br \/>\nTemperatura de trabalho: 0-40 graus Celsius<br \/>\nSuc\u00e7\u00e3o do instrumento: at\u00e9 62kpa<br \/>\nTamanho do item: 183*35*35mm \/ 7.2*1.4*1,4 pol.<br \/>\nPeso do item: 135g\/4,8 on\u00e7as<br \/>\nTamanho do pacote: 195 * 40 * 40 mm \/ 7,7 * 1,6 * 1,6 pol.<br \/>\nPeso do pacote: 391g\/13,8 on\u00e7as<\/p>\n<p>Lista de pacotes:<br \/>\n1 * instrumento cravo<br \/>\n4 x cabe\u00e7as de bico<br \/>\n1 x cabo USB<\/p>\n<p>Nota: O per\u00edodo de garantia deste produto \u00e9 de um m\u00eas<\/p>\n<\/div>","protected":false},"excerpt":{"rendered":"<p><strong>Limpeza profunda da pele.<\/strong><\/p>\n<p><strong>Bateria de pol\u00edmero e v\u00e1lvula de ar inteligente.<\/strong><\/p>\n<p><strong>3 equipamentos para peles diferentes.<\/strong><\/p>\n<p><strong>4 Limpeza da divis\u00f3ria do bico de beleza.<\/strong><\/p>\n<p><strong>Bico com design convexo de 30 graus.<\/strong><\/p>\n<p><strong>Curvatura corporal de 30 graus, melhor experi\u00eancia de ader\u00eancia.<\/strong><\/p>","protected":false},"featured_media":24285,"template":"","meta":[],"product_brand":[],"product_cat":[1320,1305],"product_tag":[1037],"class_list":{"0":"post-24144","1":"product","2":"type-product","3":"status-publish","4":"has-post-thumbnail","6":"product_cat-personal-care","7":"product_cat-xiaomi-eco","8":"product_tag-inface-blackhead-remover-instrument-ms7000","10":"first","11":"instock","12":"shipping-taxable","13":"product-type-external"},"aioseo_notices":[],"aioseo_head":"\n\t\t<!-- All in One SEO Pro 4.5.9.2 - aioseo.com -->\n\t\t<meta name=\"description\" content=\"Deep Cleaning Your Skin. Polymer Battery andSmart Air Valve. 3 Gear for Different Skin. 4 Beauty Nozzle Partition Cleaning. Nozzle 30 Degree Convex Design. 30 Degree Body Curvature Better Grip Experience.\" \/>\n\t\t<meta name=\"robots\" content=\"max-image-preview:large\" \/>\n\t\t<link rel=\"canonical\" href=\"https:\/\/www.rucashk.com\/pt\/produto\/inface-blackhead-remover-instrument-ms7000-wholesale\/\" \/>\n\t\t<meta name=\"generator\" content=\"All in One SEO Pro (AIOSEO) 4.5.9.2\" \/>\n\t\t<meta property=\"og:locale\" content=\"pt_PT\" \/>\n\t\t<meta property=\"og:site_name\" content=\"Rucas - One-stop AIoT Distribution Worldwide\" \/>\n\t\t<meta property=\"og:type\" content=\"article\" \/>\n\t\t<meta property=\"og:title\" content=\"InFace Blackhead Remover Instrument MS7000 Wholesale - Rucas - Wholesale and Distribution\" \/>\n\t\t<meta property=\"og:description\" content=\"Deep Cleaning Your Skin. Polymer Battery andSmart Air Valve. 3 Gear for Different Skin. 4 Beauty Nozzle Partition Cleaning. Nozzle 30 Degree Convex Design. 30 Degree Body Curvature Better Grip Experience.\" \/>\n\t\t<meta property=\"og:url\" content=\"https:\/\/www.rucashk.com\/pt\/produto\/inface-blackhead-remover-instrument-ms7000-wholesale\/\" \/>\n\t\t<meta property=\"og:image\" content=\"https:\/\/www.rucashk.com\/wp-content\/uploads\/replace\/503b8e645f128a97ccde2b6290747646.jpeg\" \/>\n\t\t<meta property=\"og:image:secure_url\" content=\"https:\/\/www.rucashk.com\/wp-content\/uploads\/replace\/503b8e645f128a97ccde2b6290747646.jpeg\" \/>\n\t\t<meta property=\"og:image:width\" content=\"1456\" \/>\n\t\t<meta property=\"og:image:height\" content=\"816\" \/>\n\t\t<meta property=\"article:published_time\" content=\"2024-01-09T16:01:24+00:00\" \/>\n\t\t<meta property=\"article:modified_time\" content=\"2024-03-13T13:03:56+00:00\" \/>\n\t\t<meta name=\"twitter:card\" content=\"summary_large_image\" \/>\n\t\t<meta name=\"twitter:title\" content=\"InFace Blackhead Remover Instrument MS7000 Wholesale - Rucas - Wholesale and Distribution\" \/>\n\t\t<meta name=\"twitter:description\" content=\"Deep Cleaning Your Skin. Polymer Battery andSmart Air Valve. 3 Gear for Different Skin. 4 Beauty Nozzle Partition Cleaning. Nozzle 30 Degree Convex Design. 30 Degree Body Curvature Better Grip Experience.\" \/>\n\t\t<meta name=\"twitter:image\" content=\"https:\/\/www.rucashk.com\/wp-content\/uploads\/replace\/503b8e645f128a97ccde2b6290747646.jpeg\" \/>\n\t\t<script type=\"application\/ld+json\" class=\"aioseo-schema\">\n\t\t\t{\"@context\":\"https:\\\/\\\/schema.org\",\"@graph\":[{\"@type\":\"BreadcrumbList\",\"@id\":\"https:\\\/\\\/www.rucashk.com\\\/pt\\\/produto\\\/inface-blackhead-remover-instrument-ms7000-wholesale\\\/#breadcrumblist\",\"itemListElement\":[{\"@type\":\"ListItem\",\"@id\":\"https:\\\/\\\/www.rucashk.com\\\/pt\\\/#listItem\",\"position\":1,\"name\":\"Home\",\"item\":\"https:\\\/\\\/www.rucashk.com\\\/pt\\\/\",\"nextItem\":\"https:\\\/\\\/www.rucashk.com\\\/pt\\\/produto\\\/inface-blackhead-remover-instrument-ms7000-wholesale\\\/#listItem\"},{\"@type\":\"ListItem\",\"@id\":\"https:\\\/\\\/www.rucashk.com\\\/pt\\\/produto\\\/inface-blackhead-remover-instrument-ms7000-wholesale\\\/#listItem\",\"position\":2,\"name\":\"InFace Blackhead Remover Instrument MS7000 Wholesale\",\"previousItem\":\"https:\\\/\\\/www.rucashk.com\\\/pt\\\/#listItem\"}]},{\"@type\":\"Organization\",\"@id\":\"https:\\\/\\\/www.rucashk.com\\\/pt\\\/#organization\",\"name\":\"Rucas\",\"url\":\"https:\\\/\\\/www.rucashk.com\\\/pt\\\/\",\"logo\":{\"@type\":\"ImageObject\",\"url\":\"https:\\\/\\\/www.rucashk.com\\\/wp-content\\\/uploads\\\/2023\\\/12\\\/Rucas_campany_logo.png\",\"@id\":\"https:\\\/\\\/www.rucashk.com\\\/pt\\\/produto\\\/inface-blackhead-remover-instrument-ms7000-wholesale\\\/#organizationLogo\",\"width\":221,\"height\":65},\"image\":{\"@id\":\"https:\\\/\\\/www.rucashk.com\\\/pt\\\/#organizationLogo\"}},{\"@type\":\"Person\",\"@id\":\"https:\\\/\\\/www.rucashk.com\\\/pt\\\/author\\\/admin\\\/#author\",\"url\":\"https:\\\/\\\/www.rucashk.com\\\/pt\\\/author\\\/admin\\\/\",\"name\":\"admin\",\"image\":{\"@type\":\"ImageObject\",\"@id\":\"https:\\\/\\\/www.rucashk.com\\\/pt\\\/produto\\\/inface-blackhead-remover-instrument-ms7000-wholesale\\\/#authorImage\",\"url\":\"https:\\\/\\\/secure.gravatar.com\\\/avatar\\\/b7c8925b09a27e72b30232f8ecaadbd5af0f70a38c78096863fe51b64f031c24?s=96&d=mm&r=g\",\"width\":96,\"height\":96,\"caption\":\"admin\"}},{\"@type\":\"WebPage\",\"@id\":\"https:\\\/\\\/www.rucashk.com\\\/pt\\\/produto\\\/inface-blackhead-remover-instrument-ms7000-wholesale\\\/#webpage\",\"url\":\"https:\\\/\\\/www.rucashk.com\\\/pt\\\/produto\\\/inface-blackhead-remover-instrument-ms7000-wholesale\\\/\",\"name\":\"InFace Blackhead Remover Instrument MS7000 Wholesale - Rucas - Wholesale and Distribution\",\"description\":\"Deep Cleaning Your Skin. Polymer Battery andSmart Air Valve. 3 Gear for Different Skin. 4 Beauty Nozzle Partition Cleaning. Nozzle 30 Degree Convex Design. 30 Degree Body Curvature Better Grip Experience.\",\"inLanguage\":\"pt-PT\",\"isPartOf\":{\"@id\":\"https:\\\/\\\/www.rucashk.com\\\/pt\\\/#website\"},\"breadcrumb\":{\"@id\":\"https:\\\/\\\/www.rucashk.com\\\/pt\\\/produto\\\/inface-blackhead-remover-instrument-ms7000-wholesale\\\/#breadcrumblist\"},\"author\":{\"@id\":\"https:\\\/\\\/www.rucashk.com\\\/pt\\\/author\\\/admin\\\/#author\"},\"creator\":{\"@id\":\"https:\\\/\\\/www.rucashk.com\\\/pt\\\/author\\\/admin\\\/#author\"},\"image\":{\"@type\":\"ImageObject\",\"url\":\"https:\\\/\\\/www.rucashk.com\\\/wp-content\\\/uploads\\\/2024\\\/01\\\/xiaomi-acne-pore-beauty-pimple-care-removal-machine-clean-facial-inface-blackhead-vacuum-instrument-suction-remover-skin-3.jpg\",\"@id\":\"https:\\\/\\\/www.rucashk.com\\\/pt\\\/produto\\\/inface-blackhead-remover-instrument-ms7000-wholesale\\\/#mainImage\",\"width\":800,\"height\":800},\"primaryImageOfPage\":{\"@id\":\"https:\\\/\\\/www.rucashk.com\\\/pt\\\/produto\\\/inface-blackhead-remover-instrument-ms7000-wholesale\\\/#mainImage\"},\"datePublished\":\"2024-01-09T16:01:24+00:00\",\"dateModified\":\"2024-03-13T13:03:56+00:00\"},{\"@type\":\"WebSite\",\"@id\":\"https:\\\/\\\/www.rucashk.com\\\/pt\\\/#website\",\"url\":\"https:\\\/\\\/www.rucashk.com\\\/pt\\\/\",\"name\":\"Rucas - Wholesale and distribution worldwide\",\"alternateName\":\"Rucas - One-stop AIoT Distribution Worldwide\",\"description\":\"One-stop AIoT Distribution Worldwide\",\"inLanguage\":\"pt-PT\",\"publisher\":{\"@id\":\"https:\\\/\\\/www.rucashk.com\\\/pt\\\/#organization\"}}]}\n\t\t<\/script>\n\t\t<!-- All in One SEO Pro -->\r\n\t\t<title>InFace Blackhead Remover Instrument MS7000 Wholesale - Rucas - Wholesale and Distribution<\/title>\n\n","aioseo_head_json":{"title":"InFace Blackhead Remover Instrument MS7000 Wholesale - Rucas - Wholesale and Distribution","description":"Deep Cleaning Your Skin. Polymer Battery andSmart Air Valve. 3 Gear for Different Skin. 4 Beauty Nozzle Partition Cleaning. Nozzle 30 Degree Convex Design. 30 Degree Body Curvature Better Grip Experience.","canonical_url":"https:\/\/www.rucashk.com\/pt\/produto\/inface-blackhead-remover-instrument-ms7000-wholesale\/","robots":"max-image-preview:large","keywords":"","webmasterTools":{"miscellaneous":""},"og:locale":"pt_PT","og:site_name":"Rucas - One-stop AIoT Distribution Worldwide","og:type":"article","og:title":"InFace Blackhead Remover Instrument MS7000 Wholesale - Rucas - Wholesale and Distribution","og:description":"Deep Cleaning Your Skin. Polymer Battery andSmart Air Valve. 3 Gear for Different Skin. 4 Beauty Nozzle Partition Cleaning. Nozzle 30 Degree Convex Design. 30 Degree Body Curvature Better Grip Experience.","og:url":"https:\/\/www.rucashk.com\/pt\/produto\/inface-blackhead-remover-instrument-ms7000-wholesale\/","og:image":"https:\/\/www.rucashk.com\/wp-content\/uploads\/replace\/503b8e645f128a97ccde2b6290747646.jpeg","og:image:secure_url":"https:\/\/www.rucashk.com\/wp-content\/uploads\/replace\/503b8e645f128a97ccde2b6290747646.jpeg","og:image:width":1456,"og:image:height":816,"article:published_time":"2024-01-09T16:01:24+00:00","article:modified_time":"2024-03-13T13:03:56+00:00","twitter:card":"summary_large_image","twitter:title":"InFace Blackhead Remover Instrument MS7000 Wholesale - Rucas - Wholesale and Distribution","twitter:description":"Deep Cleaning Your Skin. Polymer Battery andSmart Air Valve. 3 Gear for Different Skin. 4 Beauty Nozzle Partition Cleaning. Nozzle 30 Degree Convex Design. 30 Degree Body Curvature Better Grip Experience.","twitter:image":"https:\/\/www.rucashk.com\/wp-content\/uploads\/replace\/503b8e645f128a97ccde2b6290747646.jpeg","schema":{"@context":"https:\/\/schema.org","@graph":[{"@type":"BreadcrumbList","@id":"https:\/\/www.rucashk.com\/pt\/produto\/inface-blackhead-remover-instrument-ms7000-wholesale\/#breadcrumblist","itemListElement":[{"@type":"ListItem","@id":"https:\/\/www.rucashk.com\/pt\/#listItem","position":1,"name":"Home","item":"https:\/\/www.rucashk.com\/pt\/","nextItem":"https:\/\/www.rucashk.com\/pt\/produto\/inface-blackhead-remover-instrument-ms7000-wholesale\/#listItem"},{"@type":"ListItem","@id":"https:\/\/www.rucashk.com\/pt\/produto\/inface-blackhead-remover-instrument-ms7000-wholesale\/#listItem","position":2,"name":"InFace Blackhead Remover Instrument MS7000 Wholesale","previousItem":"https:\/\/www.rucashk.com\/pt\/#listItem"}]},{"@type":"Organization","@id":"https:\/\/www.rucashk.com\/pt\/#organization","name":"Rucas","url":"https:\/\/www.rucashk.com\/pt\/","logo":{"@type":"ImageObject","url":"https:\/\/www.rucashk.com\/wp-content\/uploads\/2023\/12\/Rucas_campany_logo.png","@id":"https:\/\/www.rucashk.com\/pt\/produto\/inface-blackhead-remover-instrument-ms7000-wholesale\/#organizationLogo","width":221,"height":65},"image":{"@id":"https:\/\/www.rucashk.com\/pt\/#organizationLogo"}},{"@type":"Person","@id":"https:\/\/www.rucashk.com\/pt\/author\/admin\/#author","url":"https:\/\/www.rucashk.com\/pt\/author\/admin\/","name":"admin","image":{"@type":"ImageObject","@id":"https:\/\/www.rucashk.com\/pt\/produto\/inface-blackhead-remover-instrument-ms7000-wholesale\/#authorImage","url":"https:\/\/secure.gravatar.com\/avatar\/b7c8925b09a27e72b30232f8ecaadbd5af0f70a38c78096863fe51b64f031c24?s=96&d=mm&r=g","width":96,"height":96,"caption":"admin"}},{"@type":"WebPage","@id":"https:\/\/www.rucashk.com\/pt\/produto\/inface-blackhead-remover-instrument-ms7000-wholesale\/#webpage","url":"https:\/\/www.rucashk.com\/pt\/produto\/inface-blackhead-remover-instrument-ms7000-wholesale\/","name":"InFace Blackhead Remover Instrument MS7000 Wholesale - Rucas - Wholesale and Distribution","description":"Deep Cleaning Your Skin. Polymer Battery andSmart Air Valve. 3 Gear for Different Skin. 4 Beauty Nozzle Partition Cleaning. Nozzle 30 Degree Convex Design. 30 Degree Body Curvature Better Grip Experience.","inLanguage":"pt-PT","isPartOf":{"@id":"https:\/\/www.rucashk.com\/pt\/#website"},"breadcrumb":{"@id":"https:\/\/www.rucashk.com\/pt\/produto\/inface-blackhead-remover-instrument-ms7000-wholesale\/#breadcrumblist"},"author":{"@id":"https:\/\/www.rucashk.com\/pt\/author\/admin\/#author"},"creator":{"@id":"https:\/\/www.rucashk.com\/pt\/author\/admin\/#author"},"image":{"@type":"ImageObject","url":"https:\/\/www.rucashk.com\/wp-content\/uploads\/2024\/01\/xiaomi-acne-pore-beauty-pimple-care-removal-machine-clean-facial-inface-blackhead-vacuum-instrument-suction-remover-skin-3.jpg","@id":"https:\/\/www.rucashk.com\/pt\/produto\/inface-blackhead-remover-instrument-ms7000-wholesale\/#mainImage","width":800,"height":800},"primaryImageOfPage":{"@id":"https:\/\/www.rucashk.com\/pt\/produto\/inface-blackhead-remover-instrument-ms7000-wholesale\/#mainImage"},"datePublished":"2024-01-09T16:01:24+00:00","dateModified":"2024-03-13T13:03:56+00:00"},{"@type":"WebSite","@id":"https:\/\/www.rucashk.com\/pt\/#website","url":"https:\/\/www.rucashk.com\/pt\/","name":"Rucas - Wholesale and distribution worldwide","alternateName":"Rucas - One-stop AIoT Distribution Worldwide","description":"One-stop AIoT Distribution Worldwide","inLanguage":"pt-PT","publisher":{"@id":"https:\/\/www.rucashk.com\/pt\/#organization"}}]}},"aioseo_meta_data":{"post_id":"24144","title":null,"description":null,"keywords":null,"keyphrases":null,"primary_term":null,"canonical_url":null,"og_title":null,"og_description":null,"og_object_type":"default","og_image_type":"default","og_image_url":null,"og_image_width":null,"og_image_height":null,"og_image_custom_url":null,"og_image_custom_fields":null,"og_video":null,"og_custom_url":null,"og_article_section":null,"og_article_tags":null,"twitter_use_og":false,"twitter_card":"default","twitter_image_type":"default","twitter_image_url":null,"twitter_image_custom_url":null,"twitter_image_custom_fields":null,"twitter_title":null,"twitter_description":null,"schema":{"blockGraphs":[],"customGraphs":[],"default":{"data":{"Article":[],"Course":[],"Dataset":[],"FAQPage":[],"Movie":[],"Person":[],"Product":[],"Recipe":[],"Service":[],"SoftwareApplication":[],"WebPage":[]},"graphName":"","isEnabled":true},"graphs":[]},"schema_type":"default","schema_type_options":null,"pillar_content":false,"robots_default":true,"robots_noindex":false,"robots_noarchive":false,"robots_nosnippet":false,"robots_nofollow":false,"robots_noimageindex":false,"robots_noodp":false,"robots_notranslate":false,"robots_max_snippet":null,"robots_max_videopreview":null,"robots_max_imagepreview":"large","priority":null,"frequency":null,"local_seo":null,"breadcrumb_settings":null,"limit_modified_date":false,"created":"2024-04-11 01:57:09","updated":"2025-06-22 17:25:04"},"aioseo_breadcrumb":"<div class=\"aioseo-breadcrumbs\"><span class=\"aioseo-breadcrumb\">\n\t<a href=\"https:\/\/www.rucashk.com\/pt\" title=\"Home\">Home<\/a>\n<\/span><span class=\"aioseo-breadcrumb-separator\">&raquo;<\/span><span class=\"aioseo-breadcrumb\">\n\t<a href=\"https:\/\/www.rucashk.com\/pt\/products\/\" title=\"Produtos\">Produtos<\/a>\n<\/span><span class=\"aioseo-breadcrumb-separator\">&raquo;<\/span><span class=\"aioseo-breadcrumb\">\n\t<a href=\"https:\/\/www.rucashk.com\/pt\/categoria-produto\/xiaomi-eco\/\" title=\"Xiaomi Eco\">Xiaomi Eco<\/a>\n<\/span><span class=\"aioseo-breadcrumb-separator\">&raquo;<\/span><span class=\"aioseo-breadcrumb\">\n\t<a href=\"https:\/\/www.rucashk.com\/pt\/categoria-produto\/xiaomi-eco\/personal-care\/\" title=\"Personal Care\">Personal Care<\/a>\n<\/span><span class=\"aioseo-breadcrumb-separator\">&raquo;<\/span><span class=\"aioseo-breadcrumb\">\n\tInFace Blackhead Remover Instrument MS7000 Wholesale\n<\/span><\/div>","aioseo_breadcrumb_json":[{"label":"Home","link":"https:\/\/www.rucashk.com\/pt"},{"label":"Produtos","link":"https:\/\/www.rucashk.com\/pt\/products\/"},{"label":"Xiaomi Eco","link":"https:\/\/www.rucashk.com\/pt\/categoria-produto\/xiaomi-eco\/"},{"label":"Personal Care","link":"https:\/\/www.rucashk.com\/pt\/categoria-produto\/xiaomi-eco\/personal-care\/"},{"label":"InFace Blackhead Remover Instrument MS7000 Wholesale","link":"https:\/\/www.rucashk.com\/pt\/produto\/inface-blackhead-remover-instrument-ms7000-wholesale\/"}],"_links":{"self":[{"href":"https:\/\/www.rucashk.com\/pt\/wp-json\/wp\/v2\/product\/24144","targetHints":{"allow":["GET"]}}],"collection":[{"href":"https:\/\/www.rucashk.com\/pt\/wp-json\/wp\/v2\/product"}],"about":[{"href":"https:\/\/www.rucashk.com\/pt\/wp-json\/wp\/v2\/types\/product"}],"wp:featuredmedia":[{"embeddable":true,"href":"https:\/\/www.rucashk.com\/pt\/wp-json\/wp\/v2\/media\/24285"}],"wp:attachment":[{"href":"https:\/\/www.rucashk.com\/pt\/wp-json\/wp\/v2\/media?parent=24144"}],"wp:term":[{"taxonomy":"product_brand","embeddable":true,"href":"https:\/\/www.rucashk.com\/pt\/wp-json\/wp\/v2\/product_brand?post=24144"},{"taxonomy":"product_cat","embeddable":true,"href":"https:\/\/www.rucashk.com\/pt\/wp-json\/wp\/v2\/product_cat?post=24144"},{"taxonomy":"product_tag","embeddable":true,"href":"https:\/\/www.rucashk.com\/pt\/wp-json\/wp\/v2\/product_tag?post=24144"}],"curies":[{"name":"wp","href":"https:\/\/api.w.org\/{rel}","templated":true}]}}