{"id":24143,"date":"2024-01-09T16:01:23","date_gmt":"2024-01-09T16:01:23","guid":{"rendered":"http:\/\/rucashk.com\/?post_type=product&#038;p=24143"},"modified":"2025-06-22T07:44:55","modified_gmt":"2025-06-22T07:44:55","slug":"mijia-honeywell-smoke-detector-wholesale","status":"publish","type":"product","link":"https:\/\/www.rucashk.com\/pt\/produto\/mijia-honeywell-smoke-detector-wholesale\/","title":{"rendered":"Detector de fuma\u00e7a Mijia Honeywell atacado"},"content":{"rendered":"<div class=\"product_pz\">\n<div class=\"product_pz_info product_pz_style2\"><img fetchpriority=\"high\" decoding=\"async\" class=\"js-descLazyload lazy-loaded aligncenter\" title=\"Xiaomi Mijia Honeywell Detector de alarme de inc\u00eandio Sensor fotoel\u00e9trico de fuma\u00e7a - Branco\" src=\"https:\/\/www.rucashk.com\/wp-content\/uploads\/2020\/07\/20180505174313_36814.jpg\" alt=\"Mijia\u00a0Honeywell Smoke Detector\" width=\"1000\" height=\"3020\" data-lazy=\"https:\/\/www.rucashk.com\/wp-content\/uploads\/2020\/07\/20180505174313_36814.jpg\" data-was-processed=\"true\" \/><\/div>\n<\/div>\n<p><img decoding=\"async\" class=\"aligncenter\" src=\"https:\/\/www.rucashk.com\/wp-content\/uploads\/2020\/07\/UT8H8mBXi0aXXagOFbXb.jpg\" alt=\"Mijia\u00a0Honeywell Smoke Detector\" width=\"938\" height=\"40\" data-spm-anchor-id=\"a2g0o.detail.1000023.i1.9c3913dfxL2Yzb\" \/><\/p>\n<div>\n<h2>Detector de fuma\u00e7a Mijia Honeywell<\/h2>\n<p>\u00c9 t\u00e3o essencial como o anterior se tem tend\u00eancia a queimar coisas na cozinha. Mesmo no infeliz desenvolvimento de fuma\u00e7a, ela ser\u00e1 extinta com uma sirene alta. O detector tamb\u00e9m pode ser controlado a partir do seu dispositivo Xiaomi atrav\u00e9s de um aplicativo para que voc\u00ea possa receber mensagens push no seu smartphone. Monte no teto da sua cozinha e deixe-o fazer o seu trabalho. Este alarme de inc\u00eandio vem com bateria e sua vida \u00fatil \u00e9 de 5 anos.<\/p>\n<\/div>\n<div><\/div>\n<h2>Caracter\u00edsticas principais.<\/h2>\n<div>\n<ul>\n<li>O detector de fuma\u00e7a inteligente e o alarme de inc\u00eandio aumentam enormemente os n\u00edveis de seguran\u00e7a da propriedade<\/li>\n<li>Acesso remoto e notifica\u00e7\u00f5es quando emparelhado com o gateway Xiaomi<\/li>\n<li>Alarme de 80 dB soa sempre que fuma\u00e7a \u00e9 detectada<\/li>\n<li>Pode ser usado individualmente como detector de fuma\u00e7a normal<\/li>\n<\/ul>\n<h2>Alarme de inc\u00eandio Xiaomi Mijia Honeywell<\/h2>\n<p>O alarme de inc\u00eandio Xiaomi Mijia Honeywell aumentar\u00e1 significativamente os n\u00edveis de seguran\u00e7a contra inc\u00eandio da sua casa. Sendo f\u00e1cil de instalar e conectar, este detector de fuma\u00e7a pode ser usado em praticamente qualquer lugar. Ele pode ser usado de forma independente como um detector de fuma\u00e7a normal ou como um alarme de inc\u00eandio inteligente quando emparelhado com o gateway multifuncional da Xiaomi. Ele \u00e9 alimentado por uma bateria CR123A de 3V (n\u00e3o inclu\u00edda) que leva um ano em standby. Al\u00e9m disso, seu alarme de fuma\u00e7a oferece lembretes ocasionais de inspe\u00e7\u00e3o. Gra\u00e7as a isso, voc\u00ea estar\u00e1 sempre em condi\u00e7\u00f5es adequadas para proteger sua fam\u00edlia de poss\u00edveis riscos de inc\u00eandio.<\/p>\n<p>Quando usado individualmente, este alarme de inc\u00eandio Xiaomi soar\u00e1 com um alarme alto de 80dB. Para aproveitar ao m\u00e1ximo o seu potencial, voc\u00ea pode sincroniz\u00e1-lo com o gateway Xiaomi. Ao fazer isso, ele oferece alertas remotos em seu telefone quando voc\u00ea detecta fuma\u00e7a. Gra\u00e7as a isso, informamos sempre sobre a situa\u00e7\u00e3o do seu im\u00f3vel, mesmo quando voc\u00ea n\u00e3o est\u00e1 por perto.<\/p>\n<p>Com seu sensor fotoel\u00e9trico de fuma\u00e7a, este alarme de inc\u00eandio \u00e9 capaz de detectar a menor quantidade de fuma\u00e7a. Com estes equipamentos de alta qualidade, seu im\u00f3vel estar\u00e1 sempre em boas m\u00e3os. A partir de agora voc\u00ea pode sair novamente com confian\u00e7a. O alarme de inc\u00eandio Xiaomi Mijia Honeywell ir\u00e1 mant\u00ea-lo atualizado e inform\u00e1-lo sobre qualquer perigo potencial, mesmo quando sua empresa n\u00e3o estiver em casa.<\/p>\n<p>Este detector de fuma\u00e7a vem com garantia de 12 meses, oferecida a voc\u00ea pelo l\u00edder em dispositivos eletr\u00f4nicos, bem como em dispositivos eletr\u00f4nicos no atacado. .<\/p>\n<\/div>\n<div>\n<h2>Especifica\u00e7\u00f5es gerais do fabricante<\/h2>\n<ul>\n<li>Material: pl\u00e1stico<\/li>\n<li>Sem fio: ZigBee<\/li>\n<li>N\u00edvel de som do alarme: 80 dB ou superior<\/li>\n<li>Bateria: CR123A 3V<\/li>\n<li>Tempo de espera: cerca de 1 ano<\/li>\n<li>Nome do aplicativo: Minha Casa<\/li>\n<li>Temperatura de trabalho: -10 a 55 graus Celsius<\/li>\n<li>Alarme remoto<\/li>\n<li>Vers\u00f5es compat\u00edveis com Android e iOS: Android 4.4 \/ iOS 8.0 ou superior<\/li>\n<li>Nota: Este dispositivo pode ser usado com fun\u00e7\u00e3o de alarme de forma independente, mais fun\u00e7\u00f5es devem corresponder ao gateway Xiaomi (CVAII-I549)<\/li>\n<\/ul>\n<h2>Dimens\u00f5es<\/h2>\n<ul>\n<li>Dimens\u00f5es principais do produto: 90x90x35mm (C x L x P)<\/li>\n<li>Peso do produto principal: 89g<\/li>\n<li>O peso\/dimens\u00e3o \u00e9 para o item principal deste produto em caixa, para ajud\u00e1-lo a comparar os tamanhos do produto antes de comprar: Por favor, n\u00e3o baseie seus c\u00e1lculos de envio neste pre\u00e7o. Os pre\u00e7os de envio dependem do conte\u00fado do carrinho, destino de envio e m\u00e9todo de envio: Use a caixa para selecionar op\u00e7\u00f5es e visualizar o pre\u00e7o de envio para o pedido total.<\/li>\n<\/ul>\n<\/div>","protected":false},"excerpt":{"rendered":"<p><strong>Destaques<\/strong><br \/>\nRemote alarm and progressive sound alarm.<br \/>\nThe alarm function can be used independently.<br \/>\nOther functions need to be connected to Xiaomi Gateway 2 or Xiaomi Gateway 3.<br \/>\nOnce the smoke concentration is too high, the smoke alarm will immediately alert you and link to the gateway.<br \/>\nThe mobile app will also issue a warning.<br \/>\nOnce the situation occurs, the mobile app will also issue a warning.<\/p>","protected":false},"featured_media":24280,"template":"","meta":[],"product_brand":[1363],"product_cat":[1318,1305],"product_tag":[1036],"class_list":{"0":"post-24143","1":"product","2":"type-product","3":"status-publish","4":"has-post-thumbnail","6":"product_brand-xiaomi","7":"product_cat-gadgets","8":"product_cat-xiaomi-eco","9":"product_tag-mijia-honeywell-smoke-detector","11":"first","12":"instock","13":"shipping-taxable","14":"product-type-external"},"aioseo_notices":[],"aioseo_head":"\n\t\t<!-- All in One SEO Pro 4.5.9.2 - aioseo.com -->\n\t\t<meta name=\"description\" content=\"Highlights Remote alarm and progressive sound alarm. The alarm function can be used independently. Other functions need to be connected to Xiaomi Gateway 2 or Xiaomi Gateway 3. Once the smoke concentration is too high, the smoke alarm will immediately alert you and link to the gateway. The mobile app will also issue a warning. Once the situation occurs, the mobile app will also issue a warning.\" \/>\n\t\t<meta name=\"robots\" content=\"max-image-preview:large\" \/>\n\t\t<link rel=\"canonical\" href=\"https:\/\/www.rucashk.com\/pt\/produto\/mijia-honeywell-smoke-detector-wholesale\/\" \/>\n\t\t<meta name=\"generator\" content=\"All in One SEO Pro (AIOSEO) 4.5.9.2\" \/>\n\t\t<meta property=\"og:locale\" content=\"pt_PT\" \/>\n\t\t<meta property=\"og:site_name\" content=\"Rucas - One-stop AIoT Distribution Worldwide\" \/>\n\t\t<meta property=\"og:type\" content=\"article\" \/>\n\t\t<meta property=\"og:title\" content=\"Mijia Honeywell Smoke Detector Wholesale - Rucas - Wholesale and Distribution\" \/>\n\t\t<meta property=\"og:description\" content=\"Highlights Remote alarm and progressive sound alarm. The alarm function can be used independently. Other functions need to be connected to Xiaomi Gateway 2 or Xiaomi Gateway 3. Once the smoke concentration is too high, the smoke alarm will immediately alert you and link to the gateway. The mobile app will also issue a warning. Once the situation occurs, the mobile app will also issue a warning.\" \/>\n\t\t<meta property=\"og:url\" content=\"https:\/\/www.rucashk.com\/pt\/produto\/mijia-honeywell-smoke-detector-wholesale\/\" \/>\n\t\t<meta property=\"og:image\" content=\"https:\/\/www.rucashk.com\/wp-content\/uploads\/replace\/503b8e645f128a97ccde2b6290747646.jpeg\" \/>\n\t\t<meta property=\"og:image:secure_url\" content=\"https:\/\/www.rucashk.com\/wp-content\/uploads\/replace\/503b8e645f128a97ccde2b6290747646.jpeg\" \/>\n\t\t<meta property=\"og:image:width\" content=\"1456\" \/>\n\t\t<meta property=\"og:image:height\" content=\"816\" \/>\n\t\t<meta property=\"article:published_time\" content=\"2024-01-09T16:01:23+00:00\" \/>\n\t\t<meta property=\"article:modified_time\" content=\"2025-06-22T07:44:55+00:00\" \/>\n\t\t<meta name=\"twitter:card\" content=\"summary_large_image\" \/>\n\t\t<meta name=\"twitter:title\" content=\"Mijia Honeywell Smoke Detector Wholesale - Rucas - Wholesale and Distribution\" \/>\n\t\t<meta name=\"twitter:description\" content=\"Highlights Remote alarm and progressive sound alarm. The alarm function can be used independently. Other functions need to be connected to Xiaomi Gateway 2 or Xiaomi Gateway 3. Once the smoke concentration is too high, the smoke alarm will immediately alert you and link to the gateway. The mobile app will also issue a warning. Once the situation occurs, the mobile app will also issue a warning.\" \/>\n\t\t<meta name=\"twitter:image\" content=\"https:\/\/www.rucashk.com\/wp-content\/uploads\/replace\/503b8e645f128a97ccde2b6290747646.jpeg\" \/>\n\t\t<script type=\"application\/ld+json\" class=\"aioseo-schema\">\n\t\t\t{\"@context\":\"https:\\\/\\\/schema.org\",\"@graph\":[{\"@type\":\"BreadcrumbList\",\"@id\":\"https:\\\/\\\/www.rucashk.com\\\/pt\\\/produto\\\/mijia-honeywell-smoke-detector-wholesale\\\/#breadcrumblist\",\"itemListElement\":[{\"@type\":\"ListItem\",\"@id\":\"https:\\\/\\\/www.rucashk.com\\\/pt\\\/#listItem\",\"position\":1,\"name\":\"Home\",\"item\":\"https:\\\/\\\/www.rucashk.com\\\/pt\\\/\",\"nextItem\":\"https:\\\/\\\/www.rucashk.com\\\/pt\\\/produto\\\/mijia-honeywell-smoke-detector-wholesale\\\/#listItem\"},{\"@type\":\"ListItem\",\"@id\":\"https:\\\/\\\/www.rucashk.com\\\/pt\\\/produto\\\/mijia-honeywell-smoke-detector-wholesale\\\/#listItem\",\"position\":2,\"name\":\"Mijia\\u00a0Honeywell Smoke Detector Wholesale\",\"previousItem\":\"https:\\\/\\\/www.rucashk.com\\\/pt\\\/#listItem\"}]},{\"@type\":\"Organization\",\"@id\":\"https:\\\/\\\/www.rucashk.com\\\/pt\\\/#organization\",\"name\":\"Rucas\",\"url\":\"https:\\\/\\\/www.rucashk.com\\\/pt\\\/\",\"logo\":{\"@type\":\"ImageObject\",\"url\":\"https:\\\/\\\/www.rucashk.com\\\/wp-content\\\/uploads\\\/2023\\\/12\\\/Rucas_campany_logo.png\",\"@id\":\"https:\\\/\\\/www.rucashk.com\\\/pt\\\/produto\\\/mijia-honeywell-smoke-detector-wholesale\\\/#organizationLogo\",\"width\":221,\"height\":65},\"image\":{\"@id\":\"https:\\\/\\\/www.rucashk.com\\\/pt\\\/#organizationLogo\"}},{\"@type\":\"Person\",\"@id\":\"https:\\\/\\\/www.rucashk.com\\\/pt\\\/author\\\/admin\\\/#author\",\"url\":\"https:\\\/\\\/www.rucashk.com\\\/pt\\\/author\\\/admin\\\/\",\"name\":\"admin\",\"image\":{\"@type\":\"ImageObject\",\"@id\":\"https:\\\/\\\/www.rucashk.com\\\/pt\\\/produto\\\/mijia-honeywell-smoke-detector-wholesale\\\/#authorImage\",\"url\":\"https:\\\/\\\/secure.gravatar.com\\\/avatar\\\/b7c8925b09a27e72b30232f8ecaadbd5af0f70a38c78096863fe51b64f031c24?s=96&d=mm&r=g\",\"width\":96,\"height\":96,\"caption\":\"admin\"}},{\"@type\":\"WebPage\",\"@id\":\"https:\\\/\\\/www.rucashk.com\\\/pt\\\/produto\\\/mijia-honeywell-smoke-detector-wholesale\\\/#webpage\",\"url\":\"https:\\\/\\\/www.rucashk.com\\\/pt\\\/produto\\\/mijia-honeywell-smoke-detector-wholesale\\\/\",\"name\":\"Mijia Honeywell Smoke Detector Wholesale - Rucas - Wholesale and Distribution\",\"description\":\"Highlights Remote alarm and progressive sound alarm. The alarm function can be used independently. Other functions need to be connected to Xiaomi Gateway 2 or Xiaomi Gateway 3. Once the smoke concentration is too high, the smoke alarm will immediately alert you and link to the gateway. The mobile app will also issue a warning. Once the situation occurs, the mobile app will also issue a warning.\",\"inLanguage\":\"pt-PT\",\"isPartOf\":{\"@id\":\"https:\\\/\\\/www.rucashk.com\\\/pt\\\/#website\"},\"breadcrumb\":{\"@id\":\"https:\\\/\\\/www.rucashk.com\\\/pt\\\/produto\\\/mijia-honeywell-smoke-detector-wholesale\\\/#breadcrumblist\"},\"author\":{\"@id\":\"https:\\\/\\\/www.rucashk.com\\\/pt\\\/author\\\/admin\\\/#author\"},\"creator\":{\"@id\":\"https:\\\/\\\/www.rucashk.com\\\/pt\\\/author\\\/admin\\\/#author\"},\"image\":{\"@type\":\"ImageObject\",\"url\":\"https:\\\/\\\/www.rucashk.com\\\/wp-content\\\/uploads\\\/2024\\\/01\\\/Original-Xiaomi-Mijia-Honeywell-Detector-de-alarma-de-Gas-humo-Disparador-remoto-de-fuego-aplicaci-n.jpg\",\"@id\":\"https:\\\/\\\/www.rucashk.com\\\/pt\\\/produto\\\/mijia-honeywell-smoke-detector-wholesale\\\/#mainImage\",\"width\":800,\"height\":800},\"primaryImageOfPage\":{\"@id\":\"https:\\\/\\\/www.rucashk.com\\\/pt\\\/produto\\\/mijia-honeywell-smoke-detector-wholesale\\\/#mainImage\"},\"datePublished\":\"2024-01-09T16:01:23+00:00\",\"dateModified\":\"2025-06-22T07:44:55+00:00\"},{\"@type\":\"WebSite\",\"@id\":\"https:\\\/\\\/www.rucashk.com\\\/pt\\\/#website\",\"url\":\"https:\\\/\\\/www.rucashk.com\\\/pt\\\/\",\"name\":\"Rucas - Wholesale and distribution worldwide\",\"alternateName\":\"Rucas - One-stop AIoT Distribution Worldwide\",\"description\":\"One-stop AIoT Distribution Worldwide\",\"inLanguage\":\"pt-PT\",\"publisher\":{\"@id\":\"https:\\\/\\\/www.rucashk.com\\\/pt\\\/#organization\"}}]}\n\t\t<\/script>\n\t\t<!-- All in One SEO Pro -->\r\n\t\t<title>Mijia Honeywell Smoke Detector Wholesale - Rucas - Wholesale and Distribution<\/title>\n\n","aioseo_head_json":{"title":"Mijia Honeywell Smoke Detector Wholesale - Rucas - Wholesale and Distribution","description":"Highlights Remote alarm and progressive sound alarm. The alarm function can be used independently. Other functions need to be connected to Xiaomi Gateway 2 or Xiaomi Gateway 3. Once the smoke concentration is too high, the smoke alarm will immediately alert you and link to the gateway. The mobile app will also issue a warning. Once the situation occurs, the mobile app will also issue a warning.","canonical_url":"https:\/\/www.rucashk.com\/pt\/produto\/mijia-honeywell-smoke-detector-wholesale\/","robots":"max-image-preview:large","keywords":"","webmasterTools":{"miscellaneous":""},"og:locale":"pt_PT","og:site_name":"Rucas - One-stop AIoT Distribution Worldwide","og:type":"article","og:title":"Mijia Honeywell Smoke Detector Wholesale - Rucas - Wholesale and Distribution","og:description":"Highlights Remote alarm and progressive sound alarm. The alarm function can be used independently. Other functions need to be connected to Xiaomi Gateway 2 or Xiaomi Gateway 3. Once the smoke concentration is too high, the smoke alarm will immediately alert you and link to the gateway. The mobile app will also issue a warning. Once the situation occurs, the mobile app will also issue a warning.","og:url":"https:\/\/www.rucashk.com\/pt\/produto\/mijia-honeywell-smoke-detector-wholesale\/","og:image":"https:\/\/www.rucashk.com\/wp-content\/uploads\/replace\/503b8e645f128a97ccde2b6290747646.jpeg","og:image:secure_url":"https:\/\/www.rucashk.com\/wp-content\/uploads\/replace\/503b8e645f128a97ccde2b6290747646.jpeg","og:image:width":1456,"og:image:height":816,"article:published_time":"2024-01-09T16:01:23+00:00","article:modified_time":"2025-06-22T07:44:55+00:00","twitter:card":"summary_large_image","twitter:title":"Mijia Honeywell Smoke Detector Wholesale - Rucas - Wholesale and Distribution","twitter:description":"Highlights Remote alarm and progressive sound alarm. The alarm function can be used independently. Other functions need to be connected to Xiaomi Gateway 2 or Xiaomi Gateway 3. Once the smoke concentration is too high, the smoke alarm will immediately alert you and link to the gateway. The mobile app will also issue a warning. Once the situation occurs, the mobile app will also issue a warning.","twitter:image":"https:\/\/www.rucashk.com\/wp-content\/uploads\/replace\/503b8e645f128a97ccde2b6290747646.jpeg","schema":{"@context":"https:\/\/schema.org","@graph":[{"@type":"BreadcrumbList","@id":"https:\/\/www.rucashk.com\/pt\/produto\/mijia-honeywell-smoke-detector-wholesale\/#breadcrumblist","itemListElement":[{"@type":"ListItem","@id":"https:\/\/www.rucashk.com\/pt\/#listItem","position":1,"name":"Home","item":"https:\/\/www.rucashk.com\/pt\/","nextItem":"https:\/\/www.rucashk.com\/pt\/produto\/mijia-honeywell-smoke-detector-wholesale\/#listItem"},{"@type":"ListItem","@id":"https:\/\/www.rucashk.com\/pt\/produto\/mijia-honeywell-smoke-detector-wholesale\/#listItem","position":2,"name":"Mijia\u00a0Honeywell Smoke Detector Wholesale","previousItem":"https:\/\/www.rucashk.com\/pt\/#listItem"}]},{"@type":"Organization","@id":"https:\/\/www.rucashk.com\/pt\/#organization","name":"Rucas","url":"https:\/\/www.rucashk.com\/pt\/","logo":{"@type":"ImageObject","url":"https:\/\/www.rucashk.com\/wp-content\/uploads\/2023\/12\/Rucas_campany_logo.png","@id":"https:\/\/www.rucashk.com\/pt\/produto\/mijia-honeywell-smoke-detector-wholesale\/#organizationLogo","width":221,"height":65},"image":{"@id":"https:\/\/www.rucashk.com\/pt\/#organizationLogo"}},{"@type":"Person","@id":"https:\/\/www.rucashk.com\/pt\/author\/admin\/#author","url":"https:\/\/www.rucashk.com\/pt\/author\/admin\/","name":"admin","image":{"@type":"ImageObject","@id":"https:\/\/www.rucashk.com\/pt\/produto\/mijia-honeywell-smoke-detector-wholesale\/#authorImage","url":"https:\/\/secure.gravatar.com\/avatar\/b7c8925b09a27e72b30232f8ecaadbd5af0f70a38c78096863fe51b64f031c24?s=96&d=mm&r=g","width":96,"height":96,"caption":"admin"}},{"@type":"WebPage","@id":"https:\/\/www.rucashk.com\/pt\/produto\/mijia-honeywell-smoke-detector-wholesale\/#webpage","url":"https:\/\/www.rucashk.com\/pt\/produto\/mijia-honeywell-smoke-detector-wholesale\/","name":"Mijia Honeywell Smoke Detector Wholesale - Rucas - Wholesale and Distribution","description":"Highlights Remote alarm and progressive sound alarm. The alarm function can be used independently. Other functions need to be connected to Xiaomi Gateway 2 or Xiaomi Gateway 3. Once the smoke concentration is too high, the smoke alarm will immediately alert you and link to the gateway. The mobile app will also issue a warning. Once the situation occurs, the mobile app will also issue a warning.","inLanguage":"pt-PT","isPartOf":{"@id":"https:\/\/www.rucashk.com\/pt\/#website"},"breadcrumb":{"@id":"https:\/\/www.rucashk.com\/pt\/produto\/mijia-honeywell-smoke-detector-wholesale\/#breadcrumblist"},"author":{"@id":"https:\/\/www.rucashk.com\/pt\/author\/admin\/#author"},"creator":{"@id":"https:\/\/www.rucashk.com\/pt\/author\/admin\/#author"},"image":{"@type":"ImageObject","url":"https:\/\/www.rucashk.com\/wp-content\/uploads\/2024\/01\/Original-Xiaomi-Mijia-Honeywell-Detector-de-alarma-de-Gas-humo-Disparador-remoto-de-fuego-aplicaci-n.jpg","@id":"https:\/\/www.rucashk.com\/pt\/produto\/mijia-honeywell-smoke-detector-wholesale\/#mainImage","width":800,"height":800},"primaryImageOfPage":{"@id":"https:\/\/www.rucashk.com\/pt\/produto\/mijia-honeywell-smoke-detector-wholesale\/#mainImage"},"datePublished":"2024-01-09T16:01:23+00:00","dateModified":"2025-06-22T07:44:55+00:00"},{"@type":"WebSite","@id":"https:\/\/www.rucashk.com\/pt\/#website","url":"https:\/\/www.rucashk.com\/pt\/","name":"Rucas - Wholesale and distribution worldwide","alternateName":"Rucas - One-stop AIoT Distribution Worldwide","description":"One-stop AIoT Distribution Worldwide","inLanguage":"pt-PT","publisher":{"@id":"https:\/\/www.rucashk.com\/pt\/#organization"}}]}},"aioseo_meta_data":{"post_id":"24143","title":null,"description":null,"keywords":null,"keyphrases":null,"primary_term":null,"canonical_url":null,"og_title":null,"og_description":null,"og_object_type":"default","og_image_type":"default","og_image_url":null,"og_image_width":null,"og_image_height":null,"og_image_custom_url":null,"og_image_custom_fields":null,"og_video":null,"og_custom_url":null,"og_article_section":null,"og_article_tags":null,"twitter_use_og":false,"twitter_card":"default","twitter_image_type":"default","twitter_image_url":null,"twitter_image_custom_url":null,"twitter_image_custom_fields":null,"twitter_title":null,"twitter_description":null,"schema":{"blockGraphs":[],"customGraphs":[],"default":{"data":{"Article":[],"Course":[],"Dataset":[],"FAQPage":[],"Movie":[],"Person":[],"Product":[],"Recipe":[],"Service":[],"SoftwareApplication":[],"WebPage":[]},"graphName":"","isEnabled":true},"graphs":[]},"schema_type":"default","schema_type_options":null,"pillar_content":false,"robots_default":true,"robots_noindex":false,"robots_noarchive":false,"robots_nosnippet":false,"robots_nofollow":false,"robots_noimageindex":false,"robots_noodp":false,"robots_notranslate":false,"robots_max_snippet":null,"robots_max_videopreview":null,"robots_max_imagepreview":"large","priority":null,"frequency":null,"local_seo":null,"breadcrumb_settings":null,"limit_modified_date":false,"created":"2024-04-11 01:57:09","updated":"2025-06-22 17:25:04"},"aioseo_breadcrumb":"<div class=\"aioseo-breadcrumbs\"><span class=\"aioseo-breadcrumb\">\n\t<a href=\"https:\/\/www.rucashk.com\/pt\" title=\"Home\">Home<\/a>\n<\/span><span class=\"aioseo-breadcrumb-separator\">&raquo;<\/span><span class=\"aioseo-breadcrumb\">\n\t<a href=\"https:\/\/www.rucashk.com\/pt\/products\/\" title=\"Produtos\">Produtos<\/a>\n<\/span><span class=\"aioseo-breadcrumb-separator\">&raquo;<\/span><span class=\"aioseo-breadcrumb\">\n\t<a href=\"https:\/\/www.rucashk.com\/pt\/marca\/xiaomi\/\" title=\"Xiaomi\">Xiaomi<\/a>\n<\/span><span class=\"aioseo-breadcrumb-separator\">&raquo;<\/span><span class=\"aioseo-breadcrumb\">\n\tMijia\u00a0Honeywell Smoke Detector Wholesale\n<\/span><\/div>","aioseo_breadcrumb_json":[{"label":"Home","link":"https:\/\/www.rucashk.com\/pt"},{"label":"Produtos","link":"https:\/\/www.rucashk.com\/pt\/products\/"},{"label":"Xiaomi","link":"https:\/\/www.rucashk.com\/pt\/marca\/xiaomi\/"},{"label":"Mijia\u00a0Honeywell Smoke Detector Wholesale","link":"https:\/\/www.rucashk.com\/pt\/produto\/mijia-honeywell-smoke-detector-wholesale\/"}],"_links":{"self":[{"href":"https:\/\/www.rucashk.com\/pt\/wp-json\/wp\/v2\/product\/24143","targetHints":{"allow":["GET"]}}],"collection":[{"href":"https:\/\/www.rucashk.com\/pt\/wp-json\/wp\/v2\/product"}],"about":[{"href":"https:\/\/www.rucashk.com\/pt\/wp-json\/wp\/v2\/types\/product"}],"wp:featuredmedia":[{"embeddable":true,"href":"https:\/\/www.rucashk.com\/pt\/wp-json\/wp\/v2\/media\/24280"}],"wp:attachment":[{"href":"https:\/\/www.rucashk.com\/pt\/wp-json\/wp\/v2\/media?parent=24143"}],"wp:term":[{"taxonomy":"product_brand","embeddable":true,"href":"https:\/\/www.rucashk.com\/pt\/wp-json\/wp\/v2\/product_brand?post=24143"},{"taxonomy":"product_cat","embeddable":true,"href":"https:\/\/www.rucashk.com\/pt\/wp-json\/wp\/v2\/product_cat?post=24143"},{"taxonomy":"product_tag","embeddable":true,"href":"https:\/\/www.rucashk.com\/pt\/wp-json\/wp\/v2\/product_tag?post=24143"}],"curies":[{"name":"wp","href":"https:\/\/api.w.org\/{rel}","templated":true}]}}