{"id":24105,"date":"2024-01-09T16:00:58","date_gmt":"2024-01-09T16:00:58","guid":{"rendered":"http:\/\/rucashk.com\/?post_type=product&#038;p=24105"},"modified":"2024-01-20T10:17:40","modified_gmt":"2024-01-20T10:17:40","slug":"mi-led-desk-lamp-2-wholesale","status":"publish","type":"product","link":"https:\/\/www.rucashk.com\/pt\/produto\/mi-led-desk-lamp-2-wholesale\/","title":{"rendered":"L\u00e2mpada de mesa LED Mi 2 atacado"},"content":{"rendered":"<div>\n<div><img decoding=\"async\" src=\"https:\/\/www.rucashk.com\/wp-content\/uploads\/2020\/07\/HTB1I.HiIFXXXXbDaXXXq6xXFXXXP.jpg\" alt=\"photo exhibitions\" width=\"901\" height=\"35\" data-spm-anchor-id=\"a2g0o.detail.1000023.i0.38b554e3wLhEzT\" \/>\u00a0<img fetchpriority=\"high\" decoding=\"async\" class=\"aligncenter\" src=\"https:\/\/www.rucashk.com\/wp-content\/uploads\/2020\/07\/HTB1Y582XcnrK1RjSspkq6yuvXXax.jpg\" alt=\"Mi LED Desk Lamp 2\" width=\"960\" height=\"834\" \/>\u00a0<img decoding=\"async\" class=\"aligncenter\" src=\"https:\/\/www.rucashk.com\/wp-content\/uploads\/2020\/07\/HTB1DhB2XozrK1RjSspmq6AOdFXav.jpg\" alt=\"Mi LED Desk Lamp 2\" width=\"960\" height=\"599\" \/>\u00a0<img loading=\"lazy\" decoding=\"async\" class=\"aligncenter\" src=\"https:\/\/www.rucashk.com\/wp-content\/uploads\/2020\/07\/HTB1FhB2XozrK1RjSspmq6AOdFXax.jpg\" alt=\"Mi LED Desk Lamp 2\" width=\"1000\" height=\"1156\" \/>\u00a0<img loading=\"lazy\" decoding=\"async\" class=\"aligncenter\" src=\"https:\/\/www.rucashk.com\/wp-content\/uploads\/2020\/07\/HTB1zC02XoLrK1Rjy0Fjq6zYXFXa8.jpg\" alt=\"Mi LED Desk Lamp 2\" width=\"1000\" height=\"738\" \/>\u00a0<img loading=\"lazy\" decoding=\"async\" class=\"aligncenter\" src=\"https:\/\/www.rucashk.com\/wp-content\/uploads\/2020\/07\/HTB1MCV2XcfrK1Rjy0Fmq6xhEXXat.jpg\" alt=\"Mi LED Desk Lamp 2\" width=\"960\" height=\"617\" \/>\u00a0<img loading=\"lazy\" decoding=\"async\" class=\"aligncenter\" src=\"https:\/\/www.rucashk.com\/wp-content\/uploads\/2020\/07\/HTB1wOt2XjzuK1RjSsppq6xz0XXaW.jpg\" alt=\"Mi LED Desk Lamp 2\" width=\"960\" height=\"612\" \/>\u00a0<img loading=\"lazy\" decoding=\"async\" class=\"aligncenter\" src=\"https:\/\/www.rucashk.com\/wp-content\/uploads\/2020\/07\/HTB1.uwOaOrpK1RjSZFhq6xSdXXaf.jpg\" alt=\"Mi LED Desk Lamp 2\" width=\"960\" height=\"718\" \/>\u00a0<img loading=\"lazy\" decoding=\"async\" class=\"aligncenter\" src=\"https:\/\/www.rucashk.com\/wp-content\/uploads\/2020\/07\/HTB1.egOaFzqK1RjSZFzq6xjrpXaO.jpg\" alt=\"Mi LED Desk Lamp 2\" width=\"960\" height=\"654\" \/>\u00a0<img loading=\"lazy\" decoding=\"async\" class=\"aligncenter\" src=\"https:\/\/www.rucashk.com\/wp-content\/uploads\/2020\/07\/HTB1nAt2XffsK1RjSszgq6yXzpXaS.jpg\" alt=\"Mi LED Desk Lamp 2\" width=\"960\" height=\"640\" \/><\/div>\n<\/div>\n<div><\/div>\n<div><strong>Especifica\u00e7\u00f5es<\/strong><br \/>\nMarca: Xiaomi<br \/>\nPot\u00eancia: 10W<br \/>\nLumin\u00e2ncia: 1200LM<br \/>\nCCT: 4000K<br \/>\nAlimentado por fonte: AC<br \/>\nMaterial: liga de alum\u00ednio, PC<br \/>\nTens\u00e3o de entrada: 100-240V CA<br \/>\nN\u00famero de LED: 40\u00d70,12 + 10x10x0,24 W<br \/>\nCaracter\u00edsticas: controle de APP, regul\u00e1vel, sens\u00edvel ao toque<br \/>\nCor clara opcional: branco natural<br \/>\nAdequado para: uso dom\u00e9stico, escrit\u00f3rio<br \/>\nPeso do produto: 1.000 kg<br \/>\nPeso da embalagem: 1.820 kg<br \/>\nTamanho do produto (C x L x A): 18,00 x 46,40 x 43,60 cm \/ 7,09 x 18,27 x 17,17 polegadas<br \/>\nTamanho do pacote (comprimento x largura x altura): 50,00\u00d720,00\u00d720,00 cm \/ 19,69\u00d77,87\u00d77,87 polegadas cor dispon\u00edvel: branco<br \/>\nConte\u00fado do pacote:<br \/>\n1 x l\u00e2mpada inteligente Xiaomi Philips Eyecare 2<\/div>","protected":false},"excerpt":{"rendered":"<p class=\"product-title-text\" data-spm-anchor-id=\"a2g0o.detail.1000016.i2.6d006a81h4k2EW\">Candeeiro de mesa inteligente Xiaomi Original Mijia, 2 luzes LED, candeeiro de mesa, EyeCare, candeeiro de mesa duplo, compat\u00edvel com iOS, Android, controlo de aplica\u00e7\u00f5es<\/p>","protected":false},"featured_media":24209,"template":"","meta":[],"product_brand":[],"product_cat":[1318,1305],"product_tag":[1024],"class_list":{"0":"post-24105","1":"product","2":"type-product","3":"status-publish","4":"has-post-thumbnail","6":"product_cat-gadgets","7":"product_cat-xiaomi-eco","8":"product_tag-mi-led-desk-lamp-2","10":"first","11":"instock","12":"shipping-taxable","13":"product-type-external"},"aioseo_notices":[],"aioseo_head":"\n\t\t<!-- All in One SEO Pro 4.5.9.2 - aioseo.com -->\n\t\t<meta name=\"description\" content=\"Xiaomi Original Mijia Smart Table Lamp, 2 LED Lights, Desk Lamp, EyeCare, Dual Desk Light, Compatible with iOS, Android, App Control\" \/>\n\t\t<meta name=\"robots\" content=\"max-image-preview:large\" \/>\n\t\t<link rel=\"canonical\" href=\"https:\/\/www.rucashk.com\/pt\/produto\/mi-led-desk-lamp-2-wholesale\/\" \/>\n\t\t<meta name=\"generator\" content=\"All in One SEO Pro (AIOSEO) 4.5.9.2\" \/>\n\t\t<meta property=\"og:locale\" content=\"pt_PT\" \/>\n\t\t<meta property=\"og:site_name\" content=\"Rucas - One-stop AIoT Distribution Worldwide\" \/>\n\t\t<meta property=\"og:type\" content=\"article\" \/>\n\t\t<meta property=\"og:title\" content=\"Mi LED Desk Lamp 2 Wholesale - Rucas - Wholesale and Distribution\" \/>\n\t\t<meta property=\"og:description\" content=\"Xiaomi Original Mijia Smart Table Lamp, 2 LED Lights, Desk Lamp, EyeCare, Dual Desk Light, Compatible with iOS, Android, App Control\" \/>\n\t\t<meta property=\"og:url\" content=\"https:\/\/www.rucashk.com\/pt\/produto\/mi-led-desk-lamp-2-wholesale\/\" \/>\n\t\t<meta property=\"og:image\" content=\"https:\/\/www.rucashk.com\/wp-content\/uploads\/replace\/503b8e645f128a97ccde2b6290747646.jpeg\" \/>\n\t\t<meta property=\"og:image:secure_url\" content=\"https:\/\/www.rucashk.com\/wp-content\/uploads\/replace\/503b8e645f128a97ccde2b6290747646.jpeg\" \/>\n\t\t<meta property=\"og:image:width\" content=\"1456\" \/>\n\t\t<meta property=\"og:image:height\" content=\"816\" \/>\n\t\t<meta property=\"article:published_time\" content=\"2024-01-09T16:00:58+00:00\" \/>\n\t\t<meta property=\"article:modified_time\" content=\"2024-01-20T10:17:40+00:00\" \/>\n\t\t<meta name=\"twitter:card\" content=\"summary_large_image\" \/>\n\t\t<meta name=\"twitter:title\" content=\"Mi LED Desk Lamp 2 Wholesale - Rucas - Wholesale and Distribution\" \/>\n\t\t<meta name=\"twitter:description\" content=\"Xiaomi Original Mijia Smart Table Lamp, 2 LED Lights, Desk Lamp, EyeCare, Dual Desk Light, Compatible with iOS, Android, App Control\" \/>\n\t\t<meta name=\"twitter:image\" content=\"https:\/\/www.rucashk.com\/wp-content\/uploads\/replace\/503b8e645f128a97ccde2b6290747646.jpeg\" \/>\n\t\t<script type=\"application\/ld+json\" class=\"aioseo-schema\">\n\t\t\t{\"@context\":\"https:\\\/\\\/schema.org\",\"@graph\":[{\"@type\":\"BreadcrumbList\",\"@id\":\"https:\\\/\\\/www.rucashk.com\\\/pt\\\/produto\\\/mi-led-desk-lamp-2-wholesale\\\/#breadcrumblist\",\"itemListElement\":[{\"@type\":\"ListItem\",\"@id\":\"https:\\\/\\\/www.rucashk.com\\\/pt\\\/#listItem\",\"position\":1,\"name\":\"Home\",\"item\":\"https:\\\/\\\/www.rucashk.com\\\/pt\\\/\",\"nextItem\":\"https:\\\/\\\/www.rucashk.com\\\/pt\\\/produto\\\/mi-led-desk-lamp-2-wholesale\\\/#listItem\"},{\"@type\":\"ListItem\",\"@id\":\"https:\\\/\\\/www.rucashk.com\\\/pt\\\/produto\\\/mi-led-desk-lamp-2-wholesale\\\/#listItem\",\"position\":2,\"name\":\"Mi LED Desk Lamp 2 Wholesale\",\"previousItem\":\"https:\\\/\\\/www.rucashk.com\\\/pt\\\/#listItem\"}]},{\"@type\":\"Organization\",\"@id\":\"https:\\\/\\\/www.rucashk.com\\\/pt\\\/#organization\",\"name\":\"Rucas\",\"url\":\"https:\\\/\\\/www.rucashk.com\\\/pt\\\/\",\"logo\":{\"@type\":\"ImageObject\",\"url\":\"https:\\\/\\\/www.rucashk.com\\\/wp-content\\\/uploads\\\/2023\\\/12\\\/Rucas_campany_logo.png\",\"@id\":\"https:\\\/\\\/www.rucashk.com\\\/pt\\\/produto\\\/mi-led-desk-lamp-2-wholesale\\\/#organizationLogo\",\"width\":221,\"height\":65},\"image\":{\"@id\":\"https:\\\/\\\/www.rucashk.com\\\/pt\\\/#organizationLogo\"}},{\"@type\":\"Person\",\"@id\":\"https:\\\/\\\/www.rucashk.com\\\/pt\\\/author\\\/admin\\\/#author\",\"url\":\"https:\\\/\\\/www.rucashk.com\\\/pt\\\/author\\\/admin\\\/\",\"name\":\"admin\",\"image\":{\"@type\":\"ImageObject\",\"@id\":\"https:\\\/\\\/www.rucashk.com\\\/pt\\\/produto\\\/mi-led-desk-lamp-2-wholesale\\\/#authorImage\",\"url\":\"https:\\\/\\\/secure.gravatar.com\\\/avatar\\\/b7c8925b09a27e72b30232f8ecaadbd5af0f70a38c78096863fe51b64f031c24?s=96&d=mm&r=g\",\"width\":96,\"height\":96,\"caption\":\"admin\"}},{\"@type\":\"WebPage\",\"@id\":\"https:\\\/\\\/www.rucashk.com\\\/pt\\\/produto\\\/mi-led-desk-lamp-2-wholesale\\\/#webpage\",\"url\":\"https:\\\/\\\/www.rucashk.com\\\/pt\\\/produto\\\/mi-led-desk-lamp-2-wholesale\\\/\",\"name\":\"Mi LED Desk Lamp 2 Wholesale - Rucas - Wholesale and Distribution\",\"description\":\"Xiaomi Original Mijia Smart Table Lamp, 2 LED Lights, Desk Lamp, EyeCare, Dual Desk Light, Compatible with iOS, Android, App Control\",\"inLanguage\":\"pt-PT\",\"isPartOf\":{\"@id\":\"https:\\\/\\\/www.rucashk.com\\\/pt\\\/#website\"},\"breadcrumb\":{\"@id\":\"https:\\\/\\\/www.rucashk.com\\\/pt\\\/produto\\\/mi-led-desk-lamp-2-wholesale\\\/#breadcrumblist\"},\"author\":{\"@id\":\"https:\\\/\\\/www.rucashk.com\\\/pt\\\/author\\\/admin\\\/#author\"},\"creator\":{\"@id\":\"https:\\\/\\\/www.rucashk.com\\\/pt\\\/author\\\/admin\\\/#author\"},\"image\":{\"@type\":\"ImageObject\",\"url\":\"https:\\\/\\\/www.rucashk.com\\\/wp-content\\\/uploads\\\/2024\\\/01\\\/L-mpara-de-mesa-inteligente-Mijia-Original-de-Xiaomi-2-luces-LED-l-mpara-de-escritorio.jpg\",\"@id\":\"https:\\\/\\\/www.rucashk.com\\\/pt\\\/produto\\\/mi-led-desk-lamp-2-wholesale\\\/#mainImage\",\"width\":800,\"height\":800},\"primaryImageOfPage\":{\"@id\":\"https:\\\/\\\/www.rucashk.com\\\/pt\\\/produto\\\/mi-led-desk-lamp-2-wholesale\\\/#mainImage\"},\"datePublished\":\"2024-01-09T16:00:58+00:00\",\"dateModified\":\"2024-01-20T10:17:40+00:00\"},{\"@type\":\"WebSite\",\"@id\":\"https:\\\/\\\/www.rucashk.com\\\/pt\\\/#website\",\"url\":\"https:\\\/\\\/www.rucashk.com\\\/pt\\\/\",\"name\":\"Rucas - Wholesale and distribution worldwide\",\"alternateName\":\"Rucas - One-stop AIoT Distribution Worldwide\",\"description\":\"One-stop AIoT Distribution Worldwide\",\"inLanguage\":\"pt-PT\",\"publisher\":{\"@id\":\"https:\\\/\\\/www.rucashk.com\\\/pt\\\/#organization\"}}]}\n\t\t<\/script>\n\t\t<!-- All in One SEO Pro -->\r\n\t\t<title>Mi LED Desk Lamp 2 Wholesale - Rucas - Wholesale and Distribution<\/title>\n\n","aioseo_head_json":{"title":"Mi LED Desk Lamp 2 Wholesale - Rucas - Wholesale and Distribution","description":"Xiaomi Original Mijia Smart Table Lamp, 2 LED Lights, Desk Lamp, EyeCare, Dual Desk Light, Compatible with iOS, Android, App Control","canonical_url":"https:\/\/www.rucashk.com\/pt\/produto\/mi-led-desk-lamp-2-wholesale\/","robots":"max-image-preview:large","keywords":"","webmasterTools":{"miscellaneous":""},"og:locale":"pt_PT","og:site_name":"Rucas - One-stop AIoT Distribution Worldwide","og:type":"article","og:title":"Mi LED Desk Lamp 2 Wholesale - Rucas - Wholesale and Distribution","og:description":"Xiaomi Original Mijia Smart Table Lamp, 2 LED Lights, Desk Lamp, EyeCare, Dual Desk Light, Compatible with iOS, Android, App Control","og:url":"https:\/\/www.rucashk.com\/pt\/produto\/mi-led-desk-lamp-2-wholesale\/","og:image":"https:\/\/www.rucashk.com\/wp-content\/uploads\/replace\/503b8e645f128a97ccde2b6290747646.jpeg","og:image:secure_url":"https:\/\/www.rucashk.com\/wp-content\/uploads\/replace\/503b8e645f128a97ccde2b6290747646.jpeg","og:image:width":1456,"og:image:height":816,"article:published_time":"2024-01-09T16:00:58+00:00","article:modified_time":"2024-01-20T10:17:40+00:00","twitter:card":"summary_large_image","twitter:title":"Mi LED Desk Lamp 2 Wholesale - Rucas - Wholesale and Distribution","twitter:description":"Xiaomi Original Mijia Smart Table Lamp, 2 LED Lights, Desk Lamp, EyeCare, Dual Desk Light, Compatible with iOS, Android, App Control","twitter:image":"https:\/\/www.rucashk.com\/wp-content\/uploads\/replace\/503b8e645f128a97ccde2b6290747646.jpeg","schema":{"@context":"https:\/\/schema.org","@graph":[{"@type":"BreadcrumbList","@id":"https:\/\/www.rucashk.com\/pt\/produto\/mi-led-desk-lamp-2-wholesale\/#breadcrumblist","itemListElement":[{"@type":"ListItem","@id":"https:\/\/www.rucashk.com\/pt\/#listItem","position":1,"name":"Home","item":"https:\/\/www.rucashk.com\/pt\/","nextItem":"https:\/\/www.rucashk.com\/pt\/produto\/mi-led-desk-lamp-2-wholesale\/#listItem"},{"@type":"ListItem","@id":"https:\/\/www.rucashk.com\/pt\/produto\/mi-led-desk-lamp-2-wholesale\/#listItem","position":2,"name":"Mi LED Desk Lamp 2 Wholesale","previousItem":"https:\/\/www.rucashk.com\/pt\/#listItem"}]},{"@type":"Organization","@id":"https:\/\/www.rucashk.com\/pt\/#organization","name":"Rucas","url":"https:\/\/www.rucashk.com\/pt\/","logo":{"@type":"ImageObject","url":"https:\/\/www.rucashk.com\/wp-content\/uploads\/2023\/12\/Rucas_campany_logo.png","@id":"https:\/\/www.rucashk.com\/pt\/produto\/mi-led-desk-lamp-2-wholesale\/#organizationLogo","width":221,"height":65},"image":{"@id":"https:\/\/www.rucashk.com\/pt\/#organizationLogo"}},{"@type":"Person","@id":"https:\/\/www.rucashk.com\/pt\/author\/admin\/#author","url":"https:\/\/www.rucashk.com\/pt\/author\/admin\/","name":"admin","image":{"@type":"ImageObject","@id":"https:\/\/www.rucashk.com\/pt\/produto\/mi-led-desk-lamp-2-wholesale\/#authorImage","url":"https:\/\/secure.gravatar.com\/avatar\/b7c8925b09a27e72b30232f8ecaadbd5af0f70a38c78096863fe51b64f031c24?s=96&d=mm&r=g","width":96,"height":96,"caption":"admin"}},{"@type":"WebPage","@id":"https:\/\/www.rucashk.com\/pt\/produto\/mi-led-desk-lamp-2-wholesale\/#webpage","url":"https:\/\/www.rucashk.com\/pt\/produto\/mi-led-desk-lamp-2-wholesale\/","name":"Mi LED Desk Lamp 2 Wholesale - Rucas - Wholesale and Distribution","description":"Xiaomi Original Mijia Smart Table Lamp, 2 LED Lights, Desk Lamp, EyeCare, Dual Desk Light, Compatible with iOS, Android, App Control","inLanguage":"pt-PT","isPartOf":{"@id":"https:\/\/www.rucashk.com\/pt\/#website"},"breadcrumb":{"@id":"https:\/\/www.rucashk.com\/pt\/produto\/mi-led-desk-lamp-2-wholesale\/#breadcrumblist"},"author":{"@id":"https:\/\/www.rucashk.com\/pt\/author\/admin\/#author"},"creator":{"@id":"https:\/\/www.rucashk.com\/pt\/author\/admin\/#author"},"image":{"@type":"ImageObject","url":"https:\/\/www.rucashk.com\/wp-content\/uploads\/2024\/01\/L-mpara-de-mesa-inteligente-Mijia-Original-de-Xiaomi-2-luces-LED-l-mpara-de-escritorio.jpg","@id":"https:\/\/www.rucashk.com\/pt\/produto\/mi-led-desk-lamp-2-wholesale\/#mainImage","width":800,"height":800},"primaryImageOfPage":{"@id":"https:\/\/www.rucashk.com\/pt\/produto\/mi-led-desk-lamp-2-wholesale\/#mainImage"},"datePublished":"2024-01-09T16:00:58+00:00","dateModified":"2024-01-20T10:17:40+00:00"},{"@type":"WebSite","@id":"https:\/\/www.rucashk.com\/pt\/#website","url":"https:\/\/www.rucashk.com\/pt\/","name":"Rucas - Wholesale and distribution worldwide","alternateName":"Rucas - One-stop AIoT Distribution Worldwide","description":"One-stop AIoT Distribution Worldwide","inLanguage":"pt-PT","publisher":{"@id":"https:\/\/www.rucashk.com\/pt\/#organization"}}]}},"aioseo_meta_data":{"post_id":"24105","title":null,"description":null,"keywords":null,"keyphrases":null,"primary_term":null,"canonical_url":null,"og_title":null,"og_description":null,"og_object_type":"default","og_image_type":"default","og_image_url":null,"og_image_width":null,"og_image_height":null,"og_image_custom_url":null,"og_image_custom_fields":null,"og_video":null,"og_custom_url":null,"og_article_section":null,"og_article_tags":null,"twitter_use_og":false,"twitter_card":"default","twitter_image_type":"default","twitter_image_url":null,"twitter_image_custom_url":null,"twitter_image_custom_fields":null,"twitter_title":null,"twitter_description":null,"schema":{"blockGraphs":[],"customGraphs":[],"default":{"data":{"Article":[],"Course":[],"Dataset":[],"FAQPage":[],"Movie":[],"Person":[],"Product":[],"Recipe":[],"Service":[],"SoftwareApplication":[],"WebPage":[]},"graphName":"","isEnabled":true},"graphs":[]},"schema_type":"default","schema_type_options":null,"pillar_content":false,"robots_default":true,"robots_noindex":false,"robots_noarchive":false,"robots_nosnippet":false,"robots_nofollow":false,"robots_noimageindex":false,"robots_noodp":false,"robots_notranslate":false,"robots_max_snippet":null,"robots_max_videopreview":null,"robots_max_imagepreview":"large","priority":null,"frequency":null,"local_seo":null,"breadcrumb_settings":null,"limit_modified_date":false,"created":"2024-04-11 01:57:08","updated":"2025-06-22 17:23:31"},"aioseo_breadcrumb":"<div class=\"aioseo-breadcrumbs\"><span class=\"aioseo-breadcrumb\">\n\t<a href=\"https:\/\/www.rucashk.com\/pt\" title=\"Home\">Home<\/a>\n<\/span><span class=\"aioseo-breadcrumb-separator\">&raquo;<\/span><span class=\"aioseo-breadcrumb\">\n\t<a href=\"https:\/\/www.rucashk.com\/pt\/products\/\" title=\"Produtos\">Produtos<\/a>\n<\/span><span class=\"aioseo-breadcrumb-separator\">&raquo;<\/span><span class=\"aioseo-breadcrumb\">\n\t<a href=\"https:\/\/www.rucashk.com\/pt\/categoria-produto\/xiaomi-eco\/\" title=\"Xiaomi Eco\">Xiaomi Eco<\/a>\n<\/span><span class=\"aioseo-breadcrumb-separator\">&raquo;<\/span><span class=\"aioseo-breadcrumb\">\n\t<a href=\"https:\/\/www.rucashk.com\/pt\/categoria-produto\/xiaomi-eco\/gadgets\/\" title=\"Gadgets\">Gadgets<\/a>\n<\/span><span class=\"aioseo-breadcrumb-separator\">&raquo;<\/span><span class=\"aioseo-breadcrumb\">\n\tMi LED Desk Lamp 2 Wholesale\n<\/span><\/div>","aioseo_breadcrumb_json":[{"label":"Home","link":"https:\/\/www.rucashk.com\/pt"},{"label":"Produtos","link":"https:\/\/www.rucashk.com\/pt\/products\/"},{"label":"Xiaomi Eco","link":"https:\/\/www.rucashk.com\/pt\/categoria-produto\/xiaomi-eco\/"},{"label":"Gadgets","link":"https:\/\/www.rucashk.com\/pt\/categoria-produto\/xiaomi-eco\/gadgets\/"},{"label":"Mi LED Desk Lamp 2 Wholesale","link":"https:\/\/www.rucashk.com\/pt\/produto\/mi-led-desk-lamp-2-wholesale\/"}],"_links":{"self":[{"href":"https:\/\/www.rucashk.com\/pt\/wp-json\/wp\/v2\/product\/24105","targetHints":{"allow":["GET"]}}],"collection":[{"href":"https:\/\/www.rucashk.com\/pt\/wp-json\/wp\/v2\/product"}],"about":[{"href":"https:\/\/www.rucashk.com\/pt\/wp-json\/wp\/v2\/types\/product"}],"wp:featuredmedia":[{"embeddable":true,"href":"https:\/\/www.rucashk.com\/pt\/wp-json\/wp\/v2\/media\/24209"}],"wp:attachment":[{"href":"https:\/\/www.rucashk.com\/pt\/wp-json\/wp\/v2\/media?parent=24105"}],"wp:term":[{"taxonomy":"product_brand","embeddable":true,"href":"https:\/\/www.rucashk.com\/pt\/wp-json\/wp\/v2\/product_brand?post=24105"},{"taxonomy":"product_cat","embeddable":true,"href":"https:\/\/www.rucashk.com\/pt\/wp-json\/wp\/v2\/product_cat?post=24105"},{"taxonomy":"product_tag","embeddable":true,"href":"https:\/\/www.rucashk.com\/pt\/wp-json\/wp\/v2\/product_tag?post=24105"}],"curies":[{"name":"wp","href":"https:\/\/api.w.org\/{rel}","templated":true}]}}