{"id":24076,"date":"2024-01-09T16:00:36","date_gmt":"2024-01-09T16:00:36","guid":{"rendered":"http:\/\/rucashk.com\/?post_type=product&#038;p=24076"},"modified":"2024-03-12T08:05:15","modified_gmt":"2024-03-12T08:05:15","slug":"70mai-jump-starter-max-wholesale","status":"publish","type":"product","link":"https:\/\/www.rucashk.com\/pt\/produto\/70mai-jump-starter-max-wholesale\/","title":{"rendered":"70mai Jump Starter Max atacado"},"content":{"rendered":"<div class=\"detailmodule_html\">\n<div class=\"detail-desc-decorate-richtext\">\n<p><img fetchpriority=\"high\" decoding=\"async\" class=\"detail-desc-decorate-image aligncenter\" src=\"\/wp-content\/uploads\/replace\/395ac63d4b664a4632caa729aec5f377.jpeg\" alt=\"70mai\u00a0Jump Starter Max\" width=\"960\" height=\"768\" \/><img decoding=\"async\" class=\"detail-desc-decorate-image aligncenter\" src=\"\/wp-content\/uploads\/replace\/77d88257a0deb2abba98f1ac0af3ab20.jpeg\" alt=\"70mai\u00a0Jump Starter Max\" width=\"960\" height=\"512\" \/><img decoding=\"async\" class=\"detail-desc-decorate-image aligncenter\" src=\"\/wp-content\/uploads\/replace\/0c25af95a084b2ff799f3dc4385cc6ce.jpeg\" alt=\"70mai\u00a0Jump Starter Max\" width=\"960\" height=\"428\" \/><img loading=\"lazy\" decoding=\"async\" class=\"detail-desc-decorate-image aligncenter\" src=\"\/wp-content\/uploads\/replace\/8e77c98a2c88fbacb140e31b5545c2bb.jpeg\" alt=\"70mai\u00a0Jump Starter Max\" width=\"960\" height=\"724\" \/><img loading=\"lazy\" decoding=\"async\" class=\"detail-desc-decorate-image aligncenter\" src=\"\/wp-content\/uploads\/replace\/f9eae83947a07cfbb4e581f56fa262de.jpeg\" alt=\"70mai\u00a0Jump Starter Max\" width=\"960\" height=\"521\" \/><img loading=\"lazy\" decoding=\"async\" class=\"detail-desc-decorate-image aligncenter\" src=\"\/wp-content\/uploads\/replace\/e8b1362bf2c22f6839e75390e185aae1.jpeg\" alt=\"70mai\u00a0Jump Starter Max\" width=\"960\" height=\"798\" \/><img loading=\"lazy\" decoding=\"async\" class=\"detail-desc-decorate-image aligncenter\" src=\"\/wp-content\/uploads\/replace\/c8decca2bb35e00920480bffe2fba2c7.jpeg\" alt=\"70mai\u00a0Jump Starter Max\" width=\"960\" height=\"632\" \/><img loading=\"lazy\" decoding=\"async\" class=\"detail-desc-decorate-image aligncenter\" src=\"\/wp-content\/uploads\/replace\/c7c190c9108adfb024bb8b4d90404879.jpeg\" alt=\"70mai\u00a0Jump Starter Max\" width=\"960\" height=\"750\" \/><img loading=\"lazy\" decoding=\"async\" class=\"detail-desc-decorate-image aligncenter\" src=\"\/wp-content\/uploads\/replace\/8a3be508082e773b87c9a57466acd948.jpeg\" alt=\"70mai\u00a0Jump Starter Max\" width=\"960\" height=\"851\" \/><img loading=\"lazy\" decoding=\"async\" class=\"detail-desc-decorate-image aligncenter\" src=\"\/wp-content\/uploads\/replace\/2b7a6ffc1550db1ea2095cb4a06756ad.jpeg\" alt=\"70mai\u00a0Jump Starter Max\" width=\"960\" height=\"748\" \/><\/p>\n<\/div>\n<\/div>\n<div class=\"detailmodule_text-image\"><img loading=\"lazy\" decoding=\"async\" class=\"detail-desc-decorate-image aligncenter\" src=\"\/wp-content\/uploads\/replace\/5b52b8e2e70fd80677ef488a2175f551.jpeg\" alt=\"70mai\u00a0Jump Starter Max\" width=\"832\" height=\"832\" \/><\/div>\n<div>\n<div><strong>Notas:<\/strong><\/div>\n<div><\/div>\n<div>1. Leia este manual com aten\u00e7\u00e3o antes de usar o dispositivo.<\/div>\n<div><\/div>\n<div>2. O dispositivo n\u00e3o deve ser usado no lugar de uma bateria de carro.<\/div>\n<div><\/div>\n<div>3. N\u00e3o use o dispositivo como brinquedo.<\/div>\n<div>4. Para reduzir o risco de ferimentos, supervisione de perto todas as crian\u00e7as que estejam perto do dispositivo.<\/div>\n<div><\/div>\n<div>5. O dispositivo destina-se ao arranque auxiliar de uma bateria de autom\u00f3vel de 12 V e n\u00e3o deve ser utilizado para quaisquer outros fins.<\/div>\n<div><\/div>\n<div><span data-spm-anchor-id=\"2114.12057483.0.i4.36b952b0ohhCYg\">6. Use os clipes de bateria fornecidos. Se o clipe ou cabo da bateria estiver danificado, n\u00e3o use o dispositivo, pois isso pode resultar em inc\u00eandio, choque el\u00e9trico ou outros ferimentos pessoais.<\/span><\/div>\n<div><\/div>\n<div>7. Conecte as extremidades positiva e negativa da bateria diretamente.<\/div>\n<div><\/div>\n<div>8. Antes de ligar a bateria do carro, certifique-se de que as conex\u00f5es estejam livres de ferrugem e outros objetos estranhos. Conecte o dispositivo com seguran\u00e7a aos clipes da bateria para evitar que o desempenho do arranque auxiliar seja afetado por uma conex\u00e3o ruim.<\/div>\n<div><\/div>\n<div>9. Depois que a bateria do carro for ligada com sucesso, desconecte o dispositivo da bateria do carro dentro de 30 segundos para evitar qualquer dano.<\/div>\n<div><\/div>\n<div>10. N\u00e3o use o dispositivo mais de 3 vezes consecutivas. Caso contr\u00e1rio, o dispositivo poder\u00e1 superaquecer e ser danificado. Se v\u00e1rios saltos iniciais forem realizados, certifique-se de que haja um intervalo de 2 minutos entre cada salto inicial.<\/div>\n<div><\/div>\n<div>11. N\u00e3o use os clipes para carregar outros dispositivos.<\/div>\n<div><\/div>\n<div>12. N\u00e3o coloque o produto em um ambiente onde a temperatura exceda 60\u00b0C.<\/div>\n<div><\/div>\n<div>13. O carregamento deve ser feito em temperatura ambiente entre 0\u00b0C e 45\u00b0C.<\/div>\n<div><\/div>\n<div>14. N\u00e3o exponha o aparelho \u00e0 chuva nem o mergulhe em \u00e1gua.<\/div>\n<div><\/div>\n<div>15. N\u00e3o coloque o dispositivo em calor extremo ou no fogo.<\/div>\n<div><\/div>\n<div>16. N\u00e3o utilize o produto em ambientes com risco de explos\u00e3o, como l\u00edquidos ou gases quase inflam\u00e1veis, ou na presen\u00e7a de poeira.<\/div>\n<div><\/div>\n<div>17. Antes de usar o dispositivo, certifique-se de que algu\u00e9m esteja pr\u00f3ximo o suficiente para ouvi-lo ou prestar assist\u00eancia.<\/div>\n<div><\/div>\n<div>18. Antes de usar o aparelho, retire quaisquer objetos met\u00e1licos do corpo, como an\u00e9is, pulseiras e colares.<\/div>\n<div><\/div>\n<div>19. Para reduzir o risco de danos ao plugue e ao cabo de alimenta\u00e7\u00e3o, desconecte o dispositivo dos clipes da bateria usando o plugue do clipe da bateria.<\/div>\n<div><\/div>\n<div>20. N\u00e3o utilize baterias danificadas ou modificadas. Caso contr\u00e1rio, poder\u00e1 levar a consequ\u00eancias imprevis\u00edveis, como inc\u00eandio, explos\u00e3o ou ferimentos.<\/div>\n<div><\/div>\n<div>21. Use o cabo de carregamento fornecido ou um de especifica\u00e7\u00e3o semelhante \u00e0 porta de entrada do dispositivo para carregar o dispositivo.<\/div>\n<div><\/div>\n<div>22. N\u00e3o carregue o dispositivo imediatamente ap\u00f3s us\u00e1-lo para dar partida na bateria de um carro.<\/div>\n<div><\/div>\n<div>23. N\u00e3o use o dispositivo para dar partida em uma bateria de carro enquanto ela estiver sendo carregada.<\/div>\n<div><\/div>\n<div>24. Em casos extremos, pode ocorrer vazamento de fluido da bateria. N\u00e3o permita que o fluido entre em contato direto com a m\u00e3o ou a pele. Em caso de contato, lave imediatamente a pe\u00e7a com \u00e1gua e sab\u00e3o. Se o fluido acidentalmente entrar em contato com seus olhos. Lave os olhos com \u00e1gua fria por pelo menos 10 minutos antes de procurar atendimento m\u00e9dico imediatamente.<\/div>\n<div>25. Como o dispositivo cont\u00e9m uma bateria de l\u00edtio, descarte-a de acordo com os regulamentos locais no final do manual de instru\u00e7\u00f5es do produto.<\/div>\n<\/div>","protected":false},"excerpt":{"rendered":"<ul>\n<li>Bateria de carro potente de 11100mah.<\/li>\n<li>Banco de pot\u00eancia multifuncional.<\/li>\n<li>Luz indicadora de bateria LED integrada, design \u00e0 prova d&#039;\u00e1gua e \u00e0 prova de fogo.<\/li>\n<li>Prote\u00e7\u00e3o de temperatura e bra\u00e7adeiras inteligentes.<\/li>\n<\/ul>","protected":false},"featured_media":24196,"template":"","meta":[],"product_brand":[],"product_cat":[1288],"product_tag":[1021],"class_list":{"0":"post-24076","1":"product","2":"type-product","3":"status-publish","4":"has-post-thumbnail","6":"product_cat-e-vehicle-accessories","7":"product_tag-70mai-jump-starter-max","9":"first","10":"instock","11":"shipping-taxable","12":"product-type-external"},"aioseo_notices":[],"aioseo_head":"\n\t\t<!-- All in One SEO Pro 4.5.9.2 - aioseo.com -->\n\t\t<meta name=\"description\" content=\"11100mah Powerful Car Battery Jump Starter. Multifunctional Power Bank. Built-in LED battery Indicator Light, Waterproof and fireproof design. Temperature Protection and Smart Clamps.\" \/>\n\t\t<meta name=\"robots\" content=\"max-image-preview:large\" \/>\n\t\t<link rel=\"canonical\" href=\"https:\/\/www.rucashk.com\/pt\/produto\/70mai-jump-starter-max-wholesale\/\" \/>\n\t\t<meta name=\"generator\" content=\"All in One SEO Pro (AIOSEO) 4.5.9.2\" \/>\n\t\t<meta property=\"og:locale\" content=\"pt_PT\" \/>\n\t\t<meta property=\"og:site_name\" content=\"Rucas - One-stop AIoT Distribution Worldwide\" \/>\n\t\t<meta property=\"og:type\" content=\"article\" \/>\n\t\t<meta property=\"og:title\" content=\"70mai Jump Starter Max Wholesale - Rucas - Wholesale and Distribution\" \/>\n\t\t<meta property=\"og:description\" content=\"11100mah Powerful Car Battery Jump Starter. Multifunctional Power Bank. Built-in LED battery Indicator Light, Waterproof and fireproof design. Temperature Protection and Smart Clamps.\" \/>\n\t\t<meta property=\"og:url\" content=\"https:\/\/www.rucashk.com\/pt\/produto\/70mai-jump-starter-max-wholesale\/\" \/>\n\t\t<meta property=\"og:image\" content=\"https:\/\/www.rucashk.com\/wp-content\/uploads\/replace\/503b8e645f128a97ccde2b6290747646.jpeg\" \/>\n\t\t<meta property=\"og:image:secure_url\" content=\"https:\/\/www.rucashk.com\/wp-content\/uploads\/replace\/503b8e645f128a97ccde2b6290747646.jpeg\" \/>\n\t\t<meta property=\"og:image:width\" content=\"1456\" \/>\n\t\t<meta property=\"og:image:height\" content=\"816\" \/>\n\t\t<meta property=\"article:published_time\" content=\"2024-01-09T16:00:36+00:00\" \/>\n\t\t<meta property=\"article:modified_time\" content=\"2024-03-12T08:05:15+00:00\" \/>\n\t\t<meta name=\"twitter:card\" content=\"summary_large_image\" \/>\n\t\t<meta name=\"twitter:title\" content=\"70mai Jump Starter Max Wholesale - Rucas - Wholesale and Distribution\" \/>\n\t\t<meta name=\"twitter:description\" content=\"11100mah Powerful Car Battery Jump Starter. Multifunctional Power Bank. Built-in LED battery Indicator Light, Waterproof and fireproof design. Temperature Protection and Smart Clamps.\" \/>\n\t\t<meta name=\"twitter:image\" content=\"https:\/\/www.rucashk.com\/wp-content\/uploads\/replace\/503b8e645f128a97ccde2b6290747646.jpeg\" \/>\n\t\t<script type=\"application\/ld+json\" class=\"aioseo-schema\">\n\t\t\t{\"@context\":\"https:\\\/\\\/schema.org\",\"@graph\":[{\"@type\":\"BreadcrumbList\",\"@id\":\"https:\\\/\\\/www.rucashk.com\\\/pt\\\/produto\\\/70mai-jump-starter-max-wholesale\\\/#breadcrumblist\",\"itemListElement\":[{\"@type\":\"ListItem\",\"@id\":\"https:\\\/\\\/www.rucashk.com\\\/pt\\\/#listItem\",\"position\":1,\"name\":\"Home\",\"item\":\"https:\\\/\\\/www.rucashk.com\\\/pt\\\/\",\"nextItem\":\"https:\\\/\\\/www.rucashk.com\\\/pt\\\/produto\\\/70mai-jump-starter-max-wholesale\\\/#listItem\"},{\"@type\":\"ListItem\",\"@id\":\"https:\\\/\\\/www.rucashk.com\\\/pt\\\/produto\\\/70mai-jump-starter-max-wholesale\\\/#listItem\",\"position\":2,\"name\":\"70mai\\u00a0Jump Starter Max Wholesale\",\"previousItem\":\"https:\\\/\\\/www.rucashk.com\\\/pt\\\/#listItem\"}]},{\"@type\":\"Organization\",\"@id\":\"https:\\\/\\\/www.rucashk.com\\\/pt\\\/#organization\",\"name\":\"Rucas\",\"url\":\"https:\\\/\\\/www.rucashk.com\\\/pt\\\/\",\"logo\":{\"@type\":\"ImageObject\",\"url\":\"https:\\\/\\\/www.rucashk.com\\\/wp-content\\\/uploads\\\/2023\\\/12\\\/Rucas_campany_logo.png\",\"@id\":\"https:\\\/\\\/www.rucashk.com\\\/pt\\\/produto\\\/70mai-jump-starter-max-wholesale\\\/#organizationLogo\",\"width\":221,\"height\":65},\"image\":{\"@id\":\"https:\\\/\\\/www.rucashk.com\\\/pt\\\/#organizationLogo\"}},{\"@type\":\"Person\",\"@id\":\"https:\\\/\\\/www.rucashk.com\\\/pt\\\/author\\\/admin\\\/#author\",\"url\":\"https:\\\/\\\/www.rucashk.com\\\/pt\\\/author\\\/admin\\\/\",\"name\":\"admin\",\"image\":{\"@type\":\"ImageObject\",\"@id\":\"https:\\\/\\\/www.rucashk.com\\\/pt\\\/produto\\\/70mai-jump-starter-max-wholesale\\\/#authorImage\",\"url\":\"https:\\\/\\\/secure.gravatar.com\\\/avatar\\\/b7c8925b09a27e72b30232f8ecaadbd5af0f70a38c78096863fe51b64f031c24?s=96&d=mm&r=g\",\"width\":96,\"height\":96,\"caption\":\"admin\"}},{\"@type\":\"WebPage\",\"@id\":\"https:\\\/\\\/www.rucashk.com\\\/pt\\\/produto\\\/70mai-jump-starter-max-wholesale\\\/#webpage\",\"url\":\"https:\\\/\\\/www.rucashk.com\\\/pt\\\/produto\\\/70mai-jump-starter-max-wholesale\\\/\",\"name\":\"70mai Jump Starter Max Wholesale - Rucas - Wholesale and Distribution\",\"description\":\"11100mah Powerful Car Battery Jump Starter. Multifunctional Power Bank. Built-in LED battery Indicator Light, Waterproof and fireproof design. Temperature Protection and Smart Clamps.\",\"inLanguage\":\"pt-PT\",\"isPartOf\":{\"@id\":\"https:\\\/\\\/www.rucashk.com\\\/pt\\\/#website\"},\"breadcrumb\":{\"@id\":\"https:\\\/\\\/www.rucashk.com\\\/pt\\\/produto\\\/70mai-jump-starter-max-wholesale\\\/#breadcrumblist\"},\"author\":{\"@id\":\"https:\\\/\\\/www.rucashk.com\\\/pt\\\/author\\\/admin\\\/#author\"},\"creator\":{\"@id\":\"https:\\\/\\\/www.rucashk.com\\\/pt\\\/author\\\/admin\\\/#author\"},\"image\":{\"@type\":\"ImageObject\",\"url\":\"https:\\\/\\\/www.rucashk.com\\\/wp-content\\\/uploads\\\/2024\\\/01\\\/70mai-Jump-Starter-Max-18000mAh-Battery-Power-Bank-Car-Jump-Starter-70-Mai-Auto-Buster-Emergency.jpg_q50_\\u526f\\u672c.jpg\",\"@id\":\"https:\\\/\\\/www.rucashk.com\\\/pt\\\/produto\\\/70mai-jump-starter-max-wholesale\\\/#mainImage\",\"width\":800,\"height\":800},\"primaryImageOfPage\":{\"@id\":\"https:\\\/\\\/www.rucashk.com\\\/pt\\\/produto\\\/70mai-jump-starter-max-wholesale\\\/#mainImage\"},\"datePublished\":\"2024-01-09T16:00:36+00:00\",\"dateModified\":\"2024-03-12T08:05:15+00:00\"},{\"@type\":\"WebSite\",\"@id\":\"https:\\\/\\\/www.rucashk.com\\\/pt\\\/#website\",\"url\":\"https:\\\/\\\/www.rucashk.com\\\/pt\\\/\",\"name\":\"Rucas - Wholesale and distribution worldwide\",\"alternateName\":\"Rucas - One-stop AIoT Distribution Worldwide\",\"description\":\"One-stop AIoT Distribution Worldwide\",\"inLanguage\":\"pt-PT\",\"publisher\":{\"@id\":\"https:\\\/\\\/www.rucashk.com\\\/pt\\\/#organization\"}}]}\n\t\t<\/script>\n\t\t<!-- All in One SEO Pro -->\r\n\t\t<title>70mai Jump Starter Max Wholesale - Rucas - Wholesale and Distribution<\/title>\n\n","aioseo_head_json":{"title":"70mai Jump Starter Max Wholesale - Rucas - Wholesale and Distribution","description":"11100mah Powerful Car Battery Jump Starter. Multifunctional Power Bank. Built-in LED battery Indicator Light, Waterproof and fireproof design. Temperature Protection and Smart Clamps.","canonical_url":"https:\/\/www.rucashk.com\/pt\/produto\/70mai-jump-starter-max-wholesale\/","robots":"max-image-preview:large","keywords":"","webmasterTools":{"miscellaneous":""},"og:locale":"pt_PT","og:site_name":"Rucas - One-stop AIoT Distribution Worldwide","og:type":"article","og:title":"70mai Jump Starter Max Wholesale - Rucas - Wholesale and Distribution","og:description":"11100mah Powerful Car Battery Jump Starter. Multifunctional Power Bank. Built-in LED battery Indicator Light, Waterproof and fireproof design. Temperature Protection and Smart Clamps.","og:url":"https:\/\/www.rucashk.com\/pt\/produto\/70mai-jump-starter-max-wholesale\/","og:image":"https:\/\/www.rucashk.com\/wp-content\/uploads\/replace\/503b8e645f128a97ccde2b6290747646.jpeg","og:image:secure_url":"https:\/\/www.rucashk.com\/wp-content\/uploads\/replace\/503b8e645f128a97ccde2b6290747646.jpeg","og:image:width":1456,"og:image:height":816,"article:published_time":"2024-01-09T16:00:36+00:00","article:modified_time":"2024-03-12T08:05:15+00:00","twitter:card":"summary_large_image","twitter:title":"70mai Jump Starter Max Wholesale - Rucas - Wholesale and Distribution","twitter:description":"11100mah Powerful Car Battery Jump Starter. Multifunctional Power Bank. Built-in LED battery Indicator Light, Waterproof and fireproof design. Temperature Protection and Smart Clamps.","twitter:image":"https:\/\/www.rucashk.com\/wp-content\/uploads\/replace\/503b8e645f128a97ccde2b6290747646.jpeg","schema":{"@context":"https:\/\/schema.org","@graph":[{"@type":"BreadcrumbList","@id":"https:\/\/www.rucashk.com\/pt\/produto\/70mai-jump-starter-max-wholesale\/#breadcrumblist","itemListElement":[{"@type":"ListItem","@id":"https:\/\/www.rucashk.com\/pt\/#listItem","position":1,"name":"Home","item":"https:\/\/www.rucashk.com\/pt\/","nextItem":"https:\/\/www.rucashk.com\/pt\/produto\/70mai-jump-starter-max-wholesale\/#listItem"},{"@type":"ListItem","@id":"https:\/\/www.rucashk.com\/pt\/produto\/70mai-jump-starter-max-wholesale\/#listItem","position":2,"name":"70mai\u00a0Jump Starter Max Wholesale","previousItem":"https:\/\/www.rucashk.com\/pt\/#listItem"}]},{"@type":"Organization","@id":"https:\/\/www.rucashk.com\/pt\/#organization","name":"Rucas","url":"https:\/\/www.rucashk.com\/pt\/","logo":{"@type":"ImageObject","url":"https:\/\/www.rucashk.com\/wp-content\/uploads\/2023\/12\/Rucas_campany_logo.png","@id":"https:\/\/www.rucashk.com\/pt\/produto\/70mai-jump-starter-max-wholesale\/#organizationLogo","width":221,"height":65},"image":{"@id":"https:\/\/www.rucashk.com\/pt\/#organizationLogo"}},{"@type":"Person","@id":"https:\/\/www.rucashk.com\/pt\/author\/admin\/#author","url":"https:\/\/www.rucashk.com\/pt\/author\/admin\/","name":"admin","image":{"@type":"ImageObject","@id":"https:\/\/www.rucashk.com\/pt\/produto\/70mai-jump-starter-max-wholesale\/#authorImage","url":"https:\/\/secure.gravatar.com\/avatar\/b7c8925b09a27e72b30232f8ecaadbd5af0f70a38c78096863fe51b64f031c24?s=96&d=mm&r=g","width":96,"height":96,"caption":"admin"}},{"@type":"WebPage","@id":"https:\/\/www.rucashk.com\/pt\/produto\/70mai-jump-starter-max-wholesale\/#webpage","url":"https:\/\/www.rucashk.com\/pt\/produto\/70mai-jump-starter-max-wholesale\/","name":"70mai Jump Starter Max Wholesale - Rucas - Wholesale and Distribution","description":"11100mah Powerful Car Battery Jump Starter. Multifunctional Power Bank. Built-in LED battery Indicator Light, Waterproof and fireproof design. Temperature Protection and Smart Clamps.","inLanguage":"pt-PT","isPartOf":{"@id":"https:\/\/www.rucashk.com\/pt\/#website"},"breadcrumb":{"@id":"https:\/\/www.rucashk.com\/pt\/produto\/70mai-jump-starter-max-wholesale\/#breadcrumblist"},"author":{"@id":"https:\/\/www.rucashk.com\/pt\/author\/admin\/#author"},"creator":{"@id":"https:\/\/www.rucashk.com\/pt\/author\/admin\/#author"},"image":{"@type":"ImageObject","url":"https:\/\/www.rucashk.com\/wp-content\/uploads\/2024\/01\/70mai-Jump-Starter-Max-18000mAh-Battery-Power-Bank-Car-Jump-Starter-70-Mai-Auto-Buster-Emergency.jpg_q50_\u526f\u672c.jpg","@id":"https:\/\/www.rucashk.com\/pt\/produto\/70mai-jump-starter-max-wholesale\/#mainImage","width":800,"height":800},"primaryImageOfPage":{"@id":"https:\/\/www.rucashk.com\/pt\/produto\/70mai-jump-starter-max-wholesale\/#mainImage"},"datePublished":"2024-01-09T16:00:36+00:00","dateModified":"2024-03-12T08:05:15+00:00"},{"@type":"WebSite","@id":"https:\/\/www.rucashk.com\/pt\/#website","url":"https:\/\/www.rucashk.com\/pt\/","name":"Rucas - Wholesale and distribution worldwide","alternateName":"Rucas - One-stop AIoT Distribution Worldwide","description":"One-stop AIoT Distribution Worldwide","inLanguage":"pt-PT","publisher":{"@id":"https:\/\/www.rucashk.com\/pt\/#organization"}}]}},"aioseo_meta_data":{"post_id":"24076","title":null,"description":null,"keywords":null,"keyphrases":null,"primary_term":null,"canonical_url":null,"og_title":null,"og_description":null,"og_object_type":"default","og_image_type":"default","og_image_url":null,"og_image_width":null,"og_image_height":null,"og_image_custom_url":null,"og_image_custom_fields":null,"og_video":null,"og_custom_url":null,"og_article_section":null,"og_article_tags":null,"twitter_use_og":false,"twitter_card":"default","twitter_image_type":"default","twitter_image_url":null,"twitter_image_custom_url":null,"twitter_image_custom_fields":null,"twitter_title":null,"twitter_description":null,"schema":{"blockGraphs":[],"customGraphs":[],"default":{"data":{"Article":[],"Course":[],"Dataset":[],"FAQPage":[],"Movie":[],"Person":[],"Product":[],"Recipe":[],"Service":[],"SoftwareApplication":[],"WebPage":[]},"graphName":"","isEnabled":true},"graphs":[]},"schema_type":"default","schema_type_options":null,"pillar_content":false,"robots_default":true,"robots_noindex":false,"robots_noarchive":false,"robots_nosnippet":false,"robots_nofollow":false,"robots_noimageindex":false,"robots_noodp":false,"robots_notranslate":false,"robots_max_snippet":null,"robots_max_videopreview":null,"robots_max_imagepreview":"large","priority":null,"frequency":null,"local_seo":null,"breadcrumb_settings":null,"limit_modified_date":false,"created":"2024-04-11 01:57:08","updated":"2025-06-22 17:23:29"},"aioseo_breadcrumb":"<div class=\"aioseo-breadcrumbs\"><span class=\"aioseo-breadcrumb\">\n\t<a href=\"https:\/\/www.rucashk.com\/pt\" title=\"Home\">Home<\/a>\n<\/span><span class=\"aioseo-breadcrumb-separator\">&raquo;<\/span><span class=\"aioseo-breadcrumb\">\n\t<a href=\"https:\/\/www.rucashk.com\/pt\/products\/\" title=\"Produtos\">Produtos<\/a>\n<\/span><span class=\"aioseo-breadcrumb-separator\">&raquo;<\/span><span class=\"aioseo-breadcrumb\">\n\t<a href=\"https:\/\/www.rucashk.com\/pt\/categoria-produto\/e-vehicle-accessories\/\" title=\"E-Vehicle Accessories\">E-Vehicle Accessories<\/a>\n<\/span><span class=\"aioseo-breadcrumb-separator\">&raquo;<\/span><span class=\"aioseo-breadcrumb\">\n\t70mai\u00a0Jump Starter Max Wholesale\n<\/span><\/div>","aioseo_breadcrumb_json":[{"label":"Home","link":"https:\/\/www.rucashk.com\/pt"},{"label":"Produtos","link":"https:\/\/www.rucashk.com\/pt\/products\/"},{"label":"E-Vehicle Accessories","link":"https:\/\/www.rucashk.com\/pt\/categoria-produto\/e-vehicle-accessories\/"},{"label":"70mai\u00a0Jump Starter Max Wholesale","link":"https:\/\/www.rucashk.com\/pt\/produto\/70mai-jump-starter-max-wholesale\/"}],"_links":{"self":[{"href":"https:\/\/www.rucashk.com\/pt\/wp-json\/wp\/v2\/product\/24076","targetHints":{"allow":["GET"]}}],"collection":[{"href":"https:\/\/www.rucashk.com\/pt\/wp-json\/wp\/v2\/product"}],"about":[{"href":"https:\/\/www.rucashk.com\/pt\/wp-json\/wp\/v2\/types\/product"}],"wp:featuredmedia":[{"embeddable":true,"href":"https:\/\/www.rucashk.com\/pt\/wp-json\/wp\/v2\/media\/24196"}],"wp:attachment":[{"href":"https:\/\/www.rucashk.com\/pt\/wp-json\/wp\/v2\/media?parent=24076"}],"wp:term":[{"taxonomy":"product_brand","embeddable":true,"href":"https:\/\/www.rucashk.com\/pt\/wp-json\/wp\/v2\/product_brand?post=24076"},{"taxonomy":"product_cat","embeddable":true,"href":"https:\/\/www.rucashk.com\/pt\/wp-json\/wp\/v2\/product_cat?post=24076"},{"taxonomy":"product_tag","embeddable":true,"href":"https:\/\/www.rucashk.com\/pt\/wp-json\/wp\/v2\/product_tag?post=24076"}],"curies":[{"name":"wp","href":"https:\/\/api.w.org\/{rel}","templated":true}]}}