{"id":24072,"date":"2024-01-09T16:00:36","date_gmt":"2024-01-09T16:00:36","guid":{"rendered":"http:\/\/rucashk.com\/?post_type=product&#038;p=24072"},"modified":"2024-03-12T08:05:02","modified_gmt":"2024-03-12T08:05:02","slug":"70mai-jump-starter-wholesale","status":"publish","type":"product","link":"https:\/\/www.rucashk.com\/pt\/produto\/70mai-jump-starter-wholesale\/","title":{"rendered":"70mai Jump Starter atacado"},"content":{"rendered":"<p><img fetchpriority=\"high\" decoding=\"async\" class=\"aligncenter\" src=\"\/wp-content\/uploads\/replace\/630cb596854915b2a0cb4413ff52b712.jpeg\" alt=\"70mai\u00a0Jump Starter\" width=\"960\" height=\"918\" data-spm-anchor-id=\"a2g0o.detail.1000023.i1.51c31087gxJTb0\" \/><img decoding=\"async\" class=\"aligncenter\" src=\"\/wp-content\/uploads\/replace\/ceb80021a47cb632c476b285b2c2d3b6.jpeg\" alt=\"70mai\u00a0Jump Starter\" width=\"960\" height=\"1317\" \/><\/p>\n<p><strong>Como usar o 70mai Jump Starter? Usando o dispositivo como um jump starter de 12V<\/strong><\/p>\n<div>1. Conecte o jump starter ao dispositivo. Certifique-se de que o indicador nos clipes da bateria esteja apagado.<\/div>\n<div>2. Conecte os clipes da bateria corretamente \u00e0s extremidades positiva e negativa da bateria do carro. O clipe vermelho deve ser conectado \u00e0 extremidade positiva (+), enquanto o clipe preto deve ser conectado \u00e0 extremidade negativa (-). Em seguida, siga as instru\u00e7\u00f5es abaixo:<\/div>\n<div>\n<ul>\n<li>Quando a luz verde est\u00e1 acesa, a conex\u00e3o est\u00e1 correta e a bateria pode ser ligada.<\/li>\n<\/ul>\n<div>\n<ul>\n<li>Quando a luz vermelha est\u00e1 acesa e um som de campainha pode ser ouvido, os clipes est\u00e3o conectados nas extremidades erradas. Conecte os clipes corretamente e certifique-se de que a luz verde esteja acesa antes de ligar a bateria.<\/li>\n<\/ul>\n<div>\n<ul>\n<li>Quando a luz verde est\u00e1 piscando e uma campainha pode ser ouvida, a tens\u00e3o est\u00e1 muito baixa. Pressione o bot\u00e3o de refor\u00e7o e espere at\u00e9 que a luz verde pare de piscar. D\u00ea partida na bateria em 30 segundos.<\/li>\n<\/ul>\n<div>\n<ul>\n<li>Quando as luzes verde e vermelha n\u00e3o est\u00e3o acesas e nenhum som de campainha pode ser ouvido, a bateria pode estar totalmente danificada. Certifique-se de que os clipes estejam conectados \u00e0s extremidades corretas. Pressione o bot\u00e3o de refor\u00e7o e espere at\u00e9 que a luz verde acenda. D\u00ea partida na bateria em 30 segundos.<\/li>\n<\/ul>\n<div><\/div>\n<\/div>\n<\/div>\n<\/div>\n<\/div>\n<p>3. Ap\u00f3s a partida auxiliar do carro, remova os clipes da bateria.<\/p>\n<p><img decoding=\"async\" class=\"aligncenter\" src=\"\/wp-content\/uploads\/replace\/6e4f9e2cb8077974acc895f02fc9352a.jpeg\" alt=\"70mai\u00a0Jump Starter\" width=\"960\" height=\"2133\" \/><img loading=\"lazy\" decoding=\"async\" class=\"aligncenter\" src=\"\/wp-content\/uploads\/replace\/ead8c0c9d6de7d2c440dde243ba5b109.jpeg\" alt=\"70mai\u00a0Jump Starter\" width=\"960\" height=\"346\" \/><\/p>\n<p>Interruptor de ilumina\u00e7\u00e3o independente, voc\u00ea pode alter\u00e1-lo para ilumina\u00e7\u00e3o, ilumina\u00e7\u00e3o estrobosc\u00f3pica e luz de sinal SOS por um interruptor.<\/p>\n<p>No status totalmente carregado, voc\u00ea pode usar a ilumina\u00e7\u00e3o de destaque continuamente por 48 horas. Ajud\u00e1-lo a lidar com situa\u00e7\u00f5es de emerg\u00eancia livremente quando equipar seu carro com ela.<\/p>\n<p><img loading=\"lazy\" decoding=\"async\" class=\"aligncenter\" src=\"\/wp-content\/uploads\/replace\/2f8d6359509e8cf4650d1d9339e1709b.jpeg\" alt=\"70mai\u00a0Jump Starter\" width=\"960\" height=\"852\" \/><\/p>\n<div>\n<h2>DO design de interface anti-reversa, pode ser reconhecido automaticamente quando o clipe da bateria est\u00e1 sendo invertido, evitando opera\u00e7\u00e3o errada.<\/h2>\n<h2><img loading=\"lazy\" decoding=\"async\" class=\"aligncenter\" src=\"\/wp-content\/uploads\/replace\/0dbd6968783e64f0df33063b8921ec47.jpeg\" alt=\"70mai\u00a0Jump Starter\" width=\"960\" height=\"1093\" \/><img loading=\"lazy\" decoding=\"async\" class=\"aligncenter\" src=\"\/wp-content\/uploads\/replace\/21b0cce86c24c4d3d515c3fca096b3ec.jpeg\" alt=\"70mai\u00a0Jump Starter\" width=\"960\" height=\"1470\" \/><img loading=\"lazy\" decoding=\"async\" class=\"aligncenter\" src=\"\/wp-content\/uploads\/replace\/0e4cec8d6310ab5a9b67969f8e3624a1.jpeg\" alt=\"70mai\u00a0Jump Starter\" width=\"960\" height=\"1442\" \/>Um iniciador de salto f\u00e1cil de usar que \u00e9 ideal para qualquer novato. Conecte seu acionador de partida port\u00e1til, ligue o carro, desconecte o acionador de partida e depois saia. N\u00e3o espere que algu\u00e9m te salve, cuide voc\u00ea mesmo e v\u00e1 embora. <img loading=\"lazy\" decoding=\"async\" class=\"aligncenter\" src=\"\/wp-content\/uploads\/replace\/c3c2b4251a8f39ef169c29990ce093ea.jpeg\" alt=\"70mai\u00a0Jump Starter\" width=\"960\" height=\"1440\" \/><\/h2>\n<h2>Basicamente do mesmo tamanho de um banco de energia port\u00e1til para smartphones<\/h2>\n<p>O celular sempre ter\u00e1 bateria 4% quando voc\u00ea mais precisar. Um bom motivo para manter um power pack jump starter em seu carro \u00e9 que a maioria ter\u00e1 uma porta USB que voc\u00ea pode usar para carregar seu telefone. Voc\u00ea tamb\u00e9m pode us\u00e1-lo para carregar um tablet e qualquer outra coisa que seja carregada por meio de um cabo USB.<img loading=\"lazy\" decoding=\"async\" class=\"aligncenter\" src=\"\/wp-content\/uploads\/replace\/df9f4e41015e7a7c8b6a234b69c0a1a5.jpeg\" alt=\"70mai\u00a0Jump Starter\" width=\"960\" height=\"1440\" \/><\/p>\n<p><strong>Par\u00e2metros B\u00e1sicos<\/strong><\/p>\n<p>Dimens\u00f5es: 163\u00d787\u00d727mm<\/p>\n<p>Capacidade: 11100mAh (41,07Wh)<\/p>\n<p>Sa\u00edda: 5V \/ 2,4A, porta de partida de salto de 12V<\/p>\n<p>Entrada: 5V\/2A<\/p>\n<p>Tempo de carregamento: \u22645,5 horas<\/p>\n<p>Corrente de partida: 250A<\/p>\n<p>Corrente de pico: 600A<\/p>\n<p>Temperatura operacional: -20\u2103~55\u2103<\/p>\n<p>Temperatura de carregamento: 0 ~ 55 \u2103<img loading=\"lazy\" decoding=\"async\" class=\"aligncenter\" src=\"\/wp-content\/uploads\/replace\/4363fce41956a5de2d6f3125c35a8742.jpeg\" alt=\"70mai\u00a0Jump Starter\" width=\"960\" height=\"1004\" \/><\/p>\n<\/div>\n<p>&nbsp;<\/p>\n<p><strong>Especifica\u00e7\u00f5es<\/strong>:<\/p>\n<table border=\"1\" cellspacing=\"1\" cellpadding=\"1\">\n<tbody>\n<tr>\n<td>Marca<\/td>\n<td>70Mai (de Xiaomi Youpin)<\/td>\n<\/tr>\n<tr>\n<td>Modelo<\/td>\n<td>PS01<\/td>\n<\/tr>\n<tr>\n<td>Cor<\/td>\n<td>Preto<\/td>\n<\/tr>\n<tr>\n<td>Capacidade<\/td>\n<td>11.100mAh<\/td>\n<\/tr>\n<tr>\n<td>Iniciar atual<\/td>\n<td>250A<\/td>\n<\/tr>\n<tr>\n<td>Corrente de pico<\/td>\n<td>600A<\/td>\n<\/tr>\n<tr>\n<td>Entrada Tipo C<\/td>\n<td>5V\/2A<\/td>\n<\/tr>\n<tr>\n<td>Sa\u00edda de in\u00edcio r\u00e1pido<\/td>\n<td>12V CC<\/td>\n<\/tr>\n<tr>\n<td>Sa\u00edda USB<\/td>\n<td>CC 5V\/2,4A<\/td>\n<\/tr>\n<tr>\n<td>Material<\/td>\n<td>PC+ABS<\/td>\n<\/tr>\n<tr>\n<td>Modo Lanterna LED<\/td>\n<td>Ilumina\u00e7\u00e3o, Flash, SOS<\/td>\n<\/tr>\n<tr>\n<td>Tamanho<\/td>\n<td>163*87*27mm<\/td>\n<\/tr>\n<tr>\n<td>Tipo de bra\u00e7adeira<\/td>\n<td>8 prote\u00e7\u00f5es bra\u00e7adeiras inteligentes<\/td>\n<\/tr>\n<tr>\n<td>Temperatura de trabalho<\/td>\n<td>-20\u2103~+55\u2103<\/td>\n<\/tr>\n<tr>\n<td>Temperatura de carregamento<\/td>\n<td>0~55\u2103<\/td>\n<\/tr>\n<tr>\n<td>Tempo total de carregamento<\/td>\n<td>\u22645,5h<\/td>\n<\/tr>\n<tr>\n<td>Certifica\u00e7\u00e3o<\/td>\n<td>CE\/FCC\/RoHs<\/td>\n<\/tr>\n<\/tbody>\n<\/table>\n<p>Pacote inclu\u00eddo:<br \/>\n1 x acionador de partida de l\u00edtio<br \/>\n1 x bra\u00e7adeiras inteligentes<br \/>\n1 x cabo de carregamento USB<br \/>\n1 manual<br \/>\n1 x bolsa port\u00e1til<\/p>","protected":false},"excerpt":{"rendered":"<ul>\n<li data-spm-anchor-id=\"a2g0o.detail.1000023.i0.1537157cIxRLVY\">acionador de partida poderoso do salto da bateria de carro 11100mah<\/li>\n<li data-spm-anchor-id=\"a2g0o.detail.1000023.i0.1537157cIxRLVY\">Banco de pot\u00eancia multifuncional<\/li>\n<li data-spm-anchor-id=\"a2g0o.detail.1000023.i0.1537157cIxRLVY\">Luz indicadora de bateria LED embutida, design \u00e0 prova d&#039;\u00e1gua e \u00e0 prova de fogo<\/li>\n<li data-spm-anchor-id=\"a2g0o.detail.1000023.i0.1537157cIxRLVY\">Prote\u00e7\u00e3o de temperatura e pin\u00e7as inteligentes<\/li>\n<\/ul>","protected":false},"featured_media":24170,"template":"","meta":[],"product_brand":[],"product_cat":[1288],"product_tag":[1017],"class_list":{"0":"post-24072","1":"product","2":"type-product","3":"status-publish","4":"has-post-thumbnail","6":"product_cat-e-vehicle-accessories","7":"product_tag-70mai-jump-starter","9":"first","10":"instock","11":"shipping-taxable","12":"product-type-external"},"aioseo_notices":[],"aioseo_head":"\n\t\t<!-- All in One SEO Pro 4.5.9.2 - aioseo.com -->\n\t\t<meta name=\"description\" content=\"11100mah Powerful Car Battery Jump Starter Multifunctional Power Bank Built-in LED battery Indicator Light, Waterproof and fireproof design Temperature Protection and Smart Clamps\" \/>\n\t\t<meta name=\"robots\" content=\"max-image-preview:large\" \/>\n\t\t<link rel=\"canonical\" href=\"https:\/\/www.rucashk.com\/pt\/produto\/70mai-jump-starter-wholesale\/\" \/>\n\t\t<meta name=\"generator\" content=\"All in One SEO Pro (AIOSEO) 4.5.9.2\" \/>\n\t\t<meta property=\"og:locale\" content=\"pt_PT\" \/>\n\t\t<meta property=\"og:site_name\" content=\"Rucas - One-stop AIoT Distribution Worldwide\" \/>\n\t\t<meta property=\"og:type\" content=\"article\" \/>\n\t\t<meta property=\"og:title\" content=\"70mai Jump Starter Wholesale - Rucas - Wholesale and Distribution\" \/>\n\t\t<meta property=\"og:description\" content=\"11100mah Powerful Car Battery Jump Starter Multifunctional Power Bank Built-in LED battery Indicator Light, Waterproof and fireproof design Temperature Protection and Smart Clamps\" \/>\n\t\t<meta property=\"og:url\" content=\"https:\/\/www.rucashk.com\/pt\/produto\/70mai-jump-starter-wholesale\/\" \/>\n\t\t<meta property=\"og:image\" content=\"https:\/\/www.rucashk.com\/wp-content\/uploads\/replace\/503b8e645f128a97ccde2b6290747646.jpeg\" \/>\n\t\t<meta property=\"og:image:secure_url\" content=\"https:\/\/www.rucashk.com\/wp-content\/uploads\/replace\/503b8e645f128a97ccde2b6290747646.jpeg\" \/>\n\t\t<meta property=\"og:image:width\" content=\"1456\" \/>\n\t\t<meta property=\"og:image:height\" content=\"816\" \/>\n\t\t<meta property=\"article:published_time\" content=\"2024-01-09T16:00:36+00:00\" \/>\n\t\t<meta property=\"article:modified_time\" content=\"2024-03-12T08:05:02+00:00\" \/>\n\t\t<meta name=\"twitter:card\" content=\"summary_large_image\" \/>\n\t\t<meta name=\"twitter:title\" content=\"70mai Jump Starter Wholesale - Rucas - Wholesale and Distribution\" \/>\n\t\t<meta name=\"twitter:description\" content=\"11100mah Powerful Car Battery Jump Starter Multifunctional Power Bank Built-in LED battery Indicator Light, Waterproof and fireproof design Temperature Protection and Smart Clamps\" \/>\n\t\t<meta name=\"twitter:image\" content=\"https:\/\/www.rucashk.com\/wp-content\/uploads\/replace\/503b8e645f128a97ccde2b6290747646.jpeg\" \/>\n\t\t<script type=\"application\/ld+json\" class=\"aioseo-schema\">\n\t\t\t{\"@context\":\"https:\\\/\\\/schema.org\",\"@graph\":[{\"@type\":\"BreadcrumbList\",\"@id\":\"https:\\\/\\\/www.rucashk.com\\\/pt\\\/produto\\\/70mai-jump-starter-wholesale\\\/#breadcrumblist\",\"itemListElement\":[{\"@type\":\"ListItem\",\"@id\":\"https:\\\/\\\/www.rucashk.com\\\/pt\\\/#listItem\",\"position\":1,\"name\":\"Home\",\"item\":\"https:\\\/\\\/www.rucashk.com\\\/pt\\\/\",\"nextItem\":\"https:\\\/\\\/www.rucashk.com\\\/pt\\\/produto\\\/70mai-jump-starter-wholesale\\\/#listItem\"},{\"@type\":\"ListItem\",\"@id\":\"https:\\\/\\\/www.rucashk.com\\\/pt\\\/produto\\\/70mai-jump-starter-wholesale\\\/#listItem\",\"position\":2,\"name\":\"70mai\\u00a0Jump Starter Wholesale\",\"previousItem\":\"https:\\\/\\\/www.rucashk.com\\\/pt\\\/#listItem\"}]},{\"@type\":\"Organization\",\"@id\":\"https:\\\/\\\/www.rucashk.com\\\/pt\\\/#organization\",\"name\":\"Rucas\",\"url\":\"https:\\\/\\\/www.rucashk.com\\\/pt\\\/\",\"logo\":{\"@type\":\"ImageObject\",\"url\":\"https:\\\/\\\/www.rucashk.com\\\/wp-content\\\/uploads\\\/2023\\\/12\\\/Rucas_campany_logo.png\",\"@id\":\"https:\\\/\\\/www.rucashk.com\\\/pt\\\/produto\\\/70mai-jump-starter-wholesale\\\/#organizationLogo\",\"width\":221,\"height\":65},\"image\":{\"@id\":\"https:\\\/\\\/www.rucashk.com\\\/pt\\\/#organizationLogo\"}},{\"@type\":\"Person\",\"@id\":\"https:\\\/\\\/www.rucashk.com\\\/pt\\\/author\\\/admin\\\/#author\",\"url\":\"https:\\\/\\\/www.rucashk.com\\\/pt\\\/author\\\/admin\\\/\",\"name\":\"admin\",\"image\":{\"@type\":\"ImageObject\",\"@id\":\"https:\\\/\\\/www.rucashk.com\\\/pt\\\/produto\\\/70mai-jump-starter-wholesale\\\/#authorImage\",\"url\":\"https:\\\/\\\/secure.gravatar.com\\\/avatar\\\/b7c8925b09a27e72b30232f8ecaadbd5af0f70a38c78096863fe51b64f031c24?s=96&d=mm&r=g\",\"width\":96,\"height\":96,\"caption\":\"admin\"}},{\"@type\":\"WebPage\",\"@id\":\"https:\\\/\\\/www.rucashk.com\\\/pt\\\/produto\\\/70mai-jump-starter-wholesale\\\/#webpage\",\"url\":\"https:\\\/\\\/www.rucashk.com\\\/pt\\\/produto\\\/70mai-jump-starter-wholesale\\\/\",\"name\":\"70mai Jump Starter Wholesale - Rucas - Wholesale and Distribution\",\"description\":\"11100mah Powerful Car Battery Jump Starter Multifunctional Power Bank Built-in LED battery Indicator Light, Waterproof and fireproof design Temperature Protection and Smart Clamps\",\"inLanguage\":\"pt-PT\",\"isPartOf\":{\"@id\":\"https:\\\/\\\/www.rucashk.com\\\/pt\\\/#website\"},\"breadcrumb\":{\"@id\":\"https:\\\/\\\/www.rucashk.com\\\/pt\\\/produto\\\/70mai-jump-starter-wholesale\\\/#breadcrumblist\"},\"author\":{\"@id\":\"https:\\\/\\\/www.rucashk.com\\\/pt\\\/author\\\/admin\\\/#author\"},\"creator\":{\"@id\":\"https:\\\/\\\/www.rucashk.com\\\/pt\\\/author\\\/admin\\\/#author\"},\"image\":{\"@type\":\"ImageObject\",\"url\":\"https:\\\/\\\/www.rucashk.com\\\/wp-content\\\/uploads\\\/2024\\\/01\\\/s-l500_\\u526f\\u672c.jpg\",\"@id\":\"https:\\\/\\\/www.rucashk.com\\\/pt\\\/produto\\\/70mai-jump-starter-wholesale\\\/#mainImage\",\"width\":800,\"height\":800},\"primaryImageOfPage\":{\"@id\":\"https:\\\/\\\/www.rucashk.com\\\/pt\\\/produto\\\/70mai-jump-starter-wholesale\\\/#mainImage\"},\"datePublished\":\"2024-01-09T16:00:36+00:00\",\"dateModified\":\"2024-03-12T08:05:02+00:00\"},{\"@type\":\"WebSite\",\"@id\":\"https:\\\/\\\/www.rucashk.com\\\/pt\\\/#website\",\"url\":\"https:\\\/\\\/www.rucashk.com\\\/pt\\\/\",\"name\":\"Rucas - Wholesale and distribution worldwide\",\"alternateName\":\"Rucas - One-stop AIoT Distribution Worldwide\",\"description\":\"One-stop AIoT Distribution Worldwide\",\"inLanguage\":\"pt-PT\",\"publisher\":{\"@id\":\"https:\\\/\\\/www.rucashk.com\\\/pt\\\/#organization\"}}]}\n\t\t<\/script>\n\t\t<!-- All in One SEO Pro -->\r\n\t\t<title>70mai Jump Starter Wholesale - Rucas - Wholesale and Distribution<\/title>\n\n","aioseo_head_json":{"title":"70mai Jump Starter Wholesale - Rucas - Wholesale and Distribution","description":"11100mah Powerful Car Battery Jump Starter Multifunctional Power Bank Built-in LED battery Indicator Light, Waterproof and fireproof design Temperature Protection and Smart Clamps","canonical_url":"https:\/\/www.rucashk.com\/pt\/produto\/70mai-jump-starter-wholesale\/","robots":"max-image-preview:large","keywords":"","webmasterTools":{"miscellaneous":""},"og:locale":"pt_PT","og:site_name":"Rucas - One-stop AIoT Distribution Worldwide","og:type":"article","og:title":"70mai Jump Starter Wholesale - Rucas - Wholesale and Distribution","og:description":"11100mah Powerful Car Battery Jump Starter Multifunctional Power Bank Built-in LED battery Indicator Light, Waterproof and fireproof design Temperature Protection and Smart Clamps","og:url":"https:\/\/www.rucashk.com\/pt\/produto\/70mai-jump-starter-wholesale\/","og:image":"https:\/\/www.rucashk.com\/wp-content\/uploads\/replace\/503b8e645f128a97ccde2b6290747646.jpeg","og:image:secure_url":"https:\/\/www.rucashk.com\/wp-content\/uploads\/replace\/503b8e645f128a97ccde2b6290747646.jpeg","og:image:width":1456,"og:image:height":816,"article:published_time":"2024-01-09T16:00:36+00:00","article:modified_time":"2024-03-12T08:05:02+00:00","twitter:card":"summary_large_image","twitter:title":"70mai Jump Starter Wholesale - Rucas - Wholesale and Distribution","twitter:description":"11100mah Powerful Car Battery Jump Starter Multifunctional Power Bank Built-in LED battery Indicator Light, Waterproof and fireproof design Temperature Protection and Smart Clamps","twitter:image":"https:\/\/www.rucashk.com\/wp-content\/uploads\/replace\/503b8e645f128a97ccde2b6290747646.jpeg","schema":{"@context":"https:\/\/schema.org","@graph":[{"@type":"BreadcrumbList","@id":"https:\/\/www.rucashk.com\/pt\/produto\/70mai-jump-starter-wholesale\/#breadcrumblist","itemListElement":[{"@type":"ListItem","@id":"https:\/\/www.rucashk.com\/pt\/#listItem","position":1,"name":"Home","item":"https:\/\/www.rucashk.com\/pt\/","nextItem":"https:\/\/www.rucashk.com\/pt\/produto\/70mai-jump-starter-wholesale\/#listItem"},{"@type":"ListItem","@id":"https:\/\/www.rucashk.com\/pt\/produto\/70mai-jump-starter-wholesale\/#listItem","position":2,"name":"70mai\u00a0Jump Starter Wholesale","previousItem":"https:\/\/www.rucashk.com\/pt\/#listItem"}]},{"@type":"Organization","@id":"https:\/\/www.rucashk.com\/pt\/#organization","name":"Rucas","url":"https:\/\/www.rucashk.com\/pt\/","logo":{"@type":"ImageObject","url":"https:\/\/www.rucashk.com\/wp-content\/uploads\/2023\/12\/Rucas_campany_logo.png","@id":"https:\/\/www.rucashk.com\/pt\/produto\/70mai-jump-starter-wholesale\/#organizationLogo","width":221,"height":65},"image":{"@id":"https:\/\/www.rucashk.com\/pt\/#organizationLogo"}},{"@type":"Person","@id":"https:\/\/www.rucashk.com\/pt\/author\/admin\/#author","url":"https:\/\/www.rucashk.com\/pt\/author\/admin\/","name":"admin","image":{"@type":"ImageObject","@id":"https:\/\/www.rucashk.com\/pt\/produto\/70mai-jump-starter-wholesale\/#authorImage","url":"https:\/\/secure.gravatar.com\/avatar\/b7c8925b09a27e72b30232f8ecaadbd5af0f70a38c78096863fe51b64f031c24?s=96&d=mm&r=g","width":96,"height":96,"caption":"admin"}},{"@type":"WebPage","@id":"https:\/\/www.rucashk.com\/pt\/produto\/70mai-jump-starter-wholesale\/#webpage","url":"https:\/\/www.rucashk.com\/pt\/produto\/70mai-jump-starter-wholesale\/","name":"70mai Jump Starter Wholesale - Rucas - Wholesale and Distribution","description":"11100mah Powerful Car Battery Jump Starter Multifunctional Power Bank Built-in LED battery Indicator Light, Waterproof and fireproof design Temperature Protection and Smart Clamps","inLanguage":"pt-PT","isPartOf":{"@id":"https:\/\/www.rucashk.com\/pt\/#website"},"breadcrumb":{"@id":"https:\/\/www.rucashk.com\/pt\/produto\/70mai-jump-starter-wholesale\/#breadcrumblist"},"author":{"@id":"https:\/\/www.rucashk.com\/pt\/author\/admin\/#author"},"creator":{"@id":"https:\/\/www.rucashk.com\/pt\/author\/admin\/#author"},"image":{"@type":"ImageObject","url":"https:\/\/www.rucashk.com\/wp-content\/uploads\/2024\/01\/s-l500_\u526f\u672c.jpg","@id":"https:\/\/www.rucashk.com\/pt\/produto\/70mai-jump-starter-wholesale\/#mainImage","width":800,"height":800},"primaryImageOfPage":{"@id":"https:\/\/www.rucashk.com\/pt\/produto\/70mai-jump-starter-wholesale\/#mainImage"},"datePublished":"2024-01-09T16:00:36+00:00","dateModified":"2024-03-12T08:05:02+00:00"},{"@type":"WebSite","@id":"https:\/\/www.rucashk.com\/pt\/#website","url":"https:\/\/www.rucashk.com\/pt\/","name":"Rucas - Wholesale and distribution worldwide","alternateName":"Rucas - One-stop AIoT Distribution Worldwide","description":"One-stop AIoT Distribution Worldwide","inLanguage":"pt-PT","publisher":{"@id":"https:\/\/www.rucashk.com\/pt\/#organization"}}]}},"aioseo_meta_data":{"post_id":"24072","title":null,"description":null,"keywords":null,"keyphrases":null,"primary_term":null,"canonical_url":null,"og_title":null,"og_description":null,"og_object_type":"default","og_image_type":"default","og_image_url":null,"og_image_width":null,"og_image_height":null,"og_image_custom_url":null,"og_image_custom_fields":null,"og_video":null,"og_custom_url":null,"og_article_section":null,"og_article_tags":null,"twitter_use_og":false,"twitter_card":"default","twitter_image_type":"default","twitter_image_url":null,"twitter_image_custom_url":null,"twitter_image_custom_fields":null,"twitter_title":null,"twitter_description":null,"schema":{"blockGraphs":[],"customGraphs":[],"default":{"data":{"Article":[],"Course":[],"Dataset":[],"FAQPage":[],"Movie":[],"Person":[],"Product":[],"Recipe":[],"Service":[],"SoftwareApplication":[],"WebPage":[]},"graphName":"","isEnabled":true},"graphs":[]},"schema_type":"default","schema_type_options":null,"pillar_content":false,"robots_default":true,"robots_noindex":false,"robots_noarchive":false,"robots_nosnippet":false,"robots_nofollow":false,"robots_noimageindex":false,"robots_noodp":false,"robots_notranslate":false,"robots_max_snippet":null,"robots_max_videopreview":null,"robots_max_imagepreview":"large","priority":null,"frequency":null,"local_seo":null,"breadcrumb_settings":null,"limit_modified_date":false,"created":"2024-04-11 01:57:08","updated":"2025-06-22 17:21:56"},"aioseo_breadcrumb":"<div class=\"aioseo-breadcrumbs\"><span class=\"aioseo-breadcrumb\">\n\t<a href=\"https:\/\/www.rucashk.com\/pt\" title=\"Home\">Home<\/a>\n<\/span><span class=\"aioseo-breadcrumb-separator\">&raquo;<\/span><span class=\"aioseo-breadcrumb\">\n\t<a href=\"https:\/\/www.rucashk.com\/pt\/products\/\" title=\"Produtos\">Produtos<\/a>\n<\/span><span class=\"aioseo-breadcrumb-separator\">&raquo;<\/span><span class=\"aioseo-breadcrumb\">\n\t<a href=\"https:\/\/www.rucashk.com\/pt\/categoria-produto\/e-vehicle-accessories\/\" title=\"E-Vehicle Accessories\">E-Vehicle Accessories<\/a>\n<\/span><span class=\"aioseo-breadcrumb-separator\">&raquo;<\/span><span class=\"aioseo-breadcrumb\">\n\t70mai\u00a0Jump Starter Wholesale\n<\/span><\/div>","aioseo_breadcrumb_json":[{"label":"Home","link":"https:\/\/www.rucashk.com\/pt"},{"label":"Produtos","link":"https:\/\/www.rucashk.com\/pt\/products\/"},{"label":"E-Vehicle Accessories","link":"https:\/\/www.rucashk.com\/pt\/categoria-produto\/e-vehicle-accessories\/"},{"label":"70mai\u00a0Jump Starter Wholesale","link":"https:\/\/www.rucashk.com\/pt\/produto\/70mai-jump-starter-wholesale\/"}],"_links":{"self":[{"href":"https:\/\/www.rucashk.com\/pt\/wp-json\/wp\/v2\/product\/24072","targetHints":{"allow":["GET"]}}],"collection":[{"href":"https:\/\/www.rucashk.com\/pt\/wp-json\/wp\/v2\/product"}],"about":[{"href":"https:\/\/www.rucashk.com\/pt\/wp-json\/wp\/v2\/types\/product"}],"wp:featuredmedia":[{"embeddable":true,"href":"https:\/\/www.rucashk.com\/pt\/wp-json\/wp\/v2\/media\/24170"}],"wp:attachment":[{"href":"https:\/\/www.rucashk.com\/pt\/wp-json\/wp\/v2\/media?parent=24072"}],"wp:term":[{"taxonomy":"product_brand","embeddable":true,"href":"https:\/\/www.rucashk.com\/pt\/wp-json\/wp\/v2\/product_brand?post=24072"},{"taxonomy":"product_cat","embeddable":true,"href":"https:\/\/www.rucashk.com\/pt\/wp-json\/wp\/v2\/product_cat?post=24072"},{"taxonomy":"product_tag","embeddable":true,"href":"https:\/\/www.rucashk.com\/pt\/wp-json\/wp\/v2\/product_tag?post=24072"}],"curies":[{"name":"wp","href":"https:\/\/api.w.org\/{rel}","templated":true}]}}