{"id":24041,"date":"2024-01-09T16:00:12","date_gmt":"2024-01-09T16:00:12","guid":{"rendered":"http:\/\/rucashk.com\/?post_type=product&#038;p=24041"},"modified":"2024-01-20T10:18:51","modified_gmt":"2024-01-20T10:18:51","slug":"xiaomi-deerma-dem-f301-wholesale","status":"publish","type":"product","link":"https:\/\/www.rucashk.com\/pt\/produto\/xiaomi-deerma-dem-f301-wholesale\/","title":{"rendered":"Xiaomi Deerma Dem-F301 atacado"},"content":{"rendered":"<div class=\"detail-main-detail container\">\n<div class=\"product-detail\">\n<div id=\"j-product-description\" class=\"ui-box product-description-main\" data-widget-cid=\"widget-28\">\n<div class=\"ui-box-body\">\n<div class=\"description-content show-all\" data-role=\"description\">\n<div class=\"origin-part\">\n<div class=\"detailmodule_text-image\">\n<p class=\"detail-desc-decorate-content\" data-spm-anchor-id=\"a219c.12057483.0.i2.a00362361O643K\"><img fetchpriority=\"high\" decoding=\"async\" class=\"detail-desc-decorate-image aligncenter\" src=\"https:\/\/www.rucashk.com\/wp-content\/uploads\/2020\/07\/Ha944f71d77d04adcbf10b77f8dc25eb5X.jpeg\" alt=\"Xiaomi\u00a0Deerma Dem-F301\" width=\"1000\" height=\"1000\" \/><img decoding=\"async\" class=\"detail-desc-decorate-image aligncenter\" src=\"https:\/\/www.rucashk.com\/wp-content\/uploads\/2020\/07\/Hf885811a2f4b4ed09d47169e31b67c3cm.jpeg\" alt=\"Xiaomi\u00a0Deerma Dem-F301\" width=\"1000\" height=\"1000\" \/><img decoding=\"async\" class=\"detail-desc-decorate-image aligncenter\" src=\"https:\/\/www.rucashk.com\/wp-content\/uploads\/2020\/07\/H40fca09768d74d388050e631a0920141f.jpeg\" alt=\"Xiaomi\u00a0Deerma Dem-F301\" width=\"1000\" height=\"1000\" \/><img loading=\"lazy\" decoding=\"async\" class=\"detail-desc-decorate-image aligncenter\" src=\"https:\/\/www.rucashk.com\/wp-content\/uploads\/2020\/07\/H36807557b1e24f61bbbb1f1ee0e456a4U.jpeg\" alt=\"Xiaomi\u00a0Deerma Dem-F301\" width=\"1000\" height=\"1000\" \/><img loading=\"lazy\" decoding=\"async\" class=\"detail-desc-decorate-image aligncenter\" src=\"https:\/\/www.rucashk.com\/wp-content\/uploads\/2020\/07\/H3a58826e18ff47138034cb082c52ab16M.jpeg\" alt=\"Xiaomi\u00a0Deerma Dem-F301\" width=\"1000\" height=\"1000\" \/><img loading=\"lazy\" decoding=\"async\" class=\"detail-desc-decorate-image aligncenter\" src=\"https:\/\/www.rucashk.com\/wp-content\/uploads\/2020\/07\/Ha084dd0af626433ba7647daac0a861e2B.jpeg\" alt=\"Xiaomi\u00a0Deerma Dem-F301\" width=\"1000\" height=\"1000\" \/><img loading=\"lazy\" decoding=\"async\" class=\"detail-desc-decorate-image aligncenter\" src=\"https:\/\/www.rucashk.com\/wp-content\/uploads\/2020\/07\/Haf22b2164f3248a5980feb069a880908P.jpeg\" alt=\"Xiaomi\u00a0Deerma Dem-F301\" width=\"1000\" height=\"1000\" \/><img loading=\"lazy\" decoding=\"async\" class=\"detail-desc-decorate-image aligncenter\" src=\"https:\/\/www.rucashk.com\/wp-content\/uploads\/2020\/07\/H0c050e780f7c465195d17ce86eae91e8q.jpeg\" alt=\"Xiaomi\u00a0Deerma Dem-F301\" width=\"1000\" height=\"1000\" \/><img loading=\"lazy\" decoding=\"async\" class=\"detail-desc-decorate-image aligncenter\" src=\"https:\/\/www.rucashk.com\/wp-content\/uploads\/2020\/07\/H6ba632feed51448fb7679310a7cab5a6Q.jpeg\" alt=\"Xiaomi\u00a0Deerma Dem-F301\" width=\"1000\" height=\"1000\" \/><img loading=\"lazy\" decoding=\"async\" class=\"detail-desc-decorate-image aligncenter\" src=\"https:\/\/www.rucashk.com\/wp-content\/uploads\/2020\/07\/H2edacc42bd7e43f5bdae0396c1b12924H.jpeg\" alt=\"Xiaomi\u00a0Deerma Dem-F301\" width=\"1000\" height=\"1000\" \/><img loading=\"lazy\" decoding=\"async\" class=\"detail-desc-decorate-image aligncenter\" src=\"https:\/\/www.rucashk.com\/wp-content\/uploads\/2020\/07\/H6f262d5109b24ad8b7556b837d7ac5ffd.jpeg\" alt=\"Xiaomi\u00a0Deerma Dem-F301\" width=\"1000\" height=\"1000\" \/><img loading=\"lazy\" decoding=\"async\" class=\"detail-desc-decorate-image aligncenter\" src=\"https:\/\/www.rucashk.com\/wp-content\/uploads\/2020\/07\/Ha3cdf954327c468e91f86f9bd92da9d39.jpeg\" alt=\"Xiaomi\u00a0Deerma Dem-F301\" width=\"1000\" height=\"1000\" \/><\/p>\n<\/div>\n<\/div>\n<\/div>\n<\/div>\n<div class=\"transtion-mask\">\n<p><strong>Par\u00e2metro<\/strong>:<br \/>\n-Capacidade: 2,5L<br \/>\n-Tens\u00e3o: 220V, 50Hz<br \/>\n-Pot\u00eancia: 25W<\/p>\n<p><strong>Aviso<\/strong>:<br \/>\nA tens\u00e3o nominal da m\u00e1quina \u00e9 220V, se seus pa\u00edses tiverem outras tens\u00f5es, voc\u00ea precisa fornecer um transformador conversor antes de usar, caso contr\u00e1rio a m\u00e1quina n\u00e3o funcionar\u00e1<br \/>\nPeso da embalagem: 1,263 kg<br \/>\nTamanho do produto (C x L x A): 20,00 x 20,00 x 22,40 cm \/ 7,87 x 7,87 x 8,82 polegadas<br \/>\nTamanho do pacote (comprimento x largura x altura): 22,00\u00d722,00\u00d725,00 cm \/ 8,66\u00d78,66\u00d79,84 polegadas<br \/>\nConte\u00fado do pacote: 1 umidificador<\/p>\n<p><strong>Especifica\u00e7\u00f5es do item<\/strong><br \/>\nMarca: Deerma Capacidade: 1,1-2,5 l Pot\u00eancia (W): 25 W<br \/>\nTens\u00e3o (V):220 V Ru\u00eddo:&lt;36 dB M\u00e9todo de umidifica\u00e7\u00e3o:Ultrass\u00f4nico<br \/>\nDesligamento do sistema de prote\u00e7\u00e3o por falta de \u00e1gua:Sim Fun\u00e7\u00e3o:Outros<br \/>\nUso:Domic\u00edlios Formato:Quadrado comercial Aplica\u00e7\u00e3o:&lt;10 \u33a1<br \/>\nControle de umidade: Tipo de toque Classifica\u00e7\u00e3o: Certifica\u00e7\u00e3o de umidifica\u00e7\u00e3o: CE<br \/>\nQuantidade de sa\u00edda de n\u00e9voa: Um Tipo de alimenta\u00e7\u00e3o: Fonte de alimenta\u00e7\u00e3o CA Tipo: Umidificador ultrass\u00f4nico<br \/>\nFun\u00e7\u00e3o de temporiza\u00e7\u00e3o:Sim Instala\u00e7\u00e3o:Mesa \/ Mesa port\u00e1til Capacidade de umidifica\u00e7\u00e3o:\u2264380ml \/ h<\/p>\n<\/div>\n<\/div>\n<\/div>\n<\/div>","protected":false},"excerpt":{"rendered":"<p><strong>Principais caracter\u00edsticas<\/strong>:<br \/>\n-Silent and efficient: ultra-quiet technology and energy-saving design, so you can be sure that Double humidification<br \/>\n-Humidifiers fill your room or office with clean, fresh air and make your work and daily activities much more pleasant and efficient<br \/>\n-Unique Fashion Design, humidifying your living space<br \/>\n-Applicable to bedroom, study, office, living room, bathroom, yoga, spa, conference room, baby room, etc.<br \/>\n-It can also be used as an aromatherapy diffuser. It is also a perfect gift<\/p>","protected":false},"featured_media":24154,"template":"","meta":[],"product_brand":[],"product_cat":[1318,1305],"product_tag":[1013],"class_list":{"0":"post-24041","1":"product","2":"type-product","3":"status-publish","4":"has-post-thumbnail","6":"product_cat-gadgets","7":"product_cat-xiaomi-eco","8":"product_tag-xiaomi-deerma-dem-f301","10":"first","11":"instock","12":"shipping-taxable","13":"product-type-external"},"aioseo_notices":[],"aioseo_head":"\n\t\t<!-- All in One SEO Pro 4.5.9.2 - aioseo.com -->\n\t\t<meta name=\"description\" content=\"Main features: -Silent and efficient: ultra-quiet technology and energy-saving design, so you can be sure that Double humidification -Humidifiers fill your room or office with clean, fresh air and make your work and daily activities much more pleasant and efficient -Unique Fashion Design, humidifying your living space -Applicable to bedroom, study, office, living room, bathroom, yoga, spa, conference room, baby room, etc. -It can also be used as an aromatherapy diffuser. It is also a perfect gift\" \/>\n\t\t<meta name=\"robots\" content=\"max-image-preview:large\" \/>\n\t\t<link rel=\"canonical\" href=\"https:\/\/www.rucashk.com\/pt\/produto\/xiaomi-deerma-dem-f301-wholesale\/\" \/>\n\t\t<meta name=\"generator\" content=\"All in One SEO Pro (AIOSEO) 4.5.9.2\" \/>\n\t\t<meta property=\"og:locale\" content=\"pt_PT\" \/>\n\t\t<meta property=\"og:site_name\" content=\"Rucas - One-stop AIoT Distribution Worldwide\" \/>\n\t\t<meta property=\"og:type\" content=\"article\" \/>\n\t\t<meta property=\"og:title\" content=\"Xiaomi Deerma Dem-F301 Wholesale - Rucas - Wholesale and Distribution\" \/>\n\t\t<meta property=\"og:description\" content=\"Main features: -Silent and efficient: ultra-quiet technology and energy-saving design, so you can be sure that Double humidification -Humidifiers fill your room or office with clean, fresh air and make your work and daily activities much more pleasant and efficient -Unique Fashion Design, humidifying your living space -Applicable to bedroom, study, office, living room, bathroom, yoga, spa, conference room, baby room, etc. -It can also be used as an aromatherapy diffuser. It is also a perfect gift\" \/>\n\t\t<meta property=\"og:url\" content=\"https:\/\/www.rucashk.com\/pt\/produto\/xiaomi-deerma-dem-f301-wholesale\/\" \/>\n\t\t<meta property=\"og:image\" content=\"https:\/\/www.rucashk.com\/wp-content\/uploads\/replace\/503b8e645f128a97ccde2b6290747646.jpeg\" \/>\n\t\t<meta property=\"og:image:secure_url\" content=\"https:\/\/www.rucashk.com\/wp-content\/uploads\/replace\/503b8e645f128a97ccde2b6290747646.jpeg\" \/>\n\t\t<meta property=\"og:image:width\" content=\"1456\" \/>\n\t\t<meta property=\"og:image:height\" content=\"816\" \/>\n\t\t<meta property=\"article:published_time\" content=\"2024-01-09T16:00:12+00:00\" \/>\n\t\t<meta property=\"article:modified_time\" content=\"2024-01-20T10:18:51+00:00\" \/>\n\t\t<meta name=\"twitter:card\" content=\"summary_large_image\" \/>\n\t\t<meta name=\"twitter:title\" content=\"Xiaomi Deerma Dem-F301 Wholesale - Rucas - Wholesale and Distribution\" \/>\n\t\t<meta name=\"twitter:description\" content=\"Main features: -Silent and efficient: ultra-quiet technology and energy-saving design, so you can be sure that Double humidification -Humidifiers fill your room or office with clean, fresh air and make your work and daily activities much more pleasant and efficient -Unique Fashion Design, humidifying your living space -Applicable to bedroom, study, office, living room, bathroom, yoga, spa, conference room, baby room, etc. -It can also be used as an aromatherapy diffuser. It is also a perfect gift\" \/>\n\t\t<meta name=\"twitter:image\" content=\"https:\/\/www.rucashk.com\/wp-content\/uploads\/replace\/503b8e645f128a97ccde2b6290747646.jpeg\" \/>\n\t\t<script type=\"application\/ld+json\" class=\"aioseo-schema\">\n\t\t\t{\"@context\":\"https:\\\/\\\/schema.org\",\"@graph\":[{\"@type\":\"BreadcrumbList\",\"@id\":\"https:\\\/\\\/www.rucashk.com\\\/pt\\\/produto\\\/xiaomi-deerma-dem-f301-wholesale\\\/#breadcrumblist\",\"itemListElement\":[{\"@type\":\"ListItem\",\"@id\":\"https:\\\/\\\/www.rucashk.com\\\/pt\\\/#listItem\",\"position\":1,\"name\":\"Home\",\"item\":\"https:\\\/\\\/www.rucashk.com\\\/pt\\\/\",\"nextItem\":\"https:\\\/\\\/www.rucashk.com\\\/pt\\\/produto\\\/xiaomi-deerma-dem-f301-wholesale\\\/#listItem\"},{\"@type\":\"ListItem\",\"@id\":\"https:\\\/\\\/www.rucashk.com\\\/pt\\\/produto\\\/xiaomi-deerma-dem-f301-wholesale\\\/#listItem\",\"position\":2,\"name\":\"Xiaomi\\u00a0Deerma Dem-F301 Wholesale\",\"previousItem\":\"https:\\\/\\\/www.rucashk.com\\\/pt\\\/#listItem\"}]},{\"@type\":\"Organization\",\"@id\":\"https:\\\/\\\/www.rucashk.com\\\/pt\\\/#organization\",\"name\":\"Rucas\",\"url\":\"https:\\\/\\\/www.rucashk.com\\\/pt\\\/\",\"logo\":{\"@type\":\"ImageObject\",\"url\":\"https:\\\/\\\/www.rucashk.com\\\/wp-content\\\/uploads\\\/2023\\\/12\\\/Rucas_campany_logo.png\",\"@id\":\"https:\\\/\\\/www.rucashk.com\\\/pt\\\/produto\\\/xiaomi-deerma-dem-f301-wholesale\\\/#organizationLogo\",\"width\":221,\"height\":65},\"image\":{\"@id\":\"https:\\\/\\\/www.rucashk.com\\\/pt\\\/#organizationLogo\"}},{\"@type\":\"Person\",\"@id\":\"https:\\\/\\\/www.rucashk.com\\\/pt\\\/author\\\/admin\\\/#author\",\"url\":\"https:\\\/\\\/www.rucashk.com\\\/pt\\\/author\\\/admin\\\/\",\"name\":\"admin\",\"image\":{\"@type\":\"ImageObject\",\"@id\":\"https:\\\/\\\/www.rucashk.com\\\/pt\\\/produto\\\/xiaomi-deerma-dem-f301-wholesale\\\/#authorImage\",\"url\":\"https:\\\/\\\/secure.gravatar.com\\\/avatar\\\/b7c8925b09a27e72b30232f8ecaadbd5af0f70a38c78096863fe51b64f031c24?s=96&d=mm&r=g\",\"width\":96,\"height\":96,\"caption\":\"admin\"}},{\"@type\":\"WebPage\",\"@id\":\"https:\\\/\\\/www.rucashk.com\\\/pt\\\/produto\\\/xiaomi-deerma-dem-f301-wholesale\\\/#webpage\",\"url\":\"https:\\\/\\\/www.rucashk.com\\\/pt\\\/produto\\\/xiaomi-deerma-dem-f301-wholesale\\\/\",\"name\":\"Xiaomi Deerma Dem-F301 Wholesale - Rucas - Wholesale and Distribution\",\"description\":\"Main features: -Silent and efficient: ultra-quiet technology and energy-saving design, so you can be sure that Double humidification -Humidifiers fill your room or office with clean, fresh air and make your work and daily activities much more pleasant and efficient -Unique Fashion Design, humidifying your living space -Applicable to bedroom, study, office, living room, bathroom, yoga, spa, conference room, baby room, etc. -It can also be used as an aromatherapy diffuser. It is also a perfect gift\",\"inLanguage\":\"pt-PT\",\"isPartOf\":{\"@id\":\"https:\\\/\\\/www.rucashk.com\\\/pt\\\/#website\"},\"breadcrumb\":{\"@id\":\"https:\\\/\\\/www.rucashk.com\\\/pt\\\/produto\\\/xiaomi-deerma-dem-f301-wholesale\\\/#breadcrumblist\"},\"author\":{\"@id\":\"https:\\\/\\\/www.rucashk.com\\\/pt\\\/author\\\/admin\\\/#author\"},\"creator\":{\"@id\":\"https:\\\/\\\/www.rucashk.com\\\/pt\\\/author\\\/admin\\\/#author\"},\"image\":{\"@type\":\"ImageObject\",\"url\":\"https:\\\/\\\/www.rucashk.com\\\/wp-content\\\/uploads\\\/2024\\\/01\\\/Nueva-llegada-Deerma-DEM-F301-humidificador-de-aire-ultras-nico-dom-stico-humidificador-Mute-difusor-de.jpeg_q50-2.jpeg\",\"@id\":\"https:\\\/\\\/www.rucashk.com\\\/pt\\\/produto\\\/xiaomi-deerma-dem-f301-wholesale\\\/#mainImage\",\"width\":1000,\"height\":1000},\"primaryImageOfPage\":{\"@id\":\"https:\\\/\\\/www.rucashk.com\\\/pt\\\/produto\\\/xiaomi-deerma-dem-f301-wholesale\\\/#mainImage\"},\"datePublished\":\"2024-01-09T16:00:12+00:00\",\"dateModified\":\"2024-01-20T10:18:51+00:00\"},{\"@type\":\"WebSite\",\"@id\":\"https:\\\/\\\/www.rucashk.com\\\/pt\\\/#website\",\"url\":\"https:\\\/\\\/www.rucashk.com\\\/pt\\\/\",\"name\":\"Rucas - Wholesale and distribution worldwide\",\"alternateName\":\"Rucas - One-stop AIoT Distribution Worldwide\",\"description\":\"One-stop AIoT Distribution Worldwide\",\"inLanguage\":\"pt-PT\",\"publisher\":{\"@id\":\"https:\\\/\\\/www.rucashk.com\\\/pt\\\/#organization\"}}]}\n\t\t<\/script>\n\t\t<!-- All in One SEO Pro -->\r\n\t\t<title>Xiaomi Deerma Dem-F301 Wholesale - Rucas - Wholesale and Distribution<\/title>\n\n","aioseo_head_json":{"title":"Xiaomi Deerma Dem-F301 Wholesale - Rucas - Wholesale and Distribution","description":"Main features: -Silent and efficient: ultra-quiet technology and energy-saving design, so you can be sure that Double humidification -Humidifiers fill your room or office with clean, fresh air and make your work and daily activities much more pleasant and efficient -Unique Fashion Design, humidifying your living space -Applicable to bedroom, study, office, living room, bathroom, yoga, spa, conference room, baby room, etc. -It can also be used as an aromatherapy diffuser. It is also a perfect gift","canonical_url":"https:\/\/www.rucashk.com\/pt\/produto\/xiaomi-deerma-dem-f301-wholesale\/","robots":"max-image-preview:large","keywords":"","webmasterTools":{"miscellaneous":""},"og:locale":"pt_PT","og:site_name":"Rucas - One-stop AIoT Distribution Worldwide","og:type":"article","og:title":"Xiaomi Deerma Dem-F301 Wholesale - Rucas - Wholesale and Distribution","og:description":"Main features: -Silent and efficient: ultra-quiet technology and energy-saving design, so you can be sure that Double humidification -Humidifiers fill your room or office with clean, fresh air and make your work and daily activities much more pleasant and efficient -Unique Fashion Design, humidifying your living space -Applicable to bedroom, study, office, living room, bathroom, yoga, spa, conference room, baby room, etc. -It can also be used as an aromatherapy diffuser. It is also a perfect gift","og:url":"https:\/\/www.rucashk.com\/pt\/produto\/xiaomi-deerma-dem-f301-wholesale\/","og:image":"https:\/\/www.rucashk.com\/wp-content\/uploads\/replace\/503b8e645f128a97ccde2b6290747646.jpeg","og:image:secure_url":"https:\/\/www.rucashk.com\/wp-content\/uploads\/replace\/503b8e645f128a97ccde2b6290747646.jpeg","og:image:width":1456,"og:image:height":816,"article:published_time":"2024-01-09T16:00:12+00:00","article:modified_time":"2024-01-20T10:18:51+00:00","twitter:card":"summary_large_image","twitter:title":"Xiaomi Deerma Dem-F301 Wholesale - Rucas - Wholesale and Distribution","twitter:description":"Main features: -Silent and efficient: ultra-quiet technology and energy-saving design, so you can be sure that Double humidification -Humidifiers fill your room or office with clean, fresh air and make your work and daily activities much more pleasant and efficient -Unique Fashion Design, humidifying your living space -Applicable to bedroom, study, office, living room, bathroom, yoga, spa, conference room, baby room, etc. -It can also be used as an aromatherapy diffuser. It is also a perfect gift","twitter:image":"https:\/\/www.rucashk.com\/wp-content\/uploads\/replace\/503b8e645f128a97ccde2b6290747646.jpeg","schema":{"@context":"https:\/\/schema.org","@graph":[{"@type":"BreadcrumbList","@id":"https:\/\/www.rucashk.com\/pt\/produto\/xiaomi-deerma-dem-f301-wholesale\/#breadcrumblist","itemListElement":[{"@type":"ListItem","@id":"https:\/\/www.rucashk.com\/pt\/#listItem","position":1,"name":"Home","item":"https:\/\/www.rucashk.com\/pt\/","nextItem":"https:\/\/www.rucashk.com\/pt\/produto\/xiaomi-deerma-dem-f301-wholesale\/#listItem"},{"@type":"ListItem","@id":"https:\/\/www.rucashk.com\/pt\/produto\/xiaomi-deerma-dem-f301-wholesale\/#listItem","position":2,"name":"Xiaomi\u00a0Deerma Dem-F301 Wholesale","previousItem":"https:\/\/www.rucashk.com\/pt\/#listItem"}]},{"@type":"Organization","@id":"https:\/\/www.rucashk.com\/pt\/#organization","name":"Rucas","url":"https:\/\/www.rucashk.com\/pt\/","logo":{"@type":"ImageObject","url":"https:\/\/www.rucashk.com\/wp-content\/uploads\/2023\/12\/Rucas_campany_logo.png","@id":"https:\/\/www.rucashk.com\/pt\/produto\/xiaomi-deerma-dem-f301-wholesale\/#organizationLogo","width":221,"height":65},"image":{"@id":"https:\/\/www.rucashk.com\/pt\/#organizationLogo"}},{"@type":"Person","@id":"https:\/\/www.rucashk.com\/pt\/author\/admin\/#author","url":"https:\/\/www.rucashk.com\/pt\/author\/admin\/","name":"admin","image":{"@type":"ImageObject","@id":"https:\/\/www.rucashk.com\/pt\/produto\/xiaomi-deerma-dem-f301-wholesale\/#authorImage","url":"https:\/\/secure.gravatar.com\/avatar\/b7c8925b09a27e72b30232f8ecaadbd5af0f70a38c78096863fe51b64f031c24?s=96&d=mm&r=g","width":96,"height":96,"caption":"admin"}},{"@type":"WebPage","@id":"https:\/\/www.rucashk.com\/pt\/produto\/xiaomi-deerma-dem-f301-wholesale\/#webpage","url":"https:\/\/www.rucashk.com\/pt\/produto\/xiaomi-deerma-dem-f301-wholesale\/","name":"Xiaomi Deerma Dem-F301 Wholesale - Rucas - Wholesale and Distribution","description":"Main features: -Silent and efficient: ultra-quiet technology and energy-saving design, so you can be sure that Double humidification -Humidifiers fill your room or office with clean, fresh air and make your work and daily activities much more pleasant and efficient -Unique Fashion Design, humidifying your living space -Applicable to bedroom, study, office, living room, bathroom, yoga, spa, conference room, baby room, etc. -It can also be used as an aromatherapy diffuser. It is also a perfect gift","inLanguage":"pt-PT","isPartOf":{"@id":"https:\/\/www.rucashk.com\/pt\/#website"},"breadcrumb":{"@id":"https:\/\/www.rucashk.com\/pt\/produto\/xiaomi-deerma-dem-f301-wholesale\/#breadcrumblist"},"author":{"@id":"https:\/\/www.rucashk.com\/pt\/author\/admin\/#author"},"creator":{"@id":"https:\/\/www.rucashk.com\/pt\/author\/admin\/#author"},"image":{"@type":"ImageObject","url":"https:\/\/www.rucashk.com\/wp-content\/uploads\/2024\/01\/Nueva-llegada-Deerma-DEM-F301-humidificador-de-aire-ultras-nico-dom-stico-humidificador-Mute-difusor-de.jpeg_q50-2.jpeg","@id":"https:\/\/www.rucashk.com\/pt\/produto\/xiaomi-deerma-dem-f301-wholesale\/#mainImage","width":1000,"height":1000},"primaryImageOfPage":{"@id":"https:\/\/www.rucashk.com\/pt\/produto\/xiaomi-deerma-dem-f301-wholesale\/#mainImage"},"datePublished":"2024-01-09T16:00:12+00:00","dateModified":"2024-01-20T10:18:51+00:00"},{"@type":"WebSite","@id":"https:\/\/www.rucashk.com\/pt\/#website","url":"https:\/\/www.rucashk.com\/pt\/","name":"Rucas - Wholesale and distribution worldwide","alternateName":"Rucas - One-stop AIoT Distribution Worldwide","description":"One-stop AIoT Distribution Worldwide","inLanguage":"pt-PT","publisher":{"@id":"https:\/\/www.rucashk.com\/pt\/#organization"}}]}},"aioseo_meta_data":{"post_id":"24041","title":null,"description":null,"keywords":null,"keyphrases":null,"primary_term":null,"canonical_url":null,"og_title":null,"og_description":null,"og_object_type":"default","og_image_type":"default","og_image_url":null,"og_image_width":null,"og_image_height":null,"og_image_custom_url":null,"og_image_custom_fields":null,"og_video":null,"og_custom_url":null,"og_article_section":null,"og_article_tags":null,"twitter_use_og":false,"twitter_card":"default","twitter_image_type":"default","twitter_image_url":null,"twitter_image_custom_url":null,"twitter_image_custom_fields":null,"twitter_title":null,"twitter_description":null,"schema":{"blockGraphs":[],"customGraphs":[],"default":{"data":{"Article":[],"Course":[],"Dataset":[],"FAQPage":[],"Movie":[],"Person":[],"Product":[],"Recipe":[],"Service":[],"SoftwareApplication":[],"WebPage":[]},"graphName":"","isEnabled":true},"graphs":[]},"schema_type":"default","schema_type_options":null,"pillar_content":false,"robots_default":true,"robots_noindex":false,"robots_noarchive":false,"robots_nosnippet":false,"robots_nofollow":false,"robots_noimageindex":false,"robots_noodp":false,"robots_notranslate":false,"robots_max_snippet":null,"robots_max_videopreview":null,"robots_max_imagepreview":"large","priority":null,"frequency":null,"local_seo":null,"breadcrumb_settings":null,"limit_modified_date":false,"created":"2024-04-11 01:57:08","updated":"2025-06-22 17:21:55"},"aioseo_breadcrumb":"<div class=\"aioseo-breadcrumbs\"><span class=\"aioseo-breadcrumb\">\n\t<a href=\"https:\/\/www.rucashk.com\/pt\" title=\"Home\">Home<\/a>\n<\/span><span class=\"aioseo-breadcrumb-separator\">&raquo;<\/span><span class=\"aioseo-breadcrumb\">\n\t<a href=\"https:\/\/www.rucashk.com\/pt\/products\/\" title=\"Produtos\">Produtos<\/a>\n<\/span><span class=\"aioseo-breadcrumb-separator\">&raquo;<\/span><span class=\"aioseo-breadcrumb\">\n\t<a href=\"https:\/\/www.rucashk.com\/pt\/categoria-produto\/xiaomi-eco\/\" title=\"Xiaomi Eco\">Xiaomi Eco<\/a>\n<\/span><span class=\"aioseo-breadcrumb-separator\">&raquo;<\/span><span class=\"aioseo-breadcrumb\">\n\t<a href=\"https:\/\/www.rucashk.com\/pt\/categoria-produto\/xiaomi-eco\/gadgets\/\" title=\"Gadgets\">Gadgets<\/a>\n<\/span><span class=\"aioseo-breadcrumb-separator\">&raquo;<\/span><span class=\"aioseo-breadcrumb\">\n\tXiaomi\u00a0Deerma Dem-F301 Wholesale\n<\/span><\/div>","aioseo_breadcrumb_json":[{"label":"Home","link":"https:\/\/www.rucashk.com\/pt"},{"label":"Produtos","link":"https:\/\/www.rucashk.com\/pt\/products\/"},{"label":"Xiaomi Eco","link":"https:\/\/www.rucashk.com\/pt\/categoria-produto\/xiaomi-eco\/"},{"label":"Gadgets","link":"https:\/\/www.rucashk.com\/pt\/categoria-produto\/xiaomi-eco\/gadgets\/"},{"label":"Xiaomi\u00a0Deerma Dem-F301 Wholesale","link":"https:\/\/www.rucashk.com\/pt\/produto\/xiaomi-deerma-dem-f301-wholesale\/"}],"_links":{"self":[{"href":"https:\/\/www.rucashk.com\/pt\/wp-json\/wp\/v2\/product\/24041","targetHints":{"allow":["GET"]}}],"collection":[{"href":"https:\/\/www.rucashk.com\/pt\/wp-json\/wp\/v2\/product"}],"about":[{"href":"https:\/\/www.rucashk.com\/pt\/wp-json\/wp\/v2\/types\/product"}],"wp:featuredmedia":[{"embeddable":true,"href":"https:\/\/www.rucashk.com\/pt\/wp-json\/wp\/v2\/media\/24154"}],"wp:attachment":[{"href":"https:\/\/www.rucashk.com\/pt\/wp-json\/wp\/v2\/media?parent=24041"}],"wp:term":[{"taxonomy":"product_brand","embeddable":true,"href":"https:\/\/www.rucashk.com\/pt\/wp-json\/wp\/v2\/product_brand?post=24041"},{"taxonomy":"product_cat","embeddable":true,"href":"https:\/\/www.rucashk.com\/pt\/wp-json\/wp\/v2\/product_cat?post=24041"},{"taxonomy":"product_tag","embeddable":true,"href":"https:\/\/www.rucashk.com\/pt\/wp-json\/wp\/v2\/product_tag?post=24041"}],"curies":[{"name":"wp","href":"https:\/\/api.w.org\/{rel}","templated":true}]}}