{"id":24036,"date":"2024-01-09T16:00:11","date_gmt":"2024-01-09T16:00:11","guid":{"rendered":"http:\/\/rucashk.com\/?post_type=product&#038;p=24036"},"modified":"2024-03-11T06:32:24","modified_gmt":"2024-03-11T06:32:24","slug":"huawei-freebuds-wholesale","status":"publish","type":"product","link":"https:\/\/www.rucashk.com\/pt\/produto\/huawei-freebuds-wholesale\/","title":{"rendered":"Huawei Freebuds atacado"},"content":{"rendered":"<p><img fetchpriority=\"high\" decoding=\"async\" class=\"js-descLazyload lazy-loaded aligncenter\" src=\"\/wp-content\/uploads\/replace\/77635a15a473357b99a65b3bf9fa8637.jpeg\" alt=\"Huawei Freebuds\" width=\"1000\" height=\"868\" data-lazy=\"\/wp-content\/uploads\/replace\/77635a15a473357b99a65b3bf9fa8637.jpeg\" data-was-processed=\"true\" \/><\/p>\n<p><img decoding=\"async\" class=\"js-descLazyload lazy-loaded aligncenter\" src=\"\/wp-content\/uploads\/replace\/cc44c7f9eb7e4b52cd5b1900d8cafd51.jpeg\" alt=\"Huawei Freebuds\" width=\"1000\" height=\"519\" data-lazy=\"\/wp-content\/uploads\/replace\/cc44c7f9eb7e4b52cd5b1900d8cafd51.jpeg\" data-was-processed=\"true\" \/><\/p>\n<p><img decoding=\"async\" class=\"js-descLazyload lazy-loaded aligncenter\" src=\"\/wp-content\/uploads\/replace\/c4bb344a75223c549b850fc3df518a1d.jpeg\" alt=\"Huawei Freebuds\" width=\"1000\" height=\"524\" data-lazy=\"\/wp-content\/uploads\/replace\/c4bb344a75223c549b850fc3df518a1d.jpeg\" data-was-processed=\"true\" \/><\/p>\n<p><img loading=\"lazy\" decoding=\"async\" class=\"js-descLazyload lazy-loaded aligncenter\" src=\"\/wp-content\/uploads\/replace\/4857af976c5f45441083bf91711ec552.jpeg\" alt=\"Huawei Freebuds\" width=\"1000\" height=\"519\" data-lazy=\"\/wp-content\/uploads\/replace\/4857af976c5f45441083bf91711ec552.jpeg\" data-was-processed=\"true\" \/><\/p>\n<p><img loading=\"lazy\" decoding=\"async\" class=\"js-descLazyload lazy-loaded aligncenter\" src=\"\/wp-content\/uploads\/replace\/1f41ea0be159b634b71df80602465d09.jpeg\" alt=\"Huawei Freebuds\" width=\"1000\" height=\"794\" data-lazy=\"\/wp-content\/uploads\/replace\/1f41ea0be159b634b71df80602465d09.jpeg\" data-was-processed=\"true\" \/><\/p>\n<p><img loading=\"lazy\" decoding=\"async\" class=\"js-descLazyload lazy-loaded aligncenter\" src=\"\/wp-content\/uploads\/replace\/99cfcffb888a46a3aa34e234a295abe7.jpeg\" alt=\"Huawei Freebuds\" width=\"1000\" height=\"1038\" data-lazy=\"\/wp-content\/uploads\/replace\/99cfcffb888a46a3aa34e234a295abe7.jpeg\" data-was-processed=\"true\" \/><\/p>\n<p><img loading=\"lazy\" decoding=\"async\" class=\"js-descLazyload lazy-loaded aligncenter\" src=\"\/wp-content\/uploads\/replace\/69f15d9f0e43bf489e4dd06e4e0e68fd.jpeg\" alt=\"Huawei Freebuds\" width=\"1000\" height=\"529\" data-lazy=\"\/wp-content\/uploads\/replace\/69f15d9f0e43bf489e4dd06e4e0e68fd.jpeg\" data-was-processed=\"true\" \/><\/p>\n<p><img loading=\"lazy\" decoding=\"async\" class=\"js-descLazyload lazy-loaded aligncenter\" src=\"\/wp-content\/uploads\/replace\/38299b1e7ffbda8bd5a8b1d3ad4e30d8.jpeg\" alt=\"Huawei Freebuds\" width=\"1000\" height=\"520\" data-lazy=\"\/wp-content\/uploads\/replace\/38299b1e7ffbda8bd5a8b1d3ad4e30d8.jpeg\" data-was-processed=\"true\" \/><\/p>\n<p><img loading=\"lazy\" decoding=\"async\" class=\"js-descLazyload lazy-loaded aligncenter\" src=\"\/wp-content\/uploads\/replace\/4bf6ae781cc15fc00879c6694593a23d.jpeg\" alt=\"Huawei Freebuds\" width=\"1000\" height=\"519\" data-lazy=\"\/wp-content\/uploads\/replace\/4bf6ae781cc15fc00879c6694593a23d.jpeg\" data-was-processed=\"true\" \/><\/p>\n<p><img loading=\"lazy\" decoding=\"async\" class=\"js-descLazyload lazy-loaded aligncenter\" src=\"\/wp-content\/uploads\/replace\/f5dbaaa4fc0d616e08f16e9a92ca6993.jpeg\" alt=\"Huawei Freebuds\" width=\"1000\" height=\"583\" data-lazy=\"\/wp-content\/uploads\/replace\/f5dbaaa4fc0d616e08f16e9a92ca6993.jpeg\" data-was-processed=\"true\" \/><\/p>\n<p><img loading=\"lazy\" decoding=\"async\" class=\"js-descLazyload lazy-loaded aligncenter\" src=\"\/wp-content\/uploads\/replace\/ff0aeeaa29346d0d27ddab026abda816.jpeg\" alt=\"Huawei Freebuds\" width=\"1000\" height=\"1021\" data-lazy=\"\/wp-content\/uploads\/replace\/ff0aeeaa29346d0d27ddab026abda816.jpeg\" data-was-processed=\"true\" \/><\/p>\n<p><img loading=\"lazy\" decoding=\"async\" class=\"js-descLazyload lazy-loaded aligncenter\" src=\"\/wp-content\/uploads\/replace\/dda4bc478e869fd1ea2b8ff704123a34.jpeg\" alt=\"Huawei Freebuds\" width=\"1000\" height=\"527\" data-lazy=\"\/wp-content\/uploads\/replace\/dda4bc478e869fd1ea2b8ff704123a34.jpeg\" data-was-processed=\"true\" \/><\/p>\n<p><img loading=\"lazy\" decoding=\"async\" class=\"js-descLazyload lazy-loaded aligncenter\" src=\"\/wp-content\/uploads\/replace\/1746019ff041c88debbf0b66fc61f236.jpeg\" alt=\"Huawei Freebuds\" width=\"1000\" height=\"520\" data-lazy=\"\/wp-content\/uploads\/replace\/1746019ff041c88debbf0b66fc61f236.jpeg\" data-was-processed=\"true\" \/><\/p>\n<p><img loading=\"lazy\" decoding=\"async\" class=\"js-descLazyload lazy-loaded aligncenter\" src=\"\/wp-content\/uploads\/replace\/295832bd54d1aa77f476926ef4c11a5a.jpeg\" alt=\"Huawei Freebuds\" width=\"1000\" height=\"519\" data-lazy=\"\/wp-content\/uploads\/replace\/295832bd54d1aa77f476926ef4c11a5a.jpeg\" data-was-processed=\"true\" \/><\/p>\n<p><img loading=\"lazy\" decoding=\"async\" class=\"js-descLazyload lazy-loaded aligncenter\" src=\"\/wp-content\/uploads\/replace\/5fe376d96c2caac1f285706d97a7a7fc.jpeg\" alt=\"Huawei Freebuds\" width=\"1000\" height=\"552\" data-lazy=\"\/wp-content\/uploads\/replace\/5fe376d96c2caac1f285706d97a7a7fc.jpeg\" data-was-processed=\"true\" \/><\/p>\n<p><img loading=\"lazy\" decoding=\"async\" class=\"js-descLazyload lazy-loaded aligncenter\" src=\"\/wp-content\/uploads\/replace\/c3839fb0b32d6d4cc23141124ab39393.jpeg\" alt=\"Huawei Freebuds\" width=\"1000\" height=\"616\" data-lazy=\"\/wp-content\/uploads\/replace\/c3839fb0b32d6d4cc23141124ab39393.jpeg\" data-was-processed=\"true\" \/><\/p>\n<p><img loading=\"lazy\" decoding=\"async\" class=\"js-descLazyload lazy-loaded aligncenter\" src=\"\/wp-content\/uploads\/replace\/daed4f235bb8d49d16a3f547491e7070.jpeg\" alt=\"Huawei Freebuds\" width=\"1000\" height=\"973\" data-lazy=\"\/wp-content\/uploads\/replace\/daed4f235bb8d49d16a3f547491e7070.jpeg\" data-was-processed=\"true\" \/><\/p>\n<p class=\"sizeDescTitle\"><strong>Especifica\u00e7\u00e3o<\/strong>:<\/p>\n<div class=\"sizeDescTable\">\n<div class=\"sizeDescCate topBorder\">\n<div class=\"sizeDescCateContent\">Conte\u00fado do pacote: 1 x par de fones de ouvido, 1 x base de carregamento de 410mAh, 3 x par de pontas de ouvido de backup, 1 x micro cabo, 1 x manual do usu\u00e1rio<\/div>\n<\/div>\n<\/div>\n<div class=\"sizeDescTable\">\n<div class=\"sizeDescCate\">\n<div class=\"sizeDescCateContent\">Tipo de bateria: bateria de pol\u00edmero de \u00edon de l\u00edtio<\/div>\n<\/div>\n<\/div>\n<div class=\"sizeDescTable\">\n<div class=\"sizeDescCate\">\n<div class=\"sizeDescCateContent\">Tempo de conversa\u00e7\u00e3o: 3h<\/div>\n<\/div>\n<\/div>\n<div class=\"sizeDescTable\">\n<div class=\"sizeDescCate\">\n<div class=\"sizeDescCateContent\">Tamanhos do pacote: 11 x 10 x 5 cm<\/div>\n<\/div>\n<\/div>\n<div class=\"sizeDescTable\">\n<div class=\"sizeDescCate\">\n<div class=\"sizeDescCateContent\">Pesos da embalagem: 0,15<\/div>\n<\/div>\n<\/div>\n<div class=\"sizeDescTable\">\n<div class=\"sizeDescCate\">\n<div class=\"sizeDescCateContent\">Escopo de aplica\u00e7\u00e3o: jogos, esportes, corrida, trabalho, audi\u00f3filo<\/div>\n<\/div>\n<\/div>\n<div class=\"sizeDescTable\">\n<div class=\"sizeDescCate\">\n<div class=\"sizeDescCateContent\">Conectividade: Sem fio<\/div>\n<\/div>\n<\/div>\n<div class=\"sizeDescTable\">\n<div class=\"sizeDescCate\">\n<div class=\"sizeDescCateContent\">Hor\u00e1rio da M\u00fasica: 12h<\/div>\n<\/div>\n<\/div>\n<div class=\"sizeDescTable\">\n<div class=\"sizeDescCate\">\n<div class=\"sizeDescCateContent\">Protocolo Bluetooth: V4.2<\/div>\n<\/div>\n<\/div>\n<div class=\"sizeDescTable\">\n<div class=\"sizeDescCate\">\n<div class=\"sizeDescCateContent\">Compat\u00edvel com: Celular, iPhone, iPod<\/div>\n<\/div>\n<\/div>\n<div class=\"sizeDescTable\">\n<div class=\"sizeDescCate\">\n<div class=\"sizeDescCateContent\">Tipo de uso: intra-auricular<\/div>\n<\/div>\n<\/div>\n<div class=\"sizeDescTable\">\n<div class=\"sizeDescCate\">\n<div class=\"sizeDescCateContent\">Com fun\u00e7\u00e3o de modem: \u00e0 prova d&#039;\u00e1gua, Bluetooth, cancelamento de ru\u00eddo, microfone, atendedor de chamadas, MP3 player, \u00e0 prova de suor<\/div>\n<\/div>\n<\/div>\n<div class=\"sizeDescTable\">\n<div class=\"sizeDescCate\">\n<div class=\"sizeDescCateContent\">Capacidade da bateria (mAh): 410mAh<\/div>\n<\/div>\n<\/div>","protected":false},"excerpt":{"rendered":"<p class=\"textDescTitle\"><strong>Principais caracter\u00edsticas:<\/strong><\/p>\n<p class=\"textDescContent\">\u25cf Support touch control, easy to use<br \/>\n\u25cf Release your hand with the Bluetooth function<br \/>\n\u25cf With good quality the voice performance perfectly.<br \/>\n\u25cf Use noise reduction microphone, chat with others clearly by it<\/p>","protected":false},"featured_media":24128,"template":"","meta":[],"product_brand":[],"product_cat":[1345,1322],"product_tag":[1008],"class_list":{"0":"post-24036","1":"product","2":"type-product","3":"status-publish","4":"has-post-thumbnail","6":"product_cat-huawei-other-a-brands","7":"product_cat-other-a-brands","8":"product_tag-huawei-freebuds","10":"first","11":"instock","12":"shipping-taxable","13":"product-type-external"},"aioseo_notices":[],"aioseo_head":"\n\t\t<!-- All in One SEO Pro 4.5.9.2 - aioseo.com -->\n\t\t<meta name=\"description\" content=\"Main Features: \u25cf Support touch control, easy to use \u25cf Release your hand with the Bluetooth function \u25cf With good quality the voice performance perfectly. \u25cf Use noise reduction microphone, chat with others clearly by it\" \/>\n\t\t<meta name=\"robots\" content=\"max-image-preview:large\" \/>\n\t\t<link rel=\"canonical\" href=\"https:\/\/www.rucashk.com\/pt\/produto\/huawei-freebuds-wholesale\/\" \/>\n\t\t<meta name=\"generator\" content=\"All in One SEO Pro (AIOSEO) 4.5.9.2\" \/>\n\t\t<meta property=\"og:locale\" content=\"pt_PT\" \/>\n\t\t<meta property=\"og:site_name\" content=\"Rucas - One-stop AIoT Distribution Worldwide\" \/>\n\t\t<meta property=\"og:type\" content=\"article\" \/>\n\t\t<meta property=\"og:title\" content=\"Huawei Freebuds Wholesale - Rucas - Wholesale and Distribution\" \/>\n\t\t<meta property=\"og:description\" content=\"Main Features: \u25cf Support touch control, easy to use \u25cf Release your hand with the Bluetooth function \u25cf With good quality the voice performance perfectly. \u25cf Use noise reduction microphone, chat with others clearly by it\" \/>\n\t\t<meta property=\"og:url\" content=\"https:\/\/www.rucashk.com\/pt\/produto\/huawei-freebuds-wholesale\/\" \/>\n\t\t<meta property=\"og:image\" content=\"https:\/\/www.rucashk.com\/wp-content\/uploads\/replace\/503b8e645f128a97ccde2b6290747646.jpeg\" \/>\n\t\t<meta property=\"og:image:secure_url\" content=\"https:\/\/www.rucashk.com\/wp-content\/uploads\/replace\/503b8e645f128a97ccde2b6290747646.jpeg\" \/>\n\t\t<meta property=\"og:image:width\" content=\"1456\" \/>\n\t\t<meta property=\"og:image:height\" content=\"816\" \/>\n\t\t<meta property=\"article:published_time\" content=\"2024-01-09T16:00:11+00:00\" \/>\n\t\t<meta property=\"article:modified_time\" content=\"2024-03-11T06:32:24+00:00\" \/>\n\t\t<meta name=\"twitter:card\" content=\"summary_large_image\" \/>\n\t\t<meta name=\"twitter:title\" content=\"Huawei Freebuds Wholesale - Rucas - Wholesale and Distribution\" \/>\n\t\t<meta name=\"twitter:description\" content=\"Main Features: \u25cf Support touch control, easy to use \u25cf Release your hand with the Bluetooth function \u25cf With good quality the voice performance perfectly. \u25cf Use noise reduction microphone, chat with others clearly by it\" \/>\n\t\t<meta name=\"twitter:image\" content=\"https:\/\/www.rucashk.com\/wp-content\/uploads\/replace\/503b8e645f128a97ccde2b6290747646.jpeg\" \/>\n\t\t<script type=\"application\/ld+json\" class=\"aioseo-schema\">\n\t\t\t{\"@context\":\"https:\\\/\\\/schema.org\",\"@graph\":[{\"@type\":\"BreadcrumbList\",\"@id\":\"https:\\\/\\\/www.rucashk.com\\\/pt\\\/produto\\\/huawei-freebuds-wholesale\\\/#breadcrumblist\",\"itemListElement\":[{\"@type\":\"ListItem\",\"@id\":\"https:\\\/\\\/www.rucashk.com\\\/pt\\\/#listItem\",\"position\":1,\"name\":\"Home\",\"item\":\"https:\\\/\\\/www.rucashk.com\\\/pt\\\/\",\"nextItem\":\"https:\\\/\\\/www.rucashk.com\\\/pt\\\/produto\\\/huawei-freebuds-wholesale\\\/#listItem\"},{\"@type\":\"ListItem\",\"@id\":\"https:\\\/\\\/www.rucashk.com\\\/pt\\\/produto\\\/huawei-freebuds-wholesale\\\/#listItem\",\"position\":2,\"name\":\"Huawei Freebuds Wholesale\",\"previousItem\":\"https:\\\/\\\/www.rucashk.com\\\/pt\\\/#listItem\"}]},{\"@type\":\"Organization\",\"@id\":\"https:\\\/\\\/www.rucashk.com\\\/pt\\\/#organization\",\"name\":\"Rucas\",\"url\":\"https:\\\/\\\/www.rucashk.com\\\/pt\\\/\",\"logo\":{\"@type\":\"ImageObject\",\"url\":\"https:\\\/\\\/www.rucashk.com\\\/wp-content\\\/uploads\\\/2023\\\/12\\\/Rucas_campany_logo.png\",\"@id\":\"https:\\\/\\\/www.rucashk.com\\\/pt\\\/produto\\\/huawei-freebuds-wholesale\\\/#organizationLogo\",\"width\":221,\"height\":65},\"image\":{\"@id\":\"https:\\\/\\\/www.rucashk.com\\\/pt\\\/#organizationLogo\"}},{\"@type\":\"Person\",\"@id\":\"https:\\\/\\\/www.rucashk.com\\\/pt\\\/author\\\/admin\\\/#author\",\"url\":\"https:\\\/\\\/www.rucashk.com\\\/pt\\\/author\\\/admin\\\/\",\"name\":\"admin\",\"image\":{\"@type\":\"ImageObject\",\"@id\":\"https:\\\/\\\/www.rucashk.com\\\/pt\\\/produto\\\/huawei-freebuds-wholesale\\\/#authorImage\",\"url\":\"https:\\\/\\\/secure.gravatar.com\\\/avatar\\\/b7c8925b09a27e72b30232f8ecaadbd5af0f70a38c78096863fe51b64f031c24?s=96&d=mm&r=g\",\"width\":96,\"height\":96,\"caption\":\"admin\"}},{\"@type\":\"WebPage\",\"@id\":\"https:\\\/\\\/www.rucashk.com\\\/pt\\\/produto\\\/huawei-freebuds-wholesale\\\/#webpage\",\"url\":\"https:\\\/\\\/www.rucashk.com\\\/pt\\\/produto\\\/huawei-freebuds-wholesale\\\/\",\"name\":\"Huawei Freebuds Wholesale - Rucas - Wholesale and Distribution\",\"description\":\"Main Features: \\u25cf Support touch control, easy to use \\u25cf Release your hand with the Bluetooth function \\u25cf With good quality the voice performance perfectly. \\u25cf Use noise reduction microphone, chat with others clearly by it\",\"inLanguage\":\"pt-PT\",\"isPartOf\":{\"@id\":\"https:\\\/\\\/www.rucashk.com\\\/pt\\\/#website\"},\"breadcrumb\":{\"@id\":\"https:\\\/\\\/www.rucashk.com\\\/pt\\\/produto\\\/huawei-freebuds-wholesale\\\/#breadcrumblist\"},\"author\":{\"@id\":\"https:\\\/\\\/www.rucashk.com\\\/pt\\\/author\\\/admin\\\/#author\"},\"creator\":{\"@id\":\"https:\\\/\\\/www.rucashk.com\\\/pt\\\/author\\\/admin\\\/#author\"},\"image\":{\"@type\":\"ImageObject\",\"url\":\"https:\\\/\\\/www.rucashk.com\\\/wp-content\\\/uploads\\\/2024\\\/01\\\/huawei-freebuds.jpg\",\"@id\":\"https:\\\/\\\/www.rucashk.com\\\/pt\\\/produto\\\/huawei-freebuds-wholesale\\\/#mainImage\",\"width\":800,\"height\":800},\"primaryImageOfPage\":{\"@id\":\"https:\\\/\\\/www.rucashk.com\\\/pt\\\/produto\\\/huawei-freebuds-wholesale\\\/#mainImage\"},\"datePublished\":\"2024-01-09T16:00:11+00:00\",\"dateModified\":\"2024-03-11T06:32:24+00:00\"},{\"@type\":\"WebSite\",\"@id\":\"https:\\\/\\\/www.rucashk.com\\\/pt\\\/#website\",\"url\":\"https:\\\/\\\/www.rucashk.com\\\/pt\\\/\",\"name\":\"Rucas - Wholesale and distribution worldwide\",\"alternateName\":\"Rucas - One-stop AIoT Distribution Worldwide\",\"description\":\"One-stop AIoT Distribution Worldwide\",\"inLanguage\":\"pt-PT\",\"publisher\":{\"@id\":\"https:\\\/\\\/www.rucashk.com\\\/pt\\\/#organization\"}}]}\n\t\t<\/script>\n\t\t<!-- All in One SEO Pro -->\r\n\t\t<title>Huawei Freebuds Wholesale - Rucas - Wholesale and Distribution<\/title>\n\n","aioseo_head_json":{"title":"Huawei Freebuds Wholesale - Rucas - Wholesale and Distribution","description":"Main Features: \u25cf Support touch control, easy to use \u25cf Release your hand with the Bluetooth function \u25cf With good quality the voice performance perfectly. \u25cf Use noise reduction microphone, chat with others clearly by it","canonical_url":"https:\/\/www.rucashk.com\/pt\/produto\/huawei-freebuds-wholesale\/","robots":"max-image-preview:large","keywords":"","webmasterTools":{"miscellaneous":""},"og:locale":"pt_PT","og:site_name":"Rucas - One-stop AIoT Distribution Worldwide","og:type":"article","og:title":"Huawei Freebuds Wholesale - Rucas - Wholesale and Distribution","og:description":"Main Features: \u25cf Support touch control, easy to use \u25cf Release your hand with the Bluetooth function \u25cf With good quality the voice performance perfectly. \u25cf Use noise reduction microphone, chat with others clearly by it","og:url":"https:\/\/www.rucashk.com\/pt\/produto\/huawei-freebuds-wholesale\/","og:image":"https:\/\/www.rucashk.com\/wp-content\/uploads\/replace\/503b8e645f128a97ccde2b6290747646.jpeg","og:image:secure_url":"https:\/\/www.rucashk.com\/wp-content\/uploads\/replace\/503b8e645f128a97ccde2b6290747646.jpeg","og:image:width":1456,"og:image:height":816,"article:published_time":"2024-01-09T16:00:11+00:00","article:modified_time":"2024-03-11T06:32:24+00:00","twitter:card":"summary_large_image","twitter:title":"Huawei Freebuds Wholesale - Rucas - Wholesale and Distribution","twitter:description":"Main Features: \u25cf Support touch control, easy to use \u25cf Release your hand with the Bluetooth function \u25cf With good quality the voice performance perfectly. \u25cf Use noise reduction microphone, chat with others clearly by it","twitter:image":"https:\/\/www.rucashk.com\/wp-content\/uploads\/replace\/503b8e645f128a97ccde2b6290747646.jpeg","schema":{"@context":"https:\/\/schema.org","@graph":[{"@type":"BreadcrumbList","@id":"https:\/\/www.rucashk.com\/pt\/produto\/huawei-freebuds-wholesale\/#breadcrumblist","itemListElement":[{"@type":"ListItem","@id":"https:\/\/www.rucashk.com\/pt\/#listItem","position":1,"name":"Home","item":"https:\/\/www.rucashk.com\/pt\/","nextItem":"https:\/\/www.rucashk.com\/pt\/produto\/huawei-freebuds-wholesale\/#listItem"},{"@type":"ListItem","@id":"https:\/\/www.rucashk.com\/pt\/produto\/huawei-freebuds-wholesale\/#listItem","position":2,"name":"Huawei Freebuds Wholesale","previousItem":"https:\/\/www.rucashk.com\/pt\/#listItem"}]},{"@type":"Organization","@id":"https:\/\/www.rucashk.com\/pt\/#organization","name":"Rucas","url":"https:\/\/www.rucashk.com\/pt\/","logo":{"@type":"ImageObject","url":"https:\/\/www.rucashk.com\/wp-content\/uploads\/2023\/12\/Rucas_campany_logo.png","@id":"https:\/\/www.rucashk.com\/pt\/produto\/huawei-freebuds-wholesale\/#organizationLogo","width":221,"height":65},"image":{"@id":"https:\/\/www.rucashk.com\/pt\/#organizationLogo"}},{"@type":"Person","@id":"https:\/\/www.rucashk.com\/pt\/author\/admin\/#author","url":"https:\/\/www.rucashk.com\/pt\/author\/admin\/","name":"admin","image":{"@type":"ImageObject","@id":"https:\/\/www.rucashk.com\/pt\/produto\/huawei-freebuds-wholesale\/#authorImage","url":"https:\/\/secure.gravatar.com\/avatar\/b7c8925b09a27e72b30232f8ecaadbd5af0f70a38c78096863fe51b64f031c24?s=96&d=mm&r=g","width":96,"height":96,"caption":"admin"}},{"@type":"WebPage","@id":"https:\/\/www.rucashk.com\/pt\/produto\/huawei-freebuds-wholesale\/#webpage","url":"https:\/\/www.rucashk.com\/pt\/produto\/huawei-freebuds-wholesale\/","name":"Huawei Freebuds Wholesale - Rucas - Wholesale and Distribution","description":"Main Features: \u25cf Support touch control, easy to use \u25cf Release your hand with the Bluetooth function \u25cf With good quality the voice performance perfectly. \u25cf Use noise reduction microphone, chat with others clearly by it","inLanguage":"pt-PT","isPartOf":{"@id":"https:\/\/www.rucashk.com\/pt\/#website"},"breadcrumb":{"@id":"https:\/\/www.rucashk.com\/pt\/produto\/huawei-freebuds-wholesale\/#breadcrumblist"},"author":{"@id":"https:\/\/www.rucashk.com\/pt\/author\/admin\/#author"},"creator":{"@id":"https:\/\/www.rucashk.com\/pt\/author\/admin\/#author"},"image":{"@type":"ImageObject","url":"https:\/\/www.rucashk.com\/wp-content\/uploads\/2024\/01\/huawei-freebuds.jpg","@id":"https:\/\/www.rucashk.com\/pt\/produto\/huawei-freebuds-wholesale\/#mainImage","width":800,"height":800},"primaryImageOfPage":{"@id":"https:\/\/www.rucashk.com\/pt\/produto\/huawei-freebuds-wholesale\/#mainImage"},"datePublished":"2024-01-09T16:00:11+00:00","dateModified":"2024-03-11T06:32:24+00:00"},{"@type":"WebSite","@id":"https:\/\/www.rucashk.com\/pt\/#website","url":"https:\/\/www.rucashk.com\/pt\/","name":"Rucas - Wholesale and distribution worldwide","alternateName":"Rucas - One-stop AIoT Distribution Worldwide","description":"One-stop AIoT Distribution Worldwide","inLanguage":"pt-PT","publisher":{"@id":"https:\/\/www.rucashk.com\/pt\/#organization"}}]}},"aioseo_meta_data":{"post_id":"24036","title":null,"description":null,"keywords":null,"keyphrases":null,"primary_term":null,"canonical_url":null,"og_title":null,"og_description":null,"og_object_type":"default","og_image_type":"default","og_image_url":null,"og_image_width":null,"og_image_height":null,"og_image_custom_url":null,"og_image_custom_fields":null,"og_video":null,"og_custom_url":null,"og_article_section":null,"og_article_tags":null,"twitter_use_og":false,"twitter_card":"default","twitter_image_type":"default","twitter_image_url":null,"twitter_image_custom_url":null,"twitter_image_custom_fields":null,"twitter_title":null,"twitter_description":null,"schema":{"blockGraphs":[],"customGraphs":[],"default":{"data":{"Article":[],"Course":[],"Dataset":[],"FAQPage":[],"Movie":[],"Person":[],"Product":[],"Recipe":[],"Service":[],"SoftwareApplication":[],"WebPage":[]},"graphName":"","isEnabled":true},"graphs":[]},"schema_type":"default","schema_type_options":null,"pillar_content":false,"robots_default":true,"robots_noindex":false,"robots_noarchive":false,"robots_nosnippet":false,"robots_nofollow":false,"robots_noimageindex":false,"robots_noodp":false,"robots_notranslate":false,"robots_max_snippet":null,"robots_max_videopreview":null,"robots_max_imagepreview":"large","priority":null,"frequency":null,"local_seo":null,"breadcrumb_settings":null,"limit_modified_date":false,"created":"2024-04-11 01:57:08","updated":"2025-06-22 17:21:02"},"aioseo_breadcrumb":"<div class=\"aioseo-breadcrumbs\"><span class=\"aioseo-breadcrumb\">\n\t<a href=\"https:\/\/www.rucashk.com\/pt\" title=\"Home\">Home<\/a>\n<\/span><span class=\"aioseo-breadcrumb-separator\">&raquo;<\/span><span class=\"aioseo-breadcrumb\">\n\t<a href=\"https:\/\/www.rucashk.com\/pt\/products\/\" title=\"Produtos\">Produtos<\/a>\n<\/span><span class=\"aioseo-breadcrumb-separator\">&raquo;<\/span><span class=\"aioseo-breadcrumb\">\n\t<a href=\"https:\/\/www.rucashk.com\/pt\/categoria-produto\/other-a-brands\/\" title=\"Other A-Brands\">Other A-Brands<\/a>\n<\/span><span class=\"aioseo-breadcrumb-separator\">&raquo;<\/span><span class=\"aioseo-breadcrumb\">\n\t<a href=\"https:\/\/www.rucashk.com\/pt\/categoria-produto\/other-a-brands\/huawei-other-a-brands\/\" title=\"Huawei\">Huawei<\/a>\n<\/span><span class=\"aioseo-breadcrumb-separator\">&raquo;<\/span><span class=\"aioseo-breadcrumb\">\n\tHuawei Freebuds Wholesale\n<\/span><\/div>","aioseo_breadcrumb_json":[{"label":"Home","link":"https:\/\/www.rucashk.com\/pt"},{"label":"Produtos","link":"https:\/\/www.rucashk.com\/pt\/products\/"},{"label":"Other A-Brands","link":"https:\/\/www.rucashk.com\/pt\/categoria-produto\/other-a-brands\/"},{"label":"Huawei","link":"https:\/\/www.rucashk.com\/pt\/categoria-produto\/other-a-brands\/huawei-other-a-brands\/"},{"label":"Huawei Freebuds Wholesale","link":"https:\/\/www.rucashk.com\/pt\/produto\/huawei-freebuds-wholesale\/"}],"_links":{"self":[{"href":"https:\/\/www.rucashk.com\/pt\/wp-json\/wp\/v2\/product\/24036","targetHints":{"allow":["GET"]}}],"collection":[{"href":"https:\/\/www.rucashk.com\/pt\/wp-json\/wp\/v2\/product"}],"about":[{"href":"https:\/\/www.rucashk.com\/pt\/wp-json\/wp\/v2\/types\/product"}],"wp:featuredmedia":[{"embeddable":true,"href":"https:\/\/www.rucashk.com\/pt\/wp-json\/wp\/v2\/media\/24128"}],"wp:attachment":[{"href":"https:\/\/www.rucashk.com\/pt\/wp-json\/wp\/v2\/media?parent=24036"}],"wp:term":[{"taxonomy":"product_brand","embeddable":true,"href":"https:\/\/www.rucashk.com\/pt\/wp-json\/wp\/v2\/product_brand?post=24036"},{"taxonomy":"product_cat","embeddable":true,"href":"https:\/\/www.rucashk.com\/pt\/wp-json\/wp\/v2\/product_cat?post=24036"},{"taxonomy":"product_tag","embeddable":true,"href":"https:\/\/www.rucashk.com\/pt\/wp-json\/wp\/v2\/product_tag?post=24036"}],"curies":[{"name":"wp","href":"https:\/\/api.w.org\/{rel}","templated":true}]}}